{"id":100370,"date":"2018-06-29T16:21:22","date_gmt":"2018-06-29T14:21:22","guid":{"rendered":"https:\/\/iconproducts.com\/?page_id=100370"},"modified":"2023-10-10T13:32:41","modified_gmt":"2023-10-10T11:32:41","slug":"cream","status":"publish","type":"page","link":"https:\/\/iconproducts.com\/de\/styling\/cream\/","title":{"rendered":"Cream"},"content":{"rendered":"<p>[vc_row][vc_column]<div class=\"dfd-spacer-module\"  data-units=\"px\" data-wide_resolution=\"1280\" data-wide_size=\"100\" data-normal_resolution=\"1024\" data-normal_size=\"100\" data-tablet_resolution=\"800\" data-tablet_size=\"50\" data-mobile_resolution=\"480\" data-mobile_size=\"50\" style=\"height: 100px;\"><\/div>[\/vc_column][\/vc_row][vc_row][vc_column width=&#8220;1\/2&#8243;]<div id=\"dfd-single-image-module69dec5b907393-9250\" class=\"dfd-single-image-module  image-center \" ><img fetchpriority=\"high\" decoding=\"async\" src=\"https:\/\/iconproducts.com\/wp-content\/uploads\/2019\/05\/cream-big.jpg\" width=\"1000\" height=\"1000\"  alt=\"Mr. A Cream | Mr. A | I.C.O.N. Products | Crema hidratante para el cabello\" \/><\/div><div class=\"dfd-spacer-module\"  data-units=\"px\" data-wide_resolution=\"1280\" data-wide_size=\"50\" data-normal_resolution=\"1024\" data-normal_size=\"50\" data-tablet_resolution=\"800\" data-tablet_size=\"50\" data-mobile_resolution=\"480\" data-mobile_size=\"50\" style=\"height: 50px;\"><\/div>[\/vc_column][vc_column width=&#8220;1\/2&#8243;]<div class=\"dfd-heading-shortcode\"><div class=\"dfd-heading-module-wrap  text-left style_01 dfd-heading-69dec5b907430 dfd-disable-resposive-headings\" id=\"dfd-heading-69dec5b907430\" ><div class=\"inline-block\"><div class=\"dfd-heading-module\"><h1 class=\"widget-title dfd-title \" style=\"\">Cream<\/h1><h1 class=\"widget-sub-title dfd-sub-title \" style=\"\">Creme-Pomade<\/h1><div class=\"dfd-heading-delimiter\"><\/div><\/div><\/div><\/div><script type=\"text\/javascript\">\n\t\t\t\t\t\t\t\t\t(function($) {\n\t\t\t\t\t\t\t\t\t\t$(\"head\").append(\"<style>.dfd-heading-69dec5b907430.dfd-heading-module-wrap .dfd-heading-module .dfd-heading-delimiter {border-bottom-style:solid;border-bottom-width:1px;width:100px;border-bottom-color:#dddddd;}.dfd-heading-69dec5b907430.dfd-heading-module-wrap .dfd-heading-module .dfd-heading-delimiter {margin-top:10px;margin-bottom:10px;}<\/style>\");\n\t\t\t\t\t\t\t\t\t})(jQuery);\n\t\t\t\t\t\t\t\t<\/script><\/div>[vc_column_text]<strong>Beschreibung:<\/strong><\/p>\n<p>Mittelstarke Pomade.<\/p>\n<p><strong>Geeignet f\u00fcr:<\/strong><\/p>\n<p>Ideal, um Ihr Haar mit beweglichem Halt zu stylen.<\/p>\n<p><strong>Wirkung:<\/strong><\/p>\n<p>Bleibt geschmeidig mit einem trockenen Finish.<\/p>\n<p><strong>Anwendung:<\/strong><\/p>\n<p>In das feuchte oder trockene Haar einarbeiten f\u00fcr mittleren, beweglichen Halt.[\/vc_column_text]<div class=\"dfd-spacer-module\"  data-units=\"px\" data-wide_resolution=\"1280\" data-wide_size=\"20\" data-normal_resolution=\"1024\" data-normal_size=\"20\" data-tablet_resolution=\"800\" data-tablet_size=\"20\" data-mobile_resolution=\"480\" data-mobile_size=\"20\" style=\"height: 20px;\"><\/div><div class=\"dfd-delimier-main-wrapper \" ><div id=\"dfd-delimiter-69dec5b907599-5065\"  class=\"dfd-delimier-wrapper dfd-delimiter-with-line \"  style='text-align:left; ' ><span><span class=\"line\" style=\"border-bottom-width:1px; border-bottom-style:dotted; \"><\/span><\/span><\/div><\/div><div class=\"dfd-spacer-module\"  data-units=\"px\" data-wide_resolution=\"1280\" data-wide_size=\"20\" data-normal_resolution=\"1024\" data-normal_size=\"20\" data-tablet_resolution=\"800\" data-tablet_size=\"20\" data-mobile_resolution=\"480\" data-mobile_size=\"20\" style=\"height: 20px;\"><\/div>[vc_row_inner el_class=&#8220;bloque-tamanos&#8220;][vc_column_inner][vc_column_text]<\/p>\n<div class=\"vc-row-wrapper vc_inner vc_row-fluid dfd-inner-row-6448d2c6689a9\">\n<div class=\"row wpb_row\">\n<div class=\"vc-column-hover-6448d2c668c9b columns twelve\">\n<div class=\"wpb_wrapper\">\n<div class=\"wpb_text_column wpb_content_element \">\n<div class=\"wpb_wrapper\">\n<p><strong>Verf\u00fcgbare Gr\u00f6\u00dfen<\/strong>:<\/p>\n<\/div>\n<\/div>\n<\/div>\n<\/div>\n<\/div>\n<\/div>\n<p>[\/vc_column_text]<div class=\"dfd-info-banner style-01  text-center\" ><div class=\"image-cover \"><img decoding=\"async\" src=\"https:\/\/iconproducts.com\/wp-content\/uploads\/2023\/09\/styling-tarrito-60x80.jpg\" alt=\"Bild\"  width=\"60\" height=\"80\" class=\"info-banner-image \" \/><\/div><div class=\"info-box-title feature-title\" style=\"\">60 gr.<\/div><div class=\"wrap-delimiter\"><div class=\"delimiter\" ><\/div><\/div><\/div><div class=\"dfd-delimier-main-wrapper \" ><div id=\"dfd-delimiter-69dec5b90795d-3420\"  class=\"dfd-delimier-wrapper dfd-delimiter-with-line \"  style='text-align:left; ' ><span><span class=\"line\" style=\"border-bottom-width:1px; border-bottom-style:dotted; \"><\/span><\/span><\/div><\/div>[\/vc_column_inner][\/vc_row_inner][\/vc_column][\/vc_row][vc_section el_id=&#8220;new-ficha-product&#8220; css=&#8220;.vc_custom_1650298925720{margin-bottom: 60px !important;}&#8220;][vc_row][vc_column]<div class=\"dfd-spacer-module\"  data-units=\"px\" data-wide_resolution=\"1280\" data-wide_size=\"50\" data-normal_resolution=\"1024\" data-normal_size=\"50\" data-tablet_resolution=\"800\" data-tablet_size=\"50\" data-mobile_resolution=\"480\" data-mobile_size=\"50\" style=\"height: 50px;\"><\/div>[dfd_tta_tabs style=&#8220;empty_style&#8220; tab_title_uppercase=&#8220;uppercase&#8220; font_size=&#8220;15&#8243; icon_size=&#8220;15&#8243; active_section=&#8220;1&#8243; tab_title_font_options=&#8220;font_style_bold:1&#8243;][vc_tta_section i_position=&#8220;right&#8220; i_icon_fontawesome=&#8220;fas fa-plus&#8220; add_icon=&#8220;true&#8220; title=&#8220;Aktive Wirkstoffe&#8220; tab_id=&#8220;1648023039495-7bc2b53a-3435&#8243;]<div class=\"dfd-spacer-module\"  data-units=\"px\" data-wide_resolution=\"1280\" data-wide_size=\"10\" data-normal_resolution=\"1024\" data-normal_size=\"10\" data-tablet_resolution=\"800\" data-tablet_size=\"10\" data-mobile_resolution=\"480\" data-mobile_size=\"10\" style=\"height: 10px;\"><\/div>[vc_row_inner][vc_column_inner width=&#8220;1\/4&#8243; css=&#8220;.vc_custom_1648024148386{padding-bottom: 40px !important;}&#8220; col_inner_shadow=&#8220;box_shadow_enable:disable|shadow_horizontal:0|shadow_vertical:15|shadow_blur:50|shadow_spread:0|box_shadow_color:rgba(0%2C0%2C0%2C0.35)&#8220; col_inner_shadow_hover=&#8220;box_shadow_enable:disable|shadow_horizontal:0|shadow_vertical:15|shadow_blur:50|shadow_spread:0|box_shadow_color:rgba(0%2C0%2C0%2C0.35)&#8220;]<div id=\"idinfobox69dec5b907a4c\" class=\"dfd-info-box clearfix style-01 layout-04 box-ficha-product idinfobox69dec5b907a4c\" ><div class=\"dfd-animate-container\"><div class=\"icon-wrapper\"><div class=\"module-icon\" ><div class=\"hover-layer\" ><\/div><img decoding=\"async\" src=\"https:\/\/iconproducts.com\/wp-content\/uploads\/2020\/11\/karite.png\" alt=\"Image icon\" style=\"opacity: 1;\" \/><\/div><\/div><div class=\"content-wrap ovh\"><div class=\"info-box-title feature-title\" style=\"font-size: 18px; font-weight:bold; \">Sheabutter<\/div><div class=\"wrap-delimiter\"><div class=\"delimiter\" ><\/div><\/div><div class=\"description\" style=\"\">Ein nat\u00fcrlicher Extrakt, der mit anderen Bestandteilen<br \/>\nzusammenwirkt, um die innere Haarstruktur zu verbessern.<\/div><\/div><\/div><\/div>[\/vc_column_inner][vc_column_inner width=&#8220;1\/4&#8243; css=&#8220;.vc_custom_1648024152883{padding-bottom: 40px !important;}&#8220; col_inner_shadow=&#8220;box_shadow_enable:disable|shadow_horizontal:0|shadow_vertical:15|shadow_blur:50|shadow_spread:0|box_shadow_color:rgba(0%2C0%2C0%2C0.35)&#8220; col_inner_shadow_hover=&#8220;box_shadow_enable:disable|shadow_horizontal:0|shadow_vertical:15|shadow_blur:50|shadow_spread:0|box_shadow_color:rgba(0%2C0%2C0%2C0.35)&#8220;]<div id=\"idinfobox69dec5b907c3a\" class=\"dfd-info-box clearfix style-01 layout-04 box-ficha-product idinfobox69dec5b907c3a\" ><div class=\"dfd-animate-container\"><div class=\"icon-wrapper\"><div class=\"module-icon\" ><div class=\"hover-layer\" ><\/div><img decoding=\"async\" src=\"https:\/\/iconproducts.com\/wp-content\/uploads\/2020\/10\/cactus.jpg\" alt=\"Image icon\" style=\"opacity: 1;\" \/><\/div><\/div><div class=\"content-wrap ovh\"><div class=\"info-box-title feature-title\" style=\"font-size: 18px; font-weight:bold; \">KAKTUSFEIGENKERNE<\/div><div class=\"wrap-delimiter\"><div class=\"delimiter\" ><\/div><\/div><div class=\"description\" style=\"\">Es ist bekannt f\u00fcr seine n\u00e4hrenden Extrakte. Belebt sonnengesch\u00e4digtes Haar<\/div><\/div><\/div><\/div>[\/vc_column_inner][vc_column_inner width=&#8220;1\/4&#8243;]<div id=\"idinfobox69dec5b907df0\" class=\"dfd-info-box clearfix style-01 layout-04 box-ficha-product idinfobox69dec5b907df0\" ><div class=\"dfd-animate-container\"><div class=\"icon-wrapper\"><div class=\"module-icon\" ><div class=\"hover-layer\" ><\/div><img decoding=\"async\" src=\"https:\/\/iconproducts.com\/wp-content\/uploads\/2020\/10\/yuca.jpg\" alt=\"Image icon\" style=\"opacity: 1;\" \/><\/div><\/div><div class=\"content-wrap ovh\"><div class=\"info-box-title feature-title\" style=\"font-size: 18px; font-weight:bold; \">YUCCA<\/div><div class=\"wrap-delimiter\"><div class=\"delimiter\" ><\/div><\/div><div class=\"description\" style=\"\">Diese Pflanze wird seit langem in der Haarregeneration und als fantastischer Hautschutz verwendet<\/div><\/div><\/div><\/div>[\/vc_column_inner][vc_column_inner width=&#8220;1\/4&#8243;]<div id=\"idinfobox69dec5b907fc2\" class=\"dfd-info-box clearfix style-01 layout-04 box-ficha-product idinfobox69dec5b907fc2\" ><div class=\"dfd-animate-container\"><div class=\"icon-wrapper\"><div class=\"module-icon\" ><div class=\"hover-layer\" ><\/div><img decoding=\"async\" src=\"https:\/\/iconproducts.com\/wp-content\/uploads\/2020\/11\/cartamo1.jpg\" alt=\"Image icon\" style=\"opacity: 1;\" \/><\/div><\/div><div class=\"content-wrap ovh\"><div class=\"info-box-title feature-title\" style=\"font-size: 18px; font-weight:bold; \">F\u00c4RBERDISTEL<\/div><div class=\"wrap-delimiter\"><div class=\"delimiter\" ><\/div><\/div><div class=\"description\" style=\"\">Ein Weichmacher, der anderen Inhaltsstoffen hilft, in das Haar einzudringen und die K\u00e4mmbarkeit zu verbessern.<\/div><\/div><\/div><\/div>[\/vc_column_inner][\/vc_row_inner][\/vc_tta_section][vc_tta_section i_position=&#8220;right&#8220; i_icon_fontawesome=&#8220;fas fa-plus&#8220; add_icon=&#8220;true&#8220; title=&#8220;Wirkstoffe&#8220; tab_id=&#8220;1647965598517-cf28458a-0f46&#8243;][vc_column_text]<i>Aqua (Water\/Eau), Bis-Diglyceryl Polyacyladipate-2, VP\/VA Copolymer, Euphorbia Cerifera (Candelilla) Wax, Caprylic\/Capric Triglyceride, Cetearyl Alcohol, Ceteareth-20, Glyceryl Stearate, PEG-100 Stearate, Paraffin, Propylene Glycol Dibenzoate, Butylene Glycol, Glycerin, Larrea Divaricata (Chaparral) Extract, Cereus Grandiflorus (Cactus) Flower Extract, Yucca Schidigera Root Extract, Salvia Officinalis (Sage) Leaf Extract, Butyrospermum Parkii (Shea Butter), Carthamus Tinctorius (Safflower) Seed Oil, Isopropyl Palmitate, Carbomer, PEG-7 Glyceryl Cocoate, PEG-40 Castor Oil, Phenoxyethanol, Capryl Glycol, Ethylhexylglycerin, Hexylene Glycol, Sodium Hydroxide, PARFUM (Fragrance)<\/i><\/p>\n<p>Wir sind bestrebt, qualitativ hochwertige, nat\u00fcrliche und umweltbewusste Produkte anzubieten, die leistungsstark und innovativ sind. Die Liste unserer Inhaltsstoffe kann von Zeit zu Zeit variieren, da wir uns \u00fcber die Einhaltung aller Vorschriften hinaus engagieren. Bitte beachten. Die genaue Liste der Inhaltsstoffe finden Sie auf der gedruckten Verpackung..[\/vc_column_text][\/vc_tta_section][vc_tta_section i_position=&#8220;right&#8220; i_icon_fontawesome=&#8220;fas fa-plus&#8220; add_icon=&#8220;true&#8220; title=&#8220;SIE K\u00d6NNEN AUCH M\u00d6GEN&#8220; tab_id=&#8220;1647966124315-b6c96e74-d954&#8243;][vc_row_inner][vc_column_inner]<div id=\"idinfobox69dec5b908193\" class=\"dfd-info-box clearfix style-01 layout-01 icono-img idinfobox69dec5b908193 text-center\" ><div class=\"dfd-animate-container\"><div class=\"icon-wrapper\"><div class=\"module-icon\" ><div class=\"hover-layer\" ><\/div><img decoding=\"async\" src=\"https:\/\/iconproducts.com\/wp-content\/uploads\/2021\/02\/WHIP-2021-1.jpg\" alt=\"Image icon\" style=\"opacity: 1;\" \/><\/div><\/div><h6 class=\"info-box-title \" style=\"\">Whip<\/h6><div class=\"info-box-subtitle subtitle\" style=\"\">Creme-Pomade<\/div><div class=\"wrap-delimiter\"><div class=\"delimiter\" style=\"border-color:#ffffff;\"><\/div><\/div><div class=\"description\" style=\"\"><\/div><a href=\"https:\/\/iconproducts.com\/de\/styling\/whip\/\" title=\"Whip\"  class=\"full-box-link\"><\/a><\/div><\/div>[\/vc_column_inner][\/vc_row_inner][\/vc_tta_section][\/dfd_tta_tabs]<div class=\"dfd-spacer-module\"  data-units=\"px\" data-wide_resolution=\"1280\" data-wide_size=\"50\" data-normal_resolution=\"1024\" data-normal_size=\"50\" data-tablet_resolution=\"800\" data-tablet_size=\"50\" data-mobile_resolution=\"480\" data-mobile_size=\"50\" style=\"height: 50px;\"><\/div>[\/vc_column][\/vc_row][\/vc_section]<\/p>\n","protected":false},"excerpt":{"rendered":"<p>[vc_row][vc_column][\/vc_column][\/vc_row][vc_row][vc_column width=&#8220;1\/2&#8243;][\/vc_column][vc_column width=&#8220;1\/2&#8243;][vc_column_text]Beschreibung: Mittelstarke Pomade. Geeignet f\u00fcr: Ideal, um Ihr Haar mit beweglichem Halt zu stylen. Wirkung: Bleibt geschmeidig mit einem trockenen Finish. Anwendung: In das feuchte oder trockene Haar<\/p>\n","protected":false},"author":1,"featured_media":94235,"parent":100296,"menu_order":0,"comment_status":"closed","ping_status":"closed","template":"page-custom-with-header.php","meta":{"_acf_changed":false,"footnotes":""},"tags":[],"wf_page_folders":[370],"class_list":["post-100370","page","type-page","status-publish","has-post-thumbnail","hentry"],"acf":[],"yoast_head":"<!-- This site is optimized with the Yoast SEO plugin v27.0 - https:\/\/yoast.com\/product\/yoast-seo-wordpress\/ -->\n<title>Cream | I.C.O.N. Products<\/title>\n<meta name=\"robots\" content=\"index, follow, max-snippet:-1, max-image-preview:large, max-video-preview:-1\" \/>\n<link rel=\"canonical\" href=\"https:\/\/iconproducts.com\/de\/styling\/cream\/\" \/>\n<meta property=\"og:locale\" content=\"de_DE\" \/>\n<meta property=\"og:type\" content=\"article\" \/>\n<meta property=\"og:title\" content=\"Cream | I.C.O.N. Products\" \/>\n<meta property=\"og:description\" content=\"[vc_row][vc_column][\/vc_column][\/vc_row][vc_row][vc_column width=&#8220;1\/2&#8243;][\/vc_column][vc_column width=&#8220;1\/2&#8243;][vc_column_text]Beschreibung: Mittelstarke Pomade. Geeignet f\u00fcr: Ideal, um Ihr Haar mit beweglichem Halt zu stylen. Wirkung: Bleibt geschmeidig mit einem trockenen Finish. Anwendung: In das feuchte oder trockene Haar\" \/>\n<meta property=\"og:url\" content=\"https:\/\/iconproducts.com\/de\/styling\/cream\/\" \/>\n<meta property=\"og:site_name\" content=\"I.C.O.N. Products\" \/>\n<meta property=\"article:publisher\" content=\"https:\/\/www.facebook.com\/iconproducts.spain\" \/>\n<meta property=\"article:modified_time\" content=\"2023-10-10T11:32:41+00:00\" \/>\n<meta property=\"og:image\" content=\"https:\/\/iconproducts.com\/wp-content\/uploads\/2022\/12\/cream-big.jpg\" \/>\n\t<meta property=\"og:image:width\" content=\"1000\" \/>\n\t<meta property=\"og:image:height\" content=\"1000\" \/>\n\t<meta property=\"og:image:type\" content=\"image\/jpeg\" \/>\n<meta name=\"twitter:card\" content=\"summary_large_image\" \/>\n<script type=\"application\/ld+json\" class=\"yoast-schema-graph\">{\"@context\":\"https:\/\/schema.org\",\"@graph\":[{\"@type\":\"WebPage\",\"@id\":\"https:\/\/iconproducts.com\/de\/styling\/cream\/\",\"url\":\"https:\/\/iconproducts.com\/de\/styling\/cream\/\",\"name\":\"Cream | I.C.O.N. Products\",\"isPartOf\":{\"@id\":\"https:\/\/iconproducts.com\/es\/#website\"},\"primaryImageOfPage\":{\"@id\":\"https:\/\/iconproducts.com\/de\/styling\/cream\/#primaryimage\"},\"image\":{\"@id\":\"https:\/\/iconproducts.com\/de\/styling\/cream\/#primaryimage\"},\"thumbnailUrl\":\"https:\/\/iconproducts.com\/wp-content\/uploads\/2022\/12\/cream-big.jpg\",\"datePublished\":\"2018-06-29T14:21:22+00:00\",\"dateModified\":\"2023-10-10T11:32:41+00:00\",\"breadcrumb\":{\"@id\":\"https:\/\/iconproducts.com\/de\/styling\/cream\/#breadcrumb\"},\"inLanguage\":\"de\",\"potentialAction\":[{\"@type\":\"ReadAction\",\"target\":[\"https:\/\/iconproducts.com\/de\/styling\/cream\/\"]}]},{\"@type\":\"ImageObject\",\"inLanguage\":\"de\",\"@id\":\"https:\/\/iconproducts.com\/de\/styling\/cream\/#primaryimage\",\"url\":\"https:\/\/iconproducts.com\/wp-content\/uploads\/2022\/12\/cream-big.jpg\",\"contentUrl\":\"https:\/\/iconproducts.com\/wp-content\/uploads\/2022\/12\/cream-big.jpg\",\"width\":1000,\"height\":1000},{\"@type\":\"BreadcrumbList\",\"@id\":\"https:\/\/iconproducts.com\/de\/styling\/cream\/#breadcrumb\",\"itemListElement\":[{\"@type\":\"ListItem\",\"position\":1,\"name\":\"I.C.O.N. Products\",\"item\":\"https:\/\/iconproducts.com\/de\/\"},{\"@type\":\"ListItem\",\"position\":2,\"name\":\"Styling\",\"item\":\"https:\/\/iconproducts.com\/de\/styling\/\"},{\"@type\":\"ListItem\",\"position\":3,\"name\":\"Cream\"}]},{\"@type\":\"WebSite\",\"@id\":\"https:\/\/iconproducts.com\/es\/#website\",\"url\":\"https:\/\/iconproducts.com\/es\/\",\"name\":\"I.C.O.N. Products\",\"description\":\"Productos de peluquer\u00eda\",\"publisher\":{\"@id\":\"https:\/\/iconproducts.com\/es\/#organization\"},\"potentialAction\":[{\"@type\":\"SearchAction\",\"target\":{\"@type\":\"EntryPoint\",\"urlTemplate\":\"https:\/\/iconproducts.com\/es\/?s={search_term_string}\"},\"query-input\":{\"@type\":\"PropertyValueSpecification\",\"valueRequired\":true,\"valueName\":\"search_term_string\"}}],\"inLanguage\":\"de\"},{\"@type\":\"Organization\",\"@id\":\"https:\/\/iconproducts.com\/es\/#organization\",\"name\":\"I.C.O.N. Products\",\"url\":\"https:\/\/iconproducts.com\/es\/\",\"logo\":{\"@type\":\"ImageObject\",\"inLanguage\":\"de\",\"@id\":\"https:\/\/iconproducts.com\/es\/#\/schema\/logo\/image\/\",\"url\":\"https:\/\/iconproducts.com\/wp-content\/uploads\/2018\/08\/logo-icon-1.jpg\",\"contentUrl\":\"https:\/\/iconproducts.com\/wp-content\/uploads\/2018\/08\/logo-icon-1.jpg\",\"width\":1000,\"height\":1000,\"caption\":\"I.C.O.N. Products\"},\"image\":{\"@id\":\"https:\/\/iconproducts.com\/es\/#\/schema\/logo\/image\/\"},\"sameAs\":[\"https:\/\/www.facebook.com\/iconproducts.spain\",\"https:\/\/www.instagram.com\/iconspain\/\",\"https:\/\/www.youtube.com\/channel\/UCw0myea3fiZRsj72sNBnMqQ\"]}]}<\/script>\n<!-- \/ Yoast SEO plugin. -->","yoast_head_json":{"title":"Cream | I.C.O.N. Products","robots":{"index":"index","follow":"follow","max-snippet":"max-snippet:-1","max-image-preview":"max-image-preview:large","max-video-preview":"max-video-preview:-1"},"canonical":"https:\/\/iconproducts.com\/de\/styling\/cream\/","og_locale":"de_DE","og_type":"article","og_title":"Cream | I.C.O.N. Products","og_description":"[vc_row][vc_column][\/vc_column][\/vc_row][vc_row][vc_column width=&#8220;1\/2&#8243;][\/vc_column][vc_column width=&#8220;1\/2&#8243;][vc_column_text]Beschreibung: Mittelstarke Pomade. Geeignet f\u00fcr: Ideal, um Ihr Haar mit beweglichem Halt zu stylen. Wirkung: Bleibt geschmeidig mit einem trockenen Finish. Anwendung: In das feuchte oder trockene Haar","og_url":"https:\/\/iconproducts.com\/de\/styling\/cream\/","og_site_name":"I.C.O.N. Products","article_publisher":"https:\/\/www.facebook.com\/iconproducts.spain","article_modified_time":"2023-10-10T11:32:41+00:00","og_image":[{"width":1000,"height":1000,"url":"https:\/\/iconproducts.com\/wp-content\/uploads\/2022\/12\/cream-big.jpg","type":"image\/jpeg"}],"twitter_card":"summary_large_image","schema":{"@context":"https:\/\/schema.org","@graph":[{"@type":"WebPage","@id":"https:\/\/iconproducts.com\/de\/styling\/cream\/","url":"https:\/\/iconproducts.com\/de\/styling\/cream\/","name":"Cream | I.C.O.N. Products","isPartOf":{"@id":"https:\/\/iconproducts.com\/es\/#website"},"primaryImageOfPage":{"@id":"https:\/\/iconproducts.com\/de\/styling\/cream\/#primaryimage"},"image":{"@id":"https:\/\/iconproducts.com\/de\/styling\/cream\/#primaryimage"},"thumbnailUrl":"https:\/\/iconproducts.com\/wp-content\/uploads\/2022\/12\/cream-big.jpg","datePublished":"2018-06-29T14:21:22+00:00","dateModified":"2023-10-10T11:32:41+00:00","breadcrumb":{"@id":"https:\/\/iconproducts.com\/de\/styling\/cream\/#breadcrumb"},"inLanguage":"de","potentialAction":[{"@type":"ReadAction","target":["https:\/\/iconproducts.com\/de\/styling\/cream\/"]}]},{"@type":"ImageObject","inLanguage":"de","@id":"https:\/\/iconproducts.com\/de\/styling\/cream\/#primaryimage","url":"https:\/\/iconproducts.com\/wp-content\/uploads\/2022\/12\/cream-big.jpg","contentUrl":"https:\/\/iconproducts.com\/wp-content\/uploads\/2022\/12\/cream-big.jpg","width":1000,"height":1000},{"@type":"BreadcrumbList","@id":"https:\/\/iconproducts.com\/de\/styling\/cream\/#breadcrumb","itemListElement":[{"@type":"ListItem","position":1,"name":"I.C.O.N. Products","item":"https:\/\/iconproducts.com\/de\/"},{"@type":"ListItem","position":2,"name":"Styling","item":"https:\/\/iconproducts.com\/de\/styling\/"},{"@type":"ListItem","position":3,"name":"Cream"}]},{"@type":"WebSite","@id":"https:\/\/iconproducts.com\/es\/#website","url":"https:\/\/iconproducts.com\/es\/","name":"I.C.O.N. Products","description":"Productos de peluquer\u00eda","publisher":{"@id":"https:\/\/iconproducts.com\/es\/#organization"},"potentialAction":[{"@type":"SearchAction","target":{"@type":"EntryPoint","urlTemplate":"https:\/\/iconproducts.com\/es\/?s={search_term_string}"},"query-input":{"@type":"PropertyValueSpecification","valueRequired":true,"valueName":"search_term_string"}}],"inLanguage":"de"},{"@type":"Organization","@id":"https:\/\/iconproducts.com\/es\/#organization","name":"I.C.O.N. Products","url":"https:\/\/iconproducts.com\/es\/","logo":{"@type":"ImageObject","inLanguage":"de","@id":"https:\/\/iconproducts.com\/es\/#\/schema\/logo\/image\/","url":"https:\/\/iconproducts.com\/wp-content\/uploads\/2018\/08\/logo-icon-1.jpg","contentUrl":"https:\/\/iconproducts.com\/wp-content\/uploads\/2018\/08\/logo-icon-1.jpg","width":1000,"height":1000,"caption":"I.C.O.N. Products"},"image":{"@id":"https:\/\/iconproducts.com\/es\/#\/schema\/logo\/image\/"},"sameAs":["https:\/\/www.facebook.com\/iconproducts.spain","https:\/\/www.instagram.com\/iconspain\/","https:\/\/www.youtube.com\/channel\/UCw0myea3fiZRsj72sNBnMqQ"]}]}},"_links":{"self":[{"href":"https:\/\/iconproducts.com\/de\/wp-json\/wp\/v2\/pages\/100370","targetHints":{"allow":["GET"]}}],"collection":[{"href":"https:\/\/iconproducts.com\/de\/wp-json\/wp\/v2\/pages"}],"about":[{"href":"https:\/\/iconproducts.com\/de\/wp-json\/wp\/v2\/types\/page"}],"author":[{"embeddable":true,"href":"https:\/\/iconproducts.com\/de\/wp-json\/wp\/v2\/users\/1"}],"replies":[{"embeddable":true,"href":"https:\/\/iconproducts.com\/de\/wp-json\/wp\/v2\/comments?post=100370"}],"version-history":[{"count":6,"href":"https:\/\/iconproducts.com\/de\/wp-json\/wp\/v2\/pages\/100370\/revisions"}],"predecessor-version":[{"id":112474,"href":"https:\/\/iconproducts.com\/de\/wp-json\/wp\/v2\/pages\/100370\/revisions\/112474"}],"up":[{"embeddable":true,"href":"https:\/\/iconproducts.com\/de\/wp-json\/wp\/v2\/pages\/100296"}],"wp:featuredmedia":[{"embeddable":true,"href":"https:\/\/iconproducts.com\/de\/wp-json\/wp\/v2\/media\/94235"}],"wp:attachment":[{"href":"https:\/\/iconproducts.com\/de\/wp-json\/wp\/v2\/media?parent=100370"}],"wp:term":[{"taxonomy":"post_tag","embeddable":true,"href":"https:\/\/iconproducts.com\/de\/wp-json\/wp\/v2\/tags?post=100370"},{"taxonomy":"wf_page_folders","embeddable":true,"href":"https:\/\/iconproducts.com\/de\/wp-json\/wp\/v2\/wf_page_folders?post=100370"}],"curies":[{"name":"wp","href":"https:\/\/api.w.org\/{rel}","templated":true}]}}