{"id":57149,"date":"2018-06-26T16:58:02","date_gmt":"2018-06-26T14:58:02","guid":{"rendered":"https:\/\/iconproducts.com\/?page_id=57149"},"modified":"2022-04-20T10:18:51","modified_gmt":"2022-04-20T08:18:51","slug":"anti-frizz-regimedy","status":"publish","type":"page","link":"https:\/\/iconproducts.com\/de\/regimedies\/anti-frizz-regimedy\/","title":{"rendered":"Anti-Frizz Regimedy"},"content":{"rendered":"<p>[vc_row][vc_column]<div class=\"dfd-heading-shortcode\"><div class=\"dfd-heading-module-wrap  text-center style_01 dfd-heading-69e1639ec346e dfd-disable-resposive-headings\" id=\"dfd-heading-69e1639ec346e\" ><div class=\"inline-block\"><div class=\"dfd-heading-module\"><h1 class=\"widget-title dfd-title \" style=\"\">Anti-Frizz Regimedy<\/h1><\/div><\/div><\/div><script type=\"text\/javascript\">\n\t\t\t\t\t\t\t\t\t(function($) {\n\t\t\t\t\t\t\t\t\t\t$(\"head\").append(\"<style>.dfd-heading-69e1639ec346e.dfd-heading-module-wrap .dfd-heading-module .dfd-heading-delimiter {margin-top:10px;margin-bottom:10px;}<\/style>\");\n\t\t\t\t\t\t\t\t\t})(jQuery);\n\t\t\t\t\t\t\t\t<\/script><\/div><div class=\"dfd-delimier-main-wrapper \" ><div id=\"dfd-delimiter-69e1639ec35a7-2503\"  class=\"dfd-delimier-wrapper dfd-delimiter-with-text \"  style='text-align:left; ' ><span class=\"delim-center\">\n\t\t\t\t<span class=\"text dfd-content-title-small\" style=\"letter-spacing: 2px;  color: #000000;\">setzt krausem haar ein ende<\/span>\n\t\t\t<\/span><script type=\"text\/javascript\">(function($) {$(\"head\").append(\"<style>#dfd-delimiter-69e1639ec35a7-2503 .delim-center span:before, #dfd-delimiter-69e1639ec35a7-2503 .delim-center span:after { border-bottom-color:#000000; border-bottom-style:dotted; height:1px; border-bottom-width:1px; margin-top: -0.5px; ; } <\/style>\");})(jQuery);<\/script><\/div><\/div><div class=\"dfd-spacer-module\"  data-units=\"px\" data-wide_resolution=\"1280\" data-wide_size=\"51\" data-normal_resolution=\"1024\" data-normal_size=\"51\" data-tablet_resolution=\"800\" data-tablet_size=\"51\" data-mobile_resolution=\"480\" data-mobile_size=\"51\" style=\"height: 51px;\"><\/div>[vc_row_inner][vc_column_inner width=&#8220;1\/12&#8243;][\/vc_column_inner][vc_column_inner width=&#8220;10\/12&#8243;][vc_column_text css_animation=&#8220;none&#8220;]<\/p>\n<p style=\"text-align: center;\">Unsere <strong>ANTI-FRIZZ REGIMEDY<\/strong> bek\u00e4mpft FRIZZ mit Biotin, einem wasserl\u00f6slichen Vitamin, welches dabei hilft, Aminos\u00e4uren und Proteine einzuschlie\u00dfen. Biotin ist als B-Vitamin f\u00fcr Haare bekannt und verleiht jedem einzelnem Haar Kraft und verbessert die Haarstruktur. Keraveg 18, eine Mischung aus verschiedenen Inhaltstoffen auf pflanzlicher Basis, die die K\u00e4mmbarkeit verbessert, Sch\u00e4den reduziert, FRIZZ eliminiert und gleichzeitig die Kutikula gl\u00e4ttet.<\/p>\n<p>[\/vc_column_text]<div class=\"dfd-spacer-module\"  data-units=\"px\" data-wide_resolution=\"1280\" data-wide_size=\"51\" data-normal_resolution=\"1024\" data-normal_size=\"51\" data-tablet_resolution=\"800\" data-tablet_size=\"51\" data-mobile_resolution=\"480\" data-mobile_size=\"51\" style=\"height: 51px;\"><\/div>[\/vc_column_inner][vc_column_inner width=&#8220;1\/12&#8243;][\/vc_column_inner][\/vc_row_inner][\/vc_column][\/vc_row][vc_row][vc_column width=&#8220;1\/6&#8243;][\/vc_column][vc_column width=&#8220;2\/3&#8243;][vc_row_inner][vc_column_inner width=&#8220;1\/2&#8243;]<div id=\"idinfobox69e1639ec36da\" class=\"dfd-info-box clearfix style-01 layout-01  idinfobox69e1639ec36da text-center\" ><div class=\"dfd-animate-container\"><div class=\"icon-wrapper\"><div class=\"module-icon\" ><div class=\"hover-layer\" ><\/div><img decoding=\"async\" src=\"https:\/\/iconproducts.com\/wp-content\/uploads\/2019\/04\/vitamina-b7-200x200.jpg\" alt=\"Image icon\" style=\"width: 100px;opacity: 1;\" \/><\/div><\/div><h6 class=\"info-box-title \" style=\"\">Biotin<\/h6><div class=\"info-box-subtitle subtitle\" style=\"font-style:italic; \">Beinhaltet Fetts\u00e4uren und Proteine<\/div><div class=\"description\" style=\"\"><\/div><\/div><\/div><div class=\"dfd-spacer-module\"  data-units=\"px\" data-wide_resolution=\"1280\" data-wide_size=\"51\" data-normal_resolution=\"1024\" data-normal_size=\"51\" data-tablet_resolution=\"800\" data-tablet_size=\"51\" data-mobile_resolution=\"480\" data-mobile_size=\"51\" style=\"height: 51px;\"><\/div>[\/vc_column_inner][vc_column_inner width=&#8220;1\/2&#8243;]<div id=\"idinfobox69e1639ec3af5\" class=\"dfd-info-box clearfix style-01 layout-01  idinfobox69e1639ec3af5 text-center\" ><div class=\"dfd-animate-container\"><div class=\"icon-wrapper\"><div class=\"module-icon\" ><div class=\"hover-layer\" ><\/div><img decoding=\"async\" src=\"https:\/\/iconproducts.com\/wp-content\/uploads\/2019\/04\/keraveg-18-200x200.jpg\" alt=\"Image icon\" style=\"width: 100px;opacity: 1;\" \/><\/div><\/div><h6 class=\"info-box-title \" style=\"\">Keraveg 18<\/h6><div class=\"info-box-subtitle subtitle\" style=\"font-style:italic; \">Erh\u00f6ht die Elastizit\u00e4t und kr\u00e4ftigt das Haar<\/div><div class=\"description\" style=\"\"><\/div><\/div><\/div><div class=\"dfd-spacer-module\"  data-units=\"px\" data-wide_resolution=\"1280\" data-wide_size=\"51\" data-normal_resolution=\"1024\" data-normal_size=\"51\" data-tablet_resolution=\"800\" data-tablet_size=\"51\" data-mobile_resolution=\"480\" data-mobile_size=\"51\" style=\"height: 51px;\"><\/div>[\/vc_column_inner][\/vc_row_inner][\/vc_column][vc_column width=&#8220;1\/6&#8243;][\/vc_column][\/vc_row][vc_row][vc_column]<div class=\"dfd-spacer-module\"  data-units=\"px\" data-wide_resolution=\"1280\" data-wide_size=\"51\" data-normal_resolution=\"1024\" data-normal_size=\"51\" data-tablet_resolution=\"800\" data-tablet_size=\"51\" data-mobile_resolution=\"480\" data-mobile_size=\"51\" style=\"height: 51px;\"><\/div><div class=\"dfd-heading-shortcode\"><div class=\"dfd-heading-module-wrap  text-center style_01 dfd-heading-69e1639ec3e35 dfd-disable-resposive-headings\" id=\"dfd-heading-69e1639ec3e35\" ><div class=\"inline-block\"><div class=\"dfd-heading-module\"><h3 class=\"widget-title dfd-title \" style=\"\">PRODUKTE<\/h3><\/div><\/div><\/div><script type=\"text\/javascript\">\n\t\t\t\t\t\t\t\t\t(function($) {\n\t\t\t\t\t\t\t\t\t\t$(\"head\").append(\"<style>.dfd-heading-69e1639ec3e35.dfd-heading-module-wrap .dfd-heading-module .dfd-heading-delimiter {margin-top:10px;margin-bottom:10px;}<\/style>\");\n\t\t\t\t\t\t\t\t\t})(jQuery);\n\t\t\t\t\t\t\t\t<\/script><\/div><div class=\"dfd-delimier-main-wrapper \" ><div id=\"dfd-delimiter-69e1639ec3f43-9430\"  class=\"dfd-delimier-wrapper dfd-delimiter-with-text \"  style='text-align:left; ' ><span class=\"delim-center\">\n\t\t\t\t<span class=\"text dfd-content-title-small\" style=\"letter-spacing: 2px;  color: #000000;\">ANTI-FRIZZ REGIMEDY<\/span>\n\t\t\t<\/span><script type=\"text\/javascript\">(function($) {$(\"head\").append(\"<style>#dfd-delimiter-69e1639ec3f43-9430 .delim-center span:before, #dfd-delimiter-69e1639ec3f43-9430 .delim-center span:after { border-bottom-color:#000000; border-bottom-style:dotted; height:1px; border-bottom-width:1px; margin-top: -0.5px; ; } <\/style>\");})(jQuery);<\/script><\/div><\/div><div class=\"dfd-spacer-module\"  data-units=\"px\" data-wide_resolution=\"1280\" data-wide_size=\"51\" data-normal_resolution=\"1024\" data-normal_size=\"51\" data-tablet_resolution=\"800\" data-tablet_size=\"51\" data-mobile_resolution=\"480\" data-mobile_size=\"51\" style=\"height: 51px;\"><\/div>[\/vc_column][\/vc_row][vc_row][vc_column width=&#8220;1\/4&#8243;][\/vc_column][vc_column width=&#8220;1\/4&#8243;]<div id=\"idinfobox69e1639ec3ff7\" class=\"dfd-info-box clearfix style-01 layout-01 icono-img idinfobox69e1639ec3ff7 text-center more-hover hover-up-icon\" ><div class=\"dfd-animate-container\"><div class=\"icon-wrapper\"><div class=\"module-icon\" ><div class=\"hover-layer\" ><\/div><img decoding=\"async\" src=\"https:\/\/iconproducts.com\/wp-content\/uploads\/2020\/06\/antifrizz-shampoo.jpg\" alt=\"Image icon\" style=\"opacity: 1;\" \/><\/div><\/div><h6 class=\"info-box-title \" style=\"\">Anti-Frizz Shampoo<\/h6><div class=\"info-box-subtitle subtitle\" style=\"\">D Frizz Shampoo<\/div><div class=\"description\" style=\"\"><\/div><div><div class=\"dfd-module-readmore\"><span class=\"read-more-07\"><i class=\"dfd-added-font-icon-right-open\"><\/i><\/span><\/div><\/div><a href=\"https:\/\/iconproducts.com\/de\/regimedies\/shampoos\/antifrizz-shampoo\/\" title=\"Anti-Frizz Shampoo\"  class=\"full-box-link\"><\/a><\/div><\/div>[\/vc_column][vc_column width=&#8220;1\/4&#8243;]<div id=\"idinfobox69e1639ec425b\" class=\"dfd-info-box clearfix style-01 layout-01 icono-img idinfobox69e1639ec425b text-center more-hover hover-up-icon\" ><div class=\"dfd-animate-container\"><div class=\"icon-wrapper\"><div class=\"module-icon\" ><div class=\"hover-layer\" ><\/div><img decoding=\"async\" src=\"https:\/\/iconproducts.com\/wp-content\/uploads\/2020\/06\/antifrizz-conditioner.jpg\" alt=\"Image icon\" style=\"opacity: 1;\" \/><\/div><\/div><h6 class=\"info-box-title \" style=\"\">Anti-Frizz Conditioner<\/h6><div class=\"info-box-subtitle subtitle\" style=\"\">D Frizz Conditioner<\/div><div class=\"description\" style=\"\"><\/div><div><div class=\"dfd-module-readmore\"><span class=\"read-more-07\"><i class=\"dfd-added-font-icon-right-open\"><\/i><\/span><\/div><\/div><a href=\"https:\/\/iconproducts.com\/de\/regimedies\/conditioners\/antifrizz-conditioner\/\" title=\"Anti-Frizz Conditioner\"  class=\"full-box-link\"><\/a><\/div><\/div>[\/vc_column][vc_column width=&#8220;1\/4&#8243;][\/vc_column][\/vc_row][vc_row dfd_enable_overlay=&#8220;&#8220; one_page_title=&#8220;car-regimedies&#8220;][vc_column col_shadow=&#8220;box_shadow_enable:disable|shadow_horizontal:0|shadow_vertical:15|shadow_blur:50|shadow_spread:0|box_shadow_color:rgba(0%2C0%2C0%2C0.35)&#8220; col_shadow_hover=&#8220;box_shadow_enable:disable|shadow_horizontal:0|shadow_vertical:15|shadow_blur:50|shadow_spread:0|box_shadow_color:rgba(0%2C0%2C0%2C0.35)&#8220;]<div class=\"dfd-spacer-module\"  data-units=\"px\" data-wide_resolution=\"1280\" data-wide_size=\"20\" data-normal_resolution=\"1024\" data-normal_size=\"20\" data-tablet_resolution=\"800\" data-tablet_size=\"20\" data-mobile_resolution=\"480\" data-mobile_size=\"20\" style=\"height: 20px;\"><\/div><div class=\"dfd-spacer-module\"  data-units=\"px\" data-wide_resolution=\"1280\" data-wide_size=\"50\" data-normal_resolution=\"1024\" data-normal_size=\"50\" data-tablet_resolution=\"800\" data-tablet_size=\"50\" data-mobile_resolution=\"480\" data-mobile_size=\"50\" style=\"height: 50px;\"><\/div><div class=\"dfd-delimier-main-wrapper \" ><div id=\"dfd-delimiter-69e1639ec4524-6252\"  class=\"dfd-delimier-wrapper dfd-delimiter-with-text \"  style='text-align:left; ' ><span class=\"delim-center\">\n\t\t\t\t<span class=\"text dfd-content-title-small\" style=\"font-size: 14px; letter-spacing: 5px; font-weight:bold;  color: #000000;\">I.C.O.N. REGIMEDIES<\/span>\n\t\t\t<\/span><script type=\"text\/javascript\">(function($) {$(\"head\").append(\"<style>#dfd-delimiter-69e1639ec4524-6252 .delim-center span:before, #dfd-delimiter-69e1639ec4524-6252 .delim-center span:after { border-bottom-color:#000000; border-bottom-style:dotted; height:1px; border-bottom-width:1px; margin-top: -0.5px; ; } <\/style>\");})(jQuery);<\/script><\/div><\/div><div class=\"dfd-spacer-module\"  data-units=\"px\" data-wide_resolution=\"1280\" data-wide_size=\"20\" data-normal_resolution=\"1024\" data-normal_size=\"20\" data-tablet_resolution=\"800\" data-tablet_size=\"20\" data-mobile_resolution=\"480\" data-mobile_size=\"20\" style=\"height: 20px;\"><\/div><div id=\"dfd-carousel-69e1639ec45ea\" class=\"dfd-carousel-wrapper\"><div class=\"dfd-carousel-module-wrapper  dfd-carousel-horizontal dfd-keep-arrows dfdfillrounded dfd-arrows- dfd-arrows-enabled dfd-dots-enabled\" ><div class=\"dfd-carousel\">[vc_single_image image=&#8220;57059&#8243; add_caption=&#8220;yes&#8220; alignment=&#8220;center&#8220; onclick=&#8220;custom_link&#8220; link=&#8220;https:\/\/iconproducts.com\/de\/regimedies\/regimedy-anti-frizz\/&#8220; el_class=&#8220;leyenda&#8220;][vc_single_image image=&#8220;57055&#8243; add_caption=&#8220;yes&#8220; alignment=&#8220;center&#8220; onclick=&#8220;custom_link&#8220; link=&#8220;https:\/\/iconproducts.com\/de\/regimedies\/regimedy-antioxidants\/&#8220; el_class=&#8220;leyenda&#8220;][vc_single_image image=&#8220;57060&#8243; add_caption=&#8220;yes&#8220; alignment=&#8220;center&#8220; onclick=&#8220;custom_link&#8220; link=&#8220;https:\/\/iconproducts.com\/de\/regimedies\/organic-regimedy\/&#8220; el_class=&#8220;leyenda&#8220;][vc_single_image image=&#8220;57058&#8243; add_caption=&#8220;yes&#8220; alignment=&#8220;center&#8220; onclick=&#8220;custom_link&#8220; link=&#8220;https:\/\/iconproducts.com\/de\/regimedies\/hydration-regimedy\/&#8220; el_class=&#8220;leyenda&#8220;][vc_single_image image=&#8220;57057&#8243; add_caption=&#8220;yes&#8220; alignment=&#8220;center&#8220; onclick=&#8220;custom_link&#8220; link=&#8220;https:\/\/iconproducts.com\/de\/regimedies\/regimedy-detox\/&#8220; el_class=&#8220;leyenda&#8220;][vc_single_image image=&#8220;57056&#8243; add_caption=&#8220;yes&#8220; alignment=&#8220;center&#8220; onclick=&#8220;custom_link&#8220; link=&#8220;https:\/\/iconproducts.com\/de\/regimedies\/regimedy-cure\/&#8220; el_class=&#8220;leyenda&#8220;][vc_single_image image=&#8220;57061&#8243; add_caption=&#8220;yes&#8220; alignment=&#8220;center&#8220; onclick=&#8220;custom_link&#8220; link=&#8220;https:\/\/iconproducts.com\/de\/regimedies\/regimedy-pure-light\/&#8220; el_class=&#8220;leyenda&#8220;]<\/div><\/div>\t\t\t\t<script type=\"text\/javascript\">\n\t\t\t\t\t(function($) {\n\t\t\t\t\t\t\"use strict\";\n\t\t\t\t\t\tvar $carousel = $('#dfd-carousel-69e1639ec45ea').find('.dfd-carousel');\n\t\t\t\t\t\t$(document).ready(function() {\n\t\t\t\t\t\t\tvar $initialized = ($('body').hasClass('page-template-tmp-side-by-side')) ? $carousel.not('.slick-initialized') : $carousel;\n\t\t\t\t\t\t\t\t\t\t\t\t\t\t$carousel.siblings('.dfd-slider-control.prev').click(function(e) {\n\t\t\t\t\t\t\t\te.preventDefault();\n\t\t\t\t\t\t\t\t$carousel.eq(0).slick('slickPrev');\n\t\t\t\t\t\t\t});\n\t\t\t\t\t\t\t$carousel.siblings('.dfd-slider-control.next').click(function(e) {\n\t\t\t\t\t\t\t\te.preventDefault();\n\t\t\t\t\t\t\t\t$carousel.eq(0).slick('slickNext');\n\t\t\t\t\t\t\t});\n\t\t\t\t\t\t\t$initialized.slick({arrows: false,dotsClass: 'dfd-slick-dots',slidesToScroll: 1,dots: true,customPaging: function(slider, i) {\n\t\t\t\t\t\t\t\t\treturn '<span data-role=\"none\" role=\"button\" aria-required=\"false\" tabindex=\"0\"><\/span>';\n\t\t\t\t\t\t\t\t},infinite: true,slidesToShow: 7,speed: 300,swipe: true,draggable: true,adaptiveHeight: true,responsive: [\n\t\t\t\t\t\t\t{\n\t\t\t\t\t\t\t\tbreakpoint: 1024,\n\t\t\t\t\t\t\t\tsettings: {\n\t\t\t\t\t\t\t\t\tslidesToShow: 8,\n\t\t\t\t\t\t\t\t\tslidesToScroll: 1,\n\t\t\t\t\t\t\t\t}\n\t\t\t\t\t\t\t},\n\t\t\t\t\t\t\t{\n\t\t\t\t\t\t\t\tbreakpoint: 800,\n\t\t\t\t\t\t\t\tsettings: {\n\t\t\t\t\t\t\t\t\tslidesToShow: 4,\n\t\t\t\t\t\t\t\t\tslidesToScroll: 1,\n\t\t\t\t\t\t\t\t}\n\t\t\t\t\t\t\t},\n\t\t\t\t\t\t\t{\n\t\t\t\t\t\t\t\tbreakpoint: 480,\n\t\t\t\t\t\t\t\tsettings: {\n\t\t\t\t\t\t\t\t\tslidesToShow: 2,\n\t\t\t\t\t\t\t\t\tslidesToScroll: 1,\n\t\t\t\t\t\t\t\t}\n\t\t\t\t\t\t\t},]});\n\t\t\t\t\t\t\t$(\"head\").append(\"<style>#dfd-carousel-69e1639ec45ea .dfdrounded ul.dfd-slick-dots li.slick-active span:before, #dfd-carousel-69e1639ec45ea .dfdsquare ul.dfd-slick-dots li.slick-active span:before {background: #cccccc}#dfd-carousel-69e1639ec45ea .dfdfillrounded ul.dfd-slick-dots li.slick-active span, #dfd-carousel-69e1639ec45ea .dfdfillsquare ul.dfd-slick-dots li.slick-active span {background: #cccccc;border-color: #cccccc;}#dfd-carousel-69e1639ec45ea .dfdemptyrounded ul.dfd-slick-dots li.slick-active span, #dfd-carousel-69e1639ec45ea .dfdemptysquare ul.dfd-slick-dots li.slick-active span {border-color: #cccccc;}#dfd-carousel-69e1639ec45ea .dfdline ul.dfd-slick-dots li.slick-active span:before {border-color: #cccccc;}#dfd-carousel-69e1639ec45ea .dfdadvancesquare ul.dfd-slick-dots li.slick-active span, #dfd-carousel-69e1639ec45ea .dfdfillsquareold .dfd-slick-dots li.slick-active span {background: #cccccc;}#dfd-carousel-69e1639ec45ea .dfdadvancesquare ul.dfd-slick-dots li.slick-active span:before {border-bottom-color: #cccccc;}#dfd-carousel-69e1639ec45ea .dfdemptyroundedold .dfd-slick-dots li.slick-active span {-webkit-box-shadow: 0 0 0 2px #cccccc; box-shadow: 0 0 0 2px #cccccc;}#dfd-carousel-69e1639ec45ea .dfdfillsquareold .dfd-slick-dots li.slick-active span {-webkit-box-shadow: 0 0 0 1px #cccccc; box-shadow: 0 0 0 1px #cccccc;}#dfd-carousel-69e1639ec45ea > .dfd-carousel-module-wrapper > .dfd-carousel > .slick-list > .slick-track > .dfd-item-wrap > .cover {padding: 10px;}#dfd-carousel-69e1639ec45ea {margin: -10px;}<\/style>\")\t\t\t\t\t\t});\n\t\t\t\t\t})(jQuery);\n\t\t\t\t<\/script>\n            <\/div><div class=\"dfd-spacer-module\"  data-units=\"px\" data-wide_resolution=\"1280\" data-wide_size=\"51\" data-normal_resolution=\"1024\" data-normal_size=\"51\" data-tablet_resolution=\"800\" data-tablet_size=\"51\" data-mobile_resolution=\"480\" data-mobile_size=\"51\" style=\"height: 51px;\"><\/div>[\/vc_column][\/vc_row]<\/p>\n","protected":false},"excerpt":{"rendered":"<p>[vc_row][vc_column][vc_row_inner][vc_column_inner width=&#8220;1\/12&#8243;][\/vc_column_inner][vc_column_inner width=&#8220;10\/12&#8243;][vc_column_text css_animation=&#8220;none&#8220;] Unsere ANTI-FRIZZ REGIMEDY bek\u00e4mpft FRIZZ mit Biotin, einem wasserl\u00f6slichen Vitamin, welches dabei hilft, Aminos\u00e4uren und Proteine einzuschlie\u00dfen. Biotin ist als B-Vitamin f\u00fcr Haare bekannt und verleiht<\/p>\n","protected":false},"author":1,"featured_media":0,"parent":57040,"menu_order":0,"comment_status":"closed","ping_status":"closed","template":"page-custom-with-header.php","meta":{"_acf_changed":false,"footnotes":""},"tags":[],"wf_page_folders":[],"class_list":["post-57149","page","type-page","status-publish","hentry"],"acf":[],"yoast_head":"<!-- This site is optimized with the Yoast SEO plugin v27.0 - https:\/\/yoast.com\/product\/yoast-seo-wordpress\/ -->\n<title>Anti-Frizz Regimedy | I.C.O.N. Products<\/title>\n<meta name=\"robots\" content=\"index, follow, max-snippet:-1, max-image-preview:large, max-video-preview:-1\" \/>\n<link rel=\"canonical\" href=\"https:\/\/iconproducts.com\/de\/regimedies\/anti-frizz-regimedy\/\" \/>\n<meta property=\"og:locale\" content=\"de_DE\" \/>\n<meta property=\"og:type\" content=\"article\" \/>\n<meta property=\"og:title\" content=\"Anti-Frizz Regimedy | I.C.O.N. Products\" \/>\n<meta property=\"og:description\" content=\"[vc_row][vc_column][vc_row_inner][vc_column_inner width=&#8220;1\/12&#8243;][\/vc_column_inner][vc_column_inner width=&#8220;10\/12&#8243;][vc_column_text css_animation=&#8220;none&#8220;] Unsere ANTI-FRIZZ REGIMEDY bek\u00e4mpft FRIZZ mit Biotin, einem wasserl\u00f6slichen Vitamin, welches dabei hilft, Aminos\u00e4uren und Proteine einzuschlie\u00dfen. Biotin ist als B-Vitamin f\u00fcr Haare bekannt und verleiht\" \/>\n<meta property=\"og:url\" content=\"https:\/\/iconproducts.com\/de\/regimedies\/anti-frizz-regimedy\/\" \/>\n<meta property=\"og:site_name\" content=\"I.C.O.N. Products\" \/>\n<meta property=\"article:publisher\" content=\"https:\/\/www.facebook.com\/iconproducts.spain\" \/>\n<meta property=\"article:modified_time\" content=\"2022-04-20T08:18:51+00:00\" \/>\n<meta name=\"twitter:card\" content=\"summary_large_image\" \/>\n<script type=\"application\/ld+json\" class=\"yoast-schema-graph\">{\"@context\":\"https:\/\/schema.org\",\"@graph\":[{\"@type\":\"WebPage\",\"@id\":\"https:\/\/iconproducts.com\/de\/regimedies\/anti-frizz-regimedy\/\",\"url\":\"https:\/\/iconproducts.com\/de\/regimedies\/anti-frizz-regimedy\/\",\"name\":\"Anti-Frizz Regimedy | I.C.O.N. Products\",\"isPartOf\":{\"@id\":\"https:\/\/iconproducts.com\/es\/#website\"},\"datePublished\":\"2018-06-26T14:58:02+00:00\",\"dateModified\":\"2022-04-20T08:18:51+00:00\",\"breadcrumb\":{\"@id\":\"https:\/\/iconproducts.com\/de\/regimedies\/anti-frizz-regimedy\/#breadcrumb\"},\"inLanguage\":\"de\",\"potentialAction\":[{\"@type\":\"ReadAction\",\"target\":[\"https:\/\/iconproducts.com\/de\/regimedies\/anti-frizz-regimedy\/\"]}]},{\"@type\":\"BreadcrumbList\",\"@id\":\"https:\/\/iconproducts.com\/de\/regimedies\/anti-frizz-regimedy\/#breadcrumb\",\"itemListElement\":[{\"@type\":\"ListItem\",\"position\":1,\"name\":\"I.C.O.N. Products\",\"item\":\"https:\/\/iconproducts.com\/de\/\"},{\"@type\":\"ListItem\",\"position\":2,\"name\":\"Regimedies\",\"item\":\"https:\/\/iconproducts.com\/de\/regimedies\/\"},{\"@type\":\"ListItem\",\"position\":3,\"name\":\"Anti-Frizz Regimedy\"}]},{\"@type\":\"WebSite\",\"@id\":\"https:\/\/iconproducts.com\/es\/#website\",\"url\":\"https:\/\/iconproducts.com\/es\/\",\"name\":\"I.C.O.N. Products\",\"description\":\"Productos de peluquer\u00eda\",\"publisher\":{\"@id\":\"https:\/\/iconproducts.com\/es\/#organization\"},\"potentialAction\":[{\"@type\":\"SearchAction\",\"target\":{\"@type\":\"EntryPoint\",\"urlTemplate\":\"https:\/\/iconproducts.com\/es\/?s={search_term_string}\"},\"query-input\":{\"@type\":\"PropertyValueSpecification\",\"valueRequired\":true,\"valueName\":\"search_term_string\"}}],\"inLanguage\":\"de\"},{\"@type\":\"Organization\",\"@id\":\"https:\/\/iconproducts.com\/es\/#organization\",\"name\":\"I.C.O.N. Products\",\"url\":\"https:\/\/iconproducts.com\/es\/\",\"logo\":{\"@type\":\"ImageObject\",\"inLanguage\":\"de\",\"@id\":\"https:\/\/iconproducts.com\/es\/#\/schema\/logo\/image\/\",\"url\":\"https:\/\/iconproducts.com\/wp-content\/uploads\/2018\/08\/logo-icon-1.jpg\",\"contentUrl\":\"https:\/\/iconproducts.com\/wp-content\/uploads\/2018\/08\/logo-icon-1.jpg\",\"width\":1000,\"height\":1000,\"caption\":\"I.C.O.N. Products\"},\"image\":{\"@id\":\"https:\/\/iconproducts.com\/es\/#\/schema\/logo\/image\/\"},\"sameAs\":[\"https:\/\/www.facebook.com\/iconproducts.spain\",\"https:\/\/www.instagram.com\/iconspain\/\",\"https:\/\/www.youtube.com\/channel\/UCw0myea3fiZRsj72sNBnMqQ\"]}]}<\/script>\n<!-- \/ Yoast SEO plugin. -->","yoast_head_json":{"title":"Anti-Frizz Regimedy | I.C.O.N. Products","robots":{"index":"index","follow":"follow","max-snippet":"max-snippet:-1","max-image-preview":"max-image-preview:large","max-video-preview":"max-video-preview:-1"},"canonical":"https:\/\/iconproducts.com\/de\/regimedies\/anti-frizz-regimedy\/","og_locale":"de_DE","og_type":"article","og_title":"Anti-Frizz Regimedy | I.C.O.N. Products","og_description":"[vc_row][vc_column][vc_row_inner][vc_column_inner width=&#8220;1\/12&#8243;][\/vc_column_inner][vc_column_inner width=&#8220;10\/12&#8243;][vc_column_text css_animation=&#8220;none&#8220;] Unsere ANTI-FRIZZ REGIMEDY bek\u00e4mpft FRIZZ mit Biotin, einem wasserl\u00f6slichen Vitamin, welches dabei hilft, Aminos\u00e4uren und Proteine einzuschlie\u00dfen. Biotin ist als B-Vitamin f\u00fcr Haare bekannt und verleiht","og_url":"https:\/\/iconproducts.com\/de\/regimedies\/anti-frizz-regimedy\/","og_site_name":"I.C.O.N. Products","article_publisher":"https:\/\/www.facebook.com\/iconproducts.spain","article_modified_time":"2022-04-20T08:18:51+00:00","twitter_card":"summary_large_image","schema":{"@context":"https:\/\/schema.org","@graph":[{"@type":"WebPage","@id":"https:\/\/iconproducts.com\/de\/regimedies\/anti-frizz-regimedy\/","url":"https:\/\/iconproducts.com\/de\/regimedies\/anti-frizz-regimedy\/","name":"Anti-Frizz Regimedy | I.C.O.N. Products","isPartOf":{"@id":"https:\/\/iconproducts.com\/es\/#website"},"datePublished":"2018-06-26T14:58:02+00:00","dateModified":"2022-04-20T08:18:51+00:00","breadcrumb":{"@id":"https:\/\/iconproducts.com\/de\/regimedies\/anti-frizz-regimedy\/#breadcrumb"},"inLanguage":"de","potentialAction":[{"@type":"ReadAction","target":["https:\/\/iconproducts.com\/de\/regimedies\/anti-frizz-regimedy\/"]}]},{"@type":"BreadcrumbList","@id":"https:\/\/iconproducts.com\/de\/regimedies\/anti-frizz-regimedy\/#breadcrumb","itemListElement":[{"@type":"ListItem","position":1,"name":"I.C.O.N. Products","item":"https:\/\/iconproducts.com\/de\/"},{"@type":"ListItem","position":2,"name":"Regimedies","item":"https:\/\/iconproducts.com\/de\/regimedies\/"},{"@type":"ListItem","position":3,"name":"Anti-Frizz Regimedy"}]},{"@type":"WebSite","@id":"https:\/\/iconproducts.com\/es\/#website","url":"https:\/\/iconproducts.com\/es\/","name":"I.C.O.N. Products","description":"Productos de peluquer\u00eda","publisher":{"@id":"https:\/\/iconproducts.com\/es\/#organization"},"potentialAction":[{"@type":"SearchAction","target":{"@type":"EntryPoint","urlTemplate":"https:\/\/iconproducts.com\/es\/?s={search_term_string}"},"query-input":{"@type":"PropertyValueSpecification","valueRequired":true,"valueName":"search_term_string"}}],"inLanguage":"de"},{"@type":"Organization","@id":"https:\/\/iconproducts.com\/es\/#organization","name":"I.C.O.N. Products","url":"https:\/\/iconproducts.com\/es\/","logo":{"@type":"ImageObject","inLanguage":"de","@id":"https:\/\/iconproducts.com\/es\/#\/schema\/logo\/image\/","url":"https:\/\/iconproducts.com\/wp-content\/uploads\/2018\/08\/logo-icon-1.jpg","contentUrl":"https:\/\/iconproducts.com\/wp-content\/uploads\/2018\/08\/logo-icon-1.jpg","width":1000,"height":1000,"caption":"I.C.O.N. Products"},"image":{"@id":"https:\/\/iconproducts.com\/es\/#\/schema\/logo\/image\/"},"sameAs":["https:\/\/www.facebook.com\/iconproducts.spain","https:\/\/www.instagram.com\/iconspain\/","https:\/\/www.youtube.com\/channel\/UCw0myea3fiZRsj72sNBnMqQ"]}]}},"_links":{"self":[{"href":"https:\/\/iconproducts.com\/de\/wp-json\/wp\/v2\/pages\/57149","targetHints":{"allow":["GET"]}}],"collection":[{"href":"https:\/\/iconproducts.com\/de\/wp-json\/wp\/v2\/pages"}],"about":[{"href":"https:\/\/iconproducts.com\/de\/wp-json\/wp\/v2\/types\/page"}],"author":[{"embeddable":true,"href":"https:\/\/iconproducts.com\/de\/wp-json\/wp\/v2\/users\/1"}],"replies":[{"embeddable":true,"href":"https:\/\/iconproducts.com\/de\/wp-json\/wp\/v2\/comments?post=57149"}],"version-history":[{"count":1,"href":"https:\/\/iconproducts.com\/de\/wp-json\/wp\/v2\/pages\/57149\/revisions"}],"predecessor-version":[{"id":84060,"href":"https:\/\/iconproducts.com\/de\/wp-json\/wp\/v2\/pages\/57149\/revisions\/84060"}],"up":[{"embeddable":true,"href":"https:\/\/iconproducts.com\/de\/wp-json\/wp\/v2\/pages\/57040"}],"wp:attachment":[{"href":"https:\/\/iconproducts.com\/de\/wp-json\/wp\/v2\/media?parent=57149"}],"wp:term":[{"taxonomy":"post_tag","embeddable":true,"href":"https:\/\/iconproducts.com\/de\/wp-json\/wp\/v2\/tags?post=57149"},{"taxonomy":"wf_page_folders","embeddable":true,"href":"https:\/\/iconproducts.com\/de\/wp-json\/wp\/v2\/wf_page_folders?post=57149"}],"curies":[{"name":"wp","href":"https:\/\/api.w.org\/{rel}","templated":true}]}}