{"id":57390,"date":"2020-06-02T19:38:04","date_gmt":"2020-06-02T17:38:04","guid":{"rendered":"https:\/\/iconproducts.com\/?page_id=57390"},"modified":"2022-03-25T16:06:35","modified_gmt":"2022-03-25T15:06:35","slug":"deep-treatments","status":"publish","type":"page","link":"https:\/\/iconproducts.com\/de\/salon-treatments\/deep-treatments\/","title":{"rendered":"Tiefenwirksame Behandlungen"},"content":{"rendered":"<p>[vc_row][vc_column]<div class=\"dfd-heading-shortcode\"><div class=\"dfd-heading-module-wrap  text-center style_01 dfd-heading-69f3af4bbedc8 dfd-disable-resposive-headings\" id=\"dfd-heading-69f3af4bbedc8\" ><div class=\"inline-block\"><div class=\"dfd-heading-module\"><h1 class=\"widget-title dfd-title \" style=\"\">Tiefenwirksame Behandlungen<\/h1><\/div><\/div><\/div><script type=\"text\/javascript\">\n\t\t\t\t\t\t\t\t\t(function($) {\n\t\t\t\t\t\t\t\t\t\t$(\"head\").append(\"<style>.dfd-heading-69f3af4bbedc8.dfd-heading-module-wrap .dfd-heading-module .dfd-heading-delimiter {margin-top:10px;margin-bottom:10px;}<\/style>\");\n\t\t\t\t\t\t\t\t\t})(jQuery);\n\t\t\t\t\t\t\t\t<\/script><\/div><div class=\"dfd-delimier-main-wrapper \" ><div id=\"dfd-delimiter-69f3af4bbeefa-8357\"  class=\"dfd-delimier-wrapper dfd-delimiter-with-text \"  style='text-align:left; ' ><span class=\"delim-center\">\n\t\t\t\t<span class=\"text dfd-content-title-small\" style=\"letter-spacing: 2px; \">die kunst und wissenschaft der personalisierten behandlung<\/span>\n\t\t\t<\/span><script type=\"text\/javascript\">(function($) {$(\"head\").append(\"<style>#dfd-delimiter-69f3af4bbeefa-8357 .delim-center span:before, #dfd-delimiter-69f3af4bbeefa-8357 .delim-center span:after { border-bottom-style:dotted; height:1px; border-bottom-width:1px; margin-top: -0.5px; ; } <\/style>\");})(jQuery);<\/script><\/div><\/div><div class=\"dfd-spacer-module\"  data-units=\"px\" data-wide_resolution=\"1280\" data-wide_size=\"51\" data-normal_resolution=\"1024\" data-normal_size=\"51\" data-tablet_resolution=\"800\" data-tablet_size=\"51\" data-mobile_resolution=\"480\" data-mobile_size=\"51\" style=\"height: 51px;\"><\/div>[\/vc_column][\/vc_row][vc_row][vc_column][vc_row_inner][vc_column_inner width=&#8220;1\/6&#8243;][\/vc_column_inner][vc_column_inner width=&#8220;2\/3&#8243;][vc_column_text]<\/p>\n<p style=\"text-align: center;\">Sofortige Ergebnisse, tiefe Rekonstruktion.<\/p>\n<p style=\"text-align: center;\">Als Mixologe haben Sie das professionelle Wissen, um zu bestimmen, welche Schl\u00fcsselprodukte in der Mischung ben\u00f6tigt werden, um eine optimale Wirkung f\u00fcr die Haarpflegebed\u00fcrfnisse Ihres Kunden zu erzielen. Individuelle Anpassung f\u00fcr jeden einzelnen Kunden, gefolgt von einer pers\u00f6nlichen Erfahrung der <strong>Touch Therapy<\/strong>.<\/p>\n<p>[\/vc_column_text][\/vc_column_inner][vc_column_inner width=&#8220;1\/6&#8243;][\/vc_column_inner][\/vc_row_inner]<div class=\"dfd-spacer-module\"  data-units=\"px\" data-wide_resolution=\"1280\" data-wide_size=\"51\" data-normal_resolution=\"1024\" data-normal_size=\"51\" data-tablet_resolution=\"800\" data-tablet_size=\"51\" data-mobile_resolution=\"480\" data-mobile_size=\"51\" style=\"height: 51px;\"><\/div>[\/vc_column][\/vc_row][vc_section][vc_row][vc_column][vc_row_inner][vc_column_inner width=&#8220;1\/3&#8243;]<div id=\"idinfobox69f3af4bbf010\" class=\"dfd-info-box clearfix style-01 layout-01 icono-img idinfobox69f3af4bbf010 text-center more-hover hover-up-icon\" ><div class=\"dfd-animate-container\"><div class=\"icon-wrapper\"><div class=\"module-icon\" ><div class=\"hover-layer\" ><\/div><img decoding=\"async\" src=\"https:\/\/iconproducts.com\/wp-content\/uploads\/2020\/06\/Litros-purify-min.jpg\" alt=\"Image icon\" style=\"opacity: 1;\" \/><\/div><\/div><h6 class=\"info-box-title \" style=\"\">Purify<\/h6><div class=\"info-box-subtitle subtitle\" style=\"\">Tiefenreinigungsshampoo<\/div><div class=\"description\" style=\"\"><\/div><div><div class=\"dfd-module-readmore\"><span class=\"read-more-07\"><i class=\"dfd-added-font-icon-right-open\"><\/i><\/span><\/div><\/div><a href=\"https:\/\/iconproducts.com\/de\/salon-treatments\/deep-treatments\/purify\/\" title=\"Purify\"  class=\"full-box-link\"><\/a><\/div><\/div>[\/vc_column_inner][vc_column_inner width=&#8220;1\/3&#8243;]<div id=\"idinfobox69f3af4bbf274\" class=\"dfd-info-box clearfix style-01 layout-01 icono-img idinfobox69f3af4bbf274 text-center more-hover hover-up-icon\" ><div class=\"dfd-animate-container\"><div class=\"icon-wrapper\"><div class=\"module-icon\" ><div class=\"hover-layer\" ><\/div><img decoding=\"async\" src=\"https:\/\/iconproducts.com\/wp-content\/uploads\/2020\/06\/Litros-Inner-min.jpg\" alt=\"Image icon\" style=\"opacity: 1;\" \/><\/div><\/div><h6 class=\"info-box-title \" style=\"\">Inner<\/h6><div class=\"info-box-subtitle subtitle\" style=\"\">Professionelle Feuchtigkeitsbehandlung<\/div><div class=\"description\" style=\"\"><\/div><div><div class=\"dfd-module-readmore\"><span class=\"read-more-07\"><i class=\"dfd-added-font-icon-right-open\"><\/i><\/span><\/div><\/div><a href=\"https:\/\/iconproducts.com\/de\/salon-treatments\/deep-treatments\/inner\/\" title=\"Inner\"  class=\"full-box-link\"><\/a><\/div><\/div>[\/vc_column_inner][vc_column_inner width=&#8220;1\/3&#8243;]<div id=\"idinfobox69f3af4bbf46f\" class=\"dfd-info-box clearfix style-01 layout-01 icono-img idinfobox69f3af4bbf46f text-center more-hover hover-up-icon\" ><div class=\"dfd-animate-container\"><div class=\"icon-wrapper\"><div class=\"module-icon\" ><div class=\"hover-layer\" ><\/div><img decoding=\"async\" src=\"https:\/\/iconproducts.com\/wp-content\/uploads\/2020\/06\/Litros-Proshield-min.jpg\" alt=\"Image icon\" style=\"opacity: 1;\" \/><\/div><\/div><h6 class=\"info-box-title \" style=\"\">Proshield<\/h6><div class=\"info-box-subtitle subtitle\" style=\"\">Professionelle Haaraufbaubehandlung<\/div><div class=\"description\" style=\"\"><\/div><div><div class=\"dfd-module-readmore\"><span class=\"read-more-07\"><i class=\"dfd-added-font-icon-right-open\"><\/i><\/span><\/div><\/div><a href=\"https:\/\/iconproducts.com\/de\/salon-treatments\/deep-treatments\/proshield\/\" title=\"Proshield\"  class=\"full-box-link\"><\/a><\/div><\/div>[\/vc_column_inner][\/vc_row_inner][vc_row_inner][vc_column_inner width=&#8220;1\/3&#8243;]<div id=\"idinfobox69f3af4bbf632\" class=\"dfd-info-box clearfix style-01 layout-01 icono-img idinfobox69f3af4bbf632 text-center more-hover hover-up-icon\" ><div class=\"dfd-animate-container\"><div class=\"icon-wrapper\"><div class=\"module-icon\" ><div class=\"hover-layer\" ><\/div><img decoding=\"async\" src=\"https:\/\/iconproducts.com\/wp-content\/uploads\/2020\/06\/500-linkbond-min.jpg\" alt=\"Image icon\" style=\"opacity: 1;\" \/><\/div><\/div><h6 class=\"info-box-title \" style=\"\">Ecoplex 1. Linkbond<\/h6><div class=\"info-box-subtitle subtitle\" style=\"\">Haarbindungs-Multiplikator<\/div><div class=\"description\" style=\"\"><\/div><div><div class=\"dfd-module-readmore\"><span class=\"read-more-07\"><i class=\"dfd-added-font-icon-right-open\"><\/i><\/span><\/div><\/div><a href=\"https:\/\/iconproducts.com\/de\/salon-treatments\/deep-treatments\/ecoplex\/linkbond\/\" title=\"1. LinkBond\"  class=\"full-box-link\"><\/a><\/div><\/div>[\/vc_column_inner][vc_column_inner width=&#8220;1\/3&#8243;]<div id=\"idinfobox69f3af4bbf81d\" class=\"dfd-info-box clearfix style-01 layout-01 icono-img idinfobox69f3af4bbf81d text-center more-hover hover-up-icon\" ><div class=\"dfd-animate-container\"><div class=\"icon-wrapper\"><div class=\"module-icon\" ><div class=\"hover-layer\" ><\/div><img decoding=\"async\" src=\"https:\/\/iconproducts.com\/wp-content\/uploads\/2020\/06\/500-fusebond-min.jpg\" alt=\"Image icon\" style=\"opacity: 1;\" \/><\/div><\/div><h6 class=\"info-box-title \" style=\"\">Ecoplex 2. Fusebond<\/h6><div class=\"info-box-subtitle subtitle\" style=\"\">Haarbindungs-Verst\u00e4rker<\/div><div class=\"description\" style=\"\"><\/div><div><div class=\"dfd-module-readmore\"><span class=\"read-more-07\"><i class=\"dfd-added-font-icon-right-open\"><\/i><\/span><\/div><\/div><a href=\"https:\/\/iconproducts.com\/de\/salon-treatments\/deep-treatments\/ecoplex\/fusebond\/\" title=\"2. FuseBond\"  class=\"full-box-link\"><\/a><\/div><\/div>[\/vc_column_inner][vc_column_inner width=&#8220;1\/3&#8243;]<div id=\"idinfobox69f3af4bbfa1b\" class=\"dfd-info-box clearfix style-01 layout-01 icono-img idinfobox69f3af4bbfa1b text-center more-hover hover-up-icon\" ><div class=\"dfd-animate-container\"><div class=\"icon-wrapper\"><div class=\"module-icon\" ><div class=\"hover-layer\" ><\/div><img decoding=\"async\" src=\"https:\/\/iconproducts.com\/wp-content\/uploads\/2020\/03\/organic-cbdoil-iconproducts-premiomini.jpg\" alt=\"Image icon\" style=\"opacity: 1;\" \/><\/div><\/div><h6 class=\"info-box-title \" style=\"\">CBD 1000 Oil<\/h6><div class=\"info-box-subtitle subtitle\" style=\"\">Mit Zertifizierten Bio-\u00d6len<\/div><div class=\"description\" style=\"\"><\/div><div><div class=\"dfd-module-readmore\"><span class=\"read-more-07\"><i class=\"dfd-added-font-icon-right-open\"><\/i><\/span><\/div><\/div><a href=\"https:\/\/iconproducts.com\/de\/regimedies\/treatments\/cbd-1000-oil\/\" title=\"CBD 1000 OIL\"  class=\"full-box-link\"><\/a><\/div><\/div>[\/vc_column_inner][\/vc_row_inner]<div class=\"dfd-spacer-module\"  data-units=\"px\" data-wide_resolution=\"1280\" data-wide_size=\"100\" data-normal_resolution=\"1024\" data-normal_size=\"100\" data-tablet_resolution=\"800\" data-tablet_size=\"80\" data-mobile_resolution=\"480\" data-mobile_size=\"80\" style=\"height: 100px;\"><\/div>[\/vc_column][\/vc_row][\/vc_section]<\/p>\n","protected":false},"excerpt":{"rendered":"<p>[vc_row][vc_column][\/vc_column][\/vc_row][vc_row][vc_column][vc_row_inner][vc_column_inner width=&#8220;1\/6&#8243;][\/vc_column_inner][vc_column_inner width=&#8220;2\/3&#8243;][vc_column_text] Sofortige Ergebnisse, tiefe Rekonstruktion. Als Mixologe haben Sie das professionelle Wissen, um zu bestimmen, welche Schl\u00fcsselprodukte in der Mischung ben\u00f6tigt werden, um eine optimale Wirkung f\u00fcr die<\/p>\n","protected":false},"author":1,"featured_media":0,"parent":57383,"menu_order":0,"comment_status":"closed","ping_status":"closed","template":"","meta":{"_acf_changed":false,"footnotes":""},"tags":[],"wf_page_folders":[],"class_list":["post-57390","page","type-page","status-publish","hentry"],"acf":[],"yoast_head":"<!-- This site is optimized with the Yoast SEO plugin v27.0 - https:\/\/yoast.com\/product\/yoast-seo-wordpress\/ -->\n<title>Tiefenwirksame Behandlungen | I.C.O.N. Products<\/title>\n<meta name=\"robots\" content=\"index, follow, max-snippet:-1, max-image-preview:large, max-video-preview:-1\" \/>\n<link rel=\"canonical\" href=\"https:\/\/iconproducts.com\/de\/salon-treatments\/deep-treatments\/\" \/>\n<meta property=\"og:locale\" content=\"de_DE\" \/>\n<meta property=\"og:type\" content=\"article\" \/>\n<meta property=\"og:title\" content=\"Tiefenwirksame Behandlungen | I.C.O.N. Products\" \/>\n<meta property=\"og:description\" content=\"[vc_row][vc_column][\/vc_column][\/vc_row][vc_row][vc_column][vc_row_inner][vc_column_inner width=&#8220;1\/6&#8243;][\/vc_column_inner][vc_column_inner width=&#8220;2\/3&#8243;][vc_column_text] Sofortige Ergebnisse, tiefe Rekonstruktion. Als Mixologe haben Sie das professionelle Wissen, um zu bestimmen, welche Schl\u00fcsselprodukte in der Mischung ben\u00f6tigt werden, um eine optimale Wirkung f\u00fcr die\" \/>\n<meta property=\"og:url\" content=\"https:\/\/iconproducts.com\/de\/salon-treatments\/deep-treatments\/\" \/>\n<meta property=\"og:site_name\" content=\"I.C.O.N. Products\" \/>\n<meta property=\"article:publisher\" content=\"https:\/\/www.facebook.com\/iconproducts.spain\" \/>\n<meta property=\"article:modified_time\" content=\"2022-03-25T15:06:35+00:00\" \/>\n<meta name=\"twitter:card\" content=\"summary_large_image\" \/>\n<script type=\"application\/ld+json\" class=\"yoast-schema-graph\">{\"@context\":\"https:\/\/schema.org\",\"@graph\":[{\"@type\":\"WebPage\",\"@id\":\"https:\/\/iconproducts.com\/de\/salon-treatments\/deep-treatments\/\",\"url\":\"https:\/\/iconproducts.com\/de\/salon-treatments\/deep-treatments\/\",\"name\":\"Tiefenwirksame Behandlungen | I.C.O.N. Products\",\"isPartOf\":{\"@id\":\"https:\/\/iconproducts.com\/es\/#website\"},\"datePublished\":\"2020-06-02T17:38:04+00:00\",\"dateModified\":\"2022-03-25T15:06:35+00:00\",\"breadcrumb\":{\"@id\":\"https:\/\/iconproducts.com\/de\/salon-treatments\/deep-treatments\/#breadcrumb\"},\"inLanguage\":\"de\",\"potentialAction\":[{\"@type\":\"ReadAction\",\"target\":[\"https:\/\/iconproducts.com\/de\/salon-treatments\/deep-treatments\/\"]}]},{\"@type\":\"BreadcrumbList\",\"@id\":\"https:\/\/iconproducts.com\/de\/salon-treatments\/deep-treatments\/#breadcrumb\",\"itemListElement\":[{\"@type\":\"ListItem\",\"position\":1,\"name\":\"I.C.O.N. Products\",\"item\":\"https:\/\/iconproducts.com\/de\/\"},{\"@type\":\"ListItem\",\"position\":2,\"name\":\"Salon Behandlungen\",\"item\":\"https:\/\/iconproducts.com\/de\/salon-treatments\/\"},{\"@type\":\"ListItem\",\"position\":3,\"name\":\"Tiefenwirksame Behandlungen\"}]},{\"@type\":\"WebSite\",\"@id\":\"https:\/\/iconproducts.com\/es\/#website\",\"url\":\"https:\/\/iconproducts.com\/es\/\",\"name\":\"I.C.O.N. Products\",\"description\":\"Productos de peluquer\u00eda\",\"publisher\":{\"@id\":\"https:\/\/iconproducts.com\/es\/#organization\"},\"potentialAction\":[{\"@type\":\"SearchAction\",\"target\":{\"@type\":\"EntryPoint\",\"urlTemplate\":\"https:\/\/iconproducts.com\/es\/?s={search_term_string}\"},\"query-input\":{\"@type\":\"PropertyValueSpecification\",\"valueRequired\":true,\"valueName\":\"search_term_string\"}}],\"inLanguage\":\"de\"},{\"@type\":\"Organization\",\"@id\":\"https:\/\/iconproducts.com\/es\/#organization\",\"name\":\"I.C.O.N. Products\",\"url\":\"https:\/\/iconproducts.com\/es\/\",\"logo\":{\"@type\":\"ImageObject\",\"inLanguage\":\"de\",\"@id\":\"https:\/\/iconproducts.com\/es\/#\/schema\/logo\/image\/\",\"url\":\"https:\/\/iconproducts.com\/wp-content\/uploads\/2018\/08\/logo-icon-1.jpg\",\"contentUrl\":\"https:\/\/iconproducts.com\/wp-content\/uploads\/2018\/08\/logo-icon-1.jpg\",\"width\":1000,\"height\":1000,\"caption\":\"I.C.O.N. Products\"},\"image\":{\"@id\":\"https:\/\/iconproducts.com\/es\/#\/schema\/logo\/image\/\"},\"sameAs\":[\"https:\/\/www.facebook.com\/iconproducts.spain\",\"https:\/\/www.instagram.com\/iconspain\/\",\"https:\/\/www.youtube.com\/channel\/UCw0myea3fiZRsj72sNBnMqQ\"]}]}<\/script>\n<!-- \/ Yoast SEO plugin. -->","yoast_head_json":{"title":"Tiefenwirksame Behandlungen | I.C.O.N. Products","robots":{"index":"index","follow":"follow","max-snippet":"max-snippet:-1","max-image-preview":"max-image-preview:large","max-video-preview":"max-video-preview:-1"},"canonical":"https:\/\/iconproducts.com\/de\/salon-treatments\/deep-treatments\/","og_locale":"de_DE","og_type":"article","og_title":"Tiefenwirksame Behandlungen | I.C.O.N. Products","og_description":"[vc_row][vc_column][\/vc_column][\/vc_row][vc_row][vc_column][vc_row_inner][vc_column_inner width=&#8220;1\/6&#8243;][\/vc_column_inner][vc_column_inner width=&#8220;2\/3&#8243;][vc_column_text] Sofortige Ergebnisse, tiefe Rekonstruktion. Als Mixologe haben Sie das professionelle Wissen, um zu bestimmen, welche Schl\u00fcsselprodukte in der Mischung ben\u00f6tigt werden, um eine optimale Wirkung f\u00fcr die","og_url":"https:\/\/iconproducts.com\/de\/salon-treatments\/deep-treatments\/","og_site_name":"I.C.O.N. Products","article_publisher":"https:\/\/www.facebook.com\/iconproducts.spain","article_modified_time":"2022-03-25T15:06:35+00:00","twitter_card":"summary_large_image","schema":{"@context":"https:\/\/schema.org","@graph":[{"@type":"WebPage","@id":"https:\/\/iconproducts.com\/de\/salon-treatments\/deep-treatments\/","url":"https:\/\/iconproducts.com\/de\/salon-treatments\/deep-treatments\/","name":"Tiefenwirksame Behandlungen | I.C.O.N. Products","isPartOf":{"@id":"https:\/\/iconproducts.com\/es\/#website"},"datePublished":"2020-06-02T17:38:04+00:00","dateModified":"2022-03-25T15:06:35+00:00","breadcrumb":{"@id":"https:\/\/iconproducts.com\/de\/salon-treatments\/deep-treatments\/#breadcrumb"},"inLanguage":"de","potentialAction":[{"@type":"ReadAction","target":["https:\/\/iconproducts.com\/de\/salon-treatments\/deep-treatments\/"]}]},{"@type":"BreadcrumbList","@id":"https:\/\/iconproducts.com\/de\/salon-treatments\/deep-treatments\/#breadcrumb","itemListElement":[{"@type":"ListItem","position":1,"name":"I.C.O.N. Products","item":"https:\/\/iconproducts.com\/de\/"},{"@type":"ListItem","position":2,"name":"Salon Behandlungen","item":"https:\/\/iconproducts.com\/de\/salon-treatments\/"},{"@type":"ListItem","position":3,"name":"Tiefenwirksame Behandlungen"}]},{"@type":"WebSite","@id":"https:\/\/iconproducts.com\/es\/#website","url":"https:\/\/iconproducts.com\/es\/","name":"I.C.O.N. Products","description":"Productos de peluquer\u00eda","publisher":{"@id":"https:\/\/iconproducts.com\/es\/#organization"},"potentialAction":[{"@type":"SearchAction","target":{"@type":"EntryPoint","urlTemplate":"https:\/\/iconproducts.com\/es\/?s={search_term_string}"},"query-input":{"@type":"PropertyValueSpecification","valueRequired":true,"valueName":"search_term_string"}}],"inLanguage":"de"},{"@type":"Organization","@id":"https:\/\/iconproducts.com\/es\/#organization","name":"I.C.O.N. Products","url":"https:\/\/iconproducts.com\/es\/","logo":{"@type":"ImageObject","inLanguage":"de","@id":"https:\/\/iconproducts.com\/es\/#\/schema\/logo\/image\/","url":"https:\/\/iconproducts.com\/wp-content\/uploads\/2018\/08\/logo-icon-1.jpg","contentUrl":"https:\/\/iconproducts.com\/wp-content\/uploads\/2018\/08\/logo-icon-1.jpg","width":1000,"height":1000,"caption":"I.C.O.N. Products"},"image":{"@id":"https:\/\/iconproducts.com\/es\/#\/schema\/logo\/image\/"},"sameAs":["https:\/\/www.facebook.com\/iconproducts.spain","https:\/\/www.instagram.com\/iconspain\/","https:\/\/www.youtube.com\/channel\/UCw0myea3fiZRsj72sNBnMqQ"]}]}},"_links":{"self":[{"href":"https:\/\/iconproducts.com\/de\/wp-json\/wp\/v2\/pages\/57390","targetHints":{"allow":["GET"]}}],"collection":[{"href":"https:\/\/iconproducts.com\/de\/wp-json\/wp\/v2\/pages"}],"about":[{"href":"https:\/\/iconproducts.com\/de\/wp-json\/wp\/v2\/types\/page"}],"author":[{"embeddable":true,"href":"https:\/\/iconproducts.com\/de\/wp-json\/wp\/v2\/users\/1"}],"replies":[{"embeddable":true,"href":"https:\/\/iconproducts.com\/de\/wp-json\/wp\/v2\/comments?post=57390"}],"version-history":[{"count":0,"href":"https:\/\/iconproducts.com\/de\/wp-json\/wp\/v2\/pages\/57390\/revisions"}],"up":[{"embeddable":true,"href":"https:\/\/iconproducts.com\/de\/wp-json\/wp\/v2\/pages\/57383"}],"wp:attachment":[{"href":"https:\/\/iconproducts.com\/de\/wp-json\/wp\/v2\/media?parent=57390"}],"wp:term":[{"taxonomy":"post_tag","embeddable":true,"href":"https:\/\/iconproducts.com\/de\/wp-json\/wp\/v2\/tags?post=57390"},{"taxonomy":"wf_page_folders","embeddable":true,"href":"https:\/\/iconproducts.com\/de\/wp-json\/wp\/v2\/wf_page_folders?post=57390"}],"curies":[{"name":"wp","href":"https:\/\/api.w.org\/{rel}","templated":true}]}}