{"id":57504,"date":"2018-09-26T15:22:32","date_gmt":"2018-09-26T13:22:32","guid":{"rendered":"https:\/\/iconproducts.com\/?page_id=57504"},"modified":"2023-11-17T09:14:33","modified_gmt":"2023-11-17T08:14:33","slug":"snow-white","status":"publish","type":"page","link":"https:\/\/iconproducts.com\/de\/icon-color\/ecotech\/snow-white\/","title":{"rendered":"Snow White"},"content":{"rendered":"<p>[vc_row][vc_column]<div class=\"dfd-spacer-module\"  data-units=\"px\" data-wide_resolution=\"1280\" data-wide_size=\"100\" data-normal_resolution=\"1024\" data-normal_size=\"100\" data-tablet_resolution=\"800\" data-tablet_size=\"50\" data-mobile_resolution=\"480\" data-mobile_size=\"50\" style=\"height: 100px;\"><\/div>[\/vc_column][\/vc_row][vc_row][vc_column width=&#8220;1\/2&#8243;]<div id=\"dfd-single-image-module69d321be5191d-3936\" class=\"dfd-single-image-module  image-center \" ><img fetchpriority=\"high\" decoding=\"async\" src=\"https:\/\/iconproducts.com\/wp-content\/uploads\/2019\/05\/snow-white-icon-products-2019.jpg\" width=\"1000\" height=\"1000\"  alt=\"Snow White\" \/><\/div><div class=\"dfd-spacer-module\"  data-units=\"px\" data-wide_resolution=\"1280\" data-wide_size=\"50\" data-normal_resolution=\"1024\" data-normal_size=\"50\" data-tablet_resolution=\"800\" data-tablet_size=\"50\" data-mobile_resolution=\"480\" data-mobile_size=\"50\" style=\"height: 50px;\"><\/div>[\/vc_column][vc_column width=&#8220;1\/2&#8243;]<div class=\"dfd-spacer-module\"  data-units=\"px\" data-wide_resolution=\"1280\" data-wide_size=\"50\" data-normal_resolution=\"1024\" data-normal_size=\"50\" data-tablet_resolution=\"800\" data-tablet_size=\"50\" data-mobile_resolution=\"480\" data-mobile_size=\"50\" style=\"height: 50px;\"><\/div><div class=\"dfd-heading-shortcode\"><div class=\"dfd-heading-module-wrap  text-left style_01 dfd-heading-69d321be51a0c dfd-disable-resposive-headings\" id=\"dfd-heading-69d321be51a0c\" ><div class=\"inline-block\"><div class=\"dfd-heading-module\"><h1 class=\"widget-title dfd-title \" style=\"\">Snow White<\/h1><h3 class=\"widget-sub-title dfd-sub-title \" style=\"\">Blondierungspulver<\/h3><div class=\"dfd-heading-delimiter\"><\/div><\/div><\/div><\/div><script type=\"text\/javascript\">\n\t\t\t\t\t\t\t\t\t(function($) {\n\t\t\t\t\t\t\t\t\t\t$(\"head\").append(\"<style>.dfd-heading-69d321be51a0c.dfd-heading-module-wrap .dfd-heading-module .dfd-heading-delimiter {border-bottom-style:solid;border-bottom-width:1px;width:100px;border-bottom-color:#dddddd;}.dfd-heading-69d321be51a0c.dfd-heading-module-wrap .dfd-heading-module .dfd-heading-delimiter {margin-top:10px;margin-bottom:10px;}<\/style>\");\n\t\t\t\t\t\t\t\t\t})(jQuery);\n\t\t\t\t\t\t\t\t<\/script><\/div>[vc_column_text]<\/p>\n<div class=\"wpb_text_column wpb_content_element \">\n<div class=\"wpb_wrapper\">\n<p><strong>Snow White<\/strong> wurde speziell entwickelt, um maximale Aufhellung mit erstaunlichen Ergebnissen ohne Kompromisse zu erreichen. Dieses Blondierungspulver erm\u00f6glicht es, maximale Aufhellung zu erreichen, w\u00e4hrend es das Haar schont, pflegt und unglaublichen Glanz verleiht.<\/p>\n<p>Mit einer speziellen Wirkstoffkombination aus Verdickungsmittel und hoch entwickelten Mikropudern. Es vermischt sich sofort und erzeugt eine cremige Textur.<\/p>\n<\/div>\n<\/div>\n<p>[\/vc_column_text]<div class=\"dfd-spacer-module\"  data-units=\"px\" data-wide_resolution=\"1280\" data-wide_size=\"50\" data-normal_resolution=\"1024\" data-normal_size=\"50\" data-tablet_resolution=\"800\" data-tablet_size=\"50\" data-mobile_resolution=\"480\" data-mobile_size=\"50\" style=\"height: 50px;\"><\/div><div class=\"dfd-delimier-main-wrapper \" ><div id=\"dfd-delimiter-69d321be51b74-6383\"  class=\"dfd-delimier-wrapper dfd-delimiter-with-line \"  style='text-align:left; ' ><span><span class=\"line\" style=\"border-bottom-width:1px; border-bottom-style:dotted; \"><\/span><\/span><\/div><\/div><div class=\"dfd-spacer-module\"  data-units=\"px\" data-wide_resolution=\"1280\" data-wide_size=\"20\" data-normal_resolution=\"1024\" data-normal_size=\"20\" data-tablet_resolution=\"800\" data-tablet_size=\"20\" data-mobile_resolution=\"480\" data-mobile_size=\"20\" style=\"height: 20px;\"><\/div>[vc_column_text]<strong>Verf\u00fcgbare Gr\u00f6\u00dfen<\/strong>: 17.6 oz.[\/vc_column_text]<div class=\"dfd-spacer-module\"  data-units=\"px\" data-wide_resolution=\"1280\" data-wide_size=\"20\" data-normal_resolution=\"1024\" data-normal_size=\"20\" data-tablet_resolution=\"800\" data-tablet_size=\"20\" data-mobile_resolution=\"480\" data-mobile_size=\"20\" style=\"height: 20px;\"><\/div><div class=\"dfd-delimier-main-wrapper \" ><div id=\"dfd-delimiter-69d321be51c2f-1154\"  class=\"dfd-delimier-wrapper dfd-delimiter-with-line \"  style='text-align:left; ' ><span><span class=\"line\" style=\"border-bottom-width:1px; border-bottom-style:dotted; \"><\/span><\/span><\/div><\/div><div class=\"dfd-spacer-module\"  data-units=\"px\" data-wide_resolution=\"1280\" data-wide_size=\"50\" data-normal_resolution=\"1024\" data-normal_size=\"50\" data-tablet_resolution=\"800\" data-tablet_size=\"50\" data-mobile_resolution=\"480\" data-mobile_size=\"50\" style=\"height: 50px;\"><\/div>[\/vc_column][\/vc_row][vc_row][vc_column]<div class=\"dfd-spacer-module\"  data-units=\"px\" data-wide_resolution=\"1280\" data-wide_size=\"51\" data-normal_resolution=\"1024\" data-normal_size=\"51\" data-tablet_resolution=\"800\" data-tablet_size=\"51\" data-mobile_resolution=\"480\" data-mobile_size=\"51\" style=\"height: 51px;\"><\/div><div class=\"dfd-spacer-module\"  data-units=\"px\" data-wide_resolution=\"1280\" data-wide_size=\"51\" data-normal_resolution=\"1024\" data-normal_size=\"51\" data-tablet_resolution=\"800\" data-tablet_size=\"51\" data-mobile_resolution=\"480\" data-mobile_size=\"51\" style=\"height: 51px;\"><\/div><div class=\"dfd-delimier-main-wrapper \" ><div id=\"dfd-delimiter-69d321be51d0f-9227\"  class=\"dfd-delimier-wrapper dfd-delimiter-with-text \"  style='text-align:left; ' ><span class=\"delim-center\">\n\t\t\t\t<span class=\"text dfd-content-title-small\" style=\"letter-spacing: 4px; font-weight:bold;  color: #000000;\">ECOTECH PRODUCTS<\/span>\n\t\t\t<\/span><script type=\"text\/javascript\">(function($) {$(\"head\").append(\"<style>#dfd-delimiter-69d321be51d0f-9227 .delim-center span:before, #dfd-delimiter-69d321be51d0f-9227 .delim-center span:after { border-bottom-color:#000000; border-bottom-style:dotted; height:1px; border-bottom-width:1px; margin-top: -0.5px; ; } <\/style>\");})(jQuery);<\/script><\/div><\/div><div class=\"dfd-spacer-module\"  data-units=\"px\" data-wide_resolution=\"1280\" data-wide_size=\"50\" data-normal_resolution=\"1024\" data-normal_size=\"50\" data-tablet_resolution=\"800\" data-tablet_size=\"50\" data-mobile_resolution=\"480\" data-mobile_size=\"50\" style=\"height: 50px;\"><\/div>[\/vc_column][\/vc_row][vc_row][vc_column width=&#8220;1\/12&#8243;][\/vc_column][vc_column width=&#8220;10\/12&#8243;]<div id=\"dfd-carousel-69d321be51dbe\" class=\"dfd-carousel-wrapper\"><div class=\"dfd-carousel-module-wrapper  dfd-carousel-horizontal dfd-arrows_aside2 dfd-arrows-style_2 dfd-arrows-enabled\" ><div class=\"dfd-carousel\">[vc_single_image image=&#8220;57319&#8243; add_caption=&#8220;yes&#8220; alignment=&#8220;center&#8220; onclick=&#8220;custom_link&#8220; link=&#8220;https:\/\/iconproducts.com\/de\/ecotech-color\/ecotech\/ecotech-colors\/&#8220; el_class=&#8220;leyenda&#8220;][vc_single_image image=&#8220;57320&#8243; add_caption=&#8220;yes&#8220; alignment=&#8220;center&#8220; onclick=&#8220;custom_link&#8220; link=&#8220;https:\/\/iconproducts.com\/de\/icon-color\/ecotech\/developers\/&#8220; el_class=&#8220;leyenda&#8220;][vc_single_image image=&#8220;57311&#8243; add_caption=&#8220;yes&#8220; alignment=&#8220;center&#8220; onclick=&#8220;custom_link&#8220; el_class=&#8220;leyenda&#8220; link=&#8220;https:\/\/iconproducts.com\/de\/icon-color\/ecotech\/pure-translucent\/&#8220;][vc_single_image image=&#8220;57312&#8243; add_caption=&#8220;yes&#8220; alignment=&#8220;center&#8220; onclick=&#8220;custom_link&#8220; link=&#8220;https:\/\/iconproducts.com\/de\/icon-color\/ecotech\/bleach\/&#8220; el_class=&#8220;leyenda&#8220;][vc_single_image image=&#8220;57313&#8243; add_caption=&#8220;yes&#8220; alignment=&#8220;center&#8220; onclick=&#8220;custom_link&#8220; link=&#8220;https:\/\/iconproducts.com\/de\/icon-color\/ecotech\/snow-white\/&#8220; el_class=&#8220;leyenda&#8220;]<\/div><a href=\"#\" class=\"dfd-slider-control prev\" title=\"Previous slide\"><i class=\"dfd-added-font-icon-left-open2\"><\/i><\/a><a href=\"#\" class=\"dfd-slider-control next\" title=\"Next slide\"><i class=\"dfd-added-font-icon-right-open2\"><\/i><\/a><\/div>\t\t\t\t<script type=\"text\/javascript\">\n\t\t\t\t\t(function($) {\n\t\t\t\t\t\t\"use strict\";\n\t\t\t\t\t\tvar $carousel = $('#dfd-carousel-69d321be51dbe').find('.dfd-carousel');\n\t\t\t\t\t\t$(document).ready(function() {\n\t\t\t\t\t\t\tvar $initialized = ($('body').hasClass('page-template-tmp-side-by-side')) ? $carousel.not('.slick-initialized') : $carousel;\n\t\t\t\t\t\t\t\t\t\t\t\t\t\t$carousel.siblings('.dfd-slider-control.prev').click(function(e) {\n\t\t\t\t\t\t\t\te.preventDefault();\n\t\t\t\t\t\t\t\t$carousel.eq(0).slick('slickPrev');\n\t\t\t\t\t\t\t});\n\t\t\t\t\t\t\t$carousel.siblings('.dfd-slider-control.next').click(function(e) {\n\t\t\t\t\t\t\t\te.preventDefault();\n\t\t\t\t\t\t\t\t$carousel.eq(0).slick('slickNext');\n\t\t\t\t\t\t\t});\n\t\t\t\t\t\t\t$initialized.slick({arrows: false,dotsClass: 'dfd-slick-dots',slidesToScroll: 1,autoplay: true,autoplaySpeed: 3000,dots: false,infinite: true,slidesToShow: 5,speed: 300,swipe: true,draggable: true,adaptiveHeight: true,responsive: [\n\t\t\t\t\t\t\t{\n\t\t\t\t\t\t\t\tbreakpoint: 1024,\n\t\t\t\t\t\t\t\tsettings: {\n\t\t\t\t\t\t\t\t\tslidesToShow: 5,\n\t\t\t\t\t\t\t\t\tslidesToScroll: 1,\n\t\t\t\t\t\t\t\t}\n\t\t\t\t\t\t\t},\n\t\t\t\t\t\t\t{\n\t\t\t\t\t\t\t\tbreakpoint: 800,\n\t\t\t\t\t\t\t\tsettings: {\n\t\t\t\t\t\t\t\t\tslidesToShow: 5,\n\t\t\t\t\t\t\t\t\tslidesToScroll: 1,\n\t\t\t\t\t\t\t\t}\n\t\t\t\t\t\t\t},\n\t\t\t\t\t\t\t{\n\t\t\t\t\t\t\t\tbreakpoint: 480,\n\t\t\t\t\t\t\t\tsettings: {\n\t\t\t\t\t\t\t\t\tslidesToShow: 2,\n\t\t\t\t\t\t\t\t\tslidesToScroll: 1,\n\t\t\t\t\t\t\t\t}\n\t\t\t\t\t\t\t},]});\n\t\t\t\t\t\t\t$(\"head\").append(\"<style>#dfd-carousel-69d321be51dbe > .dfd-carousel-module-wrapper > .dfd-carousel > .slick-list > .slick-track > .dfd-item-wrap > .cover {padding: 10px;}#dfd-carousel-69d321be51dbe {margin: -10px;}#dfd-carousel-69d321be51dbe .dfd-slider-control i, #dfd-carousel-69d321be51dbe .dfd-slider-control .count, #dfd-carousel-69d321be51dbe .dfd-arrows-style_1 .dfd-slider-control:after {color: #000000;}#dfd-carousel-69d321be51dbe .dfd-arrows-style_1 .dfd-slider-control:after, #dfd-carousel-69d321be51dbe .dfd-arrows-style_5 .dfd-slider-control:after {background: #000000;}#dfd-carousel-69d321be51dbe .dfd-slider-control:hover i, #dfd-carousel-69d321be51dbe .dfd-slider-control:hover .count, #dfd-carousel-69d321be51dbe .dfd-arrows-style_1 .dfd-slider-control:hover:after {color: #000000;}#dfd-carousel-69d321be51dbe .dfd-arrows-style_1 .dfd-slider-control:hover:after, #dfd-carousel-69d321be51dbe .dfd-arrows-style_5 .dfd-slider-control:hover:after {background: #000000;}<\/style>\")\t\t\t\t\t\t});\n\t\t\t\t\t})(jQuery);\n\t\t\t\t<\/script>\n            <\/div><div class=\"dfd-spacer-module\"  data-units=\"px\" data-wide_resolution=\"1280\" data-wide_size=\"50\" data-normal_resolution=\"1024\" data-normal_size=\"50\" data-tablet_resolution=\"800\" data-tablet_size=\"50\" data-mobile_resolution=\"480\" data-mobile_size=\"50\" style=\"height: 50px;\"><\/div>[\/vc_column][vc_column width=&#8220;1\/12&#8243;][\/vc_column][\/vc_row]<\/p>\n","protected":false},"excerpt":{"rendered":"<p>[vc_row][vc_column][\/vc_column][\/vc_row][vc_row][vc_column width=&#8220;1\/2&#8243;][\/vc_column][vc_column width=&#8220;1\/2&#8243;][vc_column_text] Snow White wurde speziell entwickelt, um maximale Aufhellung mit erstaunlichen Ergebnissen ohne Kompromisse zu erreichen. Dieses Blondierungspulver erm\u00f6glicht es, maximale Aufhellung zu erreichen, w\u00e4hrend es das Haar<\/p>\n","protected":false},"author":1,"featured_media":57313,"parent":57304,"menu_order":0,"comment_status":"closed","ping_status":"closed","template":"page-custom-with-header.php","meta":{"_acf_changed":false,"footnotes":""},"tags":[],"wf_page_folders":[],"class_list":["post-57504","page","type-page","status-publish","has-post-thumbnail","hentry"],"acf":[],"yoast_head":"<!-- This site is optimized with the Yoast SEO plugin v27.0 - https:\/\/yoast.com\/product\/yoast-seo-wordpress\/ -->\n<title>Snow White | I.C.O.N. Products<\/title>\n<meta name=\"robots\" content=\"index, follow, max-snippet:-1, max-image-preview:large, max-video-preview:-1\" \/>\n<link rel=\"canonical\" href=\"https:\/\/iconproducts.com\/de\/icon-color\/ecotech\/snow-white\/\" \/>\n<meta property=\"og:locale\" content=\"de_DE\" \/>\n<meta property=\"og:type\" content=\"article\" \/>\n<meta property=\"og:title\" content=\"Snow White | I.C.O.N. Products\" \/>\n<meta property=\"og:description\" content=\"[vc_row][vc_column][\/vc_column][\/vc_row][vc_row][vc_column width=&#8220;1\/2&#8243;][\/vc_column][vc_column width=&#8220;1\/2&#8243;][vc_column_text] Snow White wurde speziell entwickelt, um maximale Aufhellung mit erstaunlichen Ergebnissen ohne Kompromisse zu erreichen. Dieses Blondierungspulver erm\u00f6glicht es, maximale Aufhellung zu erreichen, w\u00e4hrend es das Haar\" \/>\n<meta property=\"og:url\" content=\"https:\/\/iconproducts.com\/de\/icon-color\/ecotech\/snow-white\/\" \/>\n<meta property=\"og:site_name\" content=\"I.C.O.N. Products\" \/>\n<meta property=\"article:publisher\" content=\"https:\/\/www.facebook.com\/iconproducts.spain\" \/>\n<meta property=\"article:modified_time\" content=\"2023-11-17T08:14:33+00:00\" \/>\n<meta property=\"og:image\" content=\"https:\/\/iconproducts.com\/wp-content\/uploads\/2019\/05\/snow-white-icon-products-2019.jpg\" \/>\n\t<meta property=\"og:image:width\" content=\"1000\" \/>\n\t<meta property=\"og:image:height\" content=\"1000\" \/>\n\t<meta property=\"og:image:type\" content=\"image\/jpeg\" \/>\n<meta name=\"twitter:card\" content=\"summary_large_image\" \/>\n<script type=\"application\/ld+json\" class=\"yoast-schema-graph\">{\"@context\":\"https:\/\/schema.org\",\"@graph\":[{\"@type\":\"WebPage\",\"@id\":\"https:\/\/iconproducts.com\/de\/icon-color\/ecotech\/snow-white\/\",\"url\":\"https:\/\/iconproducts.com\/de\/icon-color\/ecotech\/snow-white\/\",\"name\":\"Snow White | I.C.O.N. Products\",\"isPartOf\":{\"@id\":\"https:\/\/iconproducts.com\/es\/#website\"},\"primaryImageOfPage\":{\"@id\":\"https:\/\/iconproducts.com\/de\/icon-color\/ecotech\/snow-white\/#primaryimage\"},\"image\":{\"@id\":\"https:\/\/iconproducts.com\/de\/icon-color\/ecotech\/snow-white\/#primaryimage\"},\"thumbnailUrl\":\"https:\/\/iconproducts.com\/wp-content\/uploads\/2019\/05\/snow-white-icon-products-2019.jpg\",\"datePublished\":\"2018-09-26T13:22:32+00:00\",\"dateModified\":\"2023-11-17T08:14:33+00:00\",\"breadcrumb\":{\"@id\":\"https:\/\/iconproducts.com\/de\/icon-color\/ecotech\/snow-white\/#breadcrumb\"},\"inLanguage\":\"de\",\"potentialAction\":[{\"@type\":\"ReadAction\",\"target\":[\"https:\/\/iconproducts.com\/de\/icon-color\/ecotech\/snow-white\/\"]}]},{\"@type\":\"ImageObject\",\"inLanguage\":\"de\",\"@id\":\"https:\/\/iconproducts.com\/de\/icon-color\/ecotech\/snow-white\/#primaryimage\",\"url\":\"https:\/\/iconproducts.com\/wp-content\/uploads\/2019\/05\/snow-white-icon-products-2019.jpg\",\"contentUrl\":\"https:\/\/iconproducts.com\/wp-content\/uploads\/2019\/05\/snow-white-icon-products-2019.jpg\",\"width\":1000,\"height\":1000,\"caption\":\"Snow White\"},{\"@type\":\"BreadcrumbList\",\"@id\":\"https:\/\/iconproducts.com\/de\/icon-color\/ecotech\/snow-white\/#breadcrumb\",\"itemListElement\":[{\"@type\":\"ListItem\",\"position\":1,\"name\":\"I.C.O.N. Products\",\"item\":\"https:\/\/iconproducts.com\/de\/\"},{\"@type\":\"ListItem\",\"position\":2,\"name\":\"I.C.O.N. Color\",\"item\":\"https:\/\/iconproducts.com\/de\/icon-color\/\"},{\"@type\":\"ListItem\",\"position\":3,\"name\":\"Ecotech\",\"item\":\"https:\/\/iconproducts.com\/de\/icon-color\/ecotech\/\"},{\"@type\":\"ListItem\",\"position\":4,\"name\":\"Snow White\"}]},{\"@type\":\"WebSite\",\"@id\":\"https:\/\/iconproducts.com\/es\/#website\",\"url\":\"https:\/\/iconproducts.com\/es\/\",\"name\":\"I.C.O.N. Products\",\"description\":\"Productos de peluquer\u00eda\",\"publisher\":{\"@id\":\"https:\/\/iconproducts.com\/es\/#organization\"},\"potentialAction\":[{\"@type\":\"SearchAction\",\"target\":{\"@type\":\"EntryPoint\",\"urlTemplate\":\"https:\/\/iconproducts.com\/es\/?s={search_term_string}\"},\"query-input\":{\"@type\":\"PropertyValueSpecification\",\"valueRequired\":true,\"valueName\":\"search_term_string\"}}],\"inLanguage\":\"de\"},{\"@type\":\"Organization\",\"@id\":\"https:\/\/iconproducts.com\/es\/#organization\",\"name\":\"I.C.O.N. Products\",\"url\":\"https:\/\/iconproducts.com\/es\/\",\"logo\":{\"@type\":\"ImageObject\",\"inLanguage\":\"de\",\"@id\":\"https:\/\/iconproducts.com\/es\/#\/schema\/logo\/image\/\",\"url\":\"https:\/\/iconproducts.com\/wp-content\/uploads\/2018\/08\/logo-icon-1.jpg\",\"contentUrl\":\"https:\/\/iconproducts.com\/wp-content\/uploads\/2018\/08\/logo-icon-1.jpg\",\"width\":1000,\"height\":1000,\"caption\":\"I.C.O.N. Products\"},\"image\":{\"@id\":\"https:\/\/iconproducts.com\/es\/#\/schema\/logo\/image\/\"},\"sameAs\":[\"https:\/\/www.facebook.com\/iconproducts.spain\",\"https:\/\/www.instagram.com\/iconspain\/\",\"https:\/\/www.youtube.com\/channel\/UCw0myea3fiZRsj72sNBnMqQ\"]}]}<\/script>\n<!-- \/ Yoast SEO plugin. -->","yoast_head_json":{"title":"Snow White | I.C.O.N. Products","robots":{"index":"index","follow":"follow","max-snippet":"max-snippet:-1","max-image-preview":"max-image-preview:large","max-video-preview":"max-video-preview:-1"},"canonical":"https:\/\/iconproducts.com\/de\/icon-color\/ecotech\/snow-white\/","og_locale":"de_DE","og_type":"article","og_title":"Snow White | I.C.O.N. Products","og_description":"[vc_row][vc_column][\/vc_column][\/vc_row][vc_row][vc_column width=&#8220;1\/2&#8243;][\/vc_column][vc_column width=&#8220;1\/2&#8243;][vc_column_text] Snow White wurde speziell entwickelt, um maximale Aufhellung mit erstaunlichen Ergebnissen ohne Kompromisse zu erreichen. Dieses Blondierungspulver erm\u00f6glicht es, maximale Aufhellung zu erreichen, w\u00e4hrend es das Haar","og_url":"https:\/\/iconproducts.com\/de\/icon-color\/ecotech\/snow-white\/","og_site_name":"I.C.O.N. Products","article_publisher":"https:\/\/www.facebook.com\/iconproducts.spain","article_modified_time":"2023-11-17T08:14:33+00:00","og_image":[{"width":1000,"height":1000,"url":"https:\/\/iconproducts.com\/wp-content\/uploads\/2019\/05\/snow-white-icon-products-2019.jpg","type":"image\/jpeg"}],"twitter_card":"summary_large_image","schema":{"@context":"https:\/\/schema.org","@graph":[{"@type":"WebPage","@id":"https:\/\/iconproducts.com\/de\/icon-color\/ecotech\/snow-white\/","url":"https:\/\/iconproducts.com\/de\/icon-color\/ecotech\/snow-white\/","name":"Snow White | I.C.O.N. Products","isPartOf":{"@id":"https:\/\/iconproducts.com\/es\/#website"},"primaryImageOfPage":{"@id":"https:\/\/iconproducts.com\/de\/icon-color\/ecotech\/snow-white\/#primaryimage"},"image":{"@id":"https:\/\/iconproducts.com\/de\/icon-color\/ecotech\/snow-white\/#primaryimage"},"thumbnailUrl":"https:\/\/iconproducts.com\/wp-content\/uploads\/2019\/05\/snow-white-icon-products-2019.jpg","datePublished":"2018-09-26T13:22:32+00:00","dateModified":"2023-11-17T08:14:33+00:00","breadcrumb":{"@id":"https:\/\/iconproducts.com\/de\/icon-color\/ecotech\/snow-white\/#breadcrumb"},"inLanguage":"de","potentialAction":[{"@type":"ReadAction","target":["https:\/\/iconproducts.com\/de\/icon-color\/ecotech\/snow-white\/"]}]},{"@type":"ImageObject","inLanguage":"de","@id":"https:\/\/iconproducts.com\/de\/icon-color\/ecotech\/snow-white\/#primaryimage","url":"https:\/\/iconproducts.com\/wp-content\/uploads\/2019\/05\/snow-white-icon-products-2019.jpg","contentUrl":"https:\/\/iconproducts.com\/wp-content\/uploads\/2019\/05\/snow-white-icon-products-2019.jpg","width":1000,"height":1000,"caption":"Snow White"},{"@type":"BreadcrumbList","@id":"https:\/\/iconproducts.com\/de\/icon-color\/ecotech\/snow-white\/#breadcrumb","itemListElement":[{"@type":"ListItem","position":1,"name":"I.C.O.N. Products","item":"https:\/\/iconproducts.com\/de\/"},{"@type":"ListItem","position":2,"name":"I.C.O.N. Color","item":"https:\/\/iconproducts.com\/de\/icon-color\/"},{"@type":"ListItem","position":3,"name":"Ecotech","item":"https:\/\/iconproducts.com\/de\/icon-color\/ecotech\/"},{"@type":"ListItem","position":4,"name":"Snow White"}]},{"@type":"WebSite","@id":"https:\/\/iconproducts.com\/es\/#website","url":"https:\/\/iconproducts.com\/es\/","name":"I.C.O.N. Products","description":"Productos de peluquer\u00eda","publisher":{"@id":"https:\/\/iconproducts.com\/es\/#organization"},"potentialAction":[{"@type":"SearchAction","target":{"@type":"EntryPoint","urlTemplate":"https:\/\/iconproducts.com\/es\/?s={search_term_string}"},"query-input":{"@type":"PropertyValueSpecification","valueRequired":true,"valueName":"search_term_string"}}],"inLanguage":"de"},{"@type":"Organization","@id":"https:\/\/iconproducts.com\/es\/#organization","name":"I.C.O.N. Products","url":"https:\/\/iconproducts.com\/es\/","logo":{"@type":"ImageObject","inLanguage":"de","@id":"https:\/\/iconproducts.com\/es\/#\/schema\/logo\/image\/","url":"https:\/\/iconproducts.com\/wp-content\/uploads\/2018\/08\/logo-icon-1.jpg","contentUrl":"https:\/\/iconproducts.com\/wp-content\/uploads\/2018\/08\/logo-icon-1.jpg","width":1000,"height":1000,"caption":"I.C.O.N. Products"},"image":{"@id":"https:\/\/iconproducts.com\/es\/#\/schema\/logo\/image\/"},"sameAs":["https:\/\/www.facebook.com\/iconproducts.spain","https:\/\/www.instagram.com\/iconspain\/","https:\/\/www.youtube.com\/channel\/UCw0myea3fiZRsj72sNBnMqQ"]}]}},"_links":{"self":[{"href":"https:\/\/iconproducts.com\/de\/wp-json\/wp\/v2\/pages\/57504","targetHints":{"allow":["GET"]}}],"collection":[{"href":"https:\/\/iconproducts.com\/de\/wp-json\/wp\/v2\/pages"}],"about":[{"href":"https:\/\/iconproducts.com\/de\/wp-json\/wp\/v2\/types\/page"}],"author":[{"embeddable":true,"href":"https:\/\/iconproducts.com\/de\/wp-json\/wp\/v2\/users\/1"}],"replies":[{"embeddable":true,"href":"https:\/\/iconproducts.com\/de\/wp-json\/wp\/v2\/comments?post=57504"}],"version-history":[{"count":1,"href":"https:\/\/iconproducts.com\/de\/wp-json\/wp\/v2\/pages\/57504\/revisions"}],"predecessor-version":[{"id":114990,"href":"https:\/\/iconproducts.com\/de\/wp-json\/wp\/v2\/pages\/57504\/revisions\/114990"}],"up":[{"embeddable":true,"href":"https:\/\/iconproducts.com\/de\/wp-json\/wp\/v2\/pages\/57304"}],"wp:featuredmedia":[{"embeddable":true,"href":"https:\/\/iconproducts.com\/de\/wp-json\/wp\/v2\/media\/57313"}],"wp:attachment":[{"href":"https:\/\/iconproducts.com\/de\/wp-json\/wp\/v2\/media?parent=57504"}],"wp:term":[{"taxonomy":"post_tag","embeddable":true,"href":"https:\/\/iconproducts.com\/de\/wp-json\/wp\/v2\/tags?post=57504"},{"taxonomy":"wf_page_folders","embeddable":true,"href":"https:\/\/iconproducts.com\/de\/wp-json\/wp\/v2\/wf_page_folders?post=57504"}],"curies":[{"name":"wp","href":"https:\/\/api.w.org\/{rel}","templated":true}]}}