{"id":57585,"date":"2018-07-03T17:29:26","date_gmt":"2018-07-03T15:29:26","guid":{"rendered":"https:\/\/iconproducts.com\/?page_id=57585"},"modified":"2023-10-19T09:41:16","modified_gmt":"2023-10-19T07:41:16","slug":"beachy-spray","status":"publish","type":"page","link":"https:\/\/iconproducts.com\/de\/styling\/beachy-spray\/","title":{"rendered":"Beachy Spray"},"content":{"rendered":"<p>[vc_row][vc_column]<div class=\"dfd-spacer-module\"  data-units=\"px\" data-wide_resolution=\"1280\" data-wide_size=\"100\" data-normal_resolution=\"1024\" data-normal_size=\"100\" data-tablet_resolution=\"800\" data-tablet_size=\"50\" data-mobile_resolution=\"480\" data-mobile_size=\"50\" style=\"height: 100px;\"><\/div>[\/vc_column][\/vc_row][vc_row][vc_column width=&#8220;1\/2&#8243;]<div id=\"dfd-single-image-module69d8f3ce75a57-486\" class=\"dfd-single-image-module  image-center \" ><img fetchpriority=\"high\" decoding=\"async\" src=\"https:\/\/iconproducts.com\/wp-content\/uploads\/2021\/04\/beachy-2021.jpg\" width=\"1000\" height=\"1000\"  alt=\"Image module\" \/><\/div>[\/vc_column][vc_column width=&#8220;1\/2&#8243;]<div class=\"dfd-heading-shortcode\"><div class=\"dfd-heading-module-wrap  text-left style_01 dfd-heading-69d8f3ce75ab8 dfd-disable-resposive-headings\" id=\"dfd-heading-69d8f3ce75ab8\" ><div class=\"inline-block\"><div class=\"dfd-heading-module\"><h1 class=\"widget-title dfd-title \" style=\"\">Beachy Spray<\/h1><h1 class=\"widget-sub-title dfd-sub-title \" style=\"\">Salz-Texturizer<\/h1><div class=\"dfd-heading-delimiter\"><\/div><\/div><\/div><\/div><script type=\"text\/javascript\">\n\t\t\t\t\t\t\t\t\t(function($) {\n\t\t\t\t\t\t\t\t\t\t$(\"head\").append(\"<style>.dfd-heading-69d8f3ce75ab8.dfd-heading-module-wrap .dfd-heading-module .dfd-heading-delimiter {border-bottom-style:solid;border-bottom-width:1px;width:100px;border-bottom-color:#dddddd;}.dfd-heading-69d8f3ce75ab8.dfd-heading-module-wrap .dfd-heading-module .dfd-heading-delimiter {margin-top:10px;margin-bottom:10px;}<\/style>\");\n\t\t\t\t\t\t\t\t\t})(jQuery);\n\t\t\t\t\t\t\t\t<\/script><\/div>[vc_column_text]<\/p>\n<div class=\"wpb_text_column wpb_content_element \">\n<div class=\"wpb_wrapper\">\n<p><strong>Was ist das Produkt?<\/strong><br \/>\nSalzspray ohne austrocknende Wirkung.<\/p>\n<p><strong>F\u00fcr welchen Haartyp ist es geeignet?<\/strong><br \/>\nF\u00fcr feine bis mittlere Haarstruktur, lockig oder glatt.<\/p>\n<p><strong>Wirkung:<\/strong><br \/>\nIdeal, um einen Grunge- oder zerzausten Beach-Look mit dem Schutz von B-Vitaminen zu kreieren.<\/p>\n<p><strong>Anwendung:<\/strong><br \/>\nAufspr\u00fchen, einkneten, zerzausen, stylen. Satiniertes Finish.<\/p>\n<\/div>\n<\/div>\n<p>[\/vc_column_text]<div class=\"dfd-spacer-module\"  data-units=\"px\" data-wide_resolution=\"1280\" data-wide_size=\"20\" data-normal_resolution=\"1024\" data-normal_size=\"20\" data-tablet_resolution=\"800\" data-tablet_size=\"20\" data-mobile_resolution=\"480\" data-mobile_size=\"20\" style=\"height: 20px;\"><\/div><div class=\"dfd-delimier-main-wrapper \" ><div id=\"dfd-delimiter-69d8f3ce75c33-5960\"  class=\"dfd-delimier-wrapper dfd-delimiter-with-line \"  style='text-align:left; ' ><span><span class=\"line\" style=\"border-bottom-width:1px; border-bottom-style:dotted; \"><\/span><\/span><\/div><\/div><div class=\"dfd-spacer-module\"  data-units=\"px\" data-wide_resolution=\"1280\" data-wide_size=\"20\" data-normal_resolution=\"1024\" data-normal_size=\"20\" data-tablet_resolution=\"800\" data-tablet_size=\"20\" data-mobile_resolution=\"480\" data-mobile_size=\"20\" style=\"height: 20px;\"><\/div>[vc_row_inner el_class=&#8220;bloque-tamanos&#8220;][vc_column_inner][vc_column_text]<strong>Verf\u00fcgbare Gr\u00f6\u00dfen<\/strong>:[\/vc_column_text]<div class=\"dfd-info-banner style-01  text-center\" ><div class=\"image-cover \"><img decoding=\"async\" src=\"https:\/\/iconproducts.com\/wp-content\/uploads\/2023\/09\/styling-beachy-60x100.jpg\" alt=\"Bild\"  width=\"60\" height=\"100\" class=\"info-banner-image \" \/><\/div><div class=\"info-box-title feature-title\" style=\"\">250 ml.<\/div><div class=\"wrap-delimiter\"><div class=\"delimiter\" ><\/div><\/div><\/div><div class=\"dfd-delimier-main-wrapper \" ><div id=\"dfd-delimiter-69d8f3ce75fdd-9646\"  class=\"dfd-delimier-wrapper dfd-delimiter-with-line \"  style='text-align:left; ' ><span><span class=\"line\" style=\"border-bottom-width:1px; border-bottom-style:dotted; \"><\/span><\/span><\/div><\/div>[\/vc_column_inner][\/vc_row_inner][\/vc_column][\/vc_row][vc_section el_id=&#8220;new-ficha-product&#8220; css=&#8220;.vc_custom_1649262699387{margin-bottom: 60px !important;}&#8220;][vc_row][vc_column]<div class=\"dfd-spacer-module\"  data-units=\"px\" data-wide_resolution=\"1280\" data-wide_size=\"50\" data-normal_resolution=\"1024\" data-normal_size=\"50\" data-tablet_resolution=\"800\" data-tablet_size=\"50\" data-mobile_resolution=\"480\" data-mobile_size=\"50\" style=\"height: 50px;\"><\/div>[dfd_tta_tabs style=&#8220;empty_style&#8220; tab_title_uppercase=&#8220;uppercase&#8220; font_size=&#8220;15&#8243; icon_size=&#8220;15&#8243; active_section=&#8220;1&#8243; tab_title_font_options=&#8220;font_style_bold:1&#8243;][vc_tta_section i_position=&#8220;right&#8220; i_icon_fontawesome=&#8220;fa fa-plus&#8220; add_icon=&#8220;true&#8220; title=&#8220;Aktive Wirkstoffe&#8220; tab_id=&#8220;1648023039495-7bc2b53a-3435&#8243;][vc_row_inner][vc_column_inner width=&#8220;1\/3&#8243; css=&#8220;.vc_custom_1648024148386{padding-bottom: 40px !important;}&#8220; col_inner_shadow=&#8220;box_shadow_enable:disable|shadow_horizontal:0|shadow_vertical:15|shadow_blur:50|shadow_spread:0|box_shadow_color:rgba(0%2C0%2C0%2C0.35)&#8220; col_inner_shadow_hover=&#8220;box_shadow_enable:disable|shadow_horizontal:0|shadow_vertical:15|shadow_blur:50|shadow_spread:0|box_shadow_color:rgba(0%2C0%2C0%2C0.35)&#8220;]<div id=\"idinfobox69d8f3ce76090\" class=\"dfd-info-box clearfix style-01 layout-04 box-ficha-product idinfobox69d8f3ce76090\" ><div class=\"dfd-animate-container\"><div class=\"icon-wrapper\"><div class=\"module-icon\" ><div class=\"hover-layer\" ><\/div><img decoding=\"async\" src=\"https:\/\/iconproducts.com\/wp-content\/uploads\/2022\/04\/VITAMINA-A.jpg\" alt=\"Image icon\" style=\"opacity: 1;\" \/><\/div><\/div><div class=\"content-wrap ovh\"><div class=\"info-box-title feature-title\" style=\"font-size: 18px; font-weight:bold; \">VITAMIN A<\/div><div class=\"wrap-delimiter\"><div class=\"delimiter\" ><\/div><\/div><div class=\"description\" style=\"\">Dieses Antioxidant ist daf\u00fcr bekannt, dass es die Textur und den Glanz des Haares verbessert und es gleichzeitig vor freien Radikalen sch\u00fctzt<\/div><\/div><\/div><\/div>[\/vc_column_inner][vc_column_inner width=&#8220;1\/3&#8243; css=&#8220;.vc_custom_1648024152883{padding-bottom: 40px !important;}&#8220; col_inner_shadow=&#8220;box_shadow_enable:disable|shadow_horizontal:0|shadow_vertical:15|shadow_blur:50|shadow_spread:0|box_shadow_color:rgba(0%2C0%2C0%2C0.35)&#8220; col_inner_shadow_hover=&#8220;box_shadow_enable:disable|shadow_horizontal:0|shadow_vertical:15|shadow_blur:50|shadow_spread:0|box_shadow_color:rgba(0%2C0%2C0%2C0.35)&#8220;]<div id=\"idinfobox69d8f3ce76309\" class=\"dfd-info-box clearfix style-01 layout-04 box-ficha-product idinfobox69d8f3ce76309\" ><div class=\"dfd-animate-container\"><div class=\"icon-wrapper\"><div class=\"module-icon\" ><div class=\"hover-layer\" ><\/div><img decoding=\"async\" src=\"https:\/\/iconproducts.com\/wp-content\/uploads\/2020\/10\/B2.jpg\" alt=\"Image icon\" style=\"opacity: 1;\" \/><\/div><\/div><div class=\"content-wrap ovh\"><div class=\"info-box-title feature-title\" style=\"font-size: 18px; font-weight:bold; \">VITAMIN B5<\/div><div class=\"wrap-delimiter\"><div class=\"delimiter\" ><\/div><\/div><div class=\"description\" style=\"\">Unterst\u00fctzt die Haarelastizit\u00e4t und Haarfeuchtigkeit zu erhalten<\/div><\/div><\/div><\/div>[\/vc_column_inner][vc_column_inner width=&#8220;1\/3&#8243;]<div id=\"idinfobox69d8f3ce76562\" class=\"dfd-info-box clearfix style-01 layout-04 box-ficha-product idinfobox69d8f3ce76562\" ><div class=\"dfd-animate-container\"><div class=\"icon-wrapper\"><div class=\"module-icon\" ><div class=\"hover-layer\" ><\/div><img decoding=\"async\" src=\"https:\/\/iconproducts.com\/wp-content\/uploads\/2022\/04\/VITAMINA-E.jpg\" alt=\"Image icon\" style=\"opacity: 1;\" \/><\/div><\/div><div class=\"content-wrap ovh\"><div class=\"info-box-title feature-title\" style=\"font-size: 18px; font-weight:bold; \">VITAMIN E<\/div><div class=\"wrap-delimiter\"><div class=\"delimiter\" ><\/div><\/div><div class=\"description\" style=\"\">Dieses Vitamin verhindert Haarsch\u00e4den und repariert es gleichzeitig<\/div><\/div><\/div><\/div>[\/vc_column_inner][\/vc_row_inner][\/vc_tta_section][vc_tta_section i_position=&#8220;right&#8220; i_icon_fontawesome=&#8220;fa fa-plus&#8220; add_icon=&#8220;true&#8220; title=&#8220;Wirkstoffe&#8220; tab_id=&#8220;1647965598517-cf28458a-0f46&#8243;][vc_column_text]<i>Aqua (water\/eau), magnesium sulfate, ascorbyl palmitate, benzophenone-4, buteth-3, citric acid, glycerin, panthenol, peg-40 hydrogenated castor oil, phospholipids, ppg-5-ceteth-20, retinyl palmitate, sodium benzotriazolyl butylphenol sulfonate, tocopheryl acetate, tributyl citrate, vp\/va copolymer, potassium sorbate, sodium benzoate, fragrance (parfum)<\/i><\/p>\n<p>Wir sind bestrebt, qualitativ hochwertige, nat\u00fcrliche und umweltbewusste Produkte anzubieten, die leistungsstark und innovativ sind. Die Liste unserer Inhaltsstoffe kann von Zeit zu Zeit variieren, da wir uns \u00fcber die Einhaltung aller Vorschriften hinaus engagieren. Bitte beachten. Die genaue Liste der Inhaltsstoffe finden Sie auf der gedruckten Verpackung..[\/vc_column_text][\/vc_tta_section][vc_tta_section i_position=&#8220;right&#8220; i_icon_fontawesome=&#8220;fas fa-plus&#8220; add_icon=&#8220;true&#8220; title=&#8220;SIE K\u00d6NNEN AUCH M\u00d6GEN&#8220; tab_id=&#8220;1647966124315-b6c96e74-d954&#8243;][vc_row_inner][vc_column_inner width=&#8220;1\/3&#8243;][\/vc_column_inner][vc_column_inner width=&#8220;1\/3&#8243;]<div id=\"idinfobox69d8f3ce7671e\" class=\"dfd-info-box clearfix style-01 layout-01 icono-img idinfobox69d8f3ce7671e text-center\" ><div class=\"dfd-animate-container\"><div class=\"icon-wrapper\"><div class=\"module-icon\" ><div class=\"hover-layer\" ><\/div><img decoding=\"async\" src=\"https:\/\/iconproducts.com\/wp-content\/uploads\/2022\/02\/styling-texturiz.jpg\" alt=\"Image icon\" style=\"opacity: 1;\" \/><\/div><\/div><h6 class=\"info-box-title \" style=\"\">Texturiz<\/h6><div class=\"info-box-subtitle subtitle\" style=\"\">Trockenshampoo \/ Texturspray<\/div><div class=\"wrap-delimiter\"><div class=\"delimiter\" style=\"border-color:#ffffff;\"><\/div><\/div><div class=\"description\" style=\"\"><\/div><a href=\"https:\/\/iconproducts.com\/de\/styling\/texturiz\/\" title=\"Texturiz\"  class=\"full-box-link\"><\/a><\/div><\/div>[\/vc_column_inner][vc_column_inner width=&#8220;1\/3&#8243;][\/vc_column_inner][\/vc_row_inner][\/vc_tta_section][\/dfd_tta_tabs][\/vc_column][\/vc_row][\/vc_section]<\/p>\n","protected":false},"excerpt":{"rendered":"<p>[vc_row][vc_column][\/vc_column][\/vc_row][vc_row][vc_column width=&#8220;1\/2&#8243;][\/vc_column][vc_column width=&#8220;1\/2&#8243;][vc_column_text] Was ist das Produkt? Salzspray ohne austrocknende Wirkung. F\u00fcr welchen Haartyp ist es geeignet? F\u00fcr feine bis mittlere Haarstruktur, lockig oder glatt. Wirkung: Ideal, um einen Grunge-<\/p>\n","protected":false},"author":1,"featured_media":57255,"parent":100296,"menu_order":0,"comment_status":"closed","ping_status":"closed","template":"page-custom-with-header.php","meta":{"_acf_changed":false,"footnotes":""},"tags":[],"wf_page_folders":[],"class_list":["post-57585","page","type-page","status-publish","has-post-thumbnail","hentry"],"acf":[],"yoast_head":"<!-- This site is optimized with the Yoast SEO plugin v27.0 - https:\/\/yoast.com\/product\/yoast-seo-wordpress\/ -->\n<title>Beachy Spray | I.C.O.N. Products<\/title>\n<meta name=\"robots\" content=\"index, follow, max-snippet:-1, max-image-preview:large, max-video-preview:-1\" \/>\n<link rel=\"canonical\" href=\"https:\/\/iconproducts.com\/de\/styling\/beachy-spray\/\" \/>\n<meta property=\"og:locale\" content=\"de_DE\" \/>\n<meta property=\"og:type\" content=\"article\" \/>\n<meta property=\"og:title\" content=\"Beachy Spray | I.C.O.N. Products\" \/>\n<meta property=\"og:description\" content=\"[vc_row][vc_column][\/vc_column][\/vc_row][vc_row][vc_column width=&#8220;1\/2&#8243;][\/vc_column][vc_column width=&#8220;1\/2&#8243;][vc_column_text] Was ist das Produkt? Salzspray ohne austrocknende Wirkung. F\u00fcr welchen Haartyp ist es geeignet? F\u00fcr feine bis mittlere Haarstruktur, lockig oder glatt. Wirkung: Ideal, um einen Grunge-\" \/>\n<meta property=\"og:url\" content=\"https:\/\/iconproducts.com\/de\/styling\/beachy-spray\/\" \/>\n<meta property=\"og:site_name\" content=\"I.C.O.N. Products\" \/>\n<meta property=\"article:publisher\" content=\"https:\/\/www.facebook.com\/iconproducts.spain\" \/>\n<meta property=\"article:modified_time\" content=\"2023-10-19T07:41:16+00:00\" \/>\n<meta property=\"og:image\" content=\"https:\/\/iconproducts.com\/wp-content\/uploads\/2021\/04\/beachy-2021.jpg\" \/>\n\t<meta property=\"og:image:width\" content=\"1000\" \/>\n\t<meta property=\"og:image:height\" content=\"1000\" \/>\n\t<meta property=\"og:image:type\" content=\"image\/jpeg\" \/>\n<meta name=\"twitter:card\" content=\"summary_large_image\" \/>\n<script type=\"application\/ld+json\" class=\"yoast-schema-graph\">{\"@context\":\"https:\/\/schema.org\",\"@graph\":[{\"@type\":\"WebPage\",\"@id\":\"https:\/\/iconproducts.com\/de\/styling\/beachy-spray\/\",\"url\":\"https:\/\/iconproducts.com\/de\/styling\/beachy-spray\/\",\"name\":\"Beachy Spray | I.C.O.N. Products\",\"isPartOf\":{\"@id\":\"https:\/\/iconproducts.com\/es\/#website\"},\"primaryImageOfPage\":{\"@id\":\"https:\/\/iconproducts.com\/de\/styling\/beachy-spray\/#primaryimage\"},\"image\":{\"@id\":\"https:\/\/iconproducts.com\/de\/styling\/beachy-spray\/#primaryimage\"},\"thumbnailUrl\":\"https:\/\/iconproducts.com\/wp-content\/uploads\/2021\/04\/beachy-2021.jpg\",\"datePublished\":\"2018-07-03T15:29:26+00:00\",\"dateModified\":\"2023-10-19T07:41:16+00:00\",\"breadcrumb\":{\"@id\":\"https:\/\/iconproducts.com\/de\/styling\/beachy-spray\/#breadcrumb\"},\"inLanguage\":\"de\",\"potentialAction\":[{\"@type\":\"ReadAction\",\"target\":[\"https:\/\/iconproducts.com\/de\/styling\/beachy-spray\/\"]}]},{\"@type\":\"ImageObject\",\"inLanguage\":\"de\",\"@id\":\"https:\/\/iconproducts.com\/de\/styling\/beachy-spray\/#primaryimage\",\"url\":\"https:\/\/iconproducts.com\/wp-content\/uploads\/2021\/04\/beachy-2021.jpg\",\"contentUrl\":\"https:\/\/iconproducts.com\/wp-content\/uploads\/2021\/04\/beachy-2021.jpg\",\"width\":1000,\"height\":1000,\"caption\":\"Beachy\"},{\"@type\":\"BreadcrumbList\",\"@id\":\"https:\/\/iconproducts.com\/de\/styling\/beachy-spray\/#breadcrumb\",\"itemListElement\":[{\"@type\":\"ListItem\",\"position\":1,\"name\":\"I.C.O.N. Products\",\"item\":\"https:\/\/iconproducts.com\/de\/\"},{\"@type\":\"ListItem\",\"position\":2,\"name\":\"Styling\",\"item\":\"https:\/\/iconproducts.com\/de\/styling\/\"},{\"@type\":\"ListItem\",\"position\":3,\"name\":\"Beachy Spray\"}]},{\"@type\":\"WebSite\",\"@id\":\"https:\/\/iconproducts.com\/es\/#website\",\"url\":\"https:\/\/iconproducts.com\/es\/\",\"name\":\"I.C.O.N. Products\",\"description\":\"Productos de peluquer\u00eda\",\"publisher\":{\"@id\":\"https:\/\/iconproducts.com\/es\/#organization\"},\"potentialAction\":[{\"@type\":\"SearchAction\",\"target\":{\"@type\":\"EntryPoint\",\"urlTemplate\":\"https:\/\/iconproducts.com\/es\/?s={search_term_string}\"},\"query-input\":{\"@type\":\"PropertyValueSpecification\",\"valueRequired\":true,\"valueName\":\"search_term_string\"}}],\"inLanguage\":\"de\"},{\"@type\":\"Organization\",\"@id\":\"https:\/\/iconproducts.com\/es\/#organization\",\"name\":\"I.C.O.N. Products\",\"url\":\"https:\/\/iconproducts.com\/es\/\",\"logo\":{\"@type\":\"ImageObject\",\"inLanguage\":\"de\",\"@id\":\"https:\/\/iconproducts.com\/es\/#\/schema\/logo\/image\/\",\"url\":\"https:\/\/iconproducts.com\/wp-content\/uploads\/2018\/08\/logo-icon-1.jpg\",\"contentUrl\":\"https:\/\/iconproducts.com\/wp-content\/uploads\/2018\/08\/logo-icon-1.jpg\",\"width\":1000,\"height\":1000,\"caption\":\"I.C.O.N. Products\"},\"image\":{\"@id\":\"https:\/\/iconproducts.com\/es\/#\/schema\/logo\/image\/\"},\"sameAs\":[\"https:\/\/www.facebook.com\/iconproducts.spain\",\"https:\/\/www.instagram.com\/iconspain\/\",\"https:\/\/www.youtube.com\/channel\/UCw0myea3fiZRsj72sNBnMqQ\"]}]}<\/script>\n<!-- \/ Yoast SEO plugin. -->","yoast_head_json":{"title":"Beachy Spray | I.C.O.N. Products","robots":{"index":"index","follow":"follow","max-snippet":"max-snippet:-1","max-image-preview":"max-image-preview:large","max-video-preview":"max-video-preview:-1"},"canonical":"https:\/\/iconproducts.com\/de\/styling\/beachy-spray\/","og_locale":"de_DE","og_type":"article","og_title":"Beachy Spray | I.C.O.N. Products","og_description":"[vc_row][vc_column][\/vc_column][\/vc_row][vc_row][vc_column width=&#8220;1\/2&#8243;][\/vc_column][vc_column width=&#8220;1\/2&#8243;][vc_column_text] Was ist das Produkt? Salzspray ohne austrocknende Wirkung. F\u00fcr welchen Haartyp ist es geeignet? F\u00fcr feine bis mittlere Haarstruktur, lockig oder glatt. Wirkung: Ideal, um einen Grunge-","og_url":"https:\/\/iconproducts.com\/de\/styling\/beachy-spray\/","og_site_name":"I.C.O.N. Products","article_publisher":"https:\/\/www.facebook.com\/iconproducts.spain","article_modified_time":"2023-10-19T07:41:16+00:00","og_image":[{"width":1000,"height":1000,"url":"https:\/\/iconproducts.com\/wp-content\/uploads\/2021\/04\/beachy-2021.jpg","type":"image\/jpeg"}],"twitter_card":"summary_large_image","schema":{"@context":"https:\/\/schema.org","@graph":[{"@type":"WebPage","@id":"https:\/\/iconproducts.com\/de\/styling\/beachy-spray\/","url":"https:\/\/iconproducts.com\/de\/styling\/beachy-spray\/","name":"Beachy Spray | I.C.O.N. Products","isPartOf":{"@id":"https:\/\/iconproducts.com\/es\/#website"},"primaryImageOfPage":{"@id":"https:\/\/iconproducts.com\/de\/styling\/beachy-spray\/#primaryimage"},"image":{"@id":"https:\/\/iconproducts.com\/de\/styling\/beachy-spray\/#primaryimage"},"thumbnailUrl":"https:\/\/iconproducts.com\/wp-content\/uploads\/2021\/04\/beachy-2021.jpg","datePublished":"2018-07-03T15:29:26+00:00","dateModified":"2023-10-19T07:41:16+00:00","breadcrumb":{"@id":"https:\/\/iconproducts.com\/de\/styling\/beachy-spray\/#breadcrumb"},"inLanguage":"de","potentialAction":[{"@type":"ReadAction","target":["https:\/\/iconproducts.com\/de\/styling\/beachy-spray\/"]}]},{"@type":"ImageObject","inLanguage":"de","@id":"https:\/\/iconproducts.com\/de\/styling\/beachy-spray\/#primaryimage","url":"https:\/\/iconproducts.com\/wp-content\/uploads\/2021\/04\/beachy-2021.jpg","contentUrl":"https:\/\/iconproducts.com\/wp-content\/uploads\/2021\/04\/beachy-2021.jpg","width":1000,"height":1000,"caption":"Beachy"},{"@type":"BreadcrumbList","@id":"https:\/\/iconproducts.com\/de\/styling\/beachy-spray\/#breadcrumb","itemListElement":[{"@type":"ListItem","position":1,"name":"I.C.O.N. Products","item":"https:\/\/iconproducts.com\/de\/"},{"@type":"ListItem","position":2,"name":"Styling","item":"https:\/\/iconproducts.com\/de\/styling\/"},{"@type":"ListItem","position":3,"name":"Beachy Spray"}]},{"@type":"WebSite","@id":"https:\/\/iconproducts.com\/es\/#website","url":"https:\/\/iconproducts.com\/es\/","name":"I.C.O.N. Products","description":"Productos de peluquer\u00eda","publisher":{"@id":"https:\/\/iconproducts.com\/es\/#organization"},"potentialAction":[{"@type":"SearchAction","target":{"@type":"EntryPoint","urlTemplate":"https:\/\/iconproducts.com\/es\/?s={search_term_string}"},"query-input":{"@type":"PropertyValueSpecification","valueRequired":true,"valueName":"search_term_string"}}],"inLanguage":"de"},{"@type":"Organization","@id":"https:\/\/iconproducts.com\/es\/#organization","name":"I.C.O.N. Products","url":"https:\/\/iconproducts.com\/es\/","logo":{"@type":"ImageObject","inLanguage":"de","@id":"https:\/\/iconproducts.com\/es\/#\/schema\/logo\/image\/","url":"https:\/\/iconproducts.com\/wp-content\/uploads\/2018\/08\/logo-icon-1.jpg","contentUrl":"https:\/\/iconproducts.com\/wp-content\/uploads\/2018\/08\/logo-icon-1.jpg","width":1000,"height":1000,"caption":"I.C.O.N. Products"},"image":{"@id":"https:\/\/iconproducts.com\/es\/#\/schema\/logo\/image\/"},"sameAs":["https:\/\/www.facebook.com\/iconproducts.spain","https:\/\/www.instagram.com\/iconspain\/","https:\/\/www.youtube.com\/channel\/UCw0myea3fiZRsj72sNBnMqQ"]}]}},"_links":{"self":[{"href":"https:\/\/iconproducts.com\/de\/wp-json\/wp\/v2\/pages\/57585","targetHints":{"allow":["GET"]}}],"collection":[{"href":"https:\/\/iconproducts.com\/de\/wp-json\/wp\/v2\/pages"}],"about":[{"href":"https:\/\/iconproducts.com\/de\/wp-json\/wp\/v2\/types\/page"}],"author":[{"embeddable":true,"href":"https:\/\/iconproducts.com\/de\/wp-json\/wp\/v2\/users\/1"}],"replies":[{"embeddable":true,"href":"https:\/\/iconproducts.com\/de\/wp-json\/wp\/v2\/comments?post=57585"}],"version-history":[{"count":4,"href":"https:\/\/iconproducts.com\/de\/wp-json\/wp\/v2\/pages\/57585\/revisions"}],"predecessor-version":[{"id":112850,"href":"https:\/\/iconproducts.com\/de\/wp-json\/wp\/v2\/pages\/57585\/revisions\/112850"}],"up":[{"embeddable":true,"href":"https:\/\/iconproducts.com\/de\/wp-json\/wp\/v2\/pages\/100296"}],"wp:featuredmedia":[{"embeddable":true,"href":"https:\/\/iconproducts.com\/de\/wp-json\/wp\/v2\/media\/57255"}],"wp:attachment":[{"href":"https:\/\/iconproducts.com\/de\/wp-json\/wp\/v2\/media?parent=57585"}],"wp:term":[{"taxonomy":"post_tag","embeddable":true,"href":"https:\/\/iconproducts.com\/de\/wp-json\/wp\/v2\/tags?post=57585"},{"taxonomy":"wf_page_folders","embeddable":true,"href":"https:\/\/iconproducts.com\/de\/wp-json\/wp\/v2\/wf_page_folders?post=57585"}],"curies":[{"name":"wp","href":"https:\/\/api.w.org\/{rel}","templated":true}]}}