{"id":57612,"date":"2018-06-07T16:22:36","date_gmt":"2018-06-07T14:22:36","guid":{"rendered":"https:\/\/iconproducts.com\/?page_id=57612"},"modified":"2023-11-09T18:06:46","modified_gmt":"2023-11-09T17:06:46","slug":"conditioner","status":"publish","type":"page","link":"https:\/\/iconproducts.com\/de\/india\/conditioner\/","title":{"rendered":"Conditioner"},"content":{"rendered":"<p>[vc_row][vc_column]<div class=\"dfd-spacer-module\"  data-units=\"px\" data-wide_resolution=\"1280\" data-wide_size=\"100\" data-normal_resolution=\"1024\" data-normal_size=\"100\" data-tablet_resolution=\"800\" data-tablet_size=\"50\" data-mobile_resolution=\"480\" data-mobile_size=\"50\" style=\"height: 100px;\"><\/div>[\/vc_column][\/vc_row][vc_row][vc_column width=&#8220;1\/2&#8243;]<div id=\"dfd-single-image-module69ee6a536d633-893\" class=\"dfd-single-image-module  image-center \" ><img fetchpriority=\"high\" decoding=\"async\" src=\"https:\/\/iconproducts.com\/wp-content\/uploads\/2019\/05\/india-condicionador-icon-products-2019.jpg\" width=\"1000\" height=\"1000\"  alt=\"Acondicionador India | I.C.O.N. India | I.C.O.N. Products\" \/><\/div><div class=\"dfd-spacer-module\"  data-units=\"px\" data-wide_resolution=\"1280\" data-wide_size=\"50\" data-normal_resolution=\"1024\" data-normal_size=\"50\" data-tablet_resolution=\"800\" data-tablet_size=\"50\" data-mobile_resolution=\"480\" data-mobile_size=\"50\" style=\"height: 50px;\"><\/div>[\/vc_column][vc_column width=&#8220;1\/2&#8243;]<div class=\"dfd-heading-shortcode\"><div class=\"dfd-heading-module-wrap  text-left style_01 dfd-heading-69ee6a536d6d0 dfd-disable-resposive-headings\" id=\"dfd-heading-69ee6a536d6d0\" ><div class=\"inline-block\"><div class=\"dfd-heading-module\"><h1 class=\"widget-title dfd-title \" style=\"\">Conditioner<\/h1><h1 class=\"widget-sub-title dfd-sub-title \" style=\"\">Feuchtigkeitsspendender Haar-Yurveda-Conditioner<\/h1><div class=\"dfd-heading-delimiter\"><\/div><\/div><\/div><\/div><script type=\"text\/javascript\">\n\t\t\t\t\t\t\t\t\t(function($) {\n\t\t\t\t\t\t\t\t\t\t$(\"head\").append(\"<style>.dfd-heading-69ee6a536d6d0.dfd-heading-module-wrap .dfd-heading-module .dfd-heading-delimiter {border-bottom-style:solid;border-bottom-width:1px;width:100px;border-bottom-color:#dddddd;}.dfd-heading-69ee6a536d6d0.dfd-heading-module-wrap .dfd-heading-module .dfd-heading-delimiter {margin-top:10px;margin-bottom:10px;}<\/style>\");\n\t\t\t\t\t\t\t\t\t})(jQuery);\n\t\t\t\t\t\t\t\t<\/script><\/div>[vc_column_text]<strong>Was ist das Produkt?<\/strong><br \/>\nSt\u00e4rkender Conditioner<\/p>\n<p><strong>F\u00fcr welchen Haartyp ist es geeignet? <\/strong><br \/>\nIdeal f\u00fcr stumpfes und lebloses Haar<\/p>\n<p><strong>Wirkung:<\/strong><br \/>\nVerwandelt die innere und \u00e4u\u00dfere Gesundheit des Haares, f\u00f6rdert ein ges\u00fcnderes Haarwachstum und verleiht ihm tiefe Brillanz.<\/p>\n<p><strong>Anwendung:<\/strong><br \/>\nNach der Haarw\u00e4sche auf handtuchtrockenes Haar auftragen und 2-5 Minuten einwirken lassen. Anschlie\u00dfend sorgf\u00e4ltig aussp\u00fclen. F\u00fcr optimale Ergebnisse nach dem Waschen India Shampoo anwenden.[\/vc_column_text]<div class=\"dfd-spacer-module\"  data-units=\"px\" data-wide_resolution=\"1280\" data-wide_size=\"20\" data-normal_resolution=\"1024\" data-normal_size=\"20\" data-tablet_resolution=\"800\" data-tablet_size=\"20\" data-mobile_resolution=\"480\" data-mobile_size=\"20\" style=\"height: 20px;\"><\/div><div class=\"dfd-delimier-main-wrapper \" ><div id=\"dfd-delimiter-69ee6a536d84f-1482\"  class=\"dfd-delimier-wrapper dfd-delimiter-with-line \"  style='text-align:left; ' ><span><span class=\"line\" style=\"border-bottom-width:1px; border-bottom-style:dotted; \"><\/span><\/span><\/div><\/div><div class=\"dfd-spacer-module\"  data-units=\"px\" data-wide_resolution=\"1280\" data-wide_size=\"20\" data-normal_resolution=\"1024\" data-normal_size=\"20\" data-tablet_resolution=\"800\" data-tablet_size=\"20\" data-mobile_resolution=\"480\" data-mobile_size=\"20\" style=\"height: 20px;\"><\/div>[vc_row_inner el_class=&#8220;bloque-tamanos&#8220;][vc_column_inner][vc_column_text]<strong>Verf\u00fcgbare Gr\u00f6\u00dfen<\/strong>:[\/vc_column_text]<div class=\"dfd-info-banner style-01  text-center\" ><div class=\"image-cover \"><img decoding=\"async\" src=\"https:\/\/iconproducts.com\/wp-content\/uploads\/2023\/09\/india-250-60x100.jpg\" alt=\"Bild\"  width=\"60\" height=\"100\" class=\"info-banner-image \" \/><\/div><div class=\"info-box-title feature-title\" style=\"\">250 ml.<\/div><div class=\"wrap-delimiter\"><div class=\"delimiter\" ><\/div><\/div><\/div><div class=\"dfd-info-banner style-01  text-center\" ><div class=\"image-cover \"><img decoding=\"async\" src=\"https:\/\/iconproducts.com\/wp-content\/uploads\/2023\/09\/litro-india-60x100.jpg\" alt=\"Bild\"  width=\"60\" height=\"100\" class=\"info-banner-image \" \/><\/div><div class=\"info-box-title feature-title\" style=\"\">1 l.<\/div><div class=\"wrap-delimiter\"><div class=\"delimiter\" ><\/div><\/div><\/div><div class=\"dfd-delimier-main-wrapper \" ><div id=\"dfd-delimiter-69ee6a536df58-23\"  class=\"dfd-delimier-wrapper dfd-delimiter-with-line \"  style='text-align:left; ' ><span><span class=\"line\" style=\"border-bottom-width:1px; border-bottom-style:dotted; \"><\/span><\/span><\/div><\/div>[\/vc_column_inner][\/vc_row_inner][\/vc_column][\/vc_row][vc_section el_id=&#8220;new-ficha-product&#8220; css=&#8220;.vc_custom_1650218698125{margin-bottom: 60px !important;}&#8220;][vc_row][vc_column]<div class=\"dfd-spacer-module\"  data-units=\"px\" data-wide_resolution=\"1280\" data-wide_size=\"50\" data-normal_resolution=\"1024\" data-normal_size=\"50\" data-tablet_resolution=\"800\" data-tablet_size=\"50\" data-mobile_resolution=\"480\" data-mobile_size=\"50\" style=\"height: 50px;\"><\/div>[dfd_tta_tabs style=&#8220;empty_style&#8220; tab_title_uppercase=&#8220;uppercase&#8220; font_size=&#8220;15&#8243; icon_size=&#8220;15&#8243; active_section=&#8220;1&#8243; tab_title_font_options=&#8220;font_style_bold:1&#8243;][vc_tta_section i_position=&#8220;right&#8220; i_icon_fontawesome=&#8220;fa fa-plus&#8220; add_icon=&#8220;true&#8220; title=&#8220;AKTIVE WIRKSTOFFE&#8220; tab_id=&#8220;1648023039495-7bc2b53a-3435&#8243;][vc_row_inner][vc_column_inner width=&#8220;1\/4&#8243; css=&#8220;.vc_custom_1648024148386{padding-bottom: 40px !important;}&#8220; col_inner_shadow=&#8220;box_shadow_enable:disable|shadow_horizontal:0|shadow_vertical:15|shadow_blur:50|shadow_spread:0|box_shadow_color:rgba(0%2C0%2C0%2C0.35)&#8220; col_inner_shadow_hover=&#8220;box_shadow_enable:disable|shadow_horizontal:0|shadow_vertical:15|shadow_blur:50|shadow_spread:0|box_shadow_color:rgba(0%2C0%2C0%2C0.35)&#8220;]<div id=\"idinfobox69ee6a536e00f\" class=\"dfd-info-box clearfix style-01 layout-04 box-ficha-product idinfobox69ee6a536e00f\" ><div class=\"dfd-animate-container\"><div class=\"icon-wrapper\"><div class=\"module-icon\" ><div class=\"hover-layer\" ><\/div><img decoding=\"async\" src=\"https:\/\/iconproducts.com\/wp-content\/uploads\/2018\/06\/moringa.png\" alt=\"Image icon\" style=\"opacity: 1;\" \/><\/div><\/div><div class=\"content-wrap ovh\"><div class=\"info-box-title feature-title\" style=\"font-size: 18px; font-weight:bold; \">MORINGA\u00d6L<\/div><div class=\"wrap-delimiter\"><div class=\"delimiter\" ><\/div><\/div><div class=\"description\" style=\"\">Es enth\u00e4lt mehr als 90 N\u00e4hrstoffe; unerl\u00e4sslich f\u00fcr die Reparatur und Heilung des Haares <\/div><\/div><\/div><\/div>[\/vc_column_inner][vc_column_inner width=&#8220;1\/4&#8243; css=&#8220;.vc_custom_1648024152883{padding-bottom: 40px !important;}&#8220; col_inner_shadow=&#8220;box_shadow_enable:disable|shadow_horizontal:0|shadow_vertical:15|shadow_blur:50|shadow_spread:0|box_shadow_color:rgba(0%2C0%2C0%2C0.35)&#8220; col_inner_shadow_hover=&#8220;box_shadow_enable:disable|shadow_horizontal:0|shadow_vertical:15|shadow_blur:50|shadow_spread:0|box_shadow_color:rgba(0%2C0%2C0%2C0.35)&#8220;]<div id=\"idinfobox69ee6a536e2ec\" class=\"dfd-info-box clearfix style-01 layout-04 box-ficha-product idinfobox69ee6a536e2ec\" ><div class=\"dfd-animate-container\"><div class=\"icon-wrapper\"><div class=\"module-icon\" ><div class=\"hover-layer\" ><\/div><img decoding=\"async\" src=\"https:\/\/iconproducts.com\/wp-content\/uploads\/2018\/06\/argan.png\" alt=\"Image icon\" style=\"opacity: 1;\" \/><\/div><\/div><div class=\"content-wrap ovh\"><div class=\"info-box-title feature-title\" style=\"font-size: 18px; font-weight:bold; \">ARGAN\u00d6L<\/div><div class=\"wrap-delimiter\"><div class=\"delimiter\" ><\/div><\/div><div class=\"description\" style=\"\">N\u00e4hrt und befeuchtet das Haar. Die K\u00e4mmbarkeit wird verbessert, Frizz wird vermieden <\/div><\/div><\/div><\/div>[\/vc_column_inner][vc_column_inner width=&#8220;1\/4&#8243; css=&#8220;.vc_custom_1648024158832{padding-bottom: 40px !important;}&#8220; col_inner_shadow=&#8220;box_shadow_enable:disable|shadow_horizontal:0|shadow_vertical:15|shadow_blur:50|shadow_spread:0|box_shadow_color:rgba(0%2C0%2C0%2C0.35)&#8220; col_inner_shadow_hover=&#8220;box_shadow_enable:disable|shadow_horizontal:0|shadow_vertical:15|shadow_blur:50|shadow_spread:0|box_shadow_color:rgba(0%2C0%2C0%2C0.35)&#8220;]<div id=\"idinfobox69ee6a536e4c6\" class=\"dfd-info-box clearfix style-01 layout-04 box-ficha-product idinfobox69ee6a536e4c6\" ><div class=\"dfd-animate-container\"><div class=\"icon-wrapper\"><div class=\"module-icon\" ><div class=\"hover-layer\" ><\/div><img decoding=\"async\" src=\"https:\/\/iconproducts.com\/wp-content\/uploads\/2018\/06\/ambar.png\" alt=\"Image icon\" style=\"opacity: 1;\" \/><\/div><\/div><div class=\"content-wrap ovh\"><div class=\"info-box-title feature-title\" style=\"font-size: 17px; font-weight:bold; \">BERNSTEIN<\/div><div class=\"wrap-delimiter\"><div class=\"delimiter\" ><\/div><\/div><div class=\"description\" style=\"\">Dieser seit dem Altertum verwendete Duft umh\u00fcllt uns, beruhigt unsere Sinne und steigert unsere Energie<\/div><\/div><\/div><\/div>[\/vc_column_inner][vc_column_inner width=&#8220;1\/4&#8243;]<div id=\"idinfobox69ee6a536e692\" class=\"dfd-info-box clearfix style-01 layout-04 box-ficha-product idinfobox69ee6a536e692\" ><div class=\"dfd-animate-container\"><div class=\"icon-wrapper\"><div class=\"module-icon\" ><div class=\"hover-layer\" ><\/div><img decoding=\"async\" src=\"https:\/\/iconproducts.com\/wp-content\/uploads\/2021\/01\/algas.jpg\" alt=\"Image icon\" style=\"opacity: 1;\" \/><\/div><\/div><div class=\"content-wrap ovh\"><div class=\"info-box-title feature-title\" style=\"font-size: 17px; font-weight:bold; \">SEETANG<\/div><div class=\"wrap-delimiter\"><div class=\"delimiter\" ><\/div><\/div><div class=\"description\" style=\"\">Dank seines hohen Gehalts an Mineralsalzen, Jod, Vitaminen und Proteinen tonisieren, st\u00e4rken und revitalisieren sie das Haar<\/div><\/div><\/div><\/div>[\/vc_column_inner][\/vc_row_inner][\/vc_tta_section][vc_tta_section i_position=&#8220;right&#8220; i_icon_fontawesome=&#8220;fa fa-plus&#8220; add_icon=&#8220;true&#8220; title=&#8220;WIRKSTOFFE&#8220; tab_id=&#8220;1647965598517-cf28458a-0f46&#8243;][vc_column_text]<em> Aqua (water\/eau), cetrimonium chloride, cetearyl alcohol, behentrimonium chloride, cetyl alcohol, stearyl alcohol, glycerin, ethyl macadamiate, diheptyl succinate, capryloyl glycerin\/sebacic acid copolymer, moringa oleifera seed oil, argania spinosa (argan) oil, tetrahexyldecyl ascorbate (vitamin c), tocopheryl acetate (vitamin e), spirulina maxima (algae) extract, fucus vesiculosus (bladderwrack) extract, macrocystis pyrifera (kelp) extract, chondrus crispus (carrageenan) extract, algae extract, aloe barbadensis (aloe vera) leaf juice, sodium pca, urea, trehalose, sodium hyaluronate, panthenol (pro vitamin b-5), butyrospermum parkii (shea) butter, parfum (fragrance), tetrasodium glutamate diacetate, polyquaternium-51, triacetin, benzophenone-4, 1,2-hexanediol, caprylyl glycol, hexylene glycol, eugenol, blue 1, red 33, brown 1<\/em><\/p>\n<p>Wir sind bestrebt, qualitativ hochwertige, nat\u00fcrliche und umweltbewusste Produkte anzubieten, die leistungsstark und innovativ sind. Die Liste unserer Inhaltsstoffe kann von Zeit zu Zeit variieren, da wir uns \u00fcber die Einhaltung aller Vorschriften hinaus engagieren. Bitte beachten. Die genaue Liste der Inhaltsstoffe finden Sie auf der gedruckten Verpackung..[\/vc_column_text][\/vc_tta_section][vc_tta_section i_position=&#8220;right&#8220; i_icon_fontawesome=&#8220;fa fa-plus&#8220; add_icon=&#8220;true&#8220; title=&#8220;VERWANDTE PRODUKTE&#8220; tab_id=&#8220;1647966124315-b6c96e74-d954&#8243;][vc_row_inner][vc_column_inner width=&#8220;1\/4&#8243;]<div id=\"idinfobox69ee6a536e93f\" class=\"dfd-info-box clearfix style-01 layout-01 icono-img idinfobox69ee6a536e93f text-center\" ><div class=\"dfd-animate-container\"><div class=\"icon-wrapper\"><div class=\"module-icon\" ><div class=\"hover-layer\" ><\/div><img decoding=\"async\" src=\"https:\/\/iconproducts.com\/wp-content\/uploads\/2020\/06\/india-shampoo-icon-products-2019.jpg\" alt=\"Image icon\" style=\"opacity: 1;\" \/><\/div><\/div><h6 class=\"info-box-title \" style=\"\">India<\/h6><div class=\"info-box-subtitle subtitle\" style=\"\">Shampoo<\/div><div class=\"wrap-delimiter\"><div class=\"delimiter\" style=\"border-color:#ffffff;\"><\/div><\/div><div class=\"description\" style=\"\"><\/div><a href=\"https:\/\/iconproducts.com\/de\/india\/shampoo\/\" title=\"India Shampoo\"  class=\"full-box-link\"><\/a><\/div><\/div>[\/vc_column_inner][vc_column_inner width=&#8220;1\/4&#8243;]<div id=\"idinfobox69ee6a536eb44\" class=\"dfd-info-box clearfix style-01 layout-01 icono-img idinfobox69ee6a536eb44 text-center\" ><div class=\"dfd-animate-container\"><div class=\"icon-wrapper\"><div class=\"module-icon\" ><div class=\"hover-layer\" ><\/div><img decoding=\"async\" src=\"https:\/\/iconproducts.com\/wp-content\/uploads\/2020\/06\/india-oil-icon-products-2019-1.jpg\" alt=\"Image icon\" style=\"opacity: 1;\" \/><\/div><\/div><h6 class=\"info-box-title \" style=\"\">India<\/h6><div class=\"info-box-subtitle subtitle\" style=\"\">Oil<\/div><div class=\"wrap-delimiter\"><div class=\"delimiter\" style=\"border-color:#ffffff;\"><\/div><\/div><div class=\"description\" style=\"\"><\/div><a href=\"https:\/\/iconproducts.com\/de\/india\/oil\/\" title=\"India Oil\"  class=\"full-box-link\"><\/a><\/div><\/div>[\/vc_column_inner][vc_column_inner width=&#8220;1\/4&#8243;]<div id=\"idinfobox69ee6a536ed2f\" class=\"dfd-info-box clearfix style-01 layout-01 icono-img idinfobox69ee6a536ed2f text-center\" ><div class=\"dfd-animate-container\"><div class=\"icon-wrapper\"><div class=\"module-icon\" ><div class=\"hover-layer\" ><\/div><img decoding=\"async\" src=\"https:\/\/iconproducts.com\/wp-content\/uploads\/2020\/09\/india-DRY.jpg\" alt=\"Image icon\" style=\"opacity: 1;\" \/><\/div><\/div><h6 class=\"info-box-title \" style=\"\">India<\/h6><div class=\"info-box-subtitle subtitle\" style=\"\">Dry Oil<\/div><div class=\"wrap-delimiter\"><div class=\"delimiter\" style=\"border-color:#ffffff;\"><\/div><\/div><div class=\"description\" style=\"\"><\/div><a href=\"https:\/\/iconproducts.com\/de\/india\/dry\/\" title=\"India Dry Oil\"  class=\"full-box-link\"><\/a><\/div><\/div>[\/vc_column_inner][vc_column_inner width=&#8220;1\/4&#8243;]<div id=\"idinfobox69ee6a536efc8\" class=\"dfd-info-box clearfix style-01 layout-01 icono-img idinfobox69ee6a536efc8 text-center\" ><div class=\"dfd-animate-container\"><div class=\"icon-wrapper\"><div class=\"module-icon\" ><div class=\"hover-layer\" ><\/div><img decoding=\"async\" src=\"https:\/\/iconproducts.com\/wp-content\/uploads\/2020\/06\/india-curl-cream-icon-products-2019.jpg\" alt=\"Image icon\" style=\"opacity: 1;\" \/><\/div><\/div><h6 class=\"info-box-title \" style=\"\">India<\/h6><div class=\"info-box-subtitle subtitle\" style=\"\">Curl Cream<\/div><div class=\"wrap-delimiter\"><div class=\"delimiter\" style=\"border-color:#ffffff;\"><\/div><\/div><div class=\"description\" style=\"\"><\/div><a href=\"https:\/\/iconproducts.com\/de\/india\/curl-cream\/\" title=\"India Curl Cream\"  class=\"full-box-link\"><\/a><\/div><\/div>[\/vc_column_inner][\/vc_row_inner][\/vc_tta_section][\/dfd_tta_tabs][\/vc_column][\/vc_row][\/vc_section]<\/p>\n","protected":false},"excerpt":{"rendered":"<p>[vc_row][vc_column][\/vc_column][\/vc_row][vc_row][vc_column width=&#8220;1\/2&#8243;][\/vc_column][vc_column width=&#8220;1\/2&#8243;][vc_column_text]Was ist das Produkt? St\u00e4rkender Conditioner F\u00fcr welchen Haartyp ist es geeignet? Ideal f\u00fcr stumpfes und lebloses Haar Wirkung: Verwandelt die innere und \u00e4u\u00dfere Gesundheit des Haares, f\u00f6rdert<\/p>\n","protected":false},"author":1,"featured_media":57621,"parent":57259,"menu_order":0,"comment_status":"closed","ping_status":"closed","template":"page-custom-with-header.php","meta":{"_acf_changed":false,"footnotes":""},"tags":[],"wf_page_folders":[],"class_list":["post-57612","page","type-page","status-publish","has-post-thumbnail","hentry"],"acf":[],"yoast_head":"<!-- This site is optimized with the Yoast SEO plugin v27.0 - https:\/\/yoast.com\/product\/yoast-seo-wordpress\/ -->\n<title>Conditioner | I.C.O.N. Products<\/title>\n<meta name=\"robots\" content=\"index, follow, max-snippet:-1, max-image-preview:large, max-video-preview:-1\" \/>\n<link rel=\"canonical\" href=\"https:\/\/iconproducts.com\/de\/india\/conditioner\/\" \/>\n<meta property=\"og:locale\" content=\"de_DE\" \/>\n<meta property=\"og:type\" content=\"article\" \/>\n<meta property=\"og:title\" content=\"Conditioner | I.C.O.N. Products\" \/>\n<meta property=\"og:description\" content=\"[vc_row][vc_column][\/vc_column][\/vc_row][vc_row][vc_column width=&#8220;1\/2&#8243;][\/vc_column][vc_column width=&#8220;1\/2&#8243;][vc_column_text]Was ist das Produkt? St\u00e4rkender Conditioner F\u00fcr welchen Haartyp ist es geeignet? Ideal f\u00fcr stumpfes und lebloses Haar Wirkung: Verwandelt die innere und \u00e4u\u00dfere Gesundheit des Haares, f\u00f6rdert\" \/>\n<meta property=\"og:url\" content=\"https:\/\/iconproducts.com\/de\/india\/conditioner\/\" \/>\n<meta property=\"og:site_name\" content=\"I.C.O.N. Products\" \/>\n<meta property=\"article:publisher\" content=\"https:\/\/www.facebook.com\/iconproducts.spain\" \/>\n<meta property=\"article:modified_time\" content=\"2023-11-09T17:06:46+00:00\" \/>\n<meta property=\"og:image\" content=\"https:\/\/iconproducts.com\/wp-content\/uploads\/2020\/06\/india-condicionador-icon-products-2019.jpg\" \/>\n\t<meta property=\"og:image:width\" content=\"1000\" \/>\n\t<meta property=\"og:image:height\" content=\"1000\" \/>\n\t<meta property=\"og:image:type\" content=\"image\/jpeg\" \/>\n<meta name=\"twitter:card\" content=\"summary_large_image\" \/>\n<script type=\"application\/ld+json\" class=\"yoast-schema-graph\">{\"@context\":\"https:\/\/schema.org\",\"@graph\":[{\"@type\":\"WebPage\",\"@id\":\"https:\/\/iconproducts.com\/de\/india\/conditioner\/\",\"url\":\"https:\/\/iconproducts.com\/de\/india\/conditioner\/\",\"name\":\"Conditioner | I.C.O.N. Products\",\"isPartOf\":{\"@id\":\"https:\/\/iconproducts.com\/es\/#website\"},\"primaryImageOfPage\":{\"@id\":\"https:\/\/iconproducts.com\/de\/india\/conditioner\/#primaryimage\"},\"image\":{\"@id\":\"https:\/\/iconproducts.com\/de\/india\/conditioner\/#primaryimage\"},\"thumbnailUrl\":\"https:\/\/iconproducts.com\/wp-content\/uploads\/2020\/06\/india-condicionador-icon-products-2019.jpg\",\"datePublished\":\"2018-06-07T14:22:36+00:00\",\"dateModified\":\"2023-11-09T17:06:46+00:00\",\"breadcrumb\":{\"@id\":\"https:\/\/iconproducts.com\/de\/india\/conditioner\/#breadcrumb\"},\"inLanguage\":\"de\",\"potentialAction\":[{\"@type\":\"ReadAction\",\"target\":[\"https:\/\/iconproducts.com\/de\/india\/conditioner\/\"]}]},{\"@type\":\"ImageObject\",\"inLanguage\":\"de\",\"@id\":\"https:\/\/iconproducts.com\/de\/india\/conditioner\/#primaryimage\",\"url\":\"https:\/\/iconproducts.com\/wp-content\/uploads\/2020\/06\/india-condicionador-icon-products-2019.jpg\",\"contentUrl\":\"https:\/\/iconproducts.com\/wp-content\/uploads\/2020\/06\/india-condicionador-icon-products-2019.jpg\",\"width\":1000,\"height\":1000,\"caption\":\"CONDITIONER\"},{\"@type\":\"BreadcrumbList\",\"@id\":\"https:\/\/iconproducts.com\/de\/india\/conditioner\/#breadcrumb\",\"itemListElement\":[{\"@type\":\"ListItem\",\"position\":1,\"name\":\"I.C.O.N. Products\",\"item\":\"https:\/\/iconproducts.com\/de\/\"},{\"@type\":\"ListItem\",\"position\":2,\"name\":\"India\",\"item\":\"https:\/\/iconproducts.com\/de\/india\/\"},{\"@type\":\"ListItem\",\"position\":3,\"name\":\"Conditioner\"}]},{\"@type\":\"WebSite\",\"@id\":\"https:\/\/iconproducts.com\/es\/#website\",\"url\":\"https:\/\/iconproducts.com\/es\/\",\"name\":\"I.C.O.N. Products\",\"description\":\"Productos de peluquer\u00eda\",\"publisher\":{\"@id\":\"https:\/\/iconproducts.com\/es\/#organization\"},\"potentialAction\":[{\"@type\":\"SearchAction\",\"target\":{\"@type\":\"EntryPoint\",\"urlTemplate\":\"https:\/\/iconproducts.com\/es\/?s={search_term_string}\"},\"query-input\":{\"@type\":\"PropertyValueSpecification\",\"valueRequired\":true,\"valueName\":\"search_term_string\"}}],\"inLanguage\":\"de\"},{\"@type\":\"Organization\",\"@id\":\"https:\/\/iconproducts.com\/es\/#organization\",\"name\":\"I.C.O.N. Products\",\"url\":\"https:\/\/iconproducts.com\/es\/\",\"logo\":{\"@type\":\"ImageObject\",\"inLanguage\":\"de\",\"@id\":\"https:\/\/iconproducts.com\/es\/#\/schema\/logo\/image\/\",\"url\":\"https:\/\/iconproducts.com\/wp-content\/uploads\/2018\/08\/logo-icon-1.jpg\",\"contentUrl\":\"https:\/\/iconproducts.com\/wp-content\/uploads\/2018\/08\/logo-icon-1.jpg\",\"width\":1000,\"height\":1000,\"caption\":\"I.C.O.N. Products\"},\"image\":{\"@id\":\"https:\/\/iconproducts.com\/es\/#\/schema\/logo\/image\/\"},\"sameAs\":[\"https:\/\/www.facebook.com\/iconproducts.spain\",\"https:\/\/www.instagram.com\/iconspain\/\",\"https:\/\/www.youtube.com\/channel\/UCw0myea3fiZRsj72sNBnMqQ\"]}]}<\/script>\n<!-- \/ Yoast SEO plugin. -->","yoast_head_json":{"title":"Conditioner | I.C.O.N. Products","robots":{"index":"index","follow":"follow","max-snippet":"max-snippet:-1","max-image-preview":"max-image-preview:large","max-video-preview":"max-video-preview:-1"},"canonical":"https:\/\/iconproducts.com\/de\/india\/conditioner\/","og_locale":"de_DE","og_type":"article","og_title":"Conditioner | I.C.O.N. Products","og_description":"[vc_row][vc_column][\/vc_column][\/vc_row][vc_row][vc_column width=&#8220;1\/2&#8243;][\/vc_column][vc_column width=&#8220;1\/2&#8243;][vc_column_text]Was ist das Produkt? St\u00e4rkender Conditioner F\u00fcr welchen Haartyp ist es geeignet? Ideal f\u00fcr stumpfes und lebloses Haar Wirkung: Verwandelt die innere und \u00e4u\u00dfere Gesundheit des Haares, f\u00f6rdert","og_url":"https:\/\/iconproducts.com\/de\/india\/conditioner\/","og_site_name":"I.C.O.N. Products","article_publisher":"https:\/\/www.facebook.com\/iconproducts.spain","article_modified_time":"2023-11-09T17:06:46+00:00","og_image":[{"width":1000,"height":1000,"url":"https:\/\/iconproducts.com\/wp-content\/uploads\/2020\/06\/india-condicionador-icon-products-2019.jpg","type":"image\/jpeg"}],"twitter_card":"summary_large_image","schema":{"@context":"https:\/\/schema.org","@graph":[{"@type":"WebPage","@id":"https:\/\/iconproducts.com\/de\/india\/conditioner\/","url":"https:\/\/iconproducts.com\/de\/india\/conditioner\/","name":"Conditioner | I.C.O.N. Products","isPartOf":{"@id":"https:\/\/iconproducts.com\/es\/#website"},"primaryImageOfPage":{"@id":"https:\/\/iconproducts.com\/de\/india\/conditioner\/#primaryimage"},"image":{"@id":"https:\/\/iconproducts.com\/de\/india\/conditioner\/#primaryimage"},"thumbnailUrl":"https:\/\/iconproducts.com\/wp-content\/uploads\/2020\/06\/india-condicionador-icon-products-2019.jpg","datePublished":"2018-06-07T14:22:36+00:00","dateModified":"2023-11-09T17:06:46+00:00","breadcrumb":{"@id":"https:\/\/iconproducts.com\/de\/india\/conditioner\/#breadcrumb"},"inLanguage":"de","potentialAction":[{"@type":"ReadAction","target":["https:\/\/iconproducts.com\/de\/india\/conditioner\/"]}]},{"@type":"ImageObject","inLanguage":"de","@id":"https:\/\/iconproducts.com\/de\/india\/conditioner\/#primaryimage","url":"https:\/\/iconproducts.com\/wp-content\/uploads\/2020\/06\/india-condicionador-icon-products-2019.jpg","contentUrl":"https:\/\/iconproducts.com\/wp-content\/uploads\/2020\/06\/india-condicionador-icon-products-2019.jpg","width":1000,"height":1000,"caption":"CONDITIONER"},{"@type":"BreadcrumbList","@id":"https:\/\/iconproducts.com\/de\/india\/conditioner\/#breadcrumb","itemListElement":[{"@type":"ListItem","position":1,"name":"I.C.O.N. Products","item":"https:\/\/iconproducts.com\/de\/"},{"@type":"ListItem","position":2,"name":"India","item":"https:\/\/iconproducts.com\/de\/india\/"},{"@type":"ListItem","position":3,"name":"Conditioner"}]},{"@type":"WebSite","@id":"https:\/\/iconproducts.com\/es\/#website","url":"https:\/\/iconproducts.com\/es\/","name":"I.C.O.N. Products","description":"Productos de peluquer\u00eda","publisher":{"@id":"https:\/\/iconproducts.com\/es\/#organization"},"potentialAction":[{"@type":"SearchAction","target":{"@type":"EntryPoint","urlTemplate":"https:\/\/iconproducts.com\/es\/?s={search_term_string}"},"query-input":{"@type":"PropertyValueSpecification","valueRequired":true,"valueName":"search_term_string"}}],"inLanguage":"de"},{"@type":"Organization","@id":"https:\/\/iconproducts.com\/es\/#organization","name":"I.C.O.N. Products","url":"https:\/\/iconproducts.com\/es\/","logo":{"@type":"ImageObject","inLanguage":"de","@id":"https:\/\/iconproducts.com\/es\/#\/schema\/logo\/image\/","url":"https:\/\/iconproducts.com\/wp-content\/uploads\/2018\/08\/logo-icon-1.jpg","contentUrl":"https:\/\/iconproducts.com\/wp-content\/uploads\/2018\/08\/logo-icon-1.jpg","width":1000,"height":1000,"caption":"I.C.O.N. Products"},"image":{"@id":"https:\/\/iconproducts.com\/es\/#\/schema\/logo\/image\/"},"sameAs":["https:\/\/www.facebook.com\/iconproducts.spain","https:\/\/www.instagram.com\/iconspain\/","https:\/\/www.youtube.com\/channel\/UCw0myea3fiZRsj72sNBnMqQ"]}]}},"_links":{"self":[{"href":"https:\/\/iconproducts.com\/de\/wp-json\/wp\/v2\/pages\/57612","targetHints":{"allow":["GET"]}}],"collection":[{"href":"https:\/\/iconproducts.com\/de\/wp-json\/wp\/v2\/pages"}],"about":[{"href":"https:\/\/iconproducts.com\/de\/wp-json\/wp\/v2\/types\/page"}],"author":[{"embeddable":true,"href":"https:\/\/iconproducts.com\/de\/wp-json\/wp\/v2\/users\/1"}],"replies":[{"embeddable":true,"href":"https:\/\/iconproducts.com\/de\/wp-json\/wp\/v2\/comments?post=57612"}],"version-history":[{"count":4,"href":"https:\/\/iconproducts.com\/de\/wp-json\/wp\/v2\/pages\/57612\/revisions"}],"predecessor-version":[{"id":114765,"href":"https:\/\/iconproducts.com\/de\/wp-json\/wp\/v2\/pages\/57612\/revisions\/114765"}],"up":[{"embeddable":true,"href":"https:\/\/iconproducts.com\/de\/wp-json\/wp\/v2\/pages\/57259"}],"wp:featuredmedia":[{"embeddable":true,"href":"https:\/\/iconproducts.com\/de\/wp-json\/wp\/v2\/media\/57621"}],"wp:attachment":[{"href":"https:\/\/iconproducts.com\/de\/wp-json\/wp\/v2\/media?parent=57612"}],"wp:term":[{"taxonomy":"post_tag","embeddable":true,"href":"https:\/\/iconproducts.com\/de\/wp-json\/wp\/v2\/tags?post=57612"},{"taxonomy":"wf_page_folders","embeddable":true,"href":"https:\/\/iconproducts.com\/de\/wp-json\/wp\/v2\/wf_page_folders?post=57612"}],"curies":[{"name":"wp","href":"https:\/\/api.w.org\/{rel}","templated":true}]}}