{"id":57711,"date":"2019-09-26T10:29:27","date_gmt":"2019-09-26T10:29:27","guid":{"rendered":"https:\/\/iconproducts.com\/?page_id=57711"},"modified":"2021-05-12T08:18:30","modified_gmt":"2021-05-12T08:18:30","slug":"gq-interviews-jorge-rubin","status":"publish","type":"page","link":"https:\/\/iconproducts.com\/de\/gq-interviews-jorge-rubin\/","title":{"rendered":"GQ interviewt Jorge Rub\u00edn"},"content":{"rendered":"<p>[vc_row][vc_column]<div class=\"dfd-spacer-module\"  data-units=\"px\" data-wide_resolution=\"1280\" data-wide_size=\"51\" data-normal_resolution=\"1024\" data-normal_size=\"51\" data-tablet_resolution=\"800\" data-tablet_size=\"51\" data-mobile_resolution=\"480\" data-mobile_size=\"51\" style=\"height: 51px;\"><\/div><div class=\"dfd-heading-shortcode\"><div class=\"dfd-heading-module-wrap  text-center style_01 dfd-heading-69da7fbe78cfc dfd-disable-resposive-headings\" id=\"dfd-heading-69da7fbe78cfc\" ><div class=\"inline-block\"><div class=\"dfd-heading-module\"><h1 class=\"widget-title dfd-title \" style=\"\"><strong>GQ<\/strong> interviewt <strong>Jorge Rub\u00edn<\/strong><\/h1><div class=\"dfd-heading-delimiter\"><\/div><\/div><\/div><\/div><script type=\"text\/javascript\">\n\t\t\t\t\t\t\t\t\t(function($) {\n\t\t\t\t\t\t\t\t\t\t$(\"head\").append(\"<style>.dfd-heading-69da7fbe78cfc.dfd-heading-module-wrap .dfd-heading-module .dfd-heading-delimiter {border-bottom-style:solid;border-bottom-width:1px;width:100px;border-bottom-color:#dddddd;}.dfd-heading-69da7fbe78cfc.dfd-heading-module-wrap .dfd-heading-module .dfd-heading-delimiter {margin-top:10px;margin-bottom:10px;}<\/style>\");\n\t\t\t\t\t\t\t\t\t})(jQuery);\n\t\t\t\t\t\t\t\t<\/script><\/div><div class=\"dfd-spacer-module\"  data-units=\"px\" data-wide_resolution=\"1280\" data-wide_size=\"30\" data-normal_resolution=\"1024\" data-normal_size=\"30\" data-tablet_resolution=\"800\" data-tablet_size=\"30\" data-mobile_resolution=\"480\" data-mobile_size=\"30\" style=\"height: 30px;\"><\/div>[vc_column_text]<\/p>\n<p style=\"text-align: center;\">Von Vigo in die Welt. <strong>Jorge Rub\u00edn<\/strong>, CEO und Gr\u00fcnder von I.C.O.N., leitet von Galizien aus eine der wichtigsten Kosmetikfirmen des ganzen Planeten.<\/p>\n<p>[\/vc_column_text]<div class=\"dfd-spacer-module\"  data-units=\"px\" data-wide_resolution=\"1280\" data-wide_size=\"51\" data-normal_resolution=\"1024\" data-normal_size=\"51\" data-tablet_resolution=\"800\" data-tablet_size=\"51\" data-mobile_resolution=\"480\" data-mobile_size=\"51\" style=\"height: 51px;\"><\/div>[\/vc_column][\/vc_row][vc_row][vc_column width=&#8220;1\/2&#8243; css=&#8220;.vc_custom_1539168064893{padding-right: 2% !important;}&#8220;][vc_single_image image=&#8220;57720&#8243; img_size=&#8220;full&#8220; alignment=&#8220;center&#8220; onclick=&#8220;link_image&#8220;]<div class=\"dfd-spacer-module\"  data-units=\"px\" data-wide_resolution=\"1280\" data-wide_size=\"51\" data-normal_resolution=\"1024\" data-normal_size=\"51\" data-tablet_resolution=\"800\" data-tablet_size=\"51\" data-mobile_resolution=\"480\" data-mobile_size=\"51\" style=\"height: 51px;\"><\/div>[\/vc_column][vc_column width=&#8220;1\/2&#8243; css=&#8220;.vc_custom_1539168069644{padding-left: 2% !important;}&#8220;][vc_column_text]Es ist m\u00f6glich, dass Jorge Rub\u00edn ein sehr wichtiger Gesch\u00e4ftsmann geworden ist, der zwischen den USA und Europa lebt, aber er hat seinen galizischen Akzent nicht verloren.<\/p>\n<p>Das ist wohl die Folge davon, dass er ein multinationales Unternehmen mit zwei Hauptquartieren unterh\u00e4lt: in L.A., wo seine Partnerin Chiara die Untersuchung, Entwicklung und Herstellung neuer Produkte sowie den amerikanischen und australischen Markt leitet; und in Vigo, wo Jorge selbst die Gesch\u00e4ftsentwicklung, das Marketing und die Ausbildung der Friseure leitet, abgesehen von den Bereichen Europa und Asien.<\/p>\n<p style=\"text-align: justify;\"><em>\u201cIch k\u00f6nnte in Madrid leben, aber das will ich nicht&#8220;, sagt der Gesch\u00e4ftsmann in einer Suite des Puerta America Hotels in Madrid, kurz vor Beginn einer Konferenz. &#8222;Ich habe den Hauptsitz in Vigo, weil es eine sch\u00f6ne Stadt ist, meine Stadt. Und weil wir in Vigo den Hafen haben und unsere Produkte auf dem Seeweg ankommen. Au\u00dferdem, weil ich mein Land, mein Volk, weiter entwickeln m\u00f6chte. Ich bin Galicier&#8220;, sagt er stolz<\/em>.<\/p>\n<p>[\/vc_column_text][\/vc_column][\/vc_row][vc_row][vc_column]<div class=\"dfd-spacer-module\"  data-units=\"px\" data-wide_resolution=\"1280\" data-wide_size=\"30\" data-normal_resolution=\"1024\" data-normal_size=\"30\" data-tablet_resolution=\"800\" data-tablet_size=\"30\" data-mobile_resolution=\"480\" data-mobile_size=\"30\" style=\"height: 30px;\"><\/div>[vc_column_text]<\/p>\n<p style=\"text-align: justify;\"><em>Jorge sagt gerne, dass er durch Zufall in der Friseurbranche gelandet ist. &#8222;Mein Vater hatte einen Friseursalon und die Leute, die mit ihm arbeiteten, lie\u00dfen ihn allein&#8220;, sagt er. &#8222;Jorge, du musst dein Studium abbrechen oder nebenbei weiterarbeiten, denn du musst helfen.&#8220; In einem Familienbetrieb ist man immer irgendwie involviert. Wenn deine Eltern ein Caf\u00e9 haben, musst du am Ende Kaffee servieren. Als ich anfing, merkte ich, dass es einen Weg gibt, dann begann ich zu reisen, Salons zu er\u00f6ffnen&#8230; Dann traf ich ein amerikanisches Unternehmen aus dieser Branche, ich begann mit ihnen, ich reiste in die USA und sah, dass es viele Gesch\u00e4ftsm\u00f6glichkeiten gab.&#8220;<br \/>\n<\/em><\/p>\n<p style=\"text-align: justify;\">Schlie\u00dflich entschied sich Rub\u00edn, seine Firma zu verkaufen und startete 2002 zusammen mit seiner Partnerin Chiara das Gesch\u00e4ftsabenteuer I.C.O.N.&#8220; Wir fanden den Namen, weil wir eine Ikone sein wollten, und dann das Akronym. International Company Oriented to Network. Denn die Idee des Unternehmens war es, \u00fcber Distributoren zu arbeiten, als unabh\u00e4ngige Partner, die das Gesch\u00e4ft in verschiedenen L\u00e4ndern entwickeln k\u00f6nnen&#8220;.<\/p>\n<blockquote>\n<p><strong>DIE IDEE DES UNTERNEHMENS WAR ES, DURCH DISTRIBUTOREN ZU ARBEITEN, ALS UNABH\u00c4NGIGE PARTNER, DIE DAS GESCH\u00c4FT IN VERSCHIEDENEN L\u00c4NDERN ENTWICKELN KONNTEN..<\/strong><\/p>\n<\/blockquote>\n<p style=\"text-align: justify;\">&#8218;EDUCATION, EDUCATION, EDUCATION&#8216; Die I.C.O.N.-Philosophie basiert auf zwei S\u00e4ulen. Auf der einen Seite \u00f6kologische Behandlungs- und Stylingprodukte, die technologisch fortschrittliche Inhaltsstoffe enthalten. Zum anderen auf der kontinuierlichen Schulung der Friseure, mit denen wir zusammenarbeiten, die immer exklusiv f\u00fcr sie erfolgt. &#8222;Unsere St\u00e4rke ist die Ausbildung&#8220;, r\u00e4umt Rub\u00edn ein.<\/p>\n<p style=\"text-align: justify;\"><em>\u201cDer Friseur braucht Produkte, denn es sind fl\u00fcssige Werkzeuge. Aber was sie wirklich brauchen, ist Ausbildung. Man wird als Friseur geboren, aber wenn man gut ist, braucht man Personal, man braucht Leute, und dann braucht man noch andere Dinge: wie man ein Team f\u00fchrt, wie man sein Personal managt, wie man den Salon organisiert&#8230; Das hei\u00dft, wie man von einem Salon, der Dienstleistungen erbringt, zu einem Friseurgesch\u00e4ft kommt.\u201d<\/em><\/p>\n<p style=\"text-align: justify;\"><em>\u201cFr\u00fcher war das Friseurhandwerk nur das Schneiden von Haaren, so wie Zahn\u00e4rzte Z\u00e4hne ziehen&#8220;, sagt Rub\u00edn, &#8222;aber heute sind die Sch\u00f6nheitssalons der Ort, wo die Leute hingehen, um sich um ihre Haare zu k\u00fcmmern. Hier kommen wir ins Spiel&#8220;. Und dann ist da noch das Einzelhandelsgesch\u00e4ft: &#8222;In der Tat sind Friseure heute im Badezimmer des Kunden. Wir kreieren Produkte f\u00fcr Kunden, die in Friseursalons verkauft werden, und wir m\u00fcssen die Friseursalons gut ausbilden und gut ausw\u00e4hlen, damit sie unsere Produkte empfehlen k\u00f6nnen<\/em><em>\u201d<\/em>.<\/p>\n<blockquote>\n<p><strong>WIR KREIEREN PRODUKTE F\u00dcR KUNDEN, DIE IN FRISEURSALONS VERKAUFT WERDEN, UND WIR M\u00dcSSEN DIE FRISEURSALONS GUT AUSBILDEN UND GUT AUSW\u00c4HLEN, DAMIT SIE UNSERE PRODUKTE EMPFEHLEN K\u00d6NNEN.<\/strong><\/p>\n<\/blockquote>\n<p style=\"text-align: justify;\">Zwischen den verschiedenen I.C.O.N.-Produktlinien gibt es eine maskuline, Mr. A, eine Hommage an Mister Alfredo, Rub\u00edns Vater. &#8222;Mein Vater war ein Friseur. Er fing in einem Friseursalon an, und daraus wurde ein Salon, dann ein gemischter Friseursalon, er trennte M\u00e4nner von Frauen und die M\u00e4nner gingen. Diejenigen, die sich frisieren lassen wollten, gingen nicht in den Friseursalon, weil es ein Barbierschnitt war&#8220;, sagt Jorge, er erw\u00e4hnt die Bildung als Werkzeug, um nicht die gleichen Fehler wie sein Vater zu machen. &#8222;Ich denke zum Beispiel, dass die meisten Barbershops den letzten Boom nicht ausgenutzt haben. Anstatt ihre Arbeit aufzuwerten, verlangen sie weiterhin 8 Euro daf\u00fcr. Die Welt gibt ihnen eine andere Chance, und die meisten sind geblieben, wie sie sind, n\u00e4mlich nur Haare schneiden&#8220;. Am Ende m\u00fcssen wir unser Handwerk professionalisieren. &#8222;Es ist mein Job, mein Unternehmen, mein Leben&#8220;.<\/p>\n<p><em>\u201cFr\u00fcher war Friseurhandwerk einfach nur Haare schneiden, so wie Zahn\u00e4rzte Z\u00e4hne ziehen&#8220;, sagt Rub\u00edn, &#8222;aber heute sind das Sch\u00f6nheitssalons, in die die Leute gehen, um ihre Haare zu pflegen<\/em><em>&#8222;.<\/em><\/p>\n<blockquote>\n<p><strong>AM ENDE M\u00dcSSEN WIR UNSER HANDWERK PROFESSIONALISIEREN. &#8222;ES IST MEIN JOB, MEIN UNTERNEHMEN, MEIN LEBEN&#8220;.<\/strong><\/p>\n<\/blockquote>\n<p>[\/vc_column_text][\/vc_column][\/vc_row][vc_row][vc_column]<div class=\"dfd-spacer-module\"  data-units=\"px\" data-wide_resolution=\"1280\" data-wide_size=\"51\" data-normal_resolution=\"1024\" data-normal_size=\"51\" data-tablet_resolution=\"800\" data-tablet_size=\"51\" data-mobile_resolution=\"480\" data-mobile_size=\"51\" style=\"height: 51px;\"><\/div>[\/vc_column][\/vc_row][vc_row][vc_column]<div id=\"dfd-button-69da7fbe78f8d\" class=\"dfd-button-module-wrap dfd-button-69da7fbe78f8d\"><div class=\"dfd-button-module  style_3 dfd-button-full-width text-center dfd-horizontal dfd-top-to-bottom dfd-button-icon-left dfd-button-icon-hover-simple\" ><a href=\"https:\/\/iconproducts.com\/de\/the-company\/jorge-rubin-interviews\/\" class=\"dfd-button-link\"><span class=\"dfd-button-inner-cover\"><span class=\"dfd-button-text-main\"><i class=\"dfd-icon-right_6\"><\/i>BACK<\/span><\/span><\/a><\/div><script type=\"text\/javascript\">\n\t\t\t\t\t\t\t\t\t(function($) {$(\"head\").append(\"<style>#dfd-button-69da7fbe78f8d.dfd-button-module-wrap .dfd-button-module .dfd-button-link .dfd-button-inner-cover span i, .dfd-button-69da7fbe78f8d.dfd-button-module-wrap .dfd-button-module .dfd-button-link .dfd-button-inner-cover span i {font-size: 18px;}#dfd-button-69da7fbe78f8d.dfd-button-module-wrap .dfd-button-module .dfd-button-link .dfd-button-inner-cover .dfd-button-text-main,.dfd-button-69da7fbe78f8d.dfd-button-module-wrap .dfd-button-module .dfd-button-link .dfd-button-inner-cover .dfd-button-text-main {color: #ffffff}#dfd-button-69da7fbe78f8d.dfd-button-module-wrap .dfd-button-module .dfd-button-link .dfd-button-inner-cover,.dfd-button-69da7fbe78f8d.dfd-button-module-wrap .dfd-button-module .dfd-button-link .dfd-button-border-decoration,.dfd-button-69da7fbe78f8d.dfd-button-module-wrap .dfd-button-module .dfd-button-link .dfd-button-inner-cover {border-radius:2px;}#dfd-button-69da7fbe78f8d.dfd-button-module-wrap .dfd-button-module:not(.style_4) .dfd-button-link .dfd-button-inner-cover:before,#dfd-button-69da7fbe78f8d.dfd-button-module-wrap .dfd-button-module.style_4 .dfd-button-link .dfd-button-inner-cover:after,#dfd-button-69da7fbe78f8d.dfd-button-module-wrap .dfd-button-module.style_6 .dfd-button-link .dfd-button-inner-cover .dfd-button-text-main,.dfd-button-69da7fbe78f8d.dfd-button-module-wrap .dfd-button-module:not(.style_4) .dfd-button-link .dfd-button-inner-cover:before,.dfd-button-69da7fbe78f8d.dfd-button-module-wrap .dfd-button-module.style_4 .dfd-button-link .dfd-button-inner-cover:after,.dfd-button-69da7fbe78f8d.dfd-button-module-wrap .dfd-button-module.style_6 .dfd-button-link .dfd-button-inner-cover .dfd-button-text-main {background: #1b1b1b;border-style:none;border-width:1px;border-radius:2px;border-color:#1b1b1b;}#dfd-button-69da7fbe78f8d.dfd-button-module-wrap .dfd-button-module:not(.style_6) .dfd-button-link:hover .dfd-button-inner-cover .dfd-button-text-main,#dfd-button-69da7fbe78f8d.dfd-button-module-wrap .dfd-button-module .dfd-button-link .dfd-button-inner-cover .dfd-button-text-hover,.dfd-button-69da7fbe78f8d.dfd-button-module-wrap .dfd-button-module:not(.style_6) .dfd-button-link:hover .dfd-button-inner-cover .dfd-button-text-main,.dfd-button-69da7fbe78f8d.dfd-button-module-wrap .dfd-button-module .dfd-button-link .dfd-button-inner-cover .dfd-button-text-hover {color: #000000;}#dfd-button-69da7fbe78f8d.dfd-button-module-wrap .dfd-button-module .dfd-button-link:hover .dfd-button-inner-cover,.dfd-button-69da7fbe78f8d.dfd-button-module-wrap .dfd-button-module .dfd-button-link:hover .dfd-button-border-decoration,.dfd-button-69da7fbe78f8d.dfd-button-module-wrap .dfd-button-module .dfd-button-link:hover .dfd-button-inner-cover {border-radius:2px;}#dfd-button-69da7fbe78f8d.dfd-button-module-wrap .dfd-button-module:not(.style_4) .dfd-button-link .dfd-button-inner-cover:after,#dfd-button-69da7fbe78f8d.dfd-button-module-wrap .dfd-button-module.style_4 .dfd-button-link .dfd-button-inner-cover:before,#dfd-button-69da7fbe78f8d.dfd-button-module-wrap .dfd-button-module .dfd-button-link .dfd-button-inner-cover .dfd-button-text-hover .dfd-button-69da7fbe78f8d.dfd-button-module-wrap .dfd-button-module:not(.style_4) .dfd-button-link .dfd-button-inner-cover:after,.dfd-button-69da7fbe78f8d.dfd-button-module-wrap .dfd-button-module.style_4 .dfd-button-link .dfd-button-inner-cover:before,.dfd-button-69da7fbe78f8d.dfd-button-module-wrap .dfd-button-module .dfd-button-link .dfd-button-inner-cover .dfd-button-text-hover {background: #ffffff;border-style:solid;border-width:1px;border-radius:2px;border-color:#000000;}#dfd-button-69da7fbe78f8d.dfd-button-module-wrap .dfd-button-module.style_3 .dfd-button-link:hover .dfd-button-inner-cover:before,#dfd-button-69da7fbe78f8d.dfd-button-module-wrap .dfd-button-module.style_4 .dfd-button-link:hover .dfd-button-inner-cover:before,.dfd-button-69da7fbe78f8d.dfd-button-module-wrap .dfd-button-module.style_3 .dfd-button-link:hover .dfd-button-inner-cover:before,.dfd-button-69da7fbe78f8d.dfd-button-module-wrap .dfd-button-module.style_4 .dfd-button-link:hover .dfd-button-inner-cover:before {border-style:solid;border-width:1px;border-radius:2px;border-color:#000000;}#dfd-button-69da7fbe78f8d.dfd-button-module-wrap .dfd-button-module .dfd-button-link .dfd-button-inner-cover .dfd-button-text-main i,.dfd-button-69da7fbe78f8d.dfd-button-module-wrap .dfd-button-module .dfd-button-link .dfd-button-inner-cover .dfd-button-text-main i {color: #ffffff;}#dfd-button-69da7fbe78f8d.dfd-button-module-wrap .dfd-button-module .dfd-button-link:hover .dfd-button-inner-cover .dfd-button-text-main i,.dfd-button-69da7fbe78f8d.dfd-button-module-wrap .dfd-button-module .dfd-button-link:hover .dfd-button-inner-cover .dfd-button-text-main i {color: #3b55e6;}<\/style>\")\n\t\t\t\t\t\t\t\t\t})(jQuery);\n\t\t\t\t\t\t\t\t<\/script><\/div><div class=\"dfd-spacer-module\"  data-units=\"px\" data-wide_resolution=\"1280\" data-wide_size=\"51\" data-normal_resolution=\"1024\" data-normal_size=\"51\" data-tablet_resolution=\"800\" data-tablet_size=\"51\" data-mobile_resolution=\"480\" data-mobile_size=\"51\" style=\"height: 51px;\"><\/div><div class=\"dfd-spacer-module\"  data-units=\"px\" data-wide_resolution=\"1280\" data-wide_size=\"51\" data-normal_resolution=\"1024\" data-normal_size=\"51\" data-tablet_resolution=\"800\" data-tablet_size=\"51\" data-mobile_resolution=\"480\" data-mobile_size=\"51\" style=\"height: 51px;\"><\/div>[\/vc_column][\/vc_row][vc_row][vc_column][vc_column_text][\/vc_column_text][\/vc_column][\/vc_row]<\/p>\n","protected":false},"excerpt":{"rendered":"<p>[vc_row][vc_column][vc_column_text] Von Vigo in die Welt. Jorge Rub\u00edn, CEO und Gr\u00fcnder von I.C.O.N., leitet von Galizien aus eine der wichtigsten Kosmetikfirmen des ganzen Planeten. [\/vc_column_text][\/vc_column][\/vc_row][vc_row][vc_column width=&#8220;1\/2&#8243; css=&#8220;.vc_custom_1539168064893{padding-right: 2% !important;}&#8220;][vc_single_image image=&#8220;57720&#8243;<\/p>\n","protected":false},"author":1,"featured_media":57720,"parent":0,"menu_order":0,"comment_status":"closed","ping_status":"closed","template":"","meta":{"_acf_changed":false,"footnotes":""},"tags":[],"wf_page_folders":[],"class_list":["post-57711","page","type-page","status-publish","has-post-thumbnail","hentry"],"acf":[],"yoast_head":"<!-- This site is optimized with the Yoast SEO plugin v27.0 - https:\/\/yoast.com\/product\/yoast-seo-wordpress\/ -->\n<title>GQ interviewt Jorge Rub\u00edn | I.C.O.N. Products<\/title>\n<meta name=\"robots\" content=\"index, follow, max-snippet:-1, max-image-preview:large, max-video-preview:-1\" \/>\n<link rel=\"canonical\" href=\"https:\/\/iconproducts.com\/de\/gq-interviews-jorge-rubin\/\" \/>\n<meta property=\"og:locale\" content=\"de_DE\" \/>\n<meta property=\"og:type\" content=\"article\" \/>\n<meta property=\"og:title\" content=\"GQ interviewt Jorge Rub\u00edn | I.C.O.N. Products\" \/>\n<meta property=\"og:description\" content=\"[vc_row][vc_column][vc_column_text] Von Vigo in die Welt. Jorge Rub\u00edn, CEO und Gr\u00fcnder von I.C.O.N., leitet von Galizien aus eine der wichtigsten Kosmetikfirmen des ganzen Planeten. [\/vc_column_text][\/vc_column][\/vc_row][vc_row][vc_column width=&#8220;1\/2&#8243; css=&#8220;.vc_custom_1539168064893{padding-right: 2% !important;}&#8220;][vc_single_image image=&#8220;57720&#8243;\" \/>\n<meta property=\"og:url\" content=\"https:\/\/iconproducts.com\/de\/gq-interviews-jorge-rubin\/\" \/>\n<meta property=\"og:site_name\" content=\"I.C.O.N. Products\" \/>\n<meta property=\"article:publisher\" content=\"https:\/\/www.facebook.com\/iconproducts.spain\" \/>\n<meta property=\"article:modified_time\" content=\"2021-05-12T08:18:30+00:00\" \/>\n<meta property=\"og:image\" content=\"https:\/\/iconproducts.com\/wp-content\/uploads\/2019\/09\/icon-products-gq-entrevista-jorge-rubin.jpg\" \/>\n\t<meta property=\"og:image:width\" content=\"1920\" \/>\n\t<meta property=\"og:image:height\" content=\"1080\" \/>\n\t<meta property=\"og:image:type\" content=\"image\/jpeg\" \/>\n<meta name=\"twitter:card\" content=\"summary_large_image\" \/>\n<script type=\"application\/ld+json\" class=\"yoast-schema-graph\">{\"@context\":\"https:\/\/schema.org\",\"@graph\":[{\"@type\":\"WebPage\",\"@id\":\"https:\/\/iconproducts.com\/de\/gq-interviews-jorge-rubin\/\",\"url\":\"https:\/\/iconproducts.com\/de\/gq-interviews-jorge-rubin\/\",\"name\":\"GQ interviewt Jorge Rub\u00edn | I.C.O.N. Products\",\"isPartOf\":{\"@id\":\"https:\/\/iconproducts.com\/es\/#website\"},\"primaryImageOfPage\":{\"@id\":\"https:\/\/iconproducts.com\/de\/gq-interviews-jorge-rubin\/#primaryimage\"},\"image\":{\"@id\":\"https:\/\/iconproducts.com\/de\/gq-interviews-jorge-rubin\/#primaryimage\"},\"thumbnailUrl\":\"https:\/\/iconproducts.com\/wp-content\/uploads\/2019\/09\/icon-products-gq-entrevista-jorge-rubin.jpg\",\"datePublished\":\"2019-09-26T10:29:27+00:00\",\"dateModified\":\"2021-05-12T08:18:30+00:00\",\"breadcrumb\":{\"@id\":\"https:\/\/iconproducts.com\/de\/gq-interviews-jorge-rubin\/#breadcrumb\"},\"inLanguage\":\"de\",\"potentialAction\":[{\"@type\":\"ReadAction\",\"target\":[\"https:\/\/iconproducts.com\/de\/gq-interviews-jorge-rubin\/\"]}]},{\"@type\":\"ImageObject\",\"inLanguage\":\"de\",\"@id\":\"https:\/\/iconproducts.com\/de\/gq-interviews-jorge-rubin\/#primaryimage\",\"url\":\"https:\/\/iconproducts.com\/wp-content\/uploads\/2019\/09\/icon-products-gq-entrevista-jorge-rubin.jpg\",\"contentUrl\":\"https:\/\/iconproducts.com\/wp-content\/uploads\/2019\/09\/icon-products-gq-entrevista-jorge-rubin.jpg\",\"width\":1920,\"height\":1080},{\"@type\":\"BreadcrumbList\",\"@id\":\"https:\/\/iconproducts.com\/de\/gq-interviews-jorge-rubin\/#breadcrumb\",\"itemListElement\":[{\"@type\":\"ListItem\",\"position\":1,\"name\":\"I.C.O.N. Products\",\"item\":\"https:\/\/iconproducts.com\/de\/\"},{\"@type\":\"ListItem\",\"position\":2,\"name\":\"GQ interviewt Jorge Rub\u00edn\"}]},{\"@type\":\"WebSite\",\"@id\":\"https:\/\/iconproducts.com\/es\/#website\",\"url\":\"https:\/\/iconproducts.com\/es\/\",\"name\":\"I.C.O.N. Products\",\"description\":\"Productos de peluquer\u00eda\",\"publisher\":{\"@id\":\"https:\/\/iconproducts.com\/es\/#organization\"},\"potentialAction\":[{\"@type\":\"SearchAction\",\"target\":{\"@type\":\"EntryPoint\",\"urlTemplate\":\"https:\/\/iconproducts.com\/es\/?s={search_term_string}\"},\"query-input\":{\"@type\":\"PropertyValueSpecification\",\"valueRequired\":true,\"valueName\":\"search_term_string\"}}],\"inLanguage\":\"de\"},{\"@type\":\"Organization\",\"@id\":\"https:\/\/iconproducts.com\/es\/#organization\",\"name\":\"I.C.O.N. Products\",\"url\":\"https:\/\/iconproducts.com\/es\/\",\"logo\":{\"@type\":\"ImageObject\",\"inLanguage\":\"de\",\"@id\":\"https:\/\/iconproducts.com\/es\/#\/schema\/logo\/image\/\",\"url\":\"https:\/\/iconproducts.com\/wp-content\/uploads\/2018\/08\/logo-icon-1.jpg\",\"contentUrl\":\"https:\/\/iconproducts.com\/wp-content\/uploads\/2018\/08\/logo-icon-1.jpg\",\"width\":1000,\"height\":1000,\"caption\":\"I.C.O.N. Products\"},\"image\":{\"@id\":\"https:\/\/iconproducts.com\/es\/#\/schema\/logo\/image\/\"},\"sameAs\":[\"https:\/\/www.facebook.com\/iconproducts.spain\",\"https:\/\/www.instagram.com\/iconspain\/\",\"https:\/\/www.youtube.com\/channel\/UCw0myea3fiZRsj72sNBnMqQ\"]}]}<\/script>\n<!-- \/ Yoast SEO plugin. -->","yoast_head_json":{"title":"GQ interviewt Jorge Rub\u00edn | I.C.O.N. Products","robots":{"index":"index","follow":"follow","max-snippet":"max-snippet:-1","max-image-preview":"max-image-preview:large","max-video-preview":"max-video-preview:-1"},"canonical":"https:\/\/iconproducts.com\/de\/gq-interviews-jorge-rubin\/","og_locale":"de_DE","og_type":"article","og_title":"GQ interviewt Jorge Rub\u00edn | I.C.O.N. Products","og_description":"[vc_row][vc_column][vc_column_text] Von Vigo in die Welt. Jorge Rub\u00edn, CEO und Gr\u00fcnder von I.C.O.N., leitet von Galizien aus eine der wichtigsten Kosmetikfirmen des ganzen Planeten. [\/vc_column_text][\/vc_column][\/vc_row][vc_row][vc_column width=&#8220;1\/2&#8243; css=&#8220;.vc_custom_1539168064893{padding-right: 2% !important;}&#8220;][vc_single_image image=&#8220;57720&#8243;","og_url":"https:\/\/iconproducts.com\/de\/gq-interviews-jorge-rubin\/","og_site_name":"I.C.O.N. Products","article_publisher":"https:\/\/www.facebook.com\/iconproducts.spain","article_modified_time":"2021-05-12T08:18:30+00:00","og_image":[{"width":1920,"height":1080,"url":"https:\/\/iconproducts.com\/wp-content\/uploads\/2019\/09\/icon-products-gq-entrevista-jorge-rubin.jpg","type":"image\/jpeg"}],"twitter_card":"summary_large_image","schema":{"@context":"https:\/\/schema.org","@graph":[{"@type":"WebPage","@id":"https:\/\/iconproducts.com\/de\/gq-interviews-jorge-rubin\/","url":"https:\/\/iconproducts.com\/de\/gq-interviews-jorge-rubin\/","name":"GQ interviewt Jorge Rub\u00edn | I.C.O.N. Products","isPartOf":{"@id":"https:\/\/iconproducts.com\/es\/#website"},"primaryImageOfPage":{"@id":"https:\/\/iconproducts.com\/de\/gq-interviews-jorge-rubin\/#primaryimage"},"image":{"@id":"https:\/\/iconproducts.com\/de\/gq-interviews-jorge-rubin\/#primaryimage"},"thumbnailUrl":"https:\/\/iconproducts.com\/wp-content\/uploads\/2019\/09\/icon-products-gq-entrevista-jorge-rubin.jpg","datePublished":"2019-09-26T10:29:27+00:00","dateModified":"2021-05-12T08:18:30+00:00","breadcrumb":{"@id":"https:\/\/iconproducts.com\/de\/gq-interviews-jorge-rubin\/#breadcrumb"},"inLanguage":"de","potentialAction":[{"@type":"ReadAction","target":["https:\/\/iconproducts.com\/de\/gq-interviews-jorge-rubin\/"]}]},{"@type":"ImageObject","inLanguage":"de","@id":"https:\/\/iconproducts.com\/de\/gq-interviews-jorge-rubin\/#primaryimage","url":"https:\/\/iconproducts.com\/wp-content\/uploads\/2019\/09\/icon-products-gq-entrevista-jorge-rubin.jpg","contentUrl":"https:\/\/iconproducts.com\/wp-content\/uploads\/2019\/09\/icon-products-gq-entrevista-jorge-rubin.jpg","width":1920,"height":1080},{"@type":"BreadcrumbList","@id":"https:\/\/iconproducts.com\/de\/gq-interviews-jorge-rubin\/#breadcrumb","itemListElement":[{"@type":"ListItem","position":1,"name":"I.C.O.N. Products","item":"https:\/\/iconproducts.com\/de\/"},{"@type":"ListItem","position":2,"name":"GQ interviewt Jorge Rub\u00edn"}]},{"@type":"WebSite","@id":"https:\/\/iconproducts.com\/es\/#website","url":"https:\/\/iconproducts.com\/es\/","name":"I.C.O.N. Products","description":"Productos de peluquer\u00eda","publisher":{"@id":"https:\/\/iconproducts.com\/es\/#organization"},"potentialAction":[{"@type":"SearchAction","target":{"@type":"EntryPoint","urlTemplate":"https:\/\/iconproducts.com\/es\/?s={search_term_string}"},"query-input":{"@type":"PropertyValueSpecification","valueRequired":true,"valueName":"search_term_string"}}],"inLanguage":"de"},{"@type":"Organization","@id":"https:\/\/iconproducts.com\/es\/#organization","name":"I.C.O.N. Products","url":"https:\/\/iconproducts.com\/es\/","logo":{"@type":"ImageObject","inLanguage":"de","@id":"https:\/\/iconproducts.com\/es\/#\/schema\/logo\/image\/","url":"https:\/\/iconproducts.com\/wp-content\/uploads\/2018\/08\/logo-icon-1.jpg","contentUrl":"https:\/\/iconproducts.com\/wp-content\/uploads\/2018\/08\/logo-icon-1.jpg","width":1000,"height":1000,"caption":"I.C.O.N. Products"},"image":{"@id":"https:\/\/iconproducts.com\/es\/#\/schema\/logo\/image\/"},"sameAs":["https:\/\/www.facebook.com\/iconproducts.spain","https:\/\/www.instagram.com\/iconspain\/","https:\/\/www.youtube.com\/channel\/UCw0myea3fiZRsj72sNBnMqQ"]}]}},"_links":{"self":[{"href":"https:\/\/iconproducts.com\/de\/wp-json\/wp\/v2\/pages\/57711","targetHints":{"allow":["GET"]}}],"collection":[{"href":"https:\/\/iconproducts.com\/de\/wp-json\/wp\/v2\/pages"}],"about":[{"href":"https:\/\/iconproducts.com\/de\/wp-json\/wp\/v2\/types\/page"}],"author":[{"embeddable":true,"href":"https:\/\/iconproducts.com\/de\/wp-json\/wp\/v2\/users\/1"}],"replies":[{"embeddable":true,"href":"https:\/\/iconproducts.com\/de\/wp-json\/wp\/v2\/comments?post=57711"}],"version-history":[{"count":0,"href":"https:\/\/iconproducts.com\/de\/wp-json\/wp\/v2\/pages\/57711\/revisions"}],"wp:featuredmedia":[{"embeddable":true,"href":"https:\/\/iconproducts.com\/de\/wp-json\/wp\/v2\/media\/57720"}],"wp:attachment":[{"href":"https:\/\/iconproducts.com\/de\/wp-json\/wp\/v2\/media?parent=57711"}],"wp:term":[{"taxonomy":"post_tag","embeddable":true,"href":"https:\/\/iconproducts.com\/de\/wp-json\/wp\/v2\/tags?post=57711"},{"taxonomy":"wf_page_folders","embeddable":true,"href":"https:\/\/iconproducts.com\/de\/wp-json\/wp\/v2\/wf_page_folders?post=57711"}],"curies":[{"name":"wp","href":"https:\/\/api.w.org\/{rel}","templated":true}]}}