

{"id":48899,"date":"2018-07-05T16:43:23","date_gmt":"2018-07-05T14:43:23","guid":{"rendered":"https:\/\/iconproducts.com\/icon-color\/"},"modified":"2024-04-22T17:53:30","modified_gmt":"2024-04-22T15:53:30","slug":"icon-color","status":"publish","type":"page","link":"https:\/\/iconproducts.com\/el\/icon-color\/","title":{"rendered":"Ecotech Color"},"content":{"rendered":"<p>[vc_row][vc_column]\n\t\t\t<!-- START Ecotech Color REVOLUTION SLIDER 6.5.14 --><p class=\"rs-p-wp-fix\"><\/p>\n\t\t\t<rs-module-wrap id=\"rev_slider_89_1_wrapper\" data-source=\"gallery\" style=\"visibility:hidden;background:transparent;padding:0;margin:0px auto;margin-top:20px;margin-bottom:20px;\">\n\t\t\t\t<rs-module id=\"rev_slider_89_1\" style=\"\" data-version=\"6.5.14\">\n\t\t\t\t\t<rs-slides>\n\t\t\t\t\t\t<rs-slide style=\"position: absolute;\" data-key=\"rs-494\" data-title=\"Slide\" data-anim=\"ms:600;\" data-in=\"o:0;\" data-out=\"a:false;\">\n\t\t\t\t\t\t\t<img decoding=\"async\" src=\"\/\/iconproducts.com\/wp-content\/plugins\/revslider\/public\/assets\/assets\/dummy.png\" alt=\"\" title=\"Ecotech Color\" class=\"rev-slidebg tp-rs-img rs-lazyload\" data-lazyload=\"\/\/iconproducts.com\/wp-content\/plugins\/revslider\/public\/assets\/assets\/transparent.png\" data-no-retina>\n\t\t\t\t\t\t\t<rs-bgvideo \n\t\t\t\t\t\t\t\tdata-video=\"vc:none;w:100%;h:100%;nse:false;l:loopandnoslidestop;ptimer:false;\"\n\t\t\t\t\t\t\t\tdata-vimeoid=\"764119247\"\n\t\t\t\t\t\t\t\tdata-vatr=\"background=1&amp;title=0&amp;byline=0&amp;portrait=0&amp;api=1\"\n\t\t\t\t\t\t\t><\/rs-bgvideo>\n<!--\n\t\t\t\t\t\t\t--><rs-layer\n\t\t\t\t\t\t\t\tid=\"slider-89-slide-494-layer-0\" \n\t\t\t\t\t\t\t\tdata-type=\"button\"\n\t\t\t\t\t\t\t\tdata-color=\"#333333\"\n\t\t\t\t\t\t\t\tdata-rsp_ch=\"on\"\n\t\t\t\t\t\t\t\tdata-xy=\"x:84px;y:173px;\"\n\t\t\t\t\t\t\t\tdata-text=\"w:normal;s:45;l:55;ls:NaN;a:center;\"\n\t\t\t\t\t\t\t\tdata-dim=\"w:NaN;h:NaN;minw:60px;minh:60px;\"\n\t\t\t\t\t\t\t\tdata-actions='o:click;a:toggle_mute_video;layer:backgroundvideo;'\n\t\t\t\t\t\t\t\tdata-border=\"bor:50%,50%,50%,50%;\"\n\t\t\t\t\t\t\t\tdata-frame_0=\"x:NaN;y:NaN;\"\n\t\t\t\t\t\t\t\tdata-frame_1=\"x:NaN;y:NaN;\"\n\t\t\t\t\t\t\t\tdata-frame_999=\"o:0;st:w;\"\n\t\t\t\t\t\t\t\tstyle=\"z-index:5;background-color:#ffffff;font-family:'Roboto';text-transform:uppercase;\"\n\t\t\t\t\t\t\t>\n\t\t\t\t\t\t\t\t<div class=\"rs-untoggled-content\"><i class=\"material-icons\">volume_up<\/i> <\/div>\n\t\t\t\t\t\t\t\t<div class=\"rs-toggled-content\"><i class=\"material-icons\">volume_off<\/i><\/div>\n\t\t\t\t\t\t\t<\/rs-layer><!--\n-->\t\t\t\t\t\t<\/rs-slide>\n\t\t\t\t\t<\/rs-slides>\n\t\t\t\t<\/rs-module>\n\t\t\t\t<script>\n\t\t\t\t\tsetREVStartSize({c: 'rev_slider_89_1',rl:[1240,1024,778,480],el:[896],gw:[3584],gh:[896],type:'hero',justify:'',layout:'fullwidth',mh:\"0\"});if (window.RS_MODULES!==undefined && window.RS_MODULES.modules!==undefined && window.RS_MODULES.modules[\"revslider891\"]!==undefined) {window.RS_MODULES.modules[\"revslider891\"].once = false;window.revapi89 = undefined;if (window.RS_MODULES.checkMinimal!==undefined) window.RS_MODULES.checkMinimal()}\n\t\t\t\t<\/script>\n\t\t\t<\/rs-module-wrap>\n\t\t\t<!-- END REVOLUTION SLIDER -->\n\t\t\t<div style=\"clear:both;display:block;width:100%;height:0px\"><\/div><div class=\"dfd-spacer-module\"  data-units=\"px\" data-wide_resolution=\"1280\" data-wide_size=\"40\" data-normal_resolution=\"1024\" data-normal_size=\"40\" data-tablet_resolution=\"800\" data-tablet_size=\"40\" data-mobile_resolution=\"480\" data-mobile_size=\"40\" style=\"height: 40px;\"><\/div>[\/vc_column][\/vc_row][vc_row][vc_column width=&#8221;1\/3&#8243;]<div id=\"idinfobox69dec15d5a3dc\" class=\"dfd-info-box clearfix style-01 layout-01 icono-img idinfobox69dec15d5a3dc text-center hover-up-icon\" ><div class=\"dfd-animate-container\"><div class=\"icon-wrapper\"><div class=\"module-icon\" ><div class=\"hover-layer\" ><\/div><img decoding=\"async\" src=\"https:\/\/iconproducts.com\/wp-content\/uploads\/2022\/09\/COLOR-ECOTECH-600x600.jpg\" alt=\"Image icon\" style=\"width: 300px;opacity: 1;\" \/><\/div><\/div><h6 class=\"info-box-title \" style=\"\">Ecotech Color<\/h6><div class=\"info-box-subtitle subtitle\" style=\"font-style:italic; \">\u0397 \u039f\u03b9\u03ba\u03bf\u03bb\u03bf\u03b3\u03af\u03b1 \u03ba\u03b1\u03b9 \u03b7 \u03a4\u03b5\u03c7\u03bd\u03bf\u03bb\u03bf\u03b3\u03af\u03b1 \u03c3\u03c5\u03bd\u03b1\u03bd\u03c4\u03ce\u03bd\u03c4\u03b1\u03b9 \u03b3\u03b9\u03b1 \u03bd\u03b1 \u03b5\u03ba\u03c0\u03bb\u03b7\u03c1\u03ce\u03c3\u03bf\u03c5\u03bd \u03c4\u03b9\u03c2 \u03b1\u03bd\u03ac\u03b3\u03ba\u03b5\u03c2 \u03c3\u03b1\u03c2, \u03cc\u03c3\u03bf\u03bd \u03b1\u03c6\u03bf\u03c1\u03ac \u03c3\u03c4\u03bf \u03c7\u03c1\u03ce\u03bc\u03b1.<\/div><div class=\"description\" style=\"font-size: 12px; \"><\/div><a href=\"https:\/\/iconproducts.com\/el\/icon-color\/ecotech\/\" title=\"Ecotech\"  class=\"full-box-link\"><\/a><\/div><\/div>[\/vc_column][vc_column width=&#8221;1\/3&#8243;]<div id=\"idinfobox69dec15d5a82d\" class=\"dfd-info-box clearfix style-01 layout-01 icono-img idinfobox69dec15d5a82d text-center hover-up-icon\" ><div class=\"dfd-animate-container\"><div class=\"icon-wrapper\"><div class=\"module-icon\" ><div class=\"hover-layer\" ><\/div><img decoding=\"async\" src=\"https:\/\/iconproducts.com\/wp-content\/uploads\/2022\/09\/COLOR-instatone-600x600.jpg\" alt=\"Image icon\" style=\"width: 300px;opacity: 1;\" \/><\/div><\/div><h6 class=\"info-box-title \" style=\"\">Insta-Tone<\/h6><div class=\"info-box-subtitle subtitle\" style=\"font-style:italic; \">Flash Color Gel<\/div><div class=\"description\" style=\"font-size: 12px; \"><\/div><a href=\"https:\/\/iconproducts.com\/el\/icon-color\/insta-tone\/\" title=\"Insta Tone\"  class=\"full-box-link\"><\/a><\/div><\/div>[\/vc_column][vc_column width=&#8221;1\/3&#8243;]<div id=\"idinfobox69dec15d5ab16\" class=\"dfd-info-box clearfix style-01 layout-01 icono-img-insta idinfobox69dec15d5ab16 text-center hover-up-icon\" ><div class=\"dfd-animate-container\"><div class=\"icon-wrapper\"><div class=\"module-icon\" ><div class=\"hover-layer\" ><\/div><img decoding=\"async\" src=\"https:\/\/iconproducts.com\/wp-content\/uploads\/2022\/10\/COLOR-bleaches2-1-600x600.jpg\" alt=\"Image icon\" style=\"width: 300px;opacity: 1;\" \/><\/div><\/div><h6 class=\"info-box-title \" style=\"\">Bleaches<\/h6><div class=\"info-box-subtitle subtitle\" style=\"font-style:italic; \">Maximum Lift with Amazing Results<\/div><div class=\"description\" style=\"font-size: 12px; \"><\/div><a href=\"https:\/\/iconproducts.com\/el\/icon-color\/ecotech\/bleaches\/\" title=\"Bleaches\"  class=\"full-box-link\"><\/a><\/div><\/div>[\/vc_column][\/vc_row][vc_row][vc_column width=&#8221;1\/3&#8243;]<div id=\"idinfobox69dec15d5ae74\" class=\"dfd-info-box clearfix style-01 layout-01 icono-img idinfobox69dec15d5ae74 text-center hover-up-icon\" ><div class=\"dfd-animate-container\"><div class=\"icon-wrapper\"><div class=\"module-icon\" ><div class=\"hover-layer\" ><\/div><img decoding=\"async\" src=\"https:\/\/iconproducts.com\/wp-content\/uploads\/2024\/04\/COLOR-stained-glass-2024-600x600.jpg\" alt=\"Image icon\" style=\"width: 300px;opacity: 1;\" \/><\/div><\/div><h6 class=\"info-box-title \" style=\"\">Stained Glass<\/h6><div class=\"info-box-subtitle subtitle\" style=\"font-style:italic; \">\u039c\u0395\u03a4\u0391\u039c\u039f\u03a1\u03a6\u03a9\u03a3\u03a4\u0395 \u0395\u039d\u0391 \u03a3\u03a5\u039d\u0397\u0398\u0399\u03a3\u039c\u0395\u039d\u039f \u03a7\u03a1\u03a9\u039c\u0391 \u03a3\u0395 \u0395\u039e\u0391\u0399\u03a1\u0395\u03a4\u0399\u039a\u039f.<\/div><div class=\"description\" style=\"font-size: 12px; \"><\/div><a href=\"https:\/\/iconproducts.com\/el\/icon-color\/stained-glass\/\" title=\"Stained Glass\"  class=\"full-box-link\"><\/a><\/div><\/div>[\/vc_column][vc_column width=&#8221;1\/3&#8243;]<div id=\"idinfobox69dec15d5b223\" class=\"dfd-info-box clearfix style-01 layout-01 icono-img idinfobox69dec15d5b223 text-center hover-up-icon\" ><div class=\"dfd-animate-container\"><div class=\"icon-wrapper\"><div class=\"module-icon\" ><div class=\"hover-layer\" ><\/div><img decoding=\"async\" src=\"https:\/\/iconproducts.com\/wp-content\/uploads\/2022\/10\/COLOR-tierras2-600x600.jpg\" alt=\"Image icon\" style=\"width: 300px;opacity: 1;\" \/><\/div><\/div><h6 class=\"info-box-title \" style=\"\">Natural Earth Colors<\/h6><div class=\"info-box-subtitle subtitle\" style=\"font-style:italic; \">\u03a6\u03c5\u03c3\u03b9\u03ba\u03cc \u03c7\u03c1\u03ce\u03bc\u03b1 \u03b1\u03c0\u03cc \u03c6\u03c5\u03c4\u03ac<\/div><div class=\"description\" style=\"font-size: 12px; \"><\/div><a href=\"https:\/\/iconproducts.com\/el\/icon-color\/natural-earth-colors\/\" title=\"Natural Earth Colors\"  class=\"full-box-link\"><\/a><\/div><\/div>[\/vc_column][vc_column width=&#8221;1\/3&#8243;]<div id=\"idinfobox69dec15d5b524\" class=\"dfd-info-box clearfix style-01 layout-01 icono-img idinfobox69dec15d5b524 text-center hover-up-icon\" ><div class=\"dfd-animate-container\"><div class=\"icon-wrapper\"><div class=\"module-icon\" ><div class=\"hover-layer\" ><\/div><img decoding=\"async\" src=\"https:\/\/iconproducts.com\/wp-content\/uploads\/2022\/10\/COLOR-playful-600x600.jpg\" alt=\"Image icon\" style=\"width: 300px;opacity: 1;\" \/><\/div><\/div><h6 class=\"info-box-title \" style=\"\">Playful Brights<\/h6><div class=\"info-box-subtitle subtitle\" style=\"font-style:italic; \">\u0394\u03ce\u03c3\u03c4\u03b5 \u03b1\u03af\u03c3\u03b8\u03b7\u03c3\u03b7 \u03b5\u03bb\u03b5\u03c5\u03b8\u03b5\u03c1\u03af\u03b1\u03c2 \u03c3\u03c4\u03bf \u03c7\u03c1\u03ce\u03bc\u03b1 \u03c3\u03b1\u03c2.<\/div><div class=\"description\" style=\"font-size: 12px; \"><\/div><a href=\"https:\/\/iconproducts.com\/el\/icon-color\/playful-brights\/\" title=\"Playful Brights\"  class=\"full-box-link\"><\/a><\/div><\/div>[\/vc_column][\/vc_row][vc_row][vc_column]<div class=\"dfd-spacer-module\"  data-units=\"px\" data-wide_resolution=\"1280\" data-wide_size=\"70\" data-normal_resolution=\"1024\" data-normal_size=\"50\" data-tablet_resolution=\"800\" data-tablet_size=\"50\" data-mobile_resolution=\"480\" data-mobile_size=\"30\" style=\"height: 70px;\"><\/div>[\/vc_column][\/vc_row]<\/p>\n","protected":false},"excerpt":{"rendered":"<p>[vc_row][vc_column][\/vc_column][\/vc_row][vc_row][vc_column width=&#8221;1\/3&#8243;][\/vc_column][vc_column width=&#8221;1\/3&#8243;][\/vc_column][vc_column width=&#8221;1\/3&#8243;][\/vc_column][\/vc_row][vc_row][vc_column width=&#8221;1\/3&#8243;][\/vc_column][vc_column width=&#8221;1\/3&#8243;][\/vc_column][vc_column width=&#8221;1\/3&#8243;][\/vc_column][\/vc_row][vc_row][vc_column][\/vc_column][\/vc_row]<\/p>\n","protected":false},"author":1,"featured_media":0,"parent":0,"menu_order":0,"comment_status":"closed","ping_status":"closed","template":"page-custom-with-header.php","meta":{"_acf_changed":false,"footnotes":""},"tags":[],"wf_page_folders":[],"class_list":["post-48899","page","type-page","status-publish","hentry"],"acf":[],"yoast_head":"<!-- This site is optimized with the Yoast SEO plugin v27.0 - https:\/\/yoast.com\/product\/yoast-seo-wordpress\/ -->\n<title>I.C.O.N. Color | I.C.O.N. Products | Coloraci\u00f3n del cabello<\/title>\n<meta name=\"description\" content=\"I.C.O.N. Color es la soluci\u00f3n de I.C.O.N. para lograr un cabello con una coloraci\u00f3n permanente, demipermanente, semipermanente y sin amon\u00edaco.\" \/>\n<meta name=\"robots\" content=\"index, follow, max-snippet:-1, max-image-preview:large, max-video-preview:-1\" \/>\n<link rel=\"canonical\" href=\"https:\/\/iconproducts.com\/el\/icon-color\/\" \/>\n<meta property=\"og:locale\" content=\"el_GR\" \/>\n<meta property=\"og:type\" content=\"article\" \/>\n<meta property=\"og:title\" content=\"I.C.O.N. Color | I.C.O.N. Products | Coloraci\u00f3n del cabello\" \/>\n<meta property=\"og:description\" content=\"I.C.O.N. Color es la soluci\u00f3n de I.C.O.N. para lograr un cabello con una coloraci\u00f3n permanente, demipermanente, semipermanente y sin amon\u00edaco.\" \/>\n<meta property=\"og:url\" content=\"https:\/\/iconproducts.com\/el\/icon-color\/\" \/>\n<meta property=\"og:site_name\" content=\"I.C.O.N. Products\" \/>\n<meta property=\"article:publisher\" content=\"https:\/\/www.facebook.com\/iconproducts.spain\" \/>\n<meta property=\"article:modified_time\" content=\"2024-04-22T15:53:30+00:00\" \/>\n<meta name=\"twitter:card\" content=\"summary_large_image\" \/>\n<script type=\"application\/ld+json\" class=\"yoast-schema-graph\">{\"@context\":\"https:\/\/schema.org\",\"@graph\":[{\"@type\":\"WebPage\",\"@id\":\"https:\/\/iconproducts.com\/el\/icon-color\/\",\"url\":\"https:\/\/iconproducts.com\/el\/icon-color\/\",\"name\":\"I.C.O.N. Color | I.C.O.N. Products | Coloraci\u00f3n del cabello\",\"isPartOf\":{\"@id\":\"https:\/\/iconproducts.com\/es\/#website\"},\"datePublished\":\"2018-07-05T14:43:23+00:00\",\"dateModified\":\"2024-04-22T15:53:30+00:00\",\"description\":\"I.C.O.N. Color es la soluci\u00f3n de I.C.O.N. para lograr un cabello con una coloraci\u00f3n permanente, demipermanente, semipermanente y sin amon\u00edaco.\",\"breadcrumb\":{\"@id\":\"https:\/\/iconproducts.com\/el\/icon-color\/#breadcrumb\"},\"inLanguage\":\"el\",\"potentialAction\":[{\"@type\":\"ReadAction\",\"target\":[\"https:\/\/iconproducts.com\/el\/icon-color\/\"]}]},{\"@type\":\"BreadcrumbList\",\"@id\":\"https:\/\/iconproducts.com\/el\/icon-color\/#breadcrumb\",\"itemListElement\":[{\"@type\":\"ListItem\",\"position\":1,\"name\":\"I.C.O.N. Products\",\"item\":\"https:\/\/iconproducts.com\/el\/\"},{\"@type\":\"ListItem\",\"position\":2,\"name\":\"Ecotech Color\"}]},{\"@type\":\"WebSite\",\"@id\":\"https:\/\/iconproducts.com\/es\/#website\",\"url\":\"https:\/\/iconproducts.com\/es\/\",\"name\":\"I.C.O.N. Products\",\"description\":\"Productos de peluquer\u00eda\",\"publisher\":{\"@id\":\"https:\/\/iconproducts.com\/es\/#organization\"},\"potentialAction\":[{\"@type\":\"SearchAction\",\"target\":{\"@type\":\"EntryPoint\",\"urlTemplate\":\"https:\/\/iconproducts.com\/es\/?s={search_term_string}\"},\"query-input\":{\"@type\":\"PropertyValueSpecification\",\"valueRequired\":true,\"valueName\":\"search_term_string\"}}],\"inLanguage\":\"el\"},{\"@type\":\"Organization\",\"@id\":\"https:\/\/iconproducts.com\/es\/#organization\",\"name\":\"I.C.O.N. Products\",\"url\":\"https:\/\/iconproducts.com\/es\/\",\"logo\":{\"@type\":\"ImageObject\",\"inLanguage\":\"el\",\"@id\":\"https:\/\/iconproducts.com\/es\/#\/schema\/logo\/image\/\",\"url\":\"https:\/\/iconproducts.com\/wp-content\/uploads\/2018\/08\/logo-icon-1.jpg\",\"contentUrl\":\"https:\/\/iconproducts.com\/wp-content\/uploads\/2018\/08\/logo-icon-1.jpg\",\"width\":1000,\"height\":1000,\"caption\":\"I.C.O.N. Products\"},\"image\":{\"@id\":\"https:\/\/iconproducts.com\/es\/#\/schema\/logo\/image\/\"},\"sameAs\":[\"https:\/\/www.facebook.com\/iconproducts.spain\",\"https:\/\/www.instagram.com\/iconspain\/\",\"https:\/\/www.youtube.com\/channel\/UCw0myea3fiZRsj72sNBnMqQ\"]}]}<\/script>\n<!-- \/ Yoast SEO plugin. -->","yoast_head_json":{"title":"I.C.O.N. Color | I.C.O.N. Products | Coloraci\u00f3n del cabello","description":"I.C.O.N. Color es la soluci\u00f3n de I.C.O.N. para lograr un cabello con una coloraci\u00f3n permanente, demipermanente, semipermanente y sin amon\u00edaco.","robots":{"index":"index","follow":"follow","max-snippet":"max-snippet:-1","max-image-preview":"max-image-preview:large","max-video-preview":"max-video-preview:-1"},"canonical":"https:\/\/iconproducts.com\/el\/icon-color\/","og_locale":"el_GR","og_type":"article","og_title":"I.C.O.N. Color | I.C.O.N. Products | Coloraci\u00f3n del cabello","og_description":"I.C.O.N. Color es la soluci\u00f3n de I.C.O.N. para lograr un cabello con una coloraci\u00f3n permanente, demipermanente, semipermanente y sin amon\u00edaco.","og_url":"https:\/\/iconproducts.com\/el\/icon-color\/","og_site_name":"I.C.O.N. Products","article_publisher":"https:\/\/www.facebook.com\/iconproducts.spain","article_modified_time":"2024-04-22T15:53:30+00:00","twitter_card":"summary_large_image","schema":{"@context":"https:\/\/schema.org","@graph":[{"@type":"WebPage","@id":"https:\/\/iconproducts.com\/el\/icon-color\/","url":"https:\/\/iconproducts.com\/el\/icon-color\/","name":"I.C.O.N. Color | I.C.O.N. Products | Coloraci\u00f3n del cabello","isPartOf":{"@id":"https:\/\/iconproducts.com\/es\/#website"},"datePublished":"2018-07-05T14:43:23+00:00","dateModified":"2024-04-22T15:53:30+00:00","description":"I.C.O.N. Color es la soluci\u00f3n de I.C.O.N. para lograr un cabello con una coloraci\u00f3n permanente, demipermanente, semipermanente y sin amon\u00edaco.","breadcrumb":{"@id":"https:\/\/iconproducts.com\/el\/icon-color\/#breadcrumb"},"inLanguage":"el","potentialAction":[{"@type":"ReadAction","target":["https:\/\/iconproducts.com\/el\/icon-color\/"]}]},{"@type":"BreadcrumbList","@id":"https:\/\/iconproducts.com\/el\/icon-color\/#breadcrumb","itemListElement":[{"@type":"ListItem","position":1,"name":"I.C.O.N. Products","item":"https:\/\/iconproducts.com\/el\/"},{"@type":"ListItem","position":2,"name":"Ecotech Color"}]},{"@type":"WebSite","@id":"https:\/\/iconproducts.com\/es\/#website","url":"https:\/\/iconproducts.com\/es\/","name":"I.C.O.N. Products","description":"Productos de peluquer\u00eda","publisher":{"@id":"https:\/\/iconproducts.com\/es\/#organization"},"potentialAction":[{"@type":"SearchAction","target":{"@type":"EntryPoint","urlTemplate":"https:\/\/iconproducts.com\/es\/?s={search_term_string}"},"query-input":{"@type":"PropertyValueSpecification","valueRequired":true,"valueName":"search_term_string"}}],"inLanguage":"el"},{"@type":"Organization","@id":"https:\/\/iconproducts.com\/es\/#organization","name":"I.C.O.N. Products","url":"https:\/\/iconproducts.com\/es\/","logo":{"@type":"ImageObject","inLanguage":"el","@id":"https:\/\/iconproducts.com\/es\/#\/schema\/logo\/image\/","url":"https:\/\/iconproducts.com\/wp-content\/uploads\/2018\/08\/logo-icon-1.jpg","contentUrl":"https:\/\/iconproducts.com\/wp-content\/uploads\/2018\/08\/logo-icon-1.jpg","width":1000,"height":1000,"caption":"I.C.O.N. Products"},"image":{"@id":"https:\/\/iconproducts.com\/es\/#\/schema\/logo\/image\/"},"sameAs":["https:\/\/www.facebook.com\/iconproducts.spain","https:\/\/www.instagram.com\/iconspain\/","https:\/\/www.youtube.com\/channel\/UCw0myea3fiZRsj72sNBnMqQ"]}]}},"_links":{"self":[{"href":"https:\/\/iconproducts.com\/el\/wp-json\/wp\/v2\/pages\/48899","targetHints":{"allow":["GET"]}}],"collection":[{"href":"https:\/\/iconproducts.com\/el\/wp-json\/wp\/v2\/pages"}],"about":[{"href":"https:\/\/iconproducts.com\/el\/wp-json\/wp\/v2\/types\/page"}],"author":[{"embeddable":true,"href":"https:\/\/iconproducts.com\/el\/wp-json\/wp\/v2\/users\/1"}],"replies":[{"embeddable":true,"href":"https:\/\/iconproducts.com\/el\/wp-json\/wp\/v2\/comments?post=48899"}],"version-history":[{"count":9,"href":"https:\/\/iconproducts.com\/el\/wp-json\/wp\/v2\/pages\/48899\/revisions"}],"predecessor-version":[{"id":120679,"href":"https:\/\/iconproducts.com\/el\/wp-json\/wp\/v2\/pages\/48899\/revisions\/120679"}],"wp:attachment":[{"href":"https:\/\/iconproducts.com\/el\/wp-json\/wp\/v2\/media?parent=48899"}],"wp:term":[{"taxonomy":"post_tag","embeddable":true,"href":"https:\/\/iconproducts.com\/el\/wp-json\/wp\/v2\/tags?post=48899"},{"taxonomy":"wf_page_folders","embeddable":true,"href":"https:\/\/iconproducts.com\/el\/wp-json\/wp\/v2\/wf_page_folders?post=48899"}],"curies":[{"name":"wp","href":"https:\/\/api.w.org\/{rel}","templated":true}]}}