

{"id":49332,"date":"2018-07-03T16:50:01","date_gmt":"2018-07-03T14:50:01","guid":{"rendered":"https:\/\/iconproducts.com\/liquid-fashion\/putty\/"},"modified":"2023-08-02T10:14:19","modified_gmt":"2023-08-02T08:14:19","slug":"putty","status":"publish","type":"page","link":"https:\/\/iconproducts.com\/el\/styling\/putty\/","title":{"rendered":"Putty"},"content":{"rendered":"<p>[vc_row][vc_column]<div class=\"dfd-spacer-module\"  data-units=\"px\" data-wide_resolution=\"1280\" data-wide_size=\"100\" data-normal_resolution=\"1024\" data-normal_size=\"100\" data-tablet_resolution=\"800\" data-tablet_size=\"50\" data-mobile_resolution=\"480\" data-mobile_size=\"50\" style=\"height: 100px;\"><\/div>[\/vc_column][\/vc_row][vc_row][vc_column width=&#8221;1\/2&#8243;]<div id=\"dfd-single-image-module69e4990d09282-1986\" class=\"dfd-single-image-module  image-center \" ><img fetchpriority=\"high\" decoding=\"async\" src=\"https:\/\/iconproducts.com\/wp-content\/uploads\/2021\/04\/putty-new2021.jpg\" width=\"1000\" height=\"1000\"  alt=\"Image module\" \/><\/div><div class=\"dfd-spacer-module\"  data-units=\"px\" data-wide_resolution=\"1280\" data-wide_size=\"50\" data-normal_resolution=\"1024\" data-normal_size=\"50\" data-tablet_resolution=\"800\" data-tablet_size=\"50\" data-mobile_resolution=\"480\" data-mobile_size=\"50\" style=\"height: 50px;\"><\/div>[\/vc_column][vc_column width=&#8221;1\/2&#8243;]<div class=\"dfd-heading-shortcode\"><div class=\"dfd-heading-module-wrap  text-left style_01 dfd-heading-69e4990d0931b dfd-disable-resposive-headings\" id=\"dfd-heading-69e4990d0931b\" ><div class=\"inline-block\"><div class=\"dfd-heading-module\"><h1 class=\"widget-title dfd-title \" style=\"\">Putty<\/h1><h1 class=\"widget-sub-title dfd-sub-title \" style=\"\">\u03a0\u03bf\u03bc\u03ac\u03b4\u03b1<\/h1><div class=\"dfd-heading-delimiter\"><\/div><\/div><\/div><\/div><script type=\"text\/javascript\">\n\t\t\t\t\t\t\t\t\t(function($) {\n\t\t\t\t\t\t\t\t\t\t$(\"head\").append(\"<style>.dfd-heading-69e4990d0931b.dfd-heading-module-wrap .dfd-heading-module .dfd-heading-delimiter {border-bottom-style:solid;border-bottom-width:1px;width:100px;border-bottom-color:#dddddd;}.dfd-heading-69e4990d0931b.dfd-heading-module-wrap .dfd-heading-module .dfd-heading-delimiter {margin-top:10px;margin-bottom:10px;}<\/style>\");\n\t\t\t\t\t\t\t\t\t})(jQuery);\n\t\t\t\t\t\t\t\t<\/script><\/div>[vc_column_text]\u0394\u03b9\u03b1\u03bc\u03bf\u03c1\u03c6\u03ce\u03c3\u03c4\u03b5 \u03ad\u03bd\u03c4\u03bf\u03bd\u03bf \u03b4\u03b9\u03b1\u03c7\u03c9\u03c1\u03b9\u03c3\u03bc\u03cc \u03bc\u03b5 \u03b5\u03cd\u03c0\u03bb\u03b1\u03c3\u03c4\u03bf \u03ba\u03c1\u03ac\u03c4\u03b7\u03bc\u03b1. \u03a0\u03b5\u03c1\u03ac\u03c3\u03c4\u03b5 \u03c4\u03bf \u03c0\u03c1\u03bf\u03ca\u03cc\u03bd \u03bc\u03ad\u03c3\u03b1 \u03c3\u03c4\u03b1 \u03bc\u03b1\u03bb\u03bb\u03b9\u03ac \u03b3\u03b9\u03b1 \u03bd\u03b1 \u03b4\u03b7\u03bc\u03b9\u03bf\u03c5\u03c1\u03b3\u03ae\u03c3\u03b5\u03c4\u03b5 \u03c3\u03c7\u03ae\u03bc\u03b1\u03c4\u03b1. \u03a7\u03c4\u03b5\u03bd\u03af\u03c3\u03c4\u03b5 \u03b3\u03b9\u03b1 \u03b5\u03c5\u03ad\u03bb\u03b9\u03ba\u03c4\u03bf \u03b4\u03b9\u03b1\u03c7\u03c9\u03c1\u03b9\u03c3\u03bc\u03cc. \u0391\u03c1\u03c7\u03b9\u03ba\u03ac \u03c5\u03b3\u03c1\u03cc, \u03ad\u03c0\u03b5\u03b9\u03c4\u03b1 \u03c3\u03c4\u03b5\u03b3\u03bd\u03ce\u03bd\u03b5\u03b9 \u03bc\u03b5 \u03bc\u03b1\u03c4 \u03c6\u03b9\u03bd\u03af\u03c1\u03b9\u03c3\u03bc\u03b1.[\/vc_column_text]<div class=\"dfd-spacer-module\"  data-units=\"px\" data-wide_resolution=\"1280\" data-wide_size=\"50\" data-normal_resolution=\"1024\" data-normal_size=\"50\" data-tablet_resolution=\"800\" data-tablet_size=\"50\" data-mobile_resolution=\"480\" data-mobile_size=\"50\" style=\"height: 50px;\"><\/div><div id=\"dfd-icon-list-69e4990d09473-1104\" class=\"dfd-icon-list-wrap  del-full-width style-2  \" ><ul class=\"dfd-icon-list\"><li class=\"\"><div class=\"dfd-list-content clearfix \" style=\"\"><div class=\"dfd-list-icon-block text-center\" style=\"color:#000000; \"><i class = \"dfd-icon-right_6\"><\/i><\/div><div class=\"dfd-list-content-block content\">\u0394\u03b7\u03bc\u03b9\u03bf\u03c5\u03c1\u03b3\u03b5\u03af \u03ad\u03bd\u03c4\u03bf\u03bd\u03bf \u03b4\u03b9\u03b1\u03c7\u03c9\u03c1\u03b9\u03c3\u03bc\u03cc \u03bc\u03b5 \u03b5\u03cd\u03c0\u03bb\u03b1\u03c3\u03c4\u03bf \u03ba\u03c1\u03ac\u03c4\u03b7\u03bc\u03b1.<\/div><\/div><span class=\"dfd-icon-item-delimiter\" style=\"border-bottom-width:1px; border-style:dotted; border-color:; \"><\/span><\/li><li class=\"\"><div class=\"dfd-list-content clearfix \" style=\"\"><div class=\"dfd-list-icon-block text-center\" style=\"color:#000000; \"><i class = \"dfd-icon-right_6\"><\/i><\/div><div class=\"dfd-list-content-block content\">\u0393\u03b9\u03b1 \u03bd\u03c9\u03c0\u03ac \u03ae \u03c3\u03c4\u03b5\u03b3\u03bd\u03ac \u03bc\u03b1\u03bb\u03bb\u03b9\u03ac<\/div><\/div><span class=\"dfd-icon-item-delimiter\" style=\"border-bottom-width:1px; border-style:dotted; border-color:; \"><\/span><\/li><\/ul><\/div><script type=\"text\/javascript\">(function($) {$(\"head\").append(\"<style>#dfd-icon-list-69e4990d09473-1104 .dfd-icon-list .content {style=&quot;color: #000000 !important; &quot;}<\/style>\");})(jQuery);<\/script><div class=\"dfd-spacer-module\"  data-units=\"px\" data-wide_resolution=\"1280\" data-wide_size=\"50\" data-normal_resolution=\"1024\" data-normal_size=\"50\" data-tablet_resolution=\"800\" data-tablet_size=\"50\" data-mobile_resolution=\"480\" data-mobile_size=\"50\" style=\"height: 50px;\"><\/div><div class=\"dfd-delimier-main-wrapper \" ><div id=\"dfd-delimiter-69e4990d0961b-3211\"  class=\"dfd-delimier-wrapper dfd-delimiter-with-line \"  style='text-align:left; ' ><span><span class=\"line\" style=\"border-bottom-width:1px; border-bottom-style:dotted; \"><\/span><\/span><\/div><\/div><div class=\"dfd-spacer-module\"  data-units=\"px\" data-wide_resolution=\"1280\" data-wide_size=\"20\" data-normal_resolution=\"1024\" data-normal_size=\"20\" data-tablet_resolution=\"800\" data-tablet_size=\"20\" data-mobile_resolution=\"480\" data-mobile_size=\"20\" style=\"height: 20px;\"><\/div>[vc_row_inner][vc_column_inner][vc_column_text]<strong>\u0394\u03b9\u03b1\u03b8\u03ad\u03c3\u03b9\u03bc\u03b5\u03c2 \u03c3\u03c5\u03c3\u03ba\u03b5\u03c5\u03b1\u03c3\u03af\u03b5\u03c2<\/strong>: 2 oz.[\/vc_column_text][\/vc_column_inner][\/vc_row_inner][\/vc_column][\/vc_row][vc_section el_id=&#8221;new-ficha-product&#8221; css=&#8221;.vc_custom_1649262699387{margin-bottom: 60px !important;}&#8221;][vc_row][vc_column]<div class=\"dfd-spacer-module\"  data-units=\"px\" data-wide_resolution=\"1280\" data-wide_size=\"50\" data-normal_resolution=\"1024\" data-normal_size=\"50\" data-tablet_resolution=\"800\" data-tablet_size=\"50\" data-mobile_resolution=\"480\" data-mobile_size=\"50\" style=\"height: 50px;\"><\/div>[dfd_tta_tabs style=&#8221;empty_style&#8221; tab_title_uppercase=&#8221;uppercase&#8221; font_size=&#8221;15&#8243; icon_size=&#8221;15&#8243; active_section=&#8221;1&#8243; tab_title_font_options=&#8221;font_style_bold:1&#8243;][vc_tta_section i_position=&#8221;right&#8221; i_icon_fontawesome=&#8221;fa fa-plus&#8221; add_icon=&#8221;true&#8221; title=&#8221;\u0395\u03bd\u03b5\u03c1\u03b3\u03ac \u03c3\u03c5\u03c3\u03c4\u03b1\u03c4\u03b9\u03ba\u03ac&#8221; tab_id=&#8221;1648023039495-7bc2b53a-3435&#8243;][vc_row_inner][vc_column_inner width=&#8221;1\/2&#8243; css=&#8221;.vc_custom_1648024148386{padding-bottom: 40px !important;}&#8221; col_inner_shadow=&#8221;box_shadow_enable:disable|shadow_horizontal:0|shadow_vertical:15|shadow_blur:50|shadow_spread:0|box_shadow_color:rgba(0%2C0%2C0%2C0.35)&#8221; col_inner_shadow_hover=&#8221;box_shadow_enable:disable|shadow_horizontal:0|shadow_vertical:15|shadow_blur:50|shadow_spread:0|box_shadow_color:rgba(0%2C0%2C0%2C0.35)&#8221;]<div id=\"idinfobox69e4990d096f9\" class=\"dfd-info-box clearfix style-01 layout-04 box-ficha-product idinfobox69e4990d096f9\" ><div class=\"dfd-animate-container\"><div class=\"icon-wrapper\"><div class=\"module-icon\" ><div class=\"hover-layer\" ><\/div><img decoding=\"async\" src=\"https:\/\/iconproducts.com\/wp-content\/uploads\/2020\/10\/CERA.jpg\" alt=\"Image icon\" style=\"opacity: 1;\" \/><\/div><\/div><div class=\"content-wrap ovh\"><div class=\"info-box-title feature-title\" style=\"font-size: 18px; font-weight:bold; \">\u039a\u0395\u03a1\u0399 CARNAUBA<\/div><div class=\"wrap-delimiter\"><div class=\"delimiter\" ><\/div><\/div><div class=\"description\" style=\"\">\u0391\u03c5\u03c4\u03cc \u03c4\u03bf \u03ba\u03b5\u03c1\u03af \u03b5\u03be\u03ac\u03b3\u03b5\u03c4\u03b1\u03b9 \u03b1\u03c0\u03cc \u03c4\u03b1 \u03c6\u03cd\u03bb\u03bb\u03b1 \u03c4\u03bf\u03c5 \u03c6\u03bf\u03af\u03bd\u03b9\u03ba\u03b1 Carnauba \u03ba\u03b1\u03b9 \u03b5\u03af\u03bd\u03b1\u03b9 \u03b3\u03bd\u03c9\u03c3\u03c4\u03cc \u03b3\u03b9\u03b1 \u03c4\u03b9\u03c2 \u03c0\u03c1\u03bf\u03c3\u03c4\u03b1\u03c4\u03b5\u03c5\u03c4\u03b9\u03ba\u03ad\u03c2 \u03c4\u03bf\u03c5 \u03b9\u03b4\u03b9\u03cc\u03c4\u03b7\u03c4\u03b5\u03c2<br \/>\n<\/div><\/div><\/div><\/div>[\/vc_column_inner][vc_column_inner width=&#8221;1\/2&#8243; css=&#8221;.vc_custom_1648024152883{padding-bottom: 40px !important;}&#8221; col_inner_shadow=&#8221;box_shadow_enable:disable|shadow_horizontal:0|shadow_vertical:15|shadow_blur:50|shadow_spread:0|box_shadow_color:rgba(0%2C0%2C0%2C0.35)&#8221; col_inner_shadow_hover=&#8221;box_shadow_enable:disable|shadow_horizontal:0|shadow_vertical:15|shadow_blur:50|shadow_spread:0|box_shadow_color:rgba(0%2C0%2C0%2C0.35)&#8221;]<div id=\"idinfobox69e4990d09961\" class=\"dfd-info-box clearfix style-01 layout-04 box-ficha-product idinfobox69e4990d09961\" ><div class=\"dfd-animate-container\"><div class=\"icon-wrapper\"><div class=\"module-icon\" ><div class=\"hover-layer\" ><\/div><img decoding=\"async\" src=\"https:\/\/iconproducts.com\/wp-content\/uploads\/2019\/07\/proteinas-02.png\" alt=\"Image icon\" style=\"opacity: 1;\" \/><\/div><\/div><div class=\"content-wrap ovh\"><div class=\"info-box-title feature-title\" style=\"font-size: 18px; font-weight:bold; \">\u0391\u039c\u0399\u039d\u039f\u039e\u0395\u0391<\/div><div class=\"wrap-delimiter\"><div class=\"delimiter\" ><\/div><\/div><div class=\"description\" style=\"\">\u0391\u03c5\u03c4\u03ac \u03c4\u03b1 \u03bf\u03be\u03ad\u03b1 \u03bc\u03c0\u03bf\u03c1\u03bf\u03cd\u03bd \u03bd\u03b1 \u03b4\u03b9\u03b5\u03b9\u03c3\u03b4\u03cd\u03bf\u03c5\u03bd \u03c3\u03c4\u03bf \u03c3\u03c4\u03ad\u03bb\u03b5\u03c7\u03bf\u03c2 \u03c4\u03b7\u03c2 \u03c4\u03c1\u03af\u03c7\u03b1\u03c2 \u03ba\u03b1\u03b9 \u03bd\u03b1 \u03b1\u03bd\u03b1\u03b4\u03bf\u03bc\u03bf\u03cd\u03bd \u03c4\u03b1 \u03ba\u03b1\u03c4\u03b5\u03c3\u03c4\u03c1\u03b1\u03bc\u03bc\u03ad\u03bd\u03b1 \u03bc\u03b1\u03bb\u03bb\u03b9\u03ac<br \/>\n<\/div><\/div><\/div><\/div>[\/vc_column_inner][\/vc_row_inner][\/vc_tta_section][vc_tta_section i_position=&#8221;right&#8221; i_icon_fontawesome=&#8221;fa fa-plus&#8221; add_icon=&#8221;true&#8221; title=&#8221;\u03c3\u03c5\u03c3\u03c4\u03b1\u03c4\u03b9\u03ba\u03ac&#8221; tab_id=&#8221;1647965598517-cf28458a-0f46&#8243;][vc_column_text]<i>Aqua (water\/eau), c32-36 isoalkyl stearate, cetearyl alcohol, microcrystalline wax, pvp, hydrogenated vegetable oil, propylene glycol, polysorbate-60, ceteareth-20, copernicia cerifera (carnauba) wax, sd alcohol 40b (ethyl alcohol), stearyl stearate, c12-15 alkyl benzoate, polyhydroxystearic acid, stearyl behenate, stearic acid, polyglyceryl-3 stearate, glyceryl behenate, fragrance (parfum), dmdm hydantoin, potassium sorbate, glyceryl stearate se, peg-8 distearate, disodium edta, limonene, alpha-isomethyl ionone, eugenol, linalool, aminomethyl propanol, citronellol<\/i><\/p>\n<p>We are commited to providing high quality, natural, and eco-conscious products, that are high performing and innovative. Our ingredient list may vary from time to time, as we stay above and beyond all compliances. Please refer to the printed packaging for the most accurate ingredient list.[\/vc_column_text][\/vc_tta_section][vc_tta_section i_position=&#8221;right&#8221; i_icon_fontawesome=&#8221;fas fa-plus&#8221; add_icon=&#8221;true&#8221; title=&#8221;\u039c\u03a0\u039f\u03a1\u0395\u0399 \u039d\u0391 \u03a3\u039f\u03a5 \u0391\u03a1\u0395\u03a3\u0395\u0399 \u0395\u03a0\u0399\u03a3\u0397\u03a3&#8221; tab_id=&#8221;1647966124315-b6c96e74-d954&#8243;][vc_row_inner][vc_column_inner]<div id=\"idinfobox69e4990d09c6c\" class=\"dfd-info-box clearfix style-01 layout-01 icono-img idinfobox69e4990d09c6c text-center\" ><div class=\"dfd-animate-container\"><div class=\"icon-wrapper\"><div class=\"module-icon\" ><div class=\"hover-layer\" ><\/div><img decoding=\"async\" src=\"https:\/\/iconproducts.com\/wp-content\/uploads\/2021\/04\/powder-2021-small.jpg\" alt=\"Image icon\" style=\"opacity: 1;\" \/><\/div><\/div><h6 class=\"info-box-title \" style=\"\">Powder<\/h6><div class=\"info-box-subtitle subtitle\" style=\"\">Texturizer<\/div><div class=\"wrap-delimiter\"><div class=\"delimiter\" style=\"border-color:#ffffff;\"><\/div><\/div><div class=\"description\" style=\"\"><\/div><a href=\"https:\/\/iconproducts.com\/el\/styling\/powder\/\" title=\"Powder\"  class=\"full-box-link\"><\/a><\/div><\/div>[\/vc_column_inner][\/vc_row_inner][\/vc_tta_section][\/dfd_tta_tabs][\/vc_column][\/vc_row][\/vc_section]<\/p>\n","protected":false},"excerpt":{"rendered":"<p>[vc_row][vc_column][\/vc_column][\/vc_row][vc_row][vc_column width=&#8221;1\/2&#8243;][\/vc_column][vc_column width=&#8221;1\/2&#8243;][vc_column_text]\u0394\u03b9\u03b1\u03bc\u03bf\u03c1\u03c6\u03ce\u03c3\u03c4\u03b5 \u03ad\u03bd\u03c4\u03bf\u03bd\u03bf \u03b4\u03b9\u03b1\u03c7\u03c9\u03c1\u03b9\u03c3\u03bc\u03cc \u03bc\u03b5 \u03b5\u03cd\u03c0\u03bb\u03b1\u03c3\u03c4\u03bf \u03ba\u03c1\u03ac\u03c4\u03b7\u03bc\u03b1. \u03a0\u03b5\u03c1\u03ac\u03c3\u03c4\u03b5 \u03c4\u03bf \u03c0\u03c1\u03bf\u03ca\u03cc\u03bd \u03bc\u03ad\u03c3\u03b1 \u03c3\u03c4\u03b1 \u03bc\u03b1\u03bb\u03bb\u03b9\u03ac \u03b3\u03b9\u03b1 \u03bd\u03b1 \u03b4\u03b7\u03bc\u03b9\u03bf\u03c5\u03c1\u03b3\u03ae\u03c3\u03b5\u03c4\u03b5 \u03c3\u03c7\u03ae\u03bc\u03b1\u03c4\u03b1. \u03a7\u03c4\u03b5\u03bd\u03af\u03c3\u03c4\u03b5 \u03b3\u03b9\u03b1 \u03b5\u03c5\u03ad\u03bb\u03b9\u03ba\u03c4\u03bf \u03b4\u03b9\u03b1\u03c7\u03c9\u03c1\u03b9\u03c3\u03bc\u03cc. \u0391\u03c1\u03c7\u03b9\u03ba\u03ac \u03c5\u03b3\u03c1\u03cc, \u03ad\u03c0\u03b5\u03b9\u03c4\u03b1 \u03c3\u03c4\u03b5\u03b3\u03bd\u03ce\u03bd\u03b5\u03b9 \u03bc\u03b5 \u03bc\u03b1\u03c4 \u03c6\u03b9\u03bd\u03af\u03c1\u03b9\u03c3\u03bc\u03b1.[\/vc_column_text][vc_row_inner][vc_column_inner][vc_column_text]\u0394\u03b9\u03b1\u03b8\u03ad\u03c3\u03b9\u03bc\u03b5\u03c2 \u03c3\u03c5\u03c3\u03ba\u03b5\u03c5\u03b1\u03c3\u03af\u03b5\u03c2:<\/p>\n","protected":false},"author":1,"featured_media":56734,"parent":54316,"menu_order":0,"comment_status":"closed","ping_status":"closed","template":"page-custom-with-header.php","meta":{"_acf_changed":false,"footnotes":""},"tags":[],"wf_page_folders":[],"class_list":["post-49332","page","type-page","status-publish","has-post-thumbnail","hentry"],"acf":[],"yoast_head":"<!-- This site is optimized with the Yoast SEO plugin v27.0 - https:\/\/yoast.com\/product\/yoast-seo-wordpress\/ -->\n<title>Putty | Liquid Fashion | I.C.O.N. Products | Pomada<\/title>\n<meta name=\"description\" content=\"Putty es una pasta remodeladora de I.C.O.N. Products que proporciona una fijaci\u00f3n flexible. Crea una fuerte definici\u00f3n con una fijaci\u00f3n maleable.\" \/>\n<meta name=\"robots\" content=\"index, follow, max-snippet:-1, max-image-preview:large, max-video-preview:-1\" \/>\n<link rel=\"canonical\" href=\"https:\/\/iconproducts.com\/el\/styling\/putty\/\" \/>\n<meta property=\"og:locale\" content=\"el_GR\" \/>\n<meta property=\"og:type\" content=\"article\" \/>\n<meta property=\"og:title\" content=\"Putty | Liquid Fashion | I.C.O.N. Products | Pomada\" \/>\n<meta property=\"og:description\" content=\"Putty es una pasta remodeladora de I.C.O.N. Products que proporciona una fijaci\u00f3n flexible. Crea una fuerte definici\u00f3n con una fijaci\u00f3n maleable.\" \/>\n<meta property=\"og:url\" content=\"https:\/\/iconproducts.com\/el\/styling\/putty\/\" \/>\n<meta property=\"og:site_name\" content=\"I.C.O.N. Products\" \/>\n<meta property=\"article:publisher\" content=\"https:\/\/www.facebook.com\/iconproducts.spain\" \/>\n<meta property=\"article:modified_time\" content=\"2023-08-02T08:14:19+00:00\" \/>\n<meta property=\"og:image\" content=\"https:\/\/iconproducts.com\/wp-content\/uploads\/2021\/04\/putty-new2021.jpg\" \/>\n\t<meta property=\"og:image:width\" content=\"1000\" \/>\n\t<meta property=\"og:image:height\" content=\"1000\" \/>\n\t<meta property=\"og:image:type\" content=\"image\/jpeg\" \/>\n<meta name=\"twitter:card\" content=\"summary_large_image\" \/>\n<script type=\"application\/ld+json\" class=\"yoast-schema-graph\">{\"@context\":\"https:\/\/schema.org\",\"@graph\":[{\"@type\":\"WebPage\",\"@id\":\"https:\/\/iconproducts.com\/el\/styling\/putty\/\",\"url\":\"https:\/\/iconproducts.com\/el\/styling\/putty\/\",\"name\":\"Putty | Liquid Fashion | I.C.O.N. Products | Pomada\",\"isPartOf\":{\"@id\":\"https:\/\/iconproducts.com\/es\/#website\"},\"primaryImageOfPage\":{\"@id\":\"https:\/\/iconproducts.com\/el\/styling\/putty\/#primaryimage\"},\"image\":{\"@id\":\"https:\/\/iconproducts.com\/el\/styling\/putty\/#primaryimage\"},\"thumbnailUrl\":\"https:\/\/iconproducts.com\/wp-content\/uploads\/2021\/04\/putty-new2021.jpg\",\"datePublished\":\"2018-07-03T14:50:01+00:00\",\"dateModified\":\"2023-08-02T08:14:19+00:00\",\"description\":\"Putty es una pasta remodeladora de I.C.O.N. Products que proporciona una fijaci\u00f3n flexible. Crea una fuerte definici\u00f3n con una fijaci\u00f3n maleable.\",\"breadcrumb\":{\"@id\":\"https:\/\/iconproducts.com\/el\/styling\/putty\/#breadcrumb\"},\"inLanguage\":\"el\",\"potentialAction\":[{\"@type\":\"ReadAction\",\"target\":[\"https:\/\/iconproducts.com\/el\/styling\/putty\/\"]}]},{\"@type\":\"ImageObject\",\"inLanguage\":\"el\",\"@id\":\"https:\/\/iconproducts.com\/el\/styling\/putty\/#primaryimage\",\"url\":\"https:\/\/iconproducts.com\/wp-content\/uploads\/2021\/04\/putty-new2021.jpg\",\"contentUrl\":\"https:\/\/iconproducts.com\/wp-content\/uploads\/2021\/04\/putty-new2021.jpg\",\"width\":1000,\"height\":1000},{\"@type\":\"BreadcrumbList\",\"@id\":\"https:\/\/iconproducts.com\/el\/styling\/putty\/#breadcrumb\",\"itemListElement\":[{\"@type\":\"ListItem\",\"position\":1,\"name\":\"I.C.O.N. Products\",\"item\":\"https:\/\/iconproducts.com\/el\/\"},{\"@type\":\"ListItem\",\"position\":2,\"name\":\"Styling\",\"item\":\"https:\/\/iconproducts.com\/el\/styling\/\"},{\"@type\":\"ListItem\",\"position\":3,\"name\":\"Putty\"}]},{\"@type\":\"WebSite\",\"@id\":\"https:\/\/iconproducts.com\/es\/#website\",\"url\":\"https:\/\/iconproducts.com\/es\/\",\"name\":\"I.C.O.N. Products\",\"description\":\"Productos de peluquer\u00eda\",\"publisher\":{\"@id\":\"https:\/\/iconproducts.com\/es\/#organization\"},\"potentialAction\":[{\"@type\":\"SearchAction\",\"target\":{\"@type\":\"EntryPoint\",\"urlTemplate\":\"https:\/\/iconproducts.com\/es\/?s={search_term_string}\"},\"query-input\":{\"@type\":\"PropertyValueSpecification\",\"valueRequired\":true,\"valueName\":\"search_term_string\"}}],\"inLanguage\":\"el\"},{\"@type\":\"Organization\",\"@id\":\"https:\/\/iconproducts.com\/es\/#organization\",\"name\":\"I.C.O.N. Products\",\"url\":\"https:\/\/iconproducts.com\/es\/\",\"logo\":{\"@type\":\"ImageObject\",\"inLanguage\":\"el\",\"@id\":\"https:\/\/iconproducts.com\/es\/#\/schema\/logo\/image\/\",\"url\":\"https:\/\/iconproducts.com\/wp-content\/uploads\/2018\/08\/logo-icon-1.jpg\",\"contentUrl\":\"https:\/\/iconproducts.com\/wp-content\/uploads\/2018\/08\/logo-icon-1.jpg\",\"width\":1000,\"height\":1000,\"caption\":\"I.C.O.N. Products\"},\"image\":{\"@id\":\"https:\/\/iconproducts.com\/es\/#\/schema\/logo\/image\/\"},\"sameAs\":[\"https:\/\/www.facebook.com\/iconproducts.spain\",\"https:\/\/www.instagram.com\/iconspain\/\",\"https:\/\/www.youtube.com\/channel\/UCw0myea3fiZRsj72sNBnMqQ\"]}]}<\/script>\n<!-- \/ Yoast SEO plugin. -->","yoast_head_json":{"title":"Putty | Liquid Fashion | I.C.O.N. Products | Pomada","description":"Putty es una pasta remodeladora de I.C.O.N. Products que proporciona una fijaci\u00f3n flexible. Crea una fuerte definici\u00f3n con una fijaci\u00f3n maleable.","robots":{"index":"index","follow":"follow","max-snippet":"max-snippet:-1","max-image-preview":"max-image-preview:large","max-video-preview":"max-video-preview:-1"},"canonical":"https:\/\/iconproducts.com\/el\/styling\/putty\/","og_locale":"el_GR","og_type":"article","og_title":"Putty | Liquid Fashion | I.C.O.N. Products | Pomada","og_description":"Putty es una pasta remodeladora de I.C.O.N. Products que proporciona una fijaci\u00f3n flexible. Crea una fuerte definici\u00f3n con una fijaci\u00f3n maleable.","og_url":"https:\/\/iconproducts.com\/el\/styling\/putty\/","og_site_name":"I.C.O.N. Products","article_publisher":"https:\/\/www.facebook.com\/iconproducts.spain","article_modified_time":"2023-08-02T08:14:19+00:00","og_image":[{"width":1000,"height":1000,"url":"https:\/\/iconproducts.com\/wp-content\/uploads\/2021\/04\/putty-new2021.jpg","type":"image\/jpeg"}],"twitter_card":"summary_large_image","schema":{"@context":"https:\/\/schema.org","@graph":[{"@type":"WebPage","@id":"https:\/\/iconproducts.com\/el\/styling\/putty\/","url":"https:\/\/iconproducts.com\/el\/styling\/putty\/","name":"Putty | Liquid Fashion | I.C.O.N. Products | Pomada","isPartOf":{"@id":"https:\/\/iconproducts.com\/es\/#website"},"primaryImageOfPage":{"@id":"https:\/\/iconproducts.com\/el\/styling\/putty\/#primaryimage"},"image":{"@id":"https:\/\/iconproducts.com\/el\/styling\/putty\/#primaryimage"},"thumbnailUrl":"https:\/\/iconproducts.com\/wp-content\/uploads\/2021\/04\/putty-new2021.jpg","datePublished":"2018-07-03T14:50:01+00:00","dateModified":"2023-08-02T08:14:19+00:00","description":"Putty es una pasta remodeladora de I.C.O.N. Products que proporciona una fijaci\u00f3n flexible. Crea una fuerte definici\u00f3n con una fijaci\u00f3n maleable.","breadcrumb":{"@id":"https:\/\/iconproducts.com\/el\/styling\/putty\/#breadcrumb"},"inLanguage":"el","potentialAction":[{"@type":"ReadAction","target":["https:\/\/iconproducts.com\/el\/styling\/putty\/"]}]},{"@type":"ImageObject","inLanguage":"el","@id":"https:\/\/iconproducts.com\/el\/styling\/putty\/#primaryimage","url":"https:\/\/iconproducts.com\/wp-content\/uploads\/2021\/04\/putty-new2021.jpg","contentUrl":"https:\/\/iconproducts.com\/wp-content\/uploads\/2021\/04\/putty-new2021.jpg","width":1000,"height":1000},{"@type":"BreadcrumbList","@id":"https:\/\/iconproducts.com\/el\/styling\/putty\/#breadcrumb","itemListElement":[{"@type":"ListItem","position":1,"name":"I.C.O.N. Products","item":"https:\/\/iconproducts.com\/el\/"},{"@type":"ListItem","position":2,"name":"Styling","item":"https:\/\/iconproducts.com\/el\/styling\/"},{"@type":"ListItem","position":3,"name":"Putty"}]},{"@type":"WebSite","@id":"https:\/\/iconproducts.com\/es\/#website","url":"https:\/\/iconproducts.com\/es\/","name":"I.C.O.N. Products","description":"Productos de peluquer\u00eda","publisher":{"@id":"https:\/\/iconproducts.com\/es\/#organization"},"potentialAction":[{"@type":"SearchAction","target":{"@type":"EntryPoint","urlTemplate":"https:\/\/iconproducts.com\/es\/?s={search_term_string}"},"query-input":{"@type":"PropertyValueSpecification","valueRequired":true,"valueName":"search_term_string"}}],"inLanguage":"el"},{"@type":"Organization","@id":"https:\/\/iconproducts.com\/es\/#organization","name":"I.C.O.N. Products","url":"https:\/\/iconproducts.com\/es\/","logo":{"@type":"ImageObject","inLanguage":"el","@id":"https:\/\/iconproducts.com\/es\/#\/schema\/logo\/image\/","url":"https:\/\/iconproducts.com\/wp-content\/uploads\/2018\/08\/logo-icon-1.jpg","contentUrl":"https:\/\/iconproducts.com\/wp-content\/uploads\/2018\/08\/logo-icon-1.jpg","width":1000,"height":1000,"caption":"I.C.O.N. Products"},"image":{"@id":"https:\/\/iconproducts.com\/es\/#\/schema\/logo\/image\/"},"sameAs":["https:\/\/www.facebook.com\/iconproducts.spain","https:\/\/www.instagram.com\/iconspain\/","https:\/\/www.youtube.com\/channel\/UCw0myea3fiZRsj72sNBnMqQ"]}]}},"_links":{"self":[{"href":"https:\/\/iconproducts.com\/el\/wp-json\/wp\/v2\/pages\/49332","targetHints":{"allow":["GET"]}}],"collection":[{"href":"https:\/\/iconproducts.com\/el\/wp-json\/wp\/v2\/pages"}],"about":[{"href":"https:\/\/iconproducts.com\/el\/wp-json\/wp\/v2\/types\/page"}],"author":[{"embeddable":true,"href":"https:\/\/iconproducts.com\/el\/wp-json\/wp\/v2\/users\/1"}],"replies":[{"embeddable":true,"href":"https:\/\/iconproducts.com\/el\/wp-json\/wp\/v2\/comments?post=49332"}],"version-history":[{"count":3,"href":"https:\/\/iconproducts.com\/el\/wp-json\/wp\/v2\/pages\/49332\/revisions"}],"predecessor-version":[{"id":106906,"href":"https:\/\/iconproducts.com\/el\/wp-json\/wp\/v2\/pages\/49332\/revisions\/106906"}],"up":[{"embeddable":true,"href":"https:\/\/iconproducts.com\/el\/wp-json\/wp\/v2\/pages\/54316"}],"wp:featuredmedia":[{"embeddable":true,"href":"https:\/\/iconproducts.com\/el\/wp-json\/wp\/v2\/media\/56734"}],"wp:attachment":[{"href":"https:\/\/iconproducts.com\/el\/wp-json\/wp\/v2\/media?parent=49332"}],"wp:term":[{"taxonomy":"post_tag","embeddable":true,"href":"https:\/\/iconproducts.com\/el\/wp-json\/wp\/v2\/tags?post=49332"},{"taxonomy":"wf_page_folders","embeddable":true,"href":"https:\/\/iconproducts.com\/el\/wp-json\/wp\/v2\/wf_page_folders?post=49332"}],"curies":[{"name":"wp","href":"https:\/\/api.w.org\/{rel}","templated":true}]}}