

{"id":49336,"date":"2018-07-04T08:01:23","date_gmt":"2018-07-04T06:01:23","guid":{"rendered":"https:\/\/iconproducts.com\/liquid-fashion\/reformer\/"},"modified":"2023-08-02T10:12:28","modified_gmt":"2023-08-02T08:12:28","slug":"reformer","status":"publish","type":"page","link":"https:\/\/iconproducts.com\/el\/styling\/reformer\/","title":{"rendered":"Reformer"},"content":{"rendered":"<p>[vc_row][vc_column]<div class=\"dfd-spacer-module\"  data-units=\"px\" data-wide_resolution=\"1280\" data-wide_size=\"100\" data-normal_resolution=\"1024\" data-normal_size=\"100\" data-tablet_resolution=\"800\" data-tablet_size=\"50\" data-mobile_resolution=\"480\" data-mobile_size=\"50\" style=\"height: 100px;\"><\/div>[\/vc_column][\/vc_row][vc_row][vc_column width=&#8221;1\/2&#8243;]<div id=\"dfd-single-image-module69e4c6ff2ee74-9815\" class=\"dfd-single-image-module  image-center \" ><img fetchpriority=\"high\" decoding=\"async\" src=\"https:\/\/iconproducts.com\/wp-content\/uploads\/2021\/02\/REFORMER-2021-1.jpg\" width=\"1000\" height=\"1000\"  alt=\"Image module\" \/><\/div><div class=\"dfd-spacer-module\"  data-units=\"px\" data-wide_resolution=\"1280\" data-wide_size=\"50\" data-normal_resolution=\"1024\" data-normal_size=\"50\" data-tablet_resolution=\"800\" data-tablet_size=\"50\" data-mobile_resolution=\"480\" data-mobile_size=\"50\" style=\"height: 50px;\"><\/div>[\/vc_column][vc_column width=&#8221;1\/2&#8243;]<div class=\"dfd-spacer-module\"  data-units=\"px\" data-wide_resolution=\"1280\" data-wide_size=\"50\" data-normal_resolution=\"1024\" data-normal_size=\"50\" data-tablet_resolution=\"800\" data-tablet_size=\"50\" data-mobile_resolution=\"480\" data-mobile_size=\"50\" style=\"height: 50px;\"><\/div><div class=\"dfd-heading-shortcode\"><div class=\"dfd-heading-module-wrap  text-left style_01 dfd-heading-69e4c6ff2ef71 dfd-disable-resposive-headings\" id=\"dfd-heading-69e4c6ff2ef71\" ><div class=\"inline-block\"><div class=\"dfd-heading-module\"><h1 class=\"widget-title dfd-title \" style=\"\">Reformer<\/h1><h1 class=\"widget-sub-title dfd-sub-title \" style=\"\">\u03a3\u03c0\u03c1\u03b5\u03c5 \u03b3\u03b9\u03b1 \u03b3\u03c1\u03ae\u03b3\u03bf\u03c1\u03bf \u03ba\u03c1\u03ac\u03c4\u03b7\u03bc\u03b1<\/h1><div class=\"dfd-heading-delimiter\"><\/div><\/div><\/div><\/div><script type=\"text\/javascript\">\n\t\t\t\t\t\t\t\t\t(function($) {\n\t\t\t\t\t\t\t\t\t\t$(\"head\").append(\"<style>.dfd-heading-69e4c6ff2ef71.dfd-heading-module-wrap .dfd-heading-module .dfd-heading-delimiter {border-bottom-style:solid;border-bottom-width:1px;width:100px;border-bottom-color:#dddddd;}.dfd-heading-69e4c6ff2ef71.dfd-heading-module-wrap .dfd-heading-module .dfd-heading-delimiter {margin-top:10px;margin-bottom:10px;}<\/style>\");\n\t\t\t\t\t\t\t\t\t})(jQuery);\n\t\t\t\t\t\t\t\t<\/script><\/div>[vc_column_text]\u0394\u03b7\u03bc\u03b9\u03bf\u03c5\u03c1\u03b3\u03b5\u03af \u03bc\u03b9\u03b1 \u03c3\u03c4\u03b1\u03b8\u03b5\u03c1\u03ae \u03b2\u03ac\u03c3\u03b7, \u03b5\u03bd\u03ce \u03bc\u03b5\u03c4\u03b1\u03bc\u03bf\u03c1\u03c6\u03ce\u03bd\u03b5\u03b9 \u03c4\u03b1 \u03ac\u03c4\u03bf\u03bd\u03b1 \u03bc\u03b1\u03bb\u03bb\u03b9\u03ac. \u0391\u03c0\u03bb\u03ac \u03ba\u03ac\u03bd\u03b5\u03b9 \u03b1\u03c5\u03c4\u03cc \u03c0\u03bf\u03c5 \u03c5\u03c0\u03cc\u03c3\u03c7\u03b5\u03c4\u03b1\u03b9. \u03a3\u03c4\u03b1\u03b8\u03b5\u03c1\u03bf\u03c0\u03bf\u03b9\u03b5\u03af \u03ba\u03b1\u03b9 \u03b4\u03b9\u03b1\u03c4\u03b7\u03c1\u03b5\u03af \u03c4\u03bf \u03c3\u03c4\u03c5\u03bb \u03bc\u03b5 \u03b5\u03be\u03b1\u03b9\u03c1\u03b5\u03c4\u03b9\u03ba\u03cc \u03ad\u03bb\u03b5\u03b3\u03c7\u03bf \u03ba\u03b1\u03b9 \u03cc\u03b3\u03ba\u03bf.[\/vc_column_text]<div class=\"dfd-spacer-module\"  data-units=\"px\" data-wide_resolution=\"1280\" data-wide_size=\"50\" data-normal_resolution=\"1024\" data-normal_size=\"50\" data-tablet_resolution=\"800\" data-tablet_size=\"50\" data-mobile_resolution=\"480\" data-mobile_size=\"50\" style=\"height: 50px;\"><\/div><div id=\"dfd-icon-list-69e4c6ff2f0dc-2674\" class=\"dfd-icon-list-wrap  del-full-width style-2  \" ><ul class=\"dfd-icon-list\"><li class=\"\"><div class=\"dfd-list-content clearfix \" style=\"\"><div class=\"dfd-list-icon-block text-center\" style=\"color:#000000; \"><i class = \"dfd-icon-right_6\"><\/i><\/div><div class=\"dfd-list-content-block content\">\u0391\u03bd\u03b1\u03c3\u03b7\u03ba\u03ce\u03bd\u03b5\u03b9 \u03ba\u03b1\u03b9 \u03b4\u03af\u03bd\u03b5\u03b9 \u03c3\u03c7\u03ae\u03bc\u03b1 \u03c3\u03c4\u03b1 \u03bc\u03b1\u03bb\u03bb\u03b9\u03ac.<\/div><\/div><span class=\"dfd-icon-item-delimiter\" style=\"border-bottom-width:1px; border-style:dotted; border-color:; \"><\/span><\/li><li class=\"\"><div class=\"dfd-list-content clearfix \" style=\"\"><div class=\"dfd-list-icon-block text-center\" style=\"color:#000000; \"><i class = \"dfd-icon-right_6\"><\/i><\/div><div class=\"dfd-list-content-block content\">\u0391\u03bd\u03c5\u03c8\u03ce\u03bd\u03b5\u03b9 \u03c4\u03b9\u03c2 \u03c1\u03af\u03b6\u03b5\u03c2 \u03c4\u03c9\u03bd \u03bb\u03b5\u03c0\u03c4\u03ce\u03bd \u03bc\u03b1\u03bb\u03bb\u03b9\u03ce\u03bd.<\/div><\/div><span class=\"dfd-icon-item-delimiter\" style=\"border-bottom-width:1px; border-style:dotted; border-color:; \"><\/span><\/li><li class=\"\"><div class=\"dfd-list-content clearfix \" style=\"\"><div class=\"dfd-list-icon-block text-center\" style=\"color:#000000; \"><i class = \"dfd-icon-right_6\"><\/i><\/div><div class=\"dfd-list-content-block content\">\u0394\u03af\u03bd\u03b5\u03b9 \u03ba\u03af\u03bd\u03b7\u03c3\u03b7 \u03c3\u03c4\u03b9\u03c2 \u03bc\u03c0\u03bf\u03cd\u03ba\u03bb\u03b5\u03c2.<\/div><\/div><span class=\"dfd-icon-item-delimiter\" style=\"border-bottom-width:1px; border-style:dotted; border-color:; \"><\/span><\/li><\/ul><\/div><script type=\"text\/javascript\">(function($) {$(\"head\").append(\"<style>#dfd-icon-list-69e4c6ff2f0dc-2674 .dfd-icon-list .content {style=&quot;color: #000000 !important; &quot;}<\/style>\");})(jQuery);<\/script><div class=\"dfd-spacer-module\"  data-units=\"px\" data-wide_resolution=\"1280\" data-wide_size=\"20\" data-normal_resolution=\"1024\" data-normal_size=\"50\" data-tablet_resolution=\"800\" data-tablet_size=\"50\" data-mobile_resolution=\"480\" data-mobile_size=\"50\" style=\"height: 20px;\"><\/div>[vc_column_text]<span style=\"margin-left: 52px;\"><small>* Not vegan<\/small><\/span>[\/vc_column_text]<div class=\"dfd-spacer-module\"  data-units=\"px\" data-wide_resolution=\"1280\" data-wide_size=\"20\" data-normal_resolution=\"1024\" data-normal_size=\"50\" data-tablet_resolution=\"800\" data-tablet_size=\"50\" data-mobile_resolution=\"480\" data-mobile_size=\"50\" style=\"height: 20px;\"><\/div><div class=\"dfd-delimier-main-wrapper \" ><div id=\"dfd-delimiter-69e4c6ff2f308-7951\"  class=\"dfd-delimier-wrapper dfd-delimiter-with-line \"  style='text-align:left; ' ><span><span class=\"line\" style=\"border-bottom-width:1px; border-bottom-style:dotted; \"><\/span><\/span><\/div><\/div><div class=\"dfd-spacer-module\"  data-units=\"px\" data-wide_resolution=\"1280\" data-wide_size=\"20\" data-normal_resolution=\"1024\" data-normal_size=\"20\" data-tablet_resolution=\"800\" data-tablet_size=\"20\" data-mobile_resolution=\"480\" data-mobile_size=\"20\" style=\"height: 20px;\"><\/div>[vc_column_text]<strong>\u0394\u03b9\u03b1\u03b8\u03ad\u03c3\u03b9\u03bc\u03b5\u03c2 \u03c3\u03c5\u03c3\u03ba\u03b5\u03c5\u03b1\u03c3\u03af\u03b5\u03c2<\/strong>: 6.7 oz.[\/vc_column_text][\/vc_column][\/vc_row][vc_section el_id=&#8221;new-ficha-product&#8221; css=&#8221;.vc_custom_1649262699387{margin-bottom: 60px !important;}&#8221;][vc_row][vc_column]<div class=\"dfd-spacer-module\"  data-units=\"px\" data-wide_resolution=\"1280\" data-wide_size=\"50\" data-normal_resolution=\"1024\" data-normal_size=\"50\" data-tablet_resolution=\"800\" data-tablet_size=\"50\" data-mobile_resolution=\"480\" data-mobile_size=\"50\" style=\"height: 50px;\"><\/div>[dfd_tta_tabs style=&#8221;empty_style&#8221; tab_title_uppercase=&#8221;uppercase&#8221; font_size=&#8221;15&#8243; icon_size=&#8221;15&#8243; active_section=&#8221;1&#8243; tab_title_font_options=&#8221;font_style_bold:1&#8243;][vc_tta_section i_position=&#8221;right&#8221; i_icon_fontawesome=&#8221;fa fa-plus&#8221; add_icon=&#8221;true&#8221; title=&#8221;\u0395\u03bd\u03b5\u03c1\u03b3\u03ac \u03c3\u03c5\u03c3\u03c4\u03b1\u03c4\u03b9\u03ba\u03ac&#8221; tab_id=&#8221;1648023039495-7bc2b53a-3435&#8243;][vc_row_inner][vc_column_inner width=&#8221;1\/3&#8243; css=&#8221;.vc_custom_1648024148386{padding-bottom: 40px !important;}&#8221; col_inner_shadow=&#8221;box_shadow_enable:disable|shadow_horizontal:0|shadow_vertical:15|shadow_blur:50|shadow_spread:0|box_shadow_color:rgba(0%2C0%2C0%2C0.35)&#8221; col_inner_shadow_hover=&#8221;box_shadow_enable:disable|shadow_horizontal:0|shadow_vertical:15|shadow_blur:50|shadow_spread:0|box_shadow_color:rgba(0%2C0%2C0%2C0.35)&#8221;]<div id=\"idinfobox69e4c6ff2f3f1\" class=\"dfd-info-box clearfix style-01 layout-04 box-ficha-product idinfobox69e4c6ff2f3f1\" ><div class=\"dfd-animate-container\"><div class=\"icon-wrapper\"><div class=\"module-icon\" ><div class=\"hover-layer\" ><\/div><img decoding=\"async\" src=\"https:\/\/iconproducts.com\/wp-content\/uploads\/2020\/10\/B2.jpg\" alt=\"Image icon\" style=\"opacity: 1;\" \/><\/div><\/div><div class=\"content-wrap ovh\"><div class=\"info-box-title feature-title\" style=\"font-size: 18px; font-weight:bold; \">RETINYL PALMITATE<\/div><div class=\"wrap-delimiter\"><div class=\"delimiter\" ><\/div><\/div><div class=\"description\" style=\"\">Antioxidant that protects hair from heat surface<\/div><\/div><\/div><\/div>[\/vc_column_inner][vc_column_inner width=&#8221;1\/3&#8243; css=&#8221;.vc_custom_1648024152883{padding-bottom: 40px !important;}&#8221; col_inner_shadow=&#8221;box_shadow_enable:disable|shadow_horizontal:0|shadow_vertical:15|shadow_blur:50|shadow_spread:0|box_shadow_color:rgba(0%2C0%2C0%2C0.35)&#8221; col_inner_shadow_hover=&#8221;box_shadow_enable:disable|shadow_horizontal:0|shadow_vertical:15|shadow_blur:50|shadow_spread:0|box_shadow_color:rgba(0%2C0%2C0%2C0.35)&#8221;]<div id=\"idinfobox69e4c6ff2f69a\" class=\"dfd-info-box clearfix style-01 layout-04 box-ficha-product idinfobox69e4c6ff2f69a\" ><div class=\"dfd-animate-container\"><div class=\"icon-wrapper\"><div class=\"module-icon\" ><div class=\"hover-layer\" ><\/div><img decoding=\"async\" src=\"https:\/\/iconproducts.com\/wp-content\/uploads\/2022\/04\/cimicifuga.jpg\" alt=\"Image icon\" style=\"opacity: 1;\" \/><\/div><\/div><div class=\"content-wrap ovh\"><div class=\"info-box-title feature-title\" style=\"font-size: 18px; font-weight:bold; \">BLACK COHOSH<\/div><div class=\"wrap-delimiter\"><div class=\"delimiter\" ><\/div><\/div><div class=\"description\" style=\"\">Fights against thermal damage<\/div><\/div><\/div><\/div>[\/vc_column_inner][vc_column_inner width=&#8221;1\/3&#8243;]<div id=\"idinfobox69e4c6ff2f923\" class=\"dfd-info-box clearfix style-01 layout-04 box-ficha-product idinfobox69e4c6ff2f923\" ><div class=\"dfd-animate-container\"><div class=\"icon-wrapper\"><div class=\"module-icon\" ><div class=\"hover-layer\" ><\/div><img decoding=\"async\" src=\"https:\/\/iconproducts.com\/wp-content\/uploads\/2022\/04\/POLIMEROS.jpg\" alt=\"Image icon\" style=\"opacity: 1;\" \/><\/div><\/div><div class=\"content-wrap ovh\"><div class=\"info-box-title feature-title\" style=\"font-size: 18px; font-weight:bold; \">\u03a0\u03bf\u03bb\u03c5\u03bc\u03b5\u03c1\u03ae<\/div><div class=\"wrap-delimiter\"><div class=\"delimiter\" ><\/div><\/div><div class=\"description\" style=\"\">\u0394\u03af\u03bd\u03b5\u03b9 \u03ba\u03c1\u03ac\u03c4\u03b7\u03bc\u03b1<\/div><\/div><\/div><\/div>[\/vc_column_inner][\/vc_row_inner][\/vc_tta_section][vc_tta_section i_position=&#8221;right&#8221; i_icon_fontawesome=&#8221;fa fa-plus&#8221; add_icon=&#8221;true&#8221; title=&#8221;\u03c3\u03c5\u03c3\u03c4\u03b1\u03c4\u03b9\u03ba\u03ac&#8221; tab_id=&#8221;1647965598517-cf28458a-0f46&#8243;][vc_column_text]<i>Alcohol denat, aqua (water\/eau), ethyl ester of pvm\/ma copolymer, va\/butyl maleate\/isobornyl acrylate copolymer, fragrance (parfum), aminomethyl propanol, peg-12 dimethicone, triethyl citrate, panthenol, alpha-isomethyl ionone, limonene, aloe barbadensis leaf juice, ethylhexyl methoxycinnamate, linalool, eugenol, glycerin, citronellol, benzyl benzoate, geraniol, citral, lecithin, ethyl ascorbic acid, tocopheryl acetate, ext. violet 2, retinyl palmitate, benzyl alcohol, dehydroacetic acid, benzoic acid<\/i><\/p>\n<p>We are commited to providing high quality, natural, and eco-conscious products, that are high performing and innovative. Our ingredient list may vary from time to time, as we stay above and beyond all compliances. Please refer to the printed packaging for the most accurate ingredient list.[\/vc_column_text][\/vc_tta_section][vc_tta_section i_position=&#8221;right&#8221; i_icon_fontawesome=&#8221;fas fa-plus&#8221; add_icon=&#8221;true&#8221; title=&#8221;\u039c\u03a0\u039f\u03a1\u0395\u0399 \u039d\u0391 \u03a3\u039f\u03a5 \u0391\u03a1\u0395\u03a3\u0395\u0399 \u0395\u03a0\u0399\u03a3\u0397\u03a3&#8221; tab_id=&#8221;1647966124315-b6c96e74-d954&#8243;][vc_row_inner][vc_column_inner width=&#8221;1\/4&#8243;][\/vc_column_inner][vc_column_inner width=&#8221;1\/4&#8243;]<div id=\"idinfobox69e4c6ff2fb4a\" class=\"dfd-info-box clearfix style-01 layout-01 icono-img idinfobox69e4c6ff2fb4a text-center\" ><div class=\"dfd-animate-container\"><div class=\"icon-wrapper\"><div class=\"module-icon\" ><div class=\"hover-layer\" ><\/div><img decoding=\"async\" src=\"https:\/\/iconproducts.com\/wp-content\/uploads\/2021\/04\/putty-2021-small-1.jpg\" alt=\"Image icon\" style=\"opacity: 1;\" \/><\/div><\/div><h6 class=\"info-box-title \" style=\"\">Putty<\/h6><div class=\"info-box-subtitle subtitle\" style=\"\">\u03a0\u03bf\u03bc\u03ac\u03b4\u03b1<\/div><div class=\"wrap-delimiter\"><div class=\"delimiter\" style=\"border-color:#ffffff;\"><\/div><\/div><div class=\"description\" style=\"\"><\/div><a href=\"https:\/\/iconproducts.com\/el\/styling\/putty\/\" title=\"Putty\"  class=\"full-box-link\"><\/a><\/div><\/div>[\/vc_column_inner][vc_column_inner width=&#8221;1\/4&#8243;]<div id=\"idinfobox69e4c6ff2fe0c\" class=\"dfd-info-box clearfix style-01 layout-01 icono-img idinfobox69e4c6ff2fe0c text-center\" ><div class=\"dfd-animate-container\"><div class=\"icon-wrapper\"><div class=\"module-icon\" ><div class=\"hover-layer\" ><\/div><img decoding=\"async\" src=\"https:\/\/iconproducts.com\/wp-content\/uploads\/2021\/04\/beachy-2021.jpg\" alt=\"Image icon\" style=\"opacity: 1;\" \/><\/div><\/div><h6 class=\"info-box-title \" style=\"\">Beachy Spray<\/h6><div class=\"info-box-subtitle subtitle\" style=\"\">\u03a3\u03c0\u03c1\u03ad\u03b9 \u0393\u03b9\u03b1 \u0395\u03bb\u03b1\u03c3\u03c4\u03b9\u03ba\u03ae \u0394\u03bf\u03bc\u03ae \u039a\u03b1\u03b9 \u0395\u03cd\u03c0\u03bb\u03b1\u03c3\u03c4\u03b7 \u03a5\u03c6\u03ae<\/div><div class=\"wrap-delimiter\"><div class=\"delimiter\" style=\"border-color:#ffffff;\"><\/div><\/div><div class=\"description\" style=\"\"><\/div><a href=\"https:\/\/iconproducts.com\/el\/styling\/beachy-spray\/\" title=\"Beachy Spray\"  class=\"full-box-link\"><\/a><\/div><\/div>[\/vc_column_inner][vc_column_inner width=&#8221;1\/4&#8243;][\/vc_column_inner][\/vc_row_inner][\/vc_tta_section][\/dfd_tta_tabs][\/vc_column][\/vc_row][\/vc_section]<\/p>\n","protected":false},"excerpt":{"rendered":"<p>[vc_row][vc_column][\/vc_column][\/vc_row][vc_row][vc_column width=&#8221;1\/2&#8243;][\/vc_column][vc_column width=&#8221;1\/2&#8243;][vc_column_text]\u0394\u03b7\u03bc\u03b9\u03bf\u03c5\u03c1\u03b3\u03b5\u03af \u03bc\u03b9\u03b1 \u03c3\u03c4\u03b1\u03b8\u03b5\u03c1\u03ae \u03b2\u03ac\u03c3\u03b7, \u03b5\u03bd\u03ce \u03bc\u03b5\u03c4\u03b1\u03bc\u03bf\u03c1\u03c6\u03ce\u03bd\u03b5\u03b9 \u03c4\u03b1 \u03ac\u03c4\u03bf\u03bd\u03b1 \u03bc\u03b1\u03bb\u03bb\u03b9\u03ac. \u0391\u03c0\u03bb\u03ac \u03ba\u03ac\u03bd\u03b5\u03b9 \u03b1\u03c5\u03c4\u03cc \u03c0\u03bf\u03c5 \u03c5\u03c0\u03cc\u03c3\u03c7\u03b5\u03c4\u03b1\u03b9. \u03a3\u03c4\u03b1\u03b8\u03b5\u03c1\u03bf\u03c0\u03bf\u03b9\u03b5\u03af \u03ba\u03b1\u03b9 \u03b4\u03b9\u03b1\u03c4\u03b7\u03c1\u03b5\u03af \u03c4\u03bf \u03c3\u03c4\u03c5\u03bb \u03bc\u03b5 \u03b5\u03be\u03b1\u03b9\u03c1\u03b5\u03c4\u03b9\u03ba\u03cc \u03ad\u03bb\u03b5\u03b3\u03c7\u03bf \u03ba\u03b1\u03b9 \u03cc\u03b3\u03ba\u03bf.[\/vc_column_text][vc_column_text]* Not vegan[\/vc_column_text][vc_column_text]\u0394\u03b9\u03b1\u03b8\u03ad\u03c3\u03b9\u03bc\u03b5\u03c2 \u03c3\u03c5\u03c3\u03ba\u03b5\u03c5\u03b1\u03c3\u03af\u03b5\u03c2: 6.7<\/p>\n","protected":false},"author":1,"featured_media":56299,"parent":54316,"menu_order":0,"comment_status":"closed","ping_status":"closed","template":"page-custom-with-header.php","meta":{"_acf_changed":false,"footnotes":""},"tags":[],"wf_page_folders":[],"class_list":["post-49336","page","type-page","status-publish","has-post-thumbnail","hentry"],"acf":[],"yoast_head":"<!-- This site is optimized with the Yoast SEO plugin v27.0 - https:\/\/yoast.com\/product\/yoast-seo-wordpress\/ -->\n<title>Reformer | Liquid Fashion | I.C.O.N. Products | Spray de Fijaci\u00f3n R\u00e1pida<\/title>\n<meta name=\"description\" content=\"Reformer es un spray de Fijaci\u00f3n R\u00e1pida que crea una base firme, a la vez que reconstruye un estilo lacio. Control y un volumen extraordinarios.\" \/>\n<meta name=\"robots\" content=\"index, follow, max-snippet:-1, max-image-preview:large, max-video-preview:-1\" \/>\n<link rel=\"canonical\" href=\"https:\/\/iconproducts.com\/el\/styling\/reformer\/\" \/>\n<meta property=\"og:locale\" content=\"el_GR\" \/>\n<meta property=\"og:type\" content=\"article\" \/>\n<meta property=\"og:title\" content=\"Reformer | Liquid Fashion | I.C.O.N. Products | Spray de Fijaci\u00f3n R\u00e1pida\" \/>\n<meta property=\"og:description\" content=\"Reformer es un spray de Fijaci\u00f3n R\u00e1pida que crea una base firme, a la vez que reconstruye un estilo lacio. Control y un volumen extraordinarios.\" \/>\n<meta property=\"og:url\" content=\"https:\/\/iconproducts.com\/el\/styling\/reformer\/\" \/>\n<meta property=\"og:site_name\" content=\"I.C.O.N. Products\" \/>\n<meta property=\"article:publisher\" content=\"https:\/\/www.facebook.com\/iconproducts.spain\" \/>\n<meta property=\"article:modified_time\" content=\"2023-08-02T08:12:28+00:00\" \/>\n<meta property=\"og:image\" content=\"https:\/\/iconproducts.com\/wp-content\/uploads\/2021\/02\/REFORMER-2021-1.jpg\" \/>\n\t<meta property=\"og:image:width\" content=\"1000\" \/>\n\t<meta property=\"og:image:height\" content=\"1000\" \/>\n\t<meta property=\"og:image:type\" content=\"image\/jpeg\" \/>\n<meta name=\"twitter:card\" content=\"summary_large_image\" \/>\n<script type=\"application\/ld+json\" class=\"yoast-schema-graph\">{\"@context\":\"https:\/\/schema.org\",\"@graph\":[{\"@type\":\"WebPage\",\"@id\":\"https:\/\/iconproducts.com\/el\/styling\/reformer\/\",\"url\":\"https:\/\/iconproducts.com\/el\/styling\/reformer\/\",\"name\":\"Reformer | Liquid Fashion | I.C.O.N. Products | Spray de Fijaci\u00f3n R\u00e1pida\",\"isPartOf\":{\"@id\":\"https:\/\/iconproducts.com\/es\/#website\"},\"primaryImageOfPage\":{\"@id\":\"https:\/\/iconproducts.com\/el\/styling\/reformer\/#primaryimage\"},\"image\":{\"@id\":\"https:\/\/iconproducts.com\/el\/styling\/reformer\/#primaryimage\"},\"thumbnailUrl\":\"https:\/\/iconproducts.com\/wp-content\/uploads\/2021\/02\/REFORMER-2021-1.jpg\",\"datePublished\":\"2018-07-04T06:01:23+00:00\",\"dateModified\":\"2023-08-02T08:12:28+00:00\",\"description\":\"Reformer es un spray de Fijaci\u00f3n R\u00e1pida que crea una base firme, a la vez que reconstruye un estilo lacio. Control y un volumen extraordinarios.\",\"breadcrumb\":{\"@id\":\"https:\/\/iconproducts.com\/el\/styling\/reformer\/#breadcrumb\"},\"inLanguage\":\"el\",\"potentialAction\":[{\"@type\":\"ReadAction\",\"target\":[\"https:\/\/iconproducts.com\/el\/styling\/reformer\/\"]}]},{\"@type\":\"ImageObject\",\"inLanguage\":\"el\",\"@id\":\"https:\/\/iconproducts.com\/el\/styling\/reformer\/#primaryimage\",\"url\":\"https:\/\/iconproducts.com\/wp-content\/uploads\/2021\/02\/REFORMER-2021-1.jpg\",\"contentUrl\":\"https:\/\/iconproducts.com\/wp-content\/uploads\/2021\/02\/REFORMER-2021-1.jpg\",\"width\":1000,\"height\":1000,\"caption\":\"Reformer\"},{\"@type\":\"BreadcrumbList\",\"@id\":\"https:\/\/iconproducts.com\/el\/styling\/reformer\/#breadcrumb\",\"itemListElement\":[{\"@type\":\"ListItem\",\"position\":1,\"name\":\"I.C.O.N. Products\",\"item\":\"https:\/\/iconproducts.com\/el\/\"},{\"@type\":\"ListItem\",\"position\":2,\"name\":\"Styling\",\"item\":\"https:\/\/iconproducts.com\/el\/styling\/\"},{\"@type\":\"ListItem\",\"position\":3,\"name\":\"Reformer\"}]},{\"@type\":\"WebSite\",\"@id\":\"https:\/\/iconproducts.com\/es\/#website\",\"url\":\"https:\/\/iconproducts.com\/es\/\",\"name\":\"I.C.O.N. Products\",\"description\":\"Productos de peluquer\u00eda\",\"publisher\":{\"@id\":\"https:\/\/iconproducts.com\/es\/#organization\"},\"potentialAction\":[{\"@type\":\"SearchAction\",\"target\":{\"@type\":\"EntryPoint\",\"urlTemplate\":\"https:\/\/iconproducts.com\/es\/?s={search_term_string}\"},\"query-input\":{\"@type\":\"PropertyValueSpecification\",\"valueRequired\":true,\"valueName\":\"search_term_string\"}}],\"inLanguage\":\"el\"},{\"@type\":\"Organization\",\"@id\":\"https:\/\/iconproducts.com\/es\/#organization\",\"name\":\"I.C.O.N. Products\",\"url\":\"https:\/\/iconproducts.com\/es\/\",\"logo\":{\"@type\":\"ImageObject\",\"inLanguage\":\"el\",\"@id\":\"https:\/\/iconproducts.com\/es\/#\/schema\/logo\/image\/\",\"url\":\"https:\/\/iconproducts.com\/wp-content\/uploads\/2018\/08\/logo-icon-1.jpg\",\"contentUrl\":\"https:\/\/iconproducts.com\/wp-content\/uploads\/2018\/08\/logo-icon-1.jpg\",\"width\":1000,\"height\":1000,\"caption\":\"I.C.O.N. Products\"},\"image\":{\"@id\":\"https:\/\/iconproducts.com\/es\/#\/schema\/logo\/image\/\"},\"sameAs\":[\"https:\/\/www.facebook.com\/iconproducts.spain\",\"https:\/\/www.instagram.com\/iconspain\/\",\"https:\/\/www.youtube.com\/channel\/UCw0myea3fiZRsj72sNBnMqQ\"]}]}<\/script>\n<!-- \/ Yoast SEO plugin. -->","yoast_head_json":{"title":"Reformer | Liquid Fashion | I.C.O.N. Products | Spray de Fijaci\u00f3n R\u00e1pida","description":"Reformer es un spray de Fijaci\u00f3n R\u00e1pida que crea una base firme, a la vez que reconstruye un estilo lacio. Control y un volumen extraordinarios.","robots":{"index":"index","follow":"follow","max-snippet":"max-snippet:-1","max-image-preview":"max-image-preview:large","max-video-preview":"max-video-preview:-1"},"canonical":"https:\/\/iconproducts.com\/el\/styling\/reformer\/","og_locale":"el_GR","og_type":"article","og_title":"Reformer | Liquid Fashion | I.C.O.N. Products | Spray de Fijaci\u00f3n R\u00e1pida","og_description":"Reformer es un spray de Fijaci\u00f3n R\u00e1pida que crea una base firme, a la vez que reconstruye un estilo lacio. Control y un volumen extraordinarios.","og_url":"https:\/\/iconproducts.com\/el\/styling\/reformer\/","og_site_name":"I.C.O.N. Products","article_publisher":"https:\/\/www.facebook.com\/iconproducts.spain","article_modified_time":"2023-08-02T08:12:28+00:00","og_image":[{"width":1000,"height":1000,"url":"https:\/\/iconproducts.com\/wp-content\/uploads\/2021\/02\/REFORMER-2021-1.jpg","type":"image\/jpeg"}],"twitter_card":"summary_large_image","schema":{"@context":"https:\/\/schema.org","@graph":[{"@type":"WebPage","@id":"https:\/\/iconproducts.com\/el\/styling\/reformer\/","url":"https:\/\/iconproducts.com\/el\/styling\/reformer\/","name":"Reformer | Liquid Fashion | I.C.O.N. Products | Spray de Fijaci\u00f3n R\u00e1pida","isPartOf":{"@id":"https:\/\/iconproducts.com\/es\/#website"},"primaryImageOfPage":{"@id":"https:\/\/iconproducts.com\/el\/styling\/reformer\/#primaryimage"},"image":{"@id":"https:\/\/iconproducts.com\/el\/styling\/reformer\/#primaryimage"},"thumbnailUrl":"https:\/\/iconproducts.com\/wp-content\/uploads\/2021\/02\/REFORMER-2021-1.jpg","datePublished":"2018-07-04T06:01:23+00:00","dateModified":"2023-08-02T08:12:28+00:00","description":"Reformer es un spray de Fijaci\u00f3n R\u00e1pida que crea una base firme, a la vez que reconstruye un estilo lacio. Control y un volumen extraordinarios.","breadcrumb":{"@id":"https:\/\/iconproducts.com\/el\/styling\/reformer\/#breadcrumb"},"inLanguage":"el","potentialAction":[{"@type":"ReadAction","target":["https:\/\/iconproducts.com\/el\/styling\/reformer\/"]}]},{"@type":"ImageObject","inLanguage":"el","@id":"https:\/\/iconproducts.com\/el\/styling\/reformer\/#primaryimage","url":"https:\/\/iconproducts.com\/wp-content\/uploads\/2021\/02\/REFORMER-2021-1.jpg","contentUrl":"https:\/\/iconproducts.com\/wp-content\/uploads\/2021\/02\/REFORMER-2021-1.jpg","width":1000,"height":1000,"caption":"Reformer"},{"@type":"BreadcrumbList","@id":"https:\/\/iconproducts.com\/el\/styling\/reformer\/#breadcrumb","itemListElement":[{"@type":"ListItem","position":1,"name":"I.C.O.N. Products","item":"https:\/\/iconproducts.com\/el\/"},{"@type":"ListItem","position":2,"name":"Styling","item":"https:\/\/iconproducts.com\/el\/styling\/"},{"@type":"ListItem","position":3,"name":"Reformer"}]},{"@type":"WebSite","@id":"https:\/\/iconproducts.com\/es\/#website","url":"https:\/\/iconproducts.com\/es\/","name":"I.C.O.N. Products","description":"Productos de peluquer\u00eda","publisher":{"@id":"https:\/\/iconproducts.com\/es\/#organization"},"potentialAction":[{"@type":"SearchAction","target":{"@type":"EntryPoint","urlTemplate":"https:\/\/iconproducts.com\/es\/?s={search_term_string}"},"query-input":{"@type":"PropertyValueSpecification","valueRequired":true,"valueName":"search_term_string"}}],"inLanguage":"el"},{"@type":"Organization","@id":"https:\/\/iconproducts.com\/es\/#organization","name":"I.C.O.N. Products","url":"https:\/\/iconproducts.com\/es\/","logo":{"@type":"ImageObject","inLanguage":"el","@id":"https:\/\/iconproducts.com\/es\/#\/schema\/logo\/image\/","url":"https:\/\/iconproducts.com\/wp-content\/uploads\/2018\/08\/logo-icon-1.jpg","contentUrl":"https:\/\/iconproducts.com\/wp-content\/uploads\/2018\/08\/logo-icon-1.jpg","width":1000,"height":1000,"caption":"I.C.O.N. Products"},"image":{"@id":"https:\/\/iconproducts.com\/es\/#\/schema\/logo\/image\/"},"sameAs":["https:\/\/www.facebook.com\/iconproducts.spain","https:\/\/www.instagram.com\/iconspain\/","https:\/\/www.youtube.com\/channel\/UCw0myea3fiZRsj72sNBnMqQ"]}]}},"_links":{"self":[{"href":"https:\/\/iconproducts.com\/el\/wp-json\/wp\/v2\/pages\/49336","targetHints":{"allow":["GET"]}}],"collection":[{"href":"https:\/\/iconproducts.com\/el\/wp-json\/wp\/v2\/pages"}],"about":[{"href":"https:\/\/iconproducts.com\/el\/wp-json\/wp\/v2\/types\/page"}],"author":[{"embeddable":true,"href":"https:\/\/iconproducts.com\/el\/wp-json\/wp\/v2\/users\/1"}],"replies":[{"embeddable":true,"href":"https:\/\/iconproducts.com\/el\/wp-json\/wp\/v2\/comments?post=49336"}],"version-history":[{"count":2,"href":"https:\/\/iconproducts.com\/el\/wp-json\/wp\/v2\/pages\/49336\/revisions"}],"predecessor-version":[{"id":106895,"href":"https:\/\/iconproducts.com\/el\/wp-json\/wp\/v2\/pages\/49336\/revisions\/106895"}],"up":[{"embeddable":true,"href":"https:\/\/iconproducts.com\/el\/wp-json\/wp\/v2\/pages\/54316"}],"wp:featuredmedia":[{"embeddable":true,"href":"https:\/\/iconproducts.com\/el\/wp-json\/wp\/v2\/media\/56299"}],"wp:attachment":[{"href":"https:\/\/iconproducts.com\/el\/wp-json\/wp\/v2\/media?parent=49336"}],"wp:term":[{"taxonomy":"post_tag","embeddable":true,"href":"https:\/\/iconproducts.com\/el\/wp-json\/wp\/v2\/tags?post=49336"},{"taxonomy":"wf_page_folders","embeddable":true,"href":"https:\/\/iconproducts.com\/el\/wp-json\/wp\/v2\/wf_page_folders?post=49336"}],"curies":[{"name":"wp","href":"https:\/\/api.w.org\/{rel}","templated":true}]}}