

{"id":49379,"date":"2018-07-02T08:43:08","date_gmt":"2018-07-02T06:43:08","guid":{"rendered":"https:\/\/iconproducts.com\/mixology\/purify\/"},"modified":"2023-09-12T16:57:14","modified_gmt":"2023-09-12T14:57:14","slug":"purify","status":"publish","type":"page","link":"https:\/\/iconproducts.com\/el\/salon-treatments\/purify\/","title":{"rendered":"Purify"},"content":{"rendered":"<p>[vc_row][vc_column]<div class=\"dfd-spacer-module\"  data-units=\"px\" data-wide_resolution=\"1280\" data-wide_size=\"100\" data-normal_resolution=\"1024\" data-normal_size=\"100\" data-tablet_resolution=\"800\" data-tablet_size=\"50\" data-mobile_resolution=\"480\" data-mobile_size=\"50\" style=\"height: 100px;\"><\/div>[\/vc_column][\/vc_row][vc_row][vc_column width=&#8221;1\/2&#8243;]<div id=\"dfd-single-image-module69ec9cfa8f356-7662\" class=\"dfd-single-image-module  image-center \" ><img fetchpriority=\"high\" decoding=\"async\" src=\"https:\/\/iconproducts.com\/wp-content\/uploads\/2020\/06\/Litros-purify-min.jpg\" width=\"1000\" height=\"1000\"  alt=\"Image module\" \/><\/div><div class=\"dfd-spacer-module\"  data-units=\"px\" data-wide_resolution=\"1280\" data-wide_size=\"50\" data-normal_resolution=\"1024\" data-normal_size=\"50\" data-tablet_resolution=\"800\" data-tablet_size=\"50\" data-mobile_resolution=\"480\" data-mobile_size=\"50\" style=\"height: 50px;\"><\/div>[\/vc_column][vc_column width=&#8221;1\/2&#8243;]<div class=\"dfd-heading-shortcode\"><div class=\"dfd-heading-module-wrap  text-left style_01 dfd-heading-69ec9cfa8f3ec dfd-disable-resposive-headings\" id=\"dfd-heading-69ec9cfa8f3ec\" ><div class=\"inline-block\"><div class=\"dfd-heading-module\"><h1 class=\"widget-title dfd-title \" style=\"\">Purify<\/h1><h1 class=\"widget-sub-title dfd-sub-title \" style=\"\">\u039a\u03b1\u03b8\u03b1\u03c1\u03b9\u03c3\u03c4\u03b9\u03ba\u03cc \u03a3\u03b1\u03bc\u03c0\u03bf\u03c5\u03ac\u03bd<\/h1><div class=\"dfd-heading-delimiter\"><\/div><\/div><\/div><\/div><script type=\"text\/javascript\">\n\t\t\t\t\t\t\t\t\t(function($) {\n\t\t\t\t\t\t\t\t\t\t$(\"head\").append(\"<style>.dfd-heading-69ec9cfa8f3ec.dfd-heading-module-wrap .dfd-heading-module .dfd-heading-delimiter {border-bottom-style:solid;border-bottom-width:1px;width:100px;border-bottom-color:#dddddd;}.dfd-heading-69ec9cfa8f3ec.dfd-heading-module-wrap .dfd-heading-module .dfd-heading-delimiter {margin-top:10px;margin-bottom:10px;}<\/style>\");\n\t\t\t\t\t\t\t\t\t})(jQuery);\n\t\t\t\t\t\t\t\t<\/script><\/div>[vc_column_text css_animation=&#8221;none&#8221;]\u0392\u03b1\u03b8\u03b9\u03ac \u03ba\u03b1\u03b8\u03b1\u03c1\u03b9\u03cc\u03c4\u03b7\u03c4\u03b1. \u0391\u03c0\u03bf\u03bc\u03b1\u03ba\u03c1\u03cd\u03bd\u03b5\u03c4\u03b5 \u03b1\u03c0\u03cc \u03c4\u03b1 \u03bc\u03b1\u03bb\u03bb\u03b9\u03ac \u03c3\u03b1\u03c2 \u03bc\u03b5\u03c4\u03b1\u03bb\u03bb\u03b9\u03ba\u03ac \u03ba\u03b1\u03c4\u03ac\u03bb\u03bf\u03b9\u03c0\u03b1 \u03ba\u03b1\u03b9 \u03c5\u03c0\u03bf\u03bb\u03b5\u03af\u03bc\u03bc\u03b1\u03c4\u03b1 \u03c7\u03bb\u03c9\u03c1\u03af\u03bf\u03c5 \u03c0\u03bf\u03c5 \u03c5\u03c0\u03ac\u03c1\u03c7\u03bf\u03c5\u03bd \u03c3\u03c4\u03bf \u03bd\u03b5\u03c1\u03cc. \u038c\u03bb\u03b1 \u03ad\u03c7\u03bf\u03c5\u03bd \u03bd\u03b1 \u03ba\u03ac\u03bd\u03bf\u03c5\u03bd \u03bc\u03b5 \u03c4\u03b7\u03bd \u03ba\u03b1\u03b8\u03b1\u03c1\u03b9\u03cc\u03c4\u03b7\u03c4\u03b1. \u0395\u03c6\u03b1\u03c1\u03bc\u03cc\u03c3\u03c4\u03b5 \u03c3\u03b5 \u03b2\u03c1\u03b5\u03b3\u03bc\u03ad\u03bd\u03b1 \u03bc\u03b1\u03bb\u03bb\u03b9\u03ac, \u03ba\u03ac\u03bd\u03c4\u03b5 \u03b1\u03c6\u03c1\u03cc \u03ba\u03b1\u03b9 \u03b1\u03c6\u03ae\u03c3\u03c4\u03b5 \u03b3\u03b9\u03b1 5 \u03bb\u03b5\u03c0\u03c4\u03ac, \u03ba\u03b1\u03b9 \u03b2\u03b1\u03b8\u03cd \u03ba\u03b1\u03b8\u03b1\u03c1\u03b9\u03c3\u03bc\u03cc.[\/vc_column_text]<div class=\"dfd-spacer-module\"  data-units=\"px\" data-wide_resolution=\"1280\" data-wide_size=\"20\" data-normal_resolution=\"1024\" data-normal_size=\"20\" data-tablet_resolution=\"800\" data-tablet_size=\"20\" data-mobile_resolution=\"480\" data-mobile_size=\"20\" style=\"height: 20px;\"><\/div><div id=\"dfd-icon-list-69ec9cfa8f557-328\" class=\"dfd-icon-list-wrap  del-full-width style-2  \" ><ul class=\"dfd-icon-list\"><li class=\"\"><div class=\"dfd-list-content clearfix \" style=\"\"><div class=\"dfd-list-icon-block text-center\" style=\"color:#61c9e2; font-size:18px; \"><i class = \"dfd-icon-right_6\"><\/i><\/div><div class=\"dfd-list-content-block content\">\u0391\u03c6\u03b1\u03b9\u03c1\u03b5\u03af \u03c4\u03b1 \u03c5\u03c0\u03bf\u03bb\u03b5\u03af\u03bc\u03bc\u03b1\u03c4\u03b1.<\/div><\/div><span class=\"dfd-icon-item-delimiter\" style=\"border-bottom-width:1px; border-style:dotted; border-color:; \"><\/span><\/li><li class=\"\"><div class=\"dfd-list-content clearfix \" style=\"\"><div class=\"dfd-list-icon-block text-center\" style=\"color:#61c9e2; font-size:18px; \"><i class = \"dfd-icon-right_6\"><\/i><\/div><div class=\"dfd-list-content-block content\">\u03a0\u03c1\u03bf\u03b5\u03c4\u03bf\u03b9\u03bc\u03ac\u03b6\u03b5\u03b9 \u03c4\u03b1 \u03bc\u03b1\u03bb\u03bb\u03b9\u03ac \u03b3\u03b9\u03b1 \u03b7\u03bc\u03b9\u03bc\u03cc\u03bd\u03b9\u03bc\u03b7 \u03ae \u03c0\u03c1\u03bf\u03c3\u03c9\u03c1\u03b9\u03bd\u03ae \u03b2\u03b1\u03c6\u03ae<\/div><\/div><span class=\"dfd-icon-item-delimiter\" style=\"border-bottom-width:1px; border-style:dotted; border-color:; \"><\/span><\/li><li class=\"\"><div class=\"dfd-list-content clearfix \" style=\"\"><div class=\"dfd-list-icon-block text-center\" style=\"color:#61c9e2; font-size:18px; \"><i class = \"dfd-icon-right_6\"><\/i><\/div><div class=\"dfd-list-content-block content\">\u03a0\u03c1\u03bf\u03b5\u03c4\u03bf\u03b9\u03bc\u03ac\u03b6\u03b5\u03b9 \u03c4\u03b1 \u03bc\u03b1\u03bb\u03bb\u03b9\u03ac \u03b3\u03b9\u03b1 \u03b8\u03b5\u03c1\u03b1\u03c0\u03b5\u03af\u03b5\u03c2 \u03ba\u03b1\u03b9 \u03b8\u03c1\u03b5\u03c0\u03c4\u03b9\u03ba\u03ac \u03c3\u03c5\u03c3\u03c4\u03b1\u03c4\u03b9\u03ba\u03ac<\/div><\/div><span class=\"dfd-icon-item-delimiter\" style=\"border-bottom-width:1px; border-style:dotted; border-color:; \"><\/span><\/li><\/ul><\/div><script type=\"text\/javascript\">(function($) {$(\"head\").append(\"<style>#dfd-icon-list-69ec9cfa8f557-328 .dfd-icon-list .content {style=&quot;&quot;}<\/style>\");})(jQuery);<\/script><div class=\"dfd-spacer-module\"  data-units=\"px\" data-wide_resolution=\"1280\" data-wide_size=\"20\" data-normal_resolution=\"1024\" data-normal_size=\"20\" data-tablet_resolution=\"800\" data-tablet_size=\"20\" data-mobile_resolution=\"480\" data-mobile_size=\"20\" style=\"height: 20px;\"><\/div>[vc_column_text]<span style=\"margin-left: 52px;\"><small>* Purify contains sulfates<\/small><\/span>[\/vc_column_text]<div class=\"dfd-spacer-module\"  data-units=\"px\" data-wide_resolution=\"1280\" data-wide_size=\"20\" data-normal_resolution=\"1024\" data-normal_size=\"20\" data-tablet_resolution=\"800\" data-tablet_size=\"20\" data-mobile_resolution=\"480\" data-mobile_size=\"20\" style=\"height: 20px;\"><\/div><div class=\"dfd-delimier-main-wrapper \" ><div id=\"dfd-delimiter-69ec9cfa8f76d-3336\"  class=\"dfd-delimier-wrapper dfd-delimiter-with-line \"  style='text-align:left; ' ><span><span class=\"line\" style=\"border-bottom-width:1px; border-bottom-style:dotted; \"><\/span><\/span><\/div><\/div><div class=\"dfd-spacer-module\"  data-units=\"px\" data-wide_resolution=\"1280\" data-wide_size=\"20\" data-normal_resolution=\"1024\" data-normal_size=\"20\" data-tablet_resolution=\"800\" data-tablet_size=\"20\" data-mobile_resolution=\"480\" data-mobile_size=\"20\" style=\"height: 20px;\"><\/div>[vc_column_text]<strong>\u0394\u03b9\u03b1\u03b8\u03ad\u03c3\u03b9\u03bc\u03b5\u03c2 \u03c3\u03c5\u03c3\u03ba\u03b5\u03c5\u03b1\u03c3\u03af\u03b5\u03c2<\/strong>: 33.8 oz.[\/vc_column_text]<div class=\"dfd-spacer-module\"  data-units=\"px\" data-wide_resolution=\"1280\" data-wide_size=\"20\" data-normal_resolution=\"1024\" data-normal_size=\"20\" data-tablet_resolution=\"800\" data-tablet_size=\"20\" data-mobile_resolution=\"480\" data-mobile_size=\"20\" style=\"height: 20px;\"><\/div><div class=\"dfd-delimier-main-wrapper \" ><div id=\"dfd-delimiter-69ec9cfa8f820-7890\"  class=\"dfd-delimier-wrapper dfd-delimiter-with-line \"  style='text-align:left; ' ><span><span class=\"line\" style=\"border-bottom-width:1px; border-bottom-style:dotted; \"><\/span><\/span><\/div><\/div><div class=\"dfd-spacer-module\"  data-units=\"px\" data-wide_resolution=\"1280\" data-wide_size=\"20\" data-normal_resolution=\"1024\" data-normal_size=\"20\" data-tablet_resolution=\"800\" data-tablet_size=\"20\" data-mobile_resolution=\"480\" data-mobile_size=\"20\" style=\"height: 20px;\"><\/div>[\/vc_column][\/vc_row][vc_row dfd_enable_overlay=&#8221;&#8221;][vc_column]<div class=\"dfd-spacer-module\"  data-units=\"px\" data-wide_resolution=\"1280\" data-wide_size=\"50\" data-normal_resolution=\"1024\" data-normal_size=\"50\" data-tablet_resolution=\"800\" data-tablet_size=\"50\" data-mobile_resolution=\"480\" data-mobile_size=\"50\" style=\"height: 50px;\"><\/div>[\/vc_column][\/vc_row][vc_section el_id=&#8221;new-ficha-product&#8221; css=&#8221;.vc_custom_1649255352328{margin-bottom: 60px !important;}&#8221;][vc_row][vc_column][dfd_tta_tabs style=&#8221;empty_style&#8221; tab_title_uppercase=&#8221;uppercase&#8221; font_size=&#8221;15&#8243; icon_size=&#8221;15&#8243; active_section=&#8221;1&#8243; tab_title_font_options=&#8221;font_style_bold:1&#8243;][vc_tta_section i_position=&#8221;right&#8221; i_icon_fontawesome=&#8221;fas fa-plus&#8221; add_icon=&#8221;true&#8221; title=&#8221;\u0395\u03bd\u03b5\u03c1\u03b3\u03ac \u03c3\u03c5\u03c3\u03c4\u03b1\u03c4\u03b9\u03ba\u03ac&#8221; tab_id=&#8221;1648023039495-7bc2b53a-3435&#8243;]<div class=\"dfd-spacer-module\"  data-units=\"px\" data-wide_resolution=\"1280\" data-wide_size=\"10\" data-normal_resolution=\"1024\" data-normal_size=\"10\" data-tablet_resolution=\"800\" data-tablet_size=\"10\" data-mobile_resolution=\"480\" data-mobile_size=\"10\" style=\"height: 10px;\"><\/div>[vc_row_inner][vc_column_inner width=&#8221;1\/2&#8243; css=&#8221;.vc_custom_1648024148386{padding-bottom: 40px !important;}&#8221; col_inner_shadow=&#8221;box_shadow_enable:disable|shadow_horizontal:0|shadow_vertical:15|shadow_blur:50|shadow_spread:0|box_shadow_color:rgba(0%2C0%2C0%2C0.35)&#8221; col_inner_shadow_hover=&#8221;box_shadow_enable:disable|shadow_horizontal:0|shadow_vertical:15|shadow_blur:50|shadow_spread:0|box_shadow_color:rgba(0%2C0%2C0%2C0.35)&#8221;]<div id=\"idinfobox69ec9cfa8f920\" class=\"dfd-info-box clearfix style-01 layout-04 box-ficha-product idinfobox69ec9cfa8f920\" ><div class=\"dfd-animate-container\"><div class=\"icon-wrapper\"><div class=\"module-icon\" ><div class=\"hover-layer\" ><\/div><img decoding=\"async\" src=\"https:\/\/iconproducts.com\/wp-content\/uploads\/2021\/01\/avena.jpg\" alt=\"Image icon\" style=\"opacity: 1;\" \/><\/div><\/div><div class=\"content-wrap ovh\"><div class=\"info-box-title feature-title\" style=\"font-size: 18px; font-weight:bold; \">\u0392\u03a1\u03a9\u039c\u0397<\/div><div class=\"wrap-delimiter\"><div class=\"delimiter\" ><\/div><\/div><div class=\"description\" style=\"\">\u03a4\u03bf \u03c0\u03b5\u03c0\u03c4\u03af\u03b4\u03b9\u03bf (\u03b2\u03c1\u03ce\u03bc\u03b7) \u03bb\u03b5\u03b9\u03c4\u03bf\u03c5\u03c1\u03b3\u03b5\u03af \u03c3\u03b1\u03bd \u03c3\u03c5\u03bd\u03c4\u03b7\u03c1\u03b7\u03c4\u03b9\u03ba\u03cc\u03c2 \u03c0\u03b1\u03c1\u03ac\u03b3\u03bf\u03bd\u03c4\u03b1\u03c2. \u03a7\u03c9\u03c1\u03af\u03c2 \u03b3\u03bb\u03bf\u03c5\u03c4\u03ad\u03bd\u03b7 \u03ba\u03b1\u03b9 parabens<br \/>\n<\/div><\/div><\/div><\/div>[\/vc_column_inner][vc_column_inner width=&#8221;1\/2&#8243; css=&#8221;.vc_custom_1648024152883{padding-bottom: 40px !important;}&#8221; col_inner_shadow=&#8221;box_shadow_enable:disable|shadow_horizontal:0|shadow_vertical:15|shadow_blur:50|shadow_spread:0|box_shadow_color:rgba(0%2C0%2C0%2C0.35)&#8221; col_inner_shadow_hover=&#8221;box_shadow_enable:disable|shadow_horizontal:0|shadow_vertical:15|shadow_blur:50|shadow_spread:0|box_shadow_color:rgba(0%2C0%2C0%2C0.35)&#8221;]<div id=\"idinfobox69ec9cfa8fb10\" class=\"dfd-info-box clearfix style-01 layout-04 box-ficha-product idinfobox69ec9cfa8fb10\" ><div class=\"dfd-animate-container\"><div class=\"icon-wrapper\"><div class=\"module-icon\" ><div class=\"hover-layer\" ><\/div><img decoding=\"async\" src=\"https:\/\/iconproducts.com\/wp-content\/uploads\/2020\/06\/arginina.jpg\" alt=\"Image icon\" style=\"opacity: 1;\" \/><\/div><\/div><div class=\"content-wrap ovh\"><div class=\"info-box-title feature-title\" style=\"font-size: 18px; font-weight:bold; \">\u03a7\u0397\u039b\u0399\u039a\u039f\u03a3 \u03a0\u0391\u03a1\u0391\u0393\u039f\u039d\u03a4\u0391\u03a3<\/div><div class=\"wrap-delimiter\"><div class=\"delimiter\" ><\/div><\/div><div class=\"description\" style=\"\">E\u03c0\u03b9\u03c6\u03b1\u03bd\u03b5\u03b9\u03bf\u03b4\u03c1\u03b1\u03c3\u03c4\u03b9\u03ba\u03ae \u03bf\u03c5\u03c3\u03af\u03b1 \u03c6\u03c5\u03c4\u03b9\u03ba\u03ae\u03c2 \u03c0\u03c1\u03bf\u03ad\u03bb\u03b5\u03c5\u03c3\u03b7\u03c2<br \/>\n<\/div><\/div><\/div><\/div>[\/vc_column_inner][\/vc_row_inner][\/vc_tta_section][vc_tta_section i_position=&#8221;right&#8221; i_icon_fontawesome=&#8221;fas fa-plus&#8221; add_icon=&#8221;true&#8221; title=&#8221;\u03c3\u03c5\u03c3\u03c4\u03b1\u03c4\u03b9\u03ba\u03ac&#8221; tab_id=&#8221;1647965598517-cf28458a-0f46&#8243;][vc_column_text]Aqua (water\/eau), sodium laureth sulfate, cocamidopropyl betaine, peg-200 hydrogenated glyceryl palmate, alanine, aloe barbadensis leaf juice, arginine hcl, arginine, aspartic acid, avena sativa (oat) peptide, citric acid, disodium edta, glycine, histidine, isoleucine, panthenol, pca, peg-7 glyceryl cocoate, phenylalanine, proline, serine, sodium polystyrene sulfonate, sodium pca, sodium lactate, soy amino acids, threonine, valine, wheat amino acids, ethylhexylglycerin, phenoxyethanol, potassium sorbate, fragrance (parfum)<\/p>\n<p>We are commited to providing high quality, natural, and eco-conscious products, that are high performing and innovative. Our ingredient list may vary from time to time, as we stay above and beyond all compliances. Please refer to the printed packaging for the most accurate ingredient list.[\/vc_column_text][\/vc_tta_section][\/dfd_tta_tabs]<div class=\"dfd-spacer-module\"  data-units=\"px\" data-wide_resolution=\"1280\" data-wide_size=\"50\" data-normal_resolution=\"1024\" data-normal_size=\"50\" data-tablet_resolution=\"800\" data-tablet_size=\"50\" data-mobile_resolution=\"480\" data-mobile_size=\"50\" style=\"height: 50px;\"><\/div>[\/vc_column][\/vc_row][\/vc_section]<\/p>\n","protected":false},"excerpt":{"rendered":"<p>[vc_row][vc_column][\/vc_column][\/vc_row][vc_row][vc_column width=&#8221;1\/2&#8243;][\/vc_column][vc_column width=&#8221;1\/2&#8243;][vc_column_text css_animation=&#8221;none&#8221;]\u0392\u03b1\u03b8\u03b9\u03ac \u03ba\u03b1\u03b8\u03b1\u03c1\u03b9\u03cc\u03c4\u03b7\u03c4\u03b1. \u0391\u03c0\u03bf\u03bc\u03b1\u03ba\u03c1\u03cd\u03bd\u03b5\u03c4\u03b5 \u03b1\u03c0\u03cc \u03c4\u03b1 \u03bc\u03b1\u03bb\u03bb\u03b9\u03ac \u03c3\u03b1\u03c2 \u03bc\u03b5\u03c4\u03b1\u03bb\u03bb\u03b9\u03ba\u03ac \u03ba\u03b1\u03c4\u03ac\u03bb\u03bf\u03b9\u03c0\u03b1 \u03ba\u03b1\u03b9 \u03c5\u03c0\u03bf\u03bb\u03b5\u03af\u03bc\u03bc\u03b1\u03c4\u03b1 \u03c7\u03bb\u03c9\u03c1\u03af\u03bf\u03c5 \u03c0\u03bf\u03c5 \u03c5\u03c0\u03ac\u03c1\u03c7\u03bf\u03c5\u03bd \u03c3\u03c4\u03bf \u03bd\u03b5\u03c1\u03cc. \u038c\u03bb\u03b1 \u03ad\u03c7\u03bf\u03c5\u03bd \u03bd\u03b1 \u03ba\u03ac\u03bd\u03bf\u03c5\u03bd \u03bc\u03b5 \u03c4\u03b7\u03bd \u03ba\u03b1\u03b8\u03b1\u03c1\u03b9\u03cc\u03c4\u03b7\u03c4\u03b1. \u0395\u03c6\u03b1\u03c1\u03bc\u03cc\u03c3\u03c4\u03b5 \u03c3\u03b5 \u03b2\u03c1\u03b5\u03b3\u03bc\u03ad\u03bd\u03b1 \u03bc\u03b1\u03bb\u03bb\u03b9\u03ac,<\/p>\n","protected":false},"author":1,"featured_media":0,"parent":54321,"menu_order":0,"comment_status":"closed","ping_status":"closed","template":"page-custom-with-header.php","meta":{"_acf_changed":false,"footnotes":""},"tags":[],"wf_page_folders":[],"class_list":["post-49379","page","type-page","status-publish","hentry"],"acf":[],"yoast_head":"<!-- This site is optimized with the Yoast SEO plugin v27.0 - https:\/\/yoast.com\/product\/yoast-seo-wordpress\/ -->\n<title>Purify | Deep Treatments | I.C.O.N. Products | Productos de peluquer\u00eda<\/title>\n<meta name=\"description\" content=\"Purify I.C.O.N. Products es un champ\u00fa purificante para la limpieza profunda del cabello. Elimina la acumulaci\u00f3n de minerales, restos de agua dura y cloro.\" \/>\n<meta name=\"robots\" content=\"index, follow, max-snippet:-1, max-image-preview:large, max-video-preview:-1\" \/>\n<link rel=\"canonical\" href=\"https:\/\/iconproducts.com\/el\/salon-treatments\/purify\/\" \/>\n<meta property=\"og:locale\" content=\"el_GR\" \/>\n<meta property=\"og:type\" content=\"article\" \/>\n<meta property=\"og:title\" content=\"Purify | Deep Treatments | I.C.O.N. Products | Productos de peluquer\u00eda\" \/>\n<meta property=\"og:description\" content=\"Purify I.C.O.N. Products es un champ\u00fa purificante para la limpieza profunda del cabello. Elimina la acumulaci\u00f3n de minerales, restos de agua dura y cloro.\" \/>\n<meta property=\"og:url\" content=\"https:\/\/iconproducts.com\/el\/salon-treatments\/purify\/\" \/>\n<meta property=\"og:site_name\" content=\"I.C.O.N. Products\" \/>\n<meta property=\"article:publisher\" content=\"https:\/\/www.facebook.com\/iconproducts.spain\" \/>\n<meta property=\"article:modified_time\" content=\"2023-09-12T14:57:14+00:00\" \/>\n<meta name=\"twitter:card\" content=\"summary_large_image\" \/>\n<script type=\"application\/ld+json\" class=\"yoast-schema-graph\">{\"@context\":\"https:\/\/schema.org\",\"@graph\":[{\"@type\":\"WebPage\",\"@id\":\"https:\/\/iconproducts.com\/el\/salon-treatments\/purify\/\",\"url\":\"https:\/\/iconproducts.com\/el\/salon-treatments\/purify\/\",\"name\":\"Purify | Deep Treatments | I.C.O.N. Products | Productos de peluquer\u00eda\",\"isPartOf\":{\"@id\":\"https:\/\/iconproducts.com\/es\/#website\"},\"datePublished\":\"2018-07-02T06:43:08+00:00\",\"dateModified\":\"2023-09-12T14:57:14+00:00\",\"description\":\"Purify I.C.O.N. Products es un champ\u00fa purificante para la limpieza profunda del cabello. Elimina la acumulaci\u00f3n de minerales, restos de agua dura y cloro.\",\"breadcrumb\":{\"@id\":\"https:\/\/iconproducts.com\/el\/salon-treatments\/purify\/#breadcrumb\"},\"inLanguage\":\"el\",\"potentialAction\":[{\"@type\":\"ReadAction\",\"target\":[\"https:\/\/iconproducts.com\/el\/salon-treatments\/purify\/\"]}]},{\"@type\":\"BreadcrumbList\",\"@id\":\"https:\/\/iconproducts.com\/el\/salon-treatments\/purify\/#breadcrumb\",\"itemListElement\":[{\"@type\":\"ListItem\",\"position\":1,\"name\":\"I.C.O.N. Products\",\"item\":\"https:\/\/iconproducts.com\/el\/\"},{\"@type\":\"ListItem\",\"position\":2,\"name\":\"Salon Treatments\",\"item\":\"https:\/\/iconproducts.com\/el\/salon-treatments\/\"},{\"@type\":\"ListItem\",\"position\":3,\"name\":\"Purify\"}]},{\"@type\":\"WebSite\",\"@id\":\"https:\/\/iconproducts.com\/es\/#website\",\"url\":\"https:\/\/iconproducts.com\/es\/\",\"name\":\"I.C.O.N. Products\",\"description\":\"Productos de peluquer\u00eda\",\"publisher\":{\"@id\":\"https:\/\/iconproducts.com\/es\/#organization\"},\"potentialAction\":[{\"@type\":\"SearchAction\",\"target\":{\"@type\":\"EntryPoint\",\"urlTemplate\":\"https:\/\/iconproducts.com\/es\/?s={search_term_string}\"},\"query-input\":{\"@type\":\"PropertyValueSpecification\",\"valueRequired\":true,\"valueName\":\"search_term_string\"}}],\"inLanguage\":\"el\"},{\"@type\":\"Organization\",\"@id\":\"https:\/\/iconproducts.com\/es\/#organization\",\"name\":\"I.C.O.N. Products\",\"url\":\"https:\/\/iconproducts.com\/es\/\",\"logo\":{\"@type\":\"ImageObject\",\"inLanguage\":\"el\",\"@id\":\"https:\/\/iconproducts.com\/es\/#\/schema\/logo\/image\/\",\"url\":\"https:\/\/iconproducts.com\/wp-content\/uploads\/2018\/08\/logo-icon-1.jpg\",\"contentUrl\":\"https:\/\/iconproducts.com\/wp-content\/uploads\/2018\/08\/logo-icon-1.jpg\",\"width\":1000,\"height\":1000,\"caption\":\"I.C.O.N. Products\"},\"image\":{\"@id\":\"https:\/\/iconproducts.com\/es\/#\/schema\/logo\/image\/\"},\"sameAs\":[\"https:\/\/www.facebook.com\/iconproducts.spain\",\"https:\/\/www.instagram.com\/iconspain\/\",\"https:\/\/www.youtube.com\/channel\/UCw0myea3fiZRsj72sNBnMqQ\"]}]}<\/script>\n<!-- \/ Yoast SEO plugin. -->","yoast_head_json":{"title":"Purify | Deep Treatments | I.C.O.N. Products | Productos de peluquer\u00eda","description":"Purify I.C.O.N. Products es un champ\u00fa purificante para la limpieza profunda del cabello. Elimina la acumulaci\u00f3n de minerales, restos de agua dura y cloro.","robots":{"index":"index","follow":"follow","max-snippet":"max-snippet:-1","max-image-preview":"max-image-preview:large","max-video-preview":"max-video-preview:-1"},"canonical":"https:\/\/iconproducts.com\/el\/salon-treatments\/purify\/","og_locale":"el_GR","og_type":"article","og_title":"Purify | Deep Treatments | I.C.O.N. Products | Productos de peluquer\u00eda","og_description":"Purify I.C.O.N. Products es un champ\u00fa purificante para la limpieza profunda del cabello. Elimina la acumulaci\u00f3n de minerales, restos de agua dura y cloro.","og_url":"https:\/\/iconproducts.com\/el\/salon-treatments\/purify\/","og_site_name":"I.C.O.N. Products","article_publisher":"https:\/\/www.facebook.com\/iconproducts.spain","article_modified_time":"2023-09-12T14:57:14+00:00","twitter_card":"summary_large_image","schema":{"@context":"https:\/\/schema.org","@graph":[{"@type":"WebPage","@id":"https:\/\/iconproducts.com\/el\/salon-treatments\/purify\/","url":"https:\/\/iconproducts.com\/el\/salon-treatments\/purify\/","name":"Purify | Deep Treatments | I.C.O.N. Products | Productos de peluquer\u00eda","isPartOf":{"@id":"https:\/\/iconproducts.com\/es\/#website"},"datePublished":"2018-07-02T06:43:08+00:00","dateModified":"2023-09-12T14:57:14+00:00","description":"Purify I.C.O.N. Products es un champ\u00fa purificante para la limpieza profunda del cabello. Elimina la acumulaci\u00f3n de minerales, restos de agua dura y cloro.","breadcrumb":{"@id":"https:\/\/iconproducts.com\/el\/salon-treatments\/purify\/#breadcrumb"},"inLanguage":"el","potentialAction":[{"@type":"ReadAction","target":["https:\/\/iconproducts.com\/el\/salon-treatments\/purify\/"]}]},{"@type":"BreadcrumbList","@id":"https:\/\/iconproducts.com\/el\/salon-treatments\/purify\/#breadcrumb","itemListElement":[{"@type":"ListItem","position":1,"name":"I.C.O.N. Products","item":"https:\/\/iconproducts.com\/el\/"},{"@type":"ListItem","position":2,"name":"Salon Treatments","item":"https:\/\/iconproducts.com\/el\/salon-treatments\/"},{"@type":"ListItem","position":3,"name":"Purify"}]},{"@type":"WebSite","@id":"https:\/\/iconproducts.com\/es\/#website","url":"https:\/\/iconproducts.com\/es\/","name":"I.C.O.N. Products","description":"Productos de peluquer\u00eda","publisher":{"@id":"https:\/\/iconproducts.com\/es\/#organization"},"potentialAction":[{"@type":"SearchAction","target":{"@type":"EntryPoint","urlTemplate":"https:\/\/iconproducts.com\/es\/?s={search_term_string}"},"query-input":{"@type":"PropertyValueSpecification","valueRequired":true,"valueName":"search_term_string"}}],"inLanguage":"el"},{"@type":"Organization","@id":"https:\/\/iconproducts.com\/es\/#organization","name":"I.C.O.N. Products","url":"https:\/\/iconproducts.com\/es\/","logo":{"@type":"ImageObject","inLanguage":"el","@id":"https:\/\/iconproducts.com\/es\/#\/schema\/logo\/image\/","url":"https:\/\/iconproducts.com\/wp-content\/uploads\/2018\/08\/logo-icon-1.jpg","contentUrl":"https:\/\/iconproducts.com\/wp-content\/uploads\/2018\/08\/logo-icon-1.jpg","width":1000,"height":1000,"caption":"I.C.O.N. Products"},"image":{"@id":"https:\/\/iconproducts.com\/es\/#\/schema\/logo\/image\/"},"sameAs":["https:\/\/www.facebook.com\/iconproducts.spain","https:\/\/www.instagram.com\/iconspain\/","https:\/\/www.youtube.com\/channel\/UCw0myea3fiZRsj72sNBnMqQ"]}]}},"_links":{"self":[{"href":"https:\/\/iconproducts.com\/el\/wp-json\/wp\/v2\/pages\/49379","targetHints":{"allow":["GET"]}}],"collection":[{"href":"https:\/\/iconproducts.com\/el\/wp-json\/wp\/v2\/pages"}],"about":[{"href":"https:\/\/iconproducts.com\/el\/wp-json\/wp\/v2\/types\/page"}],"author":[{"embeddable":true,"href":"https:\/\/iconproducts.com\/el\/wp-json\/wp\/v2\/users\/1"}],"replies":[{"embeddable":true,"href":"https:\/\/iconproducts.com\/el\/wp-json\/wp\/v2\/comments?post=49379"}],"version-history":[{"count":2,"href":"https:\/\/iconproducts.com\/el\/wp-json\/wp\/v2\/pages\/49379\/revisions"}],"predecessor-version":[{"id":99428,"href":"https:\/\/iconproducts.com\/el\/wp-json\/wp\/v2\/pages\/49379\/revisions\/99428"}],"up":[{"embeddable":true,"href":"https:\/\/iconproducts.com\/el\/wp-json\/wp\/v2\/pages\/54321"}],"wp:attachment":[{"href":"https:\/\/iconproducts.com\/el\/wp-json\/wp\/v2\/media?parent=49379"}],"wp:term":[{"taxonomy":"post_tag","embeddable":true,"href":"https:\/\/iconproducts.com\/el\/wp-json\/wp\/v2\/tags?post=49379"},{"taxonomy":"wf_page_folders","embeddable":true,"href":"https:\/\/iconproducts.com\/el\/wp-json\/wp\/v2\/wf_page_folders?post=49379"}],"curies":[{"name":"wp","href":"https:\/\/api.w.org\/{rel}","templated":true}]}}