{"id":123757,"date":"2024-11-05T18:35:09","date_gmt":"2024-11-05T17:35:09","guid":{"rendered":"https:\/\/iconproducts.com\/?page_id=123757"},"modified":"2025-12-01T18:13:06","modified_gmt":"2025-12-01T17:13:06","slug":"bases-del-sorteo","status":"publish","type":"page","link":"https:\/\/iconproducts.com\/es\/bases-del-sorteo\/","title":{"rendered":"Bases del Sorteo"},"content":{"rendered":"<p>[vc_row][vc_column]<div class=\"dfd-spacer-module\"  data-units=\"px\" data-wide_resolution=\"1280\" data-wide_size=\"50\" data-normal_resolution=\"1024\" data-normal_size=\"50\" data-tablet_resolution=\"800\" data-tablet_size=\"50\" data-mobile_resolution=\"480\" data-mobile_size=\"50\" style=\"height: 50px;\"><\/div><div class=\"dfd-heading-shortcode\"><div class=\"dfd-heading-module-wrap  text-left style_01 dfd-heading-6a044cad04cea dfd-disable-resposive-headings\" id=\"dfd-heading-6a044cad04cea\" ><div class=\"inline-block\"><div class=\"dfd-heading-module\"><h1 class=\"widget-title dfd-title \" style=\"font-size: 30px; font-style:italic; font-weight:bold; \">Bases legales del sorteo<\/h1><div class=\"dfd-heading-delimiter\"><\/div><\/div><\/div><\/div><script type=\"text\/javascript\">\n\t\t\t\t\t\t\t\t\t(function($) {\n\t\t\t\t\t\t\t\t\t\t$(\"head\").append(\"<style>.dfd-heading-6a044cad04cea.dfd-heading-module-wrap .dfd-heading-module .dfd-heading-delimiter {border-bottom-style:solid;border-bottom-width:1px;width:100px;border-bottom-color:#dddddd;}.dfd-heading-6a044cad04cea.dfd-heading-module-wrap .dfd-heading-module .dfd-heading-delimiter {margin-top:10px;margin-bottom:10px;}@media (max-width: 799px){.dfd-heading-6a044cad04cea .dfd-title{font-size: 30px !important;line-height: 35px !important;}}<\/style>\");\n\t\t\t\t\t\t\t\t\t})(jQuery);\n\t\t\t\t\t\t\t\t<\/script><\/div><div class=\"dfd-spacer-module\"  data-units=\"px\" data-wide_resolution=\"1280\" data-wide_size=\"50\" data-normal_resolution=\"1024\" data-normal_size=\"50\" data-tablet_resolution=\"800\" data-tablet_size=\"50\" data-mobile_resolution=\"480\" data-mobile_size=\"50\" style=\"height: 50px;\"><\/div>[vc_column_text]<\/p>\n<h4>Reglas y condiciones para participar:<\/h4>\n<p><strong>Podr\u00e1n participar en el concurso aquellas personas f\u00edsicas mayores de 18 a\u00f1os con residencia en Espa\u00f1a a trav\u00e9s de su perfil de Instagram.<\/strong><\/p>\n<p>Para participar ten\u00e9is que:<\/p>\n<ol>\n<li>Seguir la cuenta de Instagram <a href=\"https:\/\/www.instagram.com\/iconspain\/\">@iconspain<\/a> y <a href=\"https:\/\/www.instagram.com\/premiosforque\/\">@premiosforque<\/a><\/li>\n<li>Dar Me Gusta a la publicaci\u00f3n.<\/li>\n<li>Mencionar en un comentario a dos amig@s siempre que sean usuarios reales. Se puede comentar cuantas veces se quiera siempre con usuarios diferentes. No se permitir\u00e1n comentarios u opiniones cuyo contenido se considere inadecuado, ofensivo, injurioso o discriminatorio o que pudieran vulnerar derechos de terceros y que la realizaci\u00f3n de dichos comentarios u opiniones ser\u00e1n causa de descalificaci\u00f3n de sorteo.<\/li>\n<li>Para una participaci\u00f3n extra comparte por stories la publicaci\u00f3n del sorteo<br \/>\nSelecci\u00f3n del ganador y modalidad de sorteo.<\/li>\n<\/ol>\n<p>El sorteo se realizar\u00e1 el d\u00eda 05\/12\/2025 con Simpliers entre todos los comentarios de la publicaci\u00f3n y se informar\u00e1 en el mismo post.<\/p>\n<p>De la selecci\u00f3n saldr\u00e1 2 ganadores de una entrada doble cada uno.<\/p>\n<h4>Protecci\u00f3n de datos de car\u00e1cter personal<\/h4>\n<p>I.C.O.N. EUROPE SL garantiza el cumplimiento \u00edntegro de la Ley Org\u00e1nica 15\/1999, de 13 de diciembre de Protecci\u00f3n de Datos de Car\u00e1cter Personal (la regulaci\u00f3n actual es la LO 3\/2018 de 5 de diciembre de Protecci\u00f3n de datos personales y Garant\u00edas de los Derechos Digitales y el Reglamento (UE) 2016\/679 del Parlamento Europeo y del Consejo de 27 de abril de 2016 en el tratamiento de los datos personales recogidos en el sorteo \u201cEntradas a los Premios Cinematogr\u00e1ficos Jos\u00e9 Mar\u00eda Forqu\u00e9 \u201c,<\/p>\n<p>Los datos suministrados por los participantes ser\u00e1n tratados confidencialmente y recopilados en un fichero automatizado de datos de car\u00e1cter personal, siendo la empresa I.C.O.N. EUROPE SL titular y responsable de dicho fichero, con el objetivo de (elegir una o varias de las siguientes opciones):<br \/>\n* Gestionar la participaci\u00f3n de los concursantes y ponerse en contacto con ellos.<br \/>\n* Comunicarles que han resultado ganadores del concurso.<\/p>\n<p>Plazo de conservaci\u00f3n de los datos (solo se utilizar\u00e1n para el env\u00edo del premio y se desechar\u00e1n) y una vez finalizado dicho plazo debe informarse que se va a hacer con dichos datos.<\/p>\n<p>I.C.O.N. EUROPE SL garantiza el cumplimiento \u00edntegro de la Ley Org\u00e1nica 15\/1999, de 13 de diciembre de Protecci\u00f3n de Datos de Car\u00e1cter Personal (la regulaci\u00f3n actual es la LO 3\/2018 de 5 de diciembre de Protecci\u00f3n de datos personales y Garant\u00edas de los Derechos Digitales y el Reglamento (UE) 2016\/679 del Parlamento Europeo y del Consejo de 27 de abril de 2016 en el tratamiento de los datos personales recogidos en el sorteo \u201cEntradas a los Premios Cinematogr\u00e1ficos Jos\u00e9 Mar\u00eda Forqu\u00e9 \u00ab,<\/p>\n<p>Los participantes en el sorteo tienen derecho a ejercer ante I.C.O.N. EUROPE SL los derechos de acceso, rectificaci\u00f3n, supresi\u00f3n, limitaci\u00f3n del tratamiento de los datos, oposici\u00f3n al tratamiento o solicitar la portabilidad de los datos, as\u00ed como a revocar el consentimiento prestado para el tratamiento de los mismos, que no afectar\u00e1 al consentimiento prestado para el tratamiento de los datos objeto del presente sorteo.<\/p>\n<p>Los participantes tienen derecho a presentar una reclamaci\u00f3n ante la AEPD<\/p>\n<p>Este concurso no est\u00e1 vinculado a ninguna plataforma o red social<br \/>\nInstagram no patrocina, avala ni administra de modo alguno esta promoci\u00f3n, ni est\u00e1 asociado a ella. El participante est\u00e1 proporcionando su informaci\u00f3n y datos a ICON EUROPE SL y no a Instagram<\/p>\n<p>Los Premios Jos\u00e9 Mar\u00eda Forqu\u00e9 son organizados anualmente por la Entidad de Gesti\u00f3n de Derechos de los Productores audiovisuales (EGEDA)<\/p>\n<p>I.C.O.N. EUROPE SL, como patrocinador no exclusivo de la 31 Edici\u00f3n de los Premios Cinematogr\u00e1ficos Jos\u00e9 Mar\u00eda Forqu\u00e9, es la organizadora y \u00fanica responsable de la convocatoria, organizaci\u00f3n y resultado del presente sorteo.<\/p>\n<p>EGEDA no organiza ni participa en la celebraci\u00f3n de este sorteo, siendo su \u00fanica intervenci\u00f3n la de facilitar a I.C.O.N. EUROPE SL las dos invitaciones para la GALA, invitaciones de las que ya dispone I.C.O.N EUROPE S.L.<\/p>\n<p>De igual manera, EGEDA no trata datos personales de los participantes en el sorteo, salvo los del ganador y su acompa\u00f1ante, que le deben ser comunicados por I.C.O.N EUROPE S.L. para que las citadas personas puedan acceder a la GALA. Dichos datos ser\u00e1n tratados por EGEDA, y sus colaboradores en la log\u00edstica de la GALA, con la finalidad de organizar la misma, sin perjuicio de que las invitaciones se hayan de mostrar en el control de acceso.<\/p>\n<h4>Aceptaci\u00f3n de las Bases Legales<\/h4>\n<p>La participaci\u00f3n en el concurso implica la aceptaci\u00f3n de los presentes t\u00e9rminos y condiciones legales. Cualquier manifestaci\u00f3n de no aceptaci\u00f3n de la totalidad o parte de las bases legales implicar\u00e1 la exclusi\u00f3n del participante y, como consecuencia de ello, ICON EUROPE SL quedar\u00e1 liberada del cumplimiento de la obligaci\u00f3n contra\u00edda con este participante.[\/vc_column_text][\/vc_column][\/vc_row]<\/p>\n","protected":false},"excerpt":{"rendered":"<p>[vc_row][vc_column][vc_column_text] Reglas y condiciones para participar: Podr\u00e1n participar en el concurso aquellas personas f\u00edsicas mayores de 18 a\u00f1os con residencia en Espa\u00f1a a trav\u00e9s de su perfil de Instagram. Para<\/p>\n","protected":false},"author":6,"featured_media":0,"parent":0,"menu_order":0,"comment_status":"closed","ping_status":"closed","template":"","meta":{"_acf_changed":false,"footnotes":""},"tags":[],"wf_page_folders":[],"class_list":["post-123757","page","type-page","status-publish","hentry"],"acf":[],"yoast_head":"<!-- This site is optimized with the Yoast SEO plugin v27.0 - https:\/\/yoast.com\/product\/yoast-seo-wordpress\/ -->\n<title>Bases del Sorteo | I.C.O.N. Products<\/title>\n<meta name=\"robots\" content=\"index, follow, max-snippet:-1, max-image-preview:large, max-video-preview:-1\" \/>\n<link rel=\"canonical\" href=\"https:\/\/iconproducts.com\/es\/bases-del-sorteo\/\" \/>\n<meta property=\"og:locale\" content=\"es_ES\" \/>\n<meta property=\"og:type\" content=\"article\" \/>\n<meta property=\"og:title\" content=\"Bases del Sorteo | I.C.O.N. Products\" \/>\n<meta property=\"og:description\" content=\"[vc_row][vc_column][vc_column_text] Reglas y condiciones para participar: Podr\u00e1n participar en el concurso aquellas personas f\u00edsicas mayores de 18 a\u00f1os con residencia en Espa\u00f1a a trav\u00e9s de su perfil de Instagram. Para\" \/>\n<meta property=\"og:url\" content=\"https:\/\/iconproducts.com\/es\/bases-del-sorteo\/\" \/>\n<meta property=\"og:site_name\" content=\"I.C.O.N. Products\" \/>\n<meta property=\"article:publisher\" content=\"https:\/\/www.facebook.com\/iconproducts.spain\" \/>\n<meta property=\"article:modified_time\" content=\"2025-12-01T17:13:06+00:00\" \/>\n<meta name=\"twitter:card\" content=\"summary_large_image\" \/>\n<script type=\"application\/ld+json\" class=\"yoast-schema-graph\">{\"@context\":\"https:\/\/schema.org\",\"@graph\":[{\"@type\":\"WebPage\",\"@id\":\"https:\/\/iconproducts.com\/es\/bases-del-sorteo\/\",\"url\":\"https:\/\/iconproducts.com\/es\/bases-del-sorteo\/\",\"name\":\"Bases del Sorteo | I.C.O.N. Products\",\"isPartOf\":{\"@id\":\"https:\/\/iconproducts.com\/es\/#website\"},\"datePublished\":\"2024-11-05T17:35:09+00:00\",\"dateModified\":\"2025-12-01T17:13:06+00:00\",\"breadcrumb\":{\"@id\":\"https:\/\/iconproducts.com\/es\/bases-del-sorteo\/#breadcrumb\"},\"inLanguage\":\"es\",\"potentialAction\":[{\"@type\":\"ReadAction\",\"target\":[\"https:\/\/iconproducts.com\/es\/bases-del-sorteo\/\"]}]},{\"@type\":\"BreadcrumbList\",\"@id\":\"https:\/\/iconproducts.com\/es\/bases-del-sorteo\/#breadcrumb\",\"itemListElement\":[{\"@type\":\"ListItem\",\"position\":1,\"name\":\"I.C.O.N. Products\",\"item\":\"https:\/\/iconproducts.com\/es\/\"},{\"@type\":\"ListItem\",\"position\":2,\"name\":\"Bases del Sorteo\"}]},{\"@type\":\"WebSite\",\"@id\":\"https:\/\/iconproducts.com\/es\/#website\",\"url\":\"https:\/\/iconproducts.com\/es\/\",\"name\":\"I.C.O.N. Products\",\"description\":\"Productos de peluquer\u00eda\",\"publisher\":{\"@id\":\"https:\/\/iconproducts.com\/es\/#organization\"},\"potentialAction\":[{\"@type\":\"SearchAction\",\"target\":{\"@type\":\"EntryPoint\",\"urlTemplate\":\"https:\/\/iconproducts.com\/es\/?s={search_term_string}\"},\"query-input\":{\"@type\":\"PropertyValueSpecification\",\"valueRequired\":true,\"valueName\":\"search_term_string\"}}],\"inLanguage\":\"es\"},{\"@type\":\"Organization\",\"@id\":\"https:\/\/iconproducts.com\/es\/#organization\",\"name\":\"I.C.O.N. Products\",\"url\":\"https:\/\/iconproducts.com\/es\/\",\"logo\":{\"@type\":\"ImageObject\",\"inLanguage\":\"es\",\"@id\":\"https:\/\/iconproducts.com\/es\/#\/schema\/logo\/image\/\",\"url\":\"https:\/\/iconproducts.com\/wp-content\/uploads\/2018\/08\/logo-icon-1.jpg\",\"contentUrl\":\"https:\/\/iconproducts.com\/wp-content\/uploads\/2018\/08\/logo-icon-1.jpg\",\"width\":1000,\"height\":1000,\"caption\":\"I.C.O.N. Products\"},\"image\":{\"@id\":\"https:\/\/iconproducts.com\/es\/#\/schema\/logo\/image\/\"},\"sameAs\":[\"https:\/\/www.facebook.com\/iconproducts.spain\",\"https:\/\/www.instagram.com\/iconspain\/\",\"https:\/\/www.youtube.com\/channel\/UCw0myea3fiZRsj72sNBnMqQ\"]}]}<\/script>\n<!-- \/ Yoast SEO plugin. -->","yoast_head_json":{"title":"Bases del Sorteo | I.C.O.N. Products","robots":{"index":"index","follow":"follow","max-snippet":"max-snippet:-1","max-image-preview":"max-image-preview:large","max-video-preview":"max-video-preview:-1"},"canonical":"https:\/\/iconproducts.com\/es\/bases-del-sorteo\/","og_locale":"es_ES","og_type":"article","og_title":"Bases del Sorteo | I.C.O.N. Products","og_description":"[vc_row][vc_column][vc_column_text] Reglas y condiciones para participar: Podr\u00e1n participar en el concurso aquellas personas f\u00edsicas mayores de 18 a\u00f1os con residencia en Espa\u00f1a a trav\u00e9s de su perfil de Instagram. Para","og_url":"https:\/\/iconproducts.com\/es\/bases-del-sorteo\/","og_site_name":"I.C.O.N. Products","article_publisher":"https:\/\/www.facebook.com\/iconproducts.spain","article_modified_time":"2025-12-01T17:13:06+00:00","twitter_card":"summary_large_image","schema":{"@context":"https:\/\/schema.org","@graph":[{"@type":"WebPage","@id":"https:\/\/iconproducts.com\/es\/bases-del-sorteo\/","url":"https:\/\/iconproducts.com\/es\/bases-del-sorteo\/","name":"Bases del Sorteo | I.C.O.N. Products","isPartOf":{"@id":"https:\/\/iconproducts.com\/es\/#website"},"datePublished":"2024-11-05T17:35:09+00:00","dateModified":"2025-12-01T17:13:06+00:00","breadcrumb":{"@id":"https:\/\/iconproducts.com\/es\/bases-del-sorteo\/#breadcrumb"},"inLanguage":"es","potentialAction":[{"@type":"ReadAction","target":["https:\/\/iconproducts.com\/es\/bases-del-sorteo\/"]}]},{"@type":"BreadcrumbList","@id":"https:\/\/iconproducts.com\/es\/bases-del-sorteo\/#breadcrumb","itemListElement":[{"@type":"ListItem","position":1,"name":"I.C.O.N. Products","item":"https:\/\/iconproducts.com\/es\/"},{"@type":"ListItem","position":2,"name":"Bases del Sorteo"}]},{"@type":"WebSite","@id":"https:\/\/iconproducts.com\/es\/#website","url":"https:\/\/iconproducts.com\/es\/","name":"I.C.O.N. Products","description":"Productos de peluquer\u00eda","publisher":{"@id":"https:\/\/iconproducts.com\/es\/#organization"},"potentialAction":[{"@type":"SearchAction","target":{"@type":"EntryPoint","urlTemplate":"https:\/\/iconproducts.com\/es\/?s={search_term_string}"},"query-input":{"@type":"PropertyValueSpecification","valueRequired":true,"valueName":"search_term_string"}}],"inLanguage":"es"},{"@type":"Organization","@id":"https:\/\/iconproducts.com\/es\/#organization","name":"I.C.O.N. Products","url":"https:\/\/iconproducts.com\/es\/","logo":{"@type":"ImageObject","inLanguage":"es","@id":"https:\/\/iconproducts.com\/es\/#\/schema\/logo\/image\/","url":"https:\/\/iconproducts.com\/wp-content\/uploads\/2018\/08\/logo-icon-1.jpg","contentUrl":"https:\/\/iconproducts.com\/wp-content\/uploads\/2018\/08\/logo-icon-1.jpg","width":1000,"height":1000,"caption":"I.C.O.N. Products"},"image":{"@id":"https:\/\/iconproducts.com\/es\/#\/schema\/logo\/image\/"},"sameAs":["https:\/\/www.facebook.com\/iconproducts.spain","https:\/\/www.instagram.com\/iconspain\/","https:\/\/www.youtube.com\/channel\/UCw0myea3fiZRsj72sNBnMqQ"]}]}},"_links":{"self":[{"href":"https:\/\/iconproducts.com\/es\/wp-json\/wp\/v2\/pages\/123757","targetHints":{"allow":["GET"]}}],"collection":[{"href":"https:\/\/iconproducts.com\/es\/wp-json\/wp\/v2\/pages"}],"about":[{"href":"https:\/\/iconproducts.com\/es\/wp-json\/wp\/v2\/types\/page"}],"author":[{"embeddable":true,"href":"https:\/\/iconproducts.com\/es\/wp-json\/wp\/v2\/users\/6"}],"replies":[{"embeddable":true,"href":"https:\/\/iconproducts.com\/es\/wp-json\/wp\/v2\/comments?post=123757"}],"version-history":[{"count":17,"href":"https:\/\/iconproducts.com\/es\/wp-json\/wp\/v2\/pages\/123757\/revisions"}],"predecessor-version":[{"id":127425,"href":"https:\/\/iconproducts.com\/es\/wp-json\/wp\/v2\/pages\/123757\/revisions\/127425"}],"wp:attachment":[{"href":"https:\/\/iconproducts.com\/es\/wp-json\/wp\/v2\/media?parent=123757"}],"wp:term":[{"taxonomy":"post_tag","embeddable":true,"href":"https:\/\/iconproducts.com\/es\/wp-json\/wp\/v2\/tags?post=123757"},{"taxonomy":"wf_page_folders","embeddable":true,"href":"https:\/\/iconproducts.com\/es\/wp-json\/wp\/v2\/wf_page_folders?post=123757"}],"curies":[{"name":"wp","href":"https:\/\/api.w.org\/{rel}","templated":true}]}}