{"id":128119,"date":"2026-03-10T18:04:55","date_gmt":"2026-03-10T17:04:55","guid":{"rendered":"https:\/\/iconproducts.com\/?page_id=128119"},"modified":"2026-03-11T17:46:24","modified_gmt":"2026-03-11T16:46:24","slug":"flash-color","status":"publish","type":"page","link":"https:\/\/iconproducts.com\/es\/icon-color\/flash-color\/","title":{"rendered":"Flash Color"},"content":{"rendered":"<p>[vc_section][vc_row][vc_column]\n\t\t\t<!-- START Flash Color REVOLUTION SLIDER 6.5.14 --><p class=\"rs-p-wp-fix\"><\/p>\n\t\t\t<rs-module-wrap id=\"rev_slider_126_1_wrapper\" data-source=\"gallery\" style=\"visibility:hidden;background:transparent;padding:0;margin:0px auto;margin-top:20px;margin-bottom:20px;\">\n\t\t\t\t<rs-module id=\"rev_slider_126_1\" style=\"\" data-version=\"6.5.14\">\n\t\t\t\t\t<rs-slides>\n\t\t\t\t\t\t<rs-slide style=\"position: absolute;\" data-key=\"rs-571\" data-title=\"Slide\" data-anim=\"ms:600;\" data-in=\"o:0;\" data-out=\"a:false;\">\n\t\t\t\t\t\t\t<img decoding=\"async\" src=\"\/\/iconproducts.com\/wp-content\/plugins\/revslider\/public\/assets\/assets\/dummy.png\" alt=\"\" title=\"Flash Color\" class=\"rev-slidebg tp-rs-img rs-lazyload\" data-lazyload=\"\/\/iconproducts.com\/wp-content\/plugins\/revslider\/public\/assets\/assets\/transparent.png\" data-no-retina>\n\t\t\t\t\t\t\t<rs-bgvideo \n\t\t\t\t\t\t\t\tdata-video=\"vc:none;w:100%;h:100%;nse:false;l:loopandnoslidestop;ptimer:false;\"\n\t\t\t\t\t\t\t\tdata-vimeoid=\"1172200299\"\n\t\t\t\t\t\t\t\tdata-vatr=\"background=1&amp;title=0&amp;byline=0&amp;portrait=0&amp;api=1\"\n\t\t\t\t\t\t\t><\/rs-bgvideo>\n<!--\n\t\t\t\t\t\t\t--><rs-layer\n\t\t\t\t\t\t\t\tid=\"slider-126-slide-571-layer-0\" \n\t\t\t\t\t\t\t\tdata-type=\"button\"\n\t\t\t\t\t\t\t\tdata-color=\"#333333\"\n\t\t\t\t\t\t\t\tdata-rsp_ch=\"on\"\n\t\t\t\t\t\t\t\tdata-xy=\"xo:84px,84px,84px,11px;yo:173px,173px,173px,23px;\"\n\t\t\t\t\t\t\t\tdata-text=\"w:normal;s:45,45,45,5;l:55,55,55,7;a:center;\"\n\t\t\t\t\t\t\t\tdata-dim=\"w:60px,60px,60px,7px;h:60px,60px,60px,7px;minw:60px,60px,60px,none;minh:60px,60px,60px,none;\"\n\t\t\t\t\t\t\t\tdata-actions='o:click;a:toggle_mute_video;layer:backgroundvideo;'\n\t\t\t\t\t\t\t\tdata-border=\"bor:50%,50%,50%,50%;\"\n\t\t\t\t\t\t\t\tdata-frame_999=\"o:0;st:w;\"\n\t\t\t\t\t\t\t\tstyle=\"z-index:5;background-color:#ffffff;font-family:'Roboto';text-transform:uppercase;\"\n\t\t\t\t\t\t\t>\n\t\t\t\t\t\t\t\t<div class=\"rs-untoggled-content\"><i class=\"material-icons\">volume_up<\/i> <\/div>\n\t\t\t\t\t\t\t\t<div class=\"rs-toggled-content\"><i class=\"material-icons\">volume_off<\/i><\/div>\n\t\t\t\t\t\t\t<\/rs-layer><!--\n-->\t\t\t\t\t\t<\/rs-slide>\n\t\t\t\t\t<\/rs-slides>\n\t\t\t\t<\/rs-module>\n\t\t\t\t<script>\n\t\t\t\t\tsetREVStartSize({c: 'rev_slider_126_1',rl:[1240,1240,1240,480],el:[895.99,895.99,895.99,720],gw:[3584,3584,3584,500],gh:[896,896,896,275],type:'hero',justify:'',layout:'fullwidth',mh:\"0\"});if (window.RS_MODULES!==undefined && window.RS_MODULES.modules!==undefined && window.RS_MODULES.modules[\"revslider1261\"]!==undefined) {window.RS_MODULES.modules[\"revslider1261\"].once = false;window.revapi126 = undefined;if (window.RS_MODULES.checkMinimal!==undefined) window.RS_MODULES.checkMinimal()}\n\t\t\t\t<\/script>\n\t\t\t<\/rs-module-wrap>\n\t\t\t<!-- END REVOLUTION SLIDER -->\n\t\t\t<div style=\"clear:both;display:block;width:100%;height:0px\"><\/div>[\/vc_column][\/vc_row][\/vc_section][vc_row el_class=\u00bbbtn-buy\u00bb inner_row_bg_position=\u00bbDefault\u00bb inner_row_bg_repeat=\u00bb\u00bb inner_row_custom_img_size=\u00bb\u00bb][vc_column][vc_row_inner][vc_column_inner]<div class=\"dfd-spacer-module\"  data-units=\"px\" data-wide_resolution=\"1280\" data-wide_size=\"50\" data-normal_resolution=\"1024\" data-normal_size=\"50\" data-tablet_resolution=\"800\" data-tablet_size=\"50\" data-mobile_resolution=\"480\" data-mobile_size=\"50\" style=\"height: 50px;\"><\/div><div class=\"dfd-heading-shortcode\"><div class=\"dfd-heading-module-wrap  text-center style_01 dfd-heading-69d3a1fb22db0 dfd-disable-resposive-headings\" id=\"dfd-heading-69d3a1fb22db0\" ><div class=\"inline-block\"><div class=\"dfd-heading-module\"><h1 class=\"widget-title dfd-title \" style=\"\">Flash Color<\/h1><\/div><\/div><\/div><script type=\"text\/javascript\">\n\t\t\t\t\t\t\t\t\t(function($) {\n\t\t\t\t\t\t\t\t\t\t$(\"head\").append(\"<style>.dfd-heading-69d3a1fb22db0.dfd-heading-module-wrap .dfd-heading-module .dfd-heading-delimiter {margin-top:10px;margin-bottom:10px;}<\/style>\");\n\t\t\t\t\t\t\t\t\t})(jQuery);\n\t\t\t\t\t\t\t\t<\/script><\/div><div class=\"dfd-delimier-main-wrapper \" ><div id=\"dfd-delimiter-69d3a1fb22ecf-3058\"  class=\"dfd-delimier-wrapper dfd-delimiter-with-text \"  style='text-align:left; ' ><span class=\"delim-center\">\n\t\t\t\t<span class=\"text dfd-content-title-small\" style=\"letter-spacing: 2px; \">ACT\u00daA EN SOLO 10 MINUTOS<\/span>\n\t\t\t<\/span><script type=\"text\/javascript\">(function($) {$(\"head\").append(\"<style>#dfd-delimiter-69d3a1fb22ecf-3058 .delim-center span:before, #dfd-delimiter-69d3a1fb22ecf-3058 .delim-center span:after { border-bottom-style:dotted; height:1px; border-bottom-width:1px; margin-top: -0.5px; ; } <\/style>\");})(jQuery);<\/script><\/div><\/div>[\/vc_column_inner][\/vc_row_inner]<div class=\"dfd-spacer-module\"  data-units=\"px\" data-wide_resolution=\"1280\" data-wide_size=\"50\" data-normal_resolution=\"1024\" data-normal_size=\"50\" data-tablet_resolution=\"800\" data-tablet_size=\"50\" data-mobile_resolution=\"480\" data-mobile_size=\"50\" style=\"height: 50px;\"><\/div>[\/vc_column][\/vc_row][vc_row el_class=\u00bbbtn-buy\u00bb inner_row_bg_position=\u00bbDefault\u00bb inner_row_bg_repeat=\u00bb\u00bb inner_row_custom_img_size=\u00bb\u00bb][vc_column width=\u00bb1\/12&#8243;][vc_row_inner el_class=\u00bbbtn-buy\u00bb][\/vc_row_inner][\/vc_column][vc_column width=\u00bb10\/12&#8243;][vc_column_text]<\/p>\n<p style=\"text-align: center;\"><strong>FLASH Color<\/strong>, ofrece un 100% de cobertura de canas con una f\u00f3rmula limpia, suave y con resultados de aspecto natural.<\/p>\n<p style=\"text-align: center;\">Creado tanto para estilistas en el sal\u00f3n como para uso en casa, <strong>FLASH Color<\/strong> te aporta una cobertura r\u00e1pida e impecable de ra\u00edces con una textura cremosa, suave y f\u00e1cil de aplicar y aclarar.<\/p>\n<p style=\"text-align: center;\">Ya sea para ofrecer un servicio expr\u00e9s en el sal\u00f3n o para retocar tu color en casa, <strong>FLASH Color<\/strong> hace que el retoque de canas sea sencillo, limpio y fiable.<\/p>\n<p>[\/vc_column_text]<div class=\"dfd-spacer-module\"  data-units=\"px\" data-wide_resolution=\"1280\" data-wide_size=\"25\" data-normal_resolution=\"1024\" data-normal_size=\"25\" data-tablet_resolution=\"800\" data-tablet_size=\"25\" data-mobile_resolution=\"480\" data-mobile_size=\"25\" style=\"height: 25px;\"><\/div>[\/vc_column][vc_column width=\u00bb1\/12&#8243;][\/vc_column][\/vc_row][vc_row][vc_column width=\u00bb1\/2&#8243;]<div id=\"idinfobox69d3a1fb22fed\" class=\"dfd-info-box clearfix style-01 layout-01 icono-img idinfobox69d3a1fb22fed text-center hover-up-icon\" ><div class=\"dfd-animate-container\"><div class=\"icon-wrapper\"><div class=\"module-icon\" ><div class=\"hover-layer\" ><\/div><img decoding=\"async\" src=\"https:\/\/iconproducts.com\/wp-content\/uploads\/2026\/03\/flash-color-1.jpg\" alt=\"Image icon\" style=\"opacity: 1;\" \/><\/div><\/div><h6 class=\"info-box-title \" style=\"\">Flash Color<\/h6><div class=\"info-box-subtitle subtitle\" style=\"\">Cobertura de Canas<\/div><div class=\"description\" style=\"\"><\/div><a href=\"https:\/\/iconproducts.com\/es\/icon-color\/flash-color\/flash-color\/\" title=\"Flash Color\"  class=\"full-box-link\"><\/a><\/div><\/div>[\/vc_column][vc_column width=\u00bb1\/2&#8243;]<div id=\"idinfobox69d3a1fb23270\" class=\"dfd-info-box clearfix style-01 layout-01 icono-img idinfobox69d3a1fb23270 text-center hover-up-icon\" ><div class=\"dfd-animate-container\"><div class=\"icon-wrapper\"><div class=\"module-icon\" ><div class=\"hover-layer\" ><\/div><img decoding=\"async\" src=\"https:\/\/iconproducts.com\/wp-content\/uploads\/2026\/03\/FLASH-COLOR-DEVELOPERS-1.jpg\" alt=\"Image icon\" style=\"opacity: 1;\" \/><\/div><\/div><h6 class=\"info-box-title \" style=\"\">Instant Developer<\/h6><div class=\"info-box-subtitle subtitle\" style=\"\">Oxidante en Crema<\/div><div class=\"description\" style=\"\"><\/div><a href=\"https:\/\/iconproducts.com\/es\/icon-color\/flash-color\/instant-developer\/\" title=\"Instant Developer\"  class=\"full-box-link\"><\/a><\/div><\/div><div class=\"dfd-spacer-module\"  data-units=\"px\" data-wide_resolution=\"1280\" data-wide_size=\"10\" data-normal_resolution=\"1024\" data-normal_size=\"9\" data-tablet_resolution=\"800\" data-tablet_size=\"10\" data-mobile_resolution=\"480\" data-mobile_size=\"10\" style=\"height: 10px;\"><\/div>[\/vc_column][\/vc_row][vc_row][vc_column]<div class=\"dfd-spacer-module\"  data-units=\"px\" data-wide_resolution=\"1280\" data-wide_size=\"50\" data-normal_resolution=\"1024\" data-normal_size=\"50\" data-tablet_resolution=\"800\" data-tablet_size=\"50\" data-mobile_resolution=\"480\" data-mobile_size=\"50\" style=\"height: 50px;\"><\/div>[\/vc_column][\/vc_row]<\/p>\n","protected":false},"excerpt":{"rendered":"<p>[vc_section][vc_row][vc_column][\/vc_column][\/vc_row][\/vc_section][vc_row el_class=\u00bbbtn-buy\u00bb inner_row_bg_position=\u00bbDefault\u00bb inner_row_bg_repeat=\u00bb\u00bb inner_row_custom_img_size=\u00bb\u00bb][vc_column][vc_row_inner][vc_column_inner][\/vc_column_inner][\/vc_row_inner][\/vc_column][\/vc_row][vc_row el_class=\u00bbbtn-buy\u00bb inner_row_bg_position=\u00bbDefault\u00bb inner_row_bg_repeat=\u00bb\u00bb inner_row_custom_img_size=\u00bb\u00bb][vc_column width=\u00bb1\/12&#8243;][vc_row_inner el_class=\u00bbbtn-buy\u00bb][\/vc_row_inner][\/vc_column][vc_column width=\u00bb10\/12&#8243;][vc_column_text] FLASH Color, ofrece un 100% de cobertura de canas con una f\u00f3rmula limpia, suave y con resultados de<\/p>\n","protected":false},"author":1,"featured_media":0,"parent":25624,"menu_order":0,"comment_status":"closed","ping_status":"closed","template":"","meta":{"_acf_changed":false,"footnotes":""},"tags":[],"wf_page_folders":[],"class_list":["post-128119","page","type-page","status-publish","hentry"],"acf":[],"yoast_head":"<!-- This site is optimized with the Yoast SEO plugin v27.0 - https:\/\/yoast.com\/product\/yoast-seo-wordpress\/ -->\n<title>Flash Color | I.C.O.N. Products<\/title>\n<meta name=\"robots\" content=\"index, follow, max-snippet:-1, max-image-preview:large, max-video-preview:-1\" \/>\n<link rel=\"canonical\" href=\"https:\/\/iconproducts.com\/es\/icon-color\/flash-color\/\" \/>\n<meta property=\"og:locale\" content=\"es_ES\" \/>\n<meta property=\"og:type\" content=\"article\" \/>\n<meta property=\"og:title\" content=\"Flash Color | I.C.O.N. Products\" \/>\n<meta property=\"og:description\" content=\"[vc_section][vc_row][vc_column][\/vc_column][\/vc_row][\/vc_section][vc_row el_class=\u00bbbtn-buy\u00bb inner_row_bg_position=\u00bbDefault\u00bb inner_row_bg_repeat=\u00bb\u00bb inner_row_custom_img_size=\u00bb\u00bb][vc_column][vc_row_inner][vc_column_inner][\/vc_column_inner][\/vc_row_inner][\/vc_column][\/vc_row][vc_row el_class=\u00bbbtn-buy\u00bb inner_row_bg_position=\u00bbDefault\u00bb inner_row_bg_repeat=\u00bb\u00bb inner_row_custom_img_size=\u00bb\u00bb][vc_column width=\u00bb1\/12&#8243;][vc_row_inner el_class=\u00bbbtn-buy\u00bb][\/vc_row_inner][\/vc_column][vc_column width=\u00bb10\/12&#8243;][vc_column_text] FLASH Color, ofrece un 100% de cobertura de canas con una f\u00f3rmula limpia, suave y con resultados de\" \/>\n<meta property=\"og:url\" content=\"https:\/\/iconproducts.com\/es\/icon-color\/flash-color\/\" \/>\n<meta property=\"og:site_name\" content=\"I.C.O.N. Products\" \/>\n<meta property=\"article:publisher\" content=\"https:\/\/www.facebook.com\/iconproducts.spain\" \/>\n<meta property=\"article:modified_time\" content=\"2026-03-11T16:46:24+00:00\" \/>\n<meta name=\"twitter:card\" content=\"summary_large_image\" \/>\n<script type=\"application\/ld+json\" class=\"yoast-schema-graph\">{\"@context\":\"https:\/\/schema.org\",\"@graph\":[{\"@type\":\"WebPage\",\"@id\":\"https:\/\/iconproducts.com\/es\/icon-color\/flash-color\/\",\"url\":\"https:\/\/iconproducts.com\/es\/icon-color\/flash-color\/\",\"name\":\"Flash Color | I.C.O.N. Products\",\"isPartOf\":{\"@id\":\"https:\/\/iconproducts.com\/es\/#website\"},\"datePublished\":\"2026-03-10T17:04:55+00:00\",\"dateModified\":\"2026-03-11T16:46:24+00:00\",\"breadcrumb\":{\"@id\":\"https:\/\/iconproducts.com\/es\/icon-color\/flash-color\/#breadcrumb\"},\"inLanguage\":\"es\",\"potentialAction\":[{\"@type\":\"ReadAction\",\"target\":[\"https:\/\/iconproducts.com\/es\/icon-color\/flash-color\/\"]}]},{\"@type\":\"BreadcrumbList\",\"@id\":\"https:\/\/iconproducts.com\/es\/icon-color\/flash-color\/#breadcrumb\",\"itemListElement\":[{\"@type\":\"ListItem\",\"position\":1,\"name\":\"I.C.O.N. Products\",\"item\":\"https:\/\/iconproducts.com\/es\/\"},{\"@type\":\"ListItem\",\"position\":2,\"name\":\"Ecotech Color\",\"item\":\"https:\/\/iconproducts.com\/es\/icon-color\/\"},{\"@type\":\"ListItem\",\"position\":3,\"name\":\"Flash Color\"}]},{\"@type\":\"WebSite\",\"@id\":\"https:\/\/iconproducts.com\/es\/#website\",\"url\":\"https:\/\/iconproducts.com\/es\/\",\"name\":\"I.C.O.N. Products\",\"description\":\"Productos de peluquer\u00eda\",\"publisher\":{\"@id\":\"https:\/\/iconproducts.com\/es\/#organization\"},\"potentialAction\":[{\"@type\":\"SearchAction\",\"target\":{\"@type\":\"EntryPoint\",\"urlTemplate\":\"https:\/\/iconproducts.com\/es\/?s={search_term_string}\"},\"query-input\":{\"@type\":\"PropertyValueSpecification\",\"valueRequired\":true,\"valueName\":\"search_term_string\"}}],\"inLanguage\":\"es\"},{\"@type\":\"Organization\",\"@id\":\"https:\/\/iconproducts.com\/es\/#organization\",\"name\":\"I.C.O.N. Products\",\"url\":\"https:\/\/iconproducts.com\/es\/\",\"logo\":{\"@type\":\"ImageObject\",\"inLanguage\":\"es\",\"@id\":\"https:\/\/iconproducts.com\/es\/#\/schema\/logo\/image\/\",\"url\":\"https:\/\/iconproducts.com\/wp-content\/uploads\/2018\/08\/logo-icon-1.jpg\",\"contentUrl\":\"https:\/\/iconproducts.com\/wp-content\/uploads\/2018\/08\/logo-icon-1.jpg\",\"width\":1000,\"height\":1000,\"caption\":\"I.C.O.N. Products\"},\"image\":{\"@id\":\"https:\/\/iconproducts.com\/es\/#\/schema\/logo\/image\/\"},\"sameAs\":[\"https:\/\/www.facebook.com\/iconproducts.spain\",\"https:\/\/www.instagram.com\/iconspain\/\",\"https:\/\/www.youtube.com\/channel\/UCw0myea3fiZRsj72sNBnMqQ\"]}]}<\/script>\n<!-- \/ Yoast SEO plugin. -->","yoast_head_json":{"title":"Flash Color | I.C.O.N. Products","robots":{"index":"index","follow":"follow","max-snippet":"max-snippet:-1","max-image-preview":"max-image-preview:large","max-video-preview":"max-video-preview:-1"},"canonical":"https:\/\/iconproducts.com\/es\/icon-color\/flash-color\/","og_locale":"es_ES","og_type":"article","og_title":"Flash Color | I.C.O.N. Products","og_description":"[vc_section][vc_row][vc_column][\/vc_column][\/vc_row][\/vc_section][vc_row el_class=\u00bbbtn-buy\u00bb inner_row_bg_position=\u00bbDefault\u00bb inner_row_bg_repeat=\u00bb\u00bb inner_row_custom_img_size=\u00bb\u00bb][vc_column][vc_row_inner][vc_column_inner][\/vc_column_inner][\/vc_row_inner][\/vc_column][\/vc_row][vc_row el_class=\u00bbbtn-buy\u00bb inner_row_bg_position=\u00bbDefault\u00bb inner_row_bg_repeat=\u00bb\u00bb inner_row_custom_img_size=\u00bb\u00bb][vc_column width=\u00bb1\/12&#8243;][vc_row_inner el_class=\u00bbbtn-buy\u00bb][\/vc_row_inner][\/vc_column][vc_column width=\u00bb10\/12&#8243;][vc_column_text] FLASH Color, ofrece un 100% de cobertura de canas con una f\u00f3rmula limpia, suave y con resultados de","og_url":"https:\/\/iconproducts.com\/es\/icon-color\/flash-color\/","og_site_name":"I.C.O.N. Products","article_publisher":"https:\/\/www.facebook.com\/iconproducts.spain","article_modified_time":"2026-03-11T16:46:24+00:00","twitter_card":"summary_large_image","schema":{"@context":"https:\/\/schema.org","@graph":[{"@type":"WebPage","@id":"https:\/\/iconproducts.com\/es\/icon-color\/flash-color\/","url":"https:\/\/iconproducts.com\/es\/icon-color\/flash-color\/","name":"Flash Color | I.C.O.N. Products","isPartOf":{"@id":"https:\/\/iconproducts.com\/es\/#website"},"datePublished":"2026-03-10T17:04:55+00:00","dateModified":"2026-03-11T16:46:24+00:00","breadcrumb":{"@id":"https:\/\/iconproducts.com\/es\/icon-color\/flash-color\/#breadcrumb"},"inLanguage":"es","potentialAction":[{"@type":"ReadAction","target":["https:\/\/iconproducts.com\/es\/icon-color\/flash-color\/"]}]},{"@type":"BreadcrumbList","@id":"https:\/\/iconproducts.com\/es\/icon-color\/flash-color\/#breadcrumb","itemListElement":[{"@type":"ListItem","position":1,"name":"I.C.O.N. Products","item":"https:\/\/iconproducts.com\/es\/"},{"@type":"ListItem","position":2,"name":"Ecotech Color","item":"https:\/\/iconproducts.com\/es\/icon-color\/"},{"@type":"ListItem","position":3,"name":"Flash Color"}]},{"@type":"WebSite","@id":"https:\/\/iconproducts.com\/es\/#website","url":"https:\/\/iconproducts.com\/es\/","name":"I.C.O.N. Products","description":"Productos de peluquer\u00eda","publisher":{"@id":"https:\/\/iconproducts.com\/es\/#organization"},"potentialAction":[{"@type":"SearchAction","target":{"@type":"EntryPoint","urlTemplate":"https:\/\/iconproducts.com\/es\/?s={search_term_string}"},"query-input":{"@type":"PropertyValueSpecification","valueRequired":true,"valueName":"search_term_string"}}],"inLanguage":"es"},{"@type":"Organization","@id":"https:\/\/iconproducts.com\/es\/#organization","name":"I.C.O.N. Products","url":"https:\/\/iconproducts.com\/es\/","logo":{"@type":"ImageObject","inLanguage":"es","@id":"https:\/\/iconproducts.com\/es\/#\/schema\/logo\/image\/","url":"https:\/\/iconproducts.com\/wp-content\/uploads\/2018\/08\/logo-icon-1.jpg","contentUrl":"https:\/\/iconproducts.com\/wp-content\/uploads\/2018\/08\/logo-icon-1.jpg","width":1000,"height":1000,"caption":"I.C.O.N. Products"},"image":{"@id":"https:\/\/iconproducts.com\/es\/#\/schema\/logo\/image\/"},"sameAs":["https:\/\/www.facebook.com\/iconproducts.spain","https:\/\/www.instagram.com\/iconspain\/","https:\/\/www.youtube.com\/channel\/UCw0myea3fiZRsj72sNBnMqQ"]}]}},"_links":{"self":[{"href":"https:\/\/iconproducts.com\/es\/wp-json\/wp\/v2\/pages\/128119","targetHints":{"allow":["GET"]}}],"collection":[{"href":"https:\/\/iconproducts.com\/es\/wp-json\/wp\/v2\/pages"}],"about":[{"href":"https:\/\/iconproducts.com\/es\/wp-json\/wp\/v2\/types\/page"}],"author":[{"embeddable":true,"href":"https:\/\/iconproducts.com\/es\/wp-json\/wp\/v2\/users\/1"}],"replies":[{"embeddable":true,"href":"https:\/\/iconproducts.com\/es\/wp-json\/wp\/v2\/comments?post=128119"}],"version-history":[{"count":6,"href":"https:\/\/iconproducts.com\/es\/wp-json\/wp\/v2\/pages\/128119\/revisions"}],"predecessor-version":[{"id":128278,"href":"https:\/\/iconproducts.com\/es\/wp-json\/wp\/v2\/pages\/128119\/revisions\/128278"}],"up":[{"embeddable":true,"href":"https:\/\/iconproducts.com\/es\/wp-json\/wp\/v2\/pages\/25624"}],"wp:attachment":[{"href":"https:\/\/iconproducts.com\/es\/wp-json\/wp\/v2\/media?parent=128119"}],"wp:term":[{"taxonomy":"post_tag","embeddable":true,"href":"https:\/\/iconproducts.com\/es\/wp-json\/wp\/v2\/tags?post=128119"},{"taxonomy":"wf_page_folders","embeddable":true,"href":"https:\/\/iconproducts.com\/es\/wp-json\/wp\/v2\/wf_page_folders?post=128119"}],"curies":[{"name":"wp","href":"https:\/\/api.w.org\/{rel}","templated":true}]}}