{"id":25117,"date":"2018-07-02T10:09:08","date_gmt":"2018-07-02T08:09:08","guid":{"rendered":"https:\/\/iconproducts.com\/?page_id=25117"},"modified":"2023-10-02T06:33:43","modified_gmt":"2023-10-02T04:33:43","slug":"linkbond","status":"publish","type":"page","link":"https:\/\/iconproducts.com\/es\/tratamientos-salon\/linkbond\/","title":{"rendered":"1. LinkBond"},"content":{"rendered":"<p>[vc_row][vc_column]<div class=\"dfd-spacer-module\"  data-units=\"px\" data-wide_resolution=\"1280\" data-wide_size=\"100\" data-normal_resolution=\"1024\" data-normal_size=\"100\" data-tablet_resolution=\"800\" data-tablet_size=\"50\" data-mobile_resolution=\"480\" data-mobile_size=\"50\" style=\"height: 100px;\"><\/div>[\/vc_column][\/vc_row][vc_row][vc_column width=\u00bb1\/2&#8243;]<div id=\"dfd-single-image-module69ee66a219086-2133\" class=\"dfd-single-image-module  image-center \" ><img fetchpriority=\"high\" decoding=\"async\" src=\"https:\/\/iconproducts.com\/wp-content\/uploads\/2020\/06\/500-linkbond-min.jpg\" width=\"1000\" height=\"1000\"  alt=\"Image module\" \/><\/div><div class=\"dfd-spacer-module\"  data-units=\"px\" data-wide_resolution=\"1280\" data-wide_size=\"50\" data-normal_resolution=\"1024\" data-normal_size=\"50\" data-tablet_resolution=\"800\" data-tablet_size=\"50\" data-mobile_resolution=\"480\" data-mobile_size=\"50\" style=\"height: 50px;\"><\/div>[\/vc_column][vc_column width=\u00bb1\/2&#8243;]<div class=\"dfd-heading-shortcode\"><div class=\"dfd-heading-module-wrap  text-left style_01 dfd-heading-69ee66a219126 dfd-disable-resposive-headings\" id=\"dfd-heading-69ee66a219126\" ><div class=\"inline-block\"><div class=\"dfd-heading-module\"><h1 class=\"widget-title dfd-title \" style=\"\">1. LinkBond<\/h1><h3 class=\"widget-sub-title dfd-sub-title \" style=\"\">Multiplicador de Enlaces<\/h3><div class=\"dfd-heading-delimiter\"><\/div><\/div><\/div><\/div><script type=\"text\/javascript\">\n\t\t\t\t\t\t\t\t\t(function($) {\n\t\t\t\t\t\t\t\t\t\t$(\"head\").append(\"<style>.dfd-heading-69ee66a219126.dfd-heading-module-wrap .dfd-heading-module .dfd-heading-delimiter {border-bottom-style:solid;border-bottom-width:1px;width:100px;border-bottom-color:#dddddd;}.dfd-heading-69ee66a219126.dfd-heading-module-wrap .dfd-heading-module .dfd-heading-delimiter {margin-top:10px;margin-bottom:10px;}<\/style>\");\n\t\t\t\t\t\t\t\t\t})(jQuery);\n\t\t\t\t\t\t\t\t<\/script><\/div>[vc_column_text]<strong>Qu\u00e9 es:<\/strong><br \/>\nMultiplicador de enlaces.<\/p>\n<p><strong>Para qui\u00e9n es:<\/strong><br \/>\nPara todo tipo de cabellos.<\/p>\n<p><strong>Qu\u00e9 hace:<\/strong><br \/>\nCrea nuevos enlaces capilares internos, mientras fortalece los existentes.<\/p>\n<p><strong>C\u00f3mo se utiliza:<\/strong><br \/>\nSolo para uso profesional. A\u00f1ade LinkBond a cualquier color, aclarador o tratamiento.[\/vc_column_text]<div class=\"dfd-spacer-module\"  data-units=\"px\" data-wide_resolution=\"1280\" data-wide_size=\"50\" data-normal_resolution=\"1024\" data-normal_size=\"50\" data-tablet_resolution=\"800\" data-tablet_size=\"50\" data-mobile_resolution=\"480\" data-mobile_size=\"50\" style=\"height: 50px;\"><\/div><div class=\"dfd-delimier-main-wrapper \" ><div id=\"dfd-delimiter-69ee66a219295-8698\"  class=\"dfd-delimier-wrapper dfd-delimiter-with-line \"  style='text-align:left; ' ><span><span class=\"line\" style=\"border-bottom-width:1px; border-bottom-style:dotted; \"><\/span><\/span><\/div><\/div><div class=\"dfd-spacer-module\"  data-units=\"px\" data-wide_resolution=\"1280\" data-wide_size=\"20\" data-normal_resolution=\"1024\" data-normal_size=\"20\" data-tablet_resolution=\"800\" data-tablet_size=\"20\" data-mobile_resolution=\"480\" data-mobile_size=\"20\" style=\"height: 20px;\"><\/div>[vc_row_inner el_class=\u00bbbloque-tamanos\u00bb][vc_column_inner][vc_column_text]<strong>Tama\u00f1o disponible<\/strong>:[\/vc_column_text]<div class=\"dfd-info-banner style-01  text-center\" ><div class=\"image-cover \"><img decoding=\"async\" src=\"https:\/\/iconproducts.com\/wp-content\/uploads\/2023\/09\/litro-60x100.jpg\" alt=\"Image\"  width=\"60\" height=\"100\" class=\"info-banner-image \" \/><\/div><div class=\"info-box-title feature-title\" style=\"\">500 ml.<\/div><div class=\"wrap-delimiter\"><div class=\"delimiter\" ><\/div><\/div><\/div>[\/vc_column_inner][\/vc_row_inner]<div class=\"dfd-delimier-main-wrapper \" ><div id=\"dfd-delimiter-69ee66a219660-5835\"  class=\"dfd-delimier-wrapper dfd-delimiter-with-line \"  style='text-align:left; ' ><span><span class=\"line\" style=\"border-bottom-width:1px; border-bottom-style:dotted; \"><\/span><\/span><\/div><\/div><div class=\"dfd-spacer-module\"  data-units=\"px\" data-wide_resolution=\"1280\" data-wide_size=\"20\" data-normal_resolution=\"1024\" data-normal_size=\"20\" data-tablet_resolution=\"800\" data-tablet_size=\"20\" data-mobile_resolution=\"480\" data-mobile_size=\"20\" style=\"height: 20px;\"><\/div>[\/vc_column][\/vc_row][vc_row][vc_column]<div class=\"dfd-spacer-module\"  data-units=\"px\" data-wide_resolution=\"1280\" data-wide_size=\"50\" data-normal_resolution=\"1024\" data-normal_size=\"50\" data-tablet_resolution=\"800\" data-tablet_size=\"50\" data-mobile_resolution=\"480\" data-mobile_size=\"50\" style=\"height: 50px;\"><\/div>[\/vc_column][\/vc_row][vc_section el_id=\u00bbnew-ficha-product\u00bb css=\u00bb.vc_custom_1649257749788{margin-bottom: 60px !important;}\u00bb][vc_row][vc_column][dfd_tta_tabs style=\u00bbempty_style\u00bb tab_title_uppercase=\u00bbuppercase\u00bb font_size=\u00bb15&#8243; icon_size=\u00bb15&#8243; active_section=\u00bb1&#8243; tab_title_font_options=\u00bbfont_style_bold:1&#8243;][vc_tta_section i_position=\u00bbright\u00bb i_icon_fontawesome=\u00bbfa fa-plus\u00bb add_icon=\u00bbtrue\u00bb title=\u00bbIngredientes\u00bb tab_id=\u00bb1647965598517-cf28458a-0f46&#8243;][vc_column_text]<em>Aqua (water\/eau), ethanolamine, pvp, maleic acid, magnolol, honokiol, morinda citrifolia fruit extract, polyglyceryl-10 dipalmitate, polyglyceryl-6 laurate, sodium pca, sodium lactate, sorbitan oleate, aspartic acid, pca, glycine, alanine, serine, valine, ethylhexylglycerin, threonine, isoleucine, phenoxyethanol,proline, quercetin, phenylalanine<\/em><\/p>\n<p>Nos comprometemos a ofrecer productos de alta calidad, naturales y respetuosos con el medio ambiente, de alto rendimiento e innovadores. Nuestra lista de ingredientes puede variar de vez en cuando, ya que nos mantenemos por encima de todas las normativas. Por favor, consulte el envase impreso para obtener la lista de ingredientes m\u00e1s precisa.[\/vc_column_text][\/vc_tta_section][vc_tta_section i_position=\u00bbright\u00bb i_icon_fontawesome=\u00bbfa fa-plus\u00bb add_icon=\u00bbtrue\u00bb title=\u00bbProductos relacionados\u00bb tab_id=\u00bb1647966124315-b6c96e74-d954&#8243;][vc_row_inner][vc_column_inner]<div id=\"idinfobox69ee66a21976b\" class=\"dfd-info-box clearfix style-01 layout-01 icono-img idinfobox69ee66a21976b text-center\" ><div class=\"dfd-animate-container\"><div class=\"icon-wrapper\"><div class=\"module-icon\" ><div class=\"hover-layer\" ><\/div><img decoding=\"async\" src=\"https:\/\/iconproducts.com\/wp-content\/uploads\/2020\/06\/500-fusebond-min.jpg\" alt=\"Image icon\" style=\"opacity: 1;\" \/><\/div><\/div><h6 class=\"info-box-title \" style=\"\">Plex 2. Fusebond<\/h6><div class=\"info-box-subtitle subtitle\" style=\"\">Fortalecedor de enlaces<\/div><div class=\"wrap-delimiter\"><div class=\"delimiter\" style=\"border-color:#ffffff;\"><\/div><\/div><div class=\"description\" style=\"\"><\/div><a href=\"https:\/\/iconproducts.com\/es\/tratamientos-salon\/\/fusebond\/\" title=\"Fusebond\"  class=\"full-box-link\"><\/a><\/div><\/div>[\/vc_column_inner][\/vc_row_inner][\/vc_tta_section][\/dfd_tta_tabs]<div class=\"dfd-spacer-module\"  data-units=\"px\" data-wide_resolution=\"1280\" data-wide_size=\"50\" data-normal_resolution=\"1024\" data-normal_size=\"50\" data-tablet_resolution=\"800\" data-tablet_size=\"50\" data-mobile_resolution=\"480\" data-mobile_size=\"50\" style=\"height: 50px;\"><\/div>[\/vc_column][\/vc_row][\/vc_section]<\/p>\n","protected":false},"excerpt":{"rendered":"<p>[vc_row][vc_column][\/vc_column][\/vc_row][vc_row][vc_column width=\u00bb1\/2&#8243;][\/vc_column][vc_column width=\u00bb1\/2&#8243;][vc_column_text]Qu\u00e9 es: Multiplicador de enlaces. Para qui\u00e9n es: Para todo tipo de cabellos. Qu\u00e9 hace: Crea nuevos enlaces capilares internos, mientras fortalece los existentes. C\u00f3mo se utiliza: Solo<\/p>\n","protected":false},"author":1,"featured_media":0,"parent":52680,"menu_order":0,"comment_status":"closed","ping_status":"closed","template":"page-custom-with-header.php","meta":{"_acf_changed":false,"footnotes":""},"tags":[],"wf_page_folders":[],"class_list":["post-25117","page","type-page","status-publish","hentry"],"acf":[],"yoast_head":"<!-- This site is optimized with the Yoast SEO plugin v27.0 - https:\/\/yoast.com\/product\/yoast-seo-wordpress\/ -->\n<title>LinkBond | Ecoplex | I.C.O.N. Products | Multiplicador de Enlaces<\/title>\n<meta name=\"description\" content=\"LinkBond de Ecoplex es un multiplicador de enlaces basado en una f\u00f3rmula que crea nuevos enlaces internos del cabello y refuerza los existentes.\" \/>\n<meta name=\"robots\" content=\"index, follow, max-snippet:-1, max-image-preview:large, max-video-preview:-1\" \/>\n<link rel=\"canonical\" href=\"https:\/\/iconproducts.com\/es\/tratamientos-salon\/linkbond\/\" \/>\n<meta property=\"og:locale\" content=\"es_ES\" \/>\n<meta property=\"og:type\" content=\"article\" \/>\n<meta property=\"og:title\" content=\"LinkBond | Ecoplex | I.C.O.N. Products | Multiplicador de Enlaces\" \/>\n<meta property=\"og:description\" content=\"LinkBond de Ecoplex es un multiplicador de enlaces basado en una f\u00f3rmula que crea nuevos enlaces internos del cabello y refuerza los existentes.\" \/>\n<meta property=\"og:url\" content=\"https:\/\/iconproducts.com\/es\/tratamientos-salon\/linkbond\/\" \/>\n<meta property=\"og:site_name\" content=\"I.C.O.N. Products\" \/>\n<meta property=\"article:publisher\" content=\"https:\/\/www.facebook.com\/iconproducts.spain\" \/>\n<meta property=\"article:modified_time\" content=\"2023-10-02T04:33:43+00:00\" \/>\n<meta name=\"twitter:card\" content=\"summary_large_image\" \/>\n<script type=\"application\/ld+json\" class=\"yoast-schema-graph\">{\"@context\":\"https:\/\/schema.org\",\"@graph\":[{\"@type\":\"WebPage\",\"@id\":\"https:\/\/iconproducts.com\/es\/tratamientos-salon\/linkbond\/\",\"url\":\"https:\/\/iconproducts.com\/es\/tratamientos-salon\/linkbond\/\",\"name\":\"LinkBond | Ecoplex | I.C.O.N. Products | Multiplicador de Enlaces\",\"isPartOf\":{\"@id\":\"https:\/\/iconproducts.com\/es\/#website\"},\"datePublished\":\"2018-07-02T08:09:08+00:00\",\"dateModified\":\"2023-10-02T04:33:43+00:00\",\"description\":\"LinkBond de Ecoplex es un multiplicador de enlaces basado en una f\u00f3rmula que crea nuevos enlaces internos del cabello y refuerza los existentes.\",\"breadcrumb\":{\"@id\":\"https:\/\/iconproducts.com\/es\/tratamientos-salon\/linkbond\/#breadcrumb\"},\"inLanguage\":\"es\",\"potentialAction\":[{\"@type\":\"ReadAction\",\"target\":[\"https:\/\/iconproducts.com\/es\/tratamientos-salon\/linkbond\/\"]}]},{\"@type\":\"BreadcrumbList\",\"@id\":\"https:\/\/iconproducts.com\/es\/tratamientos-salon\/linkbond\/#breadcrumb\",\"itemListElement\":[{\"@type\":\"ListItem\",\"position\":1,\"name\":\"I.C.O.N. Products\",\"item\":\"https:\/\/iconproducts.com\/es\/\"},{\"@type\":\"ListItem\",\"position\":2,\"name\":\"Tratamientos sal\u00f3n\",\"item\":\"https:\/\/iconproducts.com\/es\/tratamientos-salon\/\"},{\"@type\":\"ListItem\",\"position\":3,\"name\":\"1. LinkBond\"}]},{\"@type\":\"WebSite\",\"@id\":\"https:\/\/iconproducts.com\/es\/#website\",\"url\":\"https:\/\/iconproducts.com\/es\/\",\"name\":\"I.C.O.N. Products\",\"description\":\"Productos de peluquer\u00eda\",\"publisher\":{\"@id\":\"https:\/\/iconproducts.com\/es\/#organization\"},\"potentialAction\":[{\"@type\":\"SearchAction\",\"target\":{\"@type\":\"EntryPoint\",\"urlTemplate\":\"https:\/\/iconproducts.com\/es\/?s={search_term_string}\"},\"query-input\":{\"@type\":\"PropertyValueSpecification\",\"valueRequired\":true,\"valueName\":\"search_term_string\"}}],\"inLanguage\":\"es\"},{\"@type\":\"Organization\",\"@id\":\"https:\/\/iconproducts.com\/es\/#organization\",\"name\":\"I.C.O.N. Products\",\"url\":\"https:\/\/iconproducts.com\/es\/\",\"logo\":{\"@type\":\"ImageObject\",\"inLanguage\":\"es\",\"@id\":\"https:\/\/iconproducts.com\/es\/#\/schema\/logo\/image\/\",\"url\":\"https:\/\/iconproducts.com\/wp-content\/uploads\/2018\/08\/logo-icon-1.jpg\",\"contentUrl\":\"https:\/\/iconproducts.com\/wp-content\/uploads\/2018\/08\/logo-icon-1.jpg\",\"width\":1000,\"height\":1000,\"caption\":\"I.C.O.N. Products\"},\"image\":{\"@id\":\"https:\/\/iconproducts.com\/es\/#\/schema\/logo\/image\/\"},\"sameAs\":[\"https:\/\/www.facebook.com\/iconproducts.spain\",\"https:\/\/www.instagram.com\/iconspain\/\",\"https:\/\/www.youtube.com\/channel\/UCw0myea3fiZRsj72sNBnMqQ\"]}]}<\/script>\n<!-- \/ Yoast SEO plugin. -->","yoast_head_json":{"title":"LinkBond | Ecoplex | I.C.O.N. Products | Multiplicador de Enlaces","description":"LinkBond de Ecoplex es un multiplicador de enlaces basado en una f\u00f3rmula que crea nuevos enlaces internos del cabello y refuerza los existentes.","robots":{"index":"index","follow":"follow","max-snippet":"max-snippet:-1","max-image-preview":"max-image-preview:large","max-video-preview":"max-video-preview:-1"},"canonical":"https:\/\/iconproducts.com\/es\/tratamientos-salon\/linkbond\/","og_locale":"es_ES","og_type":"article","og_title":"LinkBond | Ecoplex | I.C.O.N. Products | Multiplicador de Enlaces","og_description":"LinkBond de Ecoplex es un multiplicador de enlaces basado en una f\u00f3rmula que crea nuevos enlaces internos del cabello y refuerza los existentes.","og_url":"https:\/\/iconproducts.com\/es\/tratamientos-salon\/linkbond\/","og_site_name":"I.C.O.N. Products","article_publisher":"https:\/\/www.facebook.com\/iconproducts.spain","article_modified_time":"2023-10-02T04:33:43+00:00","twitter_card":"summary_large_image","schema":{"@context":"https:\/\/schema.org","@graph":[{"@type":"WebPage","@id":"https:\/\/iconproducts.com\/es\/tratamientos-salon\/linkbond\/","url":"https:\/\/iconproducts.com\/es\/tratamientos-salon\/linkbond\/","name":"LinkBond | Ecoplex | I.C.O.N. Products | Multiplicador de Enlaces","isPartOf":{"@id":"https:\/\/iconproducts.com\/es\/#website"},"datePublished":"2018-07-02T08:09:08+00:00","dateModified":"2023-10-02T04:33:43+00:00","description":"LinkBond de Ecoplex es un multiplicador de enlaces basado en una f\u00f3rmula que crea nuevos enlaces internos del cabello y refuerza los existentes.","breadcrumb":{"@id":"https:\/\/iconproducts.com\/es\/tratamientos-salon\/linkbond\/#breadcrumb"},"inLanguage":"es","potentialAction":[{"@type":"ReadAction","target":["https:\/\/iconproducts.com\/es\/tratamientos-salon\/linkbond\/"]}]},{"@type":"BreadcrumbList","@id":"https:\/\/iconproducts.com\/es\/tratamientos-salon\/linkbond\/#breadcrumb","itemListElement":[{"@type":"ListItem","position":1,"name":"I.C.O.N. Products","item":"https:\/\/iconproducts.com\/es\/"},{"@type":"ListItem","position":2,"name":"Tratamientos sal\u00f3n","item":"https:\/\/iconproducts.com\/es\/tratamientos-salon\/"},{"@type":"ListItem","position":3,"name":"1. LinkBond"}]},{"@type":"WebSite","@id":"https:\/\/iconproducts.com\/es\/#website","url":"https:\/\/iconproducts.com\/es\/","name":"I.C.O.N. Products","description":"Productos de peluquer\u00eda","publisher":{"@id":"https:\/\/iconproducts.com\/es\/#organization"},"potentialAction":[{"@type":"SearchAction","target":{"@type":"EntryPoint","urlTemplate":"https:\/\/iconproducts.com\/es\/?s={search_term_string}"},"query-input":{"@type":"PropertyValueSpecification","valueRequired":true,"valueName":"search_term_string"}}],"inLanguage":"es"},{"@type":"Organization","@id":"https:\/\/iconproducts.com\/es\/#organization","name":"I.C.O.N. Products","url":"https:\/\/iconproducts.com\/es\/","logo":{"@type":"ImageObject","inLanguage":"es","@id":"https:\/\/iconproducts.com\/es\/#\/schema\/logo\/image\/","url":"https:\/\/iconproducts.com\/wp-content\/uploads\/2018\/08\/logo-icon-1.jpg","contentUrl":"https:\/\/iconproducts.com\/wp-content\/uploads\/2018\/08\/logo-icon-1.jpg","width":1000,"height":1000,"caption":"I.C.O.N. Products"},"image":{"@id":"https:\/\/iconproducts.com\/es\/#\/schema\/logo\/image\/"},"sameAs":["https:\/\/www.facebook.com\/iconproducts.spain","https:\/\/www.instagram.com\/iconspain\/","https:\/\/www.youtube.com\/channel\/UCw0myea3fiZRsj72sNBnMqQ"]}]}},"_links":{"self":[{"href":"https:\/\/iconproducts.com\/es\/wp-json\/wp\/v2\/pages\/25117","targetHints":{"allow":["GET"]}}],"collection":[{"href":"https:\/\/iconproducts.com\/es\/wp-json\/wp\/v2\/pages"}],"about":[{"href":"https:\/\/iconproducts.com\/es\/wp-json\/wp\/v2\/types\/page"}],"author":[{"embeddable":true,"href":"https:\/\/iconproducts.com\/es\/wp-json\/wp\/v2\/users\/1"}],"replies":[{"embeddable":true,"href":"https:\/\/iconproducts.com\/es\/wp-json\/wp\/v2\/comments?post=25117"}],"version-history":[{"count":25,"href":"https:\/\/iconproducts.com\/es\/wp-json\/wp\/v2\/pages\/25117\/revisions"}],"predecessor-version":[{"id":111461,"href":"https:\/\/iconproducts.com\/es\/wp-json\/wp\/v2\/pages\/25117\/revisions\/111461"}],"up":[{"embeddable":true,"href":"https:\/\/iconproducts.com\/es\/wp-json\/wp\/v2\/pages\/52680"}],"wp:attachment":[{"href":"https:\/\/iconproducts.com\/es\/wp-json\/wp\/v2\/media?parent=25117"}],"wp:term":[{"taxonomy":"post_tag","embeddable":true,"href":"https:\/\/iconproducts.com\/es\/wp-json\/wp\/v2\/tags?post=25117"},{"taxonomy":"wf_page_folders","embeddable":true,"href":"https:\/\/iconproducts.com\/es\/wp-json\/wp\/v2\/wf_page_folders?post=25117"}],"curies":[{"name":"wp","href":"https:\/\/api.w.org\/{rel}","templated":true}]}}