{"id":33197,"date":"2018-09-11T09:58:41","date_gmt":"2018-09-11T09:58:41","guid":{"rendered":"https:\/\/iconproducts.com\/?page_id=33197"},"modified":"2018-09-11T10:00:15","modified_gmt":"2018-09-11T10:00:15","slug":"politica-de-privacidad-de-la-accion-promocional","status":"publish","type":"page","link":"https:\/\/iconproducts.com\/es\/politica-de-privacidad-de-la-accion-promocional\/","title":{"rendered":"Pol\u00edtica de Privacidad de la Acci\u00f3n Promocional"},"content":{"rendered":"<p>[vc_row][vc_column]<div class=\"dfd-heading-shortcode\"><div class=\"dfd-heading-module-wrap  text-left style_01 dfd-heading-69e737fdedd56 dfd-disable-resposive-headings\" id=\"dfd-heading-69e737fdedd56\" ><div class=\"inline-block\"><div class=\"dfd-heading-module\"><h3 class=\"widget-title dfd-title \" style=\"\">Pol\u00edtica de Privacidad de la Acci\u00f3n Promocional<\/h3><h3 class=\"widget-sub-title dfd-sub-title \" style=\"\">Derechos que asisten a los participantes y premiados<\/h3><div class=\"dfd-heading-delimiter\"><\/div><\/div><\/div><\/div><script type=\"text\/javascript\">\n\t\t\t\t\t\t\t\t\t(function($) {\n\t\t\t\t\t\t\t\t\t\t$(\"head\").append(\"<style>.dfd-heading-69e737fdedd56.dfd-heading-module-wrap .dfd-heading-module .dfd-heading-delimiter {border-bottom-style:solid;border-bottom-width:1px;width:100px;border-bottom-color:#dddddd;}.dfd-heading-69e737fdedd56.dfd-heading-module-wrap .dfd-heading-module .dfd-heading-delimiter {margin-top:10px;margin-bottom:10px;}<\/style>\");\n\t\t\t\t\t\t\t\t\t})(jQuery);\n\t\t\t\t\t\t\t\t<\/script><\/div><div class=\"dfd-spacer-module\"  data-units=\"px\" data-wide_resolution=\"1280\" data-wide_size=\"50\" data-normal_resolution=\"1024\" data-normal_size=\"50\" data-tablet_resolution=\"800\" data-tablet_size=\"50\" data-mobile_resolution=\"480\" data-mobile_size=\"50\" style=\"height: 50px;\"><\/div>[vc_column_text]<\/p>\n<h4 style=\"text-align: justify;\">\u00bfQUI\u00c9N ES EL RESPONSABLE DE SUS DATOS PERSONALES?<\/h4>\n<ul style=\"text-align: justify;\">\n<li>Identidad: ICON EUROPE, S.L.<\/li>\n<li>CIF: B36404085<\/li>\n<li>Direcci\u00f3n: R\u00faa Amor Ruibal, 11, 36203 Vigo, Pontevedra<\/li>\n<\/ul>\n<h4 style=\"text-align: justify;\">\u00bfQU\u00c9 DATOS PERSONALES CAPTAMOS O TRATAMOS?<\/h4>\n<p style=\"text-align: justify;\">En ICON EUROPE, S.L \u00fanicamente hacemos uso de la informaci\u00f3n personal relativa al premiado en la acci\u00f3n promocional o concurso, que sea necesaria para mantener el contacto con el mismo, hacer entrega de los productos o servicios que sean el objeto del premio en cada caso, y aquella otra informaci\u00f3n gr\u00e1fica o an\u00e1loga que el propio premiado aporte en el proceso del concurso o acci\u00f3n promocional. No se recabar\u00e1n de forma espec\u00edfica otros datos personales de concursantes o usuarios de la plataforma, salvo consentimiento previo y espec\u00edfico de los mismos.<\/p>\n<h4 style=\"text-align: justify;\">\u00bfCON QU\u00c9 FINALIDAD Y LEGITIMACI\u00d3N TRATAMOS SUS DATOS PERSONALES?<\/h4>\n<h5 style=\"text-align: justify;\">1.- Gesti\u00f3n de la acci\u00f3n promocional<\/h5>\n<p style=\"text-align: justify;\">En ICON EUROPE, S.L. (en adelante, \u201cI.C.O.N.\u201d, el \u201cPromotor\u201d o la \u201cSociedad\u201d) tratamos la informaci\u00f3n que nos facilitan los usuarios de las plataformas Facebook, Instagram y Twitter que participan en nuestras acciones promocionales con la finalidad de desarrollar, realizar y gestionar el propio concurso o acci\u00f3n promocional, espec\u00edficamente en lo relativo a la gesti\u00f3n de la relaci\u00f3n con el\/la premiado\/a.<\/p>\n<h5 style=\"text-align: justify;\">2.- Promoci\u00f3n de los productos y servicios ofrecidos por I.C.O.N.<\/h5>\n<p style=\"text-align: justify;\">Igualmente, trataremos la informaci\u00f3n que nos faciliten los Usuarios con la finalidad de gestionar las acciones promocionales organizadas por I.C.O.N. dentro de la plataforma o red social.<\/p>\n<h5 style=\"text-align: justify;\">3.- Base legal y legitimaci\u00f3n<\/h5>\n<p style=\"text-align: justify;\">La base legal para el tratamiento de los datos proporcionados por los premiados que participan en nuestras acciones promocionales es el consentimiento que prestan al suscribirse al concurso o acci\u00f3n promocional. El premiado debe facilitar sus datos personales a la sociedad para que \u00e9sta pueda gestionar la acci\u00f3n promocional.<br \/>\nEn ning\u00fan caso cederemos sus datos personales a otras personas o entidades sin su consentimiento previo y expreso.<\/p>\n<h4 style=\"text-align: justify;\">DERECHOS DE IMAGEN Y PROPIEDAD INTELECTUAL<\/h4>\n<p style=\"text-align: justify;\">El\/la premiado\/a en la acci\u00f3n promocional o concurso, por el simple hecho de participar en el concurso o acci\u00f3n promocional y resultar premiado, autoriza a la Sociedad a reproducir y difundir el nombre, apellidos e imagen proporcionada en cualquier actividad publicitaria y promocional que est\u00e9n relacionadas con el presente concurso. A modo enunciativo, pero no limitativo, se incluye la explotaci\u00f3n y difusi\u00f3n de dichos datos, im\u00e1genes, obras y materiales a trav\u00e9s de internet o redes sociales, sin que dicha difusi\u00f3n suponga remuneraci\u00f3n o beneficio alguno para el usuario o participante con excepci\u00f3n hecha del premio ganado conforme a las bases.<\/p>\n<p style=\"text-align: justify;\">Cuando la acci\u00f3n promocional implique que el\/la premiado\/a presente obras o materiales (por ejemplo, fotograf\u00edas o v\u00eddeos o cualquier otro tipo de obra o material) que pudieran generar derechos de propiedad intelectual (incluyendo copyright) o industrial, dicha participaci\u00f3n supone el otorgamiento a la Sociedad de una autorizaci\u00f3n universal y gratuita para la explotaci\u00f3n y difusi\u00f3n (incluyendo los derechos de reproducci\u00f3n, comunicaci\u00f3n, y transformaci\u00f3n de los mismos), a trav\u00e9s de internet y redes sociales, \u00fanicamente a los efectos de desarrollar la presente acci\u00f3n promocional. Dicha licencia se extender\u00e1 durante el desarrollo de la acci\u00f3n promocional, as\u00ed como dentro del plazo de los [seis (6)] meses siguientes a su finalizaci\u00f3n.<\/p>\n<h4 style=\"text-align: justify;\">TERCEROS QUE PARTICIPAN EN EL TRATAMIENTO DE SUS DATOS PERSONALES<\/h4>\n<p style=\"text-align: justify;\">Para aquellas actividades o gestiones a realizar para la entrega del premio, tratar\u00e1n sus datos personales en calidad de encargados de tratamiento las empresas que presten en cada caso servicios log\u00edsticos o administrativos.<\/p>\n<h4 style=\"text-align: justify;\">\u00bfPOR CU\u00c1NTO TIEMPO TRATAREMOS SUS DATOS PERSONALES?<\/h4>\n<p style=\"text-align: justify;\">Los datos proporcionados por los ganadores o premiados de nuestras acciones promocionales ser\u00e1n tratados por I.C.O.N. mientras exista un inter\u00e9s mutuo en mantener dicho tratamiento. En cualquier caso, una vez finalizada la acci\u00f3n promocional, as\u00ed como todas las gestiones o promociones relativas a la misma, se proceder\u00e1 a la eliminaci\u00f3n de los datos personales recabados cuya finalidad sea gestionar la acci\u00f3n promocional, en un plazo de [seis (6)] meses, incluyendo los datos personales propios o de terceros que pudieran contener las im\u00e1genes.<\/p>\n<p style=\"text-align: justify;\">Una vez cumplido el plazo indicado, I.C.O.N. se abstendr\u00e1 de seguir utilizando cualesquiera de los datos, im\u00e1genes, obras y materiales objeto de las licencias establecidas a la aceptaci\u00f3n de las bases de la promoci\u00f3n. No obstante, no constituir\u00e1 incumplimiento alguno el uso continuado e involuntario de dichos elementos a trav\u00e9s de los distintos medios de internet y redes sociales, siempre que la Sociedad adopte medidas razonables para asegurar la retirada y el cese de su uso, una vez finalizado el per\u00edodo previsto. El\/la premiado\/a reconoce y acepta que, dada la naturaleza propia de internet, es posible que dichos elementos permanezcan disponibles en la red, sin limitaci\u00f3n temporal o territorial alguna y fuera del control y responsabilidad del Promotor.<\/p>\n<h4 style=\"text-align: justify;\">DERECHOS QUE LE ASISTEN<\/h4>\n<p style=\"text-align: justify;\">Derecho a solicitar el acceso a sus datos personales: usted podr\u00e1 preguntar a I.C.O.N. si est\u00e1 tratando sus datos y qu\u00e9 datos trata.<\/p>\n<p style=\"text-align: justify;\">Derecho a solicitar la rectificaci\u00f3n de sus datos personales (si considera que son incorrectos) o su supresi\u00f3n (derecho al olvido).<\/p>\n<p style=\"text-align: justify;\">En determinadas circunstancias, derecho a limitar el tratamiento de sus datos personales, en cuyo caso \u00fanicamente ser\u00e1n conservados para el ejercicio o la defensa de reclamaciones.<\/p>\n<p style=\"text-align: justify;\">En determinadas circunstancias y por motivos relacionados con su situaci\u00f3n particular, derecho a oponerse a su tratamiento: I.C.O.N. dejar\u00e1 de tratar sus datos personales en la forma que usted nos indique, salvo que por motivos leg\u00edtimos imperiosos o el ejercicio de acciones legales o la defensa en posibles reclamaciones sea necesario continuar el tratamiento.<\/p>\n<p style=\"text-align: justify;\">Derecho a la portabilidad de datos: derecho a recibir los datos personales que incumben al interesado y que haya tratado I.C.O.N. en un formato estructurado, de uso com\u00fan y lectura mec\u00e1nica y transmitirlos a otro responsable del tratamiento.<\/p>\n<p style=\"text-align: justify;\">Los premiados en el concurso o acci\u00f3n promocional podr\u00e1n ejercer sus derechos enviando una comunicaci\u00f3n escrita a la siguiente direcci\u00f3n: Amor Ruibal 11, CP 36203 \u2013 Vigo (Pontevedra), o a la direcci\u00f3n de correo electr\u00f3nico: rgpd@iconspain.com. En caso necesario, podremos solicitarle una copia de su documento nacional de identidad, su pasaporte u otro documento v\u00e1lido que lo identifique.<\/p>\n<h4 style=\"text-align: justify;\">\u00bfC\u00d3MO HEMOS OBTENIDO SUS DATOS?<\/h4>\n<p style=\"text-align: justify;\">Los datos personales que tratamos son los datos proporcionados por los premiados de las plataformas Facebook, Instagram y Twitter que participan en nuestras acciones promocionales y concursos y son imprescindibles para la gesti\u00f3n del propio concurso o acci\u00f3n promocional.<\/p>\n<h4 style=\"text-align: justify;\">Categor\u00edas de datos<\/h4>\n<ul style=\"text-align: justify;\">\n<li>Identificaci\u00f3n: nombre, apellidos, DNI<\/li>\n<li>Contacto: direcci\u00f3n postal, tel\u00e9fono, correo electr\u00f3nico<\/li>\n<li>Im\u00e1genes del interesado<\/li>\n<\/ul>\n<h4 style=\"text-align: justify;\">CONSENTIMIENTO Y ACEPTACI\u00d3N DEL TRATAMIENTO DE DATOS PERSONALES DEL PREMIADO\/A, INDISPENSABLE PARA LA ENTREGA DEL PREMIO Y DIFUSI\u00d3N DE LA ACCI\u00d3N PROMOCIONAL<\/h4>\n<p style=\"text-align: justify;\">ACEPTACI\u00d3N DEL TRATAMIENTO PARA LA GESTI\u00d3N DEL CONCURSO, ENTREGA DE PREMIOS Y LA PROMOCI\u00d3N DE LOS PRODUCTOS Y SERVICIOS OFRECIDOS POR I.C.O.N.<\/p>\n<p style=\"text-align: justify;\">La Sociedad, en cumplimiento y de conformidad con lo establecido en la normativa vigente referente a la protecci\u00f3n de datos personales, le informa del tratamiento de sus datos para la gesti\u00f3n del concurso y la promoci\u00f3n de los productos y servicios ofrecidos por I.C.O.N., por lo que le rogamos que firme el presente documento en se\u00f1al de aceptaci\u00f3n expresa de dicho tratamiento y conformidad con la pol\u00edtica de privacidad relativa a la acci\u00f3n promocional.<\/p>\n<p style=\"text-align: justify;\">En Vigo, a 25 de marzo de 2018<\/p>\n<p>[\/vc_column_text][\/vc_column][\/vc_row]<\/p>\n","protected":false},"excerpt":{"rendered":"<p>[vc_row][vc_column][vc_column_text] \u00bfQUI\u00c9N ES EL RESPONSABLE DE SUS DATOS PERSONALES? Identidad: ICON EUROPE, S.L. CIF: B36404085 Direcci\u00f3n: R\u00faa Amor Ruibal, 11, 36203 Vigo, Pontevedra \u00bfQU\u00c9 DATOS PERSONALES CAPTAMOS O TRATAMOS? En<\/p>\n","protected":false},"author":1,"featured_media":0,"parent":0,"menu_order":0,"comment_status":"closed","ping_status":"closed","template":"","meta":{"_acf_changed":false,"footnotes":""},"tags":[],"wf_page_folders":[],"class_list":["post-33197","page","type-page","status-publish","hentry"],"acf":[],"yoast_head":"<!-- This site is optimized with the Yoast SEO plugin v27.0 - https:\/\/yoast.com\/product\/yoast-seo-wordpress\/ -->\n<title>Pol\u00edtica de Privacidad de la Acci\u00f3n Promocional | I.C.O.N. Products<\/title>\n<meta name=\"robots\" content=\"index, follow, max-snippet:-1, max-image-preview:large, max-video-preview:-1\" \/>\n<link rel=\"canonical\" href=\"https:\/\/iconproducts.com\/es\/politica-de-privacidad-de-la-accion-promocional\/\" \/>\n<meta property=\"og:locale\" content=\"es_ES\" \/>\n<meta property=\"og:type\" content=\"article\" \/>\n<meta property=\"og:title\" content=\"Pol\u00edtica de Privacidad de la Acci\u00f3n Promocional | I.C.O.N. Products\" \/>\n<meta property=\"og:description\" content=\"[vc_row][vc_column][vc_column_text] \u00bfQUI\u00c9N ES EL RESPONSABLE DE SUS DATOS PERSONALES? Identidad: ICON EUROPE, S.L. CIF: B36404085 Direcci\u00f3n: R\u00faa Amor Ruibal, 11, 36203 Vigo, Pontevedra \u00bfQU\u00c9 DATOS PERSONALES CAPTAMOS O TRATAMOS? En\" \/>\n<meta property=\"og:url\" content=\"https:\/\/iconproducts.com\/es\/politica-de-privacidad-de-la-accion-promocional\/\" \/>\n<meta property=\"og:site_name\" content=\"I.C.O.N. Products\" \/>\n<meta property=\"article:publisher\" content=\"https:\/\/www.facebook.com\/iconproducts.spain\" \/>\n<meta property=\"article:modified_time\" content=\"2018-09-11T10:00:15+00:00\" \/>\n<meta name=\"twitter:card\" content=\"summary_large_image\" \/>\n<script type=\"application\/ld+json\" class=\"yoast-schema-graph\">{\"@context\":\"https:\/\/schema.org\",\"@graph\":[{\"@type\":\"WebPage\",\"@id\":\"https:\/\/iconproducts.com\/es\/politica-de-privacidad-de-la-accion-promocional\/\",\"url\":\"https:\/\/iconproducts.com\/es\/politica-de-privacidad-de-la-accion-promocional\/\",\"name\":\"Pol\u00edtica de Privacidad de la Acci\u00f3n Promocional | I.C.O.N. Products\",\"isPartOf\":{\"@id\":\"https:\/\/iconproducts.com\/es\/#website\"},\"datePublished\":\"2018-09-11T09:58:41+00:00\",\"dateModified\":\"2018-09-11T10:00:15+00:00\",\"breadcrumb\":{\"@id\":\"https:\/\/iconproducts.com\/es\/politica-de-privacidad-de-la-accion-promocional\/#breadcrumb\"},\"inLanguage\":\"es\",\"potentialAction\":[{\"@type\":\"ReadAction\",\"target\":[\"https:\/\/iconproducts.com\/es\/politica-de-privacidad-de-la-accion-promocional\/\"]}]},{\"@type\":\"BreadcrumbList\",\"@id\":\"https:\/\/iconproducts.com\/es\/politica-de-privacidad-de-la-accion-promocional\/#breadcrumb\",\"itemListElement\":[{\"@type\":\"ListItem\",\"position\":1,\"name\":\"I.C.O.N. Products\",\"item\":\"https:\/\/iconproducts.com\/es\/\"},{\"@type\":\"ListItem\",\"position\":2,\"name\":\"Pol\u00edtica de Privacidad de la Acci\u00f3n Promocional\"}]},{\"@type\":\"WebSite\",\"@id\":\"https:\/\/iconproducts.com\/es\/#website\",\"url\":\"https:\/\/iconproducts.com\/es\/\",\"name\":\"I.C.O.N. Products\",\"description\":\"Productos de peluquer\u00eda\",\"publisher\":{\"@id\":\"https:\/\/iconproducts.com\/es\/#organization\"},\"potentialAction\":[{\"@type\":\"SearchAction\",\"target\":{\"@type\":\"EntryPoint\",\"urlTemplate\":\"https:\/\/iconproducts.com\/es\/?s={search_term_string}\"},\"query-input\":{\"@type\":\"PropertyValueSpecification\",\"valueRequired\":true,\"valueName\":\"search_term_string\"}}],\"inLanguage\":\"es\"},{\"@type\":\"Organization\",\"@id\":\"https:\/\/iconproducts.com\/es\/#organization\",\"name\":\"I.C.O.N. Products\",\"url\":\"https:\/\/iconproducts.com\/es\/\",\"logo\":{\"@type\":\"ImageObject\",\"inLanguage\":\"es\",\"@id\":\"https:\/\/iconproducts.com\/es\/#\/schema\/logo\/image\/\",\"url\":\"https:\/\/iconproducts.com\/wp-content\/uploads\/2018\/08\/logo-icon-1.jpg\",\"contentUrl\":\"https:\/\/iconproducts.com\/wp-content\/uploads\/2018\/08\/logo-icon-1.jpg\",\"width\":1000,\"height\":1000,\"caption\":\"I.C.O.N. Products\"},\"image\":{\"@id\":\"https:\/\/iconproducts.com\/es\/#\/schema\/logo\/image\/\"},\"sameAs\":[\"https:\/\/www.facebook.com\/iconproducts.spain\",\"https:\/\/www.instagram.com\/iconspain\/\",\"https:\/\/www.youtube.com\/channel\/UCw0myea3fiZRsj72sNBnMqQ\"]}]}<\/script>\n<!-- \/ Yoast SEO plugin. -->","yoast_head_json":{"title":"Pol\u00edtica de Privacidad de la Acci\u00f3n Promocional | I.C.O.N. Products","robots":{"index":"index","follow":"follow","max-snippet":"max-snippet:-1","max-image-preview":"max-image-preview:large","max-video-preview":"max-video-preview:-1"},"canonical":"https:\/\/iconproducts.com\/es\/politica-de-privacidad-de-la-accion-promocional\/","og_locale":"es_ES","og_type":"article","og_title":"Pol\u00edtica de Privacidad de la Acci\u00f3n Promocional | I.C.O.N. Products","og_description":"[vc_row][vc_column][vc_column_text] \u00bfQUI\u00c9N ES EL RESPONSABLE DE SUS DATOS PERSONALES? Identidad: ICON EUROPE, S.L. CIF: B36404085 Direcci\u00f3n: R\u00faa Amor Ruibal, 11, 36203 Vigo, Pontevedra \u00bfQU\u00c9 DATOS PERSONALES CAPTAMOS O TRATAMOS? En","og_url":"https:\/\/iconproducts.com\/es\/politica-de-privacidad-de-la-accion-promocional\/","og_site_name":"I.C.O.N. Products","article_publisher":"https:\/\/www.facebook.com\/iconproducts.spain","article_modified_time":"2018-09-11T10:00:15+00:00","twitter_card":"summary_large_image","schema":{"@context":"https:\/\/schema.org","@graph":[{"@type":"WebPage","@id":"https:\/\/iconproducts.com\/es\/politica-de-privacidad-de-la-accion-promocional\/","url":"https:\/\/iconproducts.com\/es\/politica-de-privacidad-de-la-accion-promocional\/","name":"Pol\u00edtica de Privacidad de la Acci\u00f3n Promocional | I.C.O.N. Products","isPartOf":{"@id":"https:\/\/iconproducts.com\/es\/#website"},"datePublished":"2018-09-11T09:58:41+00:00","dateModified":"2018-09-11T10:00:15+00:00","breadcrumb":{"@id":"https:\/\/iconproducts.com\/es\/politica-de-privacidad-de-la-accion-promocional\/#breadcrumb"},"inLanguage":"es","potentialAction":[{"@type":"ReadAction","target":["https:\/\/iconproducts.com\/es\/politica-de-privacidad-de-la-accion-promocional\/"]}]},{"@type":"BreadcrumbList","@id":"https:\/\/iconproducts.com\/es\/politica-de-privacidad-de-la-accion-promocional\/#breadcrumb","itemListElement":[{"@type":"ListItem","position":1,"name":"I.C.O.N. Products","item":"https:\/\/iconproducts.com\/es\/"},{"@type":"ListItem","position":2,"name":"Pol\u00edtica de Privacidad de la Acci\u00f3n Promocional"}]},{"@type":"WebSite","@id":"https:\/\/iconproducts.com\/es\/#website","url":"https:\/\/iconproducts.com\/es\/","name":"I.C.O.N. Products","description":"Productos de peluquer\u00eda","publisher":{"@id":"https:\/\/iconproducts.com\/es\/#organization"},"potentialAction":[{"@type":"SearchAction","target":{"@type":"EntryPoint","urlTemplate":"https:\/\/iconproducts.com\/es\/?s={search_term_string}"},"query-input":{"@type":"PropertyValueSpecification","valueRequired":true,"valueName":"search_term_string"}}],"inLanguage":"es"},{"@type":"Organization","@id":"https:\/\/iconproducts.com\/es\/#organization","name":"I.C.O.N. Products","url":"https:\/\/iconproducts.com\/es\/","logo":{"@type":"ImageObject","inLanguage":"es","@id":"https:\/\/iconproducts.com\/es\/#\/schema\/logo\/image\/","url":"https:\/\/iconproducts.com\/wp-content\/uploads\/2018\/08\/logo-icon-1.jpg","contentUrl":"https:\/\/iconproducts.com\/wp-content\/uploads\/2018\/08\/logo-icon-1.jpg","width":1000,"height":1000,"caption":"I.C.O.N. Products"},"image":{"@id":"https:\/\/iconproducts.com\/es\/#\/schema\/logo\/image\/"},"sameAs":["https:\/\/www.facebook.com\/iconproducts.spain","https:\/\/www.instagram.com\/iconspain\/","https:\/\/www.youtube.com\/channel\/UCw0myea3fiZRsj72sNBnMqQ"]}]}},"_links":{"self":[{"href":"https:\/\/iconproducts.com\/es\/wp-json\/wp\/v2\/pages\/33197","targetHints":{"allow":["GET"]}}],"collection":[{"href":"https:\/\/iconproducts.com\/es\/wp-json\/wp\/v2\/pages"}],"about":[{"href":"https:\/\/iconproducts.com\/es\/wp-json\/wp\/v2\/types\/page"}],"author":[{"embeddable":true,"href":"https:\/\/iconproducts.com\/es\/wp-json\/wp\/v2\/users\/1"}],"replies":[{"embeddable":true,"href":"https:\/\/iconproducts.com\/es\/wp-json\/wp\/v2\/comments?post=33197"}],"version-history":[{"count":3,"href":"https:\/\/iconproducts.com\/es\/wp-json\/wp\/v2\/pages\/33197\/revisions"}],"predecessor-version":[{"id":33200,"href":"https:\/\/iconproducts.com\/es\/wp-json\/wp\/v2\/pages\/33197\/revisions\/33200"}],"wp:attachment":[{"href":"https:\/\/iconproducts.com\/es\/wp-json\/wp\/v2\/media?parent=33197"}],"wp:term":[{"taxonomy":"post_tag","embeddable":true,"href":"https:\/\/iconproducts.com\/es\/wp-json\/wp\/v2\/tags?post=33197"},{"taxonomy":"wf_page_folders","embeddable":true,"href":"https:\/\/iconproducts.com\/es\/wp-json\/wp\/v2\/wf_page_folders?post=33197"}],"curies":[{"name":"wp","href":"https:\/\/api.w.org\/{rel}","templated":true}]}}