{"id":48515,"date":"2019-09-26T10:29:27","date_gmt":"2019-09-26T10:29:27","guid":{"rendered":"https:\/\/iconproducts.com\/?page_id=48515"},"modified":"2019-10-09T17:28:00","modified_gmt":"2019-10-09T17:28:00","slug":"gq-entrevista-a-jorge-rubin","status":"publish","type":"page","link":"https:\/\/iconproducts.com\/es\/gq-entrevista-a-jorge-rubin\/","title":{"rendered":"GQ Entrevista a Jorge Rub\u00edn"},"content":{"rendered":"<p>[vc_row][vc_column]<div class=\"dfd-spacer-module\"  data-units=\"px\" data-wide_resolution=\"1280\" data-wide_size=\"51\" data-normal_resolution=\"1024\" data-normal_size=\"51\" data-tablet_resolution=\"800\" data-tablet_size=\"51\" data-mobile_resolution=\"480\" data-mobile_size=\"51\" style=\"height: 51px;\"><\/div><div class=\"dfd-heading-shortcode\"><div class=\"dfd-heading-module-wrap  text-center style_01 dfd-heading-69dbc2e60eaf4 dfd-disable-resposive-headings\" id=\"dfd-heading-69dbc2e60eaf4\" ><div class=\"inline-block\"><div class=\"dfd-heading-module\"><h1 class=\"widget-title dfd-title \" style=\"\"><strong>GQ<\/strong> entrevista a <strong>Jorge Rub\u00edn<\/strong><\/h1><div class=\"dfd-heading-delimiter\"><\/div><\/div><\/div><\/div><script type=\"text\/javascript\">\n\t\t\t\t\t\t\t\t\t(function($) {\n\t\t\t\t\t\t\t\t\t\t$(\"head\").append(\"<style>.dfd-heading-69dbc2e60eaf4.dfd-heading-module-wrap .dfd-heading-module .dfd-heading-delimiter {border-bottom-style:solid;border-bottom-width:1px;width:100px;border-bottom-color:#dddddd;}.dfd-heading-69dbc2e60eaf4.dfd-heading-module-wrap .dfd-heading-module .dfd-heading-delimiter {margin-top:10px;margin-bottom:10px;}<\/style>\");\n\t\t\t\t\t\t\t\t\t})(jQuery);\n\t\t\t\t\t\t\t\t<\/script><\/div><div class=\"dfd-spacer-module\"  data-units=\"px\" data-wide_resolution=\"1280\" data-wide_size=\"30\" data-normal_resolution=\"1024\" data-normal_size=\"30\" data-tablet_resolution=\"800\" data-tablet_size=\"30\" data-mobile_resolution=\"480\" data-mobile_size=\"30\" style=\"height: 30px;\"><\/div>[vc_column_text]<\/p>\n<p style=\"text-align: center;\"><strong>De Vigo al mundo<\/strong>. <strong>Jorge Rub\u00edn<\/strong>, CEO y fundador de <strong>I.C.O.N.<\/strong>, dirige desde Galicia una de las compa\u00f1\u00edas cosm\u00e9ticas m\u00e1s importantes del planeta.<\/p>\n<p>[\/vc_column_text]<div class=\"dfd-spacer-module\"  data-units=\"px\" data-wide_resolution=\"1280\" data-wide_size=\"51\" data-normal_resolution=\"1024\" data-normal_size=\"51\" data-tablet_resolution=\"800\" data-tablet_size=\"51\" data-mobile_resolution=\"480\" data-mobile_size=\"51\" style=\"height: 51px;\"><\/div>[\/vc_column][\/vc_row][vc_row][vc_column width=\u00bb1\/2&#8243; css=\u00bb.vc_custom_1539168064893{padding-right: 2% !important;}\u00bb][vc_single_image image=\u00bb48508&#8243; img_size=\u00bbfull\u00bb alignment=\u00bbcenter\u00bb onclick=\u00bblink_image\u00bb]<div class=\"dfd-spacer-module\"  data-units=\"px\" data-wide_resolution=\"1280\" data-wide_size=\"51\" data-normal_resolution=\"1024\" data-normal_size=\"51\" data-tablet_resolution=\"800\" data-tablet_size=\"51\" data-mobile_resolution=\"480\" data-mobile_size=\"51\" style=\"height: 51px;\"><\/div>[\/vc_column][vc_column width=\u00bb1\/2&#8243; css=\u00bb.vc_custom_1539168069644{padding-left: 2% !important;}\u00bb][vc_column_text]<\/p>\n<p style=\"text-align: justify;\">Puede que <strong>Jorge Rub\u00edn<\/strong> se haya convertido en un importante hombre de negocios que vive a medio camino entre <strong>EEUU<\/strong> y <strong>Europa<\/strong>, pero no ha perdido ni una pizca de su acento gallego.<\/p>\n<p style=\"text-align: justify;\">Es la consecuencia, pensamos, de mantener una multinacional con dos sedes: en <strong>Los \u00c1ngeles<\/strong>, donde su socia Chiara capitanea la investigaci\u00f3n, desarrollo y fabricaci\u00f3n de nuevos productos, am\u00e9n de los mercados americano y australiano; y en Vigo, donde el propio Jorge lidera el desarrollo de <strong>negocio de peluquer\u00eda<\/strong>, el <strong>marketing<\/strong> y la <strong>educaci\u00f3n<\/strong>, aparte de las \u00e1reas de Europa y Asia.<\/p>\n<p style=\"text-align: justify;\"><strong>\u00abPodr\u00eda vivir en Madrid, pero no quiero\u00bb<\/strong>, nos cuenta el empresario en una suite del capitalino Hotel Puerta de Am\u00e9rica, minutos antes de impartir una conferencia. <strong>\u00abTengo la sede en Vigo porque es una ciudad maravillosa, mi ciudad. Y porque a Vigo llegan los barcos y nuestro producto viene por mar. Tambi\u00e9n porque quiero cultivar mi tierra, a mi gente, soy gallego\u00bb<\/strong>, remata con orgullo.<\/p>\n<p>[\/vc_column_text][\/vc_column][\/vc_row][vc_row][vc_column]<div class=\"dfd-spacer-module\"  data-units=\"px\" data-wide_resolution=\"1280\" data-wide_size=\"30\" data-normal_resolution=\"1024\" data-normal_size=\"30\" data-tablet_resolution=\"800\" data-tablet_size=\"30\" data-mobile_resolution=\"480\" data-mobile_size=\"30\" style=\"height: 30px;\"><\/div>[vc_column_text]<\/p>\n<p style=\"text-align: justify;\">A <strong>Jorge<\/strong> le gusta decir que lleg\u00f3 a la peluquer\u00eda por accidente. <em>\u00abMi padre ten\u00eda una peluquer\u00eda y las personas que trabajaban con \u00e9l se fueron y se qued\u00f3 colgado. As\u00ed que me dijo \u00abJorge, tienes que parar los estudios o seguirlos en paralelo porque tienes que echar una mano\u00bb. En una empresa familiar siempre est\u00e1s envuelto de alguna manera. Si tus padres tienen una cafeter\u00eda, acabas sirviendo caf\u00e9s. Cuando entr\u00e9 me di cuenta de que ah\u00ed hab\u00eda un camino, luego empec\u00e9 a viajar, a montar peluquer\u00edas\u2026 Despu\u00e9s coincid\u00ed con una compa\u00f1\u00eda americana del sector, me fui con ellos, viaj\u00e9 a <strong>EEUU<\/strong> y all\u00ed vi que hab\u00eda un mont\u00f3n de oportunidades de negocio.\u00bb<\/em><\/p>\n<p style=\"text-align: justify;\">Finalmente, <strong>Rub\u00edn<\/strong> decidi\u00f3 vender su empresa y, en <strong>2002<\/strong>, junto a su socia <strong>Chiara<\/strong>, comenz\u00f3 la aventura empresarial de <strong>I.C.O.N.<\/strong> <em>\u00abBuscamos el nombre, porque quer\u00edamos ser un icono, y despu\u00e9s encontramos las siglas. <strong>International Company Oriented to Network<\/strong>. Porque la idea de la compa\u00f1\u00eda era trabajar a trav\u00e9s de distribuidores, como partners independientes que pudiesen desarrollar el negocio en los diferentes pa\u00edses.\u00bb<\/em><\/p>\n<blockquote><p><strong>La idea de la compa\u00f1\u00eda era trabajar a trav\u00e9s de distribuidores, como partners independientes que pudiesen desarrollar el negocio en los diferentes pa\u00edses.<\/strong><\/p><\/blockquote>\n<p style=\"text-align: justify;\"><strong>&#8216;EDUCATION, EDUCATION, EDUCATION&#8217;<\/strong> La filosof\u00eda empresarial de <strong>I.C.O.N.<\/strong> descansa sobre dos pilares. Por un lado, unos productos de tratamiento y styling ecol\u00f3gicos que incorporan ingredientes tecnol\u00f3gicamente avanzados. Por otro, la formaci\u00f3n continua a los profesionales de los salones con los que trabajan, siempre en r\u00e9gimen de exclusividad. <strong>\u00abNuestra fuerza es la educaci\u00f3n\u00bb<\/strong>, nos confiesa <strong>Rub\u00edn<\/strong>.<\/p>\n<p style=\"text-align: justify;\"><em>\u00abEl peluquero necesita productos, porque son herramientas l\u00edquidas. Pero <strong>lo que de verdad necesita es formaci\u00f3n<\/strong>. T\u00fa naces peluquero, pero si eres bueno necesitas personal, necesitas gente, y entonces necesitas otras cosas: c\u00f3mo liderar un equipo, c\u00f3mo gestionar el personal, c\u00f3mo organizar el sal\u00f3n\u2026 Es decir, c\u00f3mo pasar de tener una peluquer\u00eda que genera servicios a tener un negocio de peluquer\u00eda.\u00bb<\/em><\/p>\n<p style=\"text-align: justify;\"><em>\u00abAntes la peluquer\u00eda era cortar el pelo como el dentista era sacar muelas\u00bb<\/em>, sigue Rub\u00edn, <em>\u00abpero hoy es un centro de belleza en el que la gente se quiere cuidar el pelo. Ah\u00ed es donde entramos nosotros\u00bb<\/em>. Y luego est\u00e1 la venta al p\u00fablico:<\/p>\n<blockquote><p><strong>Antes la peluquer\u00eda era cortar el pelo como el dentista era sacar muelas, pero hoy es un centro de belleza en el que la gente se quiere cuidar el pelo. Ah\u00ed es donde entramos nosotros<\/strong><\/p><\/blockquote>\n<p style=\"text-align: justify;\"><em>\u00abEn realidad, hoy las peluquer\u00edas est\u00e1n en el cuarto de ba\u00f1o de los clientes. Creamos productos para los clientes que se venden en peluquer\u00edas, y tenemos que educar bien y seleccionar bien las peluquer\u00edas para que recomienden nuestros productos.\u00bb<\/em><\/p>\n<p style=\"text-align: justify;\">Entre las diferentes l\u00edneas de productos de<strong> I.C.O.N.<\/strong> hay tambi\u00e9n una masculina, <strong>Mr. A<\/strong>, homenaje al se\u00f1or <strong>Alfredo<\/strong>, padre del propio Rub\u00edn. <em>\u00abMi padre era barbero. Empez\u00f3 en una barber\u00eda, esa barber\u00eda se convirti\u00f3 en una peluquer\u00eda, luego en una peluquer\u00eda mixta, m\u00e1s tarde separ\u00f3 a los hombres a un lado y las mujeres al otro y los hombres se fueron. Los hombres que quer\u00edan tener un poco de estilo no iban a la barber\u00eda, porque era un corte de barbero\u00bb<\/em>, nos cuenta <strong>Jorge<\/strong>, que menciona la formaci\u00f3n como un instrumento para no cometer los mismos errores de su padre.<\/p>\n<p style=\"text-align: justify;\"><em>\u00abPor ejemplo, creo que la mayor\u00eda de las barber\u00edas no han aprovechado el \u00faltimo boom. En lugar de poner en valor su trabajo, han seguido cobr\u00e1ndolo a 8 euros. El mundo les da una segunda oportunidad y la mayor\u00eda se queda ah\u00ed, cortando pelos. Hay, en definitiva, que profesionalizar el oficio. \u00abEs mi trabajo, mi empresa, mi vida.\u00bb<\/em><\/p>\n<blockquote>\n<p style=\"text-align: justify;\"><strong>Hay, en definitiva, que profesionalizar el oficio. \u00abEs mi trabajo, mi empresa, mi vida.\u00bb<\/strong><\/p>\n<\/blockquote>\n<p>[\/vc_column_text][\/vc_column][\/vc_row][vc_row][vc_column]<div class=\"dfd-spacer-module\"  data-units=\"px\" data-wide_resolution=\"1280\" data-wide_size=\"51\" data-normal_resolution=\"1024\" data-normal_size=\"51\" data-tablet_resolution=\"800\" data-tablet_size=\"51\" data-mobile_resolution=\"480\" data-mobile_size=\"51\" style=\"height: 51px;\"><\/div>[\/vc_column][\/vc_row][vc_row][vc_column]<div id=\"dfd-button-69dbc2e60ed69\" class=\"dfd-button-module-wrap dfd-button-69dbc2e60ed69\"><div class=\"dfd-button-module  style_3 dfd-button-full-width text-center dfd-horizontal dfd-top-to-bottom dfd-button-icon-left dfd-button-icon-hover-simple\" ><a href=\"https:\/\/iconproducts.com\/es\/the-company\/entrevistas-a-jorge-rubin\/\"title=\"VOLVER\" class=\"dfd-button-link\"><span class=\"dfd-button-inner-cover\"><span class=\"dfd-button-text-main\"><i class=\"dfd-icon-right_6\"><\/i>VOLVER<\/span><\/span><\/a><\/div><script type=\"text\/javascript\">\n\t\t\t\t\t\t\t\t\t(function($) {$(\"head\").append(\"<style>#dfd-button-69dbc2e60ed69.dfd-button-module-wrap .dfd-button-module .dfd-button-link .dfd-button-inner-cover span i, .dfd-button-69dbc2e60ed69.dfd-button-module-wrap .dfd-button-module .dfd-button-link .dfd-button-inner-cover span i {font-size: 18px;}#dfd-button-69dbc2e60ed69.dfd-button-module-wrap .dfd-button-module .dfd-button-link .dfd-button-inner-cover .dfd-button-text-main,.dfd-button-69dbc2e60ed69.dfd-button-module-wrap .dfd-button-module .dfd-button-link .dfd-button-inner-cover .dfd-button-text-main {color: #ffffff}#dfd-button-69dbc2e60ed69.dfd-button-module-wrap .dfd-button-module .dfd-button-link .dfd-button-inner-cover,.dfd-button-69dbc2e60ed69.dfd-button-module-wrap .dfd-button-module .dfd-button-link .dfd-button-border-decoration,.dfd-button-69dbc2e60ed69.dfd-button-module-wrap .dfd-button-module .dfd-button-link .dfd-button-inner-cover {border-radius:2px;}#dfd-button-69dbc2e60ed69.dfd-button-module-wrap .dfd-button-module:not(.style_4) .dfd-button-link .dfd-button-inner-cover:before,#dfd-button-69dbc2e60ed69.dfd-button-module-wrap .dfd-button-module.style_4 .dfd-button-link .dfd-button-inner-cover:after,#dfd-button-69dbc2e60ed69.dfd-button-module-wrap .dfd-button-module.style_6 .dfd-button-link .dfd-button-inner-cover .dfd-button-text-main,.dfd-button-69dbc2e60ed69.dfd-button-module-wrap .dfd-button-module:not(.style_4) .dfd-button-link .dfd-button-inner-cover:before,.dfd-button-69dbc2e60ed69.dfd-button-module-wrap .dfd-button-module.style_4 .dfd-button-link .dfd-button-inner-cover:after,.dfd-button-69dbc2e60ed69.dfd-button-module-wrap .dfd-button-module.style_6 .dfd-button-link .dfd-button-inner-cover .dfd-button-text-main {background: #1b1b1b;border-style:none;border-width:1px;border-radius:2px;border-color:#1b1b1b;}#dfd-button-69dbc2e60ed69.dfd-button-module-wrap .dfd-button-module:not(.style_6) .dfd-button-link:hover .dfd-button-inner-cover .dfd-button-text-main,#dfd-button-69dbc2e60ed69.dfd-button-module-wrap .dfd-button-module .dfd-button-link .dfd-button-inner-cover .dfd-button-text-hover,.dfd-button-69dbc2e60ed69.dfd-button-module-wrap .dfd-button-module:not(.style_6) .dfd-button-link:hover .dfd-button-inner-cover .dfd-button-text-main,.dfd-button-69dbc2e60ed69.dfd-button-module-wrap .dfd-button-module .dfd-button-link .dfd-button-inner-cover .dfd-button-text-hover {color: #000000;}#dfd-button-69dbc2e60ed69.dfd-button-module-wrap .dfd-button-module .dfd-button-link:hover .dfd-button-inner-cover,.dfd-button-69dbc2e60ed69.dfd-button-module-wrap .dfd-button-module .dfd-button-link:hover .dfd-button-border-decoration,.dfd-button-69dbc2e60ed69.dfd-button-module-wrap .dfd-button-module .dfd-button-link:hover .dfd-button-inner-cover {border-radius:2px;}#dfd-button-69dbc2e60ed69.dfd-button-module-wrap .dfd-button-module:not(.style_4) .dfd-button-link .dfd-button-inner-cover:after,#dfd-button-69dbc2e60ed69.dfd-button-module-wrap .dfd-button-module.style_4 .dfd-button-link .dfd-button-inner-cover:before,#dfd-button-69dbc2e60ed69.dfd-button-module-wrap .dfd-button-module .dfd-button-link .dfd-button-inner-cover .dfd-button-text-hover .dfd-button-69dbc2e60ed69.dfd-button-module-wrap .dfd-button-module:not(.style_4) .dfd-button-link .dfd-button-inner-cover:after,.dfd-button-69dbc2e60ed69.dfd-button-module-wrap .dfd-button-module.style_4 .dfd-button-link .dfd-button-inner-cover:before,.dfd-button-69dbc2e60ed69.dfd-button-module-wrap .dfd-button-module .dfd-button-link .dfd-button-inner-cover .dfd-button-text-hover {background: #ffffff;border-style:solid;border-width:1px;border-radius:2px;border-color:#000000;}#dfd-button-69dbc2e60ed69.dfd-button-module-wrap .dfd-button-module.style_3 .dfd-button-link:hover .dfd-button-inner-cover:before,#dfd-button-69dbc2e60ed69.dfd-button-module-wrap .dfd-button-module.style_4 .dfd-button-link:hover .dfd-button-inner-cover:before,.dfd-button-69dbc2e60ed69.dfd-button-module-wrap .dfd-button-module.style_3 .dfd-button-link:hover .dfd-button-inner-cover:before,.dfd-button-69dbc2e60ed69.dfd-button-module-wrap .dfd-button-module.style_4 .dfd-button-link:hover .dfd-button-inner-cover:before {border-style:solid;border-width:1px;border-radius:2px;border-color:#000000;}#dfd-button-69dbc2e60ed69.dfd-button-module-wrap .dfd-button-module .dfd-button-link .dfd-button-inner-cover .dfd-button-text-main i,.dfd-button-69dbc2e60ed69.dfd-button-module-wrap .dfd-button-module .dfd-button-link .dfd-button-inner-cover .dfd-button-text-main i {color: #ffffff;}#dfd-button-69dbc2e60ed69.dfd-button-module-wrap .dfd-button-module .dfd-button-link:hover .dfd-button-inner-cover .dfd-button-text-main i,.dfd-button-69dbc2e60ed69.dfd-button-module-wrap .dfd-button-module .dfd-button-link:hover .dfd-button-inner-cover .dfd-button-text-main i {color: #3b55e6;}<\/style>\")\n\t\t\t\t\t\t\t\t\t})(jQuery);\n\t\t\t\t\t\t\t\t<\/script><\/div><div class=\"dfd-spacer-module\"  data-units=\"px\" data-wide_resolution=\"1280\" data-wide_size=\"51\" data-normal_resolution=\"1024\" data-normal_size=\"51\" data-tablet_resolution=\"800\" data-tablet_size=\"51\" data-mobile_resolution=\"480\" data-mobile_size=\"51\" style=\"height: 51px;\"><\/div><div class=\"dfd-spacer-module\"  data-units=\"px\" data-wide_resolution=\"1280\" data-wide_size=\"51\" data-normal_resolution=\"1024\" data-normal_size=\"51\" data-tablet_resolution=\"800\" data-tablet_size=\"51\" data-mobile_resolution=\"480\" data-mobile_size=\"51\" style=\"height: 51px;\"><\/div>[\/vc_column][\/vc_row][vc_row][vc_column][vc_column_text]<\/p>\n<p>[\/vc_column_text][\/vc_column][\/vc_row]<\/p>\n","protected":false},"excerpt":{"rendered":"<p>[vc_row][vc_column][vc_column_text] De Vigo al mundo. Jorge Rub\u00edn, CEO y fundador de I.C.O.N., dirige desde Galicia una de las compa\u00f1\u00edas cosm\u00e9ticas m\u00e1s importantes del planeta. [\/vc_column_text][\/vc_column][\/vc_row][vc_row][vc_column width=\u00bb1\/2&#8243; css=\u00bb.vc_custom_1539168064893{padding-right: 2% !important;}\u00bb][vc_single_image image=\u00bb48508&#8243;<\/p>\n","protected":false},"author":1,"featured_media":48508,"parent":0,"menu_order":0,"comment_status":"closed","ping_status":"closed","template":"","meta":{"_acf_changed":false,"footnotes":""},"tags":[],"wf_page_folders":[],"class_list":["post-48515","page","type-page","status-publish","has-post-thumbnail","hentry"],"acf":[],"yoast_head":"<!-- This site is optimized with the Yoast SEO plugin v27.0 - https:\/\/yoast.com\/product\/yoast-seo-wordpress\/ -->\n<title>GQ Entrevista a Jorge Rub\u00edn | I.C.O.N. Products<\/title>\n<meta name=\"robots\" content=\"index, follow, max-snippet:-1, max-image-preview:large, max-video-preview:-1\" \/>\n<link rel=\"canonical\" href=\"https:\/\/iconproducts.com\/es\/gq-entrevista-a-jorge-rubin\/\" \/>\n<meta property=\"og:locale\" content=\"es_ES\" \/>\n<meta property=\"og:type\" content=\"article\" \/>\n<meta property=\"og:title\" content=\"GQ Entrevista a Jorge Rub\u00edn | I.C.O.N. Products\" \/>\n<meta property=\"og:description\" content=\"[vc_row][vc_column][vc_column_text] De Vigo al mundo. Jorge Rub\u00edn, CEO y fundador de I.C.O.N., dirige desde Galicia una de las compa\u00f1\u00edas cosm\u00e9ticas m\u00e1s importantes del planeta. [\/vc_column_text][\/vc_column][\/vc_row][vc_row][vc_column width=\u00bb1\/2&#8243; css=\u00bb.vc_custom_1539168064893{padding-right: 2% !important;}\u00bb][vc_single_image image=\u00bb48508&#8243;\" \/>\n<meta property=\"og:url\" content=\"https:\/\/iconproducts.com\/es\/gq-entrevista-a-jorge-rubin\/\" \/>\n<meta property=\"og:site_name\" content=\"I.C.O.N. Products\" \/>\n<meta property=\"article:publisher\" content=\"https:\/\/www.facebook.com\/iconproducts.spain\" \/>\n<meta property=\"article:modified_time\" content=\"2019-10-09T17:28:00+00:00\" \/>\n<meta property=\"og:image\" content=\"https:\/\/iconproducts.com\/wp-content\/uploads\/2019\/09\/icon-products-gq-entrevista-jorge-rubin.jpg\" \/>\n\t<meta property=\"og:image:width\" content=\"1920\" \/>\n\t<meta property=\"og:image:height\" content=\"1080\" \/>\n\t<meta property=\"og:image:type\" content=\"image\/jpeg\" \/>\n<meta name=\"twitter:card\" content=\"summary_large_image\" \/>\n<script type=\"application\/ld+json\" class=\"yoast-schema-graph\">{\"@context\":\"https:\/\/schema.org\",\"@graph\":[{\"@type\":\"WebPage\",\"@id\":\"https:\/\/iconproducts.com\/es\/gq-entrevista-a-jorge-rubin\/\",\"url\":\"https:\/\/iconproducts.com\/es\/gq-entrevista-a-jorge-rubin\/\",\"name\":\"GQ Entrevista a Jorge Rub\u00edn | I.C.O.N. Products\",\"isPartOf\":{\"@id\":\"https:\/\/iconproducts.com\/es\/#website\"},\"primaryImageOfPage\":{\"@id\":\"https:\/\/iconproducts.com\/es\/gq-entrevista-a-jorge-rubin\/#primaryimage\"},\"image\":{\"@id\":\"https:\/\/iconproducts.com\/es\/gq-entrevista-a-jorge-rubin\/#primaryimage\"},\"thumbnailUrl\":\"https:\/\/iconproducts.com\/wp-content\/uploads\/2019\/09\/icon-products-gq-entrevista-jorge-rubin.jpg\",\"datePublished\":\"2019-09-26T10:29:27+00:00\",\"dateModified\":\"2019-10-09T17:28:00+00:00\",\"breadcrumb\":{\"@id\":\"https:\/\/iconproducts.com\/es\/gq-entrevista-a-jorge-rubin\/#breadcrumb\"},\"inLanguage\":\"es\",\"potentialAction\":[{\"@type\":\"ReadAction\",\"target\":[\"https:\/\/iconproducts.com\/es\/gq-entrevista-a-jorge-rubin\/\"]}]},{\"@type\":\"ImageObject\",\"inLanguage\":\"es\",\"@id\":\"https:\/\/iconproducts.com\/es\/gq-entrevista-a-jorge-rubin\/#primaryimage\",\"url\":\"https:\/\/iconproducts.com\/wp-content\/uploads\/2019\/09\/icon-products-gq-entrevista-jorge-rubin.jpg\",\"contentUrl\":\"https:\/\/iconproducts.com\/wp-content\/uploads\/2019\/09\/icon-products-gq-entrevista-jorge-rubin.jpg\",\"width\":1920,\"height\":1080},{\"@type\":\"BreadcrumbList\",\"@id\":\"https:\/\/iconproducts.com\/es\/gq-entrevista-a-jorge-rubin\/#breadcrumb\",\"itemListElement\":[{\"@type\":\"ListItem\",\"position\":1,\"name\":\"I.C.O.N. Products\",\"item\":\"https:\/\/iconproducts.com\/es\/\"},{\"@type\":\"ListItem\",\"position\":2,\"name\":\"GQ Entrevista a Jorge Rub\u00edn\"}]},{\"@type\":\"WebSite\",\"@id\":\"https:\/\/iconproducts.com\/es\/#website\",\"url\":\"https:\/\/iconproducts.com\/es\/\",\"name\":\"I.C.O.N. Products\",\"description\":\"Productos de peluquer\u00eda\",\"publisher\":{\"@id\":\"https:\/\/iconproducts.com\/es\/#organization\"},\"potentialAction\":[{\"@type\":\"SearchAction\",\"target\":{\"@type\":\"EntryPoint\",\"urlTemplate\":\"https:\/\/iconproducts.com\/es\/?s={search_term_string}\"},\"query-input\":{\"@type\":\"PropertyValueSpecification\",\"valueRequired\":true,\"valueName\":\"search_term_string\"}}],\"inLanguage\":\"es\"},{\"@type\":\"Organization\",\"@id\":\"https:\/\/iconproducts.com\/es\/#organization\",\"name\":\"I.C.O.N. Products\",\"url\":\"https:\/\/iconproducts.com\/es\/\",\"logo\":{\"@type\":\"ImageObject\",\"inLanguage\":\"es\",\"@id\":\"https:\/\/iconproducts.com\/es\/#\/schema\/logo\/image\/\",\"url\":\"https:\/\/iconproducts.com\/wp-content\/uploads\/2018\/08\/logo-icon-1.jpg\",\"contentUrl\":\"https:\/\/iconproducts.com\/wp-content\/uploads\/2018\/08\/logo-icon-1.jpg\",\"width\":1000,\"height\":1000,\"caption\":\"I.C.O.N. Products\"},\"image\":{\"@id\":\"https:\/\/iconproducts.com\/es\/#\/schema\/logo\/image\/\"},\"sameAs\":[\"https:\/\/www.facebook.com\/iconproducts.spain\",\"https:\/\/www.instagram.com\/iconspain\/\",\"https:\/\/www.youtube.com\/channel\/UCw0myea3fiZRsj72sNBnMqQ\"]}]}<\/script>\n<!-- \/ Yoast SEO plugin. -->","yoast_head_json":{"title":"GQ Entrevista a Jorge Rub\u00edn | I.C.O.N. Products","robots":{"index":"index","follow":"follow","max-snippet":"max-snippet:-1","max-image-preview":"max-image-preview:large","max-video-preview":"max-video-preview:-1"},"canonical":"https:\/\/iconproducts.com\/es\/gq-entrevista-a-jorge-rubin\/","og_locale":"es_ES","og_type":"article","og_title":"GQ Entrevista a Jorge Rub\u00edn | I.C.O.N. Products","og_description":"[vc_row][vc_column][vc_column_text] De Vigo al mundo. Jorge Rub\u00edn, CEO y fundador de I.C.O.N., dirige desde Galicia una de las compa\u00f1\u00edas cosm\u00e9ticas m\u00e1s importantes del planeta. [\/vc_column_text][\/vc_column][\/vc_row][vc_row][vc_column width=\u00bb1\/2&#8243; css=\u00bb.vc_custom_1539168064893{padding-right: 2% !important;}\u00bb][vc_single_image image=\u00bb48508&#8243;","og_url":"https:\/\/iconproducts.com\/es\/gq-entrevista-a-jorge-rubin\/","og_site_name":"I.C.O.N. Products","article_publisher":"https:\/\/www.facebook.com\/iconproducts.spain","article_modified_time":"2019-10-09T17:28:00+00:00","og_image":[{"width":1920,"height":1080,"url":"https:\/\/iconproducts.com\/wp-content\/uploads\/2019\/09\/icon-products-gq-entrevista-jorge-rubin.jpg","type":"image\/jpeg"}],"twitter_card":"summary_large_image","schema":{"@context":"https:\/\/schema.org","@graph":[{"@type":"WebPage","@id":"https:\/\/iconproducts.com\/es\/gq-entrevista-a-jorge-rubin\/","url":"https:\/\/iconproducts.com\/es\/gq-entrevista-a-jorge-rubin\/","name":"GQ Entrevista a Jorge Rub\u00edn | I.C.O.N. Products","isPartOf":{"@id":"https:\/\/iconproducts.com\/es\/#website"},"primaryImageOfPage":{"@id":"https:\/\/iconproducts.com\/es\/gq-entrevista-a-jorge-rubin\/#primaryimage"},"image":{"@id":"https:\/\/iconproducts.com\/es\/gq-entrevista-a-jorge-rubin\/#primaryimage"},"thumbnailUrl":"https:\/\/iconproducts.com\/wp-content\/uploads\/2019\/09\/icon-products-gq-entrevista-jorge-rubin.jpg","datePublished":"2019-09-26T10:29:27+00:00","dateModified":"2019-10-09T17:28:00+00:00","breadcrumb":{"@id":"https:\/\/iconproducts.com\/es\/gq-entrevista-a-jorge-rubin\/#breadcrumb"},"inLanguage":"es","potentialAction":[{"@type":"ReadAction","target":["https:\/\/iconproducts.com\/es\/gq-entrevista-a-jorge-rubin\/"]}]},{"@type":"ImageObject","inLanguage":"es","@id":"https:\/\/iconproducts.com\/es\/gq-entrevista-a-jorge-rubin\/#primaryimage","url":"https:\/\/iconproducts.com\/wp-content\/uploads\/2019\/09\/icon-products-gq-entrevista-jorge-rubin.jpg","contentUrl":"https:\/\/iconproducts.com\/wp-content\/uploads\/2019\/09\/icon-products-gq-entrevista-jorge-rubin.jpg","width":1920,"height":1080},{"@type":"BreadcrumbList","@id":"https:\/\/iconproducts.com\/es\/gq-entrevista-a-jorge-rubin\/#breadcrumb","itemListElement":[{"@type":"ListItem","position":1,"name":"I.C.O.N. Products","item":"https:\/\/iconproducts.com\/es\/"},{"@type":"ListItem","position":2,"name":"GQ Entrevista a Jorge Rub\u00edn"}]},{"@type":"WebSite","@id":"https:\/\/iconproducts.com\/es\/#website","url":"https:\/\/iconproducts.com\/es\/","name":"I.C.O.N. Products","description":"Productos de peluquer\u00eda","publisher":{"@id":"https:\/\/iconproducts.com\/es\/#organization"},"potentialAction":[{"@type":"SearchAction","target":{"@type":"EntryPoint","urlTemplate":"https:\/\/iconproducts.com\/es\/?s={search_term_string}"},"query-input":{"@type":"PropertyValueSpecification","valueRequired":true,"valueName":"search_term_string"}}],"inLanguage":"es"},{"@type":"Organization","@id":"https:\/\/iconproducts.com\/es\/#organization","name":"I.C.O.N. Products","url":"https:\/\/iconproducts.com\/es\/","logo":{"@type":"ImageObject","inLanguage":"es","@id":"https:\/\/iconproducts.com\/es\/#\/schema\/logo\/image\/","url":"https:\/\/iconproducts.com\/wp-content\/uploads\/2018\/08\/logo-icon-1.jpg","contentUrl":"https:\/\/iconproducts.com\/wp-content\/uploads\/2018\/08\/logo-icon-1.jpg","width":1000,"height":1000,"caption":"I.C.O.N. Products"},"image":{"@id":"https:\/\/iconproducts.com\/es\/#\/schema\/logo\/image\/"},"sameAs":["https:\/\/www.facebook.com\/iconproducts.spain","https:\/\/www.instagram.com\/iconspain\/","https:\/\/www.youtube.com\/channel\/UCw0myea3fiZRsj72sNBnMqQ"]}]}},"_links":{"self":[{"href":"https:\/\/iconproducts.com\/es\/wp-json\/wp\/v2\/pages\/48515","targetHints":{"allow":["GET"]}}],"collection":[{"href":"https:\/\/iconproducts.com\/es\/wp-json\/wp\/v2\/pages"}],"about":[{"href":"https:\/\/iconproducts.com\/es\/wp-json\/wp\/v2\/types\/page"}],"author":[{"embeddable":true,"href":"https:\/\/iconproducts.com\/es\/wp-json\/wp\/v2\/users\/1"}],"replies":[{"embeddable":true,"href":"https:\/\/iconproducts.com\/es\/wp-json\/wp\/v2\/comments?post=48515"}],"version-history":[{"count":0,"href":"https:\/\/iconproducts.com\/es\/wp-json\/wp\/v2\/pages\/48515\/revisions"}],"wp:featuredmedia":[{"embeddable":true,"href":"https:\/\/iconproducts.com\/es\/wp-json\/wp\/v2\/media\/48508"}],"wp:attachment":[{"href":"https:\/\/iconproducts.com\/es\/wp-json\/wp\/v2\/media?parent=48515"}],"wp:term":[{"taxonomy":"post_tag","embeddable":true,"href":"https:\/\/iconproducts.com\/es\/wp-json\/wp\/v2\/tags?post=48515"},{"taxonomy":"wf_page_folders","embeddable":true,"href":"https:\/\/iconproducts.com\/es\/wp-json\/wp\/v2\/wf_page_folders?post=48515"}],"curies":[{"name":"wp","href":"https:\/\/api.w.org\/{rel}","templated":true}]}}