{"id":48516,"date":"2019-09-26T10:56:28","date_gmt":"2019-09-26T10:56:28","guid":{"rendered":"https:\/\/iconproducts.com\/?page_id=48516"},"modified":"2019-10-22T07:34:55","modified_gmt":"2019-10-22T07:34:55","slug":"mens-health-entrevista-a-jorge-rubin","status":"publish","type":"page","link":"https:\/\/iconproducts.com\/es\/mens-health-entrevista-a-jorge-rubin\/","title":{"rendered":"Men&#8217;s Health entrevista a Jorge Rub\u00edn"},"content":{"rendered":"<p>[vc_row][vc_column]<div class=\"dfd-spacer-module\"  data-units=\"px\" data-wide_resolution=\"1280\" data-wide_size=\"100\" data-normal_resolution=\"1024\" data-normal_size=\"100\" data-tablet_resolution=\"800\" data-tablet_size=\"80\" data-mobile_resolution=\"480\" data-mobile_size=\"50\" style=\"height: 100px;\"><\/div><div class=\"dfd-heading-shortcode\"><div class=\"dfd-heading-module-wrap  text-center style_01 dfd-heading-69d5be7338631 dfd-disable-resposive-headings\" id=\"dfd-heading-69d5be7338631\" ><div class=\"inline-block\"><div class=\"dfd-heading-module\"><h1 class=\"widget-title dfd-title \" style=\"\"><strong>Men&#8217;s Health<\/strong> entrevista a <strong>Jorge Rub\u00edn<\/strong><\/h1><div class=\"dfd-heading-delimiter\"><\/div><\/div><\/div><\/div><script type=\"text\/javascript\">\n\t\t\t\t\t\t\t\t\t(function($) {\n\t\t\t\t\t\t\t\t\t\t$(\"head\").append(\"<style>.dfd-heading-69d5be7338631.dfd-heading-module-wrap .dfd-heading-module .dfd-heading-delimiter {border-bottom-style:solid;border-bottom-width:1px;width:100px;border-bottom-color:#dddddd;}.dfd-heading-69d5be7338631.dfd-heading-module-wrap .dfd-heading-module .dfd-heading-delimiter {margin-top:10px;margin-bottom:10px;}<\/style>\");\n\t\t\t\t\t\t\t\t\t})(jQuery);\n\t\t\t\t\t\t\t\t<\/script><\/div><div class=\"dfd-spacer-module\"  data-units=\"px\" data-wide_resolution=\"1280\" data-wide_size=\"51\" data-normal_resolution=\"1024\" data-normal_size=\"51\" data-tablet_resolution=\"800\" data-tablet_size=\"51\" data-mobile_resolution=\"480\" data-mobile_size=\"51\" style=\"height: 51px;\"><\/div>[\/vc_column][\/vc_row][vc_row][vc_column width=\u00bb1\/2&#8243; css=\u00bb.vc_custom_1539168064893{padding-right: 2% !important;}\u00bb][vc_single_image image=\u00bb48538&#8243; img_size=\u00bbfull\u00bb alignment=\u00bbcenter\u00bb onclick=\u00bblink_image\u00bb]<div class=\"dfd-spacer-module\"  data-units=\"px\" data-wide_resolution=\"1280\" data-wide_size=\"51\" data-normal_resolution=\"1024\" data-normal_size=\"51\" data-tablet_resolution=\"800\" data-tablet_size=\"51\" data-mobile_resolution=\"480\" data-mobile_size=\"51\" style=\"height: 51px;\"><\/div>[\/vc_column][vc_column width=\u00bb1\/2&#8243; css=\u00bb.vc_custom_1539168069644{padding-left: 2% !important;}\u00bb][vc_column_text]<\/p>\n<h4 style=\"text-align: manteniendo;\">Los mejores cuidados para triunfar<\/h4>\n<p style=\"text-align: manteniendo;\"><strong>Jorge Rubi\u0301n<\/strong> es ceo de <strong>I.C.O.N.<\/strong>, una empresa de productos de cosme\u0301tica que nacio\u0301 en <strong>Los \u00c1ngeles<\/strong> como especialista en cuidado capilar y ha conquistado el mundo. Nos desvela algunos de sus mejores secretos.<\/p>\n<p style=\"text-align: justify;\">Estar viviendo a caballo entre <strong>Vigo<\/strong> y<strong> Los A\u0301ngeles<\/strong> no es fa\u0301cil. Pero hacerlo manteniendo, le ayuda a adema\u0301s de una agenda de mantener la ve\u0301rtigo, un buen aspecto, es rizar el rizo.<\/p>\n<p style=\"text-align: justify;\">De eso sabe un rato <strong>Jorge Rubi\u0301n<\/strong>, CEO de <strong>I.C.O.N.<\/strong> La empresa cosme\u0301tica que capitanea\u00a0 nacio\u0301 como experta en cuidado capilar hace 16 an\u0303os. Hoy posee una amplia gama de productos con los ingredientes ma\u0301s avanzados. Algunos de ellos, de hecho, forman parte del neceser que va con e\u0301l a todas partes. \u00bfCua\u0301les?<\/p>\n<p>[\/vc_column_text]<div class=\"dfd-spacer-module\"  data-units=\"px\" data-wide_resolution=\"1280\" data-wide_size=\"51\" data-normal_resolution=\"1024\" data-normal_size=\"51\" data-tablet_resolution=\"800\" data-tablet_size=\"51\" data-mobile_resolution=\"480\" data-mobile_size=\"51\" style=\"height: 51px;\"><\/div>[\/vc_column][\/vc_row][vc_row][vc_column][vc_column_text]<\/p>\n<h6 style=\"text-align: justify;\">Te mueves mucho por el mundo. \u00bfQu\u00e9 tres productos no faltan nunca en tu neceser de viaje?<\/h6>\n<p style=\"text-align: justify;\">Soy una persona a la que le gusta cuidarse. Por eso trato de llevar mis productos preferidos all\u00e1 donde vaya. Entre ellos suelo contar con <strong>Mr. A Shampoo<\/strong> y <strong>Elixir<\/strong>, para mi cuero cabelludo y cabello, manteni\u00e9ndolo sano y fortalecido, y <strong>Mr. A Shave The Cream<\/strong>, que deja mi piel hidratada y me facilita un afeitado impecable.<\/p>\n<h6 style=\"text-align: justify;\">Y en los hoteles, \u00bfqu\u00e9 amenities son las que m\u00e1s valoras?<\/h6>\n<p style=\"text-align: justify;\">La amenitie m\u00e1s importante para m\u00ed es un gimnasio bien equipado. Practico deporte a diario y cuando estoy de viaje no quiero dejar esta rutina, por lo que es fundamental que el hotel donde me aloje disponga de un buen gimnasio donde pueda realizar mis ejercicios.<\/p>\n<h6 style=\"text-align: justify;\">\u00bfAlg\u00fan ritual casero antes de emprender un vuelo de larga distancia?<\/h6>\n<p style=\"text-align: justify;\">Me mantengo hidratado bebiendo mucha agua antes y durante el vuelo. Es importante preparar la piel antes de emprender el vuelo. Conviene limpiarla y aplicar hidrataci\u00f3n, por lo que siempre me aseguro de proteger mi piel con <strong>Mr. A The Balm<\/strong>. El d\u00eda que voy a realizar un viaje largo, adem\u00e1s de mi rutina diaria de ejercicios, me intensifico con una sesi\u00f3n de yoga para que todos mis m\u00fasculos vayan estirados y relajados.<\/p>\n<h6 style=\"text-align: justify;\">\u00bfQu\u00e9 producto recomendar\u00edas a un hombre joven que nunca ha probado la cosm\u00e9tica?<\/h6>\n<p style=\"text-align: justify;\">Le recomendar\u00eda <strong>Mr. A Pomades<\/strong>, ya que les permitir\u00e1 crear muchos estilos diferentes en su cabello. Looks con movimiento, efecto mojado, fijaci\u00f3n fuerte, crear estructura&#8230;. Por otra parte, siempre est\u00e1 bien utilizar un b\u00e1lsamo facial o after shave para tener un rostro bien cuidado.<\/p>\n<h6 style=\"text-align: justify;\">En la bolsa del gimnasio de un hombre no deber\u00eda faltar&#8230;<\/h6>\n<p style=\"text-align: justify;\">Un champ\u00fa que se pueda utilizar como gel de ba\u00f1o y una crema hidratante para la piel. Para el organismo, una bebida isot\u00f3nica para recuperar sales minerales despu\u00e9s del ejercicio, y una botella de agua con electrolitos. Tambi\u00e9n una dosis de prote\u00edna y unos buenos auriculares.<\/p>\n<h6 style=\"text-align: justify;\">Como en el \u00e9xito, mantenerse con la edad es incluso m\u00e1s dif\u00edcil que llegar. \u00bfAlg\u00fan truco para hombres en los 40?<\/h6>\n<p style=\"text-align: justify;\">\u00a1No hay ning\u00fan truco! Lo que debe tener el hombre es una buena disciplina alimenticia, de ejercicio y mental. Seguir los consejos de un buen nutricionista, controles m\u00e9dicos temporales para saber que el organismo est\u00e1 en forma, un entrenador personal y mantenerse al d\u00eda mentalmente para poder seguir activo en su profesi\u00f3n. Es importante utilizar productos que contengan ingredientes naturales.<\/p>\n<h6 style=\"text-align: justify;\">Barba, \u00bfs\u00ed o no?<\/h6>\n<p style=\"text-align: justify;\">Personalmente sin barba, pero un hombre con una barba bien cuidada se convierte en un sello de identidad para su imagen. En ocasiones sirve para mostrarse m\u00e1s atractivo y en otras circunstancias para disimular imperfecciones en el rostro. Sea cual sea la elecci\u00f3n, lo importante es tener una barba cuidada o un rostro bien afeitado e hidratado.<\/p>\n<h6 style=\"text-align: justify;\">\u00bfC\u00f3mo se puede proteger la piel de la contaminaci\u00f3n?<\/h6>\n<p style=\"text-align: justify;\">Es importante utilizar productos con ingredientes naturales, con antioxidantes que combatan los radicales libres y regeneren el propio sistema de defensa de la piel. Tambi\u00e9n utilizar hidratantes para evitar la sensaci\u00f3n de tirantez y sequedad que produce el ambiente contaminado. E inhibidores solares naturales.<\/p>\n<p><strong>LA GUINDA: \u00bfLo mejor para conseguir un look perfecto? <\/strong><\/p>\n<blockquote><p>En realidad, todo va unido; es un conjunto donde debe haber equilibrio. Uno debe mantenerse sano por dentro y tambie\u0301n por fuera, practicando deportedemaneraregulary siguiendo una alimentacio\u0301n sana y variada. Al final, eso se termina notando. Y, por supuesto, una buena dosis de autoconfianza.<\/p><\/blockquote>\n<p>[\/vc_column_text][\/vc_column][\/vc_row][vc_row][vc_column]<div class=\"dfd-spacer-module\"  data-units=\"px\" data-wide_resolution=\"1280\" data-wide_size=\"51\" data-normal_resolution=\"1024\" data-normal_size=\"51\" data-tablet_resolution=\"800\" data-tablet_size=\"51\" data-mobile_resolution=\"480\" data-mobile_size=\"51\" style=\"height: 51px;\"><\/div>[\/vc_column][\/vc_row][vc_row][vc_column]<div id=\"dfd-button-69d5be7338887\" class=\"dfd-button-module-wrap dfd-button-69d5be7338887\"><div class=\"dfd-button-module  style_3 dfd-button-full-width text-center dfd-horizontal dfd-top-to-bottom dfd-button-icon-left dfd-button-icon-hover-simple\" ><a href=\"https:\/\/iconproducts.com\/es\/the-company\/entrevistas-a-jorge-rubin\/\"title=\"VOLVER\" class=\"dfd-button-link\"><span class=\"dfd-button-inner-cover\"><span class=\"dfd-button-text-main\"><i class=\"dfd-icon-right_6\"><\/i>VOLVER<\/span><\/span><\/a><\/div><script type=\"text\/javascript\">\n\t\t\t\t\t\t\t\t\t(function($) {$(\"head\").append(\"<style>#dfd-button-69d5be7338887.dfd-button-module-wrap .dfd-button-module .dfd-button-link .dfd-button-inner-cover span i, .dfd-button-69d5be7338887.dfd-button-module-wrap .dfd-button-module .dfd-button-link .dfd-button-inner-cover span i {font-size: 18px;}#dfd-button-69d5be7338887.dfd-button-module-wrap .dfd-button-module .dfd-button-link .dfd-button-inner-cover .dfd-button-text-main,.dfd-button-69d5be7338887.dfd-button-module-wrap .dfd-button-module .dfd-button-link .dfd-button-inner-cover .dfd-button-text-main {color: #ffffff}#dfd-button-69d5be7338887.dfd-button-module-wrap .dfd-button-module .dfd-button-link .dfd-button-inner-cover,.dfd-button-69d5be7338887.dfd-button-module-wrap .dfd-button-module .dfd-button-link .dfd-button-border-decoration,.dfd-button-69d5be7338887.dfd-button-module-wrap .dfd-button-module .dfd-button-link .dfd-button-inner-cover {border-radius:2px;}#dfd-button-69d5be7338887.dfd-button-module-wrap .dfd-button-module:not(.style_4) .dfd-button-link .dfd-button-inner-cover:before,#dfd-button-69d5be7338887.dfd-button-module-wrap .dfd-button-module.style_4 .dfd-button-link .dfd-button-inner-cover:after,#dfd-button-69d5be7338887.dfd-button-module-wrap .dfd-button-module.style_6 .dfd-button-link .dfd-button-inner-cover .dfd-button-text-main,.dfd-button-69d5be7338887.dfd-button-module-wrap .dfd-button-module:not(.style_4) .dfd-button-link .dfd-button-inner-cover:before,.dfd-button-69d5be7338887.dfd-button-module-wrap .dfd-button-module.style_4 .dfd-button-link .dfd-button-inner-cover:after,.dfd-button-69d5be7338887.dfd-button-module-wrap .dfd-button-module.style_6 .dfd-button-link .dfd-button-inner-cover .dfd-button-text-main {background: #1b1b1b;border-style:none;border-width:1px;border-radius:2px;border-color:#1b1b1b;}#dfd-button-69d5be7338887.dfd-button-module-wrap .dfd-button-module:not(.style_6) .dfd-button-link:hover .dfd-button-inner-cover .dfd-button-text-main,#dfd-button-69d5be7338887.dfd-button-module-wrap .dfd-button-module .dfd-button-link .dfd-button-inner-cover .dfd-button-text-hover,.dfd-button-69d5be7338887.dfd-button-module-wrap .dfd-button-module:not(.style_6) .dfd-button-link:hover .dfd-button-inner-cover .dfd-button-text-main,.dfd-button-69d5be7338887.dfd-button-module-wrap .dfd-button-module .dfd-button-link .dfd-button-inner-cover .dfd-button-text-hover {color: #000000;}#dfd-button-69d5be7338887.dfd-button-module-wrap .dfd-button-module .dfd-button-link:hover .dfd-button-inner-cover,.dfd-button-69d5be7338887.dfd-button-module-wrap .dfd-button-module .dfd-button-link:hover .dfd-button-border-decoration,.dfd-button-69d5be7338887.dfd-button-module-wrap .dfd-button-module .dfd-button-link:hover .dfd-button-inner-cover {border-radius:2px;}#dfd-button-69d5be7338887.dfd-button-module-wrap .dfd-button-module:not(.style_4) .dfd-button-link .dfd-button-inner-cover:after,#dfd-button-69d5be7338887.dfd-button-module-wrap .dfd-button-module.style_4 .dfd-button-link .dfd-button-inner-cover:before,#dfd-button-69d5be7338887.dfd-button-module-wrap .dfd-button-module .dfd-button-link .dfd-button-inner-cover .dfd-button-text-hover .dfd-button-69d5be7338887.dfd-button-module-wrap .dfd-button-module:not(.style_4) .dfd-button-link .dfd-button-inner-cover:after,.dfd-button-69d5be7338887.dfd-button-module-wrap .dfd-button-module.style_4 .dfd-button-link .dfd-button-inner-cover:before,.dfd-button-69d5be7338887.dfd-button-module-wrap .dfd-button-module .dfd-button-link .dfd-button-inner-cover .dfd-button-text-hover {background: #ffffff;border-style:solid;border-width:1px;border-radius:2px;border-color:#000000;}#dfd-button-69d5be7338887.dfd-button-module-wrap .dfd-button-module.style_3 .dfd-button-link:hover .dfd-button-inner-cover:before,#dfd-button-69d5be7338887.dfd-button-module-wrap .dfd-button-module.style_4 .dfd-button-link:hover .dfd-button-inner-cover:before,.dfd-button-69d5be7338887.dfd-button-module-wrap .dfd-button-module.style_3 .dfd-button-link:hover .dfd-button-inner-cover:before,.dfd-button-69d5be7338887.dfd-button-module-wrap .dfd-button-module.style_4 .dfd-button-link:hover .dfd-button-inner-cover:before {border-style:solid;border-width:1px;border-radius:2px;border-color:#000000;}#dfd-button-69d5be7338887.dfd-button-module-wrap .dfd-button-module .dfd-button-link .dfd-button-inner-cover .dfd-button-text-main i,.dfd-button-69d5be7338887.dfd-button-module-wrap .dfd-button-module .dfd-button-link .dfd-button-inner-cover .dfd-button-text-main i {color: #ffffff;}#dfd-button-69d5be7338887.dfd-button-module-wrap .dfd-button-module .dfd-button-link:hover .dfd-button-inner-cover .dfd-button-text-main i,.dfd-button-69d5be7338887.dfd-button-module-wrap .dfd-button-module .dfd-button-link:hover .dfd-button-inner-cover .dfd-button-text-main i {color: #3b55e6;}<\/style>\")\n\t\t\t\t\t\t\t\t\t})(jQuery);\n\t\t\t\t\t\t\t\t<\/script><\/div><div class=\"dfd-spacer-module\"  data-units=\"px\" data-wide_resolution=\"1280\" data-wide_size=\"51\" data-normal_resolution=\"1024\" data-normal_size=\"51\" data-tablet_resolution=\"800\" data-tablet_size=\"51\" data-mobile_resolution=\"480\" data-mobile_size=\"51\" style=\"height: 51px;\"><\/div><div class=\"dfd-spacer-module\"  data-units=\"px\" data-wide_resolution=\"1280\" data-wide_size=\"51\" data-normal_resolution=\"1024\" data-normal_size=\"51\" data-tablet_resolution=\"800\" data-tablet_size=\"51\" data-mobile_resolution=\"480\" data-mobile_size=\"51\" style=\"height: 51px;\"><\/div>[\/vc_column][\/vc_row]<\/p>\n","protected":false},"excerpt":{"rendered":"<p>[vc_row][vc_column][\/vc_column][\/vc_row][vc_row][vc_column width=\u00bb1\/2&#8243; css=\u00bb.vc_custom_1539168064893{padding-right: 2% !important;}\u00bb][vc_single_image image=\u00bb48538&#8243; img_size=\u00bbfull\u00bb alignment=\u00bbcenter\u00bb onclick=\u00bblink_image\u00bb][\/vc_column][vc_column width=\u00bb1\/2&#8243; css=\u00bb.vc_custom_1539168069644{padding-left: 2% !important;}\u00bb][vc_column_text] Los mejores cuidados para triunfar Jorge Rubi\u0301n es ceo de I.C.O.N., una empresa de productos de cosme\u0301tica<\/p>\n","protected":false},"author":1,"featured_media":48538,"parent":0,"menu_order":0,"comment_status":"closed","ping_status":"closed","template":"page-custom-with-header.php","meta":{"_acf_changed":false,"footnotes":""},"tags":[],"wf_page_folders":[],"class_list":["post-48516","page","type-page","status-publish","has-post-thumbnail","hentry"],"acf":[],"yoast_head":"<!-- This site is optimized with the Yoast SEO plugin v27.0 - https:\/\/yoast.com\/product\/yoast-seo-wordpress\/ -->\n<title>Men&#039;s Health entrevista a Jorge Rub\u00edn | I.C.O.N. Products<\/title>\n<meta name=\"robots\" content=\"index, follow, max-snippet:-1, max-image-preview:large, max-video-preview:-1\" \/>\n<link rel=\"canonical\" href=\"https:\/\/iconproducts.com\/es\/mens-health-entrevista-a-jorge-rubin\/\" \/>\n<meta property=\"og:locale\" content=\"es_ES\" \/>\n<meta property=\"og:type\" content=\"article\" \/>\n<meta property=\"og:title\" content=\"Men&#039;s Health entrevista a Jorge Rub\u00edn | I.C.O.N. Products\" \/>\n<meta property=\"og:description\" content=\"[vc_row][vc_column][\/vc_column][\/vc_row][vc_row][vc_column width=\u00bb1\/2&#8243; css=\u00bb.vc_custom_1539168064893{padding-right: 2% !important;}\u00bb][vc_single_image image=\u00bb48538&#8243; img_size=\u00bbfull\u00bb alignment=\u00bbcenter\u00bb onclick=\u00bblink_image\u00bb][\/vc_column][vc_column width=\u00bb1\/2&#8243; css=\u00bb.vc_custom_1539168069644{padding-left: 2% !important;}\u00bb][vc_column_text] Los mejores cuidados para triunfar Jorge Rubi\u0301n es ceo de I.C.O.N., una empresa de productos de cosme\u0301tica\" \/>\n<meta property=\"og:url\" content=\"https:\/\/iconproducts.com\/es\/mens-health-entrevista-a-jorge-rubin\/\" \/>\n<meta property=\"og:site_name\" content=\"I.C.O.N. Products\" \/>\n<meta property=\"article:publisher\" content=\"https:\/\/www.facebook.com\/iconproducts.spain\" \/>\n<meta property=\"article:modified_time\" content=\"2019-10-22T07:34:55+00:00\" \/>\n<meta property=\"og:image\" content=\"https:\/\/iconproducts.com\/wp-content\/uploads\/2019\/09\/mens-health-entrevista-jorge-rubin-01.jpg\" \/>\n\t<meta property=\"og:image:width\" content=\"1920\" \/>\n\t<meta property=\"og:image:height\" content=\"1080\" \/>\n\t<meta property=\"og:image:type\" content=\"image\/jpeg\" \/>\n<meta name=\"twitter:card\" content=\"summary_large_image\" \/>\n<script type=\"application\/ld+json\" class=\"yoast-schema-graph\">{\"@context\":\"https:\/\/schema.org\",\"@graph\":[{\"@type\":\"WebPage\",\"@id\":\"https:\/\/iconproducts.com\/es\/mens-health-entrevista-a-jorge-rubin\/\",\"url\":\"https:\/\/iconproducts.com\/es\/mens-health-entrevista-a-jorge-rubin\/\",\"name\":\"Men's Health entrevista a Jorge Rub\u00edn | I.C.O.N. Products\",\"isPartOf\":{\"@id\":\"https:\/\/iconproducts.com\/es\/#website\"},\"primaryImageOfPage\":{\"@id\":\"https:\/\/iconproducts.com\/es\/mens-health-entrevista-a-jorge-rubin\/#primaryimage\"},\"image\":{\"@id\":\"https:\/\/iconproducts.com\/es\/mens-health-entrevista-a-jorge-rubin\/#primaryimage\"},\"thumbnailUrl\":\"https:\/\/iconproducts.com\/wp-content\/uploads\/2019\/09\/mens-health-entrevista-jorge-rubin-01.jpg\",\"datePublished\":\"2019-09-26T10:56:28+00:00\",\"dateModified\":\"2019-10-22T07:34:55+00:00\",\"breadcrumb\":{\"@id\":\"https:\/\/iconproducts.com\/es\/mens-health-entrevista-a-jorge-rubin\/#breadcrumb\"},\"inLanguage\":\"es\",\"potentialAction\":[{\"@type\":\"ReadAction\",\"target\":[\"https:\/\/iconproducts.com\/es\/mens-health-entrevista-a-jorge-rubin\/\"]}]},{\"@type\":\"ImageObject\",\"inLanguage\":\"es\",\"@id\":\"https:\/\/iconproducts.com\/es\/mens-health-entrevista-a-jorge-rubin\/#primaryimage\",\"url\":\"https:\/\/iconproducts.com\/wp-content\/uploads\/2019\/09\/mens-health-entrevista-jorge-rubin-01.jpg\",\"contentUrl\":\"https:\/\/iconproducts.com\/wp-content\/uploads\/2019\/09\/mens-health-entrevista-jorge-rubin-01.jpg\",\"width\":1920,\"height\":1080},{\"@type\":\"BreadcrumbList\",\"@id\":\"https:\/\/iconproducts.com\/es\/mens-health-entrevista-a-jorge-rubin\/#breadcrumb\",\"itemListElement\":[{\"@type\":\"ListItem\",\"position\":1,\"name\":\"I.C.O.N. Products\",\"item\":\"https:\/\/iconproducts.com\/es\/\"},{\"@type\":\"ListItem\",\"position\":2,\"name\":\"Men&#8217;s Health entrevista a Jorge Rub\u00edn\"}]},{\"@type\":\"WebSite\",\"@id\":\"https:\/\/iconproducts.com\/es\/#website\",\"url\":\"https:\/\/iconproducts.com\/es\/\",\"name\":\"I.C.O.N. Products\",\"description\":\"Productos de peluquer\u00eda\",\"publisher\":{\"@id\":\"https:\/\/iconproducts.com\/es\/#organization\"},\"potentialAction\":[{\"@type\":\"SearchAction\",\"target\":{\"@type\":\"EntryPoint\",\"urlTemplate\":\"https:\/\/iconproducts.com\/es\/?s={search_term_string}\"},\"query-input\":{\"@type\":\"PropertyValueSpecification\",\"valueRequired\":true,\"valueName\":\"search_term_string\"}}],\"inLanguage\":\"es\"},{\"@type\":\"Organization\",\"@id\":\"https:\/\/iconproducts.com\/es\/#organization\",\"name\":\"I.C.O.N. Products\",\"url\":\"https:\/\/iconproducts.com\/es\/\",\"logo\":{\"@type\":\"ImageObject\",\"inLanguage\":\"es\",\"@id\":\"https:\/\/iconproducts.com\/es\/#\/schema\/logo\/image\/\",\"url\":\"https:\/\/iconproducts.com\/wp-content\/uploads\/2018\/08\/logo-icon-1.jpg\",\"contentUrl\":\"https:\/\/iconproducts.com\/wp-content\/uploads\/2018\/08\/logo-icon-1.jpg\",\"width\":1000,\"height\":1000,\"caption\":\"I.C.O.N. Products\"},\"image\":{\"@id\":\"https:\/\/iconproducts.com\/es\/#\/schema\/logo\/image\/\"},\"sameAs\":[\"https:\/\/www.facebook.com\/iconproducts.spain\",\"https:\/\/www.instagram.com\/iconspain\/\",\"https:\/\/www.youtube.com\/channel\/UCw0myea3fiZRsj72sNBnMqQ\"]}]}<\/script>\n<!-- \/ Yoast SEO plugin. -->","yoast_head_json":{"title":"Men's Health entrevista a Jorge Rub\u00edn | I.C.O.N. Products","robots":{"index":"index","follow":"follow","max-snippet":"max-snippet:-1","max-image-preview":"max-image-preview:large","max-video-preview":"max-video-preview:-1"},"canonical":"https:\/\/iconproducts.com\/es\/mens-health-entrevista-a-jorge-rubin\/","og_locale":"es_ES","og_type":"article","og_title":"Men's Health entrevista a Jorge Rub\u00edn | I.C.O.N. Products","og_description":"[vc_row][vc_column][\/vc_column][\/vc_row][vc_row][vc_column width=\u00bb1\/2&#8243; css=\u00bb.vc_custom_1539168064893{padding-right: 2% !important;}\u00bb][vc_single_image image=\u00bb48538&#8243; img_size=\u00bbfull\u00bb alignment=\u00bbcenter\u00bb onclick=\u00bblink_image\u00bb][\/vc_column][vc_column width=\u00bb1\/2&#8243; css=\u00bb.vc_custom_1539168069644{padding-left: 2% !important;}\u00bb][vc_column_text] Los mejores cuidados para triunfar Jorge Rubi\u0301n es ceo de I.C.O.N., una empresa de productos de cosme\u0301tica","og_url":"https:\/\/iconproducts.com\/es\/mens-health-entrevista-a-jorge-rubin\/","og_site_name":"I.C.O.N. Products","article_publisher":"https:\/\/www.facebook.com\/iconproducts.spain","article_modified_time":"2019-10-22T07:34:55+00:00","og_image":[{"width":1920,"height":1080,"url":"https:\/\/iconproducts.com\/wp-content\/uploads\/2019\/09\/mens-health-entrevista-jorge-rubin-01.jpg","type":"image\/jpeg"}],"twitter_card":"summary_large_image","schema":{"@context":"https:\/\/schema.org","@graph":[{"@type":"WebPage","@id":"https:\/\/iconproducts.com\/es\/mens-health-entrevista-a-jorge-rubin\/","url":"https:\/\/iconproducts.com\/es\/mens-health-entrevista-a-jorge-rubin\/","name":"Men's Health entrevista a Jorge Rub\u00edn | I.C.O.N. Products","isPartOf":{"@id":"https:\/\/iconproducts.com\/es\/#website"},"primaryImageOfPage":{"@id":"https:\/\/iconproducts.com\/es\/mens-health-entrevista-a-jorge-rubin\/#primaryimage"},"image":{"@id":"https:\/\/iconproducts.com\/es\/mens-health-entrevista-a-jorge-rubin\/#primaryimage"},"thumbnailUrl":"https:\/\/iconproducts.com\/wp-content\/uploads\/2019\/09\/mens-health-entrevista-jorge-rubin-01.jpg","datePublished":"2019-09-26T10:56:28+00:00","dateModified":"2019-10-22T07:34:55+00:00","breadcrumb":{"@id":"https:\/\/iconproducts.com\/es\/mens-health-entrevista-a-jorge-rubin\/#breadcrumb"},"inLanguage":"es","potentialAction":[{"@type":"ReadAction","target":["https:\/\/iconproducts.com\/es\/mens-health-entrevista-a-jorge-rubin\/"]}]},{"@type":"ImageObject","inLanguage":"es","@id":"https:\/\/iconproducts.com\/es\/mens-health-entrevista-a-jorge-rubin\/#primaryimage","url":"https:\/\/iconproducts.com\/wp-content\/uploads\/2019\/09\/mens-health-entrevista-jorge-rubin-01.jpg","contentUrl":"https:\/\/iconproducts.com\/wp-content\/uploads\/2019\/09\/mens-health-entrevista-jorge-rubin-01.jpg","width":1920,"height":1080},{"@type":"BreadcrumbList","@id":"https:\/\/iconproducts.com\/es\/mens-health-entrevista-a-jorge-rubin\/#breadcrumb","itemListElement":[{"@type":"ListItem","position":1,"name":"I.C.O.N. Products","item":"https:\/\/iconproducts.com\/es\/"},{"@type":"ListItem","position":2,"name":"Men&#8217;s Health entrevista a Jorge Rub\u00edn"}]},{"@type":"WebSite","@id":"https:\/\/iconproducts.com\/es\/#website","url":"https:\/\/iconproducts.com\/es\/","name":"I.C.O.N. Products","description":"Productos de peluquer\u00eda","publisher":{"@id":"https:\/\/iconproducts.com\/es\/#organization"},"potentialAction":[{"@type":"SearchAction","target":{"@type":"EntryPoint","urlTemplate":"https:\/\/iconproducts.com\/es\/?s={search_term_string}"},"query-input":{"@type":"PropertyValueSpecification","valueRequired":true,"valueName":"search_term_string"}}],"inLanguage":"es"},{"@type":"Organization","@id":"https:\/\/iconproducts.com\/es\/#organization","name":"I.C.O.N. Products","url":"https:\/\/iconproducts.com\/es\/","logo":{"@type":"ImageObject","inLanguage":"es","@id":"https:\/\/iconproducts.com\/es\/#\/schema\/logo\/image\/","url":"https:\/\/iconproducts.com\/wp-content\/uploads\/2018\/08\/logo-icon-1.jpg","contentUrl":"https:\/\/iconproducts.com\/wp-content\/uploads\/2018\/08\/logo-icon-1.jpg","width":1000,"height":1000,"caption":"I.C.O.N. Products"},"image":{"@id":"https:\/\/iconproducts.com\/es\/#\/schema\/logo\/image\/"},"sameAs":["https:\/\/www.facebook.com\/iconproducts.spain","https:\/\/www.instagram.com\/iconspain\/","https:\/\/www.youtube.com\/channel\/UCw0myea3fiZRsj72sNBnMqQ"]}]}},"_links":{"self":[{"href":"https:\/\/iconproducts.com\/es\/wp-json\/wp\/v2\/pages\/48516","targetHints":{"allow":["GET"]}}],"collection":[{"href":"https:\/\/iconproducts.com\/es\/wp-json\/wp\/v2\/pages"}],"about":[{"href":"https:\/\/iconproducts.com\/es\/wp-json\/wp\/v2\/types\/page"}],"author":[{"embeddable":true,"href":"https:\/\/iconproducts.com\/es\/wp-json\/wp\/v2\/users\/1"}],"replies":[{"embeddable":true,"href":"https:\/\/iconproducts.com\/es\/wp-json\/wp\/v2\/comments?post=48516"}],"version-history":[{"count":0,"href":"https:\/\/iconproducts.com\/es\/wp-json\/wp\/v2\/pages\/48516\/revisions"}],"wp:featuredmedia":[{"embeddable":true,"href":"https:\/\/iconproducts.com\/es\/wp-json\/wp\/v2\/media\/48538"}],"wp:attachment":[{"href":"https:\/\/iconproducts.com\/es\/wp-json\/wp\/v2\/media?parent=48516"}],"wp:term":[{"taxonomy":"post_tag","embeddable":true,"href":"https:\/\/iconproducts.com\/es\/wp-json\/wp\/v2\/tags?post=48516"},{"taxonomy":"wf_page_folders","embeddable":true,"href":"https:\/\/iconproducts.com\/es\/wp-json\/wp\/v2\/wf_page_folders?post=48516"}],"curies":[{"name":"wp","href":"https:\/\/api.w.org\/{rel}","templated":true}]}}