{"id":92761,"date":"2022-08-24T13:29:03","date_gmt":"2022-08-24T11:29:03","guid":{"rendered":"https:\/\/iconproducts.com\/?page_id=92761"},"modified":"2022-08-24T16:02:56","modified_gmt":"2022-08-24T14:02:56","slug":"medium-entrevista-a-chiara","status":"publish","type":"page","link":"https:\/\/iconproducts.com\/es\/medium-entrevista-a-chiara\/","title":{"rendered":"Medium entrevista a Chiara"},"content":{"rendered":"<p>[vc_row][vc_column][vc_column_text]<\/p>\n<div class=\"\">\n<h1>Chiara de I.C.O.N.: Cinco cosas que debes saber para triunfar en la industria de la belleza de hoy en d\u00eda<\/h1>\n<div class=\"\">\n<p><strong><span style=\"color: #999999;\">Una entrevista de Jilea Hemmings<\/span><\/strong><\/p>\n<table style=\"border: 0px;\">\n<tbody>\n<tr>\n<td>\n<h5><em><img fetchpriority=\"high\" decoding=\"async\" class=\" wp-image-92797 alignleft\" src=\"https:\/\/iconproducts.com\/wp-content\/uploads\/2022\/08\/1_l1Jymayywp1-0akXwGi4dw-1024x682.jpg\" alt=\"\" width=\"729\" height=\"486\" srcset=\"https:\/\/iconproducts.com\/wp-content\/uploads\/2022\/08\/1_l1Jymayywp1-0akXwGi4dw-1024x682.jpg 1024w, https:\/\/iconproducts.com\/wp-content\/uploads\/2022\/08\/1_l1Jymayywp1-0akXwGi4dw-500x333.jpg 500w, https:\/\/iconproducts.com\/wp-content\/uploads\/2022\/08\/1_l1Jymayywp1-0akXwGi4dw-300x200.jpg 300w, https:\/\/iconproducts.com\/wp-content\/uploads\/2022\/08\/1_l1Jymayywp1-0akXwGi4dw-768x511.jpg 768w, https:\/\/iconproducts.com\/wp-content\/uploads\/2022\/08\/1_l1Jymayywp1-0akXwGi4dw.jpg 1400w\" sizes=\"(max-width: 729px) 100vw, 729px\" \/><\/em><\/h5>\n<h5><\/h5>\n<blockquote>\n<h5><em>La primera cosa que puedo compartir para lograr el \u00e9xito en la industria de la belleza es asegurarte de estar bien formado. La segunda es asegurarte de estar bien informado y seguir reinvent\u00e1ndote, pero manteni\u00e9ndote siempre fiel a tus principios. La tercera ser\u00eda ser persistente. No es un camino f\u00e1cil, pero se puede conseguir con determinaci\u00f3n. En cuarto lugar, las nuevas generaciones tienen nuevas exigencias, y hay que adaptarse y adelantarse a ellas. Por \u00faltimo, tener una mente muy abierta y ser muy flexible.<\/em><\/h5>\n<\/blockquote>\n<\/td>\n<\/tr>\n<\/tbody>\n<\/table>\n<\/div>\n<\/div>\n<div class=\"o dy ll lm ie ln\" style=\"text-align: center;\" role=\"separator\">\n<hr \/>\n<p>&nbsp;<\/p>\n<\/div>\n<div class=\"o dy ll lm ie ln\" style=\"text-align: center;\" role=\"separator\"><strong><em>Como parte de nuestra secci\u00f3n sobre \u00abCinco cosas que debes saber para tener \u00e9xito en la industria de la belleza de hoy en d\u00eda\u00bb, tuve el placer de entrevistar a Chiara, cofundadora y directora creativa de I.C.O.N.<\/em><\/strong><\/div>\n<div class=\"o dy ll lm ie ln\" role=\"separator\">\n<p class=\"p5\" style=\"text-align: center;\"><strong><em><span class=\"s3\">Chiara comenz\u00f3 como artista internacional y r\u00e1pidamente encontr\u00f3 su verdadera pasi\u00f3n en la investigaci\u00f3n y el desarrollo de productos. Encontrar nuevos ingredientes e infundirlos con ideas innovadoras se convirti\u00f3 en su verdadera misi\u00f3n: cambiar la industria del cabello. En Los \u00c1ngeles, Chiara trabaja con pasi\u00f3n para mantener y desarrollar la perfecci\u00f3n de los productos, realizando pruebas para garantizar que las f\u00f3rmulas nuevas y actuales superen las expectativas. La pasi\u00f3n y la creatividad de Chiara definen realmente el mensaje, el esp\u00edritu y el alma de I.C.O.N.<\/span><\/em><\/strong><\/p>\n<hr \/>\n<p>&nbsp;<\/p>\n<h6 class=\"p5\"><span class=\"s3\"><b>\u00a1Muchas gracias por hacer esto con nosotros! Antes de comenzar, a nuestros lectores les gustar\u00eda saber un poco m\u00e1s sobre ti. \u00bfPuedes contarnos una historia sobre lo que te llev\u00f3 a este camino profesional espec\u00edfico?<\/b><\/span><\/h6>\n<p class=\"p5\"><span class=\"s3\">Tuve dos momentos clave en mi vida profesional. El primero fue cuando termin\u00e9 la escuela de belleza y solicit\u00e9 un puesto en Cassandra 2000, era el sal\u00f3n m\u00e1s de moda en ese momento, situado en San Fernando Valley y propiedad de Sebastian. Estaba muy nerviosa. Tuve que llevar un modelo y hacer un cambio de imagen total y acab\u00e9 consiguiendo el trabajo.<\/span><\/p>\n<p class=\"p5\"><span class=\"s3\">Me asignaron a trabajar con dos estilistas incre\u00edbles. Me convert\u00ed en su asistente principal y trabaj\u00e9 con todo el equipo durante m\u00e1s de un a\u00f1o. Mi formaci\u00f3n fue incre\u00edble. Una vez me ascendieron a estilista necesitaba m\u00e1s, as\u00ed que empec\u00e9 como educadora. A los pocos meses recib\u00ed una llamada para trabajar con el propietario de Sebastian en el departamento de I+D.<\/span><\/p>\n<p class=\"p5\"><span class=\"s3\">Mi segundo momento profesional m\u00e1s importante fue encontrar mi verdadera pasi\u00f3n: el desarrollo de productos. Trabajando con qu\u00edmicos y creando productos como Laminates, Color-Shines y la l\u00ednea Shaper Slip. Productos que tuvieron un gran \u00e9xito en su momento. Aunque me encantan los productos, no pod\u00eda renunciar a la conexi\u00f3n con el cliente; hoy en d\u00eda, sigo teniendo esa conexi\u00f3n en mi propio sal\u00f3n; I.C.O.N. Salon lab.<\/span><\/p>\n<h6 class=\"p5\"><span class=\"s3\"><b>\u00bfPuedes compartir la an\u00e9cdota m\u00e1s interesante que te haya ocurrido desde que comenz\u00f3 tu carrera?<\/b><\/span><\/h6>\n<p class=\"p5\"><span class=\"s3\">He encontrado mi verdadero amor. Me emociona, me motiva para crear m\u00e1s y nunca me defrauda. Mis productos me han aportado \u00e9xito personal y profesional.<\/span><\/p>\n<h6 class=\"p5\"><span class=\"s3\"><b>\u00bfEres capaz de identificar un \u00abpunto de inflexi\u00f3n\u00bb en tu carrera cuando empezaste a tener \u00e9xito? \u00bfEmpezaste a hacer algo diferente? \u00bfHay lecciones que otros puedan aprender de ello?<\/b><\/span><\/h6>\n<p class=\"p5\"><span class=\"s3\">Mi punto de inflexi\u00f3n fue cuando conoc\u00ed a Jorge Rub\u00edn; su visi\u00f3n del negocio y mi visi\u00f3n del desarrollo de productos fueron una conexi\u00f3n instant\u00e1nea. Juntos lanzamos la l\u00ednea I.C.O.N. La conclusi\u00f3n es seguir tus sue\u00f1os con una visi\u00f3n clara, crear una necesidad para el producto, independientemente de lo que sea, y asegurarse de que sea de alto standard, lo que hace que el consumidor vuelva. Esto cambi\u00f3 mi vida y mi carrera.<\/span><\/p>\n<h6 class=\"p5\"><span class=\"s3\"><b>Ninguno de nosotros es capaz de alcanzar el \u00e9xito sin alguna ayuda en el camino. \u00bfHay alguna persona en particular a la que est\u00e9s agradecida que te haya ayudado a llegar a donde est\u00e1s? \u00bfPuedes compartir una historia al respecto?<\/b><\/span><\/h6>\n<p class=\"p5\"><span class=\"s3\">Mi socio Jorge Rub\u00edn, el fundador de I.C.O.N. ha sido mi fuerza y mi gur\u00fa. Nuestra fuerza conjunta nos ha permitido crear una empresa innovadora, con un fuerte sentido del negocio. No s\u00f3lo fomenta cualquier idea nueva, sino que me reta a pensar de forma innovadora.<\/span><\/p>\n<p class=\"p5\"><span class=\"s3\">Juntos hemos creado una empresa con el equilibrio perfecto entre la innovaci\u00f3n de productos y un fuerte enfoque en el desarrollo de negocios.<\/span><\/p>\n<h6 class=\"p5\"><span class=\"s3\"><b>Muy bien. Pasemos ahora a la parte principal de nuestro debate. La industria mundial de la belleza ha crecido hasta convertirse en un negocio de m\u00e1s de medio bill\u00f3n de d\u00f3lares. \u00bfPuedes hablarnos de las innovaciones que est\u00e1 aportando a la industria? \u00bfC\u00f3mo crees que ayudar\u00e1 a la gente?<\/b><\/span><\/h6>\n<p class=\"p5\"><span class=\"s3\">La innovaci\u00f3n de nuevos productos ocurre cada vez que lanzamos un producto. Por ejemplo, nuestro Power Peptides es una cadena de amino\u00e1cidos que act\u00faa para fortalecer la estructura del cabello al instante; esta innovaci\u00f3n se basa en la ciencia. Otro ejemplo ser\u00eda nuestro 5.25, un regenerador capilar que alimenta el fol\u00edculo. Los ingredientes cambian constantemente, y estamos a la vanguardia en la b\u00fasqueda de otros nuevos y emocionantes. Nuestro consumidor notar\u00e1 un resultado inmediato con Power Peptides y un cabello m\u00e1s grueso con 5.25.<\/span><\/p>\n<h6 class=\"p5\"><span class=\"s3\"><b>\u00bfPuede compartir 3 cosas que m\u00e1s te emocionen de la industria de la belleza de hoy en d\u00eda?<\/b><\/span><\/h6>\n<p class=\"p5\"><span class=\"s3\">El cuidado del cabello se ha convertido hoy en d\u00eda en algo tan importante como el cuidado de la piel y el cuerpo. Por ello, los consumidores demandan productos de tratamiento que siguen creciendo en nuestro mundo de la belleza, desde el champ\u00fa, los acondicionadores, los tratamientos y los productos que visten el cabello. Eso es lo m\u00e1s emocionante para m\u00ed: la comprensi\u00f3n del consumidor y siempre quiero asegurarme de que tenga todos los productos adecuados para cuidar sus necesidades.<\/span><\/p>\n<h6 class=\"p5\"><span class=\"s3\"><b>\u00bfPuedes compartir las 3 cosas que m\u00e1s te preocupan del sector? Si tuvieras la posibilidad de poner en pr\u00e1ctica 3 formas de mejorarlo, \u00bfqu\u00e9 sugerir\u00edas?<\/b><\/span><\/h6>\n<p class=\"p5\"><span class=\"s3\">Yo cambiar\u00eda la percepci\u00f3n de los salones de belleza. Un sal\u00f3n de belleza no deber\u00eda ser un lugar en el que s\u00f3lo se hace un corte y un color. Un sal\u00f3n deber\u00eda ser realmente una experiencia total y un centro de conocimiento, desde el champ\u00fa y el acondicionador que se adaptan a las necesidades espec\u00edficas del cabello hasta el color formulado personalmente con todos los ingredientes adecuados para realzar su aspecto. A continuaci\u00f3n, completar el servicio con un tratamiento que aporta fuerza y longevidad a su cabello. Por \u00faltimo, informar al cliente de c\u00f3mo cuidar su cabello en casa, asegur\u00e1ndote de que estar\u00e1s en contacto con \u00e9l si tiene alguna duda sobre el uso de los productos que se lleva.<\/span><\/p>\n<h6 class=\"p5\"><span class=\"s3\"><b>Eres es una experta en belleza. Puedes compartir algunas ideas que cualquier persona puede utilizar \u00abpara sentirse bella\u00bb?<\/b><\/span><\/h6>\n<p class=\"p5\"><span class=\"s3\">Creo que la belleza est\u00e1 en el interior. Me aseguro de compartir con todos mis clientes que la belleza exterior comienza con un cabello de calidad. Las mascarillas de tratamiento o los tratamientos sin aclarado le permiten tener un \u00abgood hair day\u00bb todos los d\u00edas.<\/span><\/p>\n<h6 class=\"p5\"><span class=\"s3\"><b>Esta es la pregunta principal de nuestro debate. Bas\u00e1ndote en tu experiencia y en tu \u00e9xito, \u00bfpodr\u00edas compartir \u00abCinco cosas que debe saber para tener \u00e9xito en la industria de la belleza de hoy en d\u00eda\u00bb? Por favor, comparte una historia o un ejemplo, para cada una.<\/b><\/span><\/h6>\n<p class=\"p5\"><span class=\"s3\">La primera cosa que puedo compartir para lograr el \u00e9xito en la industria de la belleza es asegurarse de estar bien formado. La segunda es asegurarse de estar bien informado y seguir reinvent\u00e1ndose, pero manteni\u00e9ndose siempre fiel a tus principios. La tercera ser\u00eda ser persistente. No es un camino f\u00e1cil, pero se puede conseguir con determinaci\u00f3n. En cuarto lugar, las nuevas generaciones tienen nuevas exigencias, y hay que adaptarse y adelantarse a ellas. Por \u00faltimo, tener una mente muy abierta y ser muy flexible.<\/span><\/p>\n<h6 class=\"p5\"><span class=\"s3\"><b>Eres una persona de gran influencia. Si pudiera inspirar un movimiento que aportara la mayor cantidad de bien a la mayor cantidad de gente, \u00bfcu\u00e1l ser\u00eda? Nunca se sabe lo que puede desencadenar tu idea. \ud83d\ude42<\/b><\/span><\/h6>\n<p class=\"p5\"><span class=\"s3\">Hay un movimiento que me inspira mucho: \u00abCURE FOR A CAUSE\u00bb.<\/span><\/p>\n<p class=\"p5\"><span class=\"s3\">Empezamos nuestra compa\u00f1\u00eda con un producto llamado CURE, que a d\u00eda de hoy sigue siendo un \u00e9xito de ventas. Unos a\u00f1os despu\u00e9s del lanzamiento de la compa\u00f1\u00eda, a mi hermana le diagnosticaron c\u00e1ncer, lo que me inspir\u00f3 a marcar la diferencia. A los 15 a\u00f1os, a nuestra madre tambi\u00e9n le diagnosticaron c\u00e1ncer y la perdimos dos a\u00f1os despu\u00e9s, tras una larga lucha. Perder a mi madre y ver el viaje paralelo de mi hermana con la enfermedad de primera mano solidific\u00f3 mi decisi\u00f3n de unirme a la lucha. Tomamos nuestro producto m\u00e1s vendido y lo convertimos en nuestro \u201cproducto causa\u201d. Hoy en d\u00eda sigue siendo uno de los productos m\u00e1s vendidos y nuestra causa, donando m\u00e1s de medio mill\u00f3n de d\u00f3lares a la investigaci\u00f3n del c\u00e1ncer.<\/span><\/p>\n<p class=\"p5\"><span class=\"s3\">En 2016, a m\u00ed tambi\u00e9n me diagnosticaron c\u00e1ncer. Mi hermana y yo estamos felices de poder apoyar lo que se ha convertido en la causa de nuestra empresa. No pararemos hasta que el c\u00e1ncer se detenga; esa es mi misi\u00f3n. Me encantar\u00eda que nuestra industria hiciera m\u00e1s, no solo para la investigaci\u00f3n, sino tambi\u00e9n para las personas que no pueden permitirse el tratamiento.<\/span><\/p>\n<h6 class=\"p5\"><span class=\"s3\"><b>\u00bfPuedes decirnos cu\u00e1l es tu \u00abfrase de lecci\u00f3n de vida\u00bb favorita? \u00bfPuedes compartir c\u00f3mo fue relevante para usted en tu vida?<\/b><\/span><\/h6>\n<p class=\"p5\"><span class=\"s3\">La vida es un regalo; debes vivir el presente y alcanzar todos tus sue\u00f1os. En mi vida ha sido muy relevante; he seguido mis sue\u00f1os, vivo mi presente y busco alcanzar la excelencia todos los d\u00edas.<\/span><\/p>\n<h6 class=\"p5\"><span class=\"s3\"><b>\u00bfC\u00f3mo pueden nuestros lectores seguirte online?<\/b><\/span><\/h6>\n<p class=\"p7\"><span class=\"s3\">Pueden seguir todos nuestros \u00faltimos lanzamientos en @iconproducts y @icon_lab<\/span><\/p>\n<p><span class=\"s3\"><b>Muchas gracias por acompa\u00f1arnos. Esto ha sido muy inspirador<\/b>.<\/span><\/p>\n<\/div>\n<p>[\/vc_column_text][\/vc_column][\/vc_row]<\/p>\n","protected":false},"excerpt":{"rendered":"<p>[vc_row][vc_column][vc_column_text] Chiara de I.C.O.N.: Cinco cosas que debes saber para triunfar en la industria de la belleza de hoy en d\u00eda Una entrevista de Jilea Hemmings La primera cosa que<\/p>\n","protected":false},"author":6,"featured_media":92778,"parent":0,"menu_order":0,"comment_status":"closed","ping_status":"closed","template":"","meta":{"_acf_changed":false,"footnotes":""},"tags":[],"wf_page_folders":[],"class_list":["post-92761","page","type-page","status-publish","has-post-thumbnail","hentry"],"acf":[],"yoast_head":"<!-- This site is optimized with the Yoast SEO plugin v27.0 - https:\/\/yoast.com\/product\/yoast-seo-wordpress\/ -->\n<title>Medium entrevista a Chiara | I.C.O.N. Products<\/title>\n<meta name=\"robots\" content=\"index, follow, max-snippet:-1, max-image-preview:large, max-video-preview:-1\" \/>\n<link rel=\"canonical\" href=\"https:\/\/iconproducts.com\/es\/medium-entrevista-a-chiara\/\" \/>\n<meta property=\"og:locale\" content=\"es_ES\" \/>\n<meta property=\"og:type\" content=\"article\" \/>\n<meta property=\"og:title\" content=\"Medium entrevista a Chiara | I.C.O.N. Products\" \/>\n<meta property=\"og:description\" content=\"[vc_row][vc_column][vc_column_text] Chiara de I.C.O.N.: Cinco cosas que debes saber para triunfar en la industria de la belleza de hoy en d\u00eda Una entrevista de Jilea Hemmings La primera cosa que\" \/>\n<meta property=\"og:url\" content=\"https:\/\/iconproducts.com\/es\/medium-entrevista-a-chiara\/\" \/>\n<meta property=\"og:site_name\" content=\"I.C.O.N. Products\" \/>\n<meta property=\"article:publisher\" content=\"https:\/\/www.facebook.com\/iconproducts.spain\" \/>\n<meta property=\"article:modified_time\" content=\"2022-08-24T14:02:56+00:00\" \/>\n<meta property=\"og:image\" content=\"https:\/\/iconproducts.com\/wp-content\/uploads\/2022\/08\/chiara-medium-icon-products-entreview-portada-ES.jpg\" \/>\n\t<meta property=\"og:image:width\" content=\"1000\" \/>\n\t<meta property=\"og:image:height\" content=\"613\" \/>\n\t<meta property=\"og:image:type\" content=\"image\/jpeg\" \/>\n<meta name=\"twitter:card\" content=\"summary_large_image\" \/>\n<script type=\"application\/ld+json\" class=\"yoast-schema-graph\">{\"@context\":\"https:\/\/schema.org\",\"@graph\":[{\"@type\":\"WebPage\",\"@id\":\"https:\/\/iconproducts.com\/es\/medium-entrevista-a-chiara\/\",\"url\":\"https:\/\/iconproducts.com\/es\/medium-entrevista-a-chiara\/\",\"name\":\"Medium entrevista a Chiara | I.C.O.N. Products\",\"isPartOf\":{\"@id\":\"https:\/\/iconproducts.com\/es\/#website\"},\"primaryImageOfPage\":{\"@id\":\"https:\/\/iconproducts.com\/es\/medium-entrevista-a-chiara\/#primaryimage\"},\"image\":{\"@id\":\"https:\/\/iconproducts.com\/es\/medium-entrevista-a-chiara\/#primaryimage\"},\"thumbnailUrl\":\"https:\/\/iconproducts.com\/wp-content\/uploads\/2022\/08\/chiara-medium-icon-products-entreview-portada-ES.jpg\",\"datePublished\":\"2022-08-24T11:29:03+00:00\",\"dateModified\":\"2022-08-24T14:02:56+00:00\",\"breadcrumb\":{\"@id\":\"https:\/\/iconproducts.com\/es\/medium-entrevista-a-chiara\/#breadcrumb\"},\"inLanguage\":\"es\",\"potentialAction\":[{\"@type\":\"ReadAction\",\"target\":[\"https:\/\/iconproducts.com\/es\/medium-entrevista-a-chiara\/\"]}]},{\"@type\":\"ImageObject\",\"inLanguage\":\"es\",\"@id\":\"https:\/\/iconproducts.com\/es\/medium-entrevista-a-chiara\/#primaryimage\",\"url\":\"https:\/\/iconproducts.com\/wp-content\/uploads\/2022\/08\/chiara-medium-icon-products-entreview-portada-ES.jpg\",\"contentUrl\":\"https:\/\/iconproducts.com\/wp-content\/uploads\/2022\/08\/chiara-medium-icon-products-entreview-portada-ES.jpg\",\"width\":1000,\"height\":613},{\"@type\":\"BreadcrumbList\",\"@id\":\"https:\/\/iconproducts.com\/es\/medium-entrevista-a-chiara\/#breadcrumb\",\"itemListElement\":[{\"@type\":\"ListItem\",\"position\":1,\"name\":\"I.C.O.N. Products\",\"item\":\"https:\/\/iconproducts.com\/es\/\"},{\"@type\":\"ListItem\",\"position\":2,\"name\":\"Medium entrevista a Chiara\"}]},{\"@type\":\"WebSite\",\"@id\":\"https:\/\/iconproducts.com\/es\/#website\",\"url\":\"https:\/\/iconproducts.com\/es\/\",\"name\":\"I.C.O.N. Products\",\"description\":\"Productos de peluquer\u00eda\",\"publisher\":{\"@id\":\"https:\/\/iconproducts.com\/es\/#organization\"},\"potentialAction\":[{\"@type\":\"SearchAction\",\"target\":{\"@type\":\"EntryPoint\",\"urlTemplate\":\"https:\/\/iconproducts.com\/es\/?s={search_term_string}\"},\"query-input\":{\"@type\":\"PropertyValueSpecification\",\"valueRequired\":true,\"valueName\":\"search_term_string\"}}],\"inLanguage\":\"es\"},{\"@type\":\"Organization\",\"@id\":\"https:\/\/iconproducts.com\/es\/#organization\",\"name\":\"I.C.O.N. Products\",\"url\":\"https:\/\/iconproducts.com\/es\/\",\"logo\":{\"@type\":\"ImageObject\",\"inLanguage\":\"es\",\"@id\":\"https:\/\/iconproducts.com\/es\/#\/schema\/logo\/image\/\",\"url\":\"https:\/\/iconproducts.com\/wp-content\/uploads\/2018\/08\/logo-icon-1.jpg\",\"contentUrl\":\"https:\/\/iconproducts.com\/wp-content\/uploads\/2018\/08\/logo-icon-1.jpg\",\"width\":1000,\"height\":1000,\"caption\":\"I.C.O.N. Products\"},\"image\":{\"@id\":\"https:\/\/iconproducts.com\/es\/#\/schema\/logo\/image\/\"},\"sameAs\":[\"https:\/\/www.facebook.com\/iconproducts.spain\",\"https:\/\/www.instagram.com\/iconspain\/\",\"https:\/\/www.youtube.com\/channel\/UCw0myea3fiZRsj72sNBnMqQ\"]}]}<\/script>\n<!-- \/ Yoast SEO plugin. -->","yoast_head_json":{"title":"Medium entrevista a Chiara | I.C.O.N. Products","robots":{"index":"index","follow":"follow","max-snippet":"max-snippet:-1","max-image-preview":"max-image-preview:large","max-video-preview":"max-video-preview:-1"},"canonical":"https:\/\/iconproducts.com\/es\/medium-entrevista-a-chiara\/","og_locale":"es_ES","og_type":"article","og_title":"Medium entrevista a Chiara | I.C.O.N. Products","og_description":"[vc_row][vc_column][vc_column_text] Chiara de I.C.O.N.: Cinco cosas que debes saber para triunfar en la industria de la belleza de hoy en d\u00eda Una entrevista de Jilea Hemmings La primera cosa que","og_url":"https:\/\/iconproducts.com\/es\/medium-entrevista-a-chiara\/","og_site_name":"I.C.O.N. Products","article_publisher":"https:\/\/www.facebook.com\/iconproducts.spain","article_modified_time":"2022-08-24T14:02:56+00:00","og_image":[{"width":1000,"height":613,"url":"https:\/\/iconproducts.com\/wp-content\/uploads\/2022\/08\/chiara-medium-icon-products-entreview-portada-ES.jpg","type":"image\/jpeg"}],"twitter_card":"summary_large_image","schema":{"@context":"https:\/\/schema.org","@graph":[{"@type":"WebPage","@id":"https:\/\/iconproducts.com\/es\/medium-entrevista-a-chiara\/","url":"https:\/\/iconproducts.com\/es\/medium-entrevista-a-chiara\/","name":"Medium entrevista a Chiara | I.C.O.N. Products","isPartOf":{"@id":"https:\/\/iconproducts.com\/es\/#website"},"primaryImageOfPage":{"@id":"https:\/\/iconproducts.com\/es\/medium-entrevista-a-chiara\/#primaryimage"},"image":{"@id":"https:\/\/iconproducts.com\/es\/medium-entrevista-a-chiara\/#primaryimage"},"thumbnailUrl":"https:\/\/iconproducts.com\/wp-content\/uploads\/2022\/08\/chiara-medium-icon-products-entreview-portada-ES.jpg","datePublished":"2022-08-24T11:29:03+00:00","dateModified":"2022-08-24T14:02:56+00:00","breadcrumb":{"@id":"https:\/\/iconproducts.com\/es\/medium-entrevista-a-chiara\/#breadcrumb"},"inLanguage":"es","potentialAction":[{"@type":"ReadAction","target":["https:\/\/iconproducts.com\/es\/medium-entrevista-a-chiara\/"]}]},{"@type":"ImageObject","inLanguage":"es","@id":"https:\/\/iconproducts.com\/es\/medium-entrevista-a-chiara\/#primaryimage","url":"https:\/\/iconproducts.com\/wp-content\/uploads\/2022\/08\/chiara-medium-icon-products-entreview-portada-ES.jpg","contentUrl":"https:\/\/iconproducts.com\/wp-content\/uploads\/2022\/08\/chiara-medium-icon-products-entreview-portada-ES.jpg","width":1000,"height":613},{"@type":"BreadcrumbList","@id":"https:\/\/iconproducts.com\/es\/medium-entrevista-a-chiara\/#breadcrumb","itemListElement":[{"@type":"ListItem","position":1,"name":"I.C.O.N. Products","item":"https:\/\/iconproducts.com\/es\/"},{"@type":"ListItem","position":2,"name":"Medium entrevista a Chiara"}]},{"@type":"WebSite","@id":"https:\/\/iconproducts.com\/es\/#website","url":"https:\/\/iconproducts.com\/es\/","name":"I.C.O.N. Products","description":"Productos de peluquer\u00eda","publisher":{"@id":"https:\/\/iconproducts.com\/es\/#organization"},"potentialAction":[{"@type":"SearchAction","target":{"@type":"EntryPoint","urlTemplate":"https:\/\/iconproducts.com\/es\/?s={search_term_string}"},"query-input":{"@type":"PropertyValueSpecification","valueRequired":true,"valueName":"search_term_string"}}],"inLanguage":"es"},{"@type":"Organization","@id":"https:\/\/iconproducts.com\/es\/#organization","name":"I.C.O.N. Products","url":"https:\/\/iconproducts.com\/es\/","logo":{"@type":"ImageObject","inLanguage":"es","@id":"https:\/\/iconproducts.com\/es\/#\/schema\/logo\/image\/","url":"https:\/\/iconproducts.com\/wp-content\/uploads\/2018\/08\/logo-icon-1.jpg","contentUrl":"https:\/\/iconproducts.com\/wp-content\/uploads\/2018\/08\/logo-icon-1.jpg","width":1000,"height":1000,"caption":"I.C.O.N. Products"},"image":{"@id":"https:\/\/iconproducts.com\/es\/#\/schema\/logo\/image\/"},"sameAs":["https:\/\/www.facebook.com\/iconproducts.spain","https:\/\/www.instagram.com\/iconspain\/","https:\/\/www.youtube.com\/channel\/UCw0myea3fiZRsj72sNBnMqQ"]}]}},"_links":{"self":[{"href":"https:\/\/iconproducts.com\/es\/wp-json\/wp\/v2\/pages\/92761","targetHints":{"allow":["GET"]}}],"collection":[{"href":"https:\/\/iconproducts.com\/es\/wp-json\/wp\/v2\/pages"}],"about":[{"href":"https:\/\/iconproducts.com\/es\/wp-json\/wp\/v2\/types\/page"}],"author":[{"embeddable":true,"href":"https:\/\/iconproducts.com\/es\/wp-json\/wp\/v2\/users\/6"}],"replies":[{"embeddable":true,"href":"https:\/\/iconproducts.com\/es\/wp-json\/wp\/v2\/comments?post=92761"}],"version-history":[{"count":10,"href":"https:\/\/iconproducts.com\/es\/wp-json\/wp\/v2\/pages\/92761\/revisions"}],"predecessor-version":[{"id":92816,"href":"https:\/\/iconproducts.com\/es\/wp-json\/wp\/v2\/pages\/92761\/revisions\/92816"}],"wp:featuredmedia":[{"embeddable":true,"href":"https:\/\/iconproducts.com\/es\/wp-json\/wp\/v2\/media\/92778"}],"wp:attachment":[{"href":"https:\/\/iconproducts.com\/es\/wp-json\/wp\/v2\/media?parent=92761"}],"wp:term":[{"taxonomy":"post_tag","embeddable":true,"href":"https:\/\/iconproducts.com\/es\/wp-json\/wp\/v2\/tags?post=92761"},{"taxonomy":"wf_page_folders","embeddable":true,"href":"https:\/\/iconproducts.com\/es\/wp-json\/wp\/v2\/wf_page_folders?post=92761"}],"curies":[{"name":"wp","href":"https:\/\/api.w.org\/{rel}","templated":true}]}}