{"id":92817,"date":"2022-08-24T16:04:31","date_gmt":"2022-08-24T14:04:31","guid":{"rendered":"https:\/\/iconproducts.com\/?page_id=92817"},"modified":"2022-08-24T17:09:14","modified_gmt":"2022-08-24T15:09:14","slug":"sweety-high-entrevista-a-chiara","status":"publish","type":"page","link":"https:\/\/iconproducts.com\/es\/sweety-high-entrevista-a-chiara\/","title":{"rendered":"Sweety High entrevista a Chiara"},"content":{"rendered":"<p>[vc_row][vc_column][vc_column_text]<\/p>\n<div class=\"\">\n<div class=\"\">\n<table style=\"border: 0px;\">\n<tbody>\n<tr>\n<td>\n<h1>\u00bfSufres de ca\u00edda capilar en la adolescencia? Estas son las causas m\u00e1s comunes y c\u00f3mo tratarlas<\/h1>\n<div class=\"\">\n<p><strong><span style=\"color: #999999;\">Una entrevista a Chiara por Amanda McArthur<\/span><\/strong><\/p>\n<\/div>\n<\/td>\n<td>\n<h1><img fetchpriority=\"high\" decoding=\"async\" class=\"alignnone size-large wp-image-92837\" src=\"https:\/\/iconproducts.com\/wp-content\/uploads\/2022\/08\/CHIARA--683x1024.jpg\" alt=\"\" width=\"683\" height=\"1024\" srcset=\"https:\/\/iconproducts.com\/wp-content\/uploads\/2022\/08\/CHIARA--683x1024.jpg 683w, https:\/\/iconproducts.com\/wp-content\/uploads\/2022\/08\/CHIARA--333x500.jpg 333w, https:\/\/iconproducts.com\/wp-content\/uploads\/2022\/08\/CHIARA--200x300.jpg 200w, https:\/\/iconproducts.com\/wp-content\/uploads\/2022\/08\/CHIARA--768x1152.jpg 768w, https:\/\/iconproducts.com\/wp-content\/uploads\/2022\/08\/CHIARA-.jpg 1000w\" sizes=\"(max-width: 683px) 100vw, 683px\" \/><\/h1>\n<\/td>\n<\/tr>\n<\/tbody>\n<\/table>\n<\/div>\n<\/div>\n<div class=\"o dy ll lm ie ln\" style=\"text-align: center;\" role=\"separator\">\n<p style=\"text-align: left;\"><strong>Aunque la ca\u00edda del cabello suele asociarse a hombres de avanzada edad, en la actualidad es un problema que tambi\u00e9n afecta cada vez m\u00e1s a mujeres y adolescentes, y ya es hora de que empecemos a hablar de ello.<\/strong><\/p>\n<p style=\"text-align: left;\"><strong>JoJo Siwa ha hablado recientemente sobre su propia p\u00e9rdida de cabello debido al estr\u00e9s cuando participaba en Dance Moms, y es un gran paso para romper el estigma y disipar los estereotipos, pero definitivamente podemos hacer m\u00e1s. Por eso hemos hablado con Chiara, cofundadora y directora creativa de I.C.O.N. y experta en la ca\u00edda del cabello, para que nos explique las causas de la ca\u00edda del cabello y c\u00f3mo entender las fases del mismo puede ayudarnos a tratarla.<\/strong><\/p>\n<\/div>\n<div class=\"o dy ll lm ie ln\" role=\"separator\">\n&nbsp;<\/p>\n<hr \/>\n<p>&nbsp;<br \/>\n<img decoding=\"async\" class=\"alignleft wp-image-92853 size-medium\" src=\"https:\/\/iconproducts.com\/wp-content\/uploads\/2022\/08\/woman-worried-about-thinning-hair-shutterstock-500x333.jpg\" alt=\"\" width=\"500\" height=\"333\" srcset=\"https:\/\/iconproducts.com\/wp-content\/uploads\/2022\/08\/woman-worried-about-thinning-hair-shutterstock-500x333.jpg 500w, https:\/\/iconproducts.com\/wp-content\/uploads\/2022\/08\/woman-worried-about-thinning-hair-shutterstock-1024x683.jpg 1024w, https:\/\/iconproducts.com\/wp-content\/uploads\/2022\/08\/woman-worried-about-thinning-hair-shutterstock-300x200.jpg 300w, https:\/\/iconproducts.com\/wp-content\/uploads\/2022\/08\/woman-worried-about-thinning-hair-shutterstock-768x512.jpg 768w, https:\/\/iconproducts.com\/wp-content\/uploads\/2022\/08\/woman-worried-about-thinning-hair-shutterstock.jpg 1200w\" sizes=\"(max-width: 500px) 100vw, 500px\" \/><\/p>\n<h4 class=\"p5\"><span class=\"s1\"><b>Chicas adolescentes y la ca\u00edda del cabello<\/b><\/span><\/h4>\n<p class=\"p2\"><span class=\"s1\"><em><b>Chiara:<\/b><\/em>\u00a0La ca\u00edda del cabello era antes un problema que predominaba en los hombres, pero ahora vemos que se da cada vez m\u00e1s en las mujeres. Perdemos el cabello por diversas razones, como cambios medioambientales, dietas, factores hereditarios, desequilibrios hormonales y, a veces, incluso ciertos medicamentos.<\/span><\/p>\n<p class=\"p3\"><span class=\"s1\">Cuando las j\u00f3venes llegan a la adolescencia y sufren cambios hormonales, pueden experimentar la ca\u00edda del cabello. La mala alimentaci\u00f3n o la falta de prote\u00ednas tambi\u00e9n pueden contribuir a la ca\u00edda y el debilitamiento del cabello. En los \u00faltimos dos a\u00f1os, hemos visto una gran cantidad de casos de p\u00e9rdida de cabello debido al COVID, y hemos comprobado que si se sigue la rutina capilar adecuada, el cabello puede volver a ser m\u00e1s fuerte, grueso y abundante.<\/span><\/p>\n<p>&nbsp;<\/p>\n<hr \/>\n<p>&nbsp;<\/p>\n<h4 class=\"p5\"><span class=\"s1\"><b>Las fases del ciclo capilar<\/b><\/span><\/h4>\n<p class=\"p6\"><span class=\"s1\"><em><b>Chiara:<\/b><\/em>\u00a0Existen tres fases del ciclo capilar: an\u00e1gena (fase de crecimiento), cat\u00e1gena (fase de transici\u00f3n) y tel\u00f3gena (fase de reposo).<\/span><\/p>\n<p class=\"p5\"><span class=\"s1\" style=\"color: #808080;\"><b>An\u00e1gena<\/b><\/span><\/p>\n<p class=\"p7\" style=\"padding-left: 40px;\"><span class=\"s1\">Durante la fase an\u00e1gena (de crecimiento), para mantener el cuero cabelludo limpio, sano y nutrido, es importante realizar un tratamiento semanal de detox del cuero cabelludo para eliminar las bacterias y las acumulaciones y estimular el flujo sangu\u00edneo. Est\u00e1 demostrado que el Capixyl, un ingrediente de Lucas Meyer, induce un aumento visible de la densidad capilar an\u00e1gena en comparaci\u00f3n con el placebo. Cuando formulamos 5.25, nuestro regenerador capilar, a\u00f1adimos un 5% de Capixyl para un tratamiento intensivo que reduzca la ca\u00edda del cabello y estimule el crecimiento de nuevos cabellos. Cuando se aplica un s\u00e9rum para el crecimiento del cabello como el 5.25, es importante ser constante y aplicarlo al menos una vez al d\u00eda para mantener el fol\u00edculo sano y nutrido y obtener los m\u00e1ximos beneficios.<\/span><\/p>\n<p class=\"p5\"><span class=\"s1\" style=\"color: #808080;\"><b>Cat\u00e1gena<\/b><\/span><\/p>\n<p class=\"p7\" style=\"padding-left: 40px;\"><span class=\"s1\">Durante la fase cat\u00e1gena (de transici\u00f3n), el fol\u00edculo piloso se contrae y el crecimiento del cabello se ralentiza. Durante esta fase, que dura unos 10 d\u00edas, aplica el Aceite de India directamente sobre el cuero cabelludo, masaje\u00e1ndolo. El aceite de India es conocido por sus \u00e1cidos grasos, que devuelven la vitalidad al cabello. Este aceite es esencial para reparar y mantener la calidad y la fuerza del cabello. Aplica el champ\u00fa y el acondicionador Organic, y sigue con tu rutina diaria de 5.25.<\/span><\/p>\n<p class=\"p8\"><span class=\"s1\" style=\"color: #808080;\"><b>Tel\u00f3gena<\/b><\/span><\/p>\n<p class=\"p8\" style=\"padding-left: 40px;\"><span class=\"s1\">Para la fase tel\u00f3gena (de reposo), contin\u00faa con una aplicaci\u00f3n semanal de Shift y Aceite de India y una aplicaci\u00f3n diaria de 5.25.<\/span><\/p>\n<p>&nbsp;<\/p>\n<hr \/>\n<p>&nbsp;<br \/>\n<img decoding=\"async\" class=\"wp-image-92866 size-medium alignleft\" src=\"https:\/\/iconproducts.com\/wp-content\/uploads\/2022\/08\/275913665_457427619493772_535207882661142871_n-500x330.jpg\" alt=\"\" width=\"500\" height=\"330\" srcset=\"https:\/\/iconproducts.com\/wp-content\/uploads\/2022\/08\/275913665_457427619493772_535207882661142871_n-500x330.jpg 500w, https:\/\/iconproducts.com\/wp-content\/uploads\/2022\/08\/275913665_457427619493772_535207882661142871_n-1024x676.jpg 1024w, https:\/\/iconproducts.com\/wp-content\/uploads\/2022\/08\/275913665_457427619493772_535207882661142871_n-300x198.jpg 300w, https:\/\/iconproducts.com\/wp-content\/uploads\/2022\/08\/275913665_457427619493772_535207882661142871_n-768x507.jpg 768w, https:\/\/iconproducts.com\/wp-content\/uploads\/2022\/08\/275913665_457427619493772_535207882661142871_n.jpg 1283w\" sizes=\"(max-width: 500px) 100vw, 500px\" \/><\/p>\n<h4 class=\"p3\"><span class=\"s1\"><b>Ingredientes para combatir la ca\u00edda del cabello<\/b><\/span><\/h4>\n<p class=\"p8\"><span class=\"s1\"><b><em>Chiara:<\/em>\u00a0<\/b>Se ha demostrado que Capixyl, Follisync biofuncional y Capauxein mejoran la renovaci\u00f3n capilar, mantienen el crecimiento natural del cabello y fortalecen el fol\u00edculo.<\/span><\/p>\n<h4 class=\"p5\"><span class=\"s1\"><b>Productos a Evitar<\/b><\/span><\/h4>\n<p class=\"p11\"><span class=\"s1\">Los champ\u00fas que contienen sulfatos y los productos que se conservan con parabenos deben evitarse para minimizar la ca\u00edda del cabello.<\/span><\/p>\n<p>&nbsp;&nbsp;\n<\/p><\/div>\n<p>[\/vc_column_text][\/vc_column][\/vc_row]<\/p>\n","protected":false},"excerpt":{"rendered":"<p>[vc_row][vc_column][vc_column_text] \u00bfSufres de ca\u00edda capilar en la adolescencia? Estas son las causas m\u00e1s comunes y c\u00f3mo tratarlas Una entrevista a Chiara por Amanda McArthur Aunque la ca\u00edda del cabello suele<\/p>\n","protected":false},"author":6,"featured_media":92778,"parent":0,"menu_order":0,"comment_status":"closed","ping_status":"closed","template":"","meta":{"_acf_changed":false,"footnotes":""},"tags":[],"wf_page_folders":[],"class_list":["post-92817","page","type-page","status-publish","has-post-thumbnail","hentry"],"acf":[],"yoast_head":"<!-- This site is optimized with the Yoast SEO plugin v27.0 - https:\/\/yoast.com\/product\/yoast-seo-wordpress\/ -->\n<title>Sweety High entrevista a Chiara | I.C.O.N. Products<\/title>\n<meta name=\"robots\" content=\"index, follow, max-snippet:-1, max-image-preview:large, max-video-preview:-1\" \/>\n<link rel=\"canonical\" href=\"https:\/\/iconproducts.com\/es\/sweety-high-entrevista-a-chiara\/\" \/>\n<meta property=\"og:locale\" content=\"es_ES\" \/>\n<meta property=\"og:type\" content=\"article\" \/>\n<meta property=\"og:title\" content=\"Sweety High entrevista a Chiara | I.C.O.N. Products\" \/>\n<meta property=\"og:description\" content=\"[vc_row][vc_column][vc_column_text] \u00bfSufres de ca\u00edda capilar en la adolescencia? Estas son las causas m\u00e1s comunes y c\u00f3mo tratarlas Una entrevista a Chiara por Amanda McArthur Aunque la ca\u00edda del cabello suele\" \/>\n<meta property=\"og:url\" content=\"https:\/\/iconproducts.com\/es\/sweety-high-entrevista-a-chiara\/\" \/>\n<meta property=\"og:site_name\" content=\"I.C.O.N. Products\" \/>\n<meta property=\"article:publisher\" content=\"https:\/\/www.facebook.com\/iconproducts.spain\" \/>\n<meta property=\"article:modified_time\" content=\"2022-08-24T15:09:14+00:00\" \/>\n<meta property=\"og:image\" content=\"https:\/\/iconproducts.com\/wp-content\/uploads\/2022\/08\/chiara-medium-icon-products-entreview-portada-ES.jpg\" \/>\n\t<meta property=\"og:image:width\" content=\"1000\" \/>\n\t<meta property=\"og:image:height\" content=\"613\" \/>\n\t<meta property=\"og:image:type\" content=\"image\/jpeg\" \/>\n<meta name=\"twitter:card\" content=\"summary_large_image\" \/>\n<script type=\"application\/ld+json\" class=\"yoast-schema-graph\">{\"@context\":\"https:\/\/schema.org\",\"@graph\":[{\"@type\":\"WebPage\",\"@id\":\"https:\/\/iconproducts.com\/es\/sweety-high-entrevista-a-chiara\/\",\"url\":\"https:\/\/iconproducts.com\/es\/sweety-high-entrevista-a-chiara\/\",\"name\":\"Sweety High entrevista a Chiara | I.C.O.N. Products\",\"isPartOf\":{\"@id\":\"https:\/\/iconproducts.com\/es\/#website\"},\"primaryImageOfPage\":{\"@id\":\"https:\/\/iconproducts.com\/es\/sweety-high-entrevista-a-chiara\/#primaryimage\"},\"image\":{\"@id\":\"https:\/\/iconproducts.com\/es\/sweety-high-entrevista-a-chiara\/#primaryimage\"},\"thumbnailUrl\":\"https:\/\/iconproducts.com\/wp-content\/uploads\/2022\/08\/chiara-medium-icon-products-entreview-portada-ES.jpg\",\"datePublished\":\"2022-08-24T14:04:31+00:00\",\"dateModified\":\"2022-08-24T15:09:14+00:00\",\"breadcrumb\":{\"@id\":\"https:\/\/iconproducts.com\/es\/sweety-high-entrevista-a-chiara\/#breadcrumb\"},\"inLanguage\":\"es\",\"potentialAction\":[{\"@type\":\"ReadAction\",\"target\":[\"https:\/\/iconproducts.com\/es\/sweety-high-entrevista-a-chiara\/\"]}]},{\"@type\":\"ImageObject\",\"inLanguage\":\"es\",\"@id\":\"https:\/\/iconproducts.com\/es\/sweety-high-entrevista-a-chiara\/#primaryimage\",\"url\":\"https:\/\/iconproducts.com\/wp-content\/uploads\/2022\/08\/chiara-medium-icon-products-entreview-portada-ES.jpg\",\"contentUrl\":\"https:\/\/iconproducts.com\/wp-content\/uploads\/2022\/08\/chiara-medium-icon-products-entreview-portada-ES.jpg\",\"width\":1000,\"height\":613},{\"@type\":\"BreadcrumbList\",\"@id\":\"https:\/\/iconproducts.com\/es\/sweety-high-entrevista-a-chiara\/#breadcrumb\",\"itemListElement\":[{\"@type\":\"ListItem\",\"position\":1,\"name\":\"I.C.O.N. Products\",\"item\":\"https:\/\/iconproducts.com\/es\/\"},{\"@type\":\"ListItem\",\"position\":2,\"name\":\"Sweety High entrevista a Chiara\"}]},{\"@type\":\"WebSite\",\"@id\":\"https:\/\/iconproducts.com\/es\/#website\",\"url\":\"https:\/\/iconproducts.com\/es\/\",\"name\":\"I.C.O.N. Products\",\"description\":\"Productos de peluquer\u00eda\",\"publisher\":{\"@id\":\"https:\/\/iconproducts.com\/es\/#organization\"},\"potentialAction\":[{\"@type\":\"SearchAction\",\"target\":{\"@type\":\"EntryPoint\",\"urlTemplate\":\"https:\/\/iconproducts.com\/es\/?s={search_term_string}\"},\"query-input\":{\"@type\":\"PropertyValueSpecification\",\"valueRequired\":true,\"valueName\":\"search_term_string\"}}],\"inLanguage\":\"es\"},{\"@type\":\"Organization\",\"@id\":\"https:\/\/iconproducts.com\/es\/#organization\",\"name\":\"I.C.O.N. Products\",\"url\":\"https:\/\/iconproducts.com\/es\/\",\"logo\":{\"@type\":\"ImageObject\",\"inLanguage\":\"es\",\"@id\":\"https:\/\/iconproducts.com\/es\/#\/schema\/logo\/image\/\",\"url\":\"https:\/\/iconproducts.com\/wp-content\/uploads\/2018\/08\/logo-icon-1.jpg\",\"contentUrl\":\"https:\/\/iconproducts.com\/wp-content\/uploads\/2018\/08\/logo-icon-1.jpg\",\"width\":1000,\"height\":1000,\"caption\":\"I.C.O.N. Products\"},\"image\":{\"@id\":\"https:\/\/iconproducts.com\/es\/#\/schema\/logo\/image\/\"},\"sameAs\":[\"https:\/\/www.facebook.com\/iconproducts.spain\",\"https:\/\/www.instagram.com\/iconspain\/\",\"https:\/\/www.youtube.com\/channel\/UCw0myea3fiZRsj72sNBnMqQ\"]}]}<\/script>\n<!-- \/ Yoast SEO plugin. -->","yoast_head_json":{"title":"Sweety High entrevista a Chiara | I.C.O.N. Products","robots":{"index":"index","follow":"follow","max-snippet":"max-snippet:-1","max-image-preview":"max-image-preview:large","max-video-preview":"max-video-preview:-1"},"canonical":"https:\/\/iconproducts.com\/es\/sweety-high-entrevista-a-chiara\/","og_locale":"es_ES","og_type":"article","og_title":"Sweety High entrevista a Chiara | I.C.O.N. Products","og_description":"[vc_row][vc_column][vc_column_text] \u00bfSufres de ca\u00edda capilar en la adolescencia? Estas son las causas m\u00e1s comunes y c\u00f3mo tratarlas Una entrevista a Chiara por Amanda McArthur Aunque la ca\u00edda del cabello suele","og_url":"https:\/\/iconproducts.com\/es\/sweety-high-entrevista-a-chiara\/","og_site_name":"I.C.O.N. Products","article_publisher":"https:\/\/www.facebook.com\/iconproducts.spain","article_modified_time":"2022-08-24T15:09:14+00:00","og_image":[{"width":1000,"height":613,"url":"https:\/\/iconproducts.com\/wp-content\/uploads\/2022\/08\/chiara-medium-icon-products-entreview-portada-ES.jpg","type":"image\/jpeg"}],"twitter_card":"summary_large_image","schema":{"@context":"https:\/\/schema.org","@graph":[{"@type":"WebPage","@id":"https:\/\/iconproducts.com\/es\/sweety-high-entrevista-a-chiara\/","url":"https:\/\/iconproducts.com\/es\/sweety-high-entrevista-a-chiara\/","name":"Sweety High entrevista a Chiara | I.C.O.N. Products","isPartOf":{"@id":"https:\/\/iconproducts.com\/es\/#website"},"primaryImageOfPage":{"@id":"https:\/\/iconproducts.com\/es\/sweety-high-entrevista-a-chiara\/#primaryimage"},"image":{"@id":"https:\/\/iconproducts.com\/es\/sweety-high-entrevista-a-chiara\/#primaryimage"},"thumbnailUrl":"https:\/\/iconproducts.com\/wp-content\/uploads\/2022\/08\/chiara-medium-icon-products-entreview-portada-ES.jpg","datePublished":"2022-08-24T14:04:31+00:00","dateModified":"2022-08-24T15:09:14+00:00","breadcrumb":{"@id":"https:\/\/iconproducts.com\/es\/sweety-high-entrevista-a-chiara\/#breadcrumb"},"inLanguage":"es","potentialAction":[{"@type":"ReadAction","target":["https:\/\/iconproducts.com\/es\/sweety-high-entrevista-a-chiara\/"]}]},{"@type":"ImageObject","inLanguage":"es","@id":"https:\/\/iconproducts.com\/es\/sweety-high-entrevista-a-chiara\/#primaryimage","url":"https:\/\/iconproducts.com\/wp-content\/uploads\/2022\/08\/chiara-medium-icon-products-entreview-portada-ES.jpg","contentUrl":"https:\/\/iconproducts.com\/wp-content\/uploads\/2022\/08\/chiara-medium-icon-products-entreview-portada-ES.jpg","width":1000,"height":613},{"@type":"BreadcrumbList","@id":"https:\/\/iconproducts.com\/es\/sweety-high-entrevista-a-chiara\/#breadcrumb","itemListElement":[{"@type":"ListItem","position":1,"name":"I.C.O.N. Products","item":"https:\/\/iconproducts.com\/es\/"},{"@type":"ListItem","position":2,"name":"Sweety High entrevista a Chiara"}]},{"@type":"WebSite","@id":"https:\/\/iconproducts.com\/es\/#website","url":"https:\/\/iconproducts.com\/es\/","name":"I.C.O.N. Products","description":"Productos de peluquer\u00eda","publisher":{"@id":"https:\/\/iconproducts.com\/es\/#organization"},"potentialAction":[{"@type":"SearchAction","target":{"@type":"EntryPoint","urlTemplate":"https:\/\/iconproducts.com\/es\/?s={search_term_string}"},"query-input":{"@type":"PropertyValueSpecification","valueRequired":true,"valueName":"search_term_string"}}],"inLanguage":"es"},{"@type":"Organization","@id":"https:\/\/iconproducts.com\/es\/#organization","name":"I.C.O.N. Products","url":"https:\/\/iconproducts.com\/es\/","logo":{"@type":"ImageObject","inLanguage":"es","@id":"https:\/\/iconproducts.com\/es\/#\/schema\/logo\/image\/","url":"https:\/\/iconproducts.com\/wp-content\/uploads\/2018\/08\/logo-icon-1.jpg","contentUrl":"https:\/\/iconproducts.com\/wp-content\/uploads\/2018\/08\/logo-icon-1.jpg","width":1000,"height":1000,"caption":"I.C.O.N. Products"},"image":{"@id":"https:\/\/iconproducts.com\/es\/#\/schema\/logo\/image\/"},"sameAs":["https:\/\/www.facebook.com\/iconproducts.spain","https:\/\/www.instagram.com\/iconspain\/","https:\/\/www.youtube.com\/channel\/UCw0myea3fiZRsj72sNBnMqQ"]}]}},"_links":{"self":[{"href":"https:\/\/iconproducts.com\/es\/wp-json\/wp\/v2\/pages\/92817","targetHints":{"allow":["GET"]}}],"collection":[{"href":"https:\/\/iconproducts.com\/es\/wp-json\/wp\/v2\/pages"}],"about":[{"href":"https:\/\/iconproducts.com\/es\/wp-json\/wp\/v2\/types\/page"}],"author":[{"embeddable":true,"href":"https:\/\/iconproducts.com\/es\/wp-json\/wp\/v2\/users\/6"}],"replies":[{"embeddable":true,"href":"https:\/\/iconproducts.com\/es\/wp-json\/wp\/v2\/comments?post=92817"}],"version-history":[{"count":11,"href":"https:\/\/iconproducts.com\/es\/wp-json\/wp\/v2\/pages\/92817\/revisions"}],"predecessor-version":[{"id":92883,"href":"https:\/\/iconproducts.com\/es\/wp-json\/wp\/v2\/pages\/92817\/revisions\/92883"}],"wp:featuredmedia":[{"embeddable":true,"href":"https:\/\/iconproducts.com\/es\/wp-json\/wp\/v2\/media\/92778"}],"wp:attachment":[{"href":"https:\/\/iconproducts.com\/es\/wp-json\/wp\/v2\/media?parent=92817"}],"wp:term":[{"taxonomy":"post_tag","embeddable":true,"href":"https:\/\/iconproducts.com\/es\/wp-json\/wp\/v2\/tags?post=92817"},{"taxonomy":"wf_page_folders","embeddable":true,"href":"https:\/\/iconproducts.com\/es\/wp-json\/wp\/v2\/wf_page_folders?post=92817"}],"curies":[{"name":"wp","href":"https:\/\/api.w.org\/{rel}","templated":true}]}}