{"id":93893,"date":"2022-06-14T10:39:59","date_gmt":"2022-06-14T08:39:59","guid":{"rendered":"https:\/\/iconproducts.com\/?page_id=93893"},"modified":"2022-11-15T11:15:57","modified_gmt":"2022-11-15T10:15:57","slug":"ecoplex-new","status":"publish","type":"page","link":"https:\/\/iconproducts.com\/es\/ecoplex-new\/","title":{"rendered":"Ecoplex NEW"},"content":{"rendered":"<p>[vc_row el_class=\u00bbbtn-buy\u00bb inner_row_bg_position=\u00bbDefault\u00bb inner_row_bg_repeat=\u00bb\u00bb inner_row_custom_img_size=\u00bb\u00bb][vc_column][vc_row_inner][vc_column_inner][vc_single_image image=\u00bb87068&#8243; img_size=\u00bbfull\u00bb alignment=\u00bbcenter\u00bb]<div class=\"dfd-spacer-module\"  data-units=\"px\" data-wide_resolution=\"1280\" data-wide_size=\"50\" data-normal_resolution=\"1024\" data-normal_size=\"50\" data-tablet_resolution=\"800\" data-tablet_size=\"50\" data-mobile_resolution=\"480\" data-mobile_size=\"50\" style=\"height: 50px;\"><\/div><div class=\"dfd-heading-shortcode\"><div class=\"dfd-heading-module-wrap  text-center style_01 dfd-heading-69f28eacab1cb dfd-disable-resposive-headings\" id=\"dfd-heading-69f28eacab1cb\" ><div class=\"inline-block\"><div class=\"dfd-heading-module\"><h1 class=\"widget-title dfd-title \" style=\"\">Ecoplex<\/h1><\/div><\/div><\/div><script type=\"text\/javascript\">\n\t\t\t\t\t\t\t\t\t(function($) {\n\t\t\t\t\t\t\t\t\t\t$(\"head\").append(\"<style>.dfd-heading-69f28eacab1cb.dfd-heading-module-wrap .dfd-heading-module .dfd-heading-delimiter {margin-top:10px;margin-bottom:10px;}<\/style>\");\n\t\t\t\t\t\t\t\t\t})(jQuery);\n\t\t\t\t\t\t\t\t<\/script><\/div><div class=\"dfd-delimier-main-wrapper \" ><div id=\"dfd-delimiter-69f28eacab2f2-5681\"  class=\"dfd-delimier-wrapper dfd-delimiter-with-text \"  style='text-align:left; ' ><span class=\"delim-center\">\n\t\t\t\t<span class=\"text dfd-content-title-small\" style=\"letter-spacing: 2px; \">ASEGURA TUS RESULTADOS, REVOLUCIONA TU COLOR<\/span>\n\t\t\t<\/span><script type=\"text\/javascript\">(function($) {$(\"head\").append(\"<style>#dfd-delimiter-69f28eacab2f2-5681 .delim-center span:before, #dfd-delimiter-69f28eacab2f2-5681 .delim-center span:after { border-bottom-style:dotted; height:1px; border-bottom-width:1px; margin-top: -0.5px; ; } <\/style>\");})(jQuery);<\/script><\/div><\/div>[\/vc_column_inner][\/vc_row_inner]<div class=\"dfd-spacer-module\"  data-units=\"px\" data-wide_resolution=\"1280\" data-wide_size=\"50\" data-normal_resolution=\"1024\" data-normal_size=\"50\" data-tablet_resolution=\"800\" data-tablet_size=\"50\" data-mobile_resolution=\"480\" data-mobile_size=\"50\" style=\"height: 50px;\"><\/div>[\/vc_column][\/vc_row][vc_row el_class=\u00bbbtn-buy\u00bb inner_row_bg_position=\u00bbDefault\u00bb inner_row_bg_repeat=\u00bb\u00bb inner_row_custom_img_size=\u00bb\u00bb][vc_column width=\u00bb1\/12&#8243;][vc_row_inner el_class=\u00bbbtn-buy\u00bb][\/vc_row_inner][\/vc_column][vc_column width=\u00bb10\/12&#8243;][vc_column_text]<\/p>\n<p style=\"text-align: center;\"><strong>Ecoplex<\/strong> es un sistema de cuidado del cabello que ha revolucionado el mundo del color. <strong>Ecoplex<\/strong> es una compleja fusi\u00f3n de ingredientes naturales y alta tecnolog\u00eda que permite la penetraci\u00f3n en el c\u00f3rtex del cabello, fortaleciendo y multiplicando los enlaces internos.<\/p>\n<p style=\"text-align: center;\"><strong>Ecoplex<\/strong> no modifica la fuerza del revelador, el tiempo de exposici\u00f3n ni la proporci\u00f3n de la mezcla. Sus ingredientes cuidadosamente seleccionados representan el \u00ab<strong>Factor X<\/strong>\u00bb de conexi\u00f3n para que los enlaces y las fibras de keratina sean reparados, nutridos, reforzados y protegidos.<\/p>\n<p>[\/vc_column_text]<div class=\"dfd-spacer-module\"  data-units=\"px\" data-wide_resolution=\"1280\" data-wide_size=\"25\" data-normal_resolution=\"1024\" data-normal_size=\"25\" data-tablet_resolution=\"800\" data-tablet_size=\"25\" data-mobile_resolution=\"480\" data-mobile_size=\"25\" style=\"height: 25px;\"><\/div>[\/vc_column][vc_column width=\u00bb1\/12&#8243;][\/vc_column][\/vc_row][vc_row][vc_column width=\u00bb1\/2&#8243;]<div id=\"idinfobox69f28eacab405\" class=\"dfd-info-box clearfix style-01 layout-01 icono-img idinfobox69f28eacab405 text-center hover-up-icon\" ><div class=\"dfd-animate-container\"><div class=\"icon-wrapper\"><div class=\"module-icon\" ><div class=\"hover-layer\" ><\/div><img decoding=\"async\" src=\"https:\/\/iconproducts.com\/wp-content\/uploads\/2020\/06\/500-linkbond-min.jpg\" alt=\"Image icon\" style=\"opacity: 1;\" \/><\/div><\/div><h6 class=\"info-box-title \" style=\"\">1. LinkBond<\/h6><div class=\"info-box-subtitle subtitle\" style=\"\">Multiplicador de enlaces<\/div><div class=\"description\" style=\"\"><\/div><a href=\"https:\/\/iconproducts.com\/es\/tratamientos-salon\/tratamientos-profundos\/ecoplex\/linkbond\/\" title=\"1. LinkBond\"  class=\"full-box-link\"><\/a><\/div><\/div>[\/vc_column][vc_column width=\u00bb1\/2&#8243;]<div id=\"idinfobox69f28eacab6c8\" class=\"dfd-info-box clearfix style-01 layout-01 icono-img idinfobox69f28eacab6c8 text-center hover-up-icon\" ><div class=\"dfd-animate-container\"><div class=\"icon-wrapper\"><div class=\"module-icon\" ><div class=\"hover-layer\" ><\/div><img decoding=\"async\" src=\"https:\/\/iconproducts.com\/wp-content\/uploads\/2020\/06\/500-fusebond-min.jpg\" alt=\"Image icon\" style=\"opacity: 1;\" \/><\/div><\/div><h6 class=\"info-box-title \" style=\"\">2. FuseBond<\/h6><div class=\"info-box-subtitle subtitle\" style=\"\">Fortalecedor de enlaces<\/div><div class=\"description\" style=\"\"><\/div><a href=\"https:\/\/iconproducts.com\/es\/tratamientos-salon\/tratamientos-profundos\/ecoplex\/fusebond\/\" title=\"FuseBond\"  class=\"full-box-link\"><\/a><\/div><\/div>[\/vc_column][\/vc_row][vc_row][vc_column]<div class=\"dfd-spacer-module\"  data-units=\"px\" data-wide_resolution=\"1280\" data-wide_size=\"51\" data-normal_resolution=\"1024\" data-normal_size=\"51\" data-tablet_resolution=\"800\" data-tablet_size=\"51\" data-mobile_resolution=\"480\" data-mobile_size=\"51\" style=\"height: 51px;\"><\/div><div class=\"dfd-spacer-module\"  data-units=\"px\" data-wide_resolution=\"1280\" data-wide_size=\"51\" data-normal_resolution=\"1024\" data-normal_size=\"51\" data-tablet_resolution=\"800\" data-tablet_size=\"51\" data-mobile_resolution=\"480\" data-mobile_size=\"51\" style=\"height: 51px;\"><\/div><div class=\"dfd-spacer-module\"  data-units=\"px\" data-wide_resolution=\"1280\" data-wide_size=\"50\" data-normal_resolution=\"1024\" data-normal_size=\"50\" data-tablet_resolution=\"800\" data-tablet_size=\"50\" data-mobile_resolution=\"480\" data-mobile_size=\"50\" style=\"height: 50px;\"><\/div>[\/vc_column][\/vc_row][vc_row disable_element=\u00bbyes\u00bb][vc_column width=\u00bb1\/12&#8243;][\/vc_column][vc_column width=\u00bb10\/12&#8243;]<div id=\"dfd-carousel-69f28eacab9a2\" class=\"dfd-carousel-wrapper\"><div class=\"dfd-carousel-module-wrapper  dfd-carousel-horizontal dfd-arrows_aside2 dfd-arrows-style_2 dfd-arrows-enabled\" ><div class=\"dfd-carousel\">[vc_single_image image=\u00bb53048&#8243; add_caption=\u00bbyes\u00bb alignment=\u00bbcenter\u00bb onclick=\u00bbcustom_link\u00bb link=\u00bbhttps:\/\/iconproducts.com\/icon-color\/ecotech\/color\/\u00bb el_class=\u00bbleyenda\u00bb][vc_single_image image=\u00bb53056&#8243; add_caption=\u00bbyes\u00bb alignment=\u00bbcenter\u00bb onclick=\u00bbcustom_link\u00bb link=\u00bbhttps:\/\/iconproducts.com\/icon-color\/ecotech\/developers\/\u00bb el_class=\u00bbleyenda\u00bb][vc_single_image image=\u00bb45615&#8243; add_caption=\u00bbyes\u00bb alignment=\u00bbcenter\u00bb onclick=\u00bbcustom_link\u00bb el_class=\u00bbleyenda\u00bb link=\u00bbhttps:\/\/iconproducts.com\/icon-color\/ecotech\/pure-translucent\/\u00bb][vc_single_image image=\u00bb45620&#8243; add_caption=\u00bbyes\u00bb alignment=\u00bbcenter\u00bb onclick=\u00bbcustom_link\u00bb link=\u00bbhttps:\/\/iconproducts.com\/icon-color\/ecotech\/bleach\/\u00bb el_class=\u00bbleyenda\u00bb][vc_single_image image=\u00bb45625&#8243; add_caption=\u00bbyes\u00bb alignment=\u00bbcenter\u00bb onclick=\u00bbcustom_link\u00bb link=\u00bbhttps:\/\/iconproducts.com\/icon-color\/ecotech\/snow-white\/\u00bb el_class=\u00bbleyenda\u00bb]<\/div><a href=\"#\" class=\"dfd-slider-control prev\" title=\"Previous slide\"><i class=\"dfd-added-font-icon-left-open2\"><\/i><\/a><a href=\"#\" class=\"dfd-slider-control next\" title=\"Next slide\"><i class=\"dfd-added-font-icon-right-open2\"><\/i><\/a><\/div>\t\t\t\t<script type=\"text\/javascript\">\n\t\t\t\t\t(function($) {\n\t\t\t\t\t\t\"use strict\";\n\t\t\t\t\t\tvar $carousel = $('#dfd-carousel-69f28eacab9a2').find('.dfd-carousel');\n\t\t\t\t\t\t$(document).ready(function() {\n\t\t\t\t\t\t\tvar $initialized = ($('body').hasClass('page-template-tmp-side-by-side')) ? $carousel.not('.slick-initialized') : $carousel;\n\t\t\t\t\t\t\t\t\t\t\t\t\t\t$carousel.siblings('.dfd-slider-control.prev').click(function(e) {\n\t\t\t\t\t\t\t\te.preventDefault();\n\t\t\t\t\t\t\t\t$carousel.eq(0).slick('slickPrev');\n\t\t\t\t\t\t\t});\n\t\t\t\t\t\t\t$carousel.siblings('.dfd-slider-control.next').click(function(e) {\n\t\t\t\t\t\t\t\te.preventDefault();\n\t\t\t\t\t\t\t\t$carousel.eq(0).slick('slickNext');\n\t\t\t\t\t\t\t});\n\t\t\t\t\t\t\t$initialized.slick({arrows: false,dotsClass: 'dfd-slick-dots',slidesToScroll: 1,autoplay: true,autoplaySpeed: 3000,dots: false,infinite: true,slidesToShow: 5,speed: 300,swipe: true,draggable: true,adaptiveHeight: true,responsive: [\n\t\t\t\t\t\t\t{\n\t\t\t\t\t\t\t\tbreakpoint: 1024,\n\t\t\t\t\t\t\t\tsettings: {\n\t\t\t\t\t\t\t\t\tslidesToShow: 5,\n\t\t\t\t\t\t\t\t\tslidesToScroll: 1,\n\t\t\t\t\t\t\t\t}\n\t\t\t\t\t\t\t},\n\t\t\t\t\t\t\t{\n\t\t\t\t\t\t\t\tbreakpoint: 800,\n\t\t\t\t\t\t\t\tsettings: {\n\t\t\t\t\t\t\t\t\tslidesToShow: 5,\n\t\t\t\t\t\t\t\t\tslidesToScroll: 1,\n\t\t\t\t\t\t\t\t}\n\t\t\t\t\t\t\t},\n\t\t\t\t\t\t\t{\n\t\t\t\t\t\t\t\tbreakpoint: 480,\n\t\t\t\t\t\t\t\tsettings: {\n\t\t\t\t\t\t\t\t\tslidesToShow: 2,\n\t\t\t\t\t\t\t\t\tslidesToScroll: 1,\n\t\t\t\t\t\t\t\t}\n\t\t\t\t\t\t\t},]});\n\t\t\t\t\t\t\t$(\"head\").append(\"<style>#dfd-carousel-69f28eacab9a2 > .dfd-carousel-module-wrapper > .dfd-carousel > .slick-list > .slick-track > .dfd-item-wrap > .cover {padding: 10px;}#dfd-carousel-69f28eacab9a2 {margin: -10px;}#dfd-carousel-69f28eacab9a2 .dfd-slider-control i, #dfd-carousel-69f28eacab9a2 .dfd-slider-control .count, #dfd-carousel-69f28eacab9a2 .dfd-arrows-style_1 .dfd-slider-control:after {color: #000000;}#dfd-carousel-69f28eacab9a2 .dfd-arrows-style_1 .dfd-slider-control:after, #dfd-carousel-69f28eacab9a2 .dfd-arrows-style_5 .dfd-slider-control:after {background: #000000;}#dfd-carousel-69f28eacab9a2 .dfd-slider-control:hover i, #dfd-carousel-69f28eacab9a2 .dfd-slider-control:hover .count, #dfd-carousel-69f28eacab9a2 .dfd-arrows-style_1 .dfd-slider-control:hover:after {color: #000000;}#dfd-carousel-69f28eacab9a2 .dfd-arrows-style_1 .dfd-slider-control:hover:after, #dfd-carousel-69f28eacab9a2 .dfd-arrows-style_5 .dfd-slider-control:hover:after {background: #000000;}<\/style>\")\t\t\t\t\t\t});\n\t\t\t\t\t})(jQuery);\n\t\t\t\t<\/script>\n            <\/div><div class=\"dfd-spacer-module\"  data-units=\"px\" data-wide_resolution=\"1280\" data-wide_size=\"50\" data-normal_resolution=\"1024\" data-normal_size=\"50\" data-tablet_resolution=\"800\" data-tablet_size=\"50\" data-mobile_resolution=\"480\" data-mobile_size=\"50\" style=\"height: 50px;\"><\/div>[\/vc_column][vc_column width=\u00bb1\/12&#8243;][\/vc_column][\/vc_row]<\/p>\n","protected":false},"excerpt":{"rendered":"<p>[vc_row el_class=\u00bbbtn-buy\u00bb inner_row_bg_position=\u00bbDefault\u00bb inner_row_bg_repeat=\u00bb\u00bb inner_row_custom_img_size=\u00bb\u00bb][vc_column][vc_row_inner][vc_column_inner][vc_single_image image=\u00bb87068&#8243; img_size=\u00bbfull\u00bb alignment=\u00bbcenter\u00bb][\/vc_column_inner][\/vc_row_inner][\/vc_column][\/vc_row][vc_row el_class=\u00bbbtn-buy\u00bb inner_row_bg_position=\u00bbDefault\u00bb inner_row_bg_repeat=\u00bb\u00bb inner_row_custom_img_size=\u00bb\u00bb][vc_column width=\u00bb1\/12&#8243;][vc_row_inner el_class=\u00bbbtn-buy\u00bb][\/vc_row_inner][\/vc_column][vc_column width=\u00bb10\/12&#8243;][vc_column_text] Ecoplex es un sistema de cuidado del cabello que ha revolucionado el mundo del color.<\/p>\n","protected":false},"author":1,"featured_media":0,"parent":0,"menu_order":0,"comment_status":"closed","ping_status":"closed","template":"","meta":{"_acf_changed":false,"footnotes":""},"tags":[],"wf_page_folders":[369],"class_list":["post-93893","page","type-page","status-publish","hentry"],"acf":[],"yoast_head":"<!-- This site is optimized with the Yoast SEO plugin v27.0 - https:\/\/yoast.com\/product\/yoast-seo-wordpress\/ -->\n<title>Ecoplex NEW | I.C.O.N. Products<\/title>\n<meta name=\"robots\" content=\"noindex, nofollow\" \/>\n<meta property=\"og:locale\" content=\"es_ES\" \/>\n<meta property=\"og:type\" content=\"article\" \/>\n<meta property=\"og:title\" content=\"Ecoplex NEW | I.C.O.N. Products\" \/>\n<meta property=\"og:description\" content=\"[vc_row el_class=\u00bbbtn-buy\u00bb inner_row_bg_position=\u00bbDefault\u00bb inner_row_bg_repeat=\u00bb\u00bb inner_row_custom_img_size=\u00bb\u00bb][vc_column][vc_row_inner][vc_column_inner][vc_single_image image=\u00bb87068&#8243; img_size=\u00bbfull\u00bb alignment=\u00bbcenter\u00bb][\/vc_column_inner][\/vc_row_inner][\/vc_column][\/vc_row][vc_row el_class=\u00bbbtn-buy\u00bb inner_row_bg_position=\u00bbDefault\u00bb inner_row_bg_repeat=\u00bb\u00bb inner_row_custom_img_size=\u00bb\u00bb][vc_column width=\u00bb1\/12&#8243;][vc_row_inner el_class=\u00bbbtn-buy\u00bb][\/vc_row_inner][\/vc_column][vc_column width=\u00bb10\/12&#8243;][vc_column_text] Ecoplex es un sistema de cuidado del cabello que ha revolucionado el mundo del color.\" \/>\n<meta property=\"og:url\" content=\"https:\/\/iconproducts.com\/es\/ecoplex-new\/\" \/>\n<meta property=\"og:site_name\" content=\"I.C.O.N. Products\" \/>\n<meta property=\"article:publisher\" content=\"https:\/\/www.facebook.com\/iconproducts.spain\" \/>\n<meta property=\"article:modified_time\" content=\"2022-11-15T10:15:57+00:00\" \/>\n<meta name=\"twitter:card\" content=\"summary_large_image\" \/>\n<script type=\"application\/ld+json\" class=\"yoast-schema-graph\">{\"@context\":\"https:\/\/schema.org\",\"@graph\":[{\"@type\":\"WebPage\",\"@id\":\"https:\/\/iconproducts.com\/es\/ecoplex-new\/\",\"url\":\"https:\/\/iconproducts.com\/es\/ecoplex-new\/\",\"name\":\"Ecoplex NEW | I.C.O.N. Products\",\"isPartOf\":{\"@id\":\"https:\/\/iconproducts.com\/es\/#website\"},\"datePublished\":\"2022-06-14T08:39:59+00:00\",\"dateModified\":\"2022-11-15T10:15:57+00:00\",\"breadcrumb\":{\"@id\":\"https:\/\/iconproducts.com\/es\/ecoplex-new\/#breadcrumb\"},\"inLanguage\":\"es\",\"potentialAction\":[{\"@type\":\"ReadAction\",\"target\":[\"https:\/\/iconproducts.com\/es\/ecoplex-new\/\"]}]},{\"@type\":\"BreadcrumbList\",\"@id\":\"https:\/\/iconproducts.com\/es\/ecoplex-new\/#breadcrumb\",\"itemListElement\":[{\"@type\":\"ListItem\",\"position\":1,\"name\":\"I.C.O.N. Products\",\"item\":\"https:\/\/iconproducts.com\/es\/\"},{\"@type\":\"ListItem\",\"position\":2,\"name\":\"Ecoplex NEW\"}]},{\"@type\":\"WebSite\",\"@id\":\"https:\/\/iconproducts.com\/es\/#website\",\"url\":\"https:\/\/iconproducts.com\/es\/\",\"name\":\"I.C.O.N. Products\",\"description\":\"Productos de peluquer\u00eda\",\"publisher\":{\"@id\":\"https:\/\/iconproducts.com\/es\/#organization\"},\"potentialAction\":[{\"@type\":\"SearchAction\",\"target\":{\"@type\":\"EntryPoint\",\"urlTemplate\":\"https:\/\/iconproducts.com\/es\/?s={search_term_string}\"},\"query-input\":{\"@type\":\"PropertyValueSpecification\",\"valueRequired\":true,\"valueName\":\"search_term_string\"}}],\"inLanguage\":\"es\"},{\"@type\":\"Organization\",\"@id\":\"https:\/\/iconproducts.com\/es\/#organization\",\"name\":\"I.C.O.N. Products\",\"url\":\"https:\/\/iconproducts.com\/es\/\",\"logo\":{\"@type\":\"ImageObject\",\"inLanguage\":\"es\",\"@id\":\"https:\/\/iconproducts.com\/es\/#\/schema\/logo\/image\/\",\"url\":\"https:\/\/iconproducts.com\/wp-content\/uploads\/2018\/08\/logo-icon-1.jpg\",\"contentUrl\":\"https:\/\/iconproducts.com\/wp-content\/uploads\/2018\/08\/logo-icon-1.jpg\",\"width\":1000,\"height\":1000,\"caption\":\"I.C.O.N. Products\"},\"image\":{\"@id\":\"https:\/\/iconproducts.com\/es\/#\/schema\/logo\/image\/\"},\"sameAs\":[\"https:\/\/www.facebook.com\/iconproducts.spain\",\"https:\/\/www.instagram.com\/iconspain\/\",\"https:\/\/www.youtube.com\/channel\/UCw0myea3fiZRsj72sNBnMqQ\"]}]}<\/script>\n<!-- \/ Yoast SEO plugin. -->","yoast_head_json":{"title":"Ecoplex NEW | I.C.O.N. Products","robots":{"index":"noindex","follow":"nofollow"},"og_locale":"es_ES","og_type":"article","og_title":"Ecoplex NEW | I.C.O.N. Products","og_description":"[vc_row el_class=\u00bbbtn-buy\u00bb inner_row_bg_position=\u00bbDefault\u00bb inner_row_bg_repeat=\u00bb\u00bb inner_row_custom_img_size=\u00bb\u00bb][vc_column][vc_row_inner][vc_column_inner][vc_single_image image=\u00bb87068&#8243; img_size=\u00bbfull\u00bb alignment=\u00bbcenter\u00bb][\/vc_column_inner][\/vc_row_inner][\/vc_column][\/vc_row][vc_row el_class=\u00bbbtn-buy\u00bb inner_row_bg_position=\u00bbDefault\u00bb inner_row_bg_repeat=\u00bb\u00bb inner_row_custom_img_size=\u00bb\u00bb][vc_column width=\u00bb1\/12&#8243;][vc_row_inner el_class=\u00bbbtn-buy\u00bb][\/vc_row_inner][\/vc_column][vc_column width=\u00bb10\/12&#8243;][vc_column_text] Ecoplex es un sistema de cuidado del cabello que ha revolucionado el mundo del color.","og_url":"https:\/\/iconproducts.com\/es\/ecoplex-new\/","og_site_name":"I.C.O.N. Products","article_publisher":"https:\/\/www.facebook.com\/iconproducts.spain","article_modified_time":"2022-11-15T10:15:57+00:00","twitter_card":"summary_large_image","schema":{"@context":"https:\/\/schema.org","@graph":[{"@type":"WebPage","@id":"https:\/\/iconproducts.com\/es\/ecoplex-new\/","url":"https:\/\/iconproducts.com\/es\/ecoplex-new\/","name":"Ecoplex NEW | I.C.O.N. Products","isPartOf":{"@id":"https:\/\/iconproducts.com\/es\/#website"},"datePublished":"2022-06-14T08:39:59+00:00","dateModified":"2022-11-15T10:15:57+00:00","breadcrumb":{"@id":"https:\/\/iconproducts.com\/es\/ecoplex-new\/#breadcrumb"},"inLanguage":"es","potentialAction":[{"@type":"ReadAction","target":["https:\/\/iconproducts.com\/es\/ecoplex-new\/"]}]},{"@type":"BreadcrumbList","@id":"https:\/\/iconproducts.com\/es\/ecoplex-new\/#breadcrumb","itemListElement":[{"@type":"ListItem","position":1,"name":"I.C.O.N. Products","item":"https:\/\/iconproducts.com\/es\/"},{"@type":"ListItem","position":2,"name":"Ecoplex NEW"}]},{"@type":"WebSite","@id":"https:\/\/iconproducts.com\/es\/#website","url":"https:\/\/iconproducts.com\/es\/","name":"I.C.O.N. Products","description":"Productos de peluquer\u00eda","publisher":{"@id":"https:\/\/iconproducts.com\/es\/#organization"},"potentialAction":[{"@type":"SearchAction","target":{"@type":"EntryPoint","urlTemplate":"https:\/\/iconproducts.com\/es\/?s={search_term_string}"},"query-input":{"@type":"PropertyValueSpecification","valueRequired":true,"valueName":"search_term_string"}}],"inLanguage":"es"},{"@type":"Organization","@id":"https:\/\/iconproducts.com\/es\/#organization","name":"I.C.O.N. Products","url":"https:\/\/iconproducts.com\/es\/","logo":{"@type":"ImageObject","inLanguage":"es","@id":"https:\/\/iconproducts.com\/es\/#\/schema\/logo\/image\/","url":"https:\/\/iconproducts.com\/wp-content\/uploads\/2018\/08\/logo-icon-1.jpg","contentUrl":"https:\/\/iconproducts.com\/wp-content\/uploads\/2018\/08\/logo-icon-1.jpg","width":1000,"height":1000,"caption":"I.C.O.N. Products"},"image":{"@id":"https:\/\/iconproducts.com\/es\/#\/schema\/logo\/image\/"},"sameAs":["https:\/\/www.facebook.com\/iconproducts.spain","https:\/\/www.instagram.com\/iconspain\/","https:\/\/www.youtube.com\/channel\/UCw0myea3fiZRsj72sNBnMqQ"]}]}},"_links":{"self":[{"href":"https:\/\/iconproducts.com\/es\/wp-json\/wp\/v2\/pages\/93893","targetHints":{"allow":["GET"]}}],"collection":[{"href":"https:\/\/iconproducts.com\/es\/wp-json\/wp\/v2\/pages"}],"about":[{"href":"https:\/\/iconproducts.com\/es\/wp-json\/wp\/v2\/types\/page"}],"author":[{"embeddable":true,"href":"https:\/\/iconproducts.com\/es\/wp-json\/wp\/v2\/users\/1"}],"replies":[{"embeddable":true,"href":"https:\/\/iconproducts.com\/es\/wp-json\/wp\/v2\/comments?post=93893"}],"version-history":[{"count":4,"href":"https:\/\/iconproducts.com\/es\/wp-json\/wp\/v2\/pages\/93893\/revisions"}],"predecessor-version":[{"id":94047,"href":"https:\/\/iconproducts.com\/es\/wp-json\/wp\/v2\/pages\/93893\/revisions\/94047"}],"wp:attachment":[{"href":"https:\/\/iconproducts.com\/es\/wp-json\/wp\/v2\/media?parent=93893"}],"wp:term":[{"taxonomy":"post_tag","embeddable":true,"href":"https:\/\/iconproducts.com\/es\/wp-json\/wp\/v2\/tags?post=93893"},{"taxonomy":"wf_page_folders","embeddable":true,"href":"https:\/\/iconproducts.com\/es\/wp-json\/wp\/v2\/wf_page_folders?post=93893"}],"curies":[{"name":"wp","href":"https:\/\/api.w.org\/{rel}","templated":true}]}}