{"id":101215,"date":"2023-04-28T16:51:16","date_gmt":"2023-04-28T14:51:16","guid":{"rendered":"https:\/\/iconproducts.com\/?page_id=101215"},"modified":"2023-06-15T21:10:58","modified_gmt":"2023-06-15T19:10:58","slug":"sky-blue","status":"publish","type":"page","link":"https:\/\/iconproducts.com\/fr\/icon-color\/ecotech\/bleaches\/sky-blue\/","title":{"rendered":"Sky Blue"},"content":{"rendered":"<p>[vc_row][vc_column]<div class=\"dfd-spacer-module\"  data-units=\"px\" data-wide_resolution=\"1280\" data-wide_size=\"100\" data-normal_resolution=\"1024\" data-normal_size=\"100\" data-tablet_resolution=\"800\" data-tablet_size=\"50\" data-mobile_resolution=\"480\" data-mobile_size=\"50\" style=\"height: 100px;\"><\/div>[\/vc_column][\/vc_row][vc_row][vc_column width=\u00a0\u00bb1\/2&Prime;]<div id=\"dfd-single-image-module69dec2a37d4bd-708\" class=\"dfd-single-image-module  image-center \" ><img fetchpriority=\"high\" decoding=\"async\" src=\"https:\/\/iconproducts.com\/wp-content\/uploads\/2023\/04\/skyblue-powder-bag-2023qr.png\" width=\"1200\" height=\"720\"  alt=\"Image module\" \/><\/div><div class=\"dfd-spacer-module\"  data-units=\"px\" data-wide_resolution=\"1280\" data-wide_size=\"50\" data-normal_resolution=\"1024\" data-normal_size=\"50\" data-tablet_resolution=\"800\" data-tablet_size=\"50\" data-mobile_resolution=\"480\" data-mobile_size=\"50\" style=\"height: 50px;\"><\/div>[\/vc_column][vc_column width=\u00a0\u00bb1\/2&Prime;]<div class=\"dfd-heading-shortcode\"><div class=\"dfd-heading-module-wrap  text-left style_01 dfd-heading-69dec2a37d573 dfd-disable-resposive-headings\" id=\"dfd-heading-69dec2a37d573\" ><div class=\"inline-block\"><div class=\"dfd-heading-module\"><h1 class=\"widget-title dfd-title \" style=\"\">Sky Blue<\/h1><h3 class=\"widget-sub-title dfd-sub-title \" style=\"\">D\u00e9colorant bleu \u00e0 action rapide<\/h3><div class=\"dfd-heading-delimiter\"><\/div><\/div><\/div><\/div><script type=\"text\/javascript\">\n\t\t\t\t\t\t\t\t\t(function($) {\n\t\t\t\t\t\t\t\t\t\t$(\"head\").append(\"<style>.dfd-heading-69dec2a37d573.dfd-heading-module-wrap .dfd-heading-module .dfd-heading-delimiter {border-bottom-style:solid;border-bottom-width:1px;width:100px;border-bottom-color:#dddddd;}.dfd-heading-69dec2a37d573.dfd-heading-module-wrap .dfd-heading-module .dfd-heading-delimiter {margin-top:10px;margin-bottom:10px;}<\/style>\");\n\t\t\t\t\t\t\t\t\t})(jQuery);\n\t\t\t\t\t\t\t\t<\/script><\/div>[vc_column_text]<strong>Sky Blue<\/strong> est le choix id\u00e9al lorsqu&rsquo;un potentiel d&rsquo;\u00e9claircissement maximal est n\u00e9cessaire.<\/p>\n<p>Il s&rsquo;agit d&rsquo;un d\u00e9colorant bleu \u00e0 action rapide qui vous permet d&rsquo;obtenir jusqu&rsquo;\u00e0 9 niveaux d&rsquo;\u00e9claircissement, cr\u00e9ant ainsi un blond platine.<\/p>\n<p>Il est formul\u00e9 avec de l&rsquo;<strong>AH (acide hyaluronique)<\/strong> et de l&rsquo;<strong>Arginine<\/strong> pour aider \u00e0 prot\u00e9ger les liens dans les cheveux pendant la d\u00e9coloration. Il est parfait pour le balayage, les m\u00e8ches et les reflets car il aide \u00e0 \u00e9liminer les tons dor\u00e9s et cuivr\u00e9s ind\u00e9sirables tout en laissant les cheveux intacts, brillants et sains.[\/vc_column_text]<div class=\"dfd-spacer-module\"  data-units=\"px\" data-wide_resolution=\"1280\" data-wide_size=\"20\" data-normal_resolution=\"1024\" data-normal_size=\"20\" data-tablet_resolution=\"800\" data-tablet_size=\"20\" data-mobile_resolution=\"480\" data-mobile_size=\"20\" style=\"height: 20px;\"><\/div><div class=\"dfd-delimier-main-wrapper \" ><div id=\"dfd-delimiter-69dec2a37d6d3-961\"  class=\"dfd-delimier-wrapper dfd-delimiter-with-line \"  style='text-align:left; ' ><span><span class=\"line\" style=\"border-bottom-width:1px; border-bottom-style:dotted; \"><\/span><\/span><\/div><\/div><div class=\"dfd-spacer-module\"  data-units=\"px\" data-wide_resolution=\"1280\" data-wide_size=\"20\" data-normal_resolution=\"1024\" data-normal_size=\"20\" data-tablet_resolution=\"800\" data-tablet_size=\"20\" data-mobile_resolution=\"480\" data-mobile_size=\"20\" style=\"height: 20px;\"><\/div>[vc_column_text]<strong>Tailles disponibles<\/strong>: 500 gr.[\/vc_column_text]<div class=\"dfd-spacer-module\"  data-units=\"px\" data-wide_resolution=\"1280\" data-wide_size=\"20\" data-normal_resolution=\"1024\" data-normal_size=\"20\" data-tablet_resolution=\"800\" data-tablet_size=\"20\" data-mobile_resolution=\"480\" data-mobile_size=\"20\" style=\"height: 20px;\"><\/div><div class=\"dfd-delimier-main-wrapper \" ><div id=\"dfd-delimiter-69dec2a37d78c-2905\"  class=\"dfd-delimier-wrapper dfd-delimiter-with-line \"  style='text-align:left; ' ><span><span class=\"line\" style=\"border-bottom-width:1px; border-bottom-style:dotted; \"><\/span><\/span><\/div><\/div><div class=\"dfd-spacer-module\"  data-units=\"px\" data-wide_resolution=\"1280\" data-wide_size=\"20\" data-normal_resolution=\"1024\" data-normal_size=\"20\" data-tablet_resolution=\"800\" data-tablet_size=\"20\" data-mobile_resolution=\"480\" data-mobile_size=\"20\" style=\"height: 20px;\"><\/div>[\/vc_column][\/vc_row][vc_row][vc_column]<div class=\"dfd-spacer-module\"  data-units=\"px\" data-wide_resolution=\"1280\" data-wide_size=\"51\" data-normal_resolution=\"1024\" data-normal_size=\"51\" data-tablet_resolution=\"800\" data-tablet_size=\"51\" data-mobile_resolution=\"480\" data-mobile_size=\"51\" style=\"height: 51px;\"><\/div><div class=\"dfd-spacer-module\"  data-units=\"px\" data-wide_resolution=\"1280\" data-wide_size=\"51\" data-normal_resolution=\"1024\" data-normal_size=\"51\" data-tablet_resolution=\"800\" data-tablet_size=\"51\" data-mobile_resolution=\"480\" data-mobile_size=\"51\" style=\"height: 51px;\"><\/div><div class=\"dfd-delimier-main-wrapper \" ><div id=\"dfd-delimiter-69dec2a37d86a-2388\"  class=\"dfd-delimier-wrapper dfd-delimiter-with-text \"  style='text-align:left; ' ><span class=\"delim-center\">\n\t\t\t\t<span class=\"text dfd-content-title-small\" style=\"letter-spacing: 4px; font-weight:bold;  color: #000000;\">PRODUCTOS ECOTECH<\/span>\n\t\t\t<\/span><script type=\"text\/javascript\">(function($) {$(\"head\").append(\"<style>#dfd-delimiter-69dec2a37d86a-2388 .delim-center span:before, #dfd-delimiter-69dec2a37d86a-2388 .delim-center span:after { border-bottom-color:#000000; border-bottom-style:dotted; height:1px; border-bottom-width:1px; margin-top: -0.5px; ; } <\/style>\");})(jQuery);<\/script><\/div><\/div><div class=\"dfd-spacer-module\"  data-units=\"px\" data-wide_resolution=\"1280\" data-wide_size=\"50\" data-normal_resolution=\"1024\" data-normal_size=\"50\" data-tablet_resolution=\"800\" data-tablet_size=\"50\" data-mobile_resolution=\"480\" data-mobile_size=\"50\" style=\"height: 50px;\"><\/div>[\/vc_column][\/vc_row][vc_row][vc_column width=\u00a0\u00bb1\/12&Prime;][\/vc_column][vc_column width=\u00a0\u00bb10\/12&Prime;]<div id=\"dfd-carousel-69dec2a37d937\" class=\"dfd-carousel-wrapper\"><div class=\"dfd-carousel-module-wrapper  dfd-carousel-horizontal dfd-arrows_aside2 dfd-arrows-style_2 dfd-arrows-enabled\" ><div class=\"dfd-carousel\">[vc_single_image image=\u00a0\u00bb53044&Prime; add_caption=\u00a0\u00bbyes\u00a0\u00bb alignment=\u00a0\u00bbcenter\u00a0\u00bb onclick=\u00a0\u00bbcustom_link\u00a0\u00bb link=\u00a0\u00bbhttps:\/\/iconproducts.com\/fr\/icon-color\/ecotech\/color\/\u00a0\u00bb el_class=\u00a0\u00bbleyenda\u00a0\u00bb][vc_single_image image=\u00a0\u00bb53052&Prime; add_caption=\u00a0\u00bbyes\u00a0\u00bb alignment=\u00a0\u00bbcenter\u00a0\u00bb onclick=\u00a0\u00bbcustom_link\u00a0\u00bb link=\u00a0\u00bbhttps:\/\/iconproducts.com\/fr\/icon-color\/ecotech\/developers\/\u00a0\u00bb el_class=\u00a0\u00bbleyenda\u00a0\u00bb][vc_single_image image=\u00a0\u00bb59518&Prime; add_caption=\u00a0\u00bbyes\u00a0\u00bb alignment=\u00a0\u00bbcenter\u00a0\u00bb onclick=\u00a0\u00bbcustom_link\u00a0\u00bb el_class=\u00a0\u00bbleyenda\u00a0\u00bb link=\u00a0\u00bbhttps:\/\/iconproducts.com\/fr\/icon-color\/ecotech\/pure-translucent\/\u00a0\u00bb][vc_single_image image=\u00a0\u00bb45617&Prime; add_caption=\u00a0\u00bbyes\u00a0\u00bb alignment=\u00a0\u00bbcenter\u00a0\u00bb onclick=\u00a0\u00bbcustom_link\u00a0\u00bb link=\u00a0\u00bbhttps:\/\/iconproducts.com\/fr\/icon-color\/ecotech\/bleach\/\u00a0\u00bb el_class=\u00a0\u00bbleyenda\u00a0\u00bb][vc_single_image image=\u00a0\u00bb45622&Prime; add_caption=\u00a0\u00bbyes\u00a0\u00bb alignment=\u00a0\u00bbcenter\u00a0\u00bb onclick=\u00a0\u00bbcustom_link\u00a0\u00bb link=\u00a0\u00bbhttps:\/\/iconproducts.com\/fr\/icon-color\/ecotech\/snow-white\/\u00a0\u00bb el_class=\u00a0\u00bbleyenda\u00a0\u00bb]<\/div><a href=\"#\" class=\"dfd-slider-control prev\" title=\"Previous slide\"><i class=\"dfd-added-font-icon-left-open2\"><\/i><\/a><a href=\"#\" class=\"dfd-slider-control next\" title=\"Next slide\"><i class=\"dfd-added-font-icon-right-open2\"><\/i><\/a><\/div>\t\t\t\t<script type=\"text\/javascript\">\n\t\t\t\t\t(function($) {\n\t\t\t\t\t\t\"use strict\";\n\t\t\t\t\t\tvar $carousel = $('#dfd-carousel-69dec2a37d937').find('.dfd-carousel');\n\t\t\t\t\t\t$(document).ready(function() {\n\t\t\t\t\t\t\tvar $initialized = ($('body').hasClass('page-template-tmp-side-by-side')) ? $carousel.not('.slick-initialized') : $carousel;\n\t\t\t\t\t\t\t\t\t\t\t\t\t\t$carousel.siblings('.dfd-slider-control.prev').click(function(e) {\n\t\t\t\t\t\t\t\te.preventDefault();\n\t\t\t\t\t\t\t\t$carousel.eq(0).slick('slickPrev');\n\t\t\t\t\t\t\t});\n\t\t\t\t\t\t\t$carousel.siblings('.dfd-slider-control.next').click(function(e) {\n\t\t\t\t\t\t\t\te.preventDefault();\n\t\t\t\t\t\t\t\t$carousel.eq(0).slick('slickNext');\n\t\t\t\t\t\t\t});\n\t\t\t\t\t\t\t$initialized.slick({arrows: false,dotsClass: 'dfd-slick-dots',slidesToScroll: 1,autoplay: true,autoplaySpeed: 3000,dots: false,infinite: true,slidesToShow: 5,speed: 300,swipe: true,draggable: true,adaptiveHeight: true,responsive: [\n\t\t\t\t\t\t\t{\n\t\t\t\t\t\t\t\tbreakpoint: 1024,\n\t\t\t\t\t\t\t\tsettings: {\n\t\t\t\t\t\t\t\t\tslidesToShow: 5,\n\t\t\t\t\t\t\t\t\tslidesToScroll: 1,\n\t\t\t\t\t\t\t\t}\n\t\t\t\t\t\t\t},\n\t\t\t\t\t\t\t{\n\t\t\t\t\t\t\t\tbreakpoint: 800,\n\t\t\t\t\t\t\t\tsettings: {\n\t\t\t\t\t\t\t\t\tslidesToShow: 5,\n\t\t\t\t\t\t\t\t\tslidesToScroll: 1,\n\t\t\t\t\t\t\t\t}\n\t\t\t\t\t\t\t},\n\t\t\t\t\t\t\t{\n\t\t\t\t\t\t\t\tbreakpoint: 480,\n\t\t\t\t\t\t\t\tsettings: {\n\t\t\t\t\t\t\t\t\tslidesToShow: 2,\n\t\t\t\t\t\t\t\t\tslidesToScroll: 1,\n\t\t\t\t\t\t\t\t}\n\t\t\t\t\t\t\t},]});\n\t\t\t\t\t\t\t$(\"head\").append(\"<style>#dfd-carousel-69dec2a37d937 > .dfd-carousel-module-wrapper > .dfd-carousel > .slick-list > .slick-track > .dfd-item-wrap > .cover {padding: 10px;}#dfd-carousel-69dec2a37d937 {margin: -10px;}#dfd-carousel-69dec2a37d937 .dfd-slider-control i, #dfd-carousel-69dec2a37d937 .dfd-slider-control .count, #dfd-carousel-69dec2a37d937 .dfd-arrows-style_1 .dfd-slider-control:after {color: #000000;}#dfd-carousel-69dec2a37d937 .dfd-arrows-style_1 .dfd-slider-control:after, #dfd-carousel-69dec2a37d937 .dfd-arrows-style_5 .dfd-slider-control:after {background: #000000;}#dfd-carousel-69dec2a37d937 .dfd-slider-control:hover i, #dfd-carousel-69dec2a37d937 .dfd-slider-control:hover .count, #dfd-carousel-69dec2a37d937 .dfd-arrows-style_1 .dfd-slider-control:hover:after {color: #000000;}#dfd-carousel-69dec2a37d937 .dfd-arrows-style_1 .dfd-slider-control:hover:after, #dfd-carousel-69dec2a37d937 .dfd-arrows-style_5 .dfd-slider-control:hover:after {background: #000000;}<\/style>\")\t\t\t\t\t\t});\n\t\t\t\t\t})(jQuery);\n\t\t\t\t<\/script>\n            <\/div><div class=\"dfd-spacer-module\"  data-units=\"px\" data-wide_resolution=\"1280\" data-wide_size=\"50\" data-normal_resolution=\"1024\" data-normal_size=\"50\" data-tablet_resolution=\"800\" data-tablet_size=\"50\" data-mobile_resolution=\"480\" data-mobile_size=\"50\" style=\"height: 50px;\"><\/div>[\/vc_column][vc_column width=\u00a0\u00bb1\/12&Prime;][\/vc_column][\/vc_row]<\/p>\n","protected":false},"excerpt":{"rendered":"<p>[vc_row][vc_column][\/vc_column][\/vc_row][vc_row][vc_column width=\u00a0\u00bb1\/2&Prime;][\/vc_column][vc_column width=\u00a0\u00bb1\/2&Prime;][vc_column_text]Sky Blue est le choix id\u00e9al lorsqu&rsquo;un potentiel d&rsquo;\u00e9claircissement maximal est n\u00e9cessaire. Il s&rsquo;agit d&rsquo;un d\u00e9colorant bleu \u00e0 action rapide qui vous permet d&rsquo;obtenir jusqu&rsquo;\u00e0 9 niveaux d&rsquo;\u00e9claircissement,<\/p>\n","protected":false},"author":1,"featured_media":0,"parent":84768,"menu_order":0,"comment_status":"closed","ping_status":"closed","template":"","meta":{"_acf_changed":false,"footnotes":""},"tags":[],"wf_page_folders":[],"class_list":["post-101215","page","type-page","status-publish","hentry"],"acf":[],"yoast_head":"<!-- This site is optimized with the Yoast SEO plugin v27.0 - https:\/\/yoast.com\/product\/yoast-seo-wordpress\/ -->\n<title>Sky Blue | I.C.O.N. Products<\/title>\n<meta name=\"robots\" content=\"index, follow, max-snippet:-1, max-image-preview:large, max-video-preview:-1\" \/>\n<link rel=\"canonical\" href=\"https:\/\/iconproducts.com\/fr\/icon-color\/ecotech\/bleaches\/sky-blue\/\" \/>\n<meta property=\"og:locale\" content=\"fr_FR\" \/>\n<meta property=\"og:type\" content=\"article\" \/>\n<meta property=\"og:title\" content=\"Sky Blue | I.C.O.N. Products\" \/>\n<meta property=\"og:description\" content=\"[vc_row][vc_column][\/vc_column][\/vc_row][vc_row][vc_column width=\u00a0\u00bb1\/2&Prime;][\/vc_column][vc_column width=\u00a0\u00bb1\/2&Prime;][vc_column_text]Sky Blue est le choix id\u00e9al lorsqu&rsquo;un potentiel d&rsquo;\u00e9claircissement maximal est n\u00e9cessaire. Il s&rsquo;agit d&rsquo;un d\u00e9colorant bleu \u00e0 action rapide qui vous permet d&rsquo;obtenir jusqu&rsquo;\u00e0 9 niveaux d&rsquo;\u00e9claircissement,\" \/>\n<meta property=\"og:url\" content=\"https:\/\/iconproducts.com\/fr\/icon-color\/ecotech\/bleaches\/sky-blue\/\" \/>\n<meta property=\"og:site_name\" content=\"I.C.O.N. Products\" \/>\n<meta property=\"article:publisher\" content=\"https:\/\/www.facebook.com\/iconproducts.spain\" \/>\n<meta property=\"article:modified_time\" content=\"2023-06-15T19:10:58+00:00\" \/>\n<meta name=\"twitter:card\" content=\"summary_large_image\" \/>\n<script type=\"application\/ld+json\" class=\"yoast-schema-graph\">{\"@context\":\"https:\/\/schema.org\",\"@graph\":[{\"@type\":\"WebPage\",\"@id\":\"https:\/\/iconproducts.com\/fr\/icon-color\/ecotech\/bleaches\/sky-blue\/\",\"url\":\"https:\/\/iconproducts.com\/fr\/icon-color\/ecotech\/bleaches\/sky-blue\/\",\"name\":\"Sky Blue | I.C.O.N. Products\",\"isPartOf\":{\"@id\":\"https:\/\/iconproducts.com\/es\/#website\"},\"datePublished\":\"2023-04-28T14:51:16+00:00\",\"dateModified\":\"2023-06-15T19:10:58+00:00\",\"breadcrumb\":{\"@id\":\"https:\/\/iconproducts.com\/fr\/icon-color\/ecotech\/bleaches\/sky-blue\/#breadcrumb\"},\"inLanguage\":\"fr-FR\",\"potentialAction\":[{\"@type\":\"ReadAction\",\"target\":[\"https:\/\/iconproducts.com\/fr\/icon-color\/ecotech\/bleaches\/sky-blue\/\"]}]},{\"@type\":\"BreadcrumbList\",\"@id\":\"https:\/\/iconproducts.com\/fr\/icon-color\/ecotech\/bleaches\/sky-blue\/#breadcrumb\",\"itemListElement\":[{\"@type\":\"ListItem\",\"position\":1,\"name\":\"I.C.O.N. Products\",\"item\":\"https:\/\/iconproducts.com\/fr\/\"},{\"@type\":\"ListItem\",\"position\":2,\"name\":\"I.C.O.N. Color\",\"item\":\"https:\/\/iconproducts.com\/fr\/icon-color\/\"},{\"@type\":\"ListItem\",\"position\":3,\"name\":\"Ecotech\",\"item\":\"https:\/\/iconproducts.com\/fr\/icon-color\/ecotech\/\"},{\"@type\":\"ListItem\",\"position\":4,\"name\":\"Bleaches\",\"item\":\"https:\/\/iconproducts.com\/fr\/icon-color\/ecotech\/bleaches\/\"},{\"@type\":\"ListItem\",\"position\":5,\"name\":\"Sky Blue\"}]},{\"@type\":\"WebSite\",\"@id\":\"https:\/\/iconproducts.com\/es\/#website\",\"url\":\"https:\/\/iconproducts.com\/es\/\",\"name\":\"I.C.O.N. Products\",\"description\":\"Productos de peluquer\u00eda\",\"publisher\":{\"@id\":\"https:\/\/iconproducts.com\/es\/#organization\"},\"potentialAction\":[{\"@type\":\"SearchAction\",\"target\":{\"@type\":\"EntryPoint\",\"urlTemplate\":\"https:\/\/iconproducts.com\/es\/?s={search_term_string}\"},\"query-input\":{\"@type\":\"PropertyValueSpecification\",\"valueRequired\":true,\"valueName\":\"search_term_string\"}}],\"inLanguage\":\"fr-FR\"},{\"@type\":\"Organization\",\"@id\":\"https:\/\/iconproducts.com\/es\/#organization\",\"name\":\"I.C.O.N. Products\",\"url\":\"https:\/\/iconproducts.com\/es\/\",\"logo\":{\"@type\":\"ImageObject\",\"inLanguage\":\"fr-FR\",\"@id\":\"https:\/\/iconproducts.com\/es\/#\/schema\/logo\/image\/\",\"url\":\"https:\/\/iconproducts.com\/wp-content\/uploads\/2018\/08\/logo-icon-1.jpg\",\"contentUrl\":\"https:\/\/iconproducts.com\/wp-content\/uploads\/2018\/08\/logo-icon-1.jpg\",\"width\":1000,\"height\":1000,\"caption\":\"I.C.O.N. Products\"},\"image\":{\"@id\":\"https:\/\/iconproducts.com\/es\/#\/schema\/logo\/image\/\"},\"sameAs\":[\"https:\/\/www.facebook.com\/iconproducts.spain\",\"https:\/\/www.instagram.com\/iconspain\/\",\"https:\/\/www.youtube.com\/channel\/UCw0myea3fiZRsj72sNBnMqQ\"]}]}<\/script>\n<!-- \/ Yoast SEO plugin. -->","yoast_head_json":{"title":"Sky Blue | I.C.O.N. Products","robots":{"index":"index","follow":"follow","max-snippet":"max-snippet:-1","max-image-preview":"max-image-preview:large","max-video-preview":"max-video-preview:-1"},"canonical":"https:\/\/iconproducts.com\/fr\/icon-color\/ecotech\/bleaches\/sky-blue\/","og_locale":"fr_FR","og_type":"article","og_title":"Sky Blue | I.C.O.N. Products","og_description":"[vc_row][vc_column][\/vc_column][\/vc_row][vc_row][vc_column width=\u00a0\u00bb1\/2&Prime;][\/vc_column][vc_column width=\u00a0\u00bb1\/2&Prime;][vc_column_text]Sky Blue est le choix id\u00e9al lorsqu&rsquo;un potentiel d&rsquo;\u00e9claircissement maximal est n\u00e9cessaire. Il s&rsquo;agit d&rsquo;un d\u00e9colorant bleu \u00e0 action rapide qui vous permet d&rsquo;obtenir jusqu&rsquo;\u00e0 9 niveaux d&rsquo;\u00e9claircissement,","og_url":"https:\/\/iconproducts.com\/fr\/icon-color\/ecotech\/bleaches\/sky-blue\/","og_site_name":"I.C.O.N. Products","article_publisher":"https:\/\/www.facebook.com\/iconproducts.spain","article_modified_time":"2023-06-15T19:10:58+00:00","twitter_card":"summary_large_image","schema":{"@context":"https:\/\/schema.org","@graph":[{"@type":"WebPage","@id":"https:\/\/iconproducts.com\/fr\/icon-color\/ecotech\/bleaches\/sky-blue\/","url":"https:\/\/iconproducts.com\/fr\/icon-color\/ecotech\/bleaches\/sky-blue\/","name":"Sky Blue | I.C.O.N. Products","isPartOf":{"@id":"https:\/\/iconproducts.com\/es\/#website"},"datePublished":"2023-04-28T14:51:16+00:00","dateModified":"2023-06-15T19:10:58+00:00","breadcrumb":{"@id":"https:\/\/iconproducts.com\/fr\/icon-color\/ecotech\/bleaches\/sky-blue\/#breadcrumb"},"inLanguage":"fr-FR","potentialAction":[{"@type":"ReadAction","target":["https:\/\/iconproducts.com\/fr\/icon-color\/ecotech\/bleaches\/sky-blue\/"]}]},{"@type":"BreadcrumbList","@id":"https:\/\/iconproducts.com\/fr\/icon-color\/ecotech\/bleaches\/sky-blue\/#breadcrumb","itemListElement":[{"@type":"ListItem","position":1,"name":"I.C.O.N. Products","item":"https:\/\/iconproducts.com\/fr\/"},{"@type":"ListItem","position":2,"name":"I.C.O.N. Color","item":"https:\/\/iconproducts.com\/fr\/icon-color\/"},{"@type":"ListItem","position":3,"name":"Ecotech","item":"https:\/\/iconproducts.com\/fr\/icon-color\/ecotech\/"},{"@type":"ListItem","position":4,"name":"Bleaches","item":"https:\/\/iconproducts.com\/fr\/icon-color\/ecotech\/bleaches\/"},{"@type":"ListItem","position":5,"name":"Sky Blue"}]},{"@type":"WebSite","@id":"https:\/\/iconproducts.com\/es\/#website","url":"https:\/\/iconproducts.com\/es\/","name":"I.C.O.N. Products","description":"Productos de peluquer\u00eda","publisher":{"@id":"https:\/\/iconproducts.com\/es\/#organization"},"potentialAction":[{"@type":"SearchAction","target":{"@type":"EntryPoint","urlTemplate":"https:\/\/iconproducts.com\/es\/?s={search_term_string}"},"query-input":{"@type":"PropertyValueSpecification","valueRequired":true,"valueName":"search_term_string"}}],"inLanguage":"fr-FR"},{"@type":"Organization","@id":"https:\/\/iconproducts.com\/es\/#organization","name":"I.C.O.N. Products","url":"https:\/\/iconproducts.com\/es\/","logo":{"@type":"ImageObject","inLanguage":"fr-FR","@id":"https:\/\/iconproducts.com\/es\/#\/schema\/logo\/image\/","url":"https:\/\/iconproducts.com\/wp-content\/uploads\/2018\/08\/logo-icon-1.jpg","contentUrl":"https:\/\/iconproducts.com\/wp-content\/uploads\/2018\/08\/logo-icon-1.jpg","width":1000,"height":1000,"caption":"I.C.O.N. Products"},"image":{"@id":"https:\/\/iconproducts.com\/es\/#\/schema\/logo\/image\/"},"sameAs":["https:\/\/www.facebook.com\/iconproducts.spain","https:\/\/www.instagram.com\/iconspain\/","https:\/\/www.youtube.com\/channel\/UCw0myea3fiZRsj72sNBnMqQ"]}]}},"_links":{"self":[{"href":"https:\/\/iconproducts.com\/fr\/wp-json\/wp\/v2\/pages\/101215","targetHints":{"allow":["GET"]}}],"collection":[{"href":"https:\/\/iconproducts.com\/fr\/wp-json\/wp\/v2\/pages"}],"about":[{"href":"https:\/\/iconproducts.com\/fr\/wp-json\/wp\/v2\/types\/page"}],"author":[{"embeddable":true,"href":"https:\/\/iconproducts.com\/fr\/wp-json\/wp\/v2\/users\/1"}],"replies":[{"embeddable":true,"href":"https:\/\/iconproducts.com\/fr\/wp-json\/wp\/v2\/comments?post=101215"}],"version-history":[{"count":9,"href":"https:\/\/iconproducts.com\/fr\/wp-json\/wp\/v2\/pages\/101215\/revisions"}],"predecessor-version":[{"id":104209,"href":"https:\/\/iconproducts.com\/fr\/wp-json\/wp\/v2\/pages\/101215\/revisions\/104209"}],"up":[{"embeddable":true,"href":"https:\/\/iconproducts.com\/fr\/wp-json\/wp\/v2\/pages\/84768"}],"wp:attachment":[{"href":"https:\/\/iconproducts.com\/fr\/wp-json\/wp\/v2\/media?parent=101215"}],"wp:term":[{"taxonomy":"post_tag","embeddable":true,"href":"https:\/\/iconproducts.com\/fr\/wp-json\/wp\/v2\/tags?post=101215"},{"taxonomy":"wf_page_folders","embeddable":true,"href":"https:\/\/iconproducts.com\/fr\/wp-json\/wp\/v2\/wf_page_folders?post=101215"}],"curies":[{"name":"wp","href":"https:\/\/api.w.org\/{rel}","templated":true}]}}