{"id":114849,"date":"2023-11-10T12:35:14","date_gmt":"2023-11-10T11:35:14","guid":{"rendered":"https:\/\/iconproducts.com\/?page_id=114849"},"modified":"2024-01-18T10:57:46","modified_gmt":"2024-01-18T09:57:46","slug":"body","status":"publish","type":"page","link":"https:\/\/iconproducts.com\/fr\/styling\/body\/","title":{"rendered":"Body"},"content":{"rendered":"<p>[vc_row][vc_column]<div class=\"dfd-spacer-module\"  data-units=\"px\" data-wide_resolution=\"1280\" data-wide_size=\"100\" data-normal_resolution=\"1024\" data-normal_size=\"100\" data-tablet_resolution=\"800\" data-tablet_size=\"50\" data-mobile_resolution=\"480\" data-mobile_size=\"50\" style=\"height: 100px;\"><\/div>[\/vc_column][\/vc_row][vc_row][vc_column width=\u00a0\u00bb1\/2&Prime;]<div id=\"dfd-single-image-module69e8d6cfcdcd5-7259\" class=\"dfd-single-image-module  image-center \" ><img fetchpriority=\"high\" decoding=\"async\" src=\"https:\/\/iconproducts.com\/wp-content\/uploads\/2023\/11\/body-icon-products.jpg\" width=\"1000\" height=\"1000\"  alt=\"Image module\" \/><\/div>[\/vc_column][vc_column width=\u00a0\u00bb1\/2&Prime;]<div class=\"dfd-heading-shortcode\"><div class=\"dfd-heading-module-wrap  text-left style_01 dfd-heading-69e8d6cfcdd30 dfd-disable-resposive-headings\" id=\"dfd-heading-69e8d6cfcdd30\" ><div class=\"inline-block\"><div class=\"dfd-heading-module\"><h1 class=\"widget-title dfd-title \" style=\"\">Body<\/h1><h1 class=\"widget-sub-title dfd-sub-title \" style=\"\">Mousse Volumisante<\/h1><div class=\"dfd-heading-delimiter\"><\/div><\/div><\/div><\/div><script type=\"text\/javascript\">\n\t\t\t\t\t\t\t\t\t(function($) {\n\t\t\t\t\t\t\t\t\t\t$(\"head\").append(\"<style>.dfd-heading-69e8d6cfcdd30.dfd-heading-module-wrap .dfd-heading-module .dfd-heading-delimiter {border-bottom-style:solid;border-bottom-width:1px;width:100px;border-bottom-color:#dddddd;}.dfd-heading-69e8d6cfcdd30.dfd-heading-module-wrap .dfd-heading-module .dfd-heading-delimiter {margin-top:10px;margin-bottom:10px;}<\/style>\");\n\t\t\t\t\t\t\t\t\t})(jQuery);\n\t\t\t\t\t\t\t\t<\/script><\/div>[vc_column_text]<strong>Ce que c\u2019est:<\/strong><\/p>\n<p>Mousse Volumisante.<\/p>\n<p><strong>Pour qui?:<\/strong><\/p>\n<p>Id\u00e9al pour les cheveux fins \u00e0 moyens, apportant corps et protection pendant le s\u00e9chage.<\/p>\n<p><strong>Ce qu\u2019il fait:<\/strong><\/p>\n<p>Apporte force, maniabilit\u00e9 et volume durable tout en prot\u00e9geant les cheveux de l&rsquo;exposition thermique, ce qui permet d&rsquo;obtenir des cheveux sains et volumineux.<\/p>\n<p><strong>Comment l\u2019utiliser?:<\/strong><\/p>\n<p>Utiliser sur cheveux fra\u00eechement lav\u00e9s, conditionn\u00e9s et s\u00e9ch\u00e9s \u00e0 l\u2019aide d\u2019une serviette.\u00a0Appliquer 2 \u00e0 3 pressions, des racines aux pointes et cr\u00e9er le style d\u00e9sir\u00e9 (la quantit\u00e9 exacte de produit d\u00e9pendra de la\u00a0quantit\u00e9 de cheveux que vous avez).\u00a0Pour plus de corps, appliquer sur la section s\u00e8che d\u00e9sir\u00e9e et s\u00e9cher \u00e0 nouveau.[\/vc_column_text]<div class=\"dfd-spacer-module\"  data-units=\"px\" data-wide_resolution=\"1280\" data-wide_size=\"50\" data-normal_resolution=\"1024\" data-normal_size=\"50\" data-tablet_resolution=\"800\" data-tablet_size=\"50\" data-mobile_resolution=\"480\" data-mobile_size=\"50\" style=\"height: 50px;\"><\/div><div class=\"dfd-delimier-main-wrapper \" ><div id=\"dfd-delimiter-69e8d6cfcdea6-3251\"  class=\"dfd-delimier-wrapper dfd-delimiter-with-line \"  style='text-align:left; ' ><span><span class=\"line\" style=\"border-bottom-width:1px; border-bottom-style:dotted; \"><\/span><\/span><\/div><\/div><div class=\"dfd-spacer-module\"  data-units=\"px\" data-wide_resolution=\"1280\" data-wide_size=\"20\" data-normal_resolution=\"1024\" data-normal_size=\"20\" data-tablet_resolution=\"800\" data-tablet_size=\"20\" data-mobile_resolution=\"480\" data-mobile_size=\"20\" style=\"height: 20px;\"><\/div>[vc_row_inner el_class=\u00a0\u00bbbloque-tamanos\u00a0\u00bb][vc_column_inner][vc_column_text]<strong>Tailles disponibles<\/strong>:[\/vc_column_text]<div class=\"dfd-info-banner style-01  text-center\" ><div class=\"image-cover \"><img decoding=\"async\" src=\"https:\/\/iconproducts.com\/wp-content\/uploads\/2023\/11\/body-60x100.jpg\" alt=\"Image\"  width=\"60\" height=\"100\" class=\"info-banner-image \" \/><\/div><div class=\"info-box-title feature-title\" style=\"\">177 ml<\/div><div class=\"wrap-delimiter\"><div class=\"delimiter\" ><\/div><\/div><\/div>[\/vc_column_inner][\/vc_row_inner][vc_row_inner el_class=\u00a0\u00bbbtn-buy\u00a0\u00bb][vc_column_inner]<div class=\"dfd-delimier-main-wrapper \" ><div id=\"dfd-delimiter-69e8d6cfce1f9-3297\"  class=\"dfd-delimier-wrapper dfd-delimiter-with-line \"  style='text-align:left; ' ><span><span class=\"line\" style=\"border-bottom-width:1px; border-bottom-style:dotted; \"><\/span><\/span><\/div><\/div><div class=\"dfd-spacer-module\"  data-units=\"px\" data-wide_resolution=\"1280\" data-wide_size=\"20\" data-normal_resolution=\"1024\" data-normal_size=\"20\" data-tablet_resolution=\"800\" data-tablet_size=\"20\" data-mobile_resolution=\"480\" data-mobile_size=\"20\" style=\"height: 20px;\"><\/div>[\/vc_column_inner][\/vc_row_inner][\/vc_column][\/vc_row][vc_section el_id=\u00a0\u00bbnew-ficha-product\u00a0\u00bb css=\u00a0\u00bb.vc_custom_1649262699387{margin-bottom: 60px !important;}\u00a0\u00bb][vc_row][vc_column]<div class=\"dfd-spacer-module\"  data-units=\"px\" data-wide_resolution=\"1280\" data-wide_size=\"50\" data-normal_resolution=\"1024\" data-normal_size=\"50\" data-tablet_resolution=\"800\" data-tablet_size=\"50\" data-mobile_resolution=\"480\" data-mobile_size=\"50\" style=\"height: 50px;\"><\/div>[dfd_tta_tabs style=\u00a0\u00bbempty_style\u00a0\u00bb tab_title_uppercase=\u00a0\u00bbuppercase\u00a0\u00bb font_size=\u00a0\u00bb15&Prime; icon_size=\u00a0\u00bb15&Prime; active_section=\u00a0\u00bb1&Prime; tab_title_font_options=\u00a0\u00bbfont_style_bold:1&Prime;][vc_tta_section i_position=\u00a0\u00bbright\u00a0\u00bb i_icon_fontawesome=\u00a0\u00bbfas fa-plus\u00a0\u00bb add_icon=\u00a0\u00bbtrue\u00a0\u00bb title=\u00a0\u00bbIngr\u00e9dients Actifs\u00a0\u00bb tab_id=\u00a0\u00bb1648023039495-7bc2b53a-3435&Prime;]<div class=\"dfd-spacer-module\"  data-units=\"px\" data-wide_resolution=\"1280\" data-wide_size=\"10\" data-normal_resolution=\"1024\" data-normal_size=\"10\" data-tablet_resolution=\"800\" data-tablet_size=\"10\" data-mobile_resolution=\"480\" data-mobile_size=\"10\" style=\"height: 10px;\"><\/div>[vc_row_inner][vc_column_inner width=\u00a0\u00bb1\/4&Prime; css=\u00a0\u00bb.vc_custom_1648024148386{padding-bottom: 40px !important;}\u00a0\u00bb col_inner_shadow=\u00a0\u00bbbox_shadow_enable:disable|shadow_horizontal:0|shadow_vertical:15|shadow_blur:50|shadow_spread:0|box_shadow_color:rgba(0%2C0%2C0%2C0.35)\u00a0\u00bb col_inner_shadow_hover=\u00a0\u00bbbox_shadow_enable:disable|shadow_horizontal:0|shadow_vertical:15|shadow_blur:50|shadow_spread:0|box_shadow_color:rgba(0%2C0%2C0%2C0.35)\u00a0\u00bb]<div id=\"idinfobox69e8d6cfce31e\" class=\"dfd-info-box clearfix style-01 layout-04 box-ficha-product idinfobox69e8d6cfce31e\" ><div class=\"dfd-animate-container\"><div class=\"icon-wrapper\"><div class=\"module-icon\" ><div class=\"hover-layer\" ><\/div><img decoding=\"async\" src=\"https:\/\/iconproducts.com\/wp-content\/uploads\/2023\/11\/black-walnut-2.jpg\" alt=\"Image icon\" style=\"opacity: 1;\" \/><\/div><\/div><div class=\"content-wrap ovh\"><div class=\"info-box-title feature-title\" style=\"font-size: 18px; font-weight:bold; \">NOIX NOIRE<\/div><div class=\"wrap-delimiter\"><div class=\"delimiter\" ><\/div><\/div><div class=\"description\" style=\"\">Nourrit et apporte de la brillance<\/div><\/div><\/div><\/div>[\/vc_column_inner][vc_column_inner width=\u00a0\u00bb1\/4&Prime; css=\u00a0\u00bb.vc_custom_1648024152883{padding-bottom: 40px !important;}\u00a0\u00bb col_inner_shadow=\u00a0\u00bbbox_shadow_enable:disable|shadow_horizontal:0|shadow_vertical:15|shadow_blur:50|shadow_spread:0|box_shadow_color:rgba(0%2C0%2C0%2C0.35)\u00a0\u00bb col_inner_shadow_hover=\u00a0\u00bbbox_shadow_enable:disable|shadow_horizontal:0|shadow_vertical:15|shadow_blur:50|shadow_spread:0|box_shadow_color:rgba(0%2C0%2C0%2C0.35)\u00a0\u00bb]<div id=\"idinfobox69e8d6cfce547\" class=\"dfd-info-box clearfix style-01 layout-04 box-ficha-product idinfobox69e8d6cfce547\" ><div class=\"dfd-animate-container\"><div class=\"icon-wrapper\"><div class=\"module-icon\" ><div class=\"hover-layer\" ><\/div><img decoding=\"async\" src=\"https:\/\/iconproducts.com\/wp-content\/uploads\/2023\/11\/ginseng-1.jpg\" alt=\"Image icon\" style=\"opacity: 1;\" \/><\/div><\/div><div class=\"content-wrap ovh\"><div class=\"info-box-title feature-title\" style=\"font-size: 18px; font-weight:bold; \">GINSENG<\/div><div class=\"wrap-delimiter\"><div class=\"delimiter\" ><\/div><\/div><div class=\"description\" style=\"\">Aide \u00e0 renforcer les cheveux, \u00e0 r\u00e9duire les dommages et \u00e0 pr\u00e9venir les casse.<\/div><\/div><\/div><\/div>[\/vc_column_inner][vc_column_inner width=\u00a0\u00bb1\/4&Prime;]<div id=\"idinfobox69e8d6cfce72e\" class=\"dfd-info-box clearfix style-01 layout-04 box-ficha-product idinfobox69e8d6cfce72e\" ><div class=\"dfd-animate-container\"><div class=\"icon-wrapper\"><div class=\"module-icon\" ><div class=\"hover-layer\" ><\/div><img decoding=\"async\" src=\"https:\/\/iconproducts.com\/wp-content\/uploads\/2022\/04\/arroz.jpg\" alt=\"Image icon\" style=\"opacity: 1;\" \/><\/div><\/div><div class=\"content-wrap ovh\"><div class=\"info-box-title feature-title\" style=\"font-size: 18px; font-weight:bold; \">FERMENT DE SON DE RIZ<\/div><div class=\"wrap-delimiter\"><div class=\"delimiter\" ><\/div><\/div><div class=\"description\" style=\"\">Acide lactique, acides amin\u00e9s, peptides, oligosaccharides et autres petites mol\u00e9cules qui r\u00e9parent et restaurent l\u2019\u00e9lasticit\u00e9 des<br \/>\ncheveux.<\/div><\/div><\/div><\/div>[\/vc_column_inner][vc_column_inner width=\u00a0\u00bb1\/4&Prime;]<div id=\"idinfobox69e8d6cfce982\" class=\"dfd-info-box clearfix style-01 layout-04 box-ficha-product idinfobox69e8d6cfce982\" ><div class=\"dfd-animate-container\"><div class=\"icon-wrapper\"><div class=\"module-icon\" ><div class=\"hover-layer\" ><\/div><img decoding=\"async\" src=\"https:\/\/iconproducts.com\/wp-content\/uploads\/2019\/04\/trigo.jpg\" alt=\"Image icon\" style=\"opacity: 1;\" \/><\/div><\/div><div class=\"content-wrap ovh\"><div class=\"info-box-title feature-title\" style=\"font-size: 18px; font-weight:bold; \">PROT\u00c9INES VOLUMATRICES<\/div><div class=\"wrap-delimiter\"><div class=\"delimiter\" ><\/div><\/div><div class=\"description\" style=\"\">Les prot\u00e9ines hydrolys\u00e9es d\u2019orge, de quinoa et de bl\u00e9 ajoutent de la force et du volume \u00e0 chaque m\u00e8che, apportant corps et<br \/>\nstructure.<\/div><\/div><\/div><\/div>[\/vc_column_inner][\/vc_row_inner][\/vc_tta_section][vc_tta_section i_position=\u00a0\u00bbright\u00a0\u00bb i_icon_fontawesome=\u00a0\u00bbfas fa-plus\u00a0\u00bb add_icon=\u00a0\u00bbtrue\u00a0\u00bb title=\u00a0\u00bbIngr\u00e9dients\u00a0\u00bb tab_id=\u00a0\u00bb1647965598517-cf28458a-0f46&Prime;][vc_column_text]<i>Aqua (Water\/Eau), SD Alcohol 40, Maltodextrin\/VP Copolymer, Isoceteth-20, Sodium Polystyrene Sulfonate, Panthenol (Pro Vitamin B-5), Laurdimonium Hydroxypropyl Hydrolyzed Barley Protein, Citric Acid, Hydrolyzed Quinoa Protein, Pisum Sativa (Pea) Seed Extract, Sodium Hyaluronate, Hydrolyzed Wheat Protein, Hydrolyzed Sodium Hyaluronate, Saccharomyces\/Rice Ferment Filtrate, Butylene Glycol, Pentylene Glycol, Propanediol, Sodium PCA, Sodium Lactate, Arginine, Aspartic Acid, PCA, Glycine, Alanine, Serine, Valine, Proline, Threonine, Isoleucine, Histidine, Phenylalanine, Hedera Helix (Ivy) Leaf Extract, Aloe Barbadensis Leaf (Aloe Vera) Extract, Juglans Nigra (Black Walnut) Leaf Extract, Chamomilla Recutita Matricaria (Chamomile) Flower Extract, Panax Ginseng (Asian Ginseng) Root Extract, Propylene Glycol, Sodium Benzoate, Potassium Sorbate, 1,2-Hexanediol, Fragrance (Parfum), Hexyl Cinnamal, Benzyl Salicylate, Citronellol, Citral.<\/i><\/p>\n<p>Nous nous engageons \u00e0 fournir des produits de haute qualit\u00e9, naturels et respectueux de l\u2019environnement, qui sont performants et innovants. Notre liste d\u2019ingr\u00e9dients peut varier de temps \u00e0 autre, car nous nous effor\u00e7ons d\u2019aller au-del\u00e0 de toutes les normes. Veuillez vous r\u00e9f\u00e9rer \u00e0 l\u2019emballage imprim\u00e9 pour obtenir la liste d\u2019ingr\u00e9dients la plus pr\u00e9cise\u00a0possible.[\/vc_column_text][\/vc_tta_section][vc_tta_section i_position=\u00a0\u00bbright\u00a0\u00bb i_icon_fontawesome=\u00a0\u00bbfas fa-plus\u00a0\u00bb add_icon=\u00a0\u00bbtrue\u00a0\u00bb title=\u00a0\u00bbTU POURRAIS AUSSI AIMER\u00a0\u00bb tab_id=\u00a0\u00bb1647966124315-b6c96e74-d954&Prime;][vc_row_inner][vc_column_inner]<div id=\"idinfobox69e8d6cfcebf0\" class=\"dfd-info-box clearfix style-01 layout-01 icono-img idinfobox69e8d6cfcebf0 text-center\" ><div class=\"dfd-animate-container\"><div class=\"icon-wrapper\"><div class=\"module-icon\" ><div class=\"hover-layer\" ><\/div><img decoding=\"async\" src=\"https:\/\/iconproducts.com\/wp-content\/uploads\/2021\/02\/PROTEIN-2021-2.jpg\" alt=\"Image icon\" style=\"opacity: 1;\" \/><\/div><\/div><h6 class=\"info-box-title \" style=\"\">Protein<\/h6><div class=\"info-box-subtitle subtitle\" style=\"\">Body Building Gel<\/div><div class=\"wrap-delimiter\"><div class=\"delimiter\" style=\"border-color:#ffffff;\"><\/div><\/div><div class=\"description\" style=\"\"><\/div><a href=\"https:\/\/iconproducts.com\/fr\/styling\/protein\/\" title=\"Protein\"  class=\"full-box-link\"><\/a><\/div><\/div>[\/vc_column_inner][\/vc_row_inner][\/vc_tta_section][\/dfd_tta_tabs]<div class=\"dfd-spacer-module\"  data-units=\"px\" data-wide_resolution=\"1280\" data-wide_size=\"50\" data-normal_resolution=\"1024\" data-normal_size=\"50\" data-tablet_resolution=\"800\" data-tablet_size=\"50\" data-mobile_resolution=\"480\" data-mobile_size=\"50\" style=\"height: 50px;\"><\/div>[\/vc_column][\/vc_row][\/vc_section]<\/p>\n","protected":false},"excerpt":{"rendered":"<p>[vc_row][vc_column][\/vc_column][\/vc_row][vc_row][vc_column width=\u00a0\u00bb1\/2&Prime;][\/vc_column][vc_column width=\u00a0\u00bb1\/2&Prime;][vc_column_text]Ce que c\u2019est: Mousse Volumisante. Pour qui?: Id\u00e9al pour les cheveux fins \u00e0 moyens, apportant corps et protection pendant le s\u00e9chage. Ce qu\u2019il fait: Apporte force, maniabilit\u00e9 et<\/p>\n","protected":false},"author":1,"featured_media":0,"parent":53856,"menu_order":0,"comment_status":"closed","ping_status":"closed","template":"page-custom-with-header.php","meta":{"_acf_changed":false,"footnotes":""},"tags":[],"wf_page_folders":[370],"class_list":["post-114849","page","type-page","status-publish","hentry"],"acf":[],"yoast_head":"<!-- This site is optimized with the Yoast SEO plugin v27.0 - https:\/\/yoast.com\/product\/yoast-seo-wordpress\/ -->\n<title>Body | I.C.O.N. Products<\/title>\n<meta name=\"robots\" content=\"index, follow, max-snippet:-1, max-image-preview:large, max-video-preview:-1\" \/>\n<link rel=\"canonical\" href=\"https:\/\/iconproducts.com\/fr\/styling\/body\/\" \/>\n<meta property=\"og:locale\" content=\"fr_FR\" \/>\n<meta property=\"og:type\" content=\"article\" \/>\n<meta property=\"og:title\" content=\"Body | I.C.O.N. Products\" \/>\n<meta property=\"og:description\" content=\"[vc_row][vc_column][\/vc_column][\/vc_row][vc_row][vc_column width=\u00a0\u00bb1\/2&Prime;][\/vc_column][vc_column width=\u00a0\u00bb1\/2&Prime;][vc_column_text]Ce que c\u2019est: Mousse Volumisante. Pour qui?: Id\u00e9al pour les cheveux fins \u00e0 moyens, apportant corps et protection pendant le s\u00e9chage. Ce qu\u2019il fait: Apporte force, maniabilit\u00e9 et\" \/>\n<meta property=\"og:url\" content=\"https:\/\/iconproducts.com\/fr\/styling\/body\/\" \/>\n<meta property=\"og:site_name\" content=\"I.C.O.N. Products\" \/>\n<meta property=\"article:publisher\" content=\"https:\/\/www.facebook.com\/iconproducts.spain\" \/>\n<meta property=\"article:modified_time\" content=\"2024-01-18T09:57:46+00:00\" \/>\n<meta name=\"twitter:card\" content=\"summary_large_image\" \/>\n<script type=\"application\/ld+json\" class=\"yoast-schema-graph\">{\"@context\":\"https:\/\/schema.org\",\"@graph\":[{\"@type\":\"WebPage\",\"@id\":\"https:\/\/iconproducts.com\/fr\/styling\/body\/\",\"url\":\"https:\/\/iconproducts.com\/fr\/styling\/body\/\",\"name\":\"Body | I.C.O.N. Products\",\"isPartOf\":{\"@id\":\"https:\/\/iconproducts.com\/es\/#website\"},\"datePublished\":\"2023-11-10T11:35:14+00:00\",\"dateModified\":\"2024-01-18T09:57:46+00:00\",\"breadcrumb\":{\"@id\":\"https:\/\/iconproducts.com\/fr\/styling\/body\/#breadcrumb\"},\"inLanguage\":\"fr-FR\",\"potentialAction\":[{\"@type\":\"ReadAction\",\"target\":[\"https:\/\/iconproducts.com\/fr\/styling\/body\/\"]}]},{\"@type\":\"BreadcrumbList\",\"@id\":\"https:\/\/iconproducts.com\/fr\/styling\/body\/#breadcrumb\",\"itemListElement\":[{\"@type\":\"ListItem\",\"position\":1,\"name\":\"I.C.O.N. Products\",\"item\":\"https:\/\/iconproducts.com\/fr\/\"},{\"@type\":\"ListItem\",\"position\":2,\"name\":\"Styling\",\"item\":\"https:\/\/iconproducts.com\/fr\/styling\/\"},{\"@type\":\"ListItem\",\"position\":3,\"name\":\"Body\"}]},{\"@type\":\"WebSite\",\"@id\":\"https:\/\/iconproducts.com\/es\/#website\",\"url\":\"https:\/\/iconproducts.com\/es\/\",\"name\":\"I.C.O.N. Products\",\"description\":\"Productos de peluquer\u00eda\",\"publisher\":{\"@id\":\"https:\/\/iconproducts.com\/es\/#organization\"},\"potentialAction\":[{\"@type\":\"SearchAction\",\"target\":{\"@type\":\"EntryPoint\",\"urlTemplate\":\"https:\/\/iconproducts.com\/es\/?s={search_term_string}\"},\"query-input\":{\"@type\":\"PropertyValueSpecification\",\"valueRequired\":true,\"valueName\":\"search_term_string\"}}],\"inLanguage\":\"fr-FR\"},{\"@type\":\"Organization\",\"@id\":\"https:\/\/iconproducts.com\/es\/#organization\",\"name\":\"I.C.O.N. Products\",\"url\":\"https:\/\/iconproducts.com\/es\/\",\"logo\":{\"@type\":\"ImageObject\",\"inLanguage\":\"fr-FR\",\"@id\":\"https:\/\/iconproducts.com\/es\/#\/schema\/logo\/image\/\",\"url\":\"https:\/\/iconproducts.com\/wp-content\/uploads\/2018\/08\/logo-icon-1.jpg\",\"contentUrl\":\"https:\/\/iconproducts.com\/wp-content\/uploads\/2018\/08\/logo-icon-1.jpg\",\"width\":1000,\"height\":1000,\"caption\":\"I.C.O.N. Products\"},\"image\":{\"@id\":\"https:\/\/iconproducts.com\/es\/#\/schema\/logo\/image\/\"},\"sameAs\":[\"https:\/\/www.facebook.com\/iconproducts.spain\",\"https:\/\/www.instagram.com\/iconspain\/\",\"https:\/\/www.youtube.com\/channel\/UCw0myea3fiZRsj72sNBnMqQ\"]}]}<\/script>\n<!-- \/ Yoast SEO plugin. -->","yoast_head_json":{"title":"Body | I.C.O.N. Products","robots":{"index":"index","follow":"follow","max-snippet":"max-snippet:-1","max-image-preview":"max-image-preview:large","max-video-preview":"max-video-preview:-1"},"canonical":"https:\/\/iconproducts.com\/fr\/styling\/body\/","og_locale":"fr_FR","og_type":"article","og_title":"Body | I.C.O.N. Products","og_description":"[vc_row][vc_column][\/vc_column][\/vc_row][vc_row][vc_column width=\u00a0\u00bb1\/2&Prime;][\/vc_column][vc_column width=\u00a0\u00bb1\/2&Prime;][vc_column_text]Ce que c\u2019est: Mousse Volumisante. Pour qui?: Id\u00e9al pour les cheveux fins \u00e0 moyens, apportant corps et protection pendant le s\u00e9chage. Ce qu\u2019il fait: Apporte force, maniabilit\u00e9 et","og_url":"https:\/\/iconproducts.com\/fr\/styling\/body\/","og_site_name":"I.C.O.N. Products","article_publisher":"https:\/\/www.facebook.com\/iconproducts.spain","article_modified_time":"2024-01-18T09:57:46+00:00","twitter_card":"summary_large_image","schema":{"@context":"https:\/\/schema.org","@graph":[{"@type":"WebPage","@id":"https:\/\/iconproducts.com\/fr\/styling\/body\/","url":"https:\/\/iconproducts.com\/fr\/styling\/body\/","name":"Body | I.C.O.N. Products","isPartOf":{"@id":"https:\/\/iconproducts.com\/es\/#website"},"datePublished":"2023-11-10T11:35:14+00:00","dateModified":"2024-01-18T09:57:46+00:00","breadcrumb":{"@id":"https:\/\/iconproducts.com\/fr\/styling\/body\/#breadcrumb"},"inLanguage":"fr-FR","potentialAction":[{"@type":"ReadAction","target":["https:\/\/iconproducts.com\/fr\/styling\/body\/"]}]},{"@type":"BreadcrumbList","@id":"https:\/\/iconproducts.com\/fr\/styling\/body\/#breadcrumb","itemListElement":[{"@type":"ListItem","position":1,"name":"I.C.O.N. Products","item":"https:\/\/iconproducts.com\/fr\/"},{"@type":"ListItem","position":2,"name":"Styling","item":"https:\/\/iconproducts.com\/fr\/styling\/"},{"@type":"ListItem","position":3,"name":"Body"}]},{"@type":"WebSite","@id":"https:\/\/iconproducts.com\/es\/#website","url":"https:\/\/iconproducts.com\/es\/","name":"I.C.O.N. Products","description":"Productos de peluquer\u00eda","publisher":{"@id":"https:\/\/iconproducts.com\/es\/#organization"},"potentialAction":[{"@type":"SearchAction","target":{"@type":"EntryPoint","urlTemplate":"https:\/\/iconproducts.com\/es\/?s={search_term_string}"},"query-input":{"@type":"PropertyValueSpecification","valueRequired":true,"valueName":"search_term_string"}}],"inLanguage":"fr-FR"},{"@type":"Organization","@id":"https:\/\/iconproducts.com\/es\/#organization","name":"I.C.O.N. Products","url":"https:\/\/iconproducts.com\/es\/","logo":{"@type":"ImageObject","inLanguage":"fr-FR","@id":"https:\/\/iconproducts.com\/es\/#\/schema\/logo\/image\/","url":"https:\/\/iconproducts.com\/wp-content\/uploads\/2018\/08\/logo-icon-1.jpg","contentUrl":"https:\/\/iconproducts.com\/wp-content\/uploads\/2018\/08\/logo-icon-1.jpg","width":1000,"height":1000,"caption":"I.C.O.N. Products"},"image":{"@id":"https:\/\/iconproducts.com\/es\/#\/schema\/logo\/image\/"},"sameAs":["https:\/\/www.facebook.com\/iconproducts.spain","https:\/\/www.instagram.com\/iconspain\/","https:\/\/www.youtube.com\/channel\/UCw0myea3fiZRsj72sNBnMqQ"]}]}},"_links":{"self":[{"href":"https:\/\/iconproducts.com\/fr\/wp-json\/wp\/v2\/pages\/114849","targetHints":{"allow":["GET"]}}],"collection":[{"href":"https:\/\/iconproducts.com\/fr\/wp-json\/wp\/v2\/pages"}],"about":[{"href":"https:\/\/iconproducts.com\/fr\/wp-json\/wp\/v2\/types\/page"}],"author":[{"embeddable":true,"href":"https:\/\/iconproducts.com\/fr\/wp-json\/wp\/v2\/users\/1"}],"replies":[{"embeddable":true,"href":"https:\/\/iconproducts.com\/fr\/wp-json\/wp\/v2\/comments?post=114849"}],"version-history":[{"count":5,"href":"https:\/\/iconproducts.com\/fr\/wp-json\/wp\/v2\/pages\/114849\/revisions"}],"predecessor-version":[{"id":118544,"href":"https:\/\/iconproducts.com\/fr\/wp-json\/wp\/v2\/pages\/114849\/revisions\/118544"}],"up":[{"embeddable":true,"href":"https:\/\/iconproducts.com\/fr\/wp-json\/wp\/v2\/pages\/53856"}],"wp:attachment":[{"href":"https:\/\/iconproducts.com\/fr\/wp-json\/wp\/v2\/media?parent=114849"}],"wp:term":[{"taxonomy":"post_tag","embeddable":true,"href":"https:\/\/iconproducts.com\/fr\/wp-json\/wp\/v2\/tags?post=114849"},{"taxonomy":"wf_page_folders","embeddable":true,"href":"https:\/\/iconproducts.com\/fr\/wp-json\/wp\/v2\/wf_page_folders?post=114849"}],"curies":[{"name":"wp","href":"https:\/\/api.w.org\/{rel}","templated":true}]}}