{"id":36580,"date":"2018-06-26T16:58:02","date_gmt":"2018-06-26T14:58:02","guid":{"rendered":"https:\/\/iconproducts.com\/?page_id=36580"},"modified":"2025-04-01T13:00:04","modified_gmt":"2025-04-01T11:00:04","slug":"anti-frizz-regimedy","status":"publish","type":"page","link":"https:\/\/iconproducts.com\/fr\/regimedies\/anti-frizz-regimedy\/","title":{"rendered":"Anti-Frizz Regimedy"},"content":{"rendered":"<p>[vc_row][vc_column]<div class=\"dfd-heading-shortcode\"><div class=\"dfd-heading-module-wrap  text-center style_01 dfd-heading-69da3d7855d2e dfd-disable-resposive-headings\" id=\"dfd-heading-69da3d7855d2e\" ><div class=\"inline-block\"><div class=\"dfd-heading-module\"><h1 class=\"widget-title dfd-title \" style=\"\">Anti-Frizz Regimedy<\/h1><\/div><\/div><\/div><script type=\"text\/javascript\">\n\t\t\t\t\t\t\t\t\t(function($) {\n\t\t\t\t\t\t\t\t\t\t$(\"head\").append(\"<style>.dfd-heading-69da3d7855d2e.dfd-heading-module-wrap .dfd-heading-module .dfd-heading-delimiter {margin-top:10px;margin-bottom:10px;}<\/style>\");\n\t\t\t\t\t\t\t\t\t})(jQuery);\n\t\t\t\t\t\t\t\t<\/script><\/div><div class=\"dfd-delimier-main-wrapper \" ><div id=\"dfd-delimiter-69da3d7855e5b-5238\"  class=\"dfd-delimier-wrapper dfd-delimiter-with-text \"  style='text-align:left; ' ><span class=\"delim-center\">\n\t\t\t\t<span class=\"text dfd-content-title-small\" style=\"letter-spacing: 2px; \">COMBAT LES FRISSOTIS<\/span>\n\t\t\t<\/span><script type=\"text\/javascript\">(function($) {$(\"head\").append(\"<style>#dfd-delimiter-69da3d7855e5b-5238 .delim-center span:before, #dfd-delimiter-69da3d7855e5b-5238 .delim-center span:after { border-bottom-style:dotted; height:1px; border-bottom-width:1px; margin-top: -0.5px; ; } <\/style>\");})(jQuery);<\/script><\/div><\/div><div class=\"dfd-spacer-module\"  data-units=\"px\" data-wide_resolution=\"1280\" data-wide_size=\"20\" data-normal_resolution=\"1024\" data-normal_size=\"20\" data-tablet_resolution=\"800\" data-tablet_size=\"20\" data-mobile_resolution=\"480\" data-mobile_size=\"20\" style=\"height: 20px;\"><\/div>[vc_row_inner][vc_column_inner width=\u00a0\u00bb1\/12&Prime;][\/vc_column_inner][vc_column_inner width=\u00a0\u00bb10\/12&Prime;][vc_column_text css_animation=\u00a0\u00bbnone\u00a0\u00bb]<\/p>\n<p style=\"text-align: center;\">Notre <strong>Regimedy Anti-Frizz<\/strong> combat les frisottis avec de la biotine, une vitamine hydrosoluble qui aide \u00e0 bloquer les acides amin\u00e9s et lesprot\u00e9ines. Elle est connue sous le nom de vitamine B pour les cheveux qui ajoute de la force \u00e0 chaque m\u00e8che, tout en apportant nutrition et structure. Le Keraveg 18, est un m\u00e9lange de diff\u00e9rents ingr\u00e9dients d\u2019origine v\u00e9g\u00e9tale qui facilite le coiffage, r\u00e9duisent les dommages, \u00e9liminent les frisottis, tout en lissant et hydratant la couche cuticulaire.<\/p>\n<p>[\/vc_column_text]<div class=\"dfd-spacer-module\"  data-units=\"px\" data-wide_resolution=\"1280\" data-wide_size=\"51\" data-normal_resolution=\"1024\" data-normal_size=\"51\" data-tablet_resolution=\"800\" data-tablet_size=\"51\" data-mobile_resolution=\"480\" data-mobile_size=\"51\" style=\"height: 51px;\"><\/div>[\/vc_column_inner][vc_column_inner width=\u00a0\u00bb1\/12&Prime;][\/vc_column_inner][\/vc_row_inner][\/vc_column][\/vc_row][vc_row][vc_column width=\u00a0\u00bb1\/6&Prime;][\/vc_column][vc_column width=\u00a0\u00bb2\/3&Prime;][vc_row_inner][vc_column_inner width=\u00a0\u00bb1\/2&Prime;]<div id=\"idinfobox69da3d7855f7f\" class=\"dfd-info-box clearfix style-01 layout-01  idinfobox69da3d7855f7f text-center\" ><div class=\"dfd-animate-container\"><div class=\"icon-wrapper\"><div class=\"module-icon\" ><div class=\"hover-layer\" ><\/div><img decoding=\"async\" src=\"https:\/\/iconproducts.com\/wp-content\/uploads\/2019\/04\/vitamina-b7-200x200.jpg\" alt=\"Image icon\" style=\"width: 100px;opacity: 1;\" \/><\/div><\/div><h4 class=\"info-box-title \" style=\"\">Biotine<\/h4><div class=\"info-box-subtitle subtitle\" style=\"\">Impliqu\u00e9 dans les acides gras et les prot\u00e9ines<\/div><div class=\"description\" style=\"\"><\/div><\/div><\/div><div class=\"dfd-spacer-module\"  data-units=\"px\" data-wide_resolution=\"1280\" data-wide_size=\"51\" data-normal_resolution=\"1024\" data-normal_size=\"51\" data-tablet_resolution=\"800\" data-tablet_size=\"51\" data-mobile_resolution=\"480\" data-mobile_size=\"51\" style=\"height: 51px;\"><\/div>[\/vc_column_inner][vc_column_inner width=\u00a0\u00bb1\/2&Prime;]<div id=\"idinfobox69da3d78562a2\" class=\"dfd-info-box clearfix style-01 layout-01  idinfobox69da3d78562a2 text-center\" ><div class=\"dfd-animate-container\"><div class=\"icon-wrapper\"><div class=\"module-icon\" ><div class=\"hover-layer\" ><\/div><img decoding=\"async\" src=\"https:\/\/iconproducts.com\/wp-content\/uploads\/2019\/04\/keraveg-18-200x200.jpg\" alt=\"Image icon\" style=\"width: 100px;opacity: 1;\" \/><\/div><\/div><h4 class=\"info-box-title \" style=\"\">Keraveg 18<\/h4><div class=\"info-box-subtitle subtitle\" style=\"\">Augmente l&#039;\u00e9lasticit\u00e9 et la force des cheveux<\/div><div class=\"description\" style=\"\"><\/div><\/div><\/div>[\/vc_column_inner][\/vc_row_inner]<div class=\"dfd-spacer-module\"  data-units=\"px\" data-wide_resolution=\"1280\" data-wide_size=\"51\" data-normal_resolution=\"1024\" data-normal_size=\"51\" data-tablet_resolution=\"800\" data-tablet_size=\"51\" data-mobile_resolution=\"480\" data-mobile_size=\"51\" style=\"height: 51px;\"><\/div>[\/vc_column][vc_column width=\u00a0\u00bb1\/6&Prime;][\/vc_column][\/vc_row][vc_row][vc_column]<div class=\"dfd-spacer-module\"  data-units=\"px\" data-wide_resolution=\"1280\" data-wide_size=\"51\" data-normal_resolution=\"1024\" data-normal_size=\"51\" data-tablet_resolution=\"800\" data-tablet_size=\"51\" data-mobile_resolution=\"480\" data-mobile_size=\"51\" style=\"height: 51px;\"><\/div><div class=\"dfd-heading-shortcode\"><div class=\"dfd-heading-module-wrap  text-center style_01 dfd-heading-69da3d7856580 dfd-disable-resposive-headings\" id=\"dfd-heading-69da3d7856580\" ><div class=\"inline-block\"><div class=\"dfd-heading-module\"><h3 class=\"widget-title dfd-title \" style=\"\">Produits<\/h3><\/div><\/div><\/div><script type=\"text\/javascript\">\n\t\t\t\t\t\t\t\t\t(function($) {\n\t\t\t\t\t\t\t\t\t\t$(\"head\").append(\"<style>.dfd-heading-69da3d7856580.dfd-heading-module-wrap .dfd-heading-module .dfd-heading-delimiter {margin-top:10px;margin-bottom:10px;}<\/style>\");\n\t\t\t\t\t\t\t\t\t})(jQuery);\n\t\t\t\t\t\t\t\t<\/script><\/div><div class=\"dfd-delimier-main-wrapper \" ><div id=\"dfd-delimiter-69da3d7856691-1393\"  class=\"dfd-delimier-wrapper dfd-delimiter-with-text \"  style='text-align:left; ' ><span class=\"delim-center\">\n\t\t\t\t<span class=\"text dfd-content-title-small\" style=\"letter-spacing: 2px; \">Anti-Frizz Regimedy<\/span>\n\t\t\t<\/span><script type=\"text\/javascript\">(function($) {$(\"head\").append(\"<style>#dfd-delimiter-69da3d7856691-1393 .delim-center span:before, #dfd-delimiter-69da3d7856691-1393 .delim-center span:after { border-bottom-style:dotted; height:1px; border-bottom-width:1px; margin-top: -0.5px; ; } <\/style>\");})(jQuery);<\/script><\/div><\/div><div class=\"dfd-spacer-module\"  data-units=\"px\" data-wide_resolution=\"1280\" data-wide_size=\"51\" data-normal_resolution=\"1024\" data-normal_size=\"51\" data-tablet_resolution=\"800\" data-tablet_size=\"51\" data-mobile_resolution=\"480\" data-mobile_size=\"51\" style=\"height: 51px;\"><\/div>[\/vc_column][\/vc_row][vc_row][vc_column width=\u00a0\u00bb1\/2&Prime;]<div id=\"idinfobox69da3d7856748\" class=\"dfd-info-box clearfix style-01 layout-01 icono-img idinfobox69da3d7856748 text-center more-hover hover-up-icon\" ><div class=\"dfd-animate-container\"><div class=\"icon-wrapper\"><div class=\"module-icon\" ><div class=\"hover-layer\" ><\/div><img decoding=\"async\" src=\"https:\/\/iconproducts.com\/wp-content\/uploads\/2020\/06\/antifrizz-shampoo.jpg\" alt=\"Image icon\" style=\"opacity: 1;\" \/><\/div><\/div><h6 class=\"info-box-title \" style=\"\">Shampooing Anti-Frizz<\/h6><div class=\"info-box-subtitle subtitle\" style=\"\">Shampooing anti-frisottis<\/div><div class=\"description\" style=\"\"><\/div><div><div class=\"dfd-module-readmore\"><span class=\"read-more-07\"><i class=\"dfd-added-font-icon-right-open\"><\/i><\/span><\/div><\/div><a href=\"https:\/\/iconproducts.com\/fr\/regimedies\/shampoos\/shampooing-anti-frizz\/\" title=\"Shampooing Anti-Frizz\"  class=\"full-box-link\"><\/a><\/div><\/div>[\/vc_column][vc_column width=\u00a0\u00bb1\/2&Prime;]<div id=\"idinfobox69da3d7856924\" class=\"dfd-info-box clearfix style-01 layout-01 icono-img idinfobox69da3d7856924 text-center more-hover hover-up-icon\" ><div class=\"dfd-animate-container\"><div class=\"icon-wrapper\"><div class=\"module-icon\" ><div class=\"hover-layer\" ><\/div><img decoding=\"async\" src=\"https:\/\/iconproducts.com\/wp-content\/uploads\/2020\/06\/antifrizz-conditioner.jpg\" alt=\"Image icon\" style=\"opacity: 1;\" \/><\/div><\/div><h6 class=\"info-box-title \" style=\"\">Conditionneur Anti-Frizz<\/h6><div class=\"info-box-subtitle subtitle\" style=\"\">Conditionneur traitant anti-frisottis<\/div><div class=\"description\" style=\"\"><\/div><div><div class=\"dfd-module-readmore\"><span class=\"read-more-07\"><i class=\"dfd-added-font-icon-right-open\"><\/i><\/span><\/div><\/div><a href=\"https:\/\/iconproducts.com\/fr\/regimedies\/conditioners\/conditionneur-anti-frizz\/\" title=\"Bath\"  class=\"full-box-link\"><\/a><\/div><\/div>[\/vc_column][\/vc_row][vc_row dfd_enable_overlay=\u00a0\u00bb\u00a0\u00bb one_page_title=\u00a0\u00bbcar-regimedies\u00a0\u00bb][vc_column col_shadow=\u00a0\u00bbbox_shadow_enable:disable|shadow_horizontal:0|shadow_vertical:15|shadow_blur:50|shadow_spread:0|box_shadow_color:rgba(0%2C0%2C0%2C0.35)\u00a0\u00bb col_shadow_hover=\u00a0\u00bbbox_shadow_enable:disable|shadow_horizontal:0|shadow_vertical:15|shadow_blur:50|shadow_spread:0|box_shadow_color:rgba(0%2C0%2C0%2C0.35)\u00a0\u00bb]<div class=\"dfd-spacer-module\"  data-units=\"px\" data-wide_resolution=\"1280\" data-wide_size=\"20\" data-normal_resolution=\"1024\" data-normal_size=\"20\" data-tablet_resolution=\"800\" data-tablet_size=\"20\" data-mobile_resolution=\"480\" data-mobile_size=\"20\" style=\"height: 20px;\"><\/div><div class=\"dfd-spacer-module\"  data-units=\"px\" data-wide_resolution=\"1280\" data-wide_size=\"50\" data-normal_resolution=\"1024\" data-normal_size=\"50\" data-tablet_resolution=\"800\" data-tablet_size=\"50\" data-mobile_resolution=\"480\" data-mobile_size=\"50\" style=\"height: 50px;\"><\/div><div class=\"dfd-delimier-main-wrapper \" ><div id=\"dfd-delimiter-69da3d7856b18-1518\"  class=\"dfd-delimier-wrapper dfd-delimiter-with-text \"  style='text-align:left; ' ><span class=\"delim-center\">\n\t\t\t\t<span class=\"text dfd-content-title-small\" style=\"font-size: 14px; letter-spacing: 5px; font-weight:bold;  color: #000000;\">I.C.O.N. REGIMEDIES<\/span>\n\t\t\t<\/span><script type=\"text\/javascript\">(function($) {$(\"head\").append(\"<style>#dfd-delimiter-69da3d7856b18-1518 .delim-center span:before, #dfd-delimiter-69da3d7856b18-1518 .delim-center span:after { border-bottom-color:#000000; border-bottom-style:dotted; height:1px; border-bottom-width:1px; margin-top: -0.5px; ; } <\/style>\");})(jQuery);<\/script><\/div><\/div><div class=\"dfd-spacer-module\"  data-units=\"px\" data-wide_resolution=\"1280\" data-wide_size=\"20\" data-normal_resolution=\"1024\" data-normal_size=\"20\" data-tablet_resolution=\"800\" data-tablet_size=\"20\" data-mobile_resolution=\"480\" data-mobile_size=\"20\" style=\"height: 20px;\"><\/div><div id=\"dfd-carousel-69da3d7856bda\" class=\"dfd-carousel-wrapper\"><div class=\"dfd-carousel-module-wrapper  dfd-carousel-horizontal dfd-keep-arrows dfdfillrounded dfd-arrows- dfd-arrows-enabled dfd-dots-enabled\" ><div class=\"dfd-carousel\">[vc_single_image image=\u00a0\u00bb53143&Prime; add_caption=\u00a0\u00bbyes\u00a0\u00bb alignment=\u00a0\u00bbcenter\u00a0\u00bb onclick=\u00a0\u00bbcustom_link\u00a0\u00bb link=\u00a0\u00bbhttps:\/\/iconproducts.com\/fr\/regimedies\/regimedy-anti-frizz\/\u00a0\u00bb el_class=\u00a0\u00bbleyenda\u00a0\u00bb][vc_single_image image=\u00a0\u00bb53111&Prime; add_caption=\u00a0\u00bbyes\u00a0\u00bb alignment=\u00a0\u00bbcenter\u00a0\u00bb onclick=\u00a0\u00bbcustom_link\u00a0\u00bb link=\u00a0\u00bbhttps:\/\/iconproducts.com\/fr\/regimedies\/regimedy-antioxidants\/\u00a0\u00bb el_class=\u00a0\u00bbleyenda\u00a0\u00bb][vc_single_image image=\u00a0\u00bb53151&Prime; add_caption=\u00a0\u00bbyes\u00a0\u00bb alignment=\u00a0\u00bbcenter\u00a0\u00bb onclick=\u00a0\u00bbcustom_link\u00a0\u00bb link=\u00a0\u00bbhttps:\/\/iconproducts.com\/fr\/regimedies\/organic-regimedy\/\u00a0\u00bb el_class=\u00a0\u00bbleyenda\u00a0\u00bb][vc_single_image image=\u00a0\u00bb53135&Prime; add_caption=\u00a0\u00bbyes\u00a0\u00bb alignment=\u00a0\u00bbcenter\u00a0\u00bb onclick=\u00a0\u00bbcustom_link\u00a0\u00bb link=\u00a0\u00bbhttps:\/\/iconproducts.com\/fr\/regimedies\/hydration-regimedy\/\u00a0\u00bb el_class=\u00a0\u00bbleyenda\u00a0\u00bb][vc_single_image image=\u00a0\u00bb53127&Prime; add_caption=\u00a0\u00bbyes\u00a0\u00bb alignment=\u00a0\u00bbcenter\u00a0\u00bb onclick=\u00a0\u00bbcustom_link\u00a0\u00bb link=\u00a0\u00bbhttps:\/\/iconproducts.com\/fr\/regimedies\/regimedy-detox\/\u00a0\u00bb el_class=\u00a0\u00bbleyenda\u00a0\u00bb][vc_single_image image=\u00a0\u00bb53119&Prime; add_caption=\u00a0\u00bbyes\u00a0\u00bb alignment=\u00a0\u00bbcenter\u00a0\u00bb onclick=\u00a0\u00bbcustom_link\u00a0\u00bb link=\u00a0\u00bbhttps:\/\/iconproducts.com\/fr\/regimedies\/regimedy-cure\/\u00a0\u00bb el_class=\u00a0\u00bbleyenda\u00a0\u00bb][vc_single_image image=\u00a0\u00bb53159&Prime; add_caption=\u00a0\u00bbyes\u00a0\u00bb alignment=\u00a0\u00bbcenter\u00a0\u00bb onclick=\u00a0\u00bbcustom_link\u00a0\u00bb link=\u00a0\u00bbhttps:\/\/iconproducts.com\/fr\/regimedies\/regimedy-pure-light\/\u00a0\u00bb el_class=\u00a0\u00bbleyenda\u00a0\u00bb]<\/div><\/div>\t\t\t\t<script type=\"text\/javascript\">\n\t\t\t\t\t(function($) {\n\t\t\t\t\t\t\"use strict\";\n\t\t\t\t\t\tvar $carousel = $('#dfd-carousel-69da3d7856bda').find('.dfd-carousel');\n\t\t\t\t\t\t$(document).ready(function() {\n\t\t\t\t\t\t\tvar $initialized = ($('body').hasClass('page-template-tmp-side-by-side')) ? $carousel.not('.slick-initialized') : $carousel;\n\t\t\t\t\t\t\t\t\t\t\t\t\t\t$carousel.siblings('.dfd-slider-control.prev').click(function(e) {\n\t\t\t\t\t\t\t\te.preventDefault();\n\t\t\t\t\t\t\t\t$carousel.eq(0).slick('slickPrev');\n\t\t\t\t\t\t\t});\n\t\t\t\t\t\t\t$carousel.siblings('.dfd-slider-control.next').click(function(e) {\n\t\t\t\t\t\t\t\te.preventDefault();\n\t\t\t\t\t\t\t\t$carousel.eq(0).slick('slickNext');\n\t\t\t\t\t\t\t});\n\t\t\t\t\t\t\t$initialized.slick({arrows: false,dotsClass: 'dfd-slick-dots',slidesToScroll: 1,dots: true,customPaging: function(slider, i) {\n\t\t\t\t\t\t\t\t\treturn '<span data-role=\"none\" role=\"button\" aria-required=\"false\" tabindex=\"0\"><\/span>';\n\t\t\t\t\t\t\t\t},infinite: true,slidesToShow: 7,speed: 300,swipe: true,draggable: true,adaptiveHeight: true,responsive: [\n\t\t\t\t\t\t\t{\n\t\t\t\t\t\t\t\tbreakpoint: 1024,\n\t\t\t\t\t\t\t\tsettings: {\n\t\t\t\t\t\t\t\t\tslidesToShow: 8,\n\t\t\t\t\t\t\t\t\tslidesToScroll: 1,\n\t\t\t\t\t\t\t\t}\n\t\t\t\t\t\t\t},\n\t\t\t\t\t\t\t{\n\t\t\t\t\t\t\t\tbreakpoint: 800,\n\t\t\t\t\t\t\t\tsettings: {\n\t\t\t\t\t\t\t\t\tslidesToShow: 4,\n\t\t\t\t\t\t\t\t\tslidesToScroll: 1,\n\t\t\t\t\t\t\t\t}\n\t\t\t\t\t\t\t},\n\t\t\t\t\t\t\t{\n\t\t\t\t\t\t\t\tbreakpoint: 480,\n\t\t\t\t\t\t\t\tsettings: {\n\t\t\t\t\t\t\t\t\tslidesToShow: 2,\n\t\t\t\t\t\t\t\t\tslidesToScroll: 1,\n\t\t\t\t\t\t\t\t}\n\t\t\t\t\t\t\t},]});\n\t\t\t\t\t\t\t$(\"head\").append(\"<style>#dfd-carousel-69da3d7856bda .dfdrounded ul.dfd-slick-dots li.slick-active span:before, #dfd-carousel-69da3d7856bda .dfdsquare ul.dfd-slick-dots li.slick-active span:before {background: #cccccc}#dfd-carousel-69da3d7856bda .dfdfillrounded ul.dfd-slick-dots li.slick-active span, #dfd-carousel-69da3d7856bda .dfdfillsquare ul.dfd-slick-dots li.slick-active span {background: #cccccc;border-color: #cccccc;}#dfd-carousel-69da3d7856bda .dfdemptyrounded ul.dfd-slick-dots li.slick-active span, #dfd-carousel-69da3d7856bda .dfdemptysquare ul.dfd-slick-dots li.slick-active span {border-color: #cccccc;}#dfd-carousel-69da3d7856bda .dfdline ul.dfd-slick-dots li.slick-active span:before {border-color: #cccccc;}#dfd-carousel-69da3d7856bda .dfdadvancesquare ul.dfd-slick-dots li.slick-active span, #dfd-carousel-69da3d7856bda .dfdfillsquareold .dfd-slick-dots li.slick-active span {background: #cccccc;}#dfd-carousel-69da3d7856bda .dfdadvancesquare ul.dfd-slick-dots li.slick-active span:before {border-bottom-color: #cccccc;}#dfd-carousel-69da3d7856bda .dfdemptyroundedold .dfd-slick-dots li.slick-active span {-webkit-box-shadow: 0 0 0 2px #cccccc; box-shadow: 0 0 0 2px #cccccc;}#dfd-carousel-69da3d7856bda .dfdfillsquareold .dfd-slick-dots li.slick-active span {-webkit-box-shadow: 0 0 0 1px #cccccc; box-shadow: 0 0 0 1px #cccccc;}#dfd-carousel-69da3d7856bda > .dfd-carousel-module-wrapper > .dfd-carousel > .slick-list > .slick-track > .dfd-item-wrap > .cover {padding: 10px;}#dfd-carousel-69da3d7856bda {margin: -10px;}<\/style>\")\t\t\t\t\t\t});\n\t\t\t\t\t})(jQuery);\n\t\t\t\t<\/script>\n            <\/div><div class=\"dfd-spacer-module\"  data-units=\"px\" data-wide_resolution=\"1280\" data-wide_size=\"51\" data-normal_resolution=\"1024\" data-normal_size=\"51\" data-tablet_resolution=\"800\" data-tablet_size=\"51\" data-mobile_resolution=\"480\" data-mobile_size=\"51\" style=\"height: 51px;\"><\/div>[\/vc_column][\/vc_row]<\/p>\n","protected":false},"excerpt":{"rendered":"<p>[vc_row][vc_column][vc_row_inner][vc_column_inner width=\u00a0\u00bb1\/12&Prime;][\/vc_column_inner][vc_column_inner width=\u00a0\u00bb10\/12&Prime;][vc_column_text css_animation=\u00a0\u00bbnone\u00a0\u00bb] Notre Regimedy Anti-Frizz combat les frisottis avec de la biotine, une vitamine hydrosoluble qui aide \u00e0 bloquer les acides amin\u00e9s et lesprot\u00e9ines. Elle est connue sous<\/p>\n","protected":false},"author":1,"featured_media":0,"parent":36333,"menu_order":0,"comment_status":"closed","ping_status":"closed","template":"page-custom-with-header.php","meta":{"_acf_changed":false,"footnotes":""},"tags":[],"wf_page_folders":[],"class_list":["post-36580","page","type-page","status-publish","hentry"],"acf":[],"yoast_head":"<!-- This site is optimized with the Yoast SEO plugin v27.0 - https:\/\/yoast.com\/product\/yoast-seo-wordpress\/ -->\n<title>Regimedy Anti-Frizz | I.C.O.N. Products<\/title>\n<meta name=\"robots\" content=\"index, follow, max-snippet:-1, max-image-preview:large, max-video-preview:-1\" \/>\n<link rel=\"canonical\" href=\"https:\/\/iconproducts.com\/fr\/regimedies\/anti-frizz-regimedy\/\" \/>\n<meta property=\"og:locale\" content=\"fr_FR\" \/>\n<meta property=\"og:type\" content=\"article\" \/>\n<meta property=\"og:title\" content=\"Regimedy Anti-Frizz | I.C.O.N. Products\" \/>\n<meta property=\"og:description\" content=\"[vc_row][vc_column][vc_row_inner][vc_column_inner width=\u00a0\u00bb1\/12&Prime;][\/vc_column_inner][vc_column_inner width=\u00a0\u00bb10\/12&Prime;][vc_column_text css_animation=\u00a0\u00bbnone\u00a0\u00bb] Notre Regimedy Anti-Frizz combat les frisottis avec de la biotine, une vitamine hydrosoluble qui aide \u00e0 bloquer les acides amin\u00e9s et lesprot\u00e9ines. Elle est connue sous\" \/>\n<meta property=\"og:url\" content=\"https:\/\/iconproducts.com\/fr\/regimedies\/anti-frizz-regimedy\/\" \/>\n<meta property=\"og:site_name\" content=\"I.C.O.N. Products\" \/>\n<meta property=\"article:publisher\" content=\"https:\/\/www.facebook.com\/iconproducts.spain\" \/>\n<meta property=\"article:modified_time\" content=\"2025-04-01T11:00:04+00:00\" \/>\n<meta name=\"twitter:card\" content=\"summary_large_image\" \/>\n<script type=\"application\/ld+json\" class=\"yoast-schema-graph\">{\"@context\":\"https:\/\/schema.org\",\"@graph\":[{\"@type\":\"WebPage\",\"@id\":\"https:\/\/iconproducts.com\/fr\/regimedies\/anti-frizz-regimedy\/\",\"url\":\"https:\/\/iconproducts.com\/fr\/regimedies\/anti-frizz-regimedy\/\",\"name\":\"Regimedy Anti-Frizz | I.C.O.N. Products\",\"isPartOf\":{\"@id\":\"https:\/\/iconproducts.com\/es\/#website\"},\"datePublished\":\"2018-06-26T14:58:02+00:00\",\"dateModified\":\"2025-04-01T11:00:04+00:00\",\"breadcrumb\":{\"@id\":\"https:\/\/iconproducts.com\/fr\/regimedies\/anti-frizz-regimedy\/#breadcrumb\"},\"inLanguage\":\"fr-FR\",\"potentialAction\":[{\"@type\":\"ReadAction\",\"target\":[\"https:\/\/iconproducts.com\/fr\/regimedies\/anti-frizz-regimedy\/\"]}]},{\"@type\":\"BreadcrumbList\",\"@id\":\"https:\/\/iconproducts.com\/fr\/regimedies\/anti-frizz-regimedy\/#breadcrumb\",\"itemListElement\":[{\"@type\":\"ListItem\",\"position\":1,\"name\":\"I.C.O.N. Products\",\"item\":\"https:\/\/iconproducts.com\/fr\/\"},{\"@type\":\"ListItem\",\"position\":2,\"name\":\"Regimedies\",\"item\":\"https:\/\/iconproducts.com\/fr\/regimedies\/\"},{\"@type\":\"ListItem\",\"position\":3,\"name\":\"Anti-Frizz Regimedy\"}]},{\"@type\":\"WebSite\",\"@id\":\"https:\/\/iconproducts.com\/es\/#website\",\"url\":\"https:\/\/iconproducts.com\/es\/\",\"name\":\"I.C.O.N. Products\",\"description\":\"Productos de peluquer\u00eda\",\"publisher\":{\"@id\":\"https:\/\/iconproducts.com\/es\/#organization\"},\"potentialAction\":[{\"@type\":\"SearchAction\",\"target\":{\"@type\":\"EntryPoint\",\"urlTemplate\":\"https:\/\/iconproducts.com\/es\/?s={search_term_string}\"},\"query-input\":{\"@type\":\"PropertyValueSpecification\",\"valueRequired\":true,\"valueName\":\"search_term_string\"}}],\"inLanguage\":\"fr-FR\"},{\"@type\":\"Organization\",\"@id\":\"https:\/\/iconproducts.com\/es\/#organization\",\"name\":\"I.C.O.N. Products\",\"url\":\"https:\/\/iconproducts.com\/es\/\",\"logo\":{\"@type\":\"ImageObject\",\"inLanguage\":\"fr-FR\",\"@id\":\"https:\/\/iconproducts.com\/es\/#\/schema\/logo\/image\/\",\"url\":\"https:\/\/iconproducts.com\/wp-content\/uploads\/2018\/08\/logo-icon-1.jpg\",\"contentUrl\":\"https:\/\/iconproducts.com\/wp-content\/uploads\/2018\/08\/logo-icon-1.jpg\",\"width\":1000,\"height\":1000,\"caption\":\"I.C.O.N. Products\"},\"image\":{\"@id\":\"https:\/\/iconproducts.com\/es\/#\/schema\/logo\/image\/\"},\"sameAs\":[\"https:\/\/www.facebook.com\/iconproducts.spain\",\"https:\/\/www.instagram.com\/iconspain\/\",\"https:\/\/www.youtube.com\/channel\/UCw0myea3fiZRsj72sNBnMqQ\"]}]}<\/script>\n<!-- \/ Yoast SEO plugin. -->","yoast_head_json":{"title":"Regimedy Anti-Frizz | I.C.O.N. Products","robots":{"index":"index","follow":"follow","max-snippet":"max-snippet:-1","max-image-preview":"max-image-preview:large","max-video-preview":"max-video-preview:-1"},"canonical":"https:\/\/iconproducts.com\/fr\/regimedies\/anti-frizz-regimedy\/","og_locale":"fr_FR","og_type":"article","og_title":"Regimedy Anti-Frizz | I.C.O.N. Products","og_description":"[vc_row][vc_column][vc_row_inner][vc_column_inner width=\u00a0\u00bb1\/12&Prime;][\/vc_column_inner][vc_column_inner width=\u00a0\u00bb10\/12&Prime;][vc_column_text css_animation=\u00a0\u00bbnone\u00a0\u00bb] Notre Regimedy Anti-Frizz combat les frisottis avec de la biotine, une vitamine hydrosoluble qui aide \u00e0 bloquer les acides amin\u00e9s et lesprot\u00e9ines. Elle est connue sous","og_url":"https:\/\/iconproducts.com\/fr\/regimedies\/anti-frizz-regimedy\/","og_site_name":"I.C.O.N. Products","article_publisher":"https:\/\/www.facebook.com\/iconproducts.spain","article_modified_time":"2025-04-01T11:00:04+00:00","twitter_card":"summary_large_image","schema":{"@context":"https:\/\/schema.org","@graph":[{"@type":"WebPage","@id":"https:\/\/iconproducts.com\/fr\/regimedies\/anti-frizz-regimedy\/","url":"https:\/\/iconproducts.com\/fr\/regimedies\/anti-frizz-regimedy\/","name":"Regimedy Anti-Frizz | I.C.O.N. Products","isPartOf":{"@id":"https:\/\/iconproducts.com\/es\/#website"},"datePublished":"2018-06-26T14:58:02+00:00","dateModified":"2025-04-01T11:00:04+00:00","breadcrumb":{"@id":"https:\/\/iconproducts.com\/fr\/regimedies\/anti-frizz-regimedy\/#breadcrumb"},"inLanguage":"fr-FR","potentialAction":[{"@type":"ReadAction","target":["https:\/\/iconproducts.com\/fr\/regimedies\/anti-frizz-regimedy\/"]}]},{"@type":"BreadcrumbList","@id":"https:\/\/iconproducts.com\/fr\/regimedies\/anti-frizz-regimedy\/#breadcrumb","itemListElement":[{"@type":"ListItem","position":1,"name":"I.C.O.N. Products","item":"https:\/\/iconproducts.com\/fr\/"},{"@type":"ListItem","position":2,"name":"Regimedies","item":"https:\/\/iconproducts.com\/fr\/regimedies\/"},{"@type":"ListItem","position":3,"name":"Anti-Frizz Regimedy"}]},{"@type":"WebSite","@id":"https:\/\/iconproducts.com\/es\/#website","url":"https:\/\/iconproducts.com\/es\/","name":"I.C.O.N. Products","description":"Productos de peluquer\u00eda","publisher":{"@id":"https:\/\/iconproducts.com\/es\/#organization"},"potentialAction":[{"@type":"SearchAction","target":{"@type":"EntryPoint","urlTemplate":"https:\/\/iconproducts.com\/es\/?s={search_term_string}"},"query-input":{"@type":"PropertyValueSpecification","valueRequired":true,"valueName":"search_term_string"}}],"inLanguage":"fr-FR"},{"@type":"Organization","@id":"https:\/\/iconproducts.com\/es\/#organization","name":"I.C.O.N. Products","url":"https:\/\/iconproducts.com\/es\/","logo":{"@type":"ImageObject","inLanguage":"fr-FR","@id":"https:\/\/iconproducts.com\/es\/#\/schema\/logo\/image\/","url":"https:\/\/iconproducts.com\/wp-content\/uploads\/2018\/08\/logo-icon-1.jpg","contentUrl":"https:\/\/iconproducts.com\/wp-content\/uploads\/2018\/08\/logo-icon-1.jpg","width":1000,"height":1000,"caption":"I.C.O.N. Products"},"image":{"@id":"https:\/\/iconproducts.com\/es\/#\/schema\/logo\/image\/"},"sameAs":["https:\/\/www.facebook.com\/iconproducts.spain","https:\/\/www.instagram.com\/iconspain\/","https:\/\/www.youtube.com\/channel\/UCw0myea3fiZRsj72sNBnMqQ"]}]}},"_links":{"self":[{"href":"https:\/\/iconproducts.com\/fr\/wp-json\/wp\/v2\/pages\/36580","targetHints":{"allow":["GET"]}}],"collection":[{"href":"https:\/\/iconproducts.com\/fr\/wp-json\/wp\/v2\/pages"}],"about":[{"href":"https:\/\/iconproducts.com\/fr\/wp-json\/wp\/v2\/types\/page"}],"author":[{"embeddable":true,"href":"https:\/\/iconproducts.com\/fr\/wp-json\/wp\/v2\/users\/1"}],"replies":[{"embeddable":true,"href":"https:\/\/iconproducts.com\/fr\/wp-json\/wp\/v2\/comments?post=36580"}],"version-history":[{"count":19,"href":"https:\/\/iconproducts.com\/fr\/wp-json\/wp\/v2\/pages\/36580\/revisions"}],"predecessor-version":[{"id":125637,"href":"https:\/\/iconproducts.com\/fr\/wp-json\/wp\/v2\/pages\/36580\/revisions\/125637"}],"up":[{"embeddable":true,"href":"https:\/\/iconproducts.com\/fr\/wp-json\/wp\/v2\/pages\/36333"}],"wp:attachment":[{"href":"https:\/\/iconproducts.com\/fr\/wp-json\/wp\/v2\/media?parent=36580"}],"wp:term":[{"taxonomy":"post_tag","embeddable":true,"href":"https:\/\/iconproducts.com\/fr\/wp-json\/wp\/v2\/tags?post=36580"},{"taxonomy":"wf_page_folders","embeddable":true,"href":"https:\/\/iconproducts.com\/fr\/wp-json\/wp\/v2\/wf_page_folders?post=36580"}],"curies":[{"name":"wp","href":"https:\/\/api.w.org\/{rel}","templated":true}]}}