{"id":36761,"date":"2018-06-27T09:01:16","date_gmt":"2018-06-27T07:01:16","guid":{"rendered":"https:\/\/iconproducts.com\/?page_id=36761"},"modified":"2023-10-09T18:24:04","modified_gmt":"2023-10-09T16:24:04","slug":"shampooing-anti-frizz","status":"publish","type":"page","link":"https:\/\/iconproducts.com\/fr\/regimedies\/shampoos\/shampooing-anti-frizz\/","title":{"rendered":"Shampooing Anti-Frizz"},"content":{"rendered":"<p>[vc_row][vc_column]<div class=\"dfd-spacer-module\"  data-units=\"px\" data-wide_resolution=\"1280\" data-wide_size=\"100\" data-normal_resolution=\"1024\" data-normal_size=\"100\" data-tablet_resolution=\"800\" data-tablet_size=\"50\" data-mobile_resolution=\"480\" data-mobile_size=\"50\" style=\"height: 100px;\"><\/div>[\/vc_column][\/vc_row][vc_row][vc_column width=\u00a0\u00bb1\/2&Prime;]<div id=\"dfd-single-image-module69d83e2aec36b-9009\" class=\"dfd-single-image-module  image-center \" ><img fetchpriority=\"high\" decoding=\"async\" src=\"https:\/\/iconproducts.com\/wp-content\/uploads\/2020\/06\/antifrizz-shampoo.jpg\" width=\"1000\" height=\"1000\"  alt=\"Image module\" \/><\/div><div class=\"dfd-spacer-module\"  data-units=\"px\" data-wide_resolution=\"1280\" data-wide_size=\"50\" data-normal_resolution=\"1024\" data-normal_size=\"50\" data-tablet_resolution=\"800\" data-tablet_size=\"50\" data-mobile_resolution=\"480\" data-mobile_size=\"50\" style=\"height: 50px;\"><\/div><div class=\"dfd-spacer-module\"  data-units=\"px\" data-wide_resolution=\"1280\" data-wide_size=\"50\" data-normal_resolution=\"1024\" data-normal_size=\"50\" data-tablet_resolution=\"800\" data-tablet_size=\"50\" data-mobile_resolution=\"480\" data-mobile_size=\"50\" style=\"height: 50px;\"><\/div>[\/vc_column][vc_column width=\u00a0\u00bb1\/2&Prime;]<div class=\"dfd-heading-shortcode\"><div class=\"dfd-heading-module-wrap  text-left style_01 dfd-heading-69d83e2aec443 dfd-disable-resposive-headings\" id=\"dfd-heading-69d83e2aec443\" ><div class=\"inline-block\"><div class=\"dfd-heading-module\"><h1 class=\"widget-title dfd-title \" style=\"\">Shampooing Anti-Frizz<\/h1><h3 class=\"widget-sub-title dfd-sub-title \" style=\"\">Shampooing anti-frisottis<\/h3><div class=\"dfd-heading-delimiter\"><\/div><\/div><\/div><\/div><script type=\"text\/javascript\">\n\t\t\t\t\t\t\t\t\t(function($) {\n\t\t\t\t\t\t\t\t\t\t$(\"head\").append(\"<style>.dfd-heading-69d83e2aec443.dfd-heading-module-wrap .dfd-heading-module .dfd-heading-delimiter {border-bottom-style:solid;border-bottom-width:1px;width:100px;border-bottom-color:#dddddd;}.dfd-heading-69d83e2aec443.dfd-heading-module-wrap .dfd-heading-module .dfd-heading-delimiter {margin-top:10px;margin-bottom:10px;}<\/style>\");\n\t\t\t\t\t\t\t\t\t})(jQuery);\n\t\t\t\t\t\t\t\t<\/script><\/div>[vc_column_text]<strong>Qu&rsquo;est-ce que c&rsquo;est ?<\/strong><br \/>\nShampooing anti-frisottis qui renforce et lisse tout en fortifiant chaque m\u00e8che.<\/p>\n<p><strong>Pour qui ?<\/strong><br \/>\nCr\u00e9\u00e9 pour celles qui ont des cheveux secs et frisottants au lieu de lisses et d\u00e9finis.<\/p>\n<p><strong>Ce qu&rsquo;il fait :<\/strong><br \/>\nRedonne de l&rsquo;hydratation aux cheveux en commen\u00e7ant le rituel qui combat les frisottis.<\/p>\n<p><strong>Comment l&rsquo;utiliser ?<\/strong><br \/>\nFaire mousser sur les cheveux mouill\u00e9s et rincer compl\u00e8tement.[\/vc_column_text]<div class=\"dfd-spacer-module\"  data-units=\"px\" data-wide_resolution=\"1280\" data-wide_size=\"20\" data-normal_resolution=\"1024\" data-normal_size=\"20\" data-tablet_resolution=\"800\" data-tablet_size=\"20\" data-mobile_resolution=\"480\" data-mobile_size=\"20\" style=\"height: 20px;\"><\/div><div class=\"dfd-delimier-main-wrapper \" ><div id=\"dfd-delimiter-69d83e2aec5b3-1821\"  class=\"dfd-delimier-wrapper dfd-delimiter-with-line \"  style='text-align:left; ' ><span><span class=\"line\" style=\"border-bottom-width:1px; border-bottom-style:dotted; \"><\/span><\/span><\/div><\/div><div class=\"dfd-spacer-module\"  data-units=\"px\" data-wide_resolution=\"1280\" data-wide_size=\"20\" data-normal_resolution=\"1024\" data-normal_size=\"20\" data-tablet_resolution=\"800\" data-tablet_size=\"20\" data-mobile_resolution=\"480\" data-mobile_size=\"20\" style=\"height: 20px;\"><\/div>[vc_row_inner el_class=\u00a0\u00bbbloque-tamanos\u00a0\u00bb][vc_column_inner][vc_column_text]<strong>Tailles disponibles<\/strong>:[\/vc_column_text]<div class=\"dfd-info-banner style-01  text-center\" ><div class=\"image-cover \"><img decoding=\"async\" src=\"https:\/\/iconproducts.com\/wp-content\/uploads\/2023\/09\/regimedy-250-60x100.jpg\" alt=\"Image\"  width=\"60\" height=\"100\" class=\"info-banner-image \" \/><\/div><div class=\"info-box-title feature-title\" style=\"\">250 ml.<\/div><div class=\"wrap-delimiter\"><div class=\"delimiter\" ><\/div><\/div><\/div><div class=\"dfd-info-banner style-01  text-center\" ><div class=\"image-cover \"><img decoding=\"async\" src=\"https:\/\/iconproducts.com\/wp-content\/uploads\/2023\/09\/litro-60x100.jpg\" alt=\"Image\"  width=\"60\" height=\"100\" class=\"info-banner-image \" \/><\/div><div class=\"info-box-title feature-title\" style=\"\">1 l.<\/div><div class=\"wrap-delimiter\"><div class=\"delimiter\" ><\/div><\/div><\/div><div class=\"dfd-delimier-main-wrapper \" ><div id=\"dfd-delimiter-69d83e2aecc8d-8750\"  class=\"dfd-delimier-wrapper dfd-delimiter-with-line \"  style='text-align:left; ' ><span><span class=\"line\" style=\"border-bottom-width:1px; border-bottom-style:dotted; \"><\/span><\/span><\/div><\/div>[\/vc_column_inner][\/vc_row_inner][\/vc_column][\/vc_row][vc_section el_id=\u00a0\u00bbnew-ficha-product\u00a0\u00bb css=\u00a0\u00bb.vc_custom_1649070296680{margin-bottom: 60px !important;}\u00a0\u00bb][vc_row][vc_column]<div class=\"dfd-spacer-module\"  data-units=\"px\" data-wide_resolution=\"1280\" data-wide_size=\"50\" data-normal_resolution=\"1024\" data-normal_size=\"50\" data-tablet_resolution=\"800\" data-tablet_size=\"50\" data-mobile_resolution=\"480\" data-mobile_size=\"50\" style=\"height: 50px;\"><\/div>[dfd_tta_tabs style=\u00a0\u00bbempty_style\u00a0\u00bb tab_title_uppercase=\u00a0\u00bbuppercase\u00a0\u00bb font_size=\u00a0\u00bb15&Prime; icon_size=\u00a0\u00bb15&Prime; active_section=\u00a0\u00bb1&Prime; tab_title_font_options=\u00a0\u00bbfont_style_bold:1&Prime;][vc_tta_section i_position=\u00a0\u00bbright\u00a0\u00bb i_icon_fontawesome=\u00a0\u00bbfa fa-plus\u00a0\u00bb add_icon=\u00a0\u00bbtrue\u00a0\u00bb title=\u00a0\u00bbINGR\u00c9DIENTS ACTIFS\u00a0\u00bb tab_id=\u00a0\u00bb1648023039495-7bc2b53a-3435&Prime;]<div class=\"dfd-spacer-module\"  data-units=\"px\" data-wide_resolution=\"1280\" data-wide_size=\"10\" data-normal_resolution=\"1024\" data-normal_size=\"10\" data-tablet_resolution=\"800\" data-tablet_size=\"10\" data-mobile_resolution=\"480\" data-mobile_size=\"10\" style=\"height: 10px;\"><\/div>[vc_row_inner][vc_column_inner width=\u00a0\u00bb1\/2&Prime; css=\u00a0\u00bb.vc_custom_1648024148386{padding-bottom: 40px !important;}\u00a0\u00bb col_inner_shadow=\u00a0\u00bbbox_shadow_enable:disable|shadow_horizontal:0|shadow_vertical:15|shadow_blur:50|shadow_spread:0|box_shadow_color:rgba(0%2C0%2C0%2C0.35)\u00a0\u00bb col_inner_shadow_hover=\u00a0\u00bbbox_shadow_enable:disable|shadow_horizontal:0|shadow_vertical:15|shadow_blur:50|shadow_spread:0|box_shadow_color:rgba(0%2C0%2C0%2C0.35)\u00a0\u00bb]<div id=\"idinfobox69d83e2aecd7c\" class=\"dfd-info-box clearfix style-01 layout-04 box-ficha-product idinfobox69d83e2aecd7c\" ><div class=\"dfd-animate-container\"><div class=\"icon-wrapper\"><div class=\"module-icon\" ><div class=\"hover-layer\" ><\/div><img decoding=\"async\" src=\"https:\/\/iconproducts.com\/wp-content\/uploads\/2019\/04\/keraveg-18.jpg\" alt=\"Image icon\" style=\"opacity: 1;\" \/><\/div><\/div><div class=\"content-wrap ovh\"><div class=\"info-box-title feature-title\" style=\"font-size: 18px; font-weight:bold; \">KERAVEG 18<\/div><div class=\"wrap-delimiter\"><div class=\"delimiter\" ><\/div><\/div><div class=\"description\" style=\"\">Augmente l\u2019\u00e9lasticit\u00e9 et la force des cheveux<br \/>\n<\/div><\/div><\/div><\/div>[\/vc_column_inner][vc_column_inner width=\u00a0\u00bb1\/2&Prime; css=\u00a0\u00bb.vc_custom_1648024152883{padding-bottom: 40px !important;}\u00a0\u00bb col_inner_shadow=\u00a0\u00bbbox_shadow_enable:disable|shadow_horizontal:0|shadow_vertical:15|shadow_blur:50|shadow_spread:0|box_shadow_color:rgba(0%2C0%2C0%2C0.35)\u00a0\u00bb col_inner_shadow_hover=\u00a0\u00bbbox_shadow_enable:disable|shadow_horizontal:0|shadow_vertical:15|shadow_blur:50|shadow_spread:0|box_shadow_color:rgba(0%2C0%2C0%2C0.35)\u00a0\u00bb]<div id=\"idinfobox69d83e2aecf70\" class=\"dfd-info-box clearfix style-01 layout-04 box-ficha-product idinfobox69d83e2aecf70\" ><div class=\"dfd-animate-container\"><div class=\"icon-wrapper\"><div class=\"module-icon\" ><div class=\"hover-layer\" ><\/div><img decoding=\"async\" src=\"https:\/\/iconproducts.com\/wp-content\/uploads\/2019\/04\/vitamina-b7.jpg\" alt=\"Image icon\" style=\"opacity: 1;\" \/><\/div><\/div><div class=\"content-wrap ovh\"><div class=\"info-box-title feature-title\" style=\"font-size: 18px; font-weight:bold; \">BIOTINE<\/div><div class=\"wrap-delimiter\"><div class=\"delimiter\" ><\/div><\/div><div class=\"description\" style=\"\">Vitamine hydrosoluble faisant partie du complexede la vitamine B. Un groupe de nutriments cl\u00e9sn\u00e9cessaires pour des cheveux plus sains et plusforts, qui pr\u00e9viennent la s\u00e9cheresse et aident \u00e0pr\u00e9venir la chute des cheveux.<\/div><\/div><\/div><\/div>[\/vc_column_inner][\/vc_row_inner][\/vc_tta_section][vc_tta_section i_position=\u00a0\u00bbright\u00a0\u00bb i_icon_fontawesome=\u00a0\u00bbfa fa-plus\u00a0\u00bb add_icon=\u00a0\u00bbtrue\u00a0\u00bb title=\u00a0\u00bbINGR\u00c9DIENTS\u00a0\u00bb tab_id=\u00a0\u00bb1647965598517-cf28458a-0f46&Prime;][vc_column_text]<em>Aqua (water\/eau), sodium lauroyl methyl isethionate, sodium methyl cocoyl taurate, cocamidopropyl betaine, glycol distearate, alanine, aloe barbadensis leaf juice, amodimethicone, arginine, arginine hcl, aspartic acid, avena sativa (oat) peptide, biotin, cetrimonium chloride, cinnamidopropyltrimonium chloride, citric acid, cocamide mipa, cocamidopropyl hydroxysultaine, decyl glucoside, disodium edta, glycereth-26, glycine, guar hydroxypropyltrimonium chloride, histidine, hydroxyacetophenone, hydrolyzed vegetable protein pg-propyl silanetriol, isoleucine, mangifera indica (mango) seed butter, methyl gluceth-20, orbignya oleifera seed oil, panthenol, pca, peg-150 distearate, phenylalanine, polyquaternium-10, polyquaternium-7, ppg-5- ceteth-20, proline, propylene glycol, serine, sodium pca, sodium lactate, soy amino acids, theobroma grandiflorum seed butter, threonine, tocopherol, trideceth-3, trideceth-15, valine, wheat amino acids, phenoxyethanol, fragrance (parfum).<\/em><\/p>\n<p>Nous nous engageons \u00e0 fournir des produits de haute qualit\u00e9, naturels et respectueux de l&rsquo;environnement, qui sont performants et innovants. Notre liste d&rsquo;ingr\u00e9dients peut varier de temps \u00e0 autre, car nous nous effor\u00e7ons d&rsquo;aller au-del\u00e0 de toutes les normes. Veuillez vous r\u00e9f\u00e9rer \u00e0 l&#8217;emballage imprim\u00e9 pour obtenir la liste d&rsquo;ingr\u00e9dients la plus pr\u00e9cise\u00a0possible.[\/vc_column_text][\/vc_tta_section][vc_tta_section i_position=\u00a0\u00bbright\u00a0\u00bb i_icon_fontawesome=\u00a0\u00bbfa fa-plus\u00a0\u00bb add_icon=\u00a0\u00bbtrue\u00a0\u00bb title=\u00a0\u00bbProduits connexes\u00a0\u00bb tab_id=\u00a0\u00bb1647966124315-b6c96e74-d954&Prime;][vc_row_inner][vc_column_inner]<div id=\"idinfobox69d83e2aed14c\" class=\"dfd-info-box clearfix style-01 layout-01 icono-img idinfobox69d83e2aed14c text-center\" ><div class=\"dfd-animate-container\"><div class=\"icon-wrapper\"><div class=\"module-icon\" ><div class=\"hover-layer\" ><\/div><img decoding=\"async\" src=\"https:\/\/iconproducts.com\/wp-content\/uploads\/2020\/06\/antifrizz-conditioner.jpg\" alt=\"Image icon\" style=\"opacity: 1;\" \/><\/div><\/div><h6 class=\"info-box-title \" style=\"\">Anti-Frizz Conditioner<\/h6><div class=\"info-box-subtitle subtitle\" style=\"\">Conditionneur traitant anti-frisottis<\/div><div class=\"wrap-delimiter\"><div class=\"delimiter\" style=\"border-color:#ffffff;\"><\/div><\/div><div class=\"description\" style=\"\"><\/div><a href=\"https:\/\/iconproducts.com\/fr\/conditionneur-anti-frizz\/\" title=\"Anti-Frizz Conditioner\"  class=\"full-box-link\"><\/a><\/div><\/div>[\/vc_column_inner][\/vc_row_inner][\/vc_tta_section][\/dfd_tta_tabs][\/vc_column][\/vc_row][\/vc_section]<\/p>\n","protected":false},"excerpt":{"rendered":"<p>[vc_row][vc_column][\/vc_column][\/vc_row][vc_row][vc_column width=\u00a0\u00bb1\/2&Prime;][\/vc_column][vc_column width=\u00a0\u00bb1\/2&Prime;][vc_column_text]Qu&rsquo;est-ce que c&rsquo;est ? Shampooing anti-frisottis qui renforce et lisse tout en fortifiant chaque m\u00e8che. Pour qui ? Cr\u00e9\u00e9 pour celles qui ont des cheveux secs et frisottants<\/p>\n","protected":false},"author":1,"featured_media":52351,"parent":53808,"menu_order":0,"comment_status":"closed","ping_status":"closed","template":"page-custom-with-header.php","meta":{"_acf_changed":false,"footnotes":""},"tags":[],"wf_page_folders":[],"class_list":["post-36761","page","type-page","status-publish","has-post-thumbnail","hentry"],"acf":[],"yoast_head":"<!-- This site is optimized with the Yoast SEO plugin v27.0 - https:\/\/yoast.com\/product\/yoast-seo-wordpress\/ -->\n<title>Shampooing Anti-Frizz | I.C.O.N. Products<\/title>\n<meta name=\"robots\" content=\"index, follow, max-snippet:-1, max-image-preview:large, max-video-preview:-1\" \/>\n<link rel=\"canonical\" href=\"https:\/\/iconproducts.com\/fr\/regimedies\/shampoos\/shampooing-anti-frizz\/\" \/>\n<meta property=\"og:locale\" content=\"fr_FR\" \/>\n<meta property=\"og:type\" content=\"article\" \/>\n<meta property=\"og:title\" content=\"Shampooing Anti-Frizz | I.C.O.N. Products\" \/>\n<meta property=\"og:description\" content=\"[vc_row][vc_column][\/vc_column][\/vc_row][vc_row][vc_column width=\u00a0\u00bb1\/2&Prime;][\/vc_column][vc_column width=\u00a0\u00bb1\/2&Prime;][vc_column_text]Qu&rsquo;est-ce que c&rsquo;est ? Shampooing anti-frisottis qui renforce et lisse tout en fortifiant chaque m\u00e8che. Pour qui ? Cr\u00e9\u00e9 pour celles qui ont des cheveux secs et frisottants\" \/>\n<meta property=\"og:url\" content=\"https:\/\/iconproducts.com\/fr\/regimedies\/shampoos\/shampooing-anti-frizz\/\" \/>\n<meta property=\"og:site_name\" content=\"I.C.O.N. Products\" \/>\n<meta property=\"article:publisher\" content=\"https:\/\/www.facebook.com\/iconproducts.spain\" \/>\n<meta property=\"article:modified_time\" content=\"2023-10-09T16:24:04+00:00\" \/>\n<meta property=\"og:image\" content=\"https:\/\/iconproducts.com\/wp-content\/uploads\/2020\/06\/antifrizz-shampoo.jpg\" \/>\n\t<meta property=\"og:image:width\" content=\"1000\" \/>\n\t<meta property=\"og:image:height\" content=\"1000\" \/>\n\t<meta property=\"og:image:type\" content=\"image\/jpeg\" \/>\n<meta name=\"twitter:card\" content=\"summary_large_image\" \/>\n<script type=\"application\/ld+json\" class=\"yoast-schema-graph\">{\"@context\":\"https:\/\/schema.org\",\"@graph\":[{\"@type\":\"WebPage\",\"@id\":\"https:\/\/iconproducts.com\/fr\/regimedies\/shampoos\/shampooing-anti-frizz\/\",\"url\":\"https:\/\/iconproducts.com\/fr\/regimedies\/shampoos\/shampooing-anti-frizz\/\",\"name\":\"Shampooing Anti-Frizz | I.C.O.N. Products\",\"isPartOf\":{\"@id\":\"https:\/\/iconproducts.com\/es\/#website\"},\"primaryImageOfPage\":{\"@id\":\"https:\/\/iconproducts.com\/fr\/regimedies\/shampoos\/shampooing-anti-frizz\/#primaryimage\"},\"image\":{\"@id\":\"https:\/\/iconproducts.com\/fr\/regimedies\/shampoos\/shampooing-anti-frizz\/#primaryimage\"},\"thumbnailUrl\":\"https:\/\/iconproducts.com\/wp-content\/uploads\/2020\/06\/antifrizz-shampoo.jpg\",\"datePublished\":\"2018-06-27T07:01:16+00:00\",\"dateModified\":\"2023-10-09T16:24:04+00:00\",\"breadcrumb\":{\"@id\":\"https:\/\/iconproducts.com\/fr\/regimedies\/shampoos\/shampooing-anti-frizz\/#breadcrumb\"},\"inLanguage\":\"fr-FR\",\"potentialAction\":[{\"@type\":\"ReadAction\",\"target\":[\"https:\/\/iconproducts.com\/fr\/regimedies\/shampoos\/shampooing-anti-frizz\/\"]}]},{\"@type\":\"ImageObject\",\"inLanguage\":\"fr-FR\",\"@id\":\"https:\/\/iconproducts.com\/fr\/regimedies\/shampoos\/shampooing-anti-frizz\/#primaryimage\",\"url\":\"https:\/\/iconproducts.com\/wp-content\/uploads\/2020\/06\/antifrizz-shampoo.jpg\",\"contentUrl\":\"https:\/\/iconproducts.com\/wp-content\/uploads\/2020\/06\/antifrizz-shampoo.jpg\",\"width\":1000,\"height\":1000,\"caption\":\"Shampoo\"},{\"@type\":\"BreadcrumbList\",\"@id\":\"https:\/\/iconproducts.com\/fr\/regimedies\/shampoos\/shampooing-anti-frizz\/#breadcrumb\",\"itemListElement\":[{\"@type\":\"ListItem\",\"position\":1,\"name\":\"I.C.O.N. Products\",\"item\":\"https:\/\/iconproducts.com\/fr\/\"},{\"@type\":\"ListItem\",\"position\":2,\"name\":\"Regimedies\",\"item\":\"https:\/\/iconproducts.com\/fr\/regimedies\/\"},{\"@type\":\"ListItem\",\"position\":3,\"name\":\"Shampooings\",\"item\":\"https:\/\/iconproducts.com\/fr\/regimedies\/shampoos\/\"},{\"@type\":\"ListItem\",\"position\":4,\"name\":\"Shampooing Anti-Frizz\"}]},{\"@type\":\"WebSite\",\"@id\":\"https:\/\/iconproducts.com\/es\/#website\",\"url\":\"https:\/\/iconproducts.com\/es\/\",\"name\":\"I.C.O.N. Products\",\"description\":\"Productos de peluquer\u00eda\",\"publisher\":{\"@id\":\"https:\/\/iconproducts.com\/es\/#organization\"},\"potentialAction\":[{\"@type\":\"SearchAction\",\"target\":{\"@type\":\"EntryPoint\",\"urlTemplate\":\"https:\/\/iconproducts.com\/es\/?s={search_term_string}\"},\"query-input\":{\"@type\":\"PropertyValueSpecification\",\"valueRequired\":true,\"valueName\":\"search_term_string\"}}],\"inLanguage\":\"fr-FR\"},{\"@type\":\"Organization\",\"@id\":\"https:\/\/iconproducts.com\/es\/#organization\",\"name\":\"I.C.O.N. Products\",\"url\":\"https:\/\/iconproducts.com\/es\/\",\"logo\":{\"@type\":\"ImageObject\",\"inLanguage\":\"fr-FR\",\"@id\":\"https:\/\/iconproducts.com\/es\/#\/schema\/logo\/image\/\",\"url\":\"https:\/\/iconproducts.com\/wp-content\/uploads\/2018\/08\/logo-icon-1.jpg\",\"contentUrl\":\"https:\/\/iconproducts.com\/wp-content\/uploads\/2018\/08\/logo-icon-1.jpg\",\"width\":1000,\"height\":1000,\"caption\":\"I.C.O.N. Products\"},\"image\":{\"@id\":\"https:\/\/iconproducts.com\/es\/#\/schema\/logo\/image\/\"},\"sameAs\":[\"https:\/\/www.facebook.com\/iconproducts.spain\",\"https:\/\/www.instagram.com\/iconspain\/\",\"https:\/\/www.youtube.com\/channel\/UCw0myea3fiZRsj72sNBnMqQ\"]}]}<\/script>\n<!-- \/ Yoast SEO plugin. -->","yoast_head_json":{"title":"Shampooing Anti-Frizz | I.C.O.N. Products","robots":{"index":"index","follow":"follow","max-snippet":"max-snippet:-1","max-image-preview":"max-image-preview:large","max-video-preview":"max-video-preview:-1"},"canonical":"https:\/\/iconproducts.com\/fr\/regimedies\/shampoos\/shampooing-anti-frizz\/","og_locale":"fr_FR","og_type":"article","og_title":"Shampooing Anti-Frizz | I.C.O.N. Products","og_description":"[vc_row][vc_column][\/vc_column][\/vc_row][vc_row][vc_column width=\u00a0\u00bb1\/2&Prime;][\/vc_column][vc_column width=\u00a0\u00bb1\/2&Prime;][vc_column_text]Qu&rsquo;est-ce que c&rsquo;est ? Shampooing anti-frisottis qui renforce et lisse tout en fortifiant chaque m\u00e8che. Pour qui ? Cr\u00e9\u00e9 pour celles qui ont des cheveux secs et frisottants","og_url":"https:\/\/iconproducts.com\/fr\/regimedies\/shampoos\/shampooing-anti-frizz\/","og_site_name":"I.C.O.N. Products","article_publisher":"https:\/\/www.facebook.com\/iconproducts.spain","article_modified_time":"2023-10-09T16:24:04+00:00","og_image":[{"width":1000,"height":1000,"url":"https:\/\/iconproducts.com\/wp-content\/uploads\/2020\/06\/antifrizz-shampoo.jpg","type":"image\/jpeg"}],"twitter_card":"summary_large_image","schema":{"@context":"https:\/\/schema.org","@graph":[{"@type":"WebPage","@id":"https:\/\/iconproducts.com\/fr\/regimedies\/shampoos\/shampooing-anti-frizz\/","url":"https:\/\/iconproducts.com\/fr\/regimedies\/shampoos\/shampooing-anti-frizz\/","name":"Shampooing Anti-Frizz | I.C.O.N. Products","isPartOf":{"@id":"https:\/\/iconproducts.com\/es\/#website"},"primaryImageOfPage":{"@id":"https:\/\/iconproducts.com\/fr\/regimedies\/shampoos\/shampooing-anti-frizz\/#primaryimage"},"image":{"@id":"https:\/\/iconproducts.com\/fr\/regimedies\/shampoos\/shampooing-anti-frizz\/#primaryimage"},"thumbnailUrl":"https:\/\/iconproducts.com\/wp-content\/uploads\/2020\/06\/antifrizz-shampoo.jpg","datePublished":"2018-06-27T07:01:16+00:00","dateModified":"2023-10-09T16:24:04+00:00","breadcrumb":{"@id":"https:\/\/iconproducts.com\/fr\/regimedies\/shampoos\/shampooing-anti-frizz\/#breadcrumb"},"inLanguage":"fr-FR","potentialAction":[{"@type":"ReadAction","target":["https:\/\/iconproducts.com\/fr\/regimedies\/shampoos\/shampooing-anti-frizz\/"]}]},{"@type":"ImageObject","inLanguage":"fr-FR","@id":"https:\/\/iconproducts.com\/fr\/regimedies\/shampoos\/shampooing-anti-frizz\/#primaryimage","url":"https:\/\/iconproducts.com\/wp-content\/uploads\/2020\/06\/antifrizz-shampoo.jpg","contentUrl":"https:\/\/iconproducts.com\/wp-content\/uploads\/2020\/06\/antifrizz-shampoo.jpg","width":1000,"height":1000,"caption":"Shampoo"},{"@type":"BreadcrumbList","@id":"https:\/\/iconproducts.com\/fr\/regimedies\/shampoos\/shampooing-anti-frizz\/#breadcrumb","itemListElement":[{"@type":"ListItem","position":1,"name":"I.C.O.N. Products","item":"https:\/\/iconproducts.com\/fr\/"},{"@type":"ListItem","position":2,"name":"Regimedies","item":"https:\/\/iconproducts.com\/fr\/regimedies\/"},{"@type":"ListItem","position":3,"name":"Shampooings","item":"https:\/\/iconproducts.com\/fr\/regimedies\/shampoos\/"},{"@type":"ListItem","position":4,"name":"Shampooing Anti-Frizz"}]},{"@type":"WebSite","@id":"https:\/\/iconproducts.com\/es\/#website","url":"https:\/\/iconproducts.com\/es\/","name":"I.C.O.N. Products","description":"Productos de peluquer\u00eda","publisher":{"@id":"https:\/\/iconproducts.com\/es\/#organization"},"potentialAction":[{"@type":"SearchAction","target":{"@type":"EntryPoint","urlTemplate":"https:\/\/iconproducts.com\/es\/?s={search_term_string}"},"query-input":{"@type":"PropertyValueSpecification","valueRequired":true,"valueName":"search_term_string"}}],"inLanguage":"fr-FR"},{"@type":"Organization","@id":"https:\/\/iconproducts.com\/es\/#organization","name":"I.C.O.N. Products","url":"https:\/\/iconproducts.com\/es\/","logo":{"@type":"ImageObject","inLanguage":"fr-FR","@id":"https:\/\/iconproducts.com\/es\/#\/schema\/logo\/image\/","url":"https:\/\/iconproducts.com\/wp-content\/uploads\/2018\/08\/logo-icon-1.jpg","contentUrl":"https:\/\/iconproducts.com\/wp-content\/uploads\/2018\/08\/logo-icon-1.jpg","width":1000,"height":1000,"caption":"I.C.O.N. Products"},"image":{"@id":"https:\/\/iconproducts.com\/es\/#\/schema\/logo\/image\/"},"sameAs":["https:\/\/www.facebook.com\/iconproducts.spain","https:\/\/www.instagram.com\/iconspain\/","https:\/\/www.youtube.com\/channel\/UCw0myea3fiZRsj72sNBnMqQ"]}]}},"_links":{"self":[{"href":"https:\/\/iconproducts.com\/fr\/wp-json\/wp\/v2\/pages\/36761","targetHints":{"allow":["GET"]}}],"collection":[{"href":"https:\/\/iconproducts.com\/fr\/wp-json\/wp\/v2\/pages"}],"about":[{"href":"https:\/\/iconproducts.com\/fr\/wp-json\/wp\/v2\/types\/page"}],"author":[{"embeddable":true,"href":"https:\/\/iconproducts.com\/fr\/wp-json\/wp\/v2\/users\/1"}],"replies":[{"embeddable":true,"href":"https:\/\/iconproducts.com\/fr\/wp-json\/wp\/v2\/comments?post=36761"}],"version-history":[{"count":14,"href":"https:\/\/iconproducts.com\/fr\/wp-json\/wp\/v2\/pages\/36761\/revisions"}],"predecessor-version":[{"id":112329,"href":"https:\/\/iconproducts.com\/fr\/wp-json\/wp\/v2\/pages\/36761\/revisions\/112329"}],"up":[{"embeddable":true,"href":"https:\/\/iconproducts.com\/fr\/wp-json\/wp\/v2\/pages\/53808"}],"wp:featuredmedia":[{"embeddable":true,"href":"https:\/\/iconproducts.com\/fr\/wp-json\/wp\/v2\/media\/52351"}],"wp:attachment":[{"href":"https:\/\/iconproducts.com\/fr\/wp-json\/wp\/v2\/media?parent=36761"}],"wp:term":[{"taxonomy":"post_tag","embeddable":true,"href":"https:\/\/iconproducts.com\/fr\/wp-json\/wp\/v2\/tags?post=36761"},{"taxonomy":"wf_page_folders","embeddable":true,"href":"https:\/\/iconproducts.com\/fr\/wp-json\/wp\/v2\/wf_page_folders?post=36761"}],"curies":[{"name":"wp","href":"https:\/\/api.w.org\/{rel}","templated":true}]}}