{"id":36965,"date":"2018-07-18T15:53:54","date_gmt":"2018-07-18T13:53:54","guid":{"rendered":"https:\/\/iconproducts.com\/?page_id=36965"},"modified":"2023-03-06T15:38:38","modified_gmt":"2023-03-06T14:38:38","slug":"stained-glass","status":"publish","type":"page","link":"https:\/\/iconproducts.com\/fr\/icon-color\/stained-glass\/","title":{"rendered":"Stained Glass"},"content":{"rendered":"<p>[vc_row][vc_column]\n\t\t\t<!-- START Stained NEW REVOLUTION SLIDER 6.5.14 --><p class=\"rs-p-wp-fix\"><\/p>\n\t\t\t<rs-module-wrap id=\"rev_slider_100_1_wrapper\" data-source=\"gallery\" style=\"visibility:hidden;background:transparent;padding:0;margin:0px auto;margin-top:20px;margin-bottom:20px;\">\n\t\t\t\t<rs-module id=\"rev_slider_100_1\" style=\"\" data-version=\"6.5.14\">\n\t\t\t\t\t<rs-slides>\n\t\t\t\t\t\t<rs-slide style=\"position: absolute;\" data-key=\"rs-505\" data-title=\"Slide\" data-anim=\"ms:600;\" data-in=\"o:0;\" data-out=\"a:false;\">\n\t\t\t\t\t\t\t<img decoding=\"async\" src=\"\/\/iconproducts.com\/wp-content\/plugins\/revslider\/public\/assets\/assets\/dummy.png\" alt=\"\" title=\"Stained Glass\" class=\"rev-slidebg tp-rs-img rs-lazyload\" data-lazyload=\"\/\/iconproducts.com\/wp-content\/plugins\/revslider\/public\/assets\/assets\/transparent.png\" data-no-retina>\n\t\t\t\t\t\t\t<rs-bgvideo \n\t\t\t\t\t\t\t\tdata-video=\"vc:none;w:100%;h:100%;nse:false;l:loopandnoslidestop;ptimer:false;\"\n\t\t\t\t\t\t\t\tdata-vimeoid=\"757098348\"\n\t\t\t\t\t\t\t\tdata-vatr=\"background=1&amp;title=0&amp;byline=0&amp;portrait=0&amp;api=1\"\n\t\t\t\t\t\t\t><\/rs-bgvideo>\n<!--\n\t\t\t\t\t\t\t--><rs-layer\n\t\t\t\t\t\t\t\tid=\"slider-100-slide-505-layer-0\" \n\t\t\t\t\t\t\t\tdata-type=\"button\"\n\t\t\t\t\t\t\t\tdata-color=\"#333333\"\n\t\t\t\t\t\t\t\tdata-rsp_ch=\"on\"\n\t\t\t\t\t\t\t\tdata-xy=\"xo:84px,84px,84px,11px;yo:173px,173px,173px,23px;\"\n\t\t\t\t\t\t\t\tdata-text=\"w:normal;s:45,45,45,5;l:55,55,55,7;a:center;\"\n\t\t\t\t\t\t\t\tdata-dim=\"w:60px,60px,60px,7px;h:60px,60px,60px,7px;minw:60px,60px,60px,none;minh:60px,60px,60px,none;\"\n\t\t\t\t\t\t\t\tdata-actions='o:click;a:toggle_mute_video;layer:backgroundvideo;'\n\t\t\t\t\t\t\t\tdata-border=\"bor:50%,50%,50%,50%;\"\n\t\t\t\t\t\t\t\tdata-frame_999=\"o:0;st:w;\"\n\t\t\t\t\t\t\t\tstyle=\"z-index:5;background-color:#ffffff;font-family:'Roboto';text-transform:uppercase;\"\n\t\t\t\t\t\t\t>\n\t\t\t\t\t\t\t\t<div class=\"rs-untoggled-content\"><i class=\"material-icons\">volume_up<\/i> <\/div>\n\t\t\t\t\t\t\t\t<div class=\"rs-toggled-content\"><i class=\"material-icons\">volume_off<\/i><\/div>\n\t\t\t\t\t\t\t<\/rs-layer><!--\n-->\t\t\t\t\t\t<\/rs-slide>\n\t\t\t\t\t<\/rs-slides>\n\t\t\t\t<\/rs-module>\n\t\t\t\t<script>\n\t\t\t\t\tsetREVStartSize({c: 'rev_slider_100_1',rl:[1240,1240,1240,480],el:[985.99,985.99,985.99,720],gw:[3584,3584,3584,500],gh:[986,986,986,275],type:'hero',justify:'',layout:'fullwidth',mh:\"0\"});if (window.RS_MODULES!==undefined && window.RS_MODULES.modules!==undefined && window.RS_MODULES.modules[\"revslider1001\"]!==undefined) {window.RS_MODULES.modules[\"revslider1001\"].once = false;window.revapi100 = undefined;if (window.RS_MODULES.checkMinimal!==undefined) window.RS_MODULES.checkMinimal()}\n\t\t\t\t<\/script>\n\t\t\t<\/rs-module-wrap>\n\t\t\t<!-- END REVOLUTION SLIDER -->\n\t\t\t<div style=\"clear:both;display:block;width:100%;height:0px\"><\/div><div class=\"dfd-spacer-module\"  data-units=\"px\" data-wide_resolution=\"1280\" data-wide_size=\"30\" data-normal_resolution=\"1024\" data-normal_size=\"30\" data-tablet_resolution=\"800\" data-tablet_size=\"30\" data-mobile_resolution=\"480\" data-mobile_size=\"30\" style=\"height: 30px;\"><\/div><div class=\"dfd-heading-shortcode\"><div class=\"dfd-heading-module-wrap  text-center style_01 dfd-heading-69e9236a550ff dfd-disable-resposive-headings\" id=\"dfd-heading-69e9236a550ff\" ><div class=\"inline-block\"><div class=\"dfd-heading-module\"><h1 class=\"widget-title dfd-title \" style=\"\">Stained Glass<\/h1><\/div><\/div><\/div><script type=\"text\/javascript\">\n\t\t\t\t\t\t\t\t\t(function($) {\n\t\t\t\t\t\t\t\t\t\t$(\"head\").append(\"<style>.dfd-heading-69e9236a550ff.dfd-heading-module-wrap .dfd-heading-module .dfd-heading-delimiter {margin-top:10px;margin-bottom:10px;}<\/style>\");\n\t\t\t\t\t\t\t\t\t})(jQuery);\n\t\t\t\t\t\t\t\t<\/script><\/div><div class=\"dfd-delimier-main-wrapper \" ><div id=\"dfd-delimiter-69e9236a5522e-7983\"  class=\"dfd-delimier-wrapper dfd-delimiter-with-text \"  style='text-align:left; ' ><span class=\"delim-center\">\n\t\t\t\t<span class=\"text dfd-content-title-small\" style=\"letter-spacing: 2px; \">transformez une couleur ordinaire en extraordinaire.<\/span>\n\t\t\t<\/span><script type=\"text\/javascript\">(function($) {$(\"head\").append(\"<style>#dfd-delimiter-69e9236a5522e-7983 .delim-center span:before, #dfd-delimiter-69e9236a5522e-7983 .delim-center span:after { border-bottom-style:dotted; height:1px; border-bottom-width:1px; margin-top: -0.5px; ; } <\/style>\");})(jQuery);<\/script><\/div><\/div><div class=\"dfd-spacer-module\"  data-units=\"px\" data-wide_resolution=\"1280\" data-wide_size=\"51\" data-normal_resolution=\"1024\" data-normal_size=\"51\" data-tablet_resolution=\"800\" data-tablet_size=\"51\" data-mobile_resolution=\"480\" data-mobile_size=\"51\" style=\"height: 51px;\"><\/div>[vc_row_inner][vc_column_inner width=\u00a0\u00bb1\/12&Prime;][\/vc_column_inner][vc_column_inner width=\u00a0\u00bb10\/12&Prime;][vc_column_text]<\/p>\n<p style=\"text-align: center;\">Stained Glass est un traitement naturel semi-permanent qui rehausse la teinte de votre couleur ou ajoute une couleur tonale compl\u00e9mentaire, donnant une dimension et une brillance suppl\u00e9mentaires. Utilisez cette coloration r\u00e9fl\u00e9chissante pour cr\u00e9er une texture soyeuse avec un look ultra-brillant.<\/p>\n<p>[\/vc_column_text]<div class=\"dfd-spacer-module\"  data-units=\"px\" data-wide_resolution=\"1280\" data-wide_size=\"20\" data-normal_resolution=\"1024\" data-normal_size=\"20\" data-tablet_resolution=\"800\" data-tablet_size=\"20\" data-mobile_resolution=\"480\" data-mobile_size=\"20\" style=\"height: 20px;\"><\/div>[vc_column_text]<\/p>\n<p style=\"text-align: center;\">Sans alcool \u00b7 <strong>Sans ammoniaque<\/strong> \u00b7 Sans oxydant \u00b7 <strong>Sans PPD<\/strong> \u00b7 Sans r\u00e9sorcine \u00b7 <strong>Aucun dommage<\/strong> \u00b7 Simplicit\u00e9 et efficacit\u00e9<\/p>\n<p>[\/vc_column_text]<div class=\"dfd-spacer-module\"  data-units=\"px\" data-wide_resolution=\"1280\" data-wide_size=\"10\" data-normal_resolution=\"1024\" data-normal_size=\"10\" data-tablet_resolution=\"800\" data-tablet_size=\"10\" data-mobile_resolution=\"480\" data-mobile_size=\"10\" style=\"height: 10px;\"><\/div>[vc_column_text]<\/p>\n<p style=\"text-align: center;\"><strong>Taille disponible<\/strong>: 300 ml.<\/p>\n<p>[\/vc_column_text]<div class=\"dfd-spacer-module\"  data-units=\"px\" data-wide_resolution=\"1280\" data-wide_size=\"20\" data-normal_resolution=\"1024\" data-normal_size=\"20\" data-tablet_resolution=\"800\" data-tablet_size=\"20\" data-mobile_resolution=\"480\" data-mobile_size=\"20\" style=\"height: 20px;\"><\/div>[\/vc_column_inner][vc_column_inner width=\u00a0\u00bb1\/12&Prime;][\/vc_column_inner][\/vc_row_inner][\/vc_column][\/vc_row][vc_row dfd_enable_overlay=\u00a0\u00bb\u00a0\u00bb][vc_column]<div id=\"dfd-carousel-69e9236a5538e\" class=\"dfd-carousel-wrapper\"><div class=\"dfd-carousel-module-wrapper  dfd-carousel-horizontal dfd-arrows_aside2 dfd-keep-arrows dfd-arrows-style_2 dfd-arrows-enabled\" ><div class=\"dfd-carousel\">[vc_single_image image=\u00a0\u00bb53572&Prime; img_size=\u00a0\u00bblarge\u00a0\u00bb add_caption=\u00a0\u00bbyes\u00a0\u00bb alignment=\u00a0\u00bbcenter\u00a0\u00bb el_class=\u00a0\u00bbleyenda\u00a0\u00bb][vc_single_image image=\u00a0\u00bb53581&Prime; img_size=\u00a0\u00bblarge\u00a0\u00bb add_caption=\u00a0\u00bbyes\u00a0\u00bb alignment=\u00a0\u00bbcenter\u00a0\u00bb el_class=\u00a0\u00bbleyenda\u00a0\u00bb][vc_single_image image=\u00a0\u00bb53589&Prime; img_size=\u00a0\u00bblarge\u00a0\u00bb add_caption=\u00a0\u00bbyes\u00a0\u00bb alignment=\u00a0\u00bbcenter\u00a0\u00bb el_class=\u00a0\u00bbleyenda\u00a0\u00bb][vc_single_image image=\u00a0\u00bb53597&Prime; img_size=\u00a0\u00bblarge\u00a0\u00bb add_caption=\u00a0\u00bbyes\u00a0\u00bb alignment=\u00a0\u00bbcenter\u00a0\u00bb el_class=\u00a0\u00bbleyenda\u00a0\u00bb][vc_single_image image=\u00a0\u00bb53605&Prime; img_size=\u00a0\u00bblarge\u00a0\u00bb add_caption=\u00a0\u00bbyes\u00a0\u00bb alignment=\u00a0\u00bbcenter\u00a0\u00bb el_class=\u00a0\u00bbleyenda\u00a0\u00bb][vc_single_image image=\u00a0\u00bb53613&Prime; img_size=\u00a0\u00bblarge\u00a0\u00bb add_caption=\u00a0\u00bbyes\u00a0\u00bb alignment=\u00a0\u00bbcenter\u00a0\u00bb el_class=\u00a0\u00bbleyenda\u00a0\u00bb][vc_single_image image=\u00a0\u00bb53621&Prime; img_size=\u00a0\u00bblarge\u00a0\u00bb add_caption=\u00a0\u00bbyes\u00a0\u00bb alignment=\u00a0\u00bbcenter\u00a0\u00bb el_class=\u00a0\u00bbleyenda\u00a0\u00bb][vc_single_image image=\u00a0\u00bb53629&Prime; img_size=\u00a0\u00bblarge\u00a0\u00bb add_caption=\u00a0\u00bbyes\u00a0\u00bb alignment=\u00a0\u00bbcenter\u00a0\u00bb el_class=\u00a0\u00bbleyenda\u00a0\u00bb][vc_single_image image=\u00a0\u00bb53637&Prime; img_size=\u00a0\u00bblarge\u00a0\u00bb add_caption=\u00a0\u00bbyes\u00a0\u00bb alignment=\u00a0\u00bbcenter\u00a0\u00bb el_class=\u00a0\u00bbleyenda\u00a0\u00bb]<\/div><a href=\"#\" class=\"dfd-slider-control prev\" title=\"Previous slide\"><i class=\"dfd-added-font-icon-left-open2\"><\/i><\/a><a href=\"#\" class=\"dfd-slider-control next\" title=\"Next slide\"><i class=\"dfd-added-font-icon-right-open2\"><\/i><\/a><\/div>\t\t\t\t<script type=\"text\/javascript\">\n\t\t\t\t\t(function($) {\n\t\t\t\t\t\t\"use strict\";\n\t\t\t\t\t\tvar $carousel = $('#dfd-carousel-69e9236a5538e').find('.dfd-carousel');\n\t\t\t\t\t\t$(document).ready(function() {\n\t\t\t\t\t\t\tvar $initialized = ($('body').hasClass('page-template-tmp-side-by-side')) ? $carousel.not('.slick-initialized') : $carousel;\n\t\t\t\t\t\t\t\t\t\t\t\t\t\t$carousel.siblings('.dfd-slider-control.prev').click(function(e) {\n\t\t\t\t\t\t\t\te.preventDefault();\n\t\t\t\t\t\t\t\t$carousel.eq(0).slick('slickPrev');\n\t\t\t\t\t\t\t});\n\t\t\t\t\t\t\t$carousel.siblings('.dfd-slider-control.next').click(function(e) {\n\t\t\t\t\t\t\t\te.preventDefault();\n\t\t\t\t\t\t\t\t$carousel.eq(0).slick('slickNext');\n\t\t\t\t\t\t\t});\n\t\t\t\t\t\t\t$initialized.slick({arrows: false,dotsClass: 'dfd-slick-dots',slidesToScroll: 1,autoplay: true,autoplaySpeed: 3000,dots: false,infinite: true,slidesToShow: 5,speed: 300,swipe: true,draggable: true,adaptiveHeight: true,responsive: [\n\t\t\t\t\t\t\t{\n\t\t\t\t\t\t\t\tbreakpoint: 1024,\n\t\t\t\t\t\t\t\tsettings: {\n\t\t\t\t\t\t\t\t\tslidesToShow: 5,\n\t\t\t\t\t\t\t\t\tslidesToScroll: 1,\n\t\t\t\t\t\t\t\t}\n\t\t\t\t\t\t\t},\n\t\t\t\t\t\t\t{\n\t\t\t\t\t\t\t\tbreakpoint: 800,\n\t\t\t\t\t\t\t\tsettings: {\n\t\t\t\t\t\t\t\t\tslidesToShow: 1,\n\t\t\t\t\t\t\t\t\tslidesToScroll: 1,\n\t\t\t\t\t\t\t\t}\n\t\t\t\t\t\t\t},\n\t\t\t\t\t\t\t{\n\t\t\t\t\t\t\t\tbreakpoint: 480,\n\t\t\t\t\t\t\t\tsettings: {\n\t\t\t\t\t\t\t\t\tslidesToShow: 1,\n\t\t\t\t\t\t\t\t\tslidesToScroll: 1,\n\t\t\t\t\t\t\t\t}\n\t\t\t\t\t\t\t},]});\n\t\t\t\t\t\t\t$(\"head\").append(\"<style>#dfd-carousel-69e9236a5538e > .dfd-carousel-module-wrapper > .dfd-carousel > .slick-list > .slick-track > .dfd-item-wrap > .cover {padding: 10px;}#dfd-carousel-69e9236a5538e {margin: -10px;}#dfd-carousel-69e9236a5538e .dfd-slider-control i, #dfd-carousel-69e9236a5538e .dfd-slider-control .count, #dfd-carousel-69e9236a5538e .dfd-arrows-style_1 .dfd-slider-control:after {color: #000000;}#dfd-carousel-69e9236a5538e .dfd-arrows-style_1 .dfd-slider-control:after, #dfd-carousel-69e9236a5538e .dfd-arrows-style_5 .dfd-slider-control:after {background: #000000;}#dfd-carousel-69e9236a5538e .dfd-slider-control:hover i, #dfd-carousel-69e9236a5538e .dfd-slider-control:hover .count, #dfd-carousel-69e9236a5538e .dfd-arrows-style_1 .dfd-slider-control:hover:after {color: #000000;}#dfd-carousel-69e9236a5538e .dfd-arrows-style_1 .dfd-slider-control:hover:after, #dfd-carousel-69e9236a5538e .dfd-arrows-style_5 .dfd-slider-control:hover:after {background: #000000;}<\/style>\")\t\t\t\t\t\t});\n\t\t\t\t\t})(jQuery);\n\t\t\t\t<\/script>\n            <\/div><div class=\"dfd-spacer-module\"  data-units=\"px\" data-wide_resolution=\"1280\" data-wide_size=\"51\" data-normal_resolution=\"1024\" data-normal_size=\"51\" data-tablet_resolution=\"800\" data-tablet_size=\"51\" data-mobile_resolution=\"480\" data-mobile_size=\"51\" style=\"height: 51px;\"><\/div>[\/vc_column][\/vc_row]<\/p>\n","protected":false},"excerpt":{"rendered":"<p>[vc_row][vc_column][vc_row_inner][vc_column_inner width=\u00a0\u00bb1\/12&Prime;][\/vc_column_inner][vc_column_inner width=\u00a0\u00bb10\/12&Prime;][vc_column_text] Stained Glass est un traitement naturel semi-permanent qui rehausse la teinte de votre couleur ou ajoute une couleur tonale compl\u00e9mentaire, donnant une dimension et une brillance suppl\u00e9mentaires.<\/p>\n","protected":false},"author":1,"featured_media":0,"parent":36399,"menu_order":0,"comment_status":"closed","ping_status":"closed","template":"page-custom-with-header.php","meta":{"_acf_changed":false,"footnotes":""},"tags":[],"wf_page_folders":[],"class_list":["post-36965","page","type-page","status-publish","hentry"],"acf":[],"yoast_head":"<!-- This site is optimized with the Yoast SEO plugin v27.0 - https:\/\/yoast.com\/product\/yoast-seo-wordpress\/ -->\n<title>Stained Glass | I.C.O.N. Products<\/title>\n<meta name=\"robots\" content=\"index, follow, max-snippet:-1, max-image-preview:large, max-video-preview:-1\" \/>\n<link rel=\"canonical\" href=\"https:\/\/iconproducts.com\/fr\/icon-color\/stained-glass\/\" \/>\n<meta property=\"og:locale\" content=\"fr_FR\" \/>\n<meta property=\"og:type\" content=\"article\" \/>\n<meta property=\"og:title\" content=\"Stained Glass | I.C.O.N. Products\" \/>\n<meta property=\"og:description\" content=\"[vc_row][vc_column][vc_row_inner][vc_column_inner width=\u00a0\u00bb1\/12&Prime;][\/vc_column_inner][vc_column_inner width=\u00a0\u00bb10\/12&Prime;][vc_column_text] Stained Glass est un traitement naturel semi-permanent qui rehausse la teinte de votre couleur ou ajoute une couleur tonale compl\u00e9mentaire, donnant une dimension et une brillance suppl\u00e9mentaires.\" \/>\n<meta property=\"og:url\" content=\"https:\/\/iconproducts.com\/fr\/icon-color\/stained-glass\/\" \/>\n<meta property=\"og:site_name\" content=\"I.C.O.N. Products\" \/>\n<meta property=\"article:publisher\" content=\"https:\/\/www.facebook.com\/iconproducts.spain\" \/>\n<meta property=\"article:modified_time\" content=\"2023-03-06T14:38:38+00:00\" \/>\n<meta name=\"twitter:card\" content=\"summary_large_image\" \/>\n<script type=\"application\/ld+json\" class=\"yoast-schema-graph\">{\"@context\":\"https:\/\/schema.org\",\"@graph\":[{\"@type\":\"WebPage\",\"@id\":\"https:\/\/iconproducts.com\/fr\/icon-color\/stained-glass\/\",\"url\":\"https:\/\/iconproducts.com\/fr\/icon-color\/stained-glass\/\",\"name\":\"Stained Glass | I.C.O.N. Products\",\"isPartOf\":{\"@id\":\"https:\/\/iconproducts.com\/es\/#website\"},\"datePublished\":\"2018-07-18T13:53:54+00:00\",\"dateModified\":\"2023-03-06T14:38:38+00:00\",\"breadcrumb\":{\"@id\":\"https:\/\/iconproducts.com\/fr\/icon-color\/stained-glass\/#breadcrumb\"},\"inLanguage\":\"fr-FR\",\"potentialAction\":[{\"@type\":\"ReadAction\",\"target\":[\"https:\/\/iconproducts.com\/fr\/icon-color\/stained-glass\/\"]}]},{\"@type\":\"BreadcrumbList\",\"@id\":\"https:\/\/iconproducts.com\/fr\/icon-color\/stained-glass\/#breadcrumb\",\"itemListElement\":[{\"@type\":\"ListItem\",\"position\":1,\"name\":\"I.C.O.N. Products\",\"item\":\"https:\/\/iconproducts.com\/fr\/\"},{\"@type\":\"ListItem\",\"position\":2,\"name\":\"I.C.O.N. Color\",\"item\":\"https:\/\/iconproducts.com\/fr\/icon-color\/\"},{\"@type\":\"ListItem\",\"position\":3,\"name\":\"Stained Glass\"}]},{\"@type\":\"WebSite\",\"@id\":\"https:\/\/iconproducts.com\/es\/#website\",\"url\":\"https:\/\/iconproducts.com\/es\/\",\"name\":\"I.C.O.N. Products\",\"description\":\"Productos de peluquer\u00eda\",\"publisher\":{\"@id\":\"https:\/\/iconproducts.com\/es\/#organization\"},\"potentialAction\":[{\"@type\":\"SearchAction\",\"target\":{\"@type\":\"EntryPoint\",\"urlTemplate\":\"https:\/\/iconproducts.com\/es\/?s={search_term_string}\"},\"query-input\":{\"@type\":\"PropertyValueSpecification\",\"valueRequired\":true,\"valueName\":\"search_term_string\"}}],\"inLanguage\":\"fr-FR\"},{\"@type\":\"Organization\",\"@id\":\"https:\/\/iconproducts.com\/es\/#organization\",\"name\":\"I.C.O.N. Products\",\"url\":\"https:\/\/iconproducts.com\/es\/\",\"logo\":{\"@type\":\"ImageObject\",\"inLanguage\":\"fr-FR\",\"@id\":\"https:\/\/iconproducts.com\/es\/#\/schema\/logo\/image\/\",\"url\":\"https:\/\/iconproducts.com\/wp-content\/uploads\/2018\/08\/logo-icon-1.jpg\",\"contentUrl\":\"https:\/\/iconproducts.com\/wp-content\/uploads\/2018\/08\/logo-icon-1.jpg\",\"width\":1000,\"height\":1000,\"caption\":\"I.C.O.N. Products\"},\"image\":{\"@id\":\"https:\/\/iconproducts.com\/es\/#\/schema\/logo\/image\/\"},\"sameAs\":[\"https:\/\/www.facebook.com\/iconproducts.spain\",\"https:\/\/www.instagram.com\/iconspain\/\",\"https:\/\/www.youtube.com\/channel\/UCw0myea3fiZRsj72sNBnMqQ\"]}]}<\/script>\n<!-- \/ Yoast SEO plugin. -->","yoast_head_json":{"title":"Stained Glass | I.C.O.N. Products","robots":{"index":"index","follow":"follow","max-snippet":"max-snippet:-1","max-image-preview":"max-image-preview:large","max-video-preview":"max-video-preview:-1"},"canonical":"https:\/\/iconproducts.com\/fr\/icon-color\/stained-glass\/","og_locale":"fr_FR","og_type":"article","og_title":"Stained Glass | I.C.O.N. Products","og_description":"[vc_row][vc_column][vc_row_inner][vc_column_inner width=\u00a0\u00bb1\/12&Prime;][\/vc_column_inner][vc_column_inner width=\u00a0\u00bb10\/12&Prime;][vc_column_text] Stained Glass est un traitement naturel semi-permanent qui rehausse la teinte de votre couleur ou ajoute une couleur tonale compl\u00e9mentaire, donnant une dimension et une brillance suppl\u00e9mentaires.","og_url":"https:\/\/iconproducts.com\/fr\/icon-color\/stained-glass\/","og_site_name":"I.C.O.N. Products","article_publisher":"https:\/\/www.facebook.com\/iconproducts.spain","article_modified_time":"2023-03-06T14:38:38+00:00","twitter_card":"summary_large_image","schema":{"@context":"https:\/\/schema.org","@graph":[{"@type":"WebPage","@id":"https:\/\/iconproducts.com\/fr\/icon-color\/stained-glass\/","url":"https:\/\/iconproducts.com\/fr\/icon-color\/stained-glass\/","name":"Stained Glass | I.C.O.N. Products","isPartOf":{"@id":"https:\/\/iconproducts.com\/es\/#website"},"datePublished":"2018-07-18T13:53:54+00:00","dateModified":"2023-03-06T14:38:38+00:00","breadcrumb":{"@id":"https:\/\/iconproducts.com\/fr\/icon-color\/stained-glass\/#breadcrumb"},"inLanguage":"fr-FR","potentialAction":[{"@type":"ReadAction","target":["https:\/\/iconproducts.com\/fr\/icon-color\/stained-glass\/"]}]},{"@type":"BreadcrumbList","@id":"https:\/\/iconproducts.com\/fr\/icon-color\/stained-glass\/#breadcrumb","itemListElement":[{"@type":"ListItem","position":1,"name":"I.C.O.N. Products","item":"https:\/\/iconproducts.com\/fr\/"},{"@type":"ListItem","position":2,"name":"I.C.O.N. Color","item":"https:\/\/iconproducts.com\/fr\/icon-color\/"},{"@type":"ListItem","position":3,"name":"Stained Glass"}]},{"@type":"WebSite","@id":"https:\/\/iconproducts.com\/es\/#website","url":"https:\/\/iconproducts.com\/es\/","name":"I.C.O.N. Products","description":"Productos de peluquer\u00eda","publisher":{"@id":"https:\/\/iconproducts.com\/es\/#organization"},"potentialAction":[{"@type":"SearchAction","target":{"@type":"EntryPoint","urlTemplate":"https:\/\/iconproducts.com\/es\/?s={search_term_string}"},"query-input":{"@type":"PropertyValueSpecification","valueRequired":true,"valueName":"search_term_string"}}],"inLanguage":"fr-FR"},{"@type":"Organization","@id":"https:\/\/iconproducts.com\/es\/#organization","name":"I.C.O.N. Products","url":"https:\/\/iconproducts.com\/es\/","logo":{"@type":"ImageObject","inLanguage":"fr-FR","@id":"https:\/\/iconproducts.com\/es\/#\/schema\/logo\/image\/","url":"https:\/\/iconproducts.com\/wp-content\/uploads\/2018\/08\/logo-icon-1.jpg","contentUrl":"https:\/\/iconproducts.com\/wp-content\/uploads\/2018\/08\/logo-icon-1.jpg","width":1000,"height":1000,"caption":"I.C.O.N. Products"},"image":{"@id":"https:\/\/iconproducts.com\/es\/#\/schema\/logo\/image\/"},"sameAs":["https:\/\/www.facebook.com\/iconproducts.spain","https:\/\/www.instagram.com\/iconspain\/","https:\/\/www.youtube.com\/channel\/UCw0myea3fiZRsj72sNBnMqQ"]}]}},"_links":{"self":[{"href":"https:\/\/iconproducts.com\/fr\/wp-json\/wp\/v2\/pages\/36965","targetHints":{"allow":["GET"]}}],"collection":[{"href":"https:\/\/iconproducts.com\/fr\/wp-json\/wp\/v2\/pages"}],"about":[{"href":"https:\/\/iconproducts.com\/fr\/wp-json\/wp\/v2\/types\/page"}],"author":[{"embeddable":true,"href":"https:\/\/iconproducts.com\/fr\/wp-json\/wp\/v2\/users\/1"}],"replies":[{"embeddable":true,"href":"https:\/\/iconproducts.com\/fr\/wp-json\/wp\/v2\/comments?post=36965"}],"version-history":[{"count":17,"href":"https:\/\/iconproducts.com\/fr\/wp-json\/wp\/v2\/pages\/36965\/revisions"}],"predecessor-version":[{"id":96199,"href":"https:\/\/iconproducts.com\/fr\/wp-json\/wp\/v2\/pages\/36965\/revisions\/96199"}],"up":[{"embeddable":true,"href":"https:\/\/iconproducts.com\/fr\/wp-json\/wp\/v2\/pages\/36399"}],"wp:attachment":[{"href":"https:\/\/iconproducts.com\/fr\/wp-json\/wp\/v2\/media?parent=36965"}],"wp:term":[{"taxonomy":"post_tag","embeddable":true,"href":"https:\/\/iconproducts.com\/fr\/wp-json\/wp\/v2\/tags?post=36965"},{"taxonomy":"wf_page_folders","embeddable":true,"href":"https:\/\/iconproducts.com\/fr\/wp-json\/wp\/v2\/wf_page_folders?post=36965"}],"curies":[{"name":"wp","href":"https:\/\/api.w.org\/{rel}","templated":true}]}}