{"id":37370,"date":"2018-06-07T16:59:34","date_gmt":"2018-06-07T14:59:34","guid":{"rendered":"https:\/\/iconproducts.com\/?page_id=37370"},"modified":"2023-11-23T10:12:38","modified_gmt":"2023-11-23T09:12:38","slug":"curl-cream","status":"publish","type":"page","link":"https:\/\/iconproducts.com\/fr\/india\/curl-cream\/","title":{"rendered":"Curl Cream"},"content":{"rendered":"<p>[vc_row][vc_column]<div class=\"dfd-spacer-module\"  data-units=\"px\" data-wide_resolution=\"1280\" data-wide_size=\"100\" data-normal_resolution=\"1024\" data-normal_size=\"100\" data-tablet_resolution=\"800\" data-tablet_size=\"0\" data-mobile_resolution=\"480\" data-mobile_size=\"0\" style=\"height: 100px;\"><\/div>[\/vc_column][\/vc_row][vc_row][vc_column width=\u00a0\u00bb1\/2&Prime;]<div id=\"dfd-single-image-module69d61cff828fc-3948\" class=\"dfd-single-image-module  image-center \" ><img fetchpriority=\"high\" decoding=\"async\" src=\"https:\/\/iconproducts.com\/wp-content\/uploads\/2019\/05\/india-curl-cream-icon-products-2019.jpg\" width=\"1000\" height=\"1000\"  alt=\"India Curl Cream | I.C.O.N. India | I.C.O.N. Products\" \/><\/div><div class=\"dfd-spacer-module\"  data-units=\"px\" data-wide_resolution=\"1280\" data-wide_size=\"20\" data-normal_resolution=\"1024\" data-normal_size=\"20\" data-tablet_resolution=\"800\" data-tablet_size=\"20\" data-mobile_resolution=\"480\" data-mobile_size=\"20\" style=\"height: 20px;\"><\/div>[\/vc_column][vc_column width=\u00a0\u00bb1\/2&Prime;]<div class=\"dfd-heading-shortcode\"><div class=\"dfd-heading-module-wrap  text-left style_01 dfd-heading-69d61cff82995 dfd-disable-resposive-headings\" id=\"dfd-heading-69d61cff82995\" ><div class=\"inline-block\"><div class=\"dfd-heading-module\"><h1 class=\"widget-title dfd-title \" style=\"\">Curl Cream<\/h1><h3 class=\"widget-sub-title dfd-sub-title \" style=\"\">Am\u00e9liorateur de vague-curl<\/h3><div class=\"dfd-heading-delimiter\"><\/div><\/div><\/div><\/div><script type=\"text\/javascript\">\n\t\t\t\t\t\t\t\t\t(function($) {\n\t\t\t\t\t\t\t\t\t\t$(\"head\").append(\"<style>.dfd-heading-69d61cff82995.dfd-heading-module-wrap .dfd-heading-module .dfd-heading-delimiter {border-bottom-style:solid;border-bottom-width:1px;width:100px;border-bottom-color:#dddddd;}.dfd-heading-69d61cff82995.dfd-heading-module-wrap .dfd-heading-module .dfd-heading-delimiter {margin-top:10px;margin-bottom:10px;}<\/style>\");\n\t\t\t\t\t\t\t\t\t})(jQuery);\n\t\t\t\t\t\t\t\t<\/script><\/div>[vc_column_text]<strong>Qu&rsquo;est-ce que c&rsquo;est ?<\/strong><br \/>\nAmplifie les ondulations et les boucles.<\/p>\n<p><strong>Pour qui ?<\/strong><br \/>\nCon\u00e7u pour donner forme et brillance \u00e0 vos boucles.<\/p>\n<p><strong>Ce qu&rsquo;il fait :<\/strong><br \/>\nRehausse et repositionne vos ondulations et vos boucles. Riche en attributs, cette cr\u00e8me pour les boucles donne aux cheveux force, texture et maniabilit\u00e9.<\/p>\n<p><strong>Comment l&rsquo;utiliser :<\/strong><br \/>\nAppliquer sur les cheveux humides ; former et coiffer.[\/vc_column_text]<div class=\"dfd-spacer-module\"  data-units=\"px\" data-wide_resolution=\"1280\" data-wide_size=\"20\" data-normal_resolution=\"1024\" data-normal_size=\"20\" data-tablet_resolution=\"800\" data-tablet_size=\"20\" data-mobile_resolution=\"480\" data-mobile_size=\"20\" style=\"height: 20px;\"><\/div><div class=\"dfd-delimier-main-wrapper \" ><div id=\"dfd-delimiter-69d61cff82b1c-2301\"  class=\"dfd-delimier-wrapper dfd-delimiter-with-line \"  style='text-align:left; ' ><span><span class=\"line\" style=\"border-bottom-width:1px; border-bottom-style:dotted; \"><\/span><\/span><\/div><\/div><div class=\"dfd-spacer-module\"  data-units=\"px\" data-wide_resolution=\"1280\" data-wide_size=\"20\" data-normal_resolution=\"1024\" data-normal_size=\"20\" data-tablet_resolution=\"800\" data-tablet_size=\"20\" data-mobile_resolution=\"480\" data-mobile_size=\"20\" style=\"height: 20px;\"><\/div>[vc_row_inner el_class=\u00a0\u00bbbloque-tamanos\u00a0\u00bb][vc_column_inner][vc_column_text]<strong>Tailles disponibles<\/strong>:[\/vc_column_text]<div class=\"dfd-info-banner style-01  text-center\" ><div class=\"image-cover \"><img decoding=\"async\" src=\"https:\/\/iconproducts.com\/wp-content\/uploads\/2023\/09\/india-curlc-60x100.jpg\" alt=\"Image\"  width=\"60\" height=\"100\" class=\"info-banner-image \" \/><\/div><div class=\"info-box-title feature-title\" style=\"\">150 ml.<\/div><div class=\"wrap-delimiter\"><div class=\"delimiter\" ><\/div><\/div><\/div><div class=\"dfd-delimier-main-wrapper \" ><div id=\"dfd-delimiter-69d61cff82f14-257\"  class=\"dfd-delimier-wrapper dfd-delimiter-with-line \"  style='text-align:left; ' ><span><span class=\"line\" style=\"border-bottom-width:1px; border-bottom-style:dotted; \"><\/span><\/span><\/div><\/div>[\/vc_column_inner][\/vc_row_inner][\/vc_column][\/vc_row][vc_section el_id=\u00a0\u00bbnew-ficha-product\u00a0\u00bb css=\u00a0\u00bb.vc_custom_1650218698125{margin-bottom: 60px !important;}\u00a0\u00bb][vc_row][vc_column]<div class=\"dfd-spacer-module\"  data-units=\"px\" data-wide_resolution=\"1280\" data-wide_size=\"50\" data-normal_resolution=\"1024\" data-normal_size=\"50\" data-tablet_resolution=\"800\" data-tablet_size=\"50\" data-mobile_resolution=\"480\" data-mobile_size=\"50\" style=\"height: 50px;\"><\/div>[dfd_tta_tabs style=\u00a0\u00bbempty_style\u00a0\u00bb tab_title_uppercase=\u00a0\u00bbuppercase\u00a0\u00bb font_size=\u00a0\u00bb15&Prime; icon_size=\u00a0\u00bb15&Prime; active_section=\u00a0\u00bb1&Prime; tab_title_font_options=\u00a0\u00bbfont_style_bold:1&Prime;][vc_tta_section i_position=\u00a0\u00bbright\u00a0\u00bb i_icon_fontawesome=\u00a0\u00bbfa fa-plus\u00a0\u00bb add_icon=\u00a0\u00bbtrue\u00a0\u00bb title=\u00a0\u00bbIngr\u00e9dients actifs\u00a0\u00bb tab_id=\u00a0\u00bb1648023039495-7bc2b53a-3435&Prime;][vc_row_inner][vc_column_inner width=\u00a0\u00bb1\/4&Prime; css=\u00a0\u00bb.vc_custom_1648024148386{padding-bottom: 40px !important;}\u00a0\u00bb col_inner_shadow=\u00a0\u00bbbox_shadow_enable:disable|shadow_horizontal:0|shadow_vertical:15|shadow_blur:50|shadow_spread:0|box_shadow_color:rgba(0%2C0%2C0%2C0.35)\u00a0\u00bb col_inner_shadow_hover=\u00a0\u00bbbox_shadow_enable:disable|shadow_horizontal:0|shadow_vertical:15|shadow_blur:50|shadow_spread:0|box_shadow_color:rgba(0%2C0%2C0%2C0.35)\u00a0\u00bb]<div id=\"idinfobox69d61cff82fc3\" class=\"dfd-info-box clearfix style-01 layout-04 box-ficha-product idinfobox69d61cff82fc3\" ><div class=\"dfd-animate-container\"><div class=\"icon-wrapper\"><div class=\"module-icon\" ><div class=\"hover-layer\" ><\/div><img decoding=\"async\" src=\"https:\/\/iconproducts.com\/wp-content\/uploads\/2018\/06\/moringa.png\" alt=\"Image icon\" style=\"opacity: 1;\" \/><\/div><\/div><div class=\"content-wrap ovh\"><div class=\"info-box-title feature-title\" style=\"font-size: 18px; font-weight:bold; \">MORINGA<\/div><div class=\"wrap-delimiter\"><div class=\"delimiter\" ><\/div><\/div><div class=\"description\" style=\"\">Il contient plus de 90 nutriments, le rendant essentiel \u00e0 la r\u00e9paration et \u00e0 la cicatrisation des cheveux.<br \/>\n<\/div><\/div><\/div><\/div>[\/vc_column_inner][vc_column_inner width=\u00a0\u00bb1\/4&Prime; css=\u00a0\u00bb.vc_custom_1648024152883{padding-bottom: 40px !important;}\u00a0\u00bb col_inner_shadow=\u00a0\u00bbbox_shadow_enable:disable|shadow_horizontal:0|shadow_vertical:15|shadow_blur:50|shadow_spread:0|box_shadow_color:rgba(0%2C0%2C0%2C0.35)\u00a0\u00bb col_inner_shadow_hover=\u00a0\u00bbbox_shadow_enable:disable|shadow_horizontal:0|shadow_vertical:15|shadow_blur:50|shadow_spread:0|box_shadow_color:rgba(0%2C0%2C0%2C0.35)\u00a0\u00bb]<div id=\"idinfobox69d61cff83271\" class=\"dfd-info-box clearfix style-01 layout-04 box-ficha-product idinfobox69d61cff83271\" ><div class=\"dfd-animate-container\"><div class=\"icon-wrapper\"><div class=\"module-icon\" ><div class=\"hover-layer\" ><\/div><img decoding=\"async\" src=\"https:\/\/iconproducts.com\/wp-content\/uploads\/2018\/06\/argan.png\" alt=\"Image icon\" style=\"opacity: 1;\" \/><\/div><\/div><div class=\"content-wrap ovh\"><div class=\"info-box-title feature-title\" style=\"font-size: 18px; font-weight:bold; \">ARGAN<\/div><div class=\"wrap-delimiter\"><div class=\"delimiter\" ><\/div><\/div><div class=\"description\" style=\"\">Nourrit et hydrate les cheveux en leur permettant de se peigner facilement tout en \u00e9vitant les frisottis.<br \/>\n<\/div><\/div><\/div><\/div>[\/vc_column_inner][vc_column_inner width=\u00a0\u00bb1\/4&Prime; css=\u00a0\u00bb.vc_custom_1648024158832{padding-bottom: 40px !important;}\u00a0\u00bb col_inner_shadow=\u00a0\u00bbbox_shadow_enable:disable|shadow_horizontal:0|shadow_vertical:15|shadow_blur:50|shadow_spread:0|box_shadow_color:rgba(0%2C0%2C0%2C0.35)\u00a0\u00bb col_inner_shadow_hover=\u00a0\u00bbbox_shadow_enable:disable|shadow_horizontal:0|shadow_vertical:15|shadow_blur:50|shadow_spread:0|box_shadow_color:rgba(0%2C0%2C0%2C0.35)\u00a0\u00bb]<div id=\"idinfobox69d61cff83446\" class=\"dfd-info-box clearfix style-01 layout-04 box-ficha-product idinfobox69d61cff83446\" ><div class=\"dfd-animate-container\"><div class=\"icon-wrapper\"><div class=\"module-icon\" ><div class=\"hover-layer\" ><\/div><img decoding=\"async\" src=\"https:\/\/iconproducts.com\/wp-content\/uploads\/2018\/06\/ambar.png\" alt=\"Image icon\" style=\"opacity: 1;\" \/><\/div><\/div><div class=\"content-wrap ovh\"><div class=\"info-box-title feature-title\" style=\"font-size: 17px; font-weight:bold; \">AMBRE<\/div><div class=\"wrap-delimiter\"><div class=\"delimiter\" ><\/div><\/div><div class=\"description\" style=\"\">Ce parfum utilis\u00e9 depuis l\u2019antiquit\u00e9 nous entoure, apaise nos sens et augmente notre \u00e9nergie.<br \/>\n<\/div><\/div><\/div><\/div>[\/vc_column_inner][vc_column_inner width=\u00a0\u00bb1\/4&Prime;]<div id=\"idinfobox69d61cff8361f\" class=\"dfd-info-box clearfix style-01 layout-04 box-ficha-product idinfobox69d61cff8361f\" ><div class=\"dfd-animate-container\"><div class=\"icon-wrapper\"><div class=\"module-icon\" ><div class=\"hover-layer\" ><\/div><img decoding=\"async\" src=\"https:\/\/iconproducts.com\/wp-content\/uploads\/2019\/04\/quinoa.jpg\" alt=\"Image icon\" style=\"opacity: 1;\" \/><\/div><\/div><div class=\"content-wrap ovh\"><div class=\"info-box-title feature-title\" style=\"font-size: 17px; font-weight:bold; \">QUINOA<\/div><div class=\"wrap-delimiter\"><div class=\"delimiter\" ><\/div><\/div><div class=\"description\" style=\"\">Cette prot\u00e9ine prot\u00e8ge et renforce les cheveux en les r\u00e9parant de l&rsquo;int\u00e9rieur vers l&rsquo;ext\u00e9rieur.<\/div><\/div><\/div><\/div>[\/vc_column_inner][\/vc_row_inner][\/vc_tta_section][vc_tta_section i_position=\u00a0\u00bbright\u00a0\u00bb i_icon_fontawesome=\u00a0\u00bbfa fa-plus\u00a0\u00bb add_icon=\u00a0\u00bbtrue\u00a0\u00bb title=\u00a0\u00bbIngr\u00e9dients\u00a0\u00bb tab_id=\u00a0\u00bb1647965598517-cf28458a-0f46&Prime;][vc_column_text]<\/p>\n<p class=\"p1\"><em>Aqua (water\/eau), vp\/dmapa acrylates copolymer, polyquaternium-37, cetearyl alcohol, argania spinosa kernel (organic) argan oil, moringa oleifera seed oil, coco-caprylate\/caprate, ethylhexyl isononanoate, ethylhexyl stearate, polysorbate-60, propylene glycol dicaprylate\/dicaprate, fragrance (parfum), ppg-1 trideceth-6, phenoxyethanol, panthenol (pro-vitamin b5), ethylhexylglycerin, citric acid, helianthus annus (sunflower) flower extract, hydrolyzed quinoa, glycerin, camellia sinensis (green tea) leaf extract<\/em><\/p>\n<p class=\"p1\"><span class=\"s1\">Nous nous engageons \u00e0 fournir des produits de haute qualit\u00e9, naturels et respectueux de l&rsquo;environnement, qui sont performants et innovants. Notre liste d&rsquo;ingr\u00e9dients peut varier de temps \u00e0 autre, car nous nous effor\u00e7ons d&rsquo;aller au-del\u00e0 de toutes les normes. Veuillez vous r\u00e9f\u00e9rer \u00e0 l&#8217;emballage imprim\u00e9 pour obtenir la liste d&rsquo;ingr\u00e9dients la plus pr\u00e9cise\u00a0possible.<\/span><\/p>\n<p>[\/vc_column_text][\/vc_tta_section][vc_tta_section i_position=\u00a0\u00bbright\u00a0\u00bb i_icon_fontawesome=\u00a0\u00bbfa fa-plus\u00a0\u00bb add_icon=\u00a0\u00bbtrue\u00a0\u00bb title=\u00a0\u00bbProduits connexes\u00a0\u00bb tab_id=\u00a0\u00bb1647966124315-b6c96e74-d954&Prime;][vc_row_inner][vc_column_inner width=\u00a0\u00bb1\/2&Prime;]<div id=\"idinfobox69d61cff838bd\" class=\"dfd-info-box clearfix style-01 layout-01 icono-img idinfobox69d61cff838bd text-center\" ><div class=\"dfd-animate-container\"><div class=\"icon-wrapper\"><div class=\"module-icon\" ><div class=\"hover-layer\" ><\/div><img decoding=\"async\" src=\"https:\/\/iconproducts.com\/wp-content\/uploads\/2020\/06\/india-oil-icon-products-2019-1.jpg\" alt=\"Image icon\" style=\"opacity: 1;\" \/><\/div><\/div><h6 class=\"info-box-title \" style=\"\">India<\/h6><div class=\"info-box-subtitle subtitle\" style=\"\">Huile<\/div><div class=\"wrap-delimiter\"><div class=\"delimiter\" style=\"border-color:#ffffff;\"><\/div><\/div><div class=\"description\" style=\"\"><\/div><a href=\"https:\/\/iconproducts.com\/fr\/india\/oil\/\" title=\"India Oil\"  class=\"full-box-link\"><\/a><\/div><\/div>[\/vc_column_inner][vc_column_inner width=\u00a0\u00bb1\/2&Prime;]<div id=\"idinfobox69d61cff83afe\" class=\"dfd-info-box clearfix style-01 layout-01 icono-img idinfobox69d61cff83afe text-center\" ><div class=\"dfd-animate-container\"><div class=\"icon-wrapper\"><div class=\"module-icon\" ><div class=\"hover-layer\" ><\/div><img decoding=\"async\" src=\"https:\/\/iconproducts.com\/wp-content\/uploads\/2020\/09\/india-DRY.jpg\" alt=\"Image icon\" style=\"opacity: 1;\" \/><\/div><\/div><h6 class=\"info-box-title \" style=\"\">India<\/h6><div class=\"info-box-subtitle subtitle\" style=\"\">Dry Oil<\/div><div class=\"wrap-delimiter\"><div class=\"delimiter\" style=\"border-color:#ffffff;\"><\/div><\/div><div class=\"description\" style=\"\"><\/div><a href=\"https:\/\/iconproducts.com\/fr\/india\/dry\/\" title=\"India Dry Oil\"  class=\"full-box-link\"><\/a><\/div><\/div>[\/vc_column_inner][\/vc_row_inner][\/vc_tta_section][\/dfd_tta_tabs][\/vc_column][\/vc_row][\/vc_section]<\/p>\n","protected":false},"excerpt":{"rendered":"<p>[vc_row][vc_column][\/vc_column][\/vc_row][vc_row][vc_column width=\u00a0\u00bb1\/2&Prime;][\/vc_column][vc_column width=\u00a0\u00bb1\/2&Prime;][vc_column_text]Qu&rsquo;est-ce que c&rsquo;est ? Amplifie les ondulations et les boucles. Pour qui ? Con\u00e7u pour donner forme et brillance \u00e0 vos boucles. Ce qu&rsquo;il fait : Rehausse et<\/p>\n","protected":false},"author":1,"featured_media":52984,"parent":36358,"menu_order":0,"comment_status":"closed","ping_status":"closed","template":"page-custom-with-header.php","meta":{"_acf_changed":false,"footnotes":""},"tags":[],"wf_page_folders":[],"class_list":["post-37370","page","type-page","status-publish","has-post-thumbnail","hentry"],"acf":[],"yoast_head":"<!-- This site is optimized with the Yoast SEO plugin v27.0 - https:\/\/yoast.com\/product\/yoast-seo-wordpress\/ -->\n<title>Curl Cream | I.C.O.N. Products<\/title>\n<meta name=\"robots\" content=\"index, follow, max-snippet:-1, max-image-preview:large, max-video-preview:-1\" \/>\n<link rel=\"canonical\" href=\"https:\/\/iconproducts.com\/fr\/india\/curl-cream\/\" \/>\n<meta property=\"og:locale\" content=\"fr_FR\" \/>\n<meta property=\"og:type\" content=\"article\" \/>\n<meta property=\"og:title\" content=\"Curl Cream | I.C.O.N. Products\" \/>\n<meta property=\"og:description\" content=\"[vc_row][vc_column][\/vc_column][\/vc_row][vc_row][vc_column width=\u00a0\u00bb1\/2&Prime;][\/vc_column][vc_column width=\u00a0\u00bb1\/2&Prime;][vc_column_text]Qu&rsquo;est-ce que c&rsquo;est ? Amplifie les ondulations et les boucles. Pour qui ? Con\u00e7u pour donner forme et brillance \u00e0 vos boucles. Ce qu&rsquo;il fait : Rehausse et\" \/>\n<meta property=\"og:url\" content=\"https:\/\/iconproducts.com\/fr\/india\/curl-cream\/\" \/>\n<meta property=\"og:site_name\" content=\"I.C.O.N. Products\" \/>\n<meta property=\"article:publisher\" content=\"https:\/\/www.facebook.com\/iconproducts.spain\" \/>\n<meta property=\"article:modified_time\" content=\"2023-11-23T09:12:38+00:00\" \/>\n<meta property=\"og:image\" content=\"https:\/\/iconproducts.com\/wp-content\/uploads\/2020\/06\/india-curl-cream-icon-products-2019.jpg\" \/>\n\t<meta property=\"og:image:width\" content=\"1000\" \/>\n\t<meta property=\"og:image:height\" content=\"1000\" \/>\n\t<meta property=\"og:image:type\" content=\"image\/jpeg\" \/>\n<meta name=\"twitter:card\" content=\"summary_large_image\" \/>\n<script type=\"application\/ld+json\" class=\"yoast-schema-graph\">{\"@context\":\"https:\/\/schema.org\",\"@graph\":[{\"@type\":\"WebPage\",\"@id\":\"https:\/\/iconproducts.com\/fr\/india\/curl-cream\/\",\"url\":\"https:\/\/iconproducts.com\/fr\/india\/curl-cream\/\",\"name\":\"Curl Cream | I.C.O.N. Products\",\"isPartOf\":{\"@id\":\"https:\/\/iconproducts.com\/es\/#website\"},\"primaryImageOfPage\":{\"@id\":\"https:\/\/iconproducts.com\/fr\/india\/curl-cream\/#primaryimage\"},\"image\":{\"@id\":\"https:\/\/iconproducts.com\/fr\/india\/curl-cream\/#primaryimage\"},\"thumbnailUrl\":\"https:\/\/iconproducts.com\/wp-content\/uploads\/2020\/06\/india-curl-cream-icon-products-2019.jpg\",\"datePublished\":\"2018-06-07T14:59:34+00:00\",\"dateModified\":\"2023-11-23T09:12:38+00:00\",\"breadcrumb\":{\"@id\":\"https:\/\/iconproducts.com\/fr\/india\/curl-cream\/#breadcrumb\"},\"inLanguage\":\"fr-FR\",\"potentialAction\":[{\"@type\":\"ReadAction\",\"target\":[\"https:\/\/iconproducts.com\/fr\/india\/curl-cream\/\"]}]},{\"@type\":\"ImageObject\",\"inLanguage\":\"fr-FR\",\"@id\":\"https:\/\/iconproducts.com\/fr\/india\/curl-cream\/#primaryimage\",\"url\":\"https:\/\/iconproducts.com\/wp-content\/uploads\/2020\/06\/india-curl-cream-icon-products-2019.jpg\",\"contentUrl\":\"https:\/\/iconproducts.com\/wp-content\/uploads\/2020\/06\/india-curl-cream-icon-products-2019.jpg\",\"width\":1000,\"height\":1000,\"caption\":\"CURL CREAM\"},{\"@type\":\"BreadcrumbList\",\"@id\":\"https:\/\/iconproducts.com\/fr\/india\/curl-cream\/#breadcrumb\",\"itemListElement\":[{\"@type\":\"ListItem\",\"position\":1,\"name\":\"I.C.O.N. Products\",\"item\":\"https:\/\/iconproducts.com\/fr\/\"},{\"@type\":\"ListItem\",\"position\":2,\"name\":\"India\",\"item\":\"https:\/\/iconproducts.com\/fr\/india\/\"},{\"@type\":\"ListItem\",\"position\":3,\"name\":\"Curl Cream\"}]},{\"@type\":\"WebSite\",\"@id\":\"https:\/\/iconproducts.com\/es\/#website\",\"url\":\"https:\/\/iconproducts.com\/es\/\",\"name\":\"I.C.O.N. Products\",\"description\":\"Productos de peluquer\u00eda\",\"publisher\":{\"@id\":\"https:\/\/iconproducts.com\/es\/#organization\"},\"potentialAction\":[{\"@type\":\"SearchAction\",\"target\":{\"@type\":\"EntryPoint\",\"urlTemplate\":\"https:\/\/iconproducts.com\/es\/?s={search_term_string}\"},\"query-input\":{\"@type\":\"PropertyValueSpecification\",\"valueRequired\":true,\"valueName\":\"search_term_string\"}}],\"inLanguage\":\"fr-FR\"},{\"@type\":\"Organization\",\"@id\":\"https:\/\/iconproducts.com\/es\/#organization\",\"name\":\"I.C.O.N. Products\",\"url\":\"https:\/\/iconproducts.com\/es\/\",\"logo\":{\"@type\":\"ImageObject\",\"inLanguage\":\"fr-FR\",\"@id\":\"https:\/\/iconproducts.com\/es\/#\/schema\/logo\/image\/\",\"url\":\"https:\/\/iconproducts.com\/wp-content\/uploads\/2018\/08\/logo-icon-1.jpg\",\"contentUrl\":\"https:\/\/iconproducts.com\/wp-content\/uploads\/2018\/08\/logo-icon-1.jpg\",\"width\":1000,\"height\":1000,\"caption\":\"I.C.O.N. Products\"},\"image\":{\"@id\":\"https:\/\/iconproducts.com\/es\/#\/schema\/logo\/image\/\"},\"sameAs\":[\"https:\/\/www.facebook.com\/iconproducts.spain\",\"https:\/\/www.instagram.com\/iconspain\/\",\"https:\/\/www.youtube.com\/channel\/UCw0myea3fiZRsj72sNBnMqQ\"]}]}<\/script>\n<!-- \/ Yoast SEO plugin. -->","yoast_head_json":{"title":"Curl Cream | I.C.O.N. Products","robots":{"index":"index","follow":"follow","max-snippet":"max-snippet:-1","max-image-preview":"max-image-preview:large","max-video-preview":"max-video-preview:-1"},"canonical":"https:\/\/iconproducts.com\/fr\/india\/curl-cream\/","og_locale":"fr_FR","og_type":"article","og_title":"Curl Cream | I.C.O.N. Products","og_description":"[vc_row][vc_column][\/vc_column][\/vc_row][vc_row][vc_column width=\u00a0\u00bb1\/2&Prime;][\/vc_column][vc_column width=\u00a0\u00bb1\/2&Prime;][vc_column_text]Qu&rsquo;est-ce que c&rsquo;est ? Amplifie les ondulations et les boucles. Pour qui ? Con\u00e7u pour donner forme et brillance \u00e0 vos boucles. Ce qu&rsquo;il fait : Rehausse et","og_url":"https:\/\/iconproducts.com\/fr\/india\/curl-cream\/","og_site_name":"I.C.O.N. Products","article_publisher":"https:\/\/www.facebook.com\/iconproducts.spain","article_modified_time":"2023-11-23T09:12:38+00:00","og_image":[{"width":1000,"height":1000,"url":"https:\/\/iconproducts.com\/wp-content\/uploads\/2020\/06\/india-curl-cream-icon-products-2019.jpg","type":"image\/jpeg"}],"twitter_card":"summary_large_image","schema":{"@context":"https:\/\/schema.org","@graph":[{"@type":"WebPage","@id":"https:\/\/iconproducts.com\/fr\/india\/curl-cream\/","url":"https:\/\/iconproducts.com\/fr\/india\/curl-cream\/","name":"Curl Cream | I.C.O.N. Products","isPartOf":{"@id":"https:\/\/iconproducts.com\/es\/#website"},"primaryImageOfPage":{"@id":"https:\/\/iconproducts.com\/fr\/india\/curl-cream\/#primaryimage"},"image":{"@id":"https:\/\/iconproducts.com\/fr\/india\/curl-cream\/#primaryimage"},"thumbnailUrl":"https:\/\/iconproducts.com\/wp-content\/uploads\/2020\/06\/india-curl-cream-icon-products-2019.jpg","datePublished":"2018-06-07T14:59:34+00:00","dateModified":"2023-11-23T09:12:38+00:00","breadcrumb":{"@id":"https:\/\/iconproducts.com\/fr\/india\/curl-cream\/#breadcrumb"},"inLanguage":"fr-FR","potentialAction":[{"@type":"ReadAction","target":["https:\/\/iconproducts.com\/fr\/india\/curl-cream\/"]}]},{"@type":"ImageObject","inLanguage":"fr-FR","@id":"https:\/\/iconproducts.com\/fr\/india\/curl-cream\/#primaryimage","url":"https:\/\/iconproducts.com\/wp-content\/uploads\/2020\/06\/india-curl-cream-icon-products-2019.jpg","contentUrl":"https:\/\/iconproducts.com\/wp-content\/uploads\/2020\/06\/india-curl-cream-icon-products-2019.jpg","width":1000,"height":1000,"caption":"CURL CREAM"},{"@type":"BreadcrumbList","@id":"https:\/\/iconproducts.com\/fr\/india\/curl-cream\/#breadcrumb","itemListElement":[{"@type":"ListItem","position":1,"name":"I.C.O.N. Products","item":"https:\/\/iconproducts.com\/fr\/"},{"@type":"ListItem","position":2,"name":"India","item":"https:\/\/iconproducts.com\/fr\/india\/"},{"@type":"ListItem","position":3,"name":"Curl Cream"}]},{"@type":"WebSite","@id":"https:\/\/iconproducts.com\/es\/#website","url":"https:\/\/iconproducts.com\/es\/","name":"I.C.O.N. Products","description":"Productos de peluquer\u00eda","publisher":{"@id":"https:\/\/iconproducts.com\/es\/#organization"},"potentialAction":[{"@type":"SearchAction","target":{"@type":"EntryPoint","urlTemplate":"https:\/\/iconproducts.com\/es\/?s={search_term_string}"},"query-input":{"@type":"PropertyValueSpecification","valueRequired":true,"valueName":"search_term_string"}}],"inLanguage":"fr-FR"},{"@type":"Organization","@id":"https:\/\/iconproducts.com\/es\/#organization","name":"I.C.O.N. Products","url":"https:\/\/iconproducts.com\/es\/","logo":{"@type":"ImageObject","inLanguage":"fr-FR","@id":"https:\/\/iconproducts.com\/es\/#\/schema\/logo\/image\/","url":"https:\/\/iconproducts.com\/wp-content\/uploads\/2018\/08\/logo-icon-1.jpg","contentUrl":"https:\/\/iconproducts.com\/wp-content\/uploads\/2018\/08\/logo-icon-1.jpg","width":1000,"height":1000,"caption":"I.C.O.N. Products"},"image":{"@id":"https:\/\/iconproducts.com\/es\/#\/schema\/logo\/image\/"},"sameAs":["https:\/\/www.facebook.com\/iconproducts.spain","https:\/\/www.instagram.com\/iconspain\/","https:\/\/www.youtube.com\/channel\/UCw0myea3fiZRsj72sNBnMqQ"]}]}},"_links":{"self":[{"href":"https:\/\/iconproducts.com\/fr\/wp-json\/wp\/v2\/pages\/37370","targetHints":{"allow":["GET"]}}],"collection":[{"href":"https:\/\/iconproducts.com\/fr\/wp-json\/wp\/v2\/pages"}],"about":[{"href":"https:\/\/iconproducts.com\/fr\/wp-json\/wp\/v2\/types\/page"}],"author":[{"embeddable":true,"href":"https:\/\/iconproducts.com\/fr\/wp-json\/wp\/v2\/users\/1"}],"replies":[{"embeddable":true,"href":"https:\/\/iconproducts.com\/fr\/wp-json\/wp\/v2\/comments?post=37370"}],"version-history":[{"count":16,"href":"https:\/\/iconproducts.com\/fr\/wp-json\/wp\/v2\/pages\/37370\/revisions"}],"predecessor-version":[{"id":115272,"href":"https:\/\/iconproducts.com\/fr\/wp-json\/wp\/v2\/pages\/37370\/revisions\/115272"}],"up":[{"embeddable":true,"href":"https:\/\/iconproducts.com\/fr\/wp-json\/wp\/v2\/pages\/36358"}],"wp:featuredmedia":[{"embeddable":true,"href":"https:\/\/iconproducts.com\/fr\/wp-json\/wp\/v2\/media\/52984"}],"wp:attachment":[{"href":"https:\/\/iconproducts.com\/fr\/wp-json\/wp\/v2\/media?parent=37370"}],"wp:term":[{"taxonomy":"post_tag","embeddable":true,"href":"https:\/\/iconproducts.com\/fr\/wp-json\/wp\/v2\/tags?post=37370"},{"taxonomy":"wf_page_folders","embeddable":true,"href":"https:\/\/iconproducts.com\/fr\/wp-json\/wp\/v2\/wf_page_folders?post=37370"}],"curies":[{"name":"wp","href":"https:\/\/api.w.org\/{rel}","templated":true}]}}