{"id":39013,"date":"2018-10-10T09:57:38","date_gmt":"2018-10-10T09:57:38","guid":{"rendered":"https:\/\/iconproducts.com\/forbes-interviews-jorge-rubin\/"},"modified":"2020-01-30T16:45:21","modified_gmt":"2020-01-30T16:45:21","slug":"forbes-interviews-jorge-rubin","status":"publish","type":"page","link":"https:\/\/iconproducts.com\/fr\/forbes-interviews-jorge-rubin\/","title":{"rendered":"Interviews de Forbes avec Jorge Rub\u00edn"},"content":{"rendered":"<p>[vc_row][vc_column]<div class=\"dfd-spacer-module\"  data-units=\"px\" data-wide_resolution=\"1280\" data-wide_size=\"100\" data-normal_resolution=\"1024\" data-normal_size=\"100\" data-tablet_resolution=\"800\" data-tablet_size=\"80\" data-mobile_resolution=\"480\" data-mobile_size=\"50\" style=\"height: 100px;\"><\/div><div class=\"dfd-heading-shortcode\"><div class=\"dfd-heading-module-wrap  text-center style_01 cr-animate-gen dfd-heading-69dbd883ddf45 dfd-disable-resposive-headings\" id=\"dfd-heading-69dbd883ddf45\" data-animate-type = \"transition.slideDownIn\" ><div class=\"inline-block\"><div class=\"dfd-heading-module\"><h1 class=\"widget-title dfd-title \" style=\"\">Interviews de <strong>Forbes<\/strong> avec <strong>Jorge Rub\u00edn<\/strong><\/h1><div class=\"dfd-heading-delimiter\"><\/div><\/div><\/div><\/div><script type=\"text\/javascript\">\n\t\t\t\t\t\t\t\t\t(function($) {\n\t\t\t\t\t\t\t\t\t\t$(\"head\").append(\"<style>.dfd-heading-69dbd883ddf45.dfd-heading-module-wrap .dfd-heading-module .dfd-heading-delimiter {border-bottom-style:solid;border-bottom-width:1px;width:100px;border-bottom-color:#dddddd;}.dfd-heading-69dbd883ddf45.dfd-heading-module-wrap .dfd-heading-module .dfd-heading-delimiter {margin-top:10px;margin-bottom:10px;}<\/style>\");\n\t\t\t\t\t\t\t\t\t})(jQuery);\n\t\t\t\t\t\t\t\t<\/script><\/div><div class=\"dfd-spacer-module\"  data-units=\"px\" data-wide_resolution=\"1280\" data-wide_size=\"30\" data-normal_resolution=\"1024\" data-normal_size=\"30\" data-tablet_resolution=\"800\" data-tablet_size=\"30\" data-mobile_resolution=\"480\" data-mobile_size=\"30\" style=\"height: 30px;\"><\/div>[vc_column_text]<\/p>\n<p style=\"text-align: center;\">Lorsque vous ouvrez la porte \u00e0 <strong>I.C.O.N.<\/strong>, vous trouverez 8 logos : EcoTECH (marque d\u00e9pos\u00e9e de la marque) : <strong>Color-Safe, Anti-Agers, Anti-Oxydants, Sans Sulfate, Sans Paraben, ACE de Vitamines et Vegan<\/strong>. Leurs 8 symboles sont leurs engagements, les valeurs fondamentales et la philosophie de cette petite entreprise familiale qui a su exceller et prosp\u00e9rer dans un monde domin\u00e9 par les grandes entreprises.<\/p>\n<p>[\/vc_column_text]<div class=\"dfd-spacer-module\"  data-units=\"px\" data-wide_resolution=\"1280\" data-wide_size=\"51\" data-normal_resolution=\"1024\" data-normal_size=\"51\" data-tablet_resolution=\"800\" data-tablet_size=\"51\" data-mobile_resolution=\"480\" data-mobile_size=\"51\" style=\"height: 51px;\"><\/div>[\/vc_column][\/vc_row][vc_row][vc_column width=\u00a0\u00bb1\/2&Prime; css=\u00a0\u00bb.vc_custom_1539168064893{padding-right: 2% !important;}\u00a0\u00bb][vc_single_image image=\u00a0\u00bb39018&Prime; img_size=\u00a0\u00bbfull\u00a0\u00bb alignment=\u00a0\u00bbcenter\u00a0\u00bb onclick=\u00a0\u00bblink_image\u00a0\u00bb]<div class=\"dfd-spacer-module\"  data-units=\"px\" data-wide_resolution=\"1280\" data-wide_size=\"51\" data-normal_resolution=\"1024\" data-normal_size=\"51\" data-tablet_resolution=\"800\" data-tablet_size=\"51\" data-mobile_resolution=\"480\" data-mobile_size=\"51\" style=\"height: 51px;\"><\/div>[\/vc_column][vc_column width=\u00a0\u00bb1\/2&Prime; css=\u00a0\u00bb.vc_custom_1539168069644{padding-left: 2% !important;}\u00a0\u00bb][vc_column_text]<\/p>\n<blockquote style=\"text-align: justify;\"><p><strong>\u00ab\u00a0POUR NE PAS PERDRE SA PLACE DANS CE MONDE CONCURRENTIEL, IL FAUT AVOIR DES BASES TR\u00c8S SOLIDES ET \u00caTRE FID\u00c8LE \u00c0 SES PRINCIPES ET \u00c0 SES VALEURS \u00ab\u00a0.<\/strong><\/p><\/blockquote>\n<p style=\"text-align: justify;\">R\u00e9v\u00e8le Rub\u00edn, PDG de cette soci\u00e9t\u00e9 de soins capillaires qui passe ses journ\u00e9es entre Vigo (sa ville natale et son si\u00e8ge pour l&rsquo;Europe et l&rsquo;Asie) et Los Angeles (o\u00f9 les laboratoires et les bureaux sont situ\u00e9s pour l&rsquo;Am\u00e9rique du Nord, l&rsquo;Am\u00e9rique du Sud et l&rsquo;Australie).<\/p>\n<p style=\"text-align: justify;\">En 2017, l&rsquo;entreprise a f\u00eat\u00e9 ses 15 ans. Quinze ans en premi\u00e8re ligne d&rsquo;un secteur qui conna\u00eet une forte croissance, selon des rapports r\u00e9cents. Quel est le secret ?<\/p>\n<blockquote style=\"text-align: justify;\"><p><strong>\u00ab L&rsquo;INT\u00c9GRIT\u00c9 DE TOUT CE QUE NOUS FAISONS, DU D\u00c9VELOPPEMENT DE NOS PRODUITS \u00c0 L&rsquo;\u00c9DUCATION. L&rsquo;\u00c9DUCATION EST L&rsquo;AVENIR. \u00caTRE \u00c0 LA POINTE DE L&rsquo;INNOVATION EN D\u00c9VELOPPANT DES PRODUITS AVEC DES INGR\u00c9DIENTS NOUVEAUX ET PLUS AVANC\u00c9S : BIOLOGIQUE, V\u00c9G\u00c9TALIEN, AVEC DES ANTIOXYDANTS, ET UTILISANT DES RESSOURCES DURABLES \u00ab\u00a0.<\/strong><\/p><\/blockquote>\n<p>Rub\u00edn est tr\u00e8s clair que la passion et la discipline vont de pair pour un vrai succ\u00e8s.[\/vc_column_text][\/vc_column][\/vc_row][vc_row][vc_column]<div class=\"dfd-spacer-module\"  data-units=\"px\" data-wide_resolution=\"1280\" data-wide_size=\"30\" data-normal_resolution=\"1024\" data-normal_size=\"30\" data-tablet_resolution=\"800\" data-tablet_size=\"30\" data-mobile_resolution=\"480\" data-mobile_size=\"30\" style=\"height: 30px;\"><\/div>[\/vc_column][\/vc_row][vc_row][vc_column width=\u00a0\u00bb2\/3&Prime; css=\u00a0\u00bb.vc_custom_1539168064893{padding-right: 2% !important;}\u00a0\u00bb][vc_column_text]<\/p>\n<blockquote>\n<p style=\"text-align: justify;\"><strong>\u00abLE SUCC\u00c8S EST LE R\u00c9SULTAT DE LA MISE EN \u0152UVRE DE TOUT CE QUI EST N\u00c9CESSAIRE POUR ATTEINDRE L&rsquo;OBJECTIF QUE VOUS VOUS \u00caTES FIX\u00c9. ET \u00c0 VOTRE ARRIV\u00c9E, VOUS VOUS FIXEZ DE NOUVEAUX OBJECTIFS, CAR LA COURSE N&rsquo;EST JAMAIS TERMIN\u00c9E \u00ab\u00a0.<\/strong><\/p>\n<\/blockquote>\n<p style=\"text-align: justify;\">Agir et ne pas perdre de vue est la strat\u00e9gie qui semble avoir bien fonctionn\u00e9 pour cette marque, pr\u00e9sente sur 4 des 5 continents (avec un plan de d\u00e9veloppement en cours avec l&rsquo;Asie). Une entreprise qui s&rsquo;est d\u00e9velopp\u00e9e au cours des 5 derni\u00e8res ann\u00e9es \u00e0 un taux de croissance de 10% au niveau mondial (15% en Espagne) avec des projections continues pour les ann\u00e9es \u00e0 venir.<\/p>\n<blockquote>\n<p style=\"text-align: justify;\"><strong>\u00ab ATTEINDRE LE SOMMET DE LA MONTAGNE EST UN GRAND EXPLOIT, MAIS RESTER AU SOMMET, C&rsquo;EST LA PARTIE LA PLUS DIFFICILE. GARDER LE CAP, LE CHEMIN EST L\u00c0. TU N&rsquo;AS QU&rsquo;\u00c0 MARCHER SUR LA ROUTE. C&rsquo;EST LA CL\u00c9 DE L&rsquo;AM\u00c9LIORATION CONTINUE DE VOTRE ENTREPRISE, CR\u00c9EZ VOTRE PROPRE VOIE \u00ab\u00a0.<\/strong><\/p>\n<\/blockquote>\n<p>[\/vc_column_text]<div class=\"dfd-spacer-module\"  data-units=\"px\" data-wide_resolution=\"1280\" data-wide_size=\"51\" data-normal_resolution=\"1024\" data-normal_size=\"51\" data-tablet_resolution=\"800\" data-tablet_size=\"51\" data-mobile_resolution=\"480\" data-mobile_size=\"51\" style=\"height: 51px;\"><\/div>[\/vc_column][vc_column width=\u00a0\u00bb1\/3&Prime; css=\u00a0\u00bb.vc_custom_1539168069644{padding-left: 2% !important;}\u00a0\u00bb][vc_single_image image=\u00a0\u00bb39019&Prime; img_size=\u00a0\u00bbfull\u00a0\u00bb alignment=\u00a0\u00bbcenter\u00a0\u00bb onclick=\u00a0\u00bblink_image\u00a0\u00bb][\/vc_column][\/vc_row][vc_row][vc_column]<div class=\"dfd-spacer-module\"  data-units=\"px\" data-wide_resolution=\"1280\" data-wide_size=\"51\" data-normal_resolution=\"1024\" data-normal_size=\"51\" data-tablet_resolution=\"800\" data-tablet_size=\"51\" data-mobile_resolution=\"480\" data-mobile_size=\"51\" style=\"height: 51px;\"><\/div>[\/vc_column][\/vc_row][vc_row][vc_column width=\u00a0\u00bb1\/3&Prime;][vc_single_image image=\u00a0\u00bb39014&Prime; img_size=\u00a0\u00bbfull\u00a0\u00bb alignment=\u00a0\u00bbcenter\u00a0\u00bb onclick=\u00a0\u00bblink_image\u00a0\u00bb]<div class=\"dfd-spacer-module\"  data-units=\"px\" data-wide_resolution=\"1280\" data-wide_size=\"51\" data-normal_resolution=\"1024\" data-normal_size=\"51\" data-tablet_resolution=\"800\" data-tablet_size=\"51\" data-mobile_resolution=\"480\" data-mobile_size=\"51\" style=\"height: 51px;\"><\/div>[\/vc_column][vc_column width=\u00a0\u00bb1\/3&Prime;][vc_single_image image=\u00a0\u00bb45166&Prime; img_size=\u00a0\u00bbfull\u00a0\u00bb alignment=\u00a0\u00bbcenter\u00a0\u00bb onclick=\u00a0\u00bblink_image\u00a0\u00bb]<div class=\"dfd-spacer-module\"  data-units=\"px\" data-wide_resolution=\"1280\" data-wide_size=\"51\" data-normal_resolution=\"1024\" data-normal_size=\"51\" data-tablet_resolution=\"800\" data-tablet_size=\"51\" data-mobile_resolution=\"480\" data-mobile_size=\"51\" style=\"height: 51px;\"><\/div>[\/vc_column][vc_column width=\u00a0\u00bb1\/3&Prime;][vc_single_image image=\u00a0\u00bb45163&Prime; img_size=\u00a0\u00bbfull\u00a0\u00bb alignment=\u00a0\u00bbcenter\u00a0\u00bb onclick=\u00a0\u00bblink_image\u00a0\u00bb]<div class=\"dfd-spacer-module\"  data-units=\"px\" data-wide_resolution=\"1280\" data-wide_size=\"51\" data-normal_resolution=\"1024\" data-normal_size=\"51\" data-tablet_resolution=\"800\" data-tablet_size=\"51\" data-mobile_resolution=\"480\" data-mobile_size=\"51\" style=\"height: 51px;\"><\/div>[\/vc_column][\/vc_row][vc_row][vc_column]<div id=\"dfd-button-69dbd883de287\" class=\"dfd-button-module-wrap dfd-button-69dbd883de287\"><div class=\"dfd-button-module  style_3 dfd-button-full-width text-center dfd-horizontal dfd-top-to-bottom dfd-button-icon-left dfd-button-icon-hover-simple\" ><a href=\"https:\/\/iconproducts.com\/fr\/lentreprise\/entrevistas-a-jorge-rubin\/\"title=\"Retour\" class=\"dfd-button-link\"><span class=\"dfd-button-inner-cover\"><span class=\"dfd-button-text-main\"><i class=\"dfd-icon-right_6\"><\/i>Retour<\/span><\/span><\/a><\/div><script type=\"text\/javascript\">\n\t\t\t\t\t\t\t\t\t(function($) {$(\"head\").append(\"<style>#dfd-button-69dbd883de287.dfd-button-module-wrap .dfd-button-module .dfd-button-link .dfd-button-inner-cover span i, .dfd-button-69dbd883de287.dfd-button-module-wrap .dfd-button-module .dfd-button-link .dfd-button-inner-cover span i {font-size: 18px;}#dfd-button-69dbd883de287.dfd-button-module-wrap .dfd-button-module .dfd-button-link .dfd-button-inner-cover .dfd-button-text-main,.dfd-button-69dbd883de287.dfd-button-module-wrap .dfd-button-module .dfd-button-link .dfd-button-inner-cover .dfd-button-text-main {color: #ffffff}#dfd-button-69dbd883de287.dfd-button-module-wrap .dfd-button-module .dfd-button-link .dfd-button-inner-cover,.dfd-button-69dbd883de287.dfd-button-module-wrap .dfd-button-module .dfd-button-link .dfd-button-border-decoration,.dfd-button-69dbd883de287.dfd-button-module-wrap .dfd-button-module .dfd-button-link .dfd-button-inner-cover {border-radius:2px;}#dfd-button-69dbd883de287.dfd-button-module-wrap .dfd-button-module:not(.style_4) .dfd-button-link .dfd-button-inner-cover:before,#dfd-button-69dbd883de287.dfd-button-module-wrap .dfd-button-module.style_4 .dfd-button-link .dfd-button-inner-cover:after,#dfd-button-69dbd883de287.dfd-button-module-wrap .dfd-button-module.style_6 .dfd-button-link .dfd-button-inner-cover .dfd-button-text-main,.dfd-button-69dbd883de287.dfd-button-module-wrap .dfd-button-module:not(.style_4) .dfd-button-link .dfd-button-inner-cover:before,.dfd-button-69dbd883de287.dfd-button-module-wrap .dfd-button-module.style_4 .dfd-button-link .dfd-button-inner-cover:after,.dfd-button-69dbd883de287.dfd-button-module-wrap .dfd-button-module.style_6 .dfd-button-link .dfd-button-inner-cover .dfd-button-text-main {background: #1b1b1b;border-style:none;border-width:1px;border-radius:2px;border-color:#1b1b1b;}#dfd-button-69dbd883de287.dfd-button-module-wrap .dfd-button-module:not(.style_6) .dfd-button-link:hover .dfd-button-inner-cover .dfd-button-text-main,#dfd-button-69dbd883de287.dfd-button-module-wrap .dfd-button-module .dfd-button-link .dfd-button-inner-cover .dfd-button-text-hover,.dfd-button-69dbd883de287.dfd-button-module-wrap .dfd-button-module:not(.style_6) .dfd-button-link:hover .dfd-button-inner-cover .dfd-button-text-main,.dfd-button-69dbd883de287.dfd-button-module-wrap .dfd-button-module .dfd-button-link .dfd-button-inner-cover .dfd-button-text-hover {color: #000000;}#dfd-button-69dbd883de287.dfd-button-module-wrap .dfd-button-module .dfd-button-link:hover .dfd-button-inner-cover,.dfd-button-69dbd883de287.dfd-button-module-wrap .dfd-button-module .dfd-button-link:hover .dfd-button-border-decoration,.dfd-button-69dbd883de287.dfd-button-module-wrap .dfd-button-module .dfd-button-link:hover .dfd-button-inner-cover {border-radius:2px;}#dfd-button-69dbd883de287.dfd-button-module-wrap .dfd-button-module:not(.style_4) .dfd-button-link .dfd-button-inner-cover:after,#dfd-button-69dbd883de287.dfd-button-module-wrap .dfd-button-module.style_4 .dfd-button-link .dfd-button-inner-cover:before,#dfd-button-69dbd883de287.dfd-button-module-wrap .dfd-button-module .dfd-button-link .dfd-button-inner-cover .dfd-button-text-hover .dfd-button-69dbd883de287.dfd-button-module-wrap .dfd-button-module:not(.style_4) .dfd-button-link .dfd-button-inner-cover:after,.dfd-button-69dbd883de287.dfd-button-module-wrap .dfd-button-module.style_4 .dfd-button-link .dfd-button-inner-cover:before,.dfd-button-69dbd883de287.dfd-button-module-wrap .dfd-button-module .dfd-button-link .dfd-button-inner-cover .dfd-button-text-hover {background: #ffffff;border-style:solid;border-width:1px;border-radius:2px;border-color:#000000;}#dfd-button-69dbd883de287.dfd-button-module-wrap .dfd-button-module.style_3 .dfd-button-link:hover .dfd-button-inner-cover:before,#dfd-button-69dbd883de287.dfd-button-module-wrap .dfd-button-module.style_4 .dfd-button-link:hover .dfd-button-inner-cover:before,.dfd-button-69dbd883de287.dfd-button-module-wrap .dfd-button-module.style_3 .dfd-button-link:hover .dfd-button-inner-cover:before,.dfd-button-69dbd883de287.dfd-button-module-wrap .dfd-button-module.style_4 .dfd-button-link:hover .dfd-button-inner-cover:before {border-style:solid;border-width:1px;border-radius:2px;border-color:#000000;}#dfd-button-69dbd883de287.dfd-button-module-wrap .dfd-button-module .dfd-button-link .dfd-button-inner-cover .dfd-button-text-main i,.dfd-button-69dbd883de287.dfd-button-module-wrap .dfd-button-module .dfd-button-link .dfd-button-inner-cover .dfd-button-text-main i {color: #ffffff;}#dfd-button-69dbd883de287.dfd-button-module-wrap .dfd-button-module .dfd-button-link:hover .dfd-button-inner-cover .dfd-button-text-main i,.dfd-button-69dbd883de287.dfd-button-module-wrap .dfd-button-module .dfd-button-link:hover .dfd-button-inner-cover .dfd-button-text-main i {color: #3b55e6;}<\/style>\")\n\t\t\t\t\t\t\t\t\t})(jQuery);\n\t\t\t\t\t\t\t\t<\/script><\/div><div class=\"dfd-spacer-module\"  data-units=\"px\" data-wide_resolution=\"1280\" data-wide_size=\"51\" data-normal_resolution=\"1024\" data-normal_size=\"51\" data-tablet_resolution=\"800\" data-tablet_size=\"51\" data-mobile_resolution=\"480\" data-mobile_size=\"51\" style=\"height: 51px;\"><\/div><div class=\"dfd-spacer-module\"  data-units=\"px\" data-wide_resolution=\"1280\" data-wide_size=\"51\" data-normal_resolution=\"1024\" data-normal_size=\"51\" data-tablet_resolution=\"800\" data-tablet_size=\"51\" data-mobile_resolution=\"480\" data-mobile_size=\"51\" style=\"height: 51px;\"><\/div>[\/vc_column][\/vc_row]<\/p>\n","protected":false},"excerpt":{"rendered":"<p>[vc_row][vc_column][vc_column_text] Lorsque vous ouvrez la porte \u00e0 I.C.O.N., vous trouverez 8 logos : EcoTECH (marque d\u00e9pos\u00e9e de la marque) : Color-Safe, Anti-Agers, Anti-Oxydants, Sans Sulfate, Sans Paraben, ACE de Vitamines<\/p>\n","protected":false},"author":1,"featured_media":45166,"parent":0,"menu_order":0,"comment_status":"closed","ping_status":"closed","template":"page-custom-with-header.php","meta":{"_acf_changed":false,"footnotes":""},"tags":[],"wf_page_folders":[],"class_list":["post-39013","page","type-page","status-publish","has-post-thumbnail","hentry"],"acf":[],"yoast_head":"<!-- This site is optimized with the Yoast SEO plugin v27.0 - https:\/\/yoast.com\/product\/yoast-seo-wordpress\/ -->\n<title>Interviews de Forbes avec Jorge Rub\u00edn | I.C.O.N. Products<\/title>\n<meta name=\"robots\" content=\"index, follow, max-snippet:-1, max-image-preview:large, max-video-preview:-1\" \/>\n<link rel=\"canonical\" href=\"https:\/\/iconproducts.com\/fr\/forbes-interviews-jorge-rubin\/\" \/>\n<meta property=\"og:locale\" content=\"fr_FR\" \/>\n<meta property=\"og:type\" content=\"article\" \/>\n<meta property=\"og:title\" content=\"Interviews de Forbes avec Jorge Rub\u00edn | I.C.O.N. Products\" \/>\n<meta property=\"og:description\" content=\"[vc_row][vc_column][vc_column_text] Lorsque vous ouvrez la porte \u00e0 I.C.O.N., vous trouverez 8 logos : EcoTECH (marque d\u00e9pos\u00e9e de la marque) : Color-Safe, Anti-Agers, Anti-Oxydants, Sans Sulfate, Sans Paraben, ACE de Vitamines\" \/>\n<meta property=\"og:url\" content=\"https:\/\/iconproducts.com\/fr\/forbes-interviews-jorge-rubin\/\" \/>\n<meta property=\"og:site_name\" content=\"I.C.O.N. Products\" \/>\n<meta property=\"article:publisher\" content=\"https:\/\/www.facebook.com\/iconproducts.spain\" \/>\n<meta property=\"article:modified_time\" content=\"2020-01-30T16:45:21+00:00\" \/>\n<meta property=\"og:image\" content=\"https:\/\/iconproducts.com\/wp-content\/uploads\/2018\/10\/forbes-icon-prodcust-jorge-rubin-01.jpg\" \/>\n\t<meta property=\"og:image:width\" content=\"1920\" \/>\n\t<meta property=\"og:image:height\" content=\"1080\" \/>\n\t<meta property=\"og:image:type\" content=\"image\/jpeg\" \/>\n<meta name=\"twitter:card\" content=\"summary_large_image\" \/>\n<script type=\"application\/ld+json\" class=\"yoast-schema-graph\">{\"@context\":\"https:\/\/schema.org\",\"@graph\":[{\"@type\":\"WebPage\",\"@id\":\"https:\/\/iconproducts.com\/fr\/forbes-interviews-jorge-rubin\/\",\"url\":\"https:\/\/iconproducts.com\/fr\/forbes-interviews-jorge-rubin\/\",\"name\":\"Interviews de Forbes avec Jorge Rub\u00edn | I.C.O.N. Products\",\"isPartOf\":{\"@id\":\"https:\/\/iconproducts.com\/es\/#website\"},\"primaryImageOfPage\":{\"@id\":\"https:\/\/iconproducts.com\/fr\/forbes-interviews-jorge-rubin\/#primaryimage\"},\"image\":{\"@id\":\"https:\/\/iconproducts.com\/fr\/forbes-interviews-jorge-rubin\/#primaryimage\"},\"thumbnailUrl\":\"https:\/\/iconproducts.com\/wp-content\/uploads\/2018\/10\/forbes-icon-prodcust-jorge-rubin-01.jpg\",\"datePublished\":\"2018-10-10T09:57:38+00:00\",\"dateModified\":\"2020-01-30T16:45:21+00:00\",\"breadcrumb\":{\"@id\":\"https:\/\/iconproducts.com\/fr\/forbes-interviews-jorge-rubin\/#breadcrumb\"},\"inLanguage\":\"fr-FR\",\"potentialAction\":[{\"@type\":\"ReadAction\",\"target\":[\"https:\/\/iconproducts.com\/fr\/forbes-interviews-jorge-rubin\/\"]}]},{\"@type\":\"ImageObject\",\"inLanguage\":\"fr-FR\",\"@id\":\"https:\/\/iconproducts.com\/fr\/forbes-interviews-jorge-rubin\/#primaryimage\",\"url\":\"https:\/\/iconproducts.com\/wp-content\/uploads\/2018\/10\/forbes-icon-prodcust-jorge-rubin-01.jpg\",\"contentUrl\":\"https:\/\/iconproducts.com\/wp-content\/uploads\/2018\/10\/forbes-icon-prodcust-jorge-rubin-01.jpg\",\"width\":1920,\"height\":1080,\"caption\":\"Jorge Rub\u00edn, fundador de I.C.O.N. Products en Forbes\"},{\"@type\":\"BreadcrumbList\",\"@id\":\"https:\/\/iconproducts.com\/fr\/forbes-interviews-jorge-rubin\/#breadcrumb\",\"itemListElement\":[{\"@type\":\"ListItem\",\"position\":1,\"name\":\"I.C.O.N. Products\",\"item\":\"https:\/\/iconproducts.com\/fr\/\"},{\"@type\":\"ListItem\",\"position\":2,\"name\":\"Interviews de Forbes avec Jorge Rub\u00edn\"}]},{\"@type\":\"WebSite\",\"@id\":\"https:\/\/iconproducts.com\/es\/#website\",\"url\":\"https:\/\/iconproducts.com\/es\/\",\"name\":\"I.C.O.N. Products\",\"description\":\"Productos de peluquer\u00eda\",\"publisher\":{\"@id\":\"https:\/\/iconproducts.com\/es\/#organization\"},\"potentialAction\":[{\"@type\":\"SearchAction\",\"target\":{\"@type\":\"EntryPoint\",\"urlTemplate\":\"https:\/\/iconproducts.com\/es\/?s={search_term_string}\"},\"query-input\":{\"@type\":\"PropertyValueSpecification\",\"valueRequired\":true,\"valueName\":\"search_term_string\"}}],\"inLanguage\":\"fr-FR\"},{\"@type\":\"Organization\",\"@id\":\"https:\/\/iconproducts.com\/es\/#organization\",\"name\":\"I.C.O.N. Products\",\"url\":\"https:\/\/iconproducts.com\/es\/\",\"logo\":{\"@type\":\"ImageObject\",\"inLanguage\":\"fr-FR\",\"@id\":\"https:\/\/iconproducts.com\/es\/#\/schema\/logo\/image\/\",\"url\":\"https:\/\/iconproducts.com\/wp-content\/uploads\/2018\/08\/logo-icon-1.jpg\",\"contentUrl\":\"https:\/\/iconproducts.com\/wp-content\/uploads\/2018\/08\/logo-icon-1.jpg\",\"width\":1000,\"height\":1000,\"caption\":\"I.C.O.N. Products\"},\"image\":{\"@id\":\"https:\/\/iconproducts.com\/es\/#\/schema\/logo\/image\/\"},\"sameAs\":[\"https:\/\/www.facebook.com\/iconproducts.spain\",\"https:\/\/www.instagram.com\/iconspain\/\",\"https:\/\/www.youtube.com\/channel\/UCw0myea3fiZRsj72sNBnMqQ\"]}]}<\/script>\n<!-- \/ Yoast SEO plugin. -->","yoast_head_json":{"title":"Interviews de Forbes avec Jorge Rub\u00edn | I.C.O.N. Products","robots":{"index":"index","follow":"follow","max-snippet":"max-snippet:-1","max-image-preview":"max-image-preview:large","max-video-preview":"max-video-preview:-1"},"canonical":"https:\/\/iconproducts.com\/fr\/forbes-interviews-jorge-rubin\/","og_locale":"fr_FR","og_type":"article","og_title":"Interviews de Forbes avec Jorge Rub\u00edn | I.C.O.N. Products","og_description":"[vc_row][vc_column][vc_column_text] Lorsque vous ouvrez la porte \u00e0 I.C.O.N., vous trouverez 8 logos : EcoTECH (marque d\u00e9pos\u00e9e de la marque) : Color-Safe, Anti-Agers, Anti-Oxydants, Sans Sulfate, Sans Paraben, ACE de Vitamines","og_url":"https:\/\/iconproducts.com\/fr\/forbes-interviews-jorge-rubin\/","og_site_name":"I.C.O.N. Products","article_publisher":"https:\/\/www.facebook.com\/iconproducts.spain","article_modified_time":"2020-01-30T16:45:21+00:00","og_image":[{"width":1920,"height":1080,"url":"https:\/\/iconproducts.com\/wp-content\/uploads\/2018\/10\/forbes-icon-prodcust-jorge-rubin-01.jpg","type":"image\/jpeg"}],"twitter_card":"summary_large_image","schema":{"@context":"https:\/\/schema.org","@graph":[{"@type":"WebPage","@id":"https:\/\/iconproducts.com\/fr\/forbes-interviews-jorge-rubin\/","url":"https:\/\/iconproducts.com\/fr\/forbes-interviews-jorge-rubin\/","name":"Interviews de Forbes avec Jorge Rub\u00edn | I.C.O.N. Products","isPartOf":{"@id":"https:\/\/iconproducts.com\/es\/#website"},"primaryImageOfPage":{"@id":"https:\/\/iconproducts.com\/fr\/forbes-interviews-jorge-rubin\/#primaryimage"},"image":{"@id":"https:\/\/iconproducts.com\/fr\/forbes-interviews-jorge-rubin\/#primaryimage"},"thumbnailUrl":"https:\/\/iconproducts.com\/wp-content\/uploads\/2018\/10\/forbes-icon-prodcust-jorge-rubin-01.jpg","datePublished":"2018-10-10T09:57:38+00:00","dateModified":"2020-01-30T16:45:21+00:00","breadcrumb":{"@id":"https:\/\/iconproducts.com\/fr\/forbes-interviews-jorge-rubin\/#breadcrumb"},"inLanguage":"fr-FR","potentialAction":[{"@type":"ReadAction","target":["https:\/\/iconproducts.com\/fr\/forbes-interviews-jorge-rubin\/"]}]},{"@type":"ImageObject","inLanguage":"fr-FR","@id":"https:\/\/iconproducts.com\/fr\/forbes-interviews-jorge-rubin\/#primaryimage","url":"https:\/\/iconproducts.com\/wp-content\/uploads\/2018\/10\/forbes-icon-prodcust-jorge-rubin-01.jpg","contentUrl":"https:\/\/iconproducts.com\/wp-content\/uploads\/2018\/10\/forbes-icon-prodcust-jorge-rubin-01.jpg","width":1920,"height":1080,"caption":"Jorge Rub\u00edn, fundador de I.C.O.N. Products en Forbes"},{"@type":"BreadcrumbList","@id":"https:\/\/iconproducts.com\/fr\/forbes-interviews-jorge-rubin\/#breadcrumb","itemListElement":[{"@type":"ListItem","position":1,"name":"I.C.O.N. Products","item":"https:\/\/iconproducts.com\/fr\/"},{"@type":"ListItem","position":2,"name":"Interviews de Forbes avec Jorge Rub\u00edn"}]},{"@type":"WebSite","@id":"https:\/\/iconproducts.com\/es\/#website","url":"https:\/\/iconproducts.com\/es\/","name":"I.C.O.N. Products","description":"Productos de peluquer\u00eda","publisher":{"@id":"https:\/\/iconproducts.com\/es\/#organization"},"potentialAction":[{"@type":"SearchAction","target":{"@type":"EntryPoint","urlTemplate":"https:\/\/iconproducts.com\/es\/?s={search_term_string}"},"query-input":{"@type":"PropertyValueSpecification","valueRequired":true,"valueName":"search_term_string"}}],"inLanguage":"fr-FR"},{"@type":"Organization","@id":"https:\/\/iconproducts.com\/es\/#organization","name":"I.C.O.N. Products","url":"https:\/\/iconproducts.com\/es\/","logo":{"@type":"ImageObject","inLanguage":"fr-FR","@id":"https:\/\/iconproducts.com\/es\/#\/schema\/logo\/image\/","url":"https:\/\/iconproducts.com\/wp-content\/uploads\/2018\/08\/logo-icon-1.jpg","contentUrl":"https:\/\/iconproducts.com\/wp-content\/uploads\/2018\/08\/logo-icon-1.jpg","width":1000,"height":1000,"caption":"I.C.O.N. Products"},"image":{"@id":"https:\/\/iconproducts.com\/es\/#\/schema\/logo\/image\/"},"sameAs":["https:\/\/www.facebook.com\/iconproducts.spain","https:\/\/www.instagram.com\/iconspain\/","https:\/\/www.youtube.com\/channel\/UCw0myea3fiZRsj72sNBnMqQ"]}]}},"_links":{"self":[{"href":"https:\/\/iconproducts.com\/fr\/wp-json\/wp\/v2\/pages\/39013","targetHints":{"allow":["GET"]}}],"collection":[{"href":"https:\/\/iconproducts.com\/fr\/wp-json\/wp\/v2\/pages"}],"about":[{"href":"https:\/\/iconproducts.com\/fr\/wp-json\/wp\/v2\/types\/page"}],"author":[{"embeddable":true,"href":"https:\/\/iconproducts.com\/fr\/wp-json\/wp\/v2\/users\/1"}],"replies":[{"embeddable":true,"href":"https:\/\/iconproducts.com\/fr\/wp-json\/wp\/v2\/comments?post=39013"}],"version-history":[{"count":1,"href":"https:\/\/iconproducts.com\/fr\/wp-json\/wp\/v2\/pages\/39013\/revisions"}],"predecessor-version":[{"id":39015,"href":"https:\/\/iconproducts.com\/fr\/wp-json\/wp\/v2\/pages\/39013\/revisions\/39015"}],"wp:featuredmedia":[{"embeddable":true,"href":"https:\/\/iconproducts.com\/fr\/wp-json\/wp\/v2\/media\/45166"}],"wp:attachment":[{"href":"https:\/\/iconproducts.com\/fr\/wp-json\/wp\/v2\/media?parent=39013"}],"wp:term":[{"taxonomy":"post_tag","embeddable":true,"href":"https:\/\/iconproducts.com\/fr\/wp-json\/wp\/v2\/tags?post=39013"},{"taxonomy":"wf_page_folders","embeddable":true,"href":"https:\/\/iconproducts.com\/fr\/wp-json\/wp\/v2\/wf_page_folders?post=39013"}],"curies":[{"name":"wp","href":"https:\/\/api.w.org\/{rel}","templated":true}]}}