{"id":48566,"date":"2019-09-26T11:48:18","date_gmt":"2019-09-26T11:48:18","guid":{"rendered":"https:\/\/iconproducts.com\/vogue-belleza-entrevista-a-chiara\/"},"modified":"2020-01-30T16:41:27","modified_gmt":"2020-01-30T16:41:27","slug":"vogue-belleza-interviews-chiara","status":"publish","type":"page","link":"https:\/\/iconproducts.com\/fr\/vogue-belleza-interviews-chiara\/","title":{"rendered":"Vogue Belleza s&rsquo;entretient avec Chiara"},"content":{"rendered":"<p>[vc_row][vc_column]<div class=\"dfd-spacer-module\"  data-units=\"px\" data-wide_resolution=\"1280\" data-wide_size=\"51\" data-normal_resolution=\"1024\" data-normal_size=\"51\" data-tablet_resolution=\"800\" data-tablet_size=\"51\" data-mobile_resolution=\"480\" data-mobile_size=\"51\" style=\"height: 51px;\"><\/div><div class=\"dfd-heading-shortcode\"><div class=\"dfd-heading-module-wrap  text-center style_01 dfd-heading-69d18cb29aa2e dfd-disable-resposive-headings\" id=\"dfd-heading-69d18cb29aa2e\" ><div class=\"inline-block\"><div class=\"dfd-heading-module\"><h1 class=\"widget-title dfd-title \" style=\"\"><strong>Vogue<\/strong> Belleza s&rsquo;entretient avec <strong>Chiara<\/strong><\/h1><div class=\"dfd-heading-delimiter\"><\/div><\/div><\/div><\/div><script type=\"text\/javascript\">\n\t\t\t\t\t\t\t\t\t(function($) {\n\t\t\t\t\t\t\t\t\t\t$(\"head\").append(\"<style>.dfd-heading-69d18cb29aa2e.dfd-heading-module-wrap .dfd-heading-module .dfd-heading-delimiter {border-bottom-style:solid;border-bottom-width:1px;width:100px;border-bottom-color:#dddddd;}.dfd-heading-69d18cb29aa2e.dfd-heading-module-wrap .dfd-heading-module .dfd-heading-delimiter {margin-top:10px;margin-bottom:10px;}<\/style>\");\n\t\t\t\t\t\t\t\t\t})(jQuery);\n\t\t\t\t\t\t\t\t<\/script><\/div><div class=\"dfd-spacer-module\"  data-units=\"px\" data-wide_resolution=\"1280\" data-wide_size=\"30\" data-normal_resolution=\"1024\" data-normal_size=\"30\" data-tablet_resolution=\"800\" data-tablet_size=\"30\" data-mobile_resolution=\"480\" data-mobile_size=\"30\" style=\"height: 30px;\"><\/div>[vc_column_text]<\/p>\n<p style=\"text-align: center;\"><strong>L&rsquo;avenir de la coiffure<\/strong>. Cofondatrice d&rsquo;<strong>I.C.O.N.<\/strong>, <strong>Chiara<\/strong> explique comment la marque est devenue l&rsquo;une des entreprises de r\u00e9f\u00e9rence en mati\u00e8re de produits coiffants naturels et biologiques.<\/p>\n<p>[\/vc_column_text]<div class=\"dfd-spacer-module\"  data-units=\"px\" data-wide_resolution=\"1280\" data-wide_size=\"51\" data-normal_resolution=\"1024\" data-normal_size=\"51\" data-tablet_resolution=\"800\" data-tablet_size=\"51\" data-mobile_resolution=\"480\" data-mobile_size=\"51\" style=\"height: 51px;\"><\/div>[\/vc_column][\/vc_row][vc_row][vc_column width=\u00a0\u00bb1\/2&Prime;][vc_single_image image=\u00a0\u00bb48560&Prime; img_size=\u00a0\u00bbfull\u00a0\u00bb alignment=\u00a0\u00bbcenter\u00a0\u00bb]<div class=\"dfd-spacer-module\"  data-units=\"px\" data-wide_resolution=\"1280\" data-wide_size=\"51\" data-normal_resolution=\"1024\" data-normal_size=\"51\" data-tablet_resolution=\"800\" data-tablet_size=\"51\" data-mobile_resolution=\"480\" data-mobile_size=\"51\" style=\"height: 51px;\"><\/div>[\/vc_column][vc_column width=\u00a0\u00bb1\/2&Prime;][vc_single_image image=\u00a0\u00bb48552&Prime; img_size=\u00a0\u00bbfull\u00a0\u00bb alignment=\u00a0\u00bbcenter\u00a0\u00bb]<div class=\"dfd-spacer-module\"  data-units=\"px\" data-wide_resolution=\"1280\" data-wide_size=\"51\" data-normal_resolution=\"1024\" data-normal_size=\"51\" data-tablet_resolution=\"800\" data-tablet_size=\"51\" data-mobile_resolution=\"480\" data-mobile_size=\"51\" style=\"height: 51px;\"><\/div>[\/vc_column][\/vc_row][vc_row][vc_column][vc_column_text]<\/p>\n<h6>POURQUOI AVEZ-VOUS D\u00c9CID\u00c9 DE CR\u00c9ER VOTRE PROPRE MARQUE DE SOINS CAPILLAIRES ?<\/h6>\n<p>J&rsquo;ai toujours trouv\u00e9 une passion dans la recherche et le d\u00e9veloppement de produits et j&rsquo;ai voulu cr\u00e9er une marque qui a \u00e9t\u00e9 con\u00e7ue pour donner les meilleurs outils pour les consommateurs ; qui leur donnerait des cheveux de qualit\u00e9, tout en utilisant des ingr\u00e9dients qui non seulement am\u00e9lioreraient leur condition mais leur donneraient de la polyvalence dans le style.<\/p>\n<h6>QU&rsquo;EST-CE QUI DISTINGUE I.C.O.N. DES AUTRES MARQUES DE SOINS CAPILLAIRES ET DE COIFFURE ?<\/h6>\n<p>Tous nos produits sont test\u00e9s sur les cheveux de personnes r\u00e9elles avant d&rsquo;entrer sur le march\u00e9 et, \u00e9galement, pour l&rsquo;\u00e9laboration, nous utilisons uniquement des ingr\u00e9dients qui sont biod\u00e9gradables avec des ressources durables.<\/p>\n<h6>\u2028\u2028DANS I.C.O.N. VOUS PARLEZ DU STYLE INFLUENT COMME D&rsquo;UN CONCEPT FONDAMENTAL. DE QUOI S&rsquo;AGIT-IL EXACTEMENT ?<\/h6>\n<p>Le style est bien plus que de suivre les tendances. Il s&rsquo;agit d&rsquo;une attitude, d&rsquo;un mode de vie et de la fa\u00e7on dont vous partagez votre histoire personnelle avec le monde. Nos outils liquides sont con\u00e7us pour cr\u00e9er la mode capillaire, vous donnant la flexibilit\u00e9 d&rsquo;obtenir le look influent que vous d\u00e9sirez en ce moment.<\/p>\n<h6>QU&rsquo;EST-CE QUI VOUS PLA\u00ceT LE PLUS DANS LE PROCESSUS DE CR\u00c9ATION D&rsquo;UN PRODUIT ?<\/h6>\n<p>En jouant avec des ingr\u00e9dients nouveaux et innovants, tels que les huiles brutes et biologiques, l&rsquo;alo\u00e8s purifi\u00e9 et les eaux de coco, la couleur naturelle et sans ammoniaque des cheveux, fusionn\u00e9s avec une perc\u00e9e dans la nouvelle technologie.<\/p>\n<h6>ET, QUELLE EST LA PARTIE LA PLUS DIFFICILE ?<\/h6>\n<p>La partie la plus difficile ou la plus frustrante est le temps qu&rsquo;il faut pour cr\u00e9er un produit et constater qu&rsquo;il ne r\u00e9pond pas \u00e0 mes normes ou ne passe pas les tests de stabilit\u00e9 et de compatibilit\u00e9. Cela me renvoie au laboratoire pour recommencer \u00e0 z\u00e9ro alors que je recherche la perfection et la performance dans chaque formulation.<\/p>\n<h6><strong>QUELLES SONT LES DERNI\u00c8RES TENDANCES EN MATI\u00c8RE DE PRODUITS COIFFANTS ?<\/strong><\/h6>\n<p>Nos produits ont toujours \u00e9t\u00e9 ax\u00e9s sur les soins et la derni\u00e8re tendance est le bien-\u00eatre. Il est important que vous commenciez par utiliser des ingr\u00e9dients propres, naturels et biologiques, qui sont \u00e9galement d\u00e9riv\u00e9s de fa\u00e7on durable et responsable, car c&rsquo;est ce que le consommateur d&rsquo;aujourd&rsquo;hui recherche. La premi\u00e8re chose qu&rsquo;ils font est de retourner les produits et de lire les ingr\u00e9dients.[\/vc_column_text][\/vc_column][\/vc_row][vc_row][vc_column]<div class=\"dfd-spacer-module\"  data-units=\"px\" data-wide_resolution=\"1280\" data-wide_size=\"51\" data-normal_resolution=\"1024\" data-normal_size=\"51\" data-tablet_resolution=\"800\" data-tablet_size=\"51\" data-mobile_resolution=\"480\" data-mobile_size=\"51\" style=\"height: 51px;\"><\/div>[\/vc_column][\/vc_row][vc_row][vc_column]<div id=\"dfd-button-69d18cb29ac99\" class=\"dfd-button-module-wrap dfd-button-69d18cb29ac99\"><div class=\"dfd-button-module  style_3 dfd-button-full-width text-center dfd-horizontal dfd-top-to-bottom dfd-button-icon-left dfd-button-icon-hover-simple\" ><a href=\"https:\/\/iconproducts.com\/fr\/entrevistas-a-chiara\/\"title=\"Retour\" class=\"dfd-button-link\"><span class=\"dfd-button-inner-cover\"><span class=\"dfd-button-text-main\"><i class=\"dfd-icon-right_6\"><\/i>Retour<\/span><\/span><\/a><\/div><script type=\"text\/javascript\">\n\t\t\t\t\t\t\t\t\t(function($) {$(\"head\").append(\"<style>#dfd-button-69d18cb29ac99.dfd-button-module-wrap .dfd-button-module .dfd-button-link .dfd-button-inner-cover span i, .dfd-button-69d18cb29ac99.dfd-button-module-wrap .dfd-button-module .dfd-button-link .dfd-button-inner-cover span i {font-size: 18px;}#dfd-button-69d18cb29ac99.dfd-button-module-wrap .dfd-button-module .dfd-button-link .dfd-button-inner-cover .dfd-button-text-main,.dfd-button-69d18cb29ac99.dfd-button-module-wrap .dfd-button-module .dfd-button-link .dfd-button-inner-cover .dfd-button-text-main {color: #ffffff}#dfd-button-69d18cb29ac99.dfd-button-module-wrap .dfd-button-module .dfd-button-link .dfd-button-inner-cover,.dfd-button-69d18cb29ac99.dfd-button-module-wrap .dfd-button-module .dfd-button-link .dfd-button-border-decoration,.dfd-button-69d18cb29ac99.dfd-button-module-wrap .dfd-button-module .dfd-button-link .dfd-button-inner-cover {border-radius:2px;}#dfd-button-69d18cb29ac99.dfd-button-module-wrap .dfd-button-module:not(.style_4) .dfd-button-link .dfd-button-inner-cover:before,#dfd-button-69d18cb29ac99.dfd-button-module-wrap .dfd-button-module.style_4 .dfd-button-link .dfd-button-inner-cover:after,#dfd-button-69d18cb29ac99.dfd-button-module-wrap .dfd-button-module.style_6 .dfd-button-link .dfd-button-inner-cover .dfd-button-text-main,.dfd-button-69d18cb29ac99.dfd-button-module-wrap .dfd-button-module:not(.style_4) .dfd-button-link .dfd-button-inner-cover:before,.dfd-button-69d18cb29ac99.dfd-button-module-wrap .dfd-button-module.style_4 .dfd-button-link .dfd-button-inner-cover:after,.dfd-button-69d18cb29ac99.dfd-button-module-wrap .dfd-button-module.style_6 .dfd-button-link .dfd-button-inner-cover .dfd-button-text-main {background: #1b1b1b;border-style:none;border-width:1px;border-radius:2px;border-color:#1b1b1b;}#dfd-button-69d18cb29ac99.dfd-button-module-wrap .dfd-button-module:not(.style_6) .dfd-button-link:hover .dfd-button-inner-cover .dfd-button-text-main,#dfd-button-69d18cb29ac99.dfd-button-module-wrap .dfd-button-module .dfd-button-link .dfd-button-inner-cover .dfd-button-text-hover,.dfd-button-69d18cb29ac99.dfd-button-module-wrap .dfd-button-module:not(.style_6) .dfd-button-link:hover .dfd-button-inner-cover .dfd-button-text-main,.dfd-button-69d18cb29ac99.dfd-button-module-wrap .dfd-button-module .dfd-button-link .dfd-button-inner-cover .dfd-button-text-hover {color: #000000;}#dfd-button-69d18cb29ac99.dfd-button-module-wrap .dfd-button-module .dfd-button-link:hover .dfd-button-inner-cover,.dfd-button-69d18cb29ac99.dfd-button-module-wrap .dfd-button-module .dfd-button-link:hover .dfd-button-border-decoration,.dfd-button-69d18cb29ac99.dfd-button-module-wrap .dfd-button-module .dfd-button-link:hover .dfd-button-inner-cover {border-radius:2px;}#dfd-button-69d18cb29ac99.dfd-button-module-wrap .dfd-button-module:not(.style_4) .dfd-button-link .dfd-button-inner-cover:after,#dfd-button-69d18cb29ac99.dfd-button-module-wrap .dfd-button-module.style_4 .dfd-button-link .dfd-button-inner-cover:before,#dfd-button-69d18cb29ac99.dfd-button-module-wrap .dfd-button-module .dfd-button-link .dfd-button-inner-cover .dfd-button-text-hover .dfd-button-69d18cb29ac99.dfd-button-module-wrap .dfd-button-module:not(.style_4) .dfd-button-link .dfd-button-inner-cover:after,.dfd-button-69d18cb29ac99.dfd-button-module-wrap .dfd-button-module.style_4 .dfd-button-link .dfd-button-inner-cover:before,.dfd-button-69d18cb29ac99.dfd-button-module-wrap .dfd-button-module .dfd-button-link .dfd-button-inner-cover .dfd-button-text-hover {background: #ffffff;border-style:solid;border-width:1px;border-radius:2px;border-color:#000000;}#dfd-button-69d18cb29ac99.dfd-button-module-wrap .dfd-button-module.style_3 .dfd-button-link:hover .dfd-button-inner-cover:before,#dfd-button-69d18cb29ac99.dfd-button-module-wrap .dfd-button-module.style_4 .dfd-button-link:hover .dfd-button-inner-cover:before,.dfd-button-69d18cb29ac99.dfd-button-module-wrap .dfd-button-module.style_3 .dfd-button-link:hover .dfd-button-inner-cover:before,.dfd-button-69d18cb29ac99.dfd-button-module-wrap .dfd-button-module.style_4 .dfd-button-link:hover .dfd-button-inner-cover:before {border-style:solid;border-width:1px;border-radius:2px;border-color:#000000;}#dfd-button-69d18cb29ac99.dfd-button-module-wrap .dfd-button-module .dfd-button-link .dfd-button-inner-cover .dfd-button-text-main i,.dfd-button-69d18cb29ac99.dfd-button-module-wrap .dfd-button-module .dfd-button-link .dfd-button-inner-cover .dfd-button-text-main i {color: #ffffff;}#dfd-button-69d18cb29ac99.dfd-button-module-wrap .dfd-button-module .dfd-button-link:hover .dfd-button-inner-cover .dfd-button-text-main i,.dfd-button-69d18cb29ac99.dfd-button-module-wrap .dfd-button-module .dfd-button-link:hover .dfd-button-inner-cover .dfd-button-text-main i {color: #3b55e6;}<\/style>\")\n\t\t\t\t\t\t\t\t\t})(jQuery);\n\t\t\t\t\t\t\t\t<\/script><\/div><div class=\"dfd-spacer-module\"  data-units=\"px\" data-wide_resolution=\"1280\" data-wide_size=\"51\" data-normal_resolution=\"1024\" data-normal_size=\"51\" data-tablet_resolution=\"800\" data-tablet_size=\"51\" data-mobile_resolution=\"480\" data-mobile_size=\"51\" style=\"height: 51px;\"><\/div><div class=\"dfd-spacer-module\"  data-units=\"px\" data-wide_resolution=\"1280\" data-wide_size=\"51\" data-normal_resolution=\"1024\" data-normal_size=\"51\" data-tablet_resolution=\"800\" data-tablet_size=\"51\" data-mobile_resolution=\"480\" data-mobile_size=\"51\" style=\"height: 51px;\"><\/div>[\/vc_column][\/vc_row]<\/p>\n","protected":false},"excerpt":{"rendered":"<p>[vc_row][vc_column][vc_column_text] L&rsquo;avenir de la coiffure. Cofondatrice d&rsquo;I.C.O.N., Chiara explique comment la marque est devenue l&rsquo;une des entreprises de r\u00e9f\u00e9rence en mati\u00e8re de produits coiffants naturels et biologiques. [\/vc_column_text][\/vc_column][\/vc_row][vc_row][vc_column width=\u00a0\u00bb1\/2&Prime;][vc_single_image image=\u00a0\u00bb48560&Prime;<\/p>\n","protected":false},"author":1,"featured_media":48560,"parent":0,"menu_order":0,"comment_status":"closed","ping_status":"closed","template":"","meta":{"_acf_changed":false,"footnotes":""},"tags":[],"wf_page_folders":[],"class_list":["post-48566","page","type-page","status-publish","has-post-thumbnail","hentry"],"acf":[],"yoast_head":"<!-- This site is optimized with the Yoast SEO plugin v27.0 - https:\/\/yoast.com\/product\/yoast-seo-wordpress\/ -->\n<title>Vogue Belleza s&#039;entretient avec Chiara | I.C.O.N. Products<\/title>\n<meta name=\"robots\" content=\"index, follow, max-snippet:-1, max-image-preview:large, max-video-preview:-1\" \/>\n<link rel=\"canonical\" href=\"https:\/\/iconproducts.com\/fr\/vogue-belleza-interviews-chiara\/\" \/>\n<meta property=\"og:locale\" content=\"fr_FR\" \/>\n<meta property=\"og:type\" content=\"article\" \/>\n<meta property=\"og:title\" content=\"Vogue Belleza s&#039;entretient avec Chiara | I.C.O.N. Products\" \/>\n<meta property=\"og:description\" content=\"[vc_row][vc_column][vc_column_text] L&rsquo;avenir de la coiffure. Cofondatrice d&rsquo;I.C.O.N., Chiara explique comment la marque est devenue l&rsquo;une des entreprises de r\u00e9f\u00e9rence en mati\u00e8re de produits coiffants naturels et biologiques. [\/vc_column_text][\/vc_column][\/vc_row][vc_row][vc_column width=\u00a0\u00bb1\/2&Prime;][vc_single_image image=\u00a0\u00bb48560&Prime;\" \/>\n<meta property=\"og:url\" content=\"https:\/\/iconproducts.com\/fr\/vogue-belleza-interviews-chiara\/\" \/>\n<meta property=\"og:site_name\" content=\"I.C.O.N. Products\" \/>\n<meta property=\"article:publisher\" content=\"https:\/\/www.facebook.com\/iconproducts.spain\" \/>\n<meta property=\"article:modified_time\" content=\"2020-01-30T16:41:27+00:00\" \/>\n<meta property=\"og:image\" content=\"https:\/\/iconproducts.com\/wp-content\/uploads\/2019\/09\/entrevista-chiara-vogue-03.jpg\" \/>\n\t<meta property=\"og:image:width\" content=\"1200\" \/>\n\t<meta property=\"og:image:height\" content=\"675\" \/>\n\t<meta property=\"og:image:type\" content=\"image\/jpeg\" \/>\n<meta name=\"twitter:card\" content=\"summary_large_image\" \/>\n<script type=\"application\/ld+json\" class=\"yoast-schema-graph\">{\"@context\":\"https:\/\/schema.org\",\"@graph\":[{\"@type\":\"WebPage\",\"@id\":\"https:\/\/iconproducts.com\/fr\/vogue-belleza-interviews-chiara\/\",\"url\":\"https:\/\/iconproducts.com\/fr\/vogue-belleza-interviews-chiara\/\",\"name\":\"Vogue Belleza s'entretient avec Chiara | I.C.O.N. Products\",\"isPartOf\":{\"@id\":\"https:\/\/iconproducts.com\/es\/#website\"},\"primaryImageOfPage\":{\"@id\":\"https:\/\/iconproducts.com\/fr\/vogue-belleza-interviews-chiara\/#primaryimage\"},\"image\":{\"@id\":\"https:\/\/iconproducts.com\/fr\/vogue-belleza-interviews-chiara\/#primaryimage\"},\"thumbnailUrl\":\"https:\/\/iconproducts.com\/wp-content\/uploads\/2019\/09\/entrevista-chiara-vogue-03.jpg\",\"datePublished\":\"2019-09-26T11:48:18+00:00\",\"dateModified\":\"2020-01-30T16:41:27+00:00\",\"breadcrumb\":{\"@id\":\"https:\/\/iconproducts.com\/fr\/vogue-belleza-interviews-chiara\/#breadcrumb\"},\"inLanguage\":\"fr-FR\",\"potentialAction\":[{\"@type\":\"ReadAction\",\"target\":[\"https:\/\/iconproducts.com\/fr\/vogue-belleza-interviews-chiara\/\"]}]},{\"@type\":\"ImageObject\",\"inLanguage\":\"fr-FR\",\"@id\":\"https:\/\/iconproducts.com\/fr\/vogue-belleza-interviews-chiara\/#primaryimage\",\"url\":\"https:\/\/iconproducts.com\/wp-content\/uploads\/2019\/09\/entrevista-chiara-vogue-03.jpg\",\"contentUrl\":\"https:\/\/iconproducts.com\/wp-content\/uploads\/2019\/09\/entrevista-chiara-vogue-03.jpg\",\"width\":1200,\"height\":675},{\"@type\":\"BreadcrumbList\",\"@id\":\"https:\/\/iconproducts.com\/fr\/vogue-belleza-interviews-chiara\/#breadcrumb\",\"itemListElement\":[{\"@type\":\"ListItem\",\"position\":1,\"name\":\"I.C.O.N. Products\",\"item\":\"https:\/\/iconproducts.com\/fr\/\"},{\"@type\":\"ListItem\",\"position\":2,\"name\":\"Vogue Belleza s&rsquo;entretient avec Chiara\"}]},{\"@type\":\"WebSite\",\"@id\":\"https:\/\/iconproducts.com\/es\/#website\",\"url\":\"https:\/\/iconproducts.com\/es\/\",\"name\":\"I.C.O.N. Products\",\"description\":\"Productos de peluquer\u00eda\",\"publisher\":{\"@id\":\"https:\/\/iconproducts.com\/es\/#organization\"},\"potentialAction\":[{\"@type\":\"SearchAction\",\"target\":{\"@type\":\"EntryPoint\",\"urlTemplate\":\"https:\/\/iconproducts.com\/es\/?s={search_term_string}\"},\"query-input\":{\"@type\":\"PropertyValueSpecification\",\"valueRequired\":true,\"valueName\":\"search_term_string\"}}],\"inLanguage\":\"fr-FR\"},{\"@type\":\"Organization\",\"@id\":\"https:\/\/iconproducts.com\/es\/#organization\",\"name\":\"I.C.O.N. Products\",\"url\":\"https:\/\/iconproducts.com\/es\/\",\"logo\":{\"@type\":\"ImageObject\",\"inLanguage\":\"fr-FR\",\"@id\":\"https:\/\/iconproducts.com\/es\/#\/schema\/logo\/image\/\",\"url\":\"https:\/\/iconproducts.com\/wp-content\/uploads\/2018\/08\/logo-icon-1.jpg\",\"contentUrl\":\"https:\/\/iconproducts.com\/wp-content\/uploads\/2018\/08\/logo-icon-1.jpg\",\"width\":1000,\"height\":1000,\"caption\":\"I.C.O.N. Products\"},\"image\":{\"@id\":\"https:\/\/iconproducts.com\/es\/#\/schema\/logo\/image\/\"},\"sameAs\":[\"https:\/\/www.facebook.com\/iconproducts.spain\",\"https:\/\/www.instagram.com\/iconspain\/\",\"https:\/\/www.youtube.com\/channel\/UCw0myea3fiZRsj72sNBnMqQ\"]}]}<\/script>\n<!-- \/ Yoast SEO plugin. -->","yoast_head_json":{"title":"Vogue Belleza s'entretient avec Chiara | I.C.O.N. Products","robots":{"index":"index","follow":"follow","max-snippet":"max-snippet:-1","max-image-preview":"max-image-preview:large","max-video-preview":"max-video-preview:-1"},"canonical":"https:\/\/iconproducts.com\/fr\/vogue-belleza-interviews-chiara\/","og_locale":"fr_FR","og_type":"article","og_title":"Vogue Belleza s'entretient avec Chiara | I.C.O.N. Products","og_description":"[vc_row][vc_column][vc_column_text] L&rsquo;avenir de la coiffure. Cofondatrice d&rsquo;I.C.O.N., Chiara explique comment la marque est devenue l&rsquo;une des entreprises de r\u00e9f\u00e9rence en mati\u00e8re de produits coiffants naturels et biologiques. [\/vc_column_text][\/vc_column][\/vc_row][vc_row][vc_column width=\u00a0\u00bb1\/2&Prime;][vc_single_image image=\u00a0\u00bb48560&Prime;","og_url":"https:\/\/iconproducts.com\/fr\/vogue-belleza-interviews-chiara\/","og_site_name":"I.C.O.N. Products","article_publisher":"https:\/\/www.facebook.com\/iconproducts.spain","article_modified_time":"2020-01-30T16:41:27+00:00","og_image":[{"width":1200,"height":675,"url":"https:\/\/iconproducts.com\/wp-content\/uploads\/2019\/09\/entrevista-chiara-vogue-03.jpg","type":"image\/jpeg"}],"twitter_card":"summary_large_image","schema":{"@context":"https:\/\/schema.org","@graph":[{"@type":"WebPage","@id":"https:\/\/iconproducts.com\/fr\/vogue-belleza-interviews-chiara\/","url":"https:\/\/iconproducts.com\/fr\/vogue-belleza-interviews-chiara\/","name":"Vogue Belleza s'entretient avec Chiara | I.C.O.N. Products","isPartOf":{"@id":"https:\/\/iconproducts.com\/es\/#website"},"primaryImageOfPage":{"@id":"https:\/\/iconproducts.com\/fr\/vogue-belleza-interviews-chiara\/#primaryimage"},"image":{"@id":"https:\/\/iconproducts.com\/fr\/vogue-belleza-interviews-chiara\/#primaryimage"},"thumbnailUrl":"https:\/\/iconproducts.com\/wp-content\/uploads\/2019\/09\/entrevista-chiara-vogue-03.jpg","datePublished":"2019-09-26T11:48:18+00:00","dateModified":"2020-01-30T16:41:27+00:00","breadcrumb":{"@id":"https:\/\/iconproducts.com\/fr\/vogue-belleza-interviews-chiara\/#breadcrumb"},"inLanguage":"fr-FR","potentialAction":[{"@type":"ReadAction","target":["https:\/\/iconproducts.com\/fr\/vogue-belleza-interviews-chiara\/"]}]},{"@type":"ImageObject","inLanguage":"fr-FR","@id":"https:\/\/iconproducts.com\/fr\/vogue-belleza-interviews-chiara\/#primaryimage","url":"https:\/\/iconproducts.com\/wp-content\/uploads\/2019\/09\/entrevista-chiara-vogue-03.jpg","contentUrl":"https:\/\/iconproducts.com\/wp-content\/uploads\/2019\/09\/entrevista-chiara-vogue-03.jpg","width":1200,"height":675},{"@type":"BreadcrumbList","@id":"https:\/\/iconproducts.com\/fr\/vogue-belleza-interviews-chiara\/#breadcrumb","itemListElement":[{"@type":"ListItem","position":1,"name":"I.C.O.N. Products","item":"https:\/\/iconproducts.com\/fr\/"},{"@type":"ListItem","position":2,"name":"Vogue Belleza s&rsquo;entretient avec Chiara"}]},{"@type":"WebSite","@id":"https:\/\/iconproducts.com\/es\/#website","url":"https:\/\/iconproducts.com\/es\/","name":"I.C.O.N. Products","description":"Productos de peluquer\u00eda","publisher":{"@id":"https:\/\/iconproducts.com\/es\/#organization"},"potentialAction":[{"@type":"SearchAction","target":{"@type":"EntryPoint","urlTemplate":"https:\/\/iconproducts.com\/es\/?s={search_term_string}"},"query-input":{"@type":"PropertyValueSpecification","valueRequired":true,"valueName":"search_term_string"}}],"inLanguage":"fr-FR"},{"@type":"Organization","@id":"https:\/\/iconproducts.com\/es\/#organization","name":"I.C.O.N. Products","url":"https:\/\/iconproducts.com\/es\/","logo":{"@type":"ImageObject","inLanguage":"fr-FR","@id":"https:\/\/iconproducts.com\/es\/#\/schema\/logo\/image\/","url":"https:\/\/iconproducts.com\/wp-content\/uploads\/2018\/08\/logo-icon-1.jpg","contentUrl":"https:\/\/iconproducts.com\/wp-content\/uploads\/2018\/08\/logo-icon-1.jpg","width":1000,"height":1000,"caption":"I.C.O.N. Products"},"image":{"@id":"https:\/\/iconproducts.com\/es\/#\/schema\/logo\/image\/"},"sameAs":["https:\/\/www.facebook.com\/iconproducts.spain","https:\/\/www.instagram.com\/iconspain\/","https:\/\/www.youtube.com\/channel\/UCw0myea3fiZRsj72sNBnMqQ"]}]}},"_links":{"self":[{"href":"https:\/\/iconproducts.com\/fr\/wp-json\/wp\/v2\/pages\/48566","targetHints":{"allow":["GET"]}}],"collection":[{"href":"https:\/\/iconproducts.com\/fr\/wp-json\/wp\/v2\/pages"}],"about":[{"href":"https:\/\/iconproducts.com\/fr\/wp-json\/wp\/v2\/types\/page"}],"author":[{"embeddable":true,"href":"https:\/\/iconproducts.com\/fr\/wp-json\/wp\/v2\/users\/1"}],"replies":[{"embeddable":true,"href":"https:\/\/iconproducts.com\/fr\/wp-json\/wp\/v2\/comments?post=48566"}],"version-history":[{"count":0,"href":"https:\/\/iconproducts.com\/fr\/wp-json\/wp\/v2\/pages\/48566\/revisions"}],"wp:featuredmedia":[{"embeddable":true,"href":"https:\/\/iconproducts.com\/fr\/wp-json\/wp\/v2\/media\/48560"}],"wp:attachment":[{"href":"https:\/\/iconproducts.com\/fr\/wp-json\/wp\/v2\/media?parent=48566"}],"wp:term":[{"taxonomy":"post_tag","embeddable":true,"href":"https:\/\/iconproducts.com\/fr\/wp-json\/wp\/v2\/tags?post=48566"},{"taxonomy":"wf_page_folders","embeddable":true,"href":"https:\/\/iconproducts.com\/fr\/wp-json\/wp\/v2\/wf_page_folders?post=48566"}],"curies":[{"name":"wp","href":"https:\/\/api.w.org\/{rel}","templated":true}]}}