{"id":53819,"date":"2020-06-02T19:30:19","date_gmt":"2020-06-02T17:30:19","guid":{"rendered":"https:\/\/iconproducts.com\/?page_id=53819"},"modified":"2022-03-25T16:07:56","modified_gmt":"2022-03-25T15:07:56","slug":"express-treatments","status":"publish","type":"page","link":"https:\/\/iconproducts.com\/fr\/salon-treatments\/express-treatments\/","title":{"rendered":"Traitements Express"},"content":{"rendered":"<p>[vc_row][vc_column]<div class=\"dfd-heading-shortcode\"><div class=\"dfd-heading-module-wrap  text-center style_01 dfd-heading-69cffd9bf15bb dfd-disable-resposive-headings\" id=\"dfd-heading-69cffd9bf15bb\" ><div class=\"inline-block\"><div class=\"dfd-heading-module\"><h1 class=\"widget-title dfd-title \" style=\"\">Traitements express<\/h1><\/div><\/div><\/div><script type=\"text\/javascript\">\n\t\t\t\t\t\t\t\t\t(function($) {\n\t\t\t\t\t\t\t\t\t\t$(\"head\").append(\"<style>.dfd-heading-69cffd9bf15bb.dfd-heading-module-wrap .dfd-heading-module .dfd-heading-delimiter {margin-top:10px;margin-bottom:10px;}<\/style>\");\n\t\t\t\t\t\t\t\t\t})(jQuery);\n\t\t\t\t\t\t\t\t<\/script><\/div><div class=\"dfd-delimier-main-wrapper \" ><div id=\"dfd-delimiter-69cffd9bf16da-777\"  class=\"dfd-delimier-wrapper dfd-delimiter-with-text \"  style='text-align:left; ' ><span class=\"delim-center\">\n\t\t\t\t<span class=\"text dfd-content-title-small\" style=\"letter-spacing: 2px; \">traitements express<\/span>\n\t\t\t<\/span><script type=\"text\/javascript\">(function($) {$(\"head\").append(\"<style>#dfd-delimiter-69cffd9bf16da-777 .delim-center span:before, #dfd-delimiter-69cffd9bf16da-777 .delim-center span:after { border-bottom-style:dotted; height:1px; border-bottom-width:1px; margin-top: -0.5px; ; } <\/style>\");})(jQuery);<\/script><\/div><\/div><div class=\"dfd-spacer-module\"  data-units=\"px\" data-wide_resolution=\"1280\" data-wide_size=\"50\" data-normal_resolution=\"1024\" data-normal_size=\"50\" data-tablet_resolution=\"800\" data-tablet_size=\"50\" data-mobile_resolution=\"480\" data-mobile_size=\"50\" style=\"height: 50px;\"><\/div>[\/vc_column][\/vc_row][vc_row][vc_column][vc_row_inner][vc_column_inner width=\u00a0\u00bb1\/6&Prime;][\/vc_column_inner][vc_column_inner width=\u00a0\u00bb2\/3&Prime;][vc_column_text]<\/p>\n<p style=\"text-align: center;\">Les traitements sont indispensables pour des cheveux sains et le choix du traitement express appropri\u00e9 vous garantira les r\u00e9sultats attendus. Con\u00e7u lorsque le temps est compt\u00e9, pour une satisfaction instantan\u00e9e.<\/p>\n<p style=\"text-align: center;\">Qu\u2019il s\u2019agisse de combattre les frisottis, de donner du volume \u00e0 des cheveux fins, de corriger la couleur ou de soigner le cuir chevelu, les traitements instantan\u00e9s cr\u00e9eront l\u2019exp\u00e9rience.<\/p>\n<p>[\/vc_column_text][\/vc_column_inner][vc_column_inner width=\u00a0\u00bb1\/6&Prime;][\/vc_column_inner][\/vc_row_inner][\/vc_column][\/vc_row][vc_section][vc_row][vc_column width=\u00a0\u00bb1\/3&Prime;]<div id=\"idinfobox69cffd9bf179f\" class=\"dfd-info-box clearfix style-01 layout-01 icono-img idinfobox69cffd9bf179f text-center more-hover hover-up-icon\" ><div class=\"dfd-animate-container\"><div class=\"icon-wrapper\"><div class=\"module-icon\" ><div class=\"hover-layer\" ><\/div><img decoding=\"async\" src=\"https:\/\/iconproducts.com\/wp-content\/uploads\/2020\/06\/infusion.jpg\" alt=\"Image icon\" style=\"opacity: 1;\" \/><\/div><\/div><h6 class=\"info-box-title \" style=\"\">Infusion<\/h6><div class=\"info-box-subtitle subtitle\" style=\"\">Rem\u00e8de Hydratant<\/div><div class=\"description\" style=\"\"><\/div><div><div class=\"dfd-module-readmore\"><span class=\"read-more-07\"><i class=\"dfd-added-font-icon-right-open\"><\/i><\/span><\/div><\/div><a href=\"https:\/\/iconproducts.com\/fr\/regimedies\/treatments\/infusion\/\" title=\"Infusion\"  class=\"full-box-link\"><\/a><\/div><\/div>[\/vc_column][vc_column width=\u00a0\u00bb1\/3&Prime;]<div id=\"idinfobox69cffd9bf1a24\" class=\"dfd-info-box clearfix style-01 layout-01 icono-img idinfobox69cffd9bf1a24 text-center more-hover hover-up-icon\" ><div class=\"dfd-animate-container\"><div class=\"icon-wrapper\"><div class=\"module-icon\" ><div class=\"hover-layer\" ><\/div><img decoding=\"async\" src=\"https:\/\/iconproducts.com\/wp-content\/uploads\/2020\/06\/organic-treatment2020.jpg\" alt=\"Image icon\" style=\"opacity: 1;\" \/><\/div><\/div><h6 class=\"info-box-title \" style=\"\">Organic<\/h6><div class=\"info-box-subtitle subtitle\" style=\"\">Infusion de CBD<\/div><div class=\"description\" style=\"\"><\/div><div><div class=\"dfd-module-readmore\"><span class=\"read-more-07\"><i class=\"dfd-added-font-icon-right-open\"><\/i><\/span><\/div><\/div><a href=\"https:\/\/iconproducts.com\/fr\/regimedies\/treatments\/organic-treatment\/\" title=\"Organic Treatment\"  class=\"full-box-link\"><\/a><\/div><\/div>[\/vc_column][vc_column width=\u00a0\u00bb1\/3&Prime;]<div id=\"idinfobox69cffd9bf1bbe\" class=\"dfd-info-box clearfix style-01 layout-01 icono-img idinfobox69cffd9bf1bbe text-center more-hover hover-up-icon\" ><div class=\"dfd-animate-container\"><div class=\"icon-wrapper\"><div class=\"module-icon\" ><div class=\"hover-layer\" ><\/div><img decoding=\"async\" src=\"https:\/\/iconproducts.com\/wp-content\/uploads\/2020\/06\/cureconditioner-min.jpg\" alt=\"Image icon\" style=\"opacity: 1;\" \/><\/div><\/div><h6 class=\"info-box-title \" style=\"\">Cure<\/h6><div class=\"info-box-subtitle subtitle\" style=\"\">Healing Conditioner<\/div><div class=\"description\" style=\"\"><\/div><div><div class=\"dfd-module-readmore\"><span class=\"read-more-07\"><i class=\"dfd-added-font-icon-right-open\"><\/i><\/span><\/div><\/div><a href=\"https:\/\/iconproducts.com\/fr\/regimedies\/treatments\/cure\/\" title=\"Cure Conditioner\"  class=\"full-box-link\"><\/a><\/div><\/div>[\/vc_column][\/vc_row][vc_row][vc_column width=\u00a0\u00bb1\/4&Prime;]<div id=\"idinfobox69cffd9bf1dc1\" class=\"dfd-info-box clearfix style-01 layout-01 icono-img idinfobox69cffd9bf1dc1 text-center more-hover hover-up-icon\" ><div class=\"dfd-animate-container\"><div class=\"icon-wrapper\"><div class=\"module-icon\" ><div class=\"hover-layer\" ><\/div><img decoding=\"async\" src=\"https:\/\/iconproducts.com\/wp-content\/uploads\/2020\/03\/organic-cbdoil-iconproducts-premiomini.jpg\" alt=\"Image icon\" style=\"opacity: 1;\" \/><\/div><\/div><h6 class=\"info-box-title \" style=\"\">CBD 1000 Oil<\/h6><div class=\"info-box-subtitle subtitle\" style=\"\">Huiles biologiques<\/div><div class=\"description\" style=\"\"><\/div><div><div class=\"dfd-module-readmore\"><span class=\"read-more-07\"><i class=\"dfd-added-font-icon-right-open\"><\/i><\/span><\/div><\/div><a href=\"https:\/\/iconproducts.com\/fr\/regimedies\/treatments\/cbd-1000-oil\/\" title=\"CBD 1000 Oil\"  class=\"full-box-link\"><\/a><\/div><\/div>[\/vc_column][vc_column width=\u00a0\u00bb1\/4&Prime;]<div id=\"idinfobox69cffd9bf1f50\" class=\"dfd-info-box clearfix style-01 layout-01 icono-img idinfobox69cffd9bf1f50 text-center more-hover hover-up-icon\" ><div class=\"dfd-animate-container\"><div class=\"icon-wrapper\"><div class=\"module-icon\" ><div class=\"hover-layer\" ><\/div><img decoding=\"async\" src=\"https:\/\/iconproducts.com\/wp-content\/uploads\/2020\/06\/shift-1.jpg\" alt=\"Image icon\" style=\"opacity: 1;\" \/><\/div><\/div><h6 class=\"info-box-title \" style=\"\">Shift<\/h6><div class=\"info-box-subtitle subtitle\" style=\"\">Traitement Detox<\/div><div class=\"description\" style=\"\"><\/div><div><div class=\"dfd-module-readmore\"><span class=\"read-more-07\"><i class=\"dfd-added-font-icon-right-open\"><\/i><\/span><\/div><\/div><a href=\"https:\/\/iconproducts.com\/fr\/regimedies\/treatments\/shift\/\" title=\"Shift\"  class=\"full-box-link\"><\/a><\/div><\/div>[\/vc_column][vc_column width=\u00a0\u00bb1\/4&Prime;]<div id=\"idinfobox69cffd9bf20e3\" class=\"dfd-info-box clearfix style-01 layout-01 icono-img idinfobox69cffd9bf20e3 text-center more-hover hover-up-icon\" ><div class=\"dfd-animate-container\"><div class=\"icon-wrapper\"><div class=\"module-icon\" ><div class=\"hover-layer\" ><\/div><img decoding=\"async\" src=\"https:\/\/iconproducts.com\/wp-content\/uploads\/2020\/06\/antifrizz-conditioner.jpg\" alt=\"Image icon\" style=\"opacity: 1;\" \/><\/div><\/div><h6 class=\"info-box-title \" style=\"\">Anti-frizz<\/h6><div class=\"info-box-subtitle subtitle\" style=\"\">Conditionneur Anti-Frizz<\/div><div class=\"description\" style=\"\"><\/div><div><div class=\"dfd-module-readmore\"><span class=\"read-more-07\"><i class=\"dfd-added-font-icon-right-open\"><\/i><\/span><\/div><\/div><a href=\"https:\/\/iconproducts.com\/fr\/regimedies\/conditioners\/antifrizz-conditioner\/\" title=\"Anti-Frizz Conditioner\"  class=\"full-box-link\"><\/a><\/div><\/div>[\/vc_column][vc_column width=\u00a0\u00bb1\/4&Prime;]<div id=\"idinfobox69cffd9bf2263\" class=\"dfd-info-box clearfix style-01 layout-01 icono-img idinfobox69cffd9bf2263 text-center more-hover hover-up-icon\" ><div class=\"dfd-animate-container\"><div class=\"icon-wrapper\"><div class=\"module-icon\" ><div class=\"hover-layer\" ><\/div><img decoding=\"async\" src=\"https:\/\/iconproducts.com\/wp-content\/uploads\/2020\/06\/purelight-conditioner-min-1.jpg\" alt=\"Image icon\" style=\"opacity: 1;\" \/><\/div><\/div><h6 class=\"info-box-title \" style=\"\">Pure Light<\/h6><div class=\"info-box-subtitle subtitle\" style=\"\">Conditionneur toning<\/div><div class=\"description\" style=\"\"><\/div><div><div class=\"dfd-module-readmore\"><span class=\"read-more-07\"><i class=\"dfd-added-font-icon-right-open\"><\/i><\/span><\/div><\/div><a href=\"https:\/\/iconproducts.com\/fr\/regimedies\/conditioners\/pure-light-conditioner\/\" title=\"Pure Light Conditioner\"  class=\"full-box-link\"><\/a><\/div><\/div>[\/vc_column][\/vc_row][vc_row][vc_column]<div class=\"dfd-spacer-module\"  data-units=\"px\" data-wide_resolution=\"1280\" data-wide_size=\"100\" data-normal_resolution=\"1024\" data-normal_size=\"100\" data-tablet_resolution=\"800\" data-tablet_size=\"80\" data-mobile_resolution=\"480\" data-mobile_size=\"80\" style=\"height: 100px;\"><\/div>[\/vc_column][\/vc_row][\/vc_section]<\/p>\n","protected":false},"excerpt":{"rendered":"<p>[vc_row][vc_column][\/vc_column][\/vc_row][vc_row][vc_column][vc_row_inner][vc_column_inner width=\u00a0\u00bb1\/6&Prime;][\/vc_column_inner][vc_column_inner width=\u00a0\u00bb2\/3&Prime;][vc_column_text] Les traitements sont indispensables pour des cheveux sains et le choix du traitement express appropri\u00e9 vous garantira les r\u00e9sultats attendus. Con\u00e7u lorsque le temps est compt\u00e9, pour<\/p>\n","protected":false},"author":1,"featured_media":0,"parent":53817,"menu_order":0,"comment_status":"closed","ping_status":"closed","template":"","meta":{"_acf_changed":false,"footnotes":""},"tags":[],"wf_page_folders":[],"class_list":["post-53819","page","type-page","status-publish","hentry"],"acf":[],"yoast_head":"<!-- This site is optimized with the Yoast SEO plugin v27.0 - https:\/\/yoast.com\/product\/yoast-seo-wordpress\/ -->\n<title>Traitements Express | I.C.O.N. Products<\/title>\n<meta name=\"robots\" content=\"index, follow, max-snippet:-1, max-image-preview:large, max-video-preview:-1\" \/>\n<link rel=\"canonical\" href=\"https:\/\/iconproducts.com\/fr\/salon-treatments\/express-treatments\/\" \/>\n<meta property=\"og:locale\" content=\"fr_FR\" \/>\n<meta property=\"og:type\" content=\"article\" \/>\n<meta property=\"og:title\" content=\"Traitements Express | I.C.O.N. Products\" \/>\n<meta property=\"og:description\" content=\"[vc_row][vc_column][\/vc_column][\/vc_row][vc_row][vc_column][vc_row_inner][vc_column_inner width=\u00a0\u00bb1\/6&Prime;][\/vc_column_inner][vc_column_inner width=\u00a0\u00bb2\/3&Prime;][vc_column_text] Les traitements sont indispensables pour des cheveux sains et le choix du traitement express appropri\u00e9 vous garantira les r\u00e9sultats attendus. Con\u00e7u lorsque le temps est compt\u00e9, pour\" \/>\n<meta property=\"og:url\" content=\"https:\/\/iconproducts.com\/fr\/salon-treatments\/express-treatments\/\" \/>\n<meta property=\"og:site_name\" content=\"I.C.O.N. Products\" \/>\n<meta property=\"article:publisher\" content=\"https:\/\/www.facebook.com\/iconproducts.spain\" \/>\n<meta property=\"article:modified_time\" content=\"2022-03-25T15:07:56+00:00\" \/>\n<meta name=\"twitter:card\" content=\"summary_large_image\" \/>\n<script type=\"application\/ld+json\" class=\"yoast-schema-graph\">{\"@context\":\"https:\/\/schema.org\",\"@graph\":[{\"@type\":\"WebPage\",\"@id\":\"https:\/\/iconproducts.com\/fr\/salon-treatments\/express-treatments\/\",\"url\":\"https:\/\/iconproducts.com\/fr\/salon-treatments\/express-treatments\/\",\"name\":\"Traitements Express | I.C.O.N. Products\",\"isPartOf\":{\"@id\":\"https:\/\/iconproducts.com\/es\/#website\"},\"datePublished\":\"2020-06-02T17:30:19+00:00\",\"dateModified\":\"2022-03-25T15:07:56+00:00\",\"breadcrumb\":{\"@id\":\"https:\/\/iconproducts.com\/fr\/salon-treatments\/express-treatments\/#breadcrumb\"},\"inLanguage\":\"fr-FR\",\"potentialAction\":[{\"@type\":\"ReadAction\",\"target\":[\"https:\/\/iconproducts.com\/fr\/salon-treatments\/express-treatments\/\"]}]},{\"@type\":\"BreadcrumbList\",\"@id\":\"https:\/\/iconproducts.com\/fr\/salon-treatments\/express-treatments\/#breadcrumb\",\"itemListElement\":[{\"@type\":\"ListItem\",\"position\":1,\"name\":\"I.C.O.N. Products\",\"item\":\"https:\/\/iconproducts.com\/fr\/\"},{\"@type\":\"ListItem\",\"position\":2,\"name\":\"Salon Treatments\",\"item\":\"https:\/\/iconproducts.com\/fr\/salon-treatments\/\"},{\"@type\":\"ListItem\",\"position\":3,\"name\":\"Traitements Express\"}]},{\"@type\":\"WebSite\",\"@id\":\"https:\/\/iconproducts.com\/es\/#website\",\"url\":\"https:\/\/iconproducts.com\/es\/\",\"name\":\"I.C.O.N. Products\",\"description\":\"Productos de peluquer\u00eda\",\"publisher\":{\"@id\":\"https:\/\/iconproducts.com\/es\/#organization\"},\"potentialAction\":[{\"@type\":\"SearchAction\",\"target\":{\"@type\":\"EntryPoint\",\"urlTemplate\":\"https:\/\/iconproducts.com\/es\/?s={search_term_string}\"},\"query-input\":{\"@type\":\"PropertyValueSpecification\",\"valueRequired\":true,\"valueName\":\"search_term_string\"}}],\"inLanguage\":\"fr-FR\"},{\"@type\":\"Organization\",\"@id\":\"https:\/\/iconproducts.com\/es\/#organization\",\"name\":\"I.C.O.N. Products\",\"url\":\"https:\/\/iconproducts.com\/es\/\",\"logo\":{\"@type\":\"ImageObject\",\"inLanguage\":\"fr-FR\",\"@id\":\"https:\/\/iconproducts.com\/es\/#\/schema\/logo\/image\/\",\"url\":\"https:\/\/iconproducts.com\/wp-content\/uploads\/2018\/08\/logo-icon-1.jpg\",\"contentUrl\":\"https:\/\/iconproducts.com\/wp-content\/uploads\/2018\/08\/logo-icon-1.jpg\",\"width\":1000,\"height\":1000,\"caption\":\"I.C.O.N. Products\"},\"image\":{\"@id\":\"https:\/\/iconproducts.com\/es\/#\/schema\/logo\/image\/\"},\"sameAs\":[\"https:\/\/www.facebook.com\/iconproducts.spain\",\"https:\/\/www.instagram.com\/iconspain\/\",\"https:\/\/www.youtube.com\/channel\/UCw0myea3fiZRsj72sNBnMqQ\"]}]}<\/script>\n<!-- \/ Yoast SEO plugin. -->","yoast_head_json":{"title":"Traitements Express | I.C.O.N. Products","robots":{"index":"index","follow":"follow","max-snippet":"max-snippet:-1","max-image-preview":"max-image-preview:large","max-video-preview":"max-video-preview:-1"},"canonical":"https:\/\/iconproducts.com\/fr\/salon-treatments\/express-treatments\/","og_locale":"fr_FR","og_type":"article","og_title":"Traitements Express | I.C.O.N. Products","og_description":"[vc_row][vc_column][\/vc_column][\/vc_row][vc_row][vc_column][vc_row_inner][vc_column_inner width=\u00a0\u00bb1\/6&Prime;][\/vc_column_inner][vc_column_inner width=\u00a0\u00bb2\/3&Prime;][vc_column_text] Les traitements sont indispensables pour des cheveux sains et le choix du traitement express appropri\u00e9 vous garantira les r\u00e9sultats attendus. Con\u00e7u lorsque le temps est compt\u00e9, pour","og_url":"https:\/\/iconproducts.com\/fr\/salon-treatments\/express-treatments\/","og_site_name":"I.C.O.N. Products","article_publisher":"https:\/\/www.facebook.com\/iconproducts.spain","article_modified_time":"2022-03-25T15:07:56+00:00","twitter_card":"summary_large_image","schema":{"@context":"https:\/\/schema.org","@graph":[{"@type":"WebPage","@id":"https:\/\/iconproducts.com\/fr\/salon-treatments\/express-treatments\/","url":"https:\/\/iconproducts.com\/fr\/salon-treatments\/express-treatments\/","name":"Traitements Express | I.C.O.N. Products","isPartOf":{"@id":"https:\/\/iconproducts.com\/es\/#website"},"datePublished":"2020-06-02T17:30:19+00:00","dateModified":"2022-03-25T15:07:56+00:00","breadcrumb":{"@id":"https:\/\/iconproducts.com\/fr\/salon-treatments\/express-treatments\/#breadcrumb"},"inLanguage":"fr-FR","potentialAction":[{"@type":"ReadAction","target":["https:\/\/iconproducts.com\/fr\/salon-treatments\/express-treatments\/"]}]},{"@type":"BreadcrumbList","@id":"https:\/\/iconproducts.com\/fr\/salon-treatments\/express-treatments\/#breadcrumb","itemListElement":[{"@type":"ListItem","position":1,"name":"I.C.O.N. Products","item":"https:\/\/iconproducts.com\/fr\/"},{"@type":"ListItem","position":2,"name":"Salon Treatments","item":"https:\/\/iconproducts.com\/fr\/salon-treatments\/"},{"@type":"ListItem","position":3,"name":"Traitements Express"}]},{"@type":"WebSite","@id":"https:\/\/iconproducts.com\/es\/#website","url":"https:\/\/iconproducts.com\/es\/","name":"I.C.O.N. Products","description":"Productos de peluquer\u00eda","publisher":{"@id":"https:\/\/iconproducts.com\/es\/#organization"},"potentialAction":[{"@type":"SearchAction","target":{"@type":"EntryPoint","urlTemplate":"https:\/\/iconproducts.com\/es\/?s={search_term_string}"},"query-input":{"@type":"PropertyValueSpecification","valueRequired":true,"valueName":"search_term_string"}}],"inLanguage":"fr-FR"},{"@type":"Organization","@id":"https:\/\/iconproducts.com\/es\/#organization","name":"I.C.O.N. Products","url":"https:\/\/iconproducts.com\/es\/","logo":{"@type":"ImageObject","inLanguage":"fr-FR","@id":"https:\/\/iconproducts.com\/es\/#\/schema\/logo\/image\/","url":"https:\/\/iconproducts.com\/wp-content\/uploads\/2018\/08\/logo-icon-1.jpg","contentUrl":"https:\/\/iconproducts.com\/wp-content\/uploads\/2018\/08\/logo-icon-1.jpg","width":1000,"height":1000,"caption":"I.C.O.N. Products"},"image":{"@id":"https:\/\/iconproducts.com\/es\/#\/schema\/logo\/image\/"},"sameAs":["https:\/\/www.facebook.com\/iconproducts.spain","https:\/\/www.instagram.com\/iconspain\/","https:\/\/www.youtube.com\/channel\/UCw0myea3fiZRsj72sNBnMqQ"]}]}},"_links":{"self":[{"href":"https:\/\/iconproducts.com\/fr\/wp-json\/wp\/v2\/pages\/53819","targetHints":{"allow":["GET"]}}],"collection":[{"href":"https:\/\/iconproducts.com\/fr\/wp-json\/wp\/v2\/pages"}],"about":[{"href":"https:\/\/iconproducts.com\/fr\/wp-json\/wp\/v2\/types\/page"}],"author":[{"embeddable":true,"href":"https:\/\/iconproducts.com\/fr\/wp-json\/wp\/v2\/users\/1"}],"replies":[{"embeddable":true,"href":"https:\/\/iconproducts.com\/fr\/wp-json\/wp\/v2\/comments?post=53819"}],"version-history":[{"count":0,"href":"https:\/\/iconproducts.com\/fr\/wp-json\/wp\/v2\/pages\/53819\/revisions"}],"up":[{"embeddable":true,"href":"https:\/\/iconproducts.com\/fr\/wp-json\/wp\/v2\/pages\/53817"}],"wp:attachment":[{"href":"https:\/\/iconproducts.com\/fr\/wp-json\/wp\/v2\/media?parent=53819"}],"wp:term":[{"taxonomy":"post_tag","embeddable":true,"href":"https:\/\/iconproducts.com\/fr\/wp-json\/wp\/v2\/tags?post=53819"},{"taxonomy":"wf_page_folders","embeddable":true,"href":"https:\/\/iconproducts.com\/fr\/wp-json\/wp\/v2\/wf_page_folders?post=53819"}],"curies":[{"name":"wp","href":"https:\/\/api.w.org\/{rel}","templated":true}]}}