{"id":53828,"date":"2020-06-02T19:50:44","date_gmt":"2020-06-02T17:50:44","guid":{"rendered":"https:\/\/iconproducts.com\/?page_id=53828"},"modified":"2023-03-06T15:24:08","modified_gmt":"2023-03-06T14:24:08","slug":"natural-earth-colors","status":"publish","type":"page","link":"https:\/\/iconproducts.com\/fr\/icon-color\/natural-earth-colors\/","title":{"rendered":"Natural Earth Colors"},"content":{"rendered":"<p>[vc_row][vc_column]<div id=\"dfd-single-image-module69d883fb91c55-4501\" class=\"dfd-single-image-module  image-center \" ><img fetchpriority=\"high\" decoding=\"async\" src=\"https:\/\/iconproducts.com\/wp-content\/uploads\/2022\/05\/Lineas2022-BARROS.jpg\" width=\"2000\" height=\"900\"  alt=\"Image module\" \/><\/div><div class=\"dfd-spacer-module\"  data-units=\"px\" data-wide_resolution=\"1280\" data-wide_size=\"40\" data-normal_resolution=\"1024\" data-normal_size=\"40\" data-tablet_resolution=\"800\" data-tablet_size=\"40\" data-mobile_resolution=\"480\" data-mobile_size=\"40\" style=\"height: 40px;\"><\/div><div class=\"dfd-heading-shortcode\"><div class=\"dfd-heading-module-wrap  text-center style_01 dfd-heading-69d883fb91d07 dfd-disable-resposive-headings\" id=\"dfd-heading-69d883fb91d07\" ><div class=\"inline-block\"><div class=\"dfd-heading-module\"><h1 class=\"widget-title dfd-title \" style=\"\">Natural Earth Colors<\/h1><\/div><\/div><\/div><script type=\"text\/javascript\">\n\t\t\t\t\t\t\t\t\t(function($) {\n\t\t\t\t\t\t\t\t\t\t$(\"head\").append(\"<style>.dfd-heading-69d883fb91d07.dfd-heading-module-wrap .dfd-heading-module .dfd-heading-delimiter {margin-top:10px;margin-bottom:10px;}<\/style>\");\n\t\t\t\t\t\t\t\t\t})(jQuery);\n\t\t\t\t\t\t\t\t<\/script><\/div><div class=\"dfd-delimier-main-wrapper \" ><div id=\"dfd-delimiter-69d883fb91e40-9347\"  class=\"dfd-delimier-wrapper dfd-delimiter-with-text \"  style='text-align:left; ' ><span class=\"delim-center\">\n\t\t\t\t<span class=\"text dfd-content-title-small\" style=\"letter-spacing: 2px; \">100% v\u00e9g\u00e9tal<\/span>\n\t\t\t<\/span><script type=\"text\/javascript\">(function($) {$(\"head\").append(\"<style>#dfd-delimiter-69d883fb91e40-9347 .delim-center span:before, #dfd-delimiter-69d883fb91e40-9347 .delim-center span:after { border-bottom-style:dotted; height:1px; border-bottom-width:1px; margin-top: -0.5px; ; } <\/style>\");})(jQuery);<\/script><\/div><\/div><div class=\"dfd-spacer-module\"  data-units=\"px\" data-wide_resolution=\"1280\" data-wide_size=\"20\" data-normal_resolution=\"1024\" data-normal_size=\"20\" data-tablet_resolution=\"800\" data-tablet_size=\"20\" data-mobile_resolution=\"480\" data-mobile_size=\"20\" style=\"height: 20px;\"><\/div>[vc_row_inner][vc_column_inner width=\u00a0\u00bb1\/12&Prime;][\/vc_column_inner][vc_column_inner width=\u00a0\u00bb10\/12&Prime;][vc_column_text]<\/p>\n<p style=\"text-align: center;\">Nos couleurs <strong>Natural Earth<\/strong> colorent les cheveux sans alt\u00e9rer ou modifier la composition g\u00e9n\u00e9tique, ainsi vous serez uniquement en mesure de colorer les cheveux de mani\u00e8re \u00e0 les obscurcir et non \u00e0 les \u00e9claircir.<br \/>\nEt avec le temps, la couleur va s\u2019estomper en laissant une teinte l\u00e9g\u00e8re et naturelle. Par exemple, si vous avez les cheveux ch\u00e2tain fonc\u00e9 et que vous appliquez un blond clair par dessus, vous ne verrez aucune diff\u00e9rence. N\u00e9anmoins, si vous avez des cheveux blancs, ceux-ci prendront la teinte choisie.<\/p>\n<p style=\"text-align: center;\"><strong>Une alternative naturelle sans conservateurs, sans danger pour le cuir chevelu et pour la sant\u00e9 de vos cheveux.<\/strong><\/p>\n<p>[\/vc_column_text][\/vc_column_inner][vc_column_inner width=\u00a0\u00bb1\/12&Prime;][\/vc_column_inner][\/vc_row_inner]<div class=\"dfd-spacer-module\"  data-units=\"px\" data-wide_resolution=\"1280\" data-wide_size=\"50\" data-normal_resolution=\"1024\" data-normal_size=\"50\" data-tablet_resolution=\"800\" data-tablet_size=\"50\" data-mobile_resolution=\"480\" data-mobile_size=\"50\" style=\"height: 50px;\"><\/div>[\/vc_column][\/vc_row][vc_row][vc_column][vc_row_inner el_class=\u00a0\u00bbnatural-earth-colors\u00a0\u00bb][vc_column_inner width=\u00a0\u00bb1\/4&Prime;]<div id=\"dfd-button-gradient69d883fb91f3b-7720\" class=\"dfd-button-gradient-module-wrap\"><div class=\"dfd-button-module  style-3 dfd-button-full-width text-center\" ><a href=\"https:\/\/iconproducts.com\/fr\/icon-color\/natural-earth-colors\/natural\/\"  class=\"dfd-button-link  dfd-fade\"><span class=\"dfd-button-inner-cover\"><span class=\"dfd-button-text-main\" style=\"font-weight:bold; \">NATURAL<\/span><span class=\"dfd-button-border\"><\/span><\/span><\/a><\/div><script type=\"text\/javascript\">(function($) {$(\"head\").append(\"<style>#dfd-button-gradient69d883fb91f3b-7720 .dfd-button-link .dfd-button-inner-cover {padding-left: 40px;}#dfd-button-gradient69d883fb91f3b-7720 .dfd-button-link .dfd-button-inner-cover {padding-right: 40px;}#dfd-button-gradient69d883fb91f3b-7720 .dfd-button-link:not(:hover),#dfd-button-gradient69d883fb91f3b-7720.dfd-button-gradient-module-wrap .dfd-button-link.dfd-3d-rotate .dfd-button-inner-cover.front .dfd-button-text-main,#dfd-button-gradient69d883fb91f3b-7720.dfd-button-gradient-module-wrap .dfd-button-link:not(:hover) .featured-icon {color: #ffffff;}#dfd-button-gradient69d883fb91f3b-7720 .dfd-button-link:hover,#dfd-button-gradient69d883fb91f3b-7720.dfd-button-gradient-module-wrap .dfd-button-link.dfd-3d-rotate .dfd-button-inner-cover.back .dfd-button-text-main,#dfd-button-gradient69d883fb91f3b-7720.dfd-button-gradient-module-wrap .dfd-button-link:hover .featured-icon  {color: #ffffff;}#dfd-button-gradient69d883fb91f3b-7720 .dfd-button-link .dfd-button-inner-cover:before,#dfd-button-gradient69d883fb91f3b-7720.dfd-button-gradient-module-wrap .dfd-button-link.dfd-fade .dfd-button-inner-cover:before {background: linear-gradient(to top, #ddc89f, #ddb880);}#dfd-button-gradient69d883fb91f3b-7720 .dfd-button-link .dfd-button-inner-cover:after {background: linear-gradient(to top, #ddb880, #ddc89f);}<\/style>\");})(jQuery);<\/script><\/div><div class=\"dfd-spacer-module\"  data-units=\"px\" data-wide_resolution=\"1280\" data-wide_size=\"20\" data-normal_resolution=\"1024\" data-normal_size=\"20\" data-tablet_resolution=\"800\" data-tablet_size=\"20\" data-mobile_resolution=\"480\" data-mobile_size=\"20\" style=\"height: 20px;\"><\/div>[\/vc_column_inner][vc_column_inner width=\u00a0\u00bb1\/4&Prime;]<div id=\"dfd-button-gradient69d883fb92003-3713\" class=\"dfd-button-gradient-module-wrap\"><div class=\"dfd-button-module  style-2 dfd-button-full-width text-center\" ><a href=\"https:\/\/iconproducts.com\/fr\/icon-color\/natural-earth-colors\/light-warm-brown\/\"  class=\"dfd-button-link  dfd-fade\"><span class=\"dfd-button-inner-cover\"><span class=\"dfd-button-text-main\" style=\"font-weight:bold; \">LIGHT WARM BROWN<\/span><span class=\"dfd-button-border\"><\/span><\/span><\/a><\/div><script type=\"text\/javascript\">(function($) {$(\"head\").append(\"<style>#dfd-button-gradient69d883fb92003-3713 .dfd-button-link .dfd-button-inner-cover {padding-left: 40px;}#dfd-button-gradient69d883fb92003-3713 .dfd-button-link .dfd-button-inner-cover {padding-right: 40px;}#dfd-button-gradient69d883fb92003-3713 .dfd-button-link:not(:hover),#dfd-button-gradient69d883fb92003-3713.dfd-button-gradient-module-wrap .dfd-button-link.dfd-3d-rotate .dfd-button-inner-cover.front .dfd-button-text-main,#dfd-button-gradient69d883fb92003-3713.dfd-button-gradient-module-wrap .dfd-button-link:not(:hover) .featured-icon {color: #ffffff;}#dfd-button-gradient69d883fb92003-3713 .dfd-button-link:hover,#dfd-button-gradient69d883fb92003-3713.dfd-button-gradient-module-wrap .dfd-button-link.dfd-3d-rotate .dfd-button-inner-cover.back .dfd-button-text-main,#dfd-button-gradient69d883fb92003-3713.dfd-button-gradient-module-wrap .dfd-button-link:hover .featured-icon  {color: #ffffff;}#dfd-button-gradient69d883fb92003-3713 .dfd-button-link .dfd-button-inner-cover:before,#dfd-button-gradient69d883fb92003-3713.dfd-button-gradient-module-wrap .dfd-button-link.dfd-fade .dfd-button-inner-cover:before {background: linear-gradient(to top, #dbb880, #724800);}#dfd-button-gradient69d883fb92003-3713 .dfd-button-link .dfd-button-inner-cover:after {background: linear-gradient(to top, #724800, #dbb880);}<\/style>\");})(jQuery);<\/script><\/div><div class=\"dfd-spacer-module\"  data-units=\"px\" data-wide_resolution=\"1280\" data-wide_size=\"20\" data-normal_resolution=\"1024\" data-normal_size=\"20\" data-tablet_resolution=\"800\" data-tablet_size=\"20\" data-mobile_resolution=\"480\" data-mobile_size=\"20\" style=\"height: 20px;\"><\/div>[\/vc_column_inner][vc_column_inner width=\u00a0\u00bb1\/4&Prime;]<div id=\"dfd-button-gradient69d883fb920be-2430\" class=\"dfd-button-gradient-module-wrap\"><div class=\"dfd-button-module  style-2 dfd-button-full-width text-center\" ><a href=\"https:\/\/iconproducts.com\/fr\/icon-color\/natural-earth-colors\/dark-iris-blonde\/\"  class=\"dfd-button-link  dfd-fade\"><span class=\"dfd-button-inner-cover\"><span class=\"dfd-button-text-main\" style=\"font-weight:bold; \">DARK IRIS BLONDE<\/span><span class=\"dfd-button-border\"><\/span><\/span><\/a><\/div><script type=\"text\/javascript\">(function($) {$(\"head\").append(\"<style>#dfd-button-gradient69d883fb920be-2430 .dfd-button-link .dfd-button-inner-cover {padding-left: 40px;}#dfd-button-gradient69d883fb920be-2430 .dfd-button-link .dfd-button-inner-cover {padding-right: 40px;}#dfd-button-gradient69d883fb920be-2430 .dfd-button-link:not(:hover),#dfd-button-gradient69d883fb920be-2430.dfd-button-gradient-module-wrap .dfd-button-link.dfd-3d-rotate .dfd-button-inner-cover.front .dfd-button-text-main,#dfd-button-gradient69d883fb920be-2430.dfd-button-gradient-module-wrap .dfd-button-link:not(:hover) .featured-icon {color: #ffffff;}#dfd-button-gradient69d883fb920be-2430 .dfd-button-link:hover,#dfd-button-gradient69d883fb920be-2430.dfd-button-gradient-module-wrap .dfd-button-link.dfd-3d-rotate .dfd-button-inner-cover.back .dfd-button-text-main,#dfd-button-gradient69d883fb920be-2430.dfd-button-gradient-module-wrap .dfd-button-link:hover .featured-icon  {color: #ffffff;}#dfd-button-gradient69d883fb920be-2430 .dfd-button-link .dfd-button-inner-cover:before,#dfd-button-gradient69d883fb920be-2430.dfd-button-gradient-module-wrap .dfd-button-link.dfd-fade .dfd-button-inner-cover:before {background: linear-gradient(to top, #6e6482, #594b82);}#dfd-button-gradient69d883fb920be-2430 .dfd-button-link .dfd-button-inner-cover:after {background: linear-gradient(to top, #594b82, #6e6482);}<\/style>\");})(jQuery);<\/script><\/div><div class=\"dfd-spacer-module\"  data-units=\"px\" data-wide_resolution=\"1280\" data-wide_size=\"20\" data-normal_resolution=\"1024\" data-normal_size=\"20\" data-tablet_resolution=\"800\" data-tablet_size=\"20\" data-mobile_resolution=\"480\" data-mobile_size=\"20\" style=\"height: 20px;\"><\/div>[\/vc_column_inner][vc_column_inner width=\u00a0\u00bb1\/4&Prime;]<div id=\"dfd-button-gradient69d883fb9217b-2769\" class=\"dfd-button-gradient-module-wrap\"><div class=\"dfd-button-module  style-2 dfd-button-full-width text-center\" ><a href=\"https:\/\/iconproducts.com\/fr\/icon-color\/natural-earth-colors\/intense-copper\/\"  class=\"dfd-button-link  dfd-fade\"><span class=\"dfd-button-inner-cover\"><span class=\"dfd-button-text-main\" style=\"font-weight:bold; \">INTENSE COPPER<\/span><span class=\"dfd-button-border\"><\/span><\/span><\/a><\/div><script type=\"text\/javascript\">(function($) {$(\"head\").append(\"<style>#dfd-button-gradient69d883fb9217b-2769 .dfd-button-link .dfd-button-inner-cover {padding-left: 40px;}#dfd-button-gradient69d883fb9217b-2769 .dfd-button-link .dfd-button-inner-cover {padding-right: 40px;}#dfd-button-gradient69d883fb9217b-2769 .dfd-button-link:not(:hover),#dfd-button-gradient69d883fb9217b-2769.dfd-button-gradient-module-wrap .dfd-button-link.dfd-3d-rotate .dfd-button-inner-cover.front .dfd-button-text-main,#dfd-button-gradient69d883fb9217b-2769.dfd-button-gradient-module-wrap .dfd-button-link:not(:hover) .featured-icon {color: #ffffff;}#dfd-button-gradient69d883fb9217b-2769 .dfd-button-link:hover,#dfd-button-gradient69d883fb9217b-2769.dfd-button-gradient-module-wrap .dfd-button-link.dfd-3d-rotate .dfd-button-inner-cover.back .dfd-button-text-main,#dfd-button-gradient69d883fb9217b-2769.dfd-button-gradient-module-wrap .dfd-button-link:hover .featured-icon  {color: #ffffff;}#dfd-button-gradient69d883fb9217b-2769 .dfd-button-link .dfd-button-inner-cover:before,#dfd-button-gradient69d883fb9217b-2769.dfd-button-gradient-module-wrap .dfd-button-link.dfd-fade .dfd-button-inner-cover:before {background: linear-gradient(to top, #d38d5f, #d36f2c);}#dfd-button-gradient69d883fb9217b-2769 .dfd-button-link .dfd-button-inner-cover:after {background: linear-gradient(to top, #d36f2c, #d38d5f);}<\/style>\");})(jQuery);<\/script><\/div><div class=\"dfd-spacer-module\"  data-units=\"px\" data-wide_resolution=\"1280\" data-wide_size=\"20\" data-normal_resolution=\"1024\" data-normal_size=\"20\" data-tablet_resolution=\"800\" data-tablet_size=\"20\" data-mobile_resolution=\"480\" data-mobile_size=\"20\" style=\"height: 20px;\"><\/div>[\/vc_column_inner][\/vc_row_inner][\/vc_column][\/vc_row]<\/p>\n","protected":false},"excerpt":{"rendered":"<p>[vc_row][vc_column][vc_row_inner][vc_column_inner width=\u00a0\u00bb1\/12&Prime;][\/vc_column_inner][vc_column_inner width=\u00a0\u00bb10\/12&Prime;][vc_column_text] Nos couleurs Natural Earth colorent les cheveux sans alt\u00e9rer ou modifier la composition g\u00e9n\u00e9tique, ainsi vous serez uniquement en mesure de colorer les cheveux de mani\u00e8re \u00e0<\/p>\n","protected":false},"author":1,"featured_media":0,"parent":36399,"menu_order":0,"comment_status":"closed","ping_status":"closed","template":"page-custom-with-header.php","meta":{"_acf_changed":false,"footnotes":""},"tags":[],"wf_page_folders":[],"class_list":["post-53828","page","type-page","status-publish","hentry"],"acf":[],"yoast_head":"<!-- This site is optimized with the Yoast SEO plugin v27.0 - https:\/\/yoast.com\/product\/yoast-seo-wordpress\/ -->\n<title>Natural Earth Colors | I.C.O.N. Products<\/title>\n<meta name=\"robots\" content=\"index, follow, max-snippet:-1, max-image-preview:large, max-video-preview:-1\" \/>\n<link rel=\"canonical\" href=\"https:\/\/iconproducts.com\/fr\/icon-color\/natural-earth-colors\/\" \/>\n<meta property=\"og:locale\" content=\"fr_FR\" \/>\n<meta property=\"og:type\" content=\"article\" \/>\n<meta property=\"og:title\" content=\"Natural Earth Colors | I.C.O.N. Products\" \/>\n<meta property=\"og:description\" content=\"[vc_row][vc_column][vc_row_inner][vc_column_inner width=\u00a0\u00bb1\/12&Prime;][\/vc_column_inner][vc_column_inner width=\u00a0\u00bb10\/12&Prime;][vc_column_text] Nos couleurs Natural Earth colorent les cheveux sans alt\u00e9rer ou modifier la composition g\u00e9n\u00e9tique, ainsi vous serez uniquement en mesure de colorer les cheveux de mani\u00e8re \u00e0\" \/>\n<meta property=\"og:url\" content=\"https:\/\/iconproducts.com\/fr\/icon-color\/natural-earth-colors\/\" \/>\n<meta property=\"og:site_name\" content=\"I.C.O.N. Products\" \/>\n<meta property=\"article:publisher\" content=\"https:\/\/www.facebook.com\/iconproducts.spain\" \/>\n<meta property=\"article:modified_time\" content=\"2023-03-06T14:24:08+00:00\" \/>\n<meta name=\"twitter:card\" content=\"summary_large_image\" \/>\n<script type=\"application\/ld+json\" class=\"yoast-schema-graph\">{\"@context\":\"https:\/\/schema.org\",\"@graph\":[{\"@type\":\"WebPage\",\"@id\":\"https:\/\/iconproducts.com\/fr\/icon-color\/natural-earth-colors\/\",\"url\":\"https:\/\/iconproducts.com\/fr\/icon-color\/natural-earth-colors\/\",\"name\":\"Natural Earth Colors | I.C.O.N. Products\",\"isPartOf\":{\"@id\":\"https:\/\/iconproducts.com\/es\/#website\"},\"datePublished\":\"2020-06-02T17:50:44+00:00\",\"dateModified\":\"2023-03-06T14:24:08+00:00\",\"breadcrumb\":{\"@id\":\"https:\/\/iconproducts.com\/fr\/icon-color\/natural-earth-colors\/#breadcrumb\"},\"inLanguage\":\"fr-FR\",\"potentialAction\":[{\"@type\":\"ReadAction\",\"target\":[\"https:\/\/iconproducts.com\/fr\/icon-color\/natural-earth-colors\/\"]}]},{\"@type\":\"BreadcrumbList\",\"@id\":\"https:\/\/iconproducts.com\/fr\/icon-color\/natural-earth-colors\/#breadcrumb\",\"itemListElement\":[{\"@type\":\"ListItem\",\"position\":1,\"name\":\"I.C.O.N. Products\",\"item\":\"https:\/\/iconproducts.com\/fr\/\"},{\"@type\":\"ListItem\",\"position\":2,\"name\":\"I.C.O.N. Color\",\"item\":\"https:\/\/iconproducts.com\/fr\/icon-color\/\"},{\"@type\":\"ListItem\",\"position\":3,\"name\":\"Natural Earth Colors\"}]},{\"@type\":\"WebSite\",\"@id\":\"https:\/\/iconproducts.com\/es\/#website\",\"url\":\"https:\/\/iconproducts.com\/es\/\",\"name\":\"I.C.O.N. Products\",\"description\":\"Productos de peluquer\u00eda\",\"publisher\":{\"@id\":\"https:\/\/iconproducts.com\/es\/#organization\"},\"potentialAction\":[{\"@type\":\"SearchAction\",\"target\":{\"@type\":\"EntryPoint\",\"urlTemplate\":\"https:\/\/iconproducts.com\/es\/?s={search_term_string}\"},\"query-input\":{\"@type\":\"PropertyValueSpecification\",\"valueRequired\":true,\"valueName\":\"search_term_string\"}}],\"inLanguage\":\"fr-FR\"},{\"@type\":\"Organization\",\"@id\":\"https:\/\/iconproducts.com\/es\/#organization\",\"name\":\"I.C.O.N. Products\",\"url\":\"https:\/\/iconproducts.com\/es\/\",\"logo\":{\"@type\":\"ImageObject\",\"inLanguage\":\"fr-FR\",\"@id\":\"https:\/\/iconproducts.com\/es\/#\/schema\/logo\/image\/\",\"url\":\"https:\/\/iconproducts.com\/wp-content\/uploads\/2018\/08\/logo-icon-1.jpg\",\"contentUrl\":\"https:\/\/iconproducts.com\/wp-content\/uploads\/2018\/08\/logo-icon-1.jpg\",\"width\":1000,\"height\":1000,\"caption\":\"I.C.O.N. Products\"},\"image\":{\"@id\":\"https:\/\/iconproducts.com\/es\/#\/schema\/logo\/image\/\"},\"sameAs\":[\"https:\/\/www.facebook.com\/iconproducts.spain\",\"https:\/\/www.instagram.com\/iconspain\/\",\"https:\/\/www.youtube.com\/channel\/UCw0myea3fiZRsj72sNBnMqQ\"]}]}<\/script>\n<!-- \/ Yoast SEO plugin. -->","yoast_head_json":{"title":"Natural Earth Colors | I.C.O.N. Products","robots":{"index":"index","follow":"follow","max-snippet":"max-snippet:-1","max-image-preview":"max-image-preview:large","max-video-preview":"max-video-preview:-1"},"canonical":"https:\/\/iconproducts.com\/fr\/icon-color\/natural-earth-colors\/","og_locale":"fr_FR","og_type":"article","og_title":"Natural Earth Colors | I.C.O.N. Products","og_description":"[vc_row][vc_column][vc_row_inner][vc_column_inner width=\u00a0\u00bb1\/12&Prime;][\/vc_column_inner][vc_column_inner width=\u00a0\u00bb10\/12&Prime;][vc_column_text] Nos couleurs Natural Earth colorent les cheveux sans alt\u00e9rer ou modifier la composition g\u00e9n\u00e9tique, ainsi vous serez uniquement en mesure de colorer les cheveux de mani\u00e8re \u00e0","og_url":"https:\/\/iconproducts.com\/fr\/icon-color\/natural-earth-colors\/","og_site_name":"I.C.O.N. Products","article_publisher":"https:\/\/www.facebook.com\/iconproducts.spain","article_modified_time":"2023-03-06T14:24:08+00:00","twitter_card":"summary_large_image","schema":{"@context":"https:\/\/schema.org","@graph":[{"@type":"WebPage","@id":"https:\/\/iconproducts.com\/fr\/icon-color\/natural-earth-colors\/","url":"https:\/\/iconproducts.com\/fr\/icon-color\/natural-earth-colors\/","name":"Natural Earth Colors | I.C.O.N. Products","isPartOf":{"@id":"https:\/\/iconproducts.com\/es\/#website"},"datePublished":"2020-06-02T17:50:44+00:00","dateModified":"2023-03-06T14:24:08+00:00","breadcrumb":{"@id":"https:\/\/iconproducts.com\/fr\/icon-color\/natural-earth-colors\/#breadcrumb"},"inLanguage":"fr-FR","potentialAction":[{"@type":"ReadAction","target":["https:\/\/iconproducts.com\/fr\/icon-color\/natural-earth-colors\/"]}]},{"@type":"BreadcrumbList","@id":"https:\/\/iconproducts.com\/fr\/icon-color\/natural-earth-colors\/#breadcrumb","itemListElement":[{"@type":"ListItem","position":1,"name":"I.C.O.N. Products","item":"https:\/\/iconproducts.com\/fr\/"},{"@type":"ListItem","position":2,"name":"I.C.O.N. Color","item":"https:\/\/iconproducts.com\/fr\/icon-color\/"},{"@type":"ListItem","position":3,"name":"Natural Earth Colors"}]},{"@type":"WebSite","@id":"https:\/\/iconproducts.com\/es\/#website","url":"https:\/\/iconproducts.com\/es\/","name":"I.C.O.N. Products","description":"Productos de peluquer\u00eda","publisher":{"@id":"https:\/\/iconproducts.com\/es\/#organization"},"potentialAction":[{"@type":"SearchAction","target":{"@type":"EntryPoint","urlTemplate":"https:\/\/iconproducts.com\/es\/?s={search_term_string}"},"query-input":{"@type":"PropertyValueSpecification","valueRequired":true,"valueName":"search_term_string"}}],"inLanguage":"fr-FR"},{"@type":"Organization","@id":"https:\/\/iconproducts.com\/es\/#organization","name":"I.C.O.N. Products","url":"https:\/\/iconproducts.com\/es\/","logo":{"@type":"ImageObject","inLanguage":"fr-FR","@id":"https:\/\/iconproducts.com\/es\/#\/schema\/logo\/image\/","url":"https:\/\/iconproducts.com\/wp-content\/uploads\/2018\/08\/logo-icon-1.jpg","contentUrl":"https:\/\/iconproducts.com\/wp-content\/uploads\/2018\/08\/logo-icon-1.jpg","width":1000,"height":1000,"caption":"I.C.O.N. Products"},"image":{"@id":"https:\/\/iconproducts.com\/es\/#\/schema\/logo\/image\/"},"sameAs":["https:\/\/www.facebook.com\/iconproducts.spain","https:\/\/www.instagram.com\/iconspain\/","https:\/\/www.youtube.com\/channel\/UCw0myea3fiZRsj72sNBnMqQ"]}]}},"_links":{"self":[{"href":"https:\/\/iconproducts.com\/fr\/wp-json\/wp\/v2\/pages\/53828","targetHints":{"allow":["GET"]}}],"collection":[{"href":"https:\/\/iconproducts.com\/fr\/wp-json\/wp\/v2\/pages"}],"about":[{"href":"https:\/\/iconproducts.com\/fr\/wp-json\/wp\/v2\/types\/page"}],"author":[{"embeddable":true,"href":"https:\/\/iconproducts.com\/fr\/wp-json\/wp\/v2\/users\/1"}],"replies":[{"embeddable":true,"href":"https:\/\/iconproducts.com\/fr\/wp-json\/wp\/v2\/comments?post=53828"}],"version-history":[{"count":2,"href":"https:\/\/iconproducts.com\/fr\/wp-json\/wp\/v2\/pages\/53828\/revisions"}],"predecessor-version":[{"id":96189,"href":"https:\/\/iconproducts.com\/fr\/wp-json\/wp\/v2\/pages\/53828\/revisions\/96189"}],"up":[{"embeddable":true,"href":"https:\/\/iconproducts.com\/fr\/wp-json\/wp\/v2\/pages\/36399"}],"wp:attachment":[{"href":"https:\/\/iconproducts.com\/fr\/wp-json\/wp\/v2\/media?parent=53828"}],"wp:term":[{"taxonomy":"post_tag","embeddable":true,"href":"https:\/\/iconproducts.com\/fr\/wp-json\/wp\/v2\/tags?post=53828"},{"taxonomy":"wf_page_folders","embeddable":true,"href":"https:\/\/iconproducts.com\/fr\/wp-json\/wp\/v2\/wf_page_folders?post=53828"}],"curies":[{"name":"wp","href":"https:\/\/api.w.org\/{rel}","templated":true}]}}