{"id":53846,"date":"2020-06-03T14:46:41","date_gmt":"2020-06-03T12:46:41","guid":{"rendered":"https:\/\/iconproducts.com\/?page_id=53846"},"modified":"2023-10-09T18:29:53","modified_gmt":"2023-10-09T16:29:53","slug":"pure-light-conditioner","status":"publish","type":"page","link":"https:\/\/iconproducts.com\/fr\/regimedies\/conditioners\/pure-light-conditioner\/","title":{"rendered":"Pure Light Conditioner"},"content":{"rendered":"<p>[vc_row][vc_column]<div class=\"dfd-spacer-module\"  data-units=\"px\" data-wide_resolution=\"1280\" data-wide_size=\"100\" data-normal_resolution=\"1024\" data-normal_size=\"100\" data-tablet_resolution=\"800\" data-tablet_size=\"50\" data-mobile_resolution=\"480\" data-mobile_size=\"50\" style=\"height: 100px;\"><\/div>[\/vc_column][\/vc_row][vc_row][vc_column width=\u00a0\u00bb1\/2&Prime;]<div id=\"dfd-single-image-module69e75d467d1a2-9882\" class=\"dfd-single-image-module  image-center \" ><img fetchpriority=\"high\" decoding=\"async\" src=\"https:\/\/iconproducts.com\/wp-content\/uploads\/2020\/06\/purelight-conditioner-min-1.jpg\" width=\"1000\" height=\"1000\"  alt=\"Image module\" \/><\/div><div class=\"dfd-spacer-module\"  data-units=\"px\" data-wide_resolution=\"1280\" data-wide_size=\"50\" data-normal_resolution=\"1024\" data-normal_size=\"50\" data-tablet_resolution=\"800\" data-tablet_size=\"50\" data-mobile_resolution=\"480\" data-mobile_size=\"50\" style=\"height: 50px;\"><\/div>[\/vc_column][vc_column width=\u00a0\u00bb1\/2&Prime;]<div class=\"dfd-heading-shortcode\"><div class=\"dfd-heading-module-wrap  text-left style_01 dfd-heading-69e75d467d238 dfd-disable-resposive-headings\" id=\"dfd-heading-69e75d467d238\" ><div class=\"inline-block\"><div class=\"dfd-heading-module\"><h1 class=\"widget-title dfd-title \" style=\"\">Pure Light<\/h1><h3 class=\"widget-sub-title dfd-sub-title \" style=\"\">CONDITIONNEUR TONING VIOLET<\/h3><div class=\"dfd-heading-delimiter\"><\/div><\/div><\/div><\/div><script type=\"text\/javascript\">\n\t\t\t\t\t\t\t\t\t(function($) {\n\t\t\t\t\t\t\t\t\t\t$(\"head\").append(\"<style>.dfd-heading-69e75d467d238.dfd-heading-module-wrap .dfd-heading-module .dfd-heading-delimiter {border-bottom-style:solid;border-bottom-width:1px;width:100px;border-bottom-color:#dddddd;}.dfd-heading-69e75d467d238.dfd-heading-module-wrap .dfd-heading-module .dfd-heading-delimiter {margin-top:10px;margin-bottom:10px;}<\/style>\");\n\t\t\t\t\t\t\t\t\t})(jQuery);\n\t\t\t\t\t\t\t\t<\/script><\/div>[vc_column_text]<strong>Qu&rsquo;est-ce que c&rsquo;est ?<\/strong><br \/>\nConditionneur toning violet<\/p>\n<p><strong>Pour qui ?<\/strong><br \/>\nCr\u00e9\u00e9 pour celles qui ont des cheveux clairs ou d\u00e9color\u00e9s, qu&rsquo;ils soient obtenus en salon ou naturels, tels que blonds, platine, argent\u00e9s\/gris, blancs ou pastel, ainsi que les tons cuivr\u00e9s ind\u00e9sirables.<\/p>\n<p><strong>Ce qu&rsquo;il fait :<\/strong><br \/>\nProt\u00e8ge les cheveux tout en rehaussant leur tonalit\u00e9.<\/p>\n<p><strong>Comment l&rsquo;utiliser ?<\/strong><br \/>\nPour des r\u00e9sultats optimaux, utiliser apr\u00e8s le shampooing Pure Light. Appliquer sur les cheveux mouill\u00e9s et laisser agir pendant 3 \u00e0 5 minutes. Rincez abondamment et appliquez ensuite vos produits coiffants I.C.O.N. pr\u00e9f\u00e9r\u00e9s.[\/vc_column_text]<div class=\"dfd-spacer-module\"  data-units=\"px\" data-wide_resolution=\"1280\" data-wide_size=\"20\" data-normal_resolution=\"1024\" data-normal_size=\"20\" data-tablet_resolution=\"800\" data-tablet_size=\"20\" data-mobile_resolution=\"480\" data-mobile_size=\"20\" style=\"height: 20px;\"><\/div><div class=\"dfd-delimier-main-wrapper \" ><div id=\"dfd-delimiter-69e75d467d3ad-427\"  class=\"dfd-delimier-wrapper dfd-delimiter-with-line \"  style='text-align:left; ' ><span><span class=\"line\" style=\"border-bottom-width:1px; border-bottom-style:dotted; \"><\/span><\/span><\/div><\/div><div class=\"dfd-spacer-module\"  data-units=\"px\" data-wide_resolution=\"1280\" data-wide_size=\"20\" data-normal_resolution=\"1024\" data-normal_size=\"20\" data-tablet_resolution=\"800\" data-tablet_size=\"20\" data-mobile_resolution=\"480\" data-mobile_size=\"20\" style=\"height: 20px;\"><\/div>[vc_row_inner el_class=\u00a0\u00bbbloque-tamanos\u00a0\u00bb][vc_column_inner][vc_column_text]<strong>Tailles disponibles<\/strong>:[\/vc_column_text]<div class=\"dfd-info-banner style-01  text-center\" ><div class=\"image-cover \"><img decoding=\"async\" src=\"https:\/\/iconproducts.com\/wp-content\/uploads\/2023\/09\/regimedy-250-60x100.jpg\" alt=\"Image\"  width=\"60\" height=\"100\" class=\"info-banner-image \" \/><\/div><div class=\"info-box-title feature-title\" style=\"\">250 ml.<\/div><div class=\"wrap-delimiter\"><div class=\"delimiter\" ><\/div><\/div><\/div><div class=\"dfd-info-banner style-01  text-center\" ><div class=\"image-cover \"><img decoding=\"async\" src=\"https:\/\/iconproducts.com\/wp-content\/uploads\/2023\/09\/litro-60x100.jpg\" alt=\"Image\"  width=\"60\" height=\"100\" class=\"info-banner-image \" \/><\/div><div class=\"info-box-title feature-title\" style=\"\">1 l.<\/div><div class=\"wrap-delimiter\"><div class=\"delimiter\" ><\/div><\/div><\/div><div class=\"dfd-delimier-main-wrapper \" ><div id=\"dfd-delimiter-69e75d467dc25-6233\"  class=\"dfd-delimier-wrapper dfd-delimiter-with-line \"  style='text-align:left; ' ><span><span class=\"line\" style=\"border-bottom-width:1px; border-bottom-style:dotted; \"><\/span><\/span><\/div><\/div>[\/vc_column_inner][\/vc_row_inner][\/vc_column][\/vc_row][vc_section el_id=\u00a0\u00bbnew-ficha-product\u00a0\u00bb css=\u00a0\u00bb.vc_custom_1649158564973{margin-bottom: 60px !important;}\u00a0\u00bb][vc_row][vc_column]<div class=\"dfd-spacer-module\"  data-units=\"px\" data-wide_resolution=\"1280\" data-wide_size=\"50\" data-normal_resolution=\"1024\" data-normal_size=\"50\" data-tablet_resolution=\"800\" data-tablet_size=\"50\" data-mobile_resolution=\"480\" data-mobile_size=\"50\" style=\"height: 50px;\"><\/div>[dfd_tta_tabs style=\u00a0\u00bbempty_style\u00a0\u00bb tab_title_uppercase=\u00a0\u00bbuppercase\u00a0\u00bb font_size=\u00a0\u00bb15&Prime; icon_size=\u00a0\u00bb15&Prime; active_section=\u00a0\u00bb1&Prime; tab_title_font_options=\u00a0\u00bbfont_style_bold:1&Prime;][vc_tta_section i_position=\u00a0\u00bbright\u00a0\u00bb i_icon_fontawesome=\u00a0\u00bbfa fa-plus\u00a0\u00bb add_icon=\u00a0\u00bbtrue\u00a0\u00bb title=\u00a0\u00bbINGR\u00c9DIENTS ACTIFS\u00a0\u00bb tab_id=\u00a0\u00bb1648023039495-7bc2b53a-3435&Prime;]<div class=\"dfd-spacer-module\"  data-units=\"px\" data-wide_resolution=\"1280\" data-wide_size=\"10\" data-normal_resolution=\"1024\" data-normal_size=\"10\" data-tablet_resolution=\"800\" data-tablet_size=\"10\" data-mobile_resolution=\"480\" data-mobile_size=\"10\" style=\"height: 10px;\"><\/div>[vc_row_inner][vc_column_inner width=\u00a0\u00bb1\/3&Prime; css=\u00a0\u00bb.vc_custom_1648024148386{padding-bottom: 40px !important;}\u00a0\u00bb col_inner_shadow=\u00a0\u00bbbox_shadow_enable:disable|shadow_horizontal:0|shadow_vertical:15|shadow_blur:50|shadow_spread:0|box_shadow_color:rgba(0%2C0%2C0%2C0.35)\u00a0\u00bb col_inner_shadow_hover=\u00a0\u00bbbox_shadow_enable:disable|shadow_horizontal:0|shadow_vertical:15|shadow_blur:50|shadow_spread:0|box_shadow_color:rgba(0%2C0%2C0%2C0.35)\u00a0\u00bb]<div id=\"idinfobox69e75d467dd2f\" class=\"dfd-info-box clearfix style-01 layout-04 box-ficha-product idinfobox69e75d467dd2f\" ><div class=\"dfd-animate-container\"><div class=\"icon-wrapper\"><div class=\"module-icon\" ><div class=\"hover-layer\" ><\/div><img decoding=\"async\" src=\"https:\/\/iconproducts.com\/wp-content\/uploads\/2021\/01\/algas.jpg\" alt=\"Image icon\" style=\"opacity: 1;\" \/><\/div><\/div><div class=\"content-wrap ovh\"><div class=\"info-box-title feature-title\" style=\"font-size: 18px; font-weight:bold; \">SEA KELP<\/div><div class=\"wrap-delimiter\"><div class=\"delimiter\" ><\/div><\/div><div class=\"description\" style=\"\">Renforce les cheveux et pr\u00e9vient la casse gr\u00e2ce \u00e0 sa richesse en min\u00e9raux et en vitamines. Riche en antioxydants et en propri\u00e9t\u00e9s d\u00e9toxifiantes, le Sea Kelp r\u00e9pare et fortifie tous les types de cheveux.<\/div><\/div><\/div><\/div>[\/vc_column_inner][vc_column_inner width=\u00a0\u00bb1\/3&Prime; css=\u00a0\u00bb.vc_custom_1648024152883{padding-bottom: 40px !important;}\u00a0\u00bb col_inner_shadow=\u00a0\u00bbbox_shadow_enable:disable|shadow_horizontal:0|shadow_vertical:15|shadow_blur:50|shadow_spread:0|box_shadow_color:rgba(0%2C0%2C0%2C0.35)\u00a0\u00bb col_inner_shadow_hover=\u00a0\u00bbbox_shadow_enable:disable|shadow_horizontal:0|shadow_vertical:15|shadow_blur:50|shadow_spread:0|box_shadow_color:rgba(0%2C0%2C0%2C0.35)\u00a0\u00bb]<div id=\"idinfobox69e75d467e036\" class=\"dfd-info-box clearfix style-01 layout-04 box-ficha-product idinfobox69e75d467e036\" ><div class=\"dfd-animate-container\"><div class=\"icon-wrapper\"><div class=\"module-icon\" ><div class=\"hover-layer\" ><\/div><img decoding=\"async\" src=\"https:\/\/iconproducts.com\/wp-content\/uploads\/2019\/07\/proteinas-02.png\" alt=\"Image icon\" style=\"opacity: 1;\" \/><\/div><\/div><div class=\"content-wrap ovh\"><div class=\"info-box-title feature-title\" style=\"font-size: 18px; font-weight:bold; \">M\u00c9LANGE D&#039;ACIDES AMIN\u00c9S \u00c0 CHAINE LAT\u00c9RALE<\/div><div class=\"wrap-delimiter\"><div class=\"delimiter\" ><\/div><\/div><div class=\"description\" style=\"\">Renforce les fibres capillaires, am\u00e9liore la qualit\u00e9 des cheveux et les prot\u00e8ge.<\/div><\/div><\/div><\/div>[\/vc_column_inner][vc_column_inner width=\u00a0\u00bb1\/3&Prime; css=\u00a0\u00bb.vc_custom_1648024158832{padding-bottom: 40px !important;}\u00a0\u00bb col_inner_shadow=\u00a0\u00bbbox_shadow_enable:disable|shadow_horizontal:0|shadow_vertical:15|shadow_blur:50|shadow_spread:0|box_shadow_color:rgba(0%2C0%2C0%2C0.35)\u00a0\u00bb col_inner_shadow_hover=\u00a0\u00bbbox_shadow_enable:disable|shadow_horizontal:0|shadow_vertical:15|shadow_blur:50|shadow_spread:0|box_shadow_color:rgba(0%2C0%2C0%2C0.35)\u00a0\u00bb]<div id=\"idinfobox69e75d467e379\" class=\"dfd-info-box clearfix style-01 layout-04 box-ficha-product idinfobox69e75d467e379\" ><div class=\"dfd-animate-container\"><div class=\"icon-wrapper\"><div class=\"module-icon\" ><div class=\"hover-layer\" ><\/div><img decoding=\"async\" src=\"https:\/\/iconproducts.com\/wp-content\/uploads\/2021\/01\/hoja-banana-800x800-1.jpg\" alt=\"Image icon\" style=\"opacity: 1;\" \/><\/div><\/div><div class=\"content-wrap ovh\"><div class=\"info-box-title feature-title\" style=\"font-size: 17px; font-weight:bold; \">FEUILLE DE BANANE<\/div><div class=\"wrap-delimiter\"><div class=\"delimiter\" ><\/div><\/div><div class=\"description\" style=\"\">Riche en magn\u00e9sium et en potassium, cet extrait de feuille prot\u00e8ge les cheveux et favorise leur croissance. Il poss\u00e8de d&rsquo;excellentes propri\u00e9t\u00e9s apaisantes, adoucissantes et hydratantes, laissant les cheveux brillants et faciles \u00e0 coiffer.<\/div><\/div><\/div><\/div>[\/vc_column_inner][\/vc_row_inner][\/vc_tta_section][vc_tta_section i_position=\u00a0\u00bbright\u00a0\u00bb i_icon_fontawesome=\u00a0\u00bbfa fa-plus\u00a0\u00bb add_icon=\u00a0\u00bbtrue\u00a0\u00bb title=\u00a0\u00bbINGR\u00c9DIENTS\u00a0\u00bb tab_id=\u00a0\u00bb1647965598517-cf28458a-0f46&Prime;][vc_column_text]<em>Aqua (water\/eau), cetearyl alcohol, behentrimonium chloride, musa sapientum (banana) extract, quaternium-91, stearamidopropyl dimethylamine, cetrimonium methosulfate, fragrance (parfum), polyquaternium-37, dicaprylyl carbonate, polyquaternium-39, bis-cetearyl amodimethicone, glycerin, hydrogenated farnesene, propanediol, citric acid, simmondsia chinensis (jojoba) seed oil, ci 60730, hydrolyzed quinoa, hydrolyzed rice protein, polysorbate 60, hydrogenated castor oil\/sebacic acid copolymer, polyquaternium-4, sodium pca, propylene glycol dicaprylate\/dicaprate, sodium lactate, arginine, ppg-1 trideceth-6, aspartic acid, mica (ci 77019), pca, titanium dioxide (ci 77891), lauryl glucoside, xylityl sesquicaprylate, alumina, glycine, alanine, butylene glycol, serine, valine, isoleucine, proline, threonine, histidine, phenylalanine, crambe maritima leaf extract, tin oxide.<\/em><\/p>\n<p>Nous nous engageons \u00e0 fournir des produits de haute qualit\u00e9, naturels et respectueux de l&rsquo;environnement, qui sont performants et innovants. Notre liste d&rsquo;ingr\u00e9dients peut varier de temps \u00e0 autre, car nous nous effor\u00e7ons d&rsquo;aller au-del\u00e0 de toutes les normes. Veuillez vous r\u00e9f\u00e9rer \u00e0 l&#8217;emballage imprim\u00e9 pour obtenir la liste d&rsquo;ingr\u00e9dients la plus pr\u00e9cise\u00a0possible.[\/vc_column_text][\/vc_tta_section][vc_tta_section i_position=\u00a0\u00bbright\u00a0\u00bb i_icon_fontawesome=\u00a0\u00bbfa fa-plus\u00a0\u00bb add_icon=\u00a0\u00bbtrue\u00a0\u00bb title=\u00a0\u00bbProduits connexes\u00a0\u00bb tab_id=\u00a0\u00bb1647966124315-b6c96e74-d954&Prime;][vc_row_inner][vc_column_inner]<div id=\"idinfobox69e75d467e53e\" class=\"dfd-info-box clearfix style-01 layout-01 icono-img idinfobox69e75d467e53e text-center\" ><div class=\"dfd-animate-container\"><div class=\"icon-wrapper\"><div class=\"module-icon\" ><div class=\"hover-layer\" ><\/div><img decoding=\"async\" src=\"https:\/\/iconproducts.com\/wp-content\/uploads\/2020\/06\/purelight-shampoo-min-1.jpg\" alt=\"Image icon\" style=\"opacity: 1;\" \/><\/div><\/div><h6 class=\"info-box-title \" style=\"\">Pure Light<\/h6><div class=\"info-box-subtitle subtitle\" style=\"\">Pure Light shampooing<\/div><div class=\"wrap-delimiter\"><div class=\"delimiter\" style=\"border-color:#ffffff;\"><\/div><\/div><div class=\"description\" style=\"\"><\/div><a href=\"https:\/\/iconproducts.com\/fr\/regimedies\/shampoos\/pure-light-shampoo\/\" title=\"Pure Light Shampoo\"  class=\"full-box-link\"><\/a><\/div><\/div>[\/vc_column_inner][\/vc_row_inner][\/vc_tta_section][\/dfd_tta_tabs][\/vc_column][\/vc_row][\/vc_section]<\/p>\n","protected":false},"excerpt":{"rendered":"<p>[vc_row][vc_column][\/vc_column][\/vc_row][vc_row][vc_column width=\u00a0\u00bb1\/2&Prime;][\/vc_column][vc_column width=\u00a0\u00bb1\/2&Prime;][vc_column_text]Qu&rsquo;est-ce que c&rsquo;est ? Conditionneur toning violet Pour qui ? Cr\u00e9\u00e9 pour celles qui ont des cheveux clairs ou d\u00e9color\u00e9s, qu&rsquo;ils soient obtenus en salon ou naturels, tels<\/p>\n","protected":false},"author":1,"featured_media":53351,"parent":53809,"menu_order":0,"comment_status":"closed","ping_status":"closed","template":"page-custom-with-header.php","meta":{"_acf_changed":false,"footnotes":""},"tags":[],"wf_page_folders":[],"class_list":["post-53846","page","type-page","status-publish","has-post-thumbnail","hentry"],"acf":[],"yoast_head":"<!-- This site is optimized with the Yoast SEO plugin v27.0 - https:\/\/yoast.com\/product\/yoast-seo-wordpress\/ -->\n<title>Pure Light Conditioner | I.C.O.N. Products<\/title>\n<meta name=\"robots\" content=\"index, follow, max-snippet:-1, max-image-preview:large, max-video-preview:-1\" \/>\n<link rel=\"canonical\" href=\"https:\/\/iconproducts.com\/fr\/regimedies\/conditioners\/pure-light-conditioner\/\" \/>\n<meta property=\"og:locale\" content=\"fr_FR\" \/>\n<meta property=\"og:type\" content=\"article\" \/>\n<meta property=\"og:title\" content=\"Pure Light Conditioner | I.C.O.N. Products\" \/>\n<meta property=\"og:description\" content=\"[vc_row][vc_column][\/vc_column][\/vc_row][vc_row][vc_column width=\u00a0\u00bb1\/2&Prime;][\/vc_column][vc_column width=\u00a0\u00bb1\/2&Prime;][vc_column_text]Qu&rsquo;est-ce que c&rsquo;est ? Conditionneur toning violet Pour qui ? Cr\u00e9\u00e9 pour celles qui ont des cheveux clairs ou d\u00e9color\u00e9s, qu&rsquo;ils soient obtenus en salon ou naturels, tels\" \/>\n<meta property=\"og:url\" content=\"https:\/\/iconproducts.com\/fr\/regimedies\/conditioners\/pure-light-conditioner\/\" \/>\n<meta property=\"og:site_name\" content=\"I.C.O.N. Products\" \/>\n<meta property=\"article:publisher\" content=\"https:\/\/www.facebook.com\/iconproducts.spain\" \/>\n<meta property=\"article:modified_time\" content=\"2023-10-09T16:29:53+00:00\" \/>\n<meta property=\"og:image\" content=\"https:\/\/iconproducts.com\/wp-content\/uploads\/2020\/06\/purelight-conditioner-min-1.jpg\" \/>\n\t<meta property=\"og:image:width\" content=\"1000\" \/>\n\t<meta property=\"og:image:height\" content=\"1000\" \/>\n\t<meta property=\"og:image:type\" content=\"image\/jpeg\" \/>\n<meta name=\"twitter:card\" content=\"summary_large_image\" \/>\n<script type=\"application\/ld+json\" class=\"yoast-schema-graph\">{\"@context\":\"https:\/\/schema.org\",\"@graph\":[{\"@type\":\"WebPage\",\"@id\":\"https:\/\/iconproducts.com\/fr\/regimedies\/conditioners\/pure-light-conditioner\/\",\"url\":\"https:\/\/iconproducts.com\/fr\/regimedies\/conditioners\/pure-light-conditioner\/\",\"name\":\"Pure Light Conditioner | I.C.O.N. Products\",\"isPartOf\":{\"@id\":\"https:\/\/iconproducts.com\/es\/#website\"},\"primaryImageOfPage\":{\"@id\":\"https:\/\/iconproducts.com\/fr\/regimedies\/conditioners\/pure-light-conditioner\/#primaryimage\"},\"image\":{\"@id\":\"https:\/\/iconproducts.com\/fr\/regimedies\/conditioners\/pure-light-conditioner\/#primaryimage\"},\"thumbnailUrl\":\"https:\/\/iconproducts.com\/wp-content\/uploads\/2020\/06\/purelight-conditioner-min-1.jpg\",\"datePublished\":\"2020-06-03T12:46:41+00:00\",\"dateModified\":\"2023-10-09T16:29:53+00:00\",\"breadcrumb\":{\"@id\":\"https:\/\/iconproducts.com\/fr\/regimedies\/conditioners\/pure-light-conditioner\/#breadcrumb\"},\"inLanguage\":\"fr-FR\",\"potentialAction\":[{\"@type\":\"ReadAction\",\"target\":[\"https:\/\/iconproducts.com\/fr\/regimedies\/conditioners\/pure-light-conditioner\/\"]}]},{\"@type\":\"ImageObject\",\"inLanguage\":\"fr-FR\",\"@id\":\"https:\/\/iconproducts.com\/fr\/regimedies\/conditioners\/pure-light-conditioner\/#primaryimage\",\"url\":\"https:\/\/iconproducts.com\/wp-content\/uploads\/2020\/06\/purelight-conditioner-min-1.jpg\",\"contentUrl\":\"https:\/\/iconproducts.com\/wp-content\/uploads\/2020\/06\/purelight-conditioner-min-1.jpg\",\"width\":1000,\"height\":1000,\"caption\":\"PURPLE CONDITIONER\"},{\"@type\":\"BreadcrumbList\",\"@id\":\"https:\/\/iconproducts.com\/fr\/regimedies\/conditioners\/pure-light-conditioner\/#breadcrumb\",\"itemListElement\":[{\"@type\":\"ListItem\",\"position\":1,\"name\":\"I.C.O.N. Products\",\"item\":\"https:\/\/iconproducts.com\/fr\/\"},{\"@type\":\"ListItem\",\"position\":2,\"name\":\"Regimedies\",\"item\":\"https:\/\/iconproducts.com\/fr\/regimedies\/\"},{\"@type\":\"ListItem\",\"position\":3,\"name\":\"Conditionneurs\",\"item\":\"https:\/\/iconproducts.com\/fr\/regimedies\/conditioners\/\"},{\"@type\":\"ListItem\",\"position\":4,\"name\":\"Pure Light Conditioner\"}]},{\"@type\":\"WebSite\",\"@id\":\"https:\/\/iconproducts.com\/es\/#website\",\"url\":\"https:\/\/iconproducts.com\/es\/\",\"name\":\"I.C.O.N. Products\",\"description\":\"Productos de peluquer\u00eda\",\"publisher\":{\"@id\":\"https:\/\/iconproducts.com\/es\/#organization\"},\"potentialAction\":[{\"@type\":\"SearchAction\",\"target\":{\"@type\":\"EntryPoint\",\"urlTemplate\":\"https:\/\/iconproducts.com\/es\/?s={search_term_string}\"},\"query-input\":{\"@type\":\"PropertyValueSpecification\",\"valueRequired\":true,\"valueName\":\"search_term_string\"}}],\"inLanguage\":\"fr-FR\"},{\"@type\":\"Organization\",\"@id\":\"https:\/\/iconproducts.com\/es\/#organization\",\"name\":\"I.C.O.N. Products\",\"url\":\"https:\/\/iconproducts.com\/es\/\",\"logo\":{\"@type\":\"ImageObject\",\"inLanguage\":\"fr-FR\",\"@id\":\"https:\/\/iconproducts.com\/es\/#\/schema\/logo\/image\/\",\"url\":\"https:\/\/iconproducts.com\/wp-content\/uploads\/2018\/08\/logo-icon-1.jpg\",\"contentUrl\":\"https:\/\/iconproducts.com\/wp-content\/uploads\/2018\/08\/logo-icon-1.jpg\",\"width\":1000,\"height\":1000,\"caption\":\"I.C.O.N. Products\"},\"image\":{\"@id\":\"https:\/\/iconproducts.com\/es\/#\/schema\/logo\/image\/\"},\"sameAs\":[\"https:\/\/www.facebook.com\/iconproducts.spain\",\"https:\/\/www.instagram.com\/iconspain\/\",\"https:\/\/www.youtube.com\/channel\/UCw0myea3fiZRsj72sNBnMqQ\"]}]}<\/script>\n<!-- \/ Yoast SEO plugin. -->","yoast_head_json":{"title":"Pure Light Conditioner | I.C.O.N. Products","robots":{"index":"index","follow":"follow","max-snippet":"max-snippet:-1","max-image-preview":"max-image-preview:large","max-video-preview":"max-video-preview:-1"},"canonical":"https:\/\/iconproducts.com\/fr\/regimedies\/conditioners\/pure-light-conditioner\/","og_locale":"fr_FR","og_type":"article","og_title":"Pure Light Conditioner | I.C.O.N. Products","og_description":"[vc_row][vc_column][\/vc_column][\/vc_row][vc_row][vc_column width=\u00a0\u00bb1\/2&Prime;][\/vc_column][vc_column width=\u00a0\u00bb1\/2&Prime;][vc_column_text]Qu&rsquo;est-ce que c&rsquo;est ? Conditionneur toning violet Pour qui ? Cr\u00e9\u00e9 pour celles qui ont des cheveux clairs ou d\u00e9color\u00e9s, qu&rsquo;ils soient obtenus en salon ou naturels, tels","og_url":"https:\/\/iconproducts.com\/fr\/regimedies\/conditioners\/pure-light-conditioner\/","og_site_name":"I.C.O.N. Products","article_publisher":"https:\/\/www.facebook.com\/iconproducts.spain","article_modified_time":"2023-10-09T16:29:53+00:00","og_image":[{"width":1000,"height":1000,"url":"https:\/\/iconproducts.com\/wp-content\/uploads\/2020\/06\/purelight-conditioner-min-1.jpg","type":"image\/jpeg"}],"twitter_card":"summary_large_image","schema":{"@context":"https:\/\/schema.org","@graph":[{"@type":"WebPage","@id":"https:\/\/iconproducts.com\/fr\/regimedies\/conditioners\/pure-light-conditioner\/","url":"https:\/\/iconproducts.com\/fr\/regimedies\/conditioners\/pure-light-conditioner\/","name":"Pure Light Conditioner | I.C.O.N. Products","isPartOf":{"@id":"https:\/\/iconproducts.com\/es\/#website"},"primaryImageOfPage":{"@id":"https:\/\/iconproducts.com\/fr\/regimedies\/conditioners\/pure-light-conditioner\/#primaryimage"},"image":{"@id":"https:\/\/iconproducts.com\/fr\/regimedies\/conditioners\/pure-light-conditioner\/#primaryimage"},"thumbnailUrl":"https:\/\/iconproducts.com\/wp-content\/uploads\/2020\/06\/purelight-conditioner-min-1.jpg","datePublished":"2020-06-03T12:46:41+00:00","dateModified":"2023-10-09T16:29:53+00:00","breadcrumb":{"@id":"https:\/\/iconproducts.com\/fr\/regimedies\/conditioners\/pure-light-conditioner\/#breadcrumb"},"inLanguage":"fr-FR","potentialAction":[{"@type":"ReadAction","target":["https:\/\/iconproducts.com\/fr\/regimedies\/conditioners\/pure-light-conditioner\/"]}]},{"@type":"ImageObject","inLanguage":"fr-FR","@id":"https:\/\/iconproducts.com\/fr\/regimedies\/conditioners\/pure-light-conditioner\/#primaryimage","url":"https:\/\/iconproducts.com\/wp-content\/uploads\/2020\/06\/purelight-conditioner-min-1.jpg","contentUrl":"https:\/\/iconproducts.com\/wp-content\/uploads\/2020\/06\/purelight-conditioner-min-1.jpg","width":1000,"height":1000,"caption":"PURPLE CONDITIONER"},{"@type":"BreadcrumbList","@id":"https:\/\/iconproducts.com\/fr\/regimedies\/conditioners\/pure-light-conditioner\/#breadcrumb","itemListElement":[{"@type":"ListItem","position":1,"name":"I.C.O.N. Products","item":"https:\/\/iconproducts.com\/fr\/"},{"@type":"ListItem","position":2,"name":"Regimedies","item":"https:\/\/iconproducts.com\/fr\/regimedies\/"},{"@type":"ListItem","position":3,"name":"Conditionneurs","item":"https:\/\/iconproducts.com\/fr\/regimedies\/conditioners\/"},{"@type":"ListItem","position":4,"name":"Pure Light Conditioner"}]},{"@type":"WebSite","@id":"https:\/\/iconproducts.com\/es\/#website","url":"https:\/\/iconproducts.com\/es\/","name":"I.C.O.N. Products","description":"Productos de peluquer\u00eda","publisher":{"@id":"https:\/\/iconproducts.com\/es\/#organization"},"potentialAction":[{"@type":"SearchAction","target":{"@type":"EntryPoint","urlTemplate":"https:\/\/iconproducts.com\/es\/?s={search_term_string}"},"query-input":{"@type":"PropertyValueSpecification","valueRequired":true,"valueName":"search_term_string"}}],"inLanguage":"fr-FR"},{"@type":"Organization","@id":"https:\/\/iconproducts.com\/es\/#organization","name":"I.C.O.N. Products","url":"https:\/\/iconproducts.com\/es\/","logo":{"@type":"ImageObject","inLanguage":"fr-FR","@id":"https:\/\/iconproducts.com\/es\/#\/schema\/logo\/image\/","url":"https:\/\/iconproducts.com\/wp-content\/uploads\/2018\/08\/logo-icon-1.jpg","contentUrl":"https:\/\/iconproducts.com\/wp-content\/uploads\/2018\/08\/logo-icon-1.jpg","width":1000,"height":1000,"caption":"I.C.O.N. Products"},"image":{"@id":"https:\/\/iconproducts.com\/es\/#\/schema\/logo\/image\/"},"sameAs":["https:\/\/www.facebook.com\/iconproducts.spain","https:\/\/www.instagram.com\/iconspain\/","https:\/\/www.youtube.com\/channel\/UCw0myea3fiZRsj72sNBnMqQ"]}]}},"_links":{"self":[{"href":"https:\/\/iconproducts.com\/fr\/wp-json\/wp\/v2\/pages\/53846","targetHints":{"allow":["GET"]}}],"collection":[{"href":"https:\/\/iconproducts.com\/fr\/wp-json\/wp\/v2\/pages"}],"about":[{"href":"https:\/\/iconproducts.com\/fr\/wp-json\/wp\/v2\/types\/page"}],"author":[{"embeddable":true,"href":"https:\/\/iconproducts.com\/fr\/wp-json\/wp\/v2\/users\/1"}],"replies":[{"embeddable":true,"href":"https:\/\/iconproducts.com\/fr\/wp-json\/wp\/v2\/comments?post=53846"}],"version-history":[{"count":7,"href":"https:\/\/iconproducts.com\/fr\/wp-json\/wp\/v2\/pages\/53846\/revisions"}],"predecessor-version":[{"id":112341,"href":"https:\/\/iconproducts.com\/fr\/wp-json\/wp\/v2\/pages\/53846\/revisions\/112341"}],"up":[{"embeddable":true,"href":"https:\/\/iconproducts.com\/fr\/wp-json\/wp\/v2\/pages\/53809"}],"wp:featuredmedia":[{"embeddable":true,"href":"https:\/\/iconproducts.com\/fr\/wp-json\/wp\/v2\/media\/53351"}],"wp:attachment":[{"href":"https:\/\/iconproducts.com\/fr\/wp-json\/wp\/v2\/media?parent=53846"}],"wp:term":[{"taxonomy":"post_tag","embeddable":true,"href":"https:\/\/iconproducts.com\/fr\/wp-json\/wp\/v2\/tags?post=53846"},{"taxonomy":"wf_page_folders","embeddable":true,"href":"https:\/\/iconproducts.com\/fr\/wp-json\/wp\/v2\/wf_page_folders?post=53846"}],"curies":[{"name":"wp","href":"https:\/\/api.w.org\/{rel}","templated":true}]}}