{"id":59232,"date":"2022-02-11T11:05:04","date_gmt":"2022-02-11T10:05:04","guid":{"rendered":"https:\/\/iconproducts.com\/?page_id=59232"},"modified":"2024-02-16T12:23:07","modified_gmt":"2024-02-16T11:23:07","slug":"5-25-launch","status":"publish","type":"page","link":"https:\/\/iconproducts.com\/fr\/5-25-launch\/","title":{"rendered":"5-25-launch"},"content":{"rendered":"<h2>5.25<\/h2>\n<h2>R\u00c9G\u00c9N\u00c9RATEUR DE CROISSANCE DES CHEVEUX<\/h2>\n<p>\t\t<iframe title=\"Chiara - 5.25 [ING]\" src=\"https:\/\/player.vimeo.com\/video\/685564674?h=6c40c8aea9&amp;dnt=1&amp;app_id=122963\" width=\"1200\" height=\"675\" frameborder=\"0\" allow=\"autoplay; fullscreen; picture-in-picture\" allowfullscreen><\/iframe>\t\t<\/p>\n<h3>\n\t\t\t\t\tNourrir le<br \/>\n\t\t\t\t\t<strong>follicule<\/strong>.<br \/>\n\t\t\t\t<\/h3>\n<p>\t\t<iframe title=\"525 modelo\" src=\"https:\/\/player.vimeo.com\/video\/816169098?h=d49a905533&amp;dnt=1&amp;app_id=122963\" width=\"563\" height=\"1000\" frameborder=\"0\" allow=\"autoplay; fullscreen; picture-in-picture\" allowfullscreen><\/iframe>\t\t<\/p>\n<h2>Exp\u00e9rience<\/h2>\n<p>Voici <strong>5.25<\/strong>, le produit de repousse et de reg\u00e9n\u00e9ration des cheveux d&rsquo;I.C.O.N.<\/p>\n<p>Con\u00e7u pour maintenir des cheveux plus volumineux, plus \u00e9pais et plus forts. Renforce le follicule et favorise la croissance des cheveux.<\/p>\n<p>https:\/\/vimeo.com\/816851145<br \/>\n\t\t\t\t\t\t\t\t\t\t\t\t\t\t\t<img loading=\"lazy\" decoding=\"async\" width=\"843\" height=\"1500\" src=\"https:\/\/iconproducts.com\/wp-content\/uploads\/2023\/04\/525BOTTLE.png\" alt=\"\" loading=\"lazy\" srcset=\"https:\/\/iconproducts.com\/wp-content\/uploads\/2023\/04\/525BOTTLE.png 843w, https:\/\/iconproducts.com\/wp-content\/uploads\/2023\/04\/525BOTTLE-281x500.png 281w, https:\/\/iconproducts.com\/wp-content\/uploads\/2023\/04\/525BOTTLE-575x1024.png 575w, https:\/\/iconproducts.com\/wp-content\/uploads\/2023\/04\/525BOTTLE-169x300.png 169w, https:\/\/iconproducts.com\/wp-content\/uploads\/2023\/04\/525BOTTLE-768x1367.png 768w\" sizes=\"auto, (max-width: 843px) 100vw, 843px\" \/>\t\t\t\t\t\t\t\t\t\t\t\t\t\t\t<\/p>\n<h2>Un avantage <b>cumulatif<\/b> pour des r\u00e9sultats <b>durables<\/b>.<\/h2>\n<p>\t\t\t\t\t\t\t\t\t\t\t\t\t\t\t<img loading=\"lazy\" decoding=\"async\" width=\"1164\" height=\"2070\" src=\"https:\/\/iconproducts.com\/wp-content\/uploads\/2023\/04\/525lab.jpg\" alt=\"\" loading=\"lazy\" srcset=\"https:\/\/iconproducts.com\/wp-content\/uploads\/2023\/04\/525lab.jpg 1164w, https:\/\/iconproducts.com\/wp-content\/uploads\/2023\/04\/525lab-281x500.jpg 281w, https:\/\/iconproducts.com\/wp-content\/uploads\/2023\/04\/525lab-576x1024.jpg 576w, https:\/\/iconproducts.com\/wp-content\/uploads\/2023\/04\/525lab-169x300.jpg 169w, https:\/\/iconproducts.com\/wp-content\/uploads\/2023\/04\/525lab-768x1366.jpg 768w, https:\/\/iconproducts.com\/wp-content\/uploads\/2023\/04\/525lab-864x1536.jpg 864w, https:\/\/iconproducts.com\/wp-content\/uploads\/2023\/04\/525lab-1152x2048.jpg 1152w\" sizes=\"auto, (max-width: 1164px) 100vw, 1164px\" \/>\t\t\t\t\t\t\t\t\t\t\t\t\t\t\t<\/p>\n<h2>De la science dans vos cheveux<\/h2>\n<p>\u2014 Ingr\u00e9dients \u2014<\/p>\n<p>\t\t\t\t\t\t\t\t\t Main Ingredients<br \/>\n\t\t\t\t\t\t\t\t\t Full list<br \/>\n\t\t\t\t\t\t\t\t\t Main Ingredients<\/p>\n<p><strong>CAPIXYL\u2122<\/strong><br \/>A biomimetic peptide combined with red clover extract enriched in Biochanin A. Improves fibrous proteins, reduces cell inflammation and the enzyme inhibitor for hair loss.<\/p>\n<p><strong>FOLLISYNC\u2122<\/strong><br \/>Boosts hair renewal and maintains natural hair growth.<\/p>\n<p><strong>CAPAUXEIN\u2122<\/strong><br \/>Designed to target specific molecules and proteins in the hair.<\/p>\n<p>\t\t\t\t\t\t\t\t\t Full list<\/p>\n<p><em>Aqua (water\/eau), sd alcohol 40b (ethyl alcohol), propanediol, phenethyl alcohol, glycerin, hydroxyethyl cellulose, menthyl lactate, ethoxydiglycol, butylene glycol, trifolium pratense (red clover) flower extract, caprylhydroxamic acid, dimethyl isosorbide, panthenol, sodium hyaluronate, acetyl hexapeptide-3, hydrolyzed corn protein, dextran, hydrolyzed adansonia digitata (baobab) seed protein, hydrolyzed vegetable protein pg-propyl silanetriol, vicia faba seed extract, citric acid.<\/em><\/p>\n<hr \/>\n<p>We are commited to providing high quality, natural, and eco-conscious products, that are high performing and innovative. Our ingredient list may vary from time to time, as we stay above and beyond all compliances. Please refer to the printed packaging for the most accurate ingredient list.<\/p>\n<h2>Besoin de plus d&rsquo;informations?<\/h2>\n<p>\t\t\t<a href=\"https:\/\/iconproducts.com\/wp-content\/uploads\/2022\/03\/5.25-QR_FR.pdf\" target=\"_blank\" rel=\"nofollow noopener\" role=\"button\"><br \/>\n\t\t\t\t\t\t\u00c9tudes cliniques<br \/>\n\t\t\t\t\t<\/a><br \/>\n\t\t<iframe title=\"525 ingredientes\" src=\"https:\/\/player.vimeo.com\/video\/816167050?h=8fe084f65a&amp;dnt=1&amp;app_id=122963\" width=\"563\" height=\"1000\" frameborder=\"0\" allow=\"autoplay; fullscreen; picture-in-picture\" allowfullscreen><\/iframe>\t\t<\/p>\n<h2>Augmente la <b>densit\u00e9<\/b> des cheveux.<\/h2>\n<p>\t\t<iframe title=\"525 aplicacion\" src=\"https:\/\/player.vimeo.com\/video\/816169121?h=e49ab24f06&amp;dnt=1&amp;app_id=122963\" width=\"563\" height=\"1000\" frameborder=\"0\" allow=\"autoplay; fullscreen; picture-in-picture\" allowfullscreen><\/iframe>\t\t<\/p>\n<h2>Application<\/h2>\n<p>&#8211; Appliqu\u00e9 directement sur le cuir chevelu, il ne modifiera pas votre coiffure et ne vous donnera pas de corps.<\/p>\n<p>&#8211; Il s&rsquo;utilise sur cheveux fra\u00eechement lav\u00e9s et conditionn\u00e9s ou sur cheveux secs. Il n&rsquo;est pas n\u00e9cessaire de l&rsquo;appliquer sur des cheveux fra\u00eechement lav\u00e9s, car il p\u00e9n\u00e8tre dans le cuir chevelu.<\/p>\n<p>&#8211; Utilisez-le une fois par jour ou jusqu&rsquo;\u00e0 trois fois par jour.<\/p>\n<p>\t\t\t\t\t\t\t\t\t\t\t\t<a href=\"\">Utiliser avec <b>Elixir<\/b><\/a><\/p>\n<p><em>Faites suivre l&#8217;application de <strong>5.25<\/strong> par <strong>Elixir<\/strong> pour b\u00e9n\u00e9ficier au maximum des avantages des deux produits et obtenir une chevelure pleine de volume. Les caract\u00e9ristiques de <strong>5.25<\/strong> sont totalement diff\u00e9rentes de celles d&#8217;Elixir.<\/em><\/p>\n<p><em><strong>5.25<\/strong> est un liquide transparent qui renforce le follicule et favorise la croissance des cheveux. De m\u00eame, <strong>Elixir<\/strong> favorise la croissance tout en donnant du corps aux cheveux existants. Ces deux produits th\u00e9rapeutiques r\u00e9parateurs peuvent \u00eatre utilis\u00e9s ensemble ou seuls, en fonction de vos besoins en mati\u00e8re de soins capillaires.<\/em><\/p>\n<p>\t\t\t\t\t\t\t\t\t\t\t\t\t\t\t<img loading=\"lazy\" decoding=\"async\" width=\"1164\" height=\"2070\" src=\"https:\/\/iconproducts.com\/wp-content\/uploads\/2023\/04\/525yelixir.jpg\" alt=\"\" loading=\"lazy\" srcset=\"https:\/\/iconproducts.com\/wp-content\/uploads\/2023\/04\/525yelixir.jpg 1164w, https:\/\/iconproducts.com\/wp-content\/uploads\/2023\/04\/525yelixir-281x500.jpg 281w, https:\/\/iconproducts.com\/wp-content\/uploads\/2023\/04\/525yelixir-576x1024.jpg 576w, https:\/\/iconproducts.com\/wp-content\/uploads\/2023\/04\/525yelixir-169x300.jpg 169w, https:\/\/iconproducts.com\/wp-content\/uploads\/2023\/04\/525yelixir-768x1366.jpg 768w, https:\/\/iconproducts.com\/wp-content\/uploads\/2023\/04\/525yelixir-864x1536.jpg 864w, https:\/\/iconproducts.com\/wp-content\/uploads\/2023\/04\/525yelixir-1152x2048.jpg 1152w\" sizes=\"auto, (max-width: 1164px) 100vw, 1164px\" \/>\t\t\t\t\t\t\t\t\t\t\t\t\t\t\t<\/p>\n<h3>\n\t\t\t\t\t\tAwards<br \/>\n\t\t\t\t<\/h3>\n<p>\t\t\t\t\t\t\t\t\t\t\t\t\t\t\t<img decoding=\"async\" src=\"https:\/\/iconproducts.com\/wp-content\/uploads\/2023\/07\/CLARA_LOGO.png\" title=\"CLARA_LOGO\" alt=\"CLARA_LOGO\" loading=\"lazy\" \/>\t\t\t\t\t\t\t\t\t\t\t\t\t\t\t<\/p>\n<p><strong style=\"letter-spacing: 0px;\">Clara Beauty Awards 2023<\/strong><br \/><em>\u2014 Best Hair Care Product<\/em><em>\u00a0\u2014<\/em><\/p>\n<h3>\n\t\t\t\t\tNourrit et alimente le <strong>follicule<\/strong> pour des cheveux plus<br \/>\n\t\t\t\t\t<strong>forts<\/strong><br \/>\n\t\t\t\t\tet plus <strong>\u00e9pais<\/strong>.<br \/>\n\t\t\t\t\t<\/h3>\n<h2>R\u00e9sultats<\/h2>\n<p style=\"line-height: inherit; letter-spacing: normal;\">Augmente la densit\u00e9 des cheveux et leur donne un aspect plus volumineux et plus \u00e9pais. Avantage cumulatif pour des r\u00e9sultats durables.<\/p>\n<h2>Retrouvez les cheveux que vous aviez autrefois.<\/h2>\n<p>\t\t<iframe title=\"Testimonios 5.25 01_ING\" src=\"https:\/\/player.vimeo.com\/video\/701706505?h=f886255a1a&amp;dnt=1&amp;app_id=122963\" width=\"1200\" height=\"675\" frameborder=\"0\" allow=\"autoplay; fullscreen; picture-in-picture\" allowfullscreen><\/iframe>\t\t<\/p>\n<figure><img decoding=\"async\" src=\"https:\/\/iconproducts.com\/wp-content\/uploads\/2023\/04\/525BA-5.jpg\" alt=\"525BA-5\" \/><\/figure>\n<figure><img decoding=\"async\" src=\"https:\/\/iconproducts.com\/wp-content\/uploads\/2023\/04\/525BA-1.jpg\" alt=\"525BA-1\" \/><\/figure>\n<figure><img decoding=\"async\" src=\"https:\/\/iconproducts.com\/wp-content\/uploads\/2023\/04\/525BA-7.jpg\" alt=\"525BA-7\" \/><\/figure>\n<figure><img decoding=\"async\" src=\"https:\/\/iconproducts.com\/wp-content\/uploads\/2023\/04\/525BA-2.jpg\" alt=\"525BA-2\" \/><\/figure>\n<figure><img decoding=\"async\" src=\"https:\/\/iconproducts.com\/wp-content\/uploads\/2023\/04\/525BA-6.jpg\" alt=\"525BA-6\" \/><\/figure>\n<figure><img decoding=\"async\" src=\"https:\/\/iconproducts.com\/wp-content\/uploads\/2023\/04\/525BA-4.jpg\" alt=\"525BA-4\" \/><\/figure>\n<figure><img decoding=\"async\" src=\"https:\/\/iconproducts.com\/wp-content\/uploads\/2023\/04\/525BA-8.jpg\" alt=\"525BA-8\" \/><\/figure>\n<p>\t\t\t\t\t\t\t\t\t\t\t\tPrevious<br \/>\n\t\t\t\t\t\t\t\t\t\t\t\tNext<\/p>\n","protected":false},"excerpt":{"rendered":"<p>5.25 R\u00c9G\u00c9N\u00c9RATEUR DE CROISSANCE DES CHEVEUX Nourrir le follicule. Exp\u00e9rience Voici 5.25, le produit de repousse et de reg\u00e9n\u00e9ration des cheveux d&rsquo;I.C.O.N. Con\u00e7u pour maintenir des cheveux plus volumineux, plus<\/p>\n","protected":false},"author":1,"featured_media":0,"parent":0,"menu_order":0,"comment_status":"closed","ping_status":"closed","template":"","meta":{"_acf_changed":false,"footnotes":""},"tags":[],"wf_page_folders":[367],"class_list":["post-59232","page","type-page","status-publish","hentry"],"acf":[],"yoast_head":"<!-- This site is optimized with the Yoast SEO plugin v27.0 - https:\/\/yoast.com\/product\/yoast-seo-wordpress\/ -->\n<title>5-25-launch | I.C.O.N. Products<\/title>\n<meta name=\"robots\" content=\"noindex, nofollow\" \/>\n<meta property=\"og:locale\" content=\"fr_FR\" \/>\n<meta property=\"og:type\" content=\"article\" \/>\n<meta property=\"og:title\" content=\"5-25-launch | I.C.O.N. Products\" \/>\n<meta property=\"og:description\" content=\"5.25 R\u00c9G\u00c9N\u00c9RATEUR DE CROISSANCE DES CHEVEUX Nourrir le follicule. Exp\u00e9rience Voici 5.25, le produit de repousse et de reg\u00e9n\u00e9ration des cheveux d&rsquo;I.C.O.N. Con\u00e7u pour maintenir des cheveux plus volumineux, plus\" \/>\n<meta property=\"og:url\" content=\"https:\/\/iconproducts.com\/fr\/5-25-launch\/\" \/>\n<meta property=\"og:site_name\" content=\"I.C.O.N. Products\" \/>\n<meta property=\"article:publisher\" content=\"https:\/\/www.facebook.com\/iconproducts.spain\" \/>\n<meta property=\"article:modified_time\" content=\"2024-02-16T11:23:07+00:00\" \/>\n<meta property=\"og:image\" content=\"https:\/\/iconproducts.com\/wp-content\/uploads\/2023\/04\/525BOTTLE.png\" \/>\n<meta name=\"twitter:card\" content=\"summary_large_image\" \/>\n<script type=\"application\/ld+json\" class=\"yoast-schema-graph\">{\"@context\":\"https:\/\/schema.org\",\"@graph\":[{\"@type\":\"WebPage\",\"@id\":\"https:\/\/iconproducts.com\/fr\/5-25-launch\/\",\"url\":\"https:\/\/iconproducts.com\/fr\/5-25-launch\/\",\"name\":\"5-25-launch | I.C.O.N. Products\",\"isPartOf\":{\"@id\":\"https:\/\/iconproducts.com\/es\/#website\"},\"primaryImageOfPage\":{\"@id\":\"https:\/\/iconproducts.com\/fr\/5-25-launch\/#primaryimage\"},\"image\":{\"@id\":\"https:\/\/iconproducts.com\/fr\/5-25-launch\/#primaryimage\"},\"thumbnailUrl\":\"https:\/\/iconproducts.com\/wp-content\/uploads\/2023\/04\/525BOTTLE.png\",\"datePublished\":\"2022-02-11T10:05:04+00:00\",\"dateModified\":\"2024-02-16T11:23:07+00:00\",\"breadcrumb\":{\"@id\":\"https:\/\/iconproducts.com\/fr\/5-25-launch\/#breadcrumb\"},\"inLanguage\":\"fr-FR\",\"potentialAction\":[{\"@type\":\"ReadAction\",\"target\":[\"https:\/\/iconproducts.com\/fr\/5-25-launch\/\"]}]},{\"@type\":\"ImageObject\",\"inLanguage\":\"fr-FR\",\"@id\":\"https:\/\/iconproducts.com\/fr\/5-25-launch\/#primaryimage\",\"url\":\"https:\/\/iconproducts.com\/wp-content\/uploads\/2023\/04\/525BOTTLE.png\",\"contentUrl\":\"https:\/\/iconproducts.com\/wp-content\/uploads\/2023\/04\/525BOTTLE.png\"},{\"@type\":\"BreadcrumbList\",\"@id\":\"https:\/\/iconproducts.com\/fr\/5-25-launch\/#breadcrumb\",\"itemListElement\":[{\"@type\":\"ListItem\",\"position\":1,\"name\":\"I.C.O.N. Products\",\"item\":\"https:\/\/iconproducts.com\/fr\/\"},{\"@type\":\"ListItem\",\"position\":2,\"name\":\"5-25-launch\"}]},{\"@type\":\"WebSite\",\"@id\":\"https:\/\/iconproducts.com\/es\/#website\",\"url\":\"https:\/\/iconproducts.com\/es\/\",\"name\":\"I.C.O.N. Products\",\"description\":\"Productos de peluquer\u00eda\",\"publisher\":{\"@id\":\"https:\/\/iconproducts.com\/es\/#organization\"},\"potentialAction\":[{\"@type\":\"SearchAction\",\"target\":{\"@type\":\"EntryPoint\",\"urlTemplate\":\"https:\/\/iconproducts.com\/es\/?s={search_term_string}\"},\"query-input\":{\"@type\":\"PropertyValueSpecification\",\"valueRequired\":true,\"valueName\":\"search_term_string\"}}],\"inLanguage\":\"fr-FR\"},{\"@type\":\"Organization\",\"@id\":\"https:\/\/iconproducts.com\/es\/#organization\",\"name\":\"I.C.O.N. Products\",\"url\":\"https:\/\/iconproducts.com\/es\/\",\"logo\":{\"@type\":\"ImageObject\",\"inLanguage\":\"fr-FR\",\"@id\":\"https:\/\/iconproducts.com\/es\/#\/schema\/logo\/image\/\",\"url\":\"https:\/\/iconproducts.com\/wp-content\/uploads\/2018\/08\/logo-icon-1.jpg\",\"contentUrl\":\"https:\/\/iconproducts.com\/wp-content\/uploads\/2018\/08\/logo-icon-1.jpg\",\"width\":1000,\"height\":1000,\"caption\":\"I.C.O.N. Products\"},\"image\":{\"@id\":\"https:\/\/iconproducts.com\/es\/#\/schema\/logo\/image\/\"},\"sameAs\":[\"https:\/\/www.facebook.com\/iconproducts.spain\",\"https:\/\/www.instagram.com\/iconspain\/\",\"https:\/\/www.youtube.com\/channel\/UCw0myea3fiZRsj72sNBnMqQ\"]}]}<\/script>\n<!-- \/ Yoast SEO plugin. -->","yoast_head_json":{"title":"5-25-launch | I.C.O.N. Products","robots":{"index":"noindex","follow":"nofollow"},"og_locale":"fr_FR","og_type":"article","og_title":"5-25-launch | I.C.O.N. Products","og_description":"5.25 R\u00c9G\u00c9N\u00c9RATEUR DE CROISSANCE DES CHEVEUX Nourrir le follicule. Exp\u00e9rience Voici 5.25, le produit de repousse et de reg\u00e9n\u00e9ration des cheveux d&rsquo;I.C.O.N. Con\u00e7u pour maintenir des cheveux plus volumineux, plus","og_url":"https:\/\/iconproducts.com\/fr\/5-25-launch\/","og_site_name":"I.C.O.N. Products","article_publisher":"https:\/\/www.facebook.com\/iconproducts.spain","article_modified_time":"2024-02-16T11:23:07+00:00","og_image":[{"url":"https:\/\/iconproducts.com\/wp-content\/uploads\/2023\/04\/525BOTTLE.png","type":"","width":"","height":""}],"twitter_card":"summary_large_image","schema":{"@context":"https:\/\/schema.org","@graph":[{"@type":"WebPage","@id":"https:\/\/iconproducts.com\/fr\/5-25-launch\/","url":"https:\/\/iconproducts.com\/fr\/5-25-launch\/","name":"5-25-launch | I.C.O.N. Products","isPartOf":{"@id":"https:\/\/iconproducts.com\/es\/#website"},"primaryImageOfPage":{"@id":"https:\/\/iconproducts.com\/fr\/5-25-launch\/#primaryimage"},"image":{"@id":"https:\/\/iconproducts.com\/fr\/5-25-launch\/#primaryimage"},"thumbnailUrl":"https:\/\/iconproducts.com\/wp-content\/uploads\/2023\/04\/525BOTTLE.png","datePublished":"2022-02-11T10:05:04+00:00","dateModified":"2024-02-16T11:23:07+00:00","breadcrumb":{"@id":"https:\/\/iconproducts.com\/fr\/5-25-launch\/#breadcrumb"},"inLanguage":"fr-FR","potentialAction":[{"@type":"ReadAction","target":["https:\/\/iconproducts.com\/fr\/5-25-launch\/"]}]},{"@type":"ImageObject","inLanguage":"fr-FR","@id":"https:\/\/iconproducts.com\/fr\/5-25-launch\/#primaryimage","url":"https:\/\/iconproducts.com\/wp-content\/uploads\/2023\/04\/525BOTTLE.png","contentUrl":"https:\/\/iconproducts.com\/wp-content\/uploads\/2023\/04\/525BOTTLE.png"},{"@type":"BreadcrumbList","@id":"https:\/\/iconproducts.com\/fr\/5-25-launch\/#breadcrumb","itemListElement":[{"@type":"ListItem","position":1,"name":"I.C.O.N. Products","item":"https:\/\/iconproducts.com\/fr\/"},{"@type":"ListItem","position":2,"name":"5-25-launch"}]},{"@type":"WebSite","@id":"https:\/\/iconproducts.com\/es\/#website","url":"https:\/\/iconproducts.com\/es\/","name":"I.C.O.N. Products","description":"Productos de peluquer\u00eda","publisher":{"@id":"https:\/\/iconproducts.com\/es\/#organization"},"potentialAction":[{"@type":"SearchAction","target":{"@type":"EntryPoint","urlTemplate":"https:\/\/iconproducts.com\/es\/?s={search_term_string}"},"query-input":{"@type":"PropertyValueSpecification","valueRequired":true,"valueName":"search_term_string"}}],"inLanguage":"fr-FR"},{"@type":"Organization","@id":"https:\/\/iconproducts.com\/es\/#organization","name":"I.C.O.N. Products","url":"https:\/\/iconproducts.com\/es\/","logo":{"@type":"ImageObject","inLanguage":"fr-FR","@id":"https:\/\/iconproducts.com\/es\/#\/schema\/logo\/image\/","url":"https:\/\/iconproducts.com\/wp-content\/uploads\/2018\/08\/logo-icon-1.jpg","contentUrl":"https:\/\/iconproducts.com\/wp-content\/uploads\/2018\/08\/logo-icon-1.jpg","width":1000,"height":1000,"caption":"I.C.O.N. Products"},"image":{"@id":"https:\/\/iconproducts.com\/es\/#\/schema\/logo\/image\/"},"sameAs":["https:\/\/www.facebook.com\/iconproducts.spain","https:\/\/www.instagram.com\/iconspain\/","https:\/\/www.youtube.com\/channel\/UCw0myea3fiZRsj72sNBnMqQ"]}]}},"_links":{"self":[{"href":"https:\/\/iconproducts.com\/fr\/wp-json\/wp\/v2\/pages\/59232","targetHints":{"allow":["GET"]}}],"collection":[{"href":"https:\/\/iconproducts.com\/fr\/wp-json\/wp\/v2\/pages"}],"about":[{"href":"https:\/\/iconproducts.com\/fr\/wp-json\/wp\/v2\/types\/page"}],"author":[{"embeddable":true,"href":"https:\/\/iconproducts.com\/fr\/wp-json\/wp\/v2\/users\/1"}],"replies":[{"embeddable":true,"href":"https:\/\/iconproducts.com\/fr\/wp-json\/wp\/v2\/comments?post=59232"}],"version-history":[{"count":19,"href":"https:\/\/iconproducts.com\/fr\/wp-json\/wp\/v2\/pages\/59232\/revisions"}],"predecessor-version":[{"id":119073,"href":"https:\/\/iconproducts.com\/fr\/wp-json\/wp\/v2\/pages\/59232\/revisions\/119073"}],"wp:attachment":[{"href":"https:\/\/iconproducts.com\/fr\/wp-json\/wp\/v2\/media?parent=59232"}],"wp:term":[{"taxonomy":"post_tag","embeddable":true,"href":"https:\/\/iconproducts.com\/fr\/wp-json\/wp\/v2\/tags?post=59232"},{"taxonomy":"wf_page_folders","embeddable":true,"href":"https:\/\/iconproducts.com\/fr\/wp-json\/wp\/v2\/wf_page_folders?post=59232"}],"curies":[{"name":"wp","href":"https:\/\/api.w.org\/{rel}","templated":true}]}}