
{"id":109127,"date":"2018-07-02T09:08:28","date_gmt":"2018-07-02T07:08:28","guid":{"rendered":"https:\/\/iconproducts.com\/?page_id=109127"},"modified":"2023-10-03T10:04:49","modified_gmt":"2023-10-03T08:04:49","slug":"proshield","status":"publish","type":"page","link":"https:\/\/iconproducts.com\/it\/salon-treatments\/proshield\/","title":{"rendered":"Proshield"},"content":{"rendered":"<p>[vc_row][vc_column]<div class=\"dfd-spacer-module\"  data-units=\"px\" data-wide_resolution=\"1280\" data-wide_size=\"100\" data-normal_resolution=\"1024\" data-normal_size=\"100\" data-tablet_resolution=\"800\" data-tablet_size=\"50\" data-mobile_resolution=\"480\" data-mobile_size=\"50\" style=\"height: 100px;\"><\/div>[\/vc_column][\/vc_row][vc_row][vc_column width=&#8221;1\/2&#8243;]<div id=\"dfd-single-image-module69da27c57b436-5517\" class=\"dfd-single-image-module  image-center \" ><img fetchpriority=\"high\" decoding=\"async\" src=\"https:\/\/iconproducts.com\/wp-content\/uploads\/2020\/06\/Litros-Proshield-min.jpg\" width=\"1000\" height=\"1000\"  alt=\"Image module\" \/><\/div><div class=\"dfd-spacer-module\"  data-units=\"px\" data-wide_resolution=\"1280\" data-wide_size=\"50\" data-normal_resolution=\"1024\" data-normal_size=\"50\" data-tablet_resolution=\"800\" data-tablet_size=\"50\" data-mobile_resolution=\"480\" data-mobile_size=\"50\" style=\"height: 50px;\"><\/div>[\/vc_column][vc_column width=&#8221;1\/2&#8243;]<div class=\"dfd-heading-shortcode\"><div class=\"dfd-heading-module-wrap  text-left style_01 dfd-heading-69da27c57b4d4 dfd-disable-resposive-headings\" id=\"dfd-heading-69da27c57b4d4\" ><div class=\"inline-block\"><div class=\"dfd-heading-module\"><h1 class=\"widget-title dfd-title \" style=\"\">Proshield<\/h1><h1 class=\"widget-sub-title dfd-sub-title \" style=\"\">Trattamento a base di proteine<\/h1><div class=\"dfd-heading-delimiter\"><\/div><\/div><\/div><\/div><script type=\"text\/javascript\">\n\t\t\t\t\t\t\t\t\t(function($) {\n\t\t\t\t\t\t\t\t\t\t$(\"head\").append(\"<style>.dfd-heading-69da27c57b4d4.dfd-heading-module-wrap .dfd-heading-module .dfd-heading-delimiter {border-bottom-style:solid;border-bottom-width:1px;width:100px;border-bottom-color:#dddddd;}.dfd-heading-69da27c57b4d4.dfd-heading-module-wrap .dfd-heading-module .dfd-heading-delimiter {margin-top:10px;margin-bottom:10px;}<\/style>\");\n\t\t\t\t\t\t\t\t\t})(jQuery);\n\t\t\t\t\t\t\t\t<\/script><\/div>[vc_column_text css_animation=&#8221;none&#8221;]<strong>Cos&#8217;\u00e8:<\/strong><br \/>\nTrattamento a base di proteine.<\/p>\n<p><strong>Quando \u00e8 indicato:<\/strong><br \/>\nPer tutti i tipi di capelli, specialmente per capelli sottili e trattati chimicamente.<\/p>\n<p><strong>Che azione ha:<\/strong><br \/>\nRafforza i capelli lasciandoli pi\u00f9 spessi, pi\u00f9 forti e resistenti ai danni.<\/p>\n<p><strong>Applicazione:<\/strong><br \/>\nDopo lo shampoo, rimuovere l&#8217;umidit\u00e0 in eccesso, applicare Proshield sui capelli. Asciugare con il phon per 15-20 minuti senza coprirli per creare uno scudo protettivo. Sciacquare per bene e procedere con uno shampoo leggero e conditioner.[\/vc_column_text]<div class=\"dfd-spacer-module\"  data-units=\"px\" data-wide_resolution=\"1280\" data-wide_size=\"20\" data-normal_resolution=\"1024\" data-normal_size=\"20\" data-tablet_resolution=\"800\" data-tablet_size=\"20\" data-mobile_resolution=\"480\" data-mobile_size=\"20\" style=\"height: 20px;\"><\/div><div class=\"dfd-delimier-main-wrapper \" ><div id=\"dfd-delimiter-69da27c57b65a-1516\"  class=\"dfd-delimier-wrapper dfd-delimiter-with-line \"  style='text-align:left; ' ><span><span class=\"line\" style=\"border-bottom-width:1px; border-bottom-style:dotted; \"><\/span><\/span><\/div><\/div><div class=\"dfd-spacer-module\"  data-units=\"px\" data-wide_resolution=\"1280\" data-wide_size=\"20\" data-normal_resolution=\"1024\" data-normal_size=\"20\" data-tablet_resolution=\"800\" data-tablet_size=\"20\" data-mobile_resolution=\"480\" data-mobile_size=\"20\" style=\"height: 20px;\"><\/div>[vc_row_inner el_class=&#8221;bloque-tamanos&#8221;][vc_column_inner][vc_column_text]<strong>Formati disponibili<\/strong>:[\/vc_column_text]<div class=\"dfd-info-banner style-01  text-center\" ><div class=\"image-cover \"><img decoding=\"async\" src=\"https:\/\/iconproducts.com\/wp-content\/uploads\/2023\/09\/litro-60x100.jpg\" alt=\"Image\"  width=\"60\" height=\"100\" class=\"info-banner-image \" \/><\/div><div class=\"info-box-title feature-title\" style=\"\">1 l.<\/div><div class=\"wrap-delimiter\"><div class=\"delimiter\" ><\/div><\/div><\/div>[\/vc_column_inner][\/vc_row_inner][vc_row_inner el_class=&#8221;comprar-it&#8221;][vc_column_inner]<div class=\"dfd-delimier-main-wrapper \" ><div id=\"dfd-delimiter-69da27c57b996-1045\"  class=\"dfd-delimier-wrapper dfd-delimiter-with-line \"  style='text-align:left; ' ><span><span class=\"line\" style=\"border-bottom-width:1px; border-bottom-style:dotted; \"><\/span><\/span><\/div><\/div><div class=\"dfd-spacer-module\"  data-units=\"px\" data-wide_resolution=\"1280\" data-wide_size=\"20\" data-normal_resolution=\"1024\" data-normal_size=\"20\" data-tablet_resolution=\"800\" data-tablet_size=\"20\" data-mobile_resolution=\"480\" data-mobile_size=\"20\" style=\"height: 20px;\"><\/div><div id=\"dfd-button-69da27c57ba4c\" class=\"dfd-button-module-wrap dfd-button-69da27c57ba4c\"><div class=\"dfd-button-module  style_3 text-left dfd-horizontal dfd-top-to-bottom dfd-button-icon-left dfd-button-icon-hover-simple\" ><a href=\"https:\/\/iconcasa.it\"target=\"_blank\" class=\"dfd-button-link\"><span class=\"dfd-button-inner-cover\"><span class=\"dfd-button-text-main\"><i class=\"dfd-icon-right_6\"><\/i>Acquista questo prodotto<\/span><\/span><\/a><\/div><script type=\"text\/javascript\">\n\t\t\t\t\t\t\t\t\t(function($) {$(\"head\").append(\"<style>#dfd-button-69da27c57ba4c.dfd-button-module-wrap .dfd-button-module .dfd-button-link .dfd-button-inner-cover span i, .dfd-button-69da27c57ba4c.dfd-button-module-wrap .dfd-button-module .dfd-button-link .dfd-button-inner-cover span i {font-size: 18px;}#dfd-button-69da27c57ba4c.dfd-button-module-wrap .dfd-button-module .dfd-button-link .dfd-button-inner-cover .dfd-button-text-main,.dfd-button-69da27c57ba4c.dfd-button-module-wrap .dfd-button-module .dfd-button-link .dfd-button-inner-cover .dfd-button-text-main {color: #ffffff}#dfd-button-69da27c57ba4c.dfd-button-module-wrap .dfd-button-module .dfd-button-link .dfd-button-inner-cover,.dfd-button-69da27c57ba4c.dfd-button-module-wrap .dfd-button-module .dfd-button-link .dfd-button-border-decoration,.dfd-button-69da27c57ba4c.dfd-button-module-wrap .dfd-button-module .dfd-button-link .dfd-button-inner-cover {border-radius:2px;}#dfd-button-69da27c57ba4c.dfd-button-module-wrap .dfd-button-module:not(.style_4) .dfd-button-link .dfd-button-inner-cover:before,#dfd-button-69da27c57ba4c.dfd-button-module-wrap .dfd-button-module.style_4 .dfd-button-link .dfd-button-inner-cover:after,#dfd-button-69da27c57ba4c.dfd-button-module-wrap .dfd-button-module.style_6 .dfd-button-link .dfd-button-inner-cover .dfd-button-text-main,.dfd-button-69da27c57ba4c.dfd-button-module-wrap .dfd-button-module:not(.style_4) .dfd-button-link .dfd-button-inner-cover:before,.dfd-button-69da27c57ba4c.dfd-button-module-wrap .dfd-button-module.style_4 .dfd-button-link .dfd-button-inner-cover:after,.dfd-button-69da27c57ba4c.dfd-button-module-wrap .dfd-button-module.style_6 .dfd-button-link .dfd-button-inner-cover .dfd-button-text-main {background: #1b1b1b;border-style:solid;border-width:1px;border-radius:2px;border-color:#1b1b1b;}#dfd-button-69da27c57ba4c.dfd-button-module-wrap .dfd-button-module:not(.style_6) .dfd-button-link:hover .dfd-button-inner-cover .dfd-button-text-main,#dfd-button-69da27c57ba4c.dfd-button-module-wrap .dfd-button-module .dfd-button-link .dfd-button-inner-cover .dfd-button-text-hover,.dfd-button-69da27c57ba4c.dfd-button-module-wrap .dfd-button-module:not(.style_6) .dfd-button-link:hover .dfd-button-inner-cover .dfd-button-text-main,.dfd-button-69da27c57ba4c.dfd-button-module-wrap .dfd-button-module .dfd-button-link .dfd-button-inner-cover .dfd-button-text-hover {color: #000000;}#dfd-button-69da27c57ba4c.dfd-button-module-wrap .dfd-button-module .dfd-button-link:hover .dfd-button-inner-cover,.dfd-button-69da27c57ba4c.dfd-button-module-wrap .dfd-button-module .dfd-button-link:hover .dfd-button-border-decoration,.dfd-button-69da27c57ba4c.dfd-button-module-wrap .dfd-button-module .dfd-button-link:hover .dfd-button-inner-cover {border-radius:2px;}#dfd-button-69da27c57ba4c.dfd-button-module-wrap .dfd-button-module:not(.style_4) .dfd-button-link .dfd-button-inner-cover:after,#dfd-button-69da27c57ba4c.dfd-button-module-wrap .dfd-button-module.style_4 .dfd-button-link .dfd-button-inner-cover:before,#dfd-button-69da27c57ba4c.dfd-button-module-wrap .dfd-button-module .dfd-button-link .dfd-button-inner-cover .dfd-button-text-hover .dfd-button-69da27c57ba4c.dfd-button-module-wrap .dfd-button-module:not(.style_4) .dfd-button-link .dfd-button-inner-cover:after,.dfd-button-69da27c57ba4c.dfd-button-module-wrap .dfd-button-module.style_4 .dfd-button-link .dfd-button-inner-cover:before,.dfd-button-69da27c57ba4c.dfd-button-module-wrap .dfd-button-module .dfd-button-link .dfd-button-inner-cover .dfd-button-text-hover {background: #ffffff;border-style:solid;border-width:1px;border-radius:2px;border-color:#045db5;}#dfd-button-69da27c57ba4c.dfd-button-module-wrap .dfd-button-module.style_3 .dfd-button-link:hover .dfd-button-inner-cover:before,#dfd-button-69da27c57ba4c.dfd-button-module-wrap .dfd-button-module.style_4 .dfd-button-link:hover .dfd-button-inner-cover:before,.dfd-button-69da27c57ba4c.dfd-button-module-wrap .dfd-button-module.style_3 .dfd-button-link:hover .dfd-button-inner-cover:before,.dfd-button-69da27c57ba4c.dfd-button-module-wrap .dfd-button-module.style_4 .dfd-button-link:hover .dfd-button-inner-cover:before {border-style:solid;border-width:1px;border-radius:2px;border-color:#045db5;}#dfd-button-69da27c57ba4c.dfd-button-module-wrap .dfd-button-module .dfd-button-link:hover .dfd-button-inner-cover .dfd-button-text-main i,.dfd-button-69da27c57ba4c.dfd-button-module-wrap .dfd-button-module .dfd-button-link:hover .dfd-button-inner-cover .dfd-button-text-main i {color: #045db5;}<\/style>\")\n\t\t\t\t\t\t\t\t\t})(jQuery);\n\t\t\t\t\t\t\t\t<\/script><\/div>[\/vc_column_inner][\/vc_row_inner][\/vc_column][\/vc_row][vc_section el_id=&#8221;new-ficha-product&#8221; css=&#8221;.vc_custom_1649256305138{margin-bottom: 60px !important;}&#8221;][vc_row][vc_column]<div class=\"dfd-spacer-module\"  data-units=\"px\" data-wide_resolution=\"1280\" data-wide_size=\"50\" data-normal_resolution=\"1024\" data-normal_size=\"50\" data-tablet_resolution=\"800\" data-tablet_size=\"50\" data-mobile_resolution=\"480\" data-mobile_size=\"50\" style=\"height: 50px;\"><\/div>[dfd_tta_tabs style=&#8221;empty_style&#8221; tab_title_uppercase=&#8221;uppercase&#8221; font_size=&#8221;15&#8243; icon_size=&#8221;15&#8243; active_section=&#8221;1&#8243; tab_title_font_options=&#8221;font_style_bold:1&#8243;][vc_tta_section i_position=&#8221;right&#8221; i_icon_fontawesome=&#8221;fas fa-plus&#8221; add_icon=&#8221;true&#8221; title=&#8221;PRINCIPI ATTIVI&#8221; tab_id=&#8221;1648023039495-7bc2b53a-3435&#8243;]<div class=\"dfd-spacer-module\"  data-units=\"px\" data-wide_resolution=\"1280\" data-wide_size=\"10\" data-normal_resolution=\"1024\" data-normal_size=\"10\" data-tablet_resolution=\"800\" data-tablet_size=\"10\" data-mobile_resolution=\"480\" data-mobile_size=\"10\" style=\"height: 10px;\"><\/div>[vc_row_inner][vc_column_inner css=&#8221;.vc_custom_1648024148386{padding-bottom: 40px !important;}&#8221; col_inner_shadow=&#8221;box_shadow_enable:disable|shadow_horizontal:0|shadow_vertical:15|shadow_blur:50|shadow_spread:0|box_shadow_color:rgba(0%2C0%2C0%2C0.35)&#8221; col_inner_shadow_hover=&#8221;box_shadow_enable:disable|shadow_horizontal:0|shadow_vertical:15|shadow_blur:50|shadow_spread:0|box_shadow_color:rgba(0%2C0%2C0%2C0.35)&#8221;]<div id=\"idinfobox69da27c57bb7e\" class=\"dfd-info-box clearfix style-01 layout-04 box-ficha-product idinfobox69da27c57bb7e\" ><div class=\"dfd-animate-container\"><div class=\"icon-wrapper\"><div class=\"module-icon\" ><div class=\"hover-layer\" ><\/div><img decoding=\"async\" src=\"https:\/\/iconproducts.com\/wp-content\/uploads\/2019\/04\/protein-mix.jpg\" alt=\"Image icon\" style=\"opacity: 1;\" \/><\/div><\/div><div class=\"content-wrap ovh\"><div class=\"info-box-title feature-title\" style=\"font-size: 18px; font-weight:bold; \">MIX PROTEICO<\/div><div class=\"wrap-delimiter\"><div class=\"delimiter\" ><\/div><\/div><div class=\"description\" style=\"\">Questa combinazione di proteine protegge i capelli, migliorando il controllo e la forza delle fibre dei capelli dall&#8217;interno, mentre forma uno scudo protettivo sui capelli<\/div><\/div><\/div><\/div>[\/vc_column_inner][\/vc_row_inner][\/vc_tta_section][vc_tta_section i_position=&#8221;right&#8221; i_icon_fontawesome=&#8221;fas fa-plus&#8221; add_icon=&#8221;true&#8221; title=&#8221;PRINCIPI&#8221; tab_id=&#8221;1647965598517-cf28458a-0f46&#8243;][vc_column_text]<em>Aqua (water\/eau), aminomethyl propanol, ascorbyl palmitate,buteth-3, carbomer, glycerin, hydroxyethylcellulose, hydroxyacetophenone, phospholipids, polyquaternium-11, retinyl palmitate, sodium benzotriazolyl butylphenol sulfonate, tocopheryl acetate, tributyl citrate, wheat amino acids, ethylhexylglycerin, phenoxyethanol, parfum (fragrance)<\/em><\/p>\n<p>Ci impegniamo a offrire prodotti di alta qualit\u00e0, naturali ed ecologici, ad alte prestazioni e innovazioni .Il nostro elenco di ingredienti pu\u00f2 variare di volta in volta, in quanto ci teniamo al di sopra di tutte le normative. Per un elenco pi\u00f9 accurato degli ingredienti, consultare dietro la confezione dove troverete le informazioni stampate.[\/vc_column_text][\/vc_tta_section][\/dfd_tta_tabs][\/vc_column][\/vc_row][\/vc_section]<\/p>\n","protected":false},"excerpt":{"rendered":"<p>[vc_row][vc_column][\/vc_column][\/vc_row][vc_row][vc_column width=&#8221;1\/2&#8243;][\/vc_column][vc_column width=&#8221;1\/2&#8243;][vc_column_text css_animation=&#8221;none&#8221;]Cos&#8217;\u00e8: Trattamento a base di proteine. Quando \u00e8 indicato: Per tutti i tipi di capelli, specialmente per capelli sottili e trattati chimicamente. Che azione ha: Rafforza i<\/p>\n","protected":false},"author":1,"featured_media":0,"parent":53731,"menu_order":0,"comment_status":"closed","ping_status":"closed","template":"page-custom-with-header.php","meta":{"_acf_changed":false,"footnotes":""},"tags":[],"wf_page_folders":[370],"class_list":["post-109127","page","type-page","status-publish","hentry"],"acf":[],"yoast_head":"<!-- This site is optimized with the Yoast SEO plugin v27.0 - https:\/\/yoast.com\/product\/yoast-seo-wordpress\/ -->\n<title>Proshield | I.C.O.N. Products<\/title>\n<meta name=\"robots\" content=\"index, follow, max-snippet:-1, max-image-preview:large, max-video-preview:-1\" \/>\n<link rel=\"canonical\" href=\"https:\/\/iconproducts.com\/it\/salon-treatments\/proshield\/\" \/>\n<meta property=\"og:locale\" content=\"it_IT\" \/>\n<meta property=\"og:type\" content=\"article\" \/>\n<meta property=\"og:title\" content=\"Proshield | I.C.O.N. Products\" \/>\n<meta property=\"og:description\" content=\"[vc_row][vc_column][\/vc_column][\/vc_row][vc_row][vc_column width=&#8221;1\/2&#8243;][\/vc_column][vc_column width=&#8221;1\/2&#8243;][vc_column_text css_animation=&#8221;none&#8221;]Cos&#8217;\u00e8: Trattamento a base di proteine. Quando \u00e8 indicato: Per tutti i tipi di capelli, specialmente per capelli sottili e trattati chimicamente. Che azione ha: Rafforza i\" \/>\n<meta property=\"og:url\" content=\"https:\/\/iconproducts.com\/it\/salon-treatments\/proshield\/\" \/>\n<meta property=\"og:site_name\" content=\"I.C.O.N. Products\" \/>\n<meta property=\"article:publisher\" content=\"https:\/\/www.facebook.com\/iconproducts.spain\" \/>\n<meta property=\"article:modified_time\" content=\"2023-10-03T08:04:49+00:00\" \/>\n<meta name=\"twitter:card\" content=\"summary_large_image\" \/>\n<script type=\"application\/ld+json\" class=\"yoast-schema-graph\">{\"@context\":\"https:\/\/schema.org\",\"@graph\":[{\"@type\":\"WebPage\",\"@id\":\"https:\/\/iconproducts.com\/it\/salon-treatments\/proshield\/\",\"url\":\"https:\/\/iconproducts.com\/it\/salon-treatments\/proshield\/\",\"name\":\"Proshield | I.C.O.N. Products\",\"isPartOf\":{\"@id\":\"https:\/\/iconproducts.com\/es\/#website\"},\"datePublished\":\"2018-07-02T07:08:28+00:00\",\"dateModified\":\"2023-10-03T08:04:49+00:00\",\"breadcrumb\":{\"@id\":\"https:\/\/iconproducts.com\/it\/salon-treatments\/proshield\/#breadcrumb\"},\"inLanguage\":\"it-IT\",\"potentialAction\":[{\"@type\":\"ReadAction\",\"target\":[\"https:\/\/iconproducts.com\/it\/salon-treatments\/proshield\/\"]}]},{\"@type\":\"BreadcrumbList\",\"@id\":\"https:\/\/iconproducts.com\/it\/salon-treatments\/proshield\/#breadcrumb\",\"itemListElement\":[{\"@type\":\"ListItem\",\"position\":1,\"name\":\"I.C.O.N. Products\",\"item\":\"https:\/\/iconproducts.com\/it\/\"},{\"@type\":\"ListItem\",\"position\":2,\"name\":\"Salon Treatments\",\"item\":\"https:\/\/iconproducts.com\/it\/salon-treatments\/\"},{\"@type\":\"ListItem\",\"position\":3,\"name\":\"Proshield\"}]},{\"@type\":\"WebSite\",\"@id\":\"https:\/\/iconproducts.com\/es\/#website\",\"url\":\"https:\/\/iconproducts.com\/es\/\",\"name\":\"I.C.O.N. Products\",\"description\":\"Productos de peluquer\u00eda\",\"publisher\":{\"@id\":\"https:\/\/iconproducts.com\/es\/#organization\"},\"potentialAction\":[{\"@type\":\"SearchAction\",\"target\":{\"@type\":\"EntryPoint\",\"urlTemplate\":\"https:\/\/iconproducts.com\/es\/?s={search_term_string}\"},\"query-input\":{\"@type\":\"PropertyValueSpecification\",\"valueRequired\":true,\"valueName\":\"search_term_string\"}}],\"inLanguage\":\"it-IT\"},{\"@type\":\"Organization\",\"@id\":\"https:\/\/iconproducts.com\/es\/#organization\",\"name\":\"I.C.O.N. Products\",\"url\":\"https:\/\/iconproducts.com\/es\/\",\"logo\":{\"@type\":\"ImageObject\",\"inLanguage\":\"it-IT\",\"@id\":\"https:\/\/iconproducts.com\/es\/#\/schema\/logo\/image\/\",\"url\":\"https:\/\/iconproducts.com\/wp-content\/uploads\/2018\/08\/logo-icon-1.jpg\",\"contentUrl\":\"https:\/\/iconproducts.com\/wp-content\/uploads\/2018\/08\/logo-icon-1.jpg\",\"width\":1000,\"height\":1000,\"caption\":\"I.C.O.N. Products\"},\"image\":{\"@id\":\"https:\/\/iconproducts.com\/es\/#\/schema\/logo\/image\/\"},\"sameAs\":[\"https:\/\/www.facebook.com\/iconproducts.spain\",\"https:\/\/www.instagram.com\/iconspain\/\",\"https:\/\/www.youtube.com\/channel\/UCw0myea3fiZRsj72sNBnMqQ\"]}]}<\/script>\n<!-- \/ Yoast SEO plugin. -->","yoast_head_json":{"title":"Proshield | I.C.O.N. Products","robots":{"index":"index","follow":"follow","max-snippet":"max-snippet:-1","max-image-preview":"max-image-preview:large","max-video-preview":"max-video-preview:-1"},"canonical":"https:\/\/iconproducts.com\/it\/salon-treatments\/proshield\/","og_locale":"it_IT","og_type":"article","og_title":"Proshield | I.C.O.N. Products","og_description":"[vc_row][vc_column][\/vc_column][\/vc_row][vc_row][vc_column width=&#8221;1\/2&#8243;][\/vc_column][vc_column width=&#8221;1\/2&#8243;][vc_column_text css_animation=&#8221;none&#8221;]Cos&#8217;\u00e8: Trattamento a base di proteine. Quando \u00e8 indicato: Per tutti i tipi di capelli, specialmente per capelli sottili e trattati chimicamente. Che azione ha: Rafforza i","og_url":"https:\/\/iconproducts.com\/it\/salon-treatments\/proshield\/","og_site_name":"I.C.O.N. Products","article_publisher":"https:\/\/www.facebook.com\/iconproducts.spain","article_modified_time":"2023-10-03T08:04:49+00:00","twitter_card":"summary_large_image","schema":{"@context":"https:\/\/schema.org","@graph":[{"@type":"WebPage","@id":"https:\/\/iconproducts.com\/it\/salon-treatments\/proshield\/","url":"https:\/\/iconproducts.com\/it\/salon-treatments\/proshield\/","name":"Proshield | I.C.O.N. Products","isPartOf":{"@id":"https:\/\/iconproducts.com\/es\/#website"},"datePublished":"2018-07-02T07:08:28+00:00","dateModified":"2023-10-03T08:04:49+00:00","breadcrumb":{"@id":"https:\/\/iconproducts.com\/it\/salon-treatments\/proshield\/#breadcrumb"},"inLanguage":"it-IT","potentialAction":[{"@type":"ReadAction","target":["https:\/\/iconproducts.com\/it\/salon-treatments\/proshield\/"]}]},{"@type":"BreadcrumbList","@id":"https:\/\/iconproducts.com\/it\/salon-treatments\/proshield\/#breadcrumb","itemListElement":[{"@type":"ListItem","position":1,"name":"I.C.O.N. Products","item":"https:\/\/iconproducts.com\/it\/"},{"@type":"ListItem","position":2,"name":"Salon Treatments","item":"https:\/\/iconproducts.com\/it\/salon-treatments\/"},{"@type":"ListItem","position":3,"name":"Proshield"}]},{"@type":"WebSite","@id":"https:\/\/iconproducts.com\/es\/#website","url":"https:\/\/iconproducts.com\/es\/","name":"I.C.O.N. Products","description":"Productos de peluquer\u00eda","publisher":{"@id":"https:\/\/iconproducts.com\/es\/#organization"},"potentialAction":[{"@type":"SearchAction","target":{"@type":"EntryPoint","urlTemplate":"https:\/\/iconproducts.com\/es\/?s={search_term_string}"},"query-input":{"@type":"PropertyValueSpecification","valueRequired":true,"valueName":"search_term_string"}}],"inLanguage":"it-IT"},{"@type":"Organization","@id":"https:\/\/iconproducts.com\/es\/#organization","name":"I.C.O.N. Products","url":"https:\/\/iconproducts.com\/es\/","logo":{"@type":"ImageObject","inLanguage":"it-IT","@id":"https:\/\/iconproducts.com\/es\/#\/schema\/logo\/image\/","url":"https:\/\/iconproducts.com\/wp-content\/uploads\/2018\/08\/logo-icon-1.jpg","contentUrl":"https:\/\/iconproducts.com\/wp-content\/uploads\/2018\/08\/logo-icon-1.jpg","width":1000,"height":1000,"caption":"I.C.O.N. Products"},"image":{"@id":"https:\/\/iconproducts.com\/es\/#\/schema\/logo\/image\/"},"sameAs":["https:\/\/www.facebook.com\/iconproducts.spain","https:\/\/www.instagram.com\/iconspain\/","https:\/\/www.youtube.com\/channel\/UCw0myea3fiZRsj72sNBnMqQ"]}]}},"_links":{"self":[{"href":"https:\/\/iconproducts.com\/it\/wp-json\/wp\/v2\/pages\/109127","targetHints":{"allow":["GET"]}}],"collection":[{"href":"https:\/\/iconproducts.com\/it\/wp-json\/wp\/v2\/pages"}],"about":[{"href":"https:\/\/iconproducts.com\/it\/wp-json\/wp\/v2\/types\/page"}],"author":[{"embeddable":true,"href":"https:\/\/iconproducts.com\/it\/wp-json\/wp\/v2\/users\/1"}],"replies":[{"embeddable":true,"href":"https:\/\/iconproducts.com\/it\/wp-json\/wp\/v2\/comments?post=109127"}],"version-history":[{"count":3,"href":"https:\/\/iconproducts.com\/it\/wp-json\/wp\/v2\/pages\/109127\/revisions"}],"predecessor-version":[{"id":111987,"href":"https:\/\/iconproducts.com\/it\/wp-json\/wp\/v2\/pages\/109127\/revisions\/111987"}],"up":[{"embeddable":true,"href":"https:\/\/iconproducts.com\/it\/wp-json\/wp\/v2\/pages\/53731"}],"wp:attachment":[{"href":"https:\/\/iconproducts.com\/it\/wp-json\/wp\/v2\/media?parent=109127"}],"wp:term":[{"taxonomy":"post_tag","embeddable":true,"href":"https:\/\/iconproducts.com\/it\/wp-json\/wp\/v2\/tags?post=109127"},{"taxonomy":"wf_page_folders","embeddable":true,"href":"https:\/\/iconproducts.com\/it\/wp-json\/wp\/v2\/wf_page_folders?post=109127"}],"curies":[{"name":"wp","href":"https:\/\/api.w.org\/{rel}","templated":true}]}}