
{"id":48568,"date":"2019-09-26T11:48:18","date_gmt":"2019-09-26T11:48:18","guid":{"rendered":"https:\/\/iconproducts.com\/vogue-belleza-entrevista-a-chiara\/"},"modified":"2019-10-22T07:52:19","modified_gmt":"2019-10-22T07:52:19","slug":"vogue-belleza-intervista-chiara","status":"publish","type":"page","link":"https:\/\/iconproducts.com\/it\/vogue-belleza-intervista-chiara\/","title":{"rendered":"Vogue Belleza intervista Chiara"},"content":{"rendered":"<p>[vc_row][vc_column]<div class=\"dfd-spacer-module\"  data-units=\"px\" data-wide_resolution=\"1280\" data-wide_size=\"51\" data-normal_resolution=\"1024\" data-normal_size=\"51\" data-tablet_resolution=\"800\" data-tablet_size=\"51\" data-mobile_resolution=\"480\" data-mobile_size=\"51\" style=\"height: 51px;\"><\/div><div class=\"dfd-heading-shortcode\"><div class=\"dfd-heading-module-wrap  text-center style_01 dfd-heading-69e4c2c8bf1c4 dfd-disable-resposive-headings\" id=\"dfd-heading-69e4c2c8bf1c4\" ><div class=\"inline-block\"><div class=\"dfd-heading-module\"><h1 class=\"widget-title dfd-title \" style=\"\"><strong>Vogue<\/strong> Belleza intervista <strong>Chiara<\/strong><br \/>\n<\/h1><div class=\"dfd-heading-delimiter\"><\/div><\/div><\/div><\/div><script type=\"text\/javascript\">\n\t\t\t\t\t\t\t\t\t(function($) {\n\t\t\t\t\t\t\t\t\t\t$(\"head\").append(\"<style>.dfd-heading-69e4c2c8bf1c4.dfd-heading-module-wrap .dfd-heading-module .dfd-heading-delimiter {border-bottom-style:solid;border-bottom-width:1px;width:100px;border-bottom-color:#dddddd;}.dfd-heading-69e4c2c8bf1c4.dfd-heading-module-wrap .dfd-heading-module .dfd-heading-delimiter {margin-top:10px;margin-bottom:10px;}<\/style>\");\n\t\t\t\t\t\t\t\t\t})(jQuery);\n\t\t\t\t\t\t\t\t<\/script><\/div><div class=\"dfd-spacer-module\"  data-units=\"px\" data-wide_resolution=\"1280\" data-wide_size=\"30\" data-normal_resolution=\"1024\" data-normal_size=\"30\" data-tablet_resolution=\"800\" data-tablet_size=\"30\" data-mobile_resolution=\"480\" data-mobile_size=\"30\" style=\"height: 30px;\"><\/div>[vc_column_text]<\/p>\n<p style=\"text-align: center;\"><strong>Il futuro dell&#8217;hairstyling.<\/strong> La co-fondatrice di <strong>I.C.O.N.<\/strong>, <strong>Chiara<\/strong>, ci spiega come il brand si \u00e8 posizionato tra le principali firme di riferimento in prodotti naturali e organici per l\u2019hairstyling.<\/p>\n<p>[\/vc_column_text]<div class=\"dfd-spacer-module\"  data-units=\"px\" data-wide_resolution=\"1280\" data-wide_size=\"51\" data-normal_resolution=\"1024\" data-normal_size=\"51\" data-tablet_resolution=\"800\" data-tablet_size=\"51\" data-mobile_resolution=\"480\" data-mobile_size=\"51\" style=\"height: 51px;\"><\/div>[\/vc_column][\/vc_row][vc_row][vc_column width=&#8221;1\/2&#8243;][vc_single_image image=&#8221;48562&#8243; img_size=&#8221;full&#8221; alignment=&#8221;center&#8221;]<div class=\"dfd-spacer-module\"  data-units=\"px\" data-wide_resolution=\"1280\" data-wide_size=\"51\" data-normal_resolution=\"1024\" data-normal_size=\"51\" data-tablet_resolution=\"800\" data-tablet_size=\"51\" data-mobile_resolution=\"480\" data-mobile_size=\"51\" style=\"height: 51px;\"><\/div>[\/vc_column][vc_column width=&#8221;1\/2&#8243;][vc_single_image image=&#8221;48554&#8243; img_size=&#8221;full&#8221; alignment=&#8221;center&#8221;]<div class=\"dfd-spacer-module\"  data-units=\"px\" data-wide_resolution=\"1280\" data-wide_size=\"51\" data-normal_resolution=\"1024\" data-normal_size=\"51\" data-tablet_resolution=\"800\" data-tablet_size=\"51\" data-mobile_resolution=\"480\" data-mobile_size=\"51\" style=\"height: 51px;\"><\/div>[\/vc_column][\/vc_row][vc_row][vc_column][vc_column_text]<\/p>\n<h6>Perch\u00e9 hai deciso di creare il tuo proprio brand di hair care?<\/h6>\n<p>Ho sempre avuto una gran passione per la Ricerca e Sviluppo di prodotti e ho voluto creare un brand appositamente concepito per offrire i migliori strumenti ai consumatori; per garantirgli prodotti di qualit\u00e0 per i loro capelli, utilizzando ingredienti che non solo ne migliorino stato di salute ed estetica, ma anche per dare loro versatilit\u00e0 al momento dello styling.<\/p>\n<h6>Cosa rende I.C.O.N. diverso dagli altri brand di hair care ed hairstyling?<\/h6>\n<p>Tutti i nostri prodotti sono testati sulla capigliatura di persone reali prima di essere lanciati sul mercato, inoltre utilizziamo per la loro elaborazione solo ingredienti biodegradabili provenienti da risorse ecologicamente sostenibili.<\/p>\n<h6>In <strong>I.C.O.N.<\/strong> si parla di Influential Styling come un concetto fondamentale. A cosa si riferisce esattamente?<\/h6>\n<p>Lo stile \u00e8 molto pi\u00f9 che seguire le tendenze. Si tratta di un atteggiamento, un modo di vita, il modo in cui si desidera condividere la propria storia personale con il resto del mondo. I nostri strumenti liquidi sono progettati per creare hair fashion, apportando la flessibilit\u00e0 necessaria per ottenere in ogni momento il proprio influential look desiderato.<\/p>\n<h6>Cosa ti piace di pi\u00f9 del processo di creazione di un prodotto?<\/h6>\n<p>Giocare con ingredienti nuovi e innovativi, come oli grezzi e biologici, acque purificate di aloe e cocco, colorazioni naturali e prive di ammoniaca, mixando il tutto con gli ultimi ritrovati delle nuove tecnologie.<\/p>\n<h6>E qual \u00e8 la parte pi\u00f9 difficile?<\/h6>\n<p>La parte pi\u00f9 difficile o frustrante \u00e8 la lunghezza dei tempi necessari per creare un nuovo prodotto per poi scoprire che non soddisfa i miei standard qualitativi o non supera i test di stabilit\u00e0 e compatibilit\u00e0. Cos\u00ec sono obbligata a tornare in laboratorio per cominciare da capo nella mia ricerca della perfezione e delle massime performance in ogni formulazione.<\/p>\n<h6>Quali sono le ultime tendenze nei prodotti per lo styling?<\/h6>\n<p>I nostri prodotti sono da sempre orientati alla cura del capello e le ultime tendenze sono incentrate sul benessere. \u00c8 importante iniziare a utilizzare ingredienti puri, naturali e organici, che siano anche rispettosi con l\u2019ambiente ed ottenuti in modo responsabile, perch\u00e9 \u00e8 quello che cerca il consumatore moderno. La prima cosa che fanno \u00e8 guardare sul retro delle confezioni dei prodotti per leggerne gli ingredienti.[\/vc_column_text][\/vc_column][\/vc_row][vc_row][vc_column]<div class=\"dfd-spacer-module\"  data-units=\"px\" data-wide_resolution=\"1280\" data-wide_size=\"51\" data-normal_resolution=\"1024\" data-normal_size=\"51\" data-tablet_resolution=\"800\" data-tablet_size=\"51\" data-mobile_resolution=\"480\" data-mobile_size=\"51\" style=\"height: 51px;\"><\/div>[\/vc_column][\/vc_row][vc_row][vc_column]<div id=\"dfd-button-69e4c2c8bf434\" class=\"dfd-button-module-wrap dfd-button-69e4c2c8bf434\"><div class=\"dfd-button-module  style_3 dfd-button-full-width text-center dfd-horizontal dfd-top-to-bottom dfd-button-icon-left dfd-button-icon-hover-simple\" ><a href=\"https:\/\/iconproducts.com\/it\/interviews-chiara\/\" class=\"dfd-button-link\"><span class=\"dfd-button-inner-cover\"><span class=\"dfd-button-text-main\"><i class=\"dfd-icon-right_6\"><\/i>TORNARE<\/span><\/span><\/a><\/div><script type=\"text\/javascript\">\n\t\t\t\t\t\t\t\t\t(function($) {$(\"head\").append(\"<style>#dfd-button-69e4c2c8bf434.dfd-button-module-wrap .dfd-button-module .dfd-button-link .dfd-button-inner-cover span i, .dfd-button-69e4c2c8bf434.dfd-button-module-wrap .dfd-button-module .dfd-button-link .dfd-button-inner-cover span i {font-size: 18px;}#dfd-button-69e4c2c8bf434.dfd-button-module-wrap .dfd-button-module .dfd-button-link .dfd-button-inner-cover .dfd-button-text-main,.dfd-button-69e4c2c8bf434.dfd-button-module-wrap .dfd-button-module .dfd-button-link .dfd-button-inner-cover .dfd-button-text-main {color: #ffffff}#dfd-button-69e4c2c8bf434.dfd-button-module-wrap .dfd-button-module .dfd-button-link .dfd-button-inner-cover,.dfd-button-69e4c2c8bf434.dfd-button-module-wrap .dfd-button-module .dfd-button-link .dfd-button-border-decoration,.dfd-button-69e4c2c8bf434.dfd-button-module-wrap .dfd-button-module .dfd-button-link .dfd-button-inner-cover {border-radius:2px;}#dfd-button-69e4c2c8bf434.dfd-button-module-wrap .dfd-button-module:not(.style_4) .dfd-button-link .dfd-button-inner-cover:before,#dfd-button-69e4c2c8bf434.dfd-button-module-wrap .dfd-button-module.style_4 .dfd-button-link .dfd-button-inner-cover:after,#dfd-button-69e4c2c8bf434.dfd-button-module-wrap .dfd-button-module.style_6 .dfd-button-link .dfd-button-inner-cover .dfd-button-text-main,.dfd-button-69e4c2c8bf434.dfd-button-module-wrap .dfd-button-module:not(.style_4) .dfd-button-link .dfd-button-inner-cover:before,.dfd-button-69e4c2c8bf434.dfd-button-module-wrap .dfd-button-module.style_4 .dfd-button-link .dfd-button-inner-cover:after,.dfd-button-69e4c2c8bf434.dfd-button-module-wrap .dfd-button-module.style_6 .dfd-button-link .dfd-button-inner-cover .dfd-button-text-main {background: #1b1b1b;border-style:none;border-width:1px;border-radius:2px;border-color:#1b1b1b;}#dfd-button-69e4c2c8bf434.dfd-button-module-wrap .dfd-button-module:not(.style_6) .dfd-button-link:hover .dfd-button-inner-cover .dfd-button-text-main,#dfd-button-69e4c2c8bf434.dfd-button-module-wrap .dfd-button-module .dfd-button-link .dfd-button-inner-cover .dfd-button-text-hover,.dfd-button-69e4c2c8bf434.dfd-button-module-wrap .dfd-button-module:not(.style_6) .dfd-button-link:hover .dfd-button-inner-cover .dfd-button-text-main,.dfd-button-69e4c2c8bf434.dfd-button-module-wrap .dfd-button-module .dfd-button-link .dfd-button-inner-cover .dfd-button-text-hover {color: #000000;}#dfd-button-69e4c2c8bf434.dfd-button-module-wrap .dfd-button-module .dfd-button-link:hover .dfd-button-inner-cover,.dfd-button-69e4c2c8bf434.dfd-button-module-wrap .dfd-button-module .dfd-button-link:hover .dfd-button-border-decoration,.dfd-button-69e4c2c8bf434.dfd-button-module-wrap .dfd-button-module .dfd-button-link:hover .dfd-button-inner-cover {border-radius:2px;}#dfd-button-69e4c2c8bf434.dfd-button-module-wrap .dfd-button-module:not(.style_4) .dfd-button-link .dfd-button-inner-cover:after,#dfd-button-69e4c2c8bf434.dfd-button-module-wrap .dfd-button-module.style_4 .dfd-button-link .dfd-button-inner-cover:before,#dfd-button-69e4c2c8bf434.dfd-button-module-wrap .dfd-button-module .dfd-button-link .dfd-button-inner-cover .dfd-button-text-hover .dfd-button-69e4c2c8bf434.dfd-button-module-wrap .dfd-button-module:not(.style_4) .dfd-button-link .dfd-button-inner-cover:after,.dfd-button-69e4c2c8bf434.dfd-button-module-wrap .dfd-button-module.style_4 .dfd-button-link .dfd-button-inner-cover:before,.dfd-button-69e4c2c8bf434.dfd-button-module-wrap .dfd-button-module .dfd-button-link .dfd-button-inner-cover .dfd-button-text-hover {background: #ffffff;border-style:solid;border-width:1px;border-radius:2px;border-color:#000000;}#dfd-button-69e4c2c8bf434.dfd-button-module-wrap .dfd-button-module.style_3 .dfd-button-link:hover .dfd-button-inner-cover:before,#dfd-button-69e4c2c8bf434.dfd-button-module-wrap .dfd-button-module.style_4 .dfd-button-link:hover .dfd-button-inner-cover:before,.dfd-button-69e4c2c8bf434.dfd-button-module-wrap .dfd-button-module.style_3 .dfd-button-link:hover .dfd-button-inner-cover:before,.dfd-button-69e4c2c8bf434.dfd-button-module-wrap .dfd-button-module.style_4 .dfd-button-link:hover .dfd-button-inner-cover:before {border-style:solid;border-width:1px;border-radius:2px;border-color:#000000;}#dfd-button-69e4c2c8bf434.dfd-button-module-wrap .dfd-button-module .dfd-button-link .dfd-button-inner-cover .dfd-button-text-main i,.dfd-button-69e4c2c8bf434.dfd-button-module-wrap .dfd-button-module .dfd-button-link .dfd-button-inner-cover .dfd-button-text-main i {color: #ffffff;}#dfd-button-69e4c2c8bf434.dfd-button-module-wrap .dfd-button-module .dfd-button-link:hover .dfd-button-inner-cover .dfd-button-text-main i,.dfd-button-69e4c2c8bf434.dfd-button-module-wrap .dfd-button-module .dfd-button-link:hover .dfd-button-inner-cover .dfd-button-text-main i {color: #3b55e6;}<\/style>\")\n\t\t\t\t\t\t\t\t\t})(jQuery);\n\t\t\t\t\t\t\t\t<\/script><\/div><div class=\"dfd-spacer-module\"  data-units=\"px\" data-wide_resolution=\"1280\" data-wide_size=\"51\" data-normal_resolution=\"1024\" data-normal_size=\"51\" data-tablet_resolution=\"800\" data-tablet_size=\"51\" data-mobile_resolution=\"480\" data-mobile_size=\"51\" style=\"height: 51px;\"><\/div><div class=\"dfd-spacer-module\"  data-units=\"px\" data-wide_resolution=\"1280\" data-wide_size=\"51\" data-normal_resolution=\"1024\" data-normal_size=\"51\" data-tablet_resolution=\"800\" data-tablet_size=\"51\" data-mobile_resolution=\"480\" data-mobile_size=\"51\" style=\"height: 51px;\"><\/div>[\/vc_column][\/vc_row]<\/p>\n","protected":false},"excerpt":{"rendered":"<p>[vc_row][vc_column][vc_column_text] Il futuro dell&#8217;hairstyling. La co-fondatrice di I.C.O.N., Chiara, ci spiega come il brand si \u00e8 posizionato tra le principali firme di riferimento in prodotti naturali e organici per l\u2019hairstyling.<\/p>\n","protected":false},"author":1,"featured_media":48562,"parent":0,"menu_order":0,"comment_status":"closed","ping_status":"closed","template":"","meta":{"_acf_changed":false,"footnotes":""},"tags":[],"wf_page_folders":[],"class_list":["post-48568","page","type-page","status-publish","has-post-thumbnail","hentry"],"acf":[],"yoast_head":"<!-- This site is optimized with the Yoast SEO plugin v27.0 - https:\/\/yoast.com\/product\/yoast-seo-wordpress\/ -->\n<title>Vogue Belleza intervista Chiara | I.C.O.N. Products<\/title>\n<meta name=\"robots\" content=\"index, follow, max-snippet:-1, max-image-preview:large, max-video-preview:-1\" \/>\n<link rel=\"canonical\" href=\"https:\/\/iconproducts.com\/it\/vogue-belleza-intervista-chiara\/\" \/>\n<meta property=\"og:locale\" content=\"it_IT\" \/>\n<meta property=\"og:type\" content=\"article\" \/>\n<meta property=\"og:title\" content=\"Vogue Belleza intervista Chiara | I.C.O.N. Products\" \/>\n<meta property=\"og:description\" content=\"[vc_row][vc_column][vc_column_text] Il futuro dell&#8217;hairstyling. La co-fondatrice di I.C.O.N., Chiara, ci spiega come il brand si \u00e8 posizionato tra le principali firme di riferimento in prodotti naturali e organici per l\u2019hairstyling.\" \/>\n<meta property=\"og:url\" content=\"https:\/\/iconproducts.com\/it\/vogue-belleza-intervista-chiara\/\" \/>\n<meta property=\"og:site_name\" content=\"I.C.O.N. Products\" \/>\n<meta property=\"article:publisher\" content=\"https:\/\/www.facebook.com\/iconproducts.spain\" \/>\n<meta property=\"article:modified_time\" content=\"2019-10-22T07:52:19+00:00\" \/>\n<meta property=\"og:image\" content=\"https:\/\/iconproducts.com\/wp-content\/uploads\/2019\/09\/entrevista-chiara-vogue-03.jpg\" \/>\n\t<meta property=\"og:image:width\" content=\"1200\" \/>\n\t<meta property=\"og:image:height\" content=\"675\" \/>\n\t<meta property=\"og:image:type\" content=\"image\/jpeg\" \/>\n<meta name=\"twitter:card\" content=\"summary_large_image\" \/>\n<script type=\"application\/ld+json\" class=\"yoast-schema-graph\">{\"@context\":\"https:\/\/schema.org\",\"@graph\":[{\"@type\":\"WebPage\",\"@id\":\"https:\/\/iconproducts.com\/it\/vogue-belleza-intervista-chiara\/\",\"url\":\"https:\/\/iconproducts.com\/it\/vogue-belleza-intervista-chiara\/\",\"name\":\"Vogue Belleza intervista Chiara | I.C.O.N. Products\",\"isPartOf\":{\"@id\":\"https:\/\/iconproducts.com\/es\/#website\"},\"primaryImageOfPage\":{\"@id\":\"https:\/\/iconproducts.com\/it\/vogue-belleza-intervista-chiara\/#primaryimage\"},\"image\":{\"@id\":\"https:\/\/iconproducts.com\/it\/vogue-belleza-intervista-chiara\/#primaryimage\"},\"thumbnailUrl\":\"https:\/\/iconproducts.com\/wp-content\/uploads\/2019\/09\/entrevista-chiara-vogue-03.jpg\",\"datePublished\":\"2019-09-26T11:48:18+00:00\",\"dateModified\":\"2019-10-22T07:52:19+00:00\",\"breadcrumb\":{\"@id\":\"https:\/\/iconproducts.com\/it\/vogue-belleza-intervista-chiara\/#breadcrumb\"},\"inLanguage\":\"it-IT\",\"potentialAction\":[{\"@type\":\"ReadAction\",\"target\":[\"https:\/\/iconproducts.com\/it\/vogue-belleza-intervista-chiara\/\"]}]},{\"@type\":\"ImageObject\",\"inLanguage\":\"it-IT\",\"@id\":\"https:\/\/iconproducts.com\/it\/vogue-belleza-intervista-chiara\/#primaryimage\",\"url\":\"https:\/\/iconproducts.com\/wp-content\/uploads\/2019\/09\/entrevista-chiara-vogue-03.jpg\",\"contentUrl\":\"https:\/\/iconproducts.com\/wp-content\/uploads\/2019\/09\/entrevista-chiara-vogue-03.jpg\",\"width\":1200,\"height\":675},{\"@type\":\"BreadcrumbList\",\"@id\":\"https:\/\/iconproducts.com\/it\/vogue-belleza-intervista-chiara\/#breadcrumb\",\"itemListElement\":[{\"@type\":\"ListItem\",\"position\":1,\"name\":\"I.C.O.N. Products\",\"item\":\"https:\/\/iconproducts.com\/it\/\"},{\"@type\":\"ListItem\",\"position\":2,\"name\":\"Vogue Belleza intervista Chiara\"}]},{\"@type\":\"WebSite\",\"@id\":\"https:\/\/iconproducts.com\/es\/#website\",\"url\":\"https:\/\/iconproducts.com\/es\/\",\"name\":\"I.C.O.N. Products\",\"description\":\"Productos de peluquer\u00eda\",\"publisher\":{\"@id\":\"https:\/\/iconproducts.com\/es\/#organization\"},\"potentialAction\":[{\"@type\":\"SearchAction\",\"target\":{\"@type\":\"EntryPoint\",\"urlTemplate\":\"https:\/\/iconproducts.com\/es\/?s={search_term_string}\"},\"query-input\":{\"@type\":\"PropertyValueSpecification\",\"valueRequired\":true,\"valueName\":\"search_term_string\"}}],\"inLanguage\":\"it-IT\"},{\"@type\":\"Organization\",\"@id\":\"https:\/\/iconproducts.com\/es\/#organization\",\"name\":\"I.C.O.N. Products\",\"url\":\"https:\/\/iconproducts.com\/es\/\",\"logo\":{\"@type\":\"ImageObject\",\"inLanguage\":\"it-IT\",\"@id\":\"https:\/\/iconproducts.com\/es\/#\/schema\/logo\/image\/\",\"url\":\"https:\/\/iconproducts.com\/wp-content\/uploads\/2018\/08\/logo-icon-1.jpg\",\"contentUrl\":\"https:\/\/iconproducts.com\/wp-content\/uploads\/2018\/08\/logo-icon-1.jpg\",\"width\":1000,\"height\":1000,\"caption\":\"I.C.O.N. Products\"},\"image\":{\"@id\":\"https:\/\/iconproducts.com\/es\/#\/schema\/logo\/image\/\"},\"sameAs\":[\"https:\/\/www.facebook.com\/iconproducts.spain\",\"https:\/\/www.instagram.com\/iconspain\/\",\"https:\/\/www.youtube.com\/channel\/UCw0myea3fiZRsj72sNBnMqQ\"]}]}<\/script>\n<!-- \/ Yoast SEO plugin. -->","yoast_head_json":{"title":"Vogue Belleza intervista Chiara | I.C.O.N. Products","robots":{"index":"index","follow":"follow","max-snippet":"max-snippet:-1","max-image-preview":"max-image-preview:large","max-video-preview":"max-video-preview:-1"},"canonical":"https:\/\/iconproducts.com\/it\/vogue-belleza-intervista-chiara\/","og_locale":"it_IT","og_type":"article","og_title":"Vogue Belleza intervista Chiara | I.C.O.N. Products","og_description":"[vc_row][vc_column][vc_column_text] Il futuro dell&#8217;hairstyling. La co-fondatrice di I.C.O.N., Chiara, ci spiega come il brand si \u00e8 posizionato tra le principali firme di riferimento in prodotti naturali e organici per l\u2019hairstyling.","og_url":"https:\/\/iconproducts.com\/it\/vogue-belleza-intervista-chiara\/","og_site_name":"I.C.O.N. Products","article_publisher":"https:\/\/www.facebook.com\/iconproducts.spain","article_modified_time":"2019-10-22T07:52:19+00:00","og_image":[{"width":1200,"height":675,"url":"https:\/\/iconproducts.com\/wp-content\/uploads\/2019\/09\/entrevista-chiara-vogue-03.jpg","type":"image\/jpeg"}],"twitter_card":"summary_large_image","schema":{"@context":"https:\/\/schema.org","@graph":[{"@type":"WebPage","@id":"https:\/\/iconproducts.com\/it\/vogue-belleza-intervista-chiara\/","url":"https:\/\/iconproducts.com\/it\/vogue-belleza-intervista-chiara\/","name":"Vogue Belleza intervista Chiara | I.C.O.N. Products","isPartOf":{"@id":"https:\/\/iconproducts.com\/es\/#website"},"primaryImageOfPage":{"@id":"https:\/\/iconproducts.com\/it\/vogue-belleza-intervista-chiara\/#primaryimage"},"image":{"@id":"https:\/\/iconproducts.com\/it\/vogue-belleza-intervista-chiara\/#primaryimage"},"thumbnailUrl":"https:\/\/iconproducts.com\/wp-content\/uploads\/2019\/09\/entrevista-chiara-vogue-03.jpg","datePublished":"2019-09-26T11:48:18+00:00","dateModified":"2019-10-22T07:52:19+00:00","breadcrumb":{"@id":"https:\/\/iconproducts.com\/it\/vogue-belleza-intervista-chiara\/#breadcrumb"},"inLanguage":"it-IT","potentialAction":[{"@type":"ReadAction","target":["https:\/\/iconproducts.com\/it\/vogue-belleza-intervista-chiara\/"]}]},{"@type":"ImageObject","inLanguage":"it-IT","@id":"https:\/\/iconproducts.com\/it\/vogue-belleza-intervista-chiara\/#primaryimage","url":"https:\/\/iconproducts.com\/wp-content\/uploads\/2019\/09\/entrevista-chiara-vogue-03.jpg","contentUrl":"https:\/\/iconproducts.com\/wp-content\/uploads\/2019\/09\/entrevista-chiara-vogue-03.jpg","width":1200,"height":675},{"@type":"BreadcrumbList","@id":"https:\/\/iconproducts.com\/it\/vogue-belleza-intervista-chiara\/#breadcrumb","itemListElement":[{"@type":"ListItem","position":1,"name":"I.C.O.N. Products","item":"https:\/\/iconproducts.com\/it\/"},{"@type":"ListItem","position":2,"name":"Vogue Belleza intervista Chiara"}]},{"@type":"WebSite","@id":"https:\/\/iconproducts.com\/es\/#website","url":"https:\/\/iconproducts.com\/es\/","name":"I.C.O.N. Products","description":"Productos de peluquer\u00eda","publisher":{"@id":"https:\/\/iconproducts.com\/es\/#organization"},"potentialAction":[{"@type":"SearchAction","target":{"@type":"EntryPoint","urlTemplate":"https:\/\/iconproducts.com\/es\/?s={search_term_string}"},"query-input":{"@type":"PropertyValueSpecification","valueRequired":true,"valueName":"search_term_string"}}],"inLanguage":"it-IT"},{"@type":"Organization","@id":"https:\/\/iconproducts.com\/es\/#organization","name":"I.C.O.N. Products","url":"https:\/\/iconproducts.com\/es\/","logo":{"@type":"ImageObject","inLanguage":"it-IT","@id":"https:\/\/iconproducts.com\/es\/#\/schema\/logo\/image\/","url":"https:\/\/iconproducts.com\/wp-content\/uploads\/2018\/08\/logo-icon-1.jpg","contentUrl":"https:\/\/iconproducts.com\/wp-content\/uploads\/2018\/08\/logo-icon-1.jpg","width":1000,"height":1000,"caption":"I.C.O.N. Products"},"image":{"@id":"https:\/\/iconproducts.com\/es\/#\/schema\/logo\/image\/"},"sameAs":["https:\/\/www.facebook.com\/iconproducts.spain","https:\/\/www.instagram.com\/iconspain\/","https:\/\/www.youtube.com\/channel\/UCw0myea3fiZRsj72sNBnMqQ"]}]}},"_links":{"self":[{"href":"https:\/\/iconproducts.com\/it\/wp-json\/wp\/v2\/pages\/48568","targetHints":{"allow":["GET"]}}],"collection":[{"href":"https:\/\/iconproducts.com\/it\/wp-json\/wp\/v2\/pages"}],"about":[{"href":"https:\/\/iconproducts.com\/it\/wp-json\/wp\/v2\/types\/page"}],"author":[{"embeddable":true,"href":"https:\/\/iconproducts.com\/it\/wp-json\/wp\/v2\/users\/1"}],"replies":[{"embeddable":true,"href":"https:\/\/iconproducts.com\/it\/wp-json\/wp\/v2\/comments?post=48568"}],"version-history":[{"count":0,"href":"https:\/\/iconproducts.com\/it\/wp-json\/wp\/v2\/pages\/48568\/revisions"}],"wp:featuredmedia":[{"embeddable":true,"href":"https:\/\/iconproducts.com\/it\/wp-json\/wp\/v2\/media\/48562"}],"wp:attachment":[{"href":"https:\/\/iconproducts.com\/it\/wp-json\/wp\/v2\/media?parent=48568"}],"wp:term":[{"taxonomy":"post_tag","embeddable":true,"href":"https:\/\/iconproducts.com\/it\/wp-json\/wp\/v2\/tags?post=48568"},{"taxonomy":"wf_page_folders","embeddable":true,"href":"https:\/\/iconproducts.com\/it\/wp-json\/wp\/v2\/wf_page_folders?post=48568"}],"curies":[{"name":"wp","href":"https:\/\/api.w.org\/{rel}","templated":true}]}}