
{"id":48619,"date":"2019-09-26T10:56:28","date_gmt":"2019-09-26T10:56:28","guid":{"rendered":"https:\/\/iconproducts.com\/mens-health-entrevista-a-jorge-rubin\/"},"modified":"2019-10-22T07:34:37","modified_gmt":"2019-10-22T07:34:37","slug":"mens-health-entrevista-a-jorge-rubin","status":"publish","type":"page","link":"https:\/\/iconproducts.com\/it\/mens-health-entrevista-a-jorge-rubin\/","title":{"rendered":"Men&#8217;s Health intervista Jorge Rub\u00edn"},"content":{"rendered":"<p>[vc_row][vc_column]<div class=\"dfd-spacer-module\"  data-units=\"px\" data-wide_resolution=\"1280\" data-wide_size=\"100\" data-normal_resolution=\"1024\" data-normal_size=\"100\" data-tablet_resolution=\"800\" data-tablet_size=\"80\" data-mobile_resolution=\"480\" data-mobile_size=\"50\" style=\"height: 100px;\"><\/div><div class=\"dfd-heading-shortcode\"><div class=\"dfd-heading-module-wrap  text-center style_01 dfd-heading-69eecf913b748 dfd-disable-resposive-headings\" id=\"dfd-heading-69eecf913b748\" ><div class=\"inline-block\"><div class=\"dfd-heading-module\"><h1 class=\"widget-title dfd-title \" style=\"\"><strong>Men&#8217;s Health<\/strong> intervista <strong>Jorge Rub\u00edn<\/strong><\/h1><div class=\"dfd-heading-delimiter\"><\/div><\/div><\/div><\/div><script type=\"text\/javascript\">\n\t\t\t\t\t\t\t\t\t(function($) {\n\t\t\t\t\t\t\t\t\t\t$(\"head\").append(\"<style>.dfd-heading-69eecf913b748.dfd-heading-module-wrap .dfd-heading-module .dfd-heading-delimiter {border-bottom-style:solid;border-bottom-width:1px;width:100px;border-bottom-color:#dddddd;}.dfd-heading-69eecf913b748.dfd-heading-module-wrap .dfd-heading-module .dfd-heading-delimiter {margin-top:10px;margin-bottom:10px;}<\/style>\");\n\t\t\t\t\t\t\t\t\t})(jQuery);\n\t\t\t\t\t\t\t\t<\/script><\/div><div class=\"dfd-spacer-module\"  data-units=\"px\" data-wide_resolution=\"1280\" data-wide_size=\"51\" data-normal_resolution=\"1024\" data-normal_size=\"51\" data-tablet_resolution=\"800\" data-tablet_size=\"51\" data-mobile_resolution=\"480\" data-mobile_size=\"51\" style=\"height: 51px;\"><\/div>[\/vc_column][\/vc_row][vc_row][vc_column width=&#8221;1\/2&#8243; css=&#8221;.vc_custom_1539168064893{padding-right: 2% !important;}&#8221;][vc_single_image image=&#8221;48543&#8243; img_size=&#8221;full&#8221; alignment=&#8221;center&#8221; onclick=&#8221;link_image&#8221;]<div class=\"dfd-spacer-module\"  data-units=\"px\" data-wide_resolution=\"1280\" data-wide_size=\"51\" data-normal_resolution=\"1024\" data-normal_size=\"51\" data-tablet_resolution=\"800\" data-tablet_size=\"51\" data-mobile_resolution=\"480\" data-mobile_size=\"51\" style=\"height: 51px;\"><\/div>[\/vc_column][vc_column width=&#8221;1\/2&#8243; css=&#8221;.vc_custom_1539168069644{padding-left: 2% !important;}&#8221;][vc_column_text]<\/p>\n<h4 style=\"text-align: justify;\">Le migliori cure per trionfare<\/h4>\n<p style=\"text-align: justify;\"><strong>Jorge Rub\u00edn<\/strong> \u00e8 l\u2019Amministratore Delegato di <strong>I.C.O.N.<\/strong>, un\u2019azienda di prodotti cosmetici nata a Los Angeles come compagnia specializzata nella cura dei capelli che ha poi conquistato il mondo. Ci svela oggi alcuni dei suoi segreti pi\u00f9 grandi.<\/p>\n<p style=\"text-align: justify;\">Vivere facendo la spola tra <strong>Vigo<\/strong> e <strong>Los Angeles<\/strong> non \u00e8 facile. Farlo poi con un\u2019agenda piena di impegni e mantenendo comunque una perfetta forma fisica \u00e8 una missione impossibile!<\/p>\n<p style=\"text-align: justify;\">Ne sa qualcosa <strong>Jorge Rub\u00edn<\/strong>, Amministratore Delegato di <strong>I.C.O.N.<\/strong> La sua azienda cosmetica inizi\u00f2 ad attestarsi nel settore della cura dei capelli 16 anni fa. Oggi dispone di una vasta gamma di prodotti contenenti gli ingredienti pi\u00f9 all\u2019avanguardia. Alcuni di questi infatti fanno parte del necessaire che <strong>Jorge<\/strong> porta sempre con s\u00e9. Quali sono?<\/p>\n<p>[\/vc_column_text]<div class=\"dfd-spacer-module\"  data-units=\"px\" data-wide_resolution=\"1280\" data-wide_size=\"51\" data-normal_resolution=\"1024\" data-normal_size=\"51\" data-tablet_resolution=\"800\" data-tablet_size=\"51\" data-mobile_resolution=\"480\" data-mobile_size=\"51\" style=\"height: 51px;\"><\/div>[\/vc_column][\/vc_row][vc_row][vc_column][vc_column_text]<\/p>\n<h6 style=\"text-align: justify;\">Viaggi spesso in tutto il mondo. Quali sono i tre prodotti che porti sempre con te?<\/h6>\n<p style=\"text-align: justify;\">Mi piace prendermi cura di me. Per questo cerco sempre di mettere in valigia i miei prodotti preferiti ovunque io vada. Non mancano mai <strong>Mr. A Shampoo<\/strong> ed <strong>Elixir<\/strong>, fanno bene al cuoio capelluto e ai capelli, li mantengono sani e forti. E poi <strong>Mr. A Shave The Cream<\/strong>, che idrata la pelle e mi dona un look impeccabile.<\/p>\n<h6 style=\"text-align: justify;\">E negli hotel? A quali comfort dai pi\u00f9 importanza?<\/h6>\n<p style=\"text-align: justify;\">Il comfort pi\u00f9 importante in un hotel per me \u00e8 una palestra ben attrezzata. Faccio sport ogni giorno e quando viaggio non mi piace interrompere i miei allenamenti. Quindi \u00e8 fondamentale che gli hotel in cui vado a dormire abbiano una buona palestra in cui fare i miei esercizi.<\/p>\n<h6 style=\"text-align: justify;\">Qualche rito o abitudine prima di prendere un volo di molte ore?<\/h6>\n<p style=\"text-align: justify;\">Bevo molta acqua prima e durante il volo. \u00c8 importate preparare la pelle prima di decollare. Va pulita e idratata. Per questo proteggo sempre la mia pelle con <strong>Mr. A The Balm<\/strong>. Il giorno in cui devo partire per un lungo viaggio, oltre ai miei soliti esercizi faccio anche yoga per rilassare e allungare la muscolatura.<\/p>\n<h6 style=\"text-align: justify;\">Quale prodotto consiglieresti a un uomo che non ha mai usato prodotti cosmetici?<\/h6>\n<p style=\"text-align: justify;\">Gli consiglierei <strong>Mr. A Pomades<\/strong>, che potrebbe usare sui suoi capelli per ottenere molti stili diversi. Look con movimento, effetto bagnato, fissaggio forte, struttura\u2026Poi \u00e8 sempre buona prassi usare un balsamo per viso o dopobarba per prendersi cura della propria pelle.<\/p>\n<h6 style=\"text-align: justify;\">Nella borsa per la palestra di un uomo cosa non deve mai mancare?<\/h6>\n<p style=\"text-align: justify;\">Uno shampoo da usare anche come gel doccia e una crema idratante per la pelle. Per l\u2019organismo una bevanda isotonica per rincorporare i sali minerali persi e una bottiglia d\u2019acqua con elettroliti. Poi proteine e degli auricolari.<\/p>\n<h6 style=\"text-align: justify;\">Come con il successo, anche con il passare degli anni \u00e8 difficile tenersi in forma. Hai qualche consiglio per gli uomini sulla quarantina?<\/h6>\n<p style=\"text-align: justify;\">Non esiste nessun segreto! L\u2019uomo ha solo bisogno di buone abitudini alimentari, fisiche e mentali. Seguire quindi i consigli di un buon nutrizionista, sottoporsi a controlli medici regolari per verificare il buono stato di salute dell\u2019organismo, rivolgersi a un personal trainer e aggiornarsi sempre per svolgere un ruolo attivo nella propria professione. \u00c8 importante usare prodotti a base di ingredienti naturali.<\/p>\n<h6 style=\"text-align: justify;\">Barba. Con o senza?<\/h6>\n<p style=\"text-align: justify;\">Personalmente senza, ma un uomo con una barba ben curata porta un segno di identit\u00e0 importante per la sua immagine. A volte gli uomini si fanno crescere la barba per risultare pi\u00f9 attraenti. Altre per nascondere possibili imperfezioni del viso. Indipendentemente dal motivo, la cosa importante \u00e8 avere una barba curata, un viso ben rasato e idratato.<\/p>\n<h6 style=\"text-align: justify;\">Come si pu\u00f2 proteggere la pelle dall\u2019inquinamento?<\/h6>\n<p style=\"text-align: justify;\">\u00c8 fondamentale utilizzare prodotti con ingredienti naturali, con antiossidanti che combattano i radicali liberi e ristabiliscano il sistema di difesa della nostra pelle. \u00c8 poi importante usare sostanze idratanti per evitare la sensazione di pelle secca e tesa data da un ambiente inquinato. E infine gli inibitori solari naturali.<\/p>\n<p style=\"text-align: justify;\"><strong>La ciliegina sulla torta: il segreto per un look perfetto?<br \/>\n<\/strong><\/p>\n<blockquote>\n<p style=\"text-align: justify;\">In realt\u00e0 \u00e8 un insieme di tutto in perfetto equilibrio. Una persona deve essere sana dentro e fuori, facendo sport regolarmente e seguendo una dieta variata e salutare. Alla fine i risultati si notano. E ovviamente non pu\u00f2 mancare una buona dose di fiducia in s\u00e9 stessi.<\/p>\n<\/blockquote>\n<p>[\/vc_column_text][\/vc_column][\/vc_row][vc_row][vc_column]<div class=\"dfd-spacer-module\"  data-units=\"px\" data-wide_resolution=\"1280\" data-wide_size=\"51\" data-normal_resolution=\"1024\" data-normal_size=\"51\" data-tablet_resolution=\"800\" data-tablet_size=\"51\" data-mobile_resolution=\"480\" data-mobile_size=\"51\" style=\"height: 51px;\"><\/div>[\/vc_column][\/vc_row][vc_row][vc_column]<div id=\"dfd-button-69eecf913b97e\" class=\"dfd-button-module-wrap dfd-button-69eecf913b97e\"><div class=\"dfd-button-module  style_3 dfd-button-full-width text-center dfd-horizontal dfd-top-to-bottom dfd-button-icon-left dfd-button-icon-hover-simple\" ><a href=\"https:\/\/iconproducts.com\/it\/the-company\/interviste-a-jorge-rubin\/\" class=\"dfd-button-link\"><span class=\"dfd-button-inner-cover\"><span class=\"dfd-button-text-main\"><i class=\"dfd-icon-right_6\"><\/i>TORNARE<\/span><\/span><\/a><\/div><script type=\"text\/javascript\">\n\t\t\t\t\t\t\t\t\t(function($) {$(\"head\").append(\"<style>#dfd-button-69eecf913b97e.dfd-button-module-wrap .dfd-button-module .dfd-button-link .dfd-button-inner-cover span i, .dfd-button-69eecf913b97e.dfd-button-module-wrap .dfd-button-module .dfd-button-link .dfd-button-inner-cover span i {font-size: 18px;}#dfd-button-69eecf913b97e.dfd-button-module-wrap .dfd-button-module .dfd-button-link .dfd-button-inner-cover .dfd-button-text-main,.dfd-button-69eecf913b97e.dfd-button-module-wrap .dfd-button-module .dfd-button-link .dfd-button-inner-cover .dfd-button-text-main {color: #ffffff}#dfd-button-69eecf913b97e.dfd-button-module-wrap .dfd-button-module .dfd-button-link .dfd-button-inner-cover,.dfd-button-69eecf913b97e.dfd-button-module-wrap .dfd-button-module .dfd-button-link .dfd-button-border-decoration,.dfd-button-69eecf913b97e.dfd-button-module-wrap .dfd-button-module .dfd-button-link .dfd-button-inner-cover {border-radius:2px;}#dfd-button-69eecf913b97e.dfd-button-module-wrap .dfd-button-module:not(.style_4) .dfd-button-link .dfd-button-inner-cover:before,#dfd-button-69eecf913b97e.dfd-button-module-wrap .dfd-button-module.style_4 .dfd-button-link .dfd-button-inner-cover:after,#dfd-button-69eecf913b97e.dfd-button-module-wrap .dfd-button-module.style_6 .dfd-button-link .dfd-button-inner-cover .dfd-button-text-main,.dfd-button-69eecf913b97e.dfd-button-module-wrap .dfd-button-module:not(.style_4) .dfd-button-link .dfd-button-inner-cover:before,.dfd-button-69eecf913b97e.dfd-button-module-wrap .dfd-button-module.style_4 .dfd-button-link .dfd-button-inner-cover:after,.dfd-button-69eecf913b97e.dfd-button-module-wrap .dfd-button-module.style_6 .dfd-button-link .dfd-button-inner-cover .dfd-button-text-main {background: #1b1b1b;border-style:none;border-width:1px;border-radius:2px;border-color:#1b1b1b;}#dfd-button-69eecf913b97e.dfd-button-module-wrap .dfd-button-module:not(.style_6) .dfd-button-link:hover .dfd-button-inner-cover .dfd-button-text-main,#dfd-button-69eecf913b97e.dfd-button-module-wrap .dfd-button-module .dfd-button-link .dfd-button-inner-cover .dfd-button-text-hover,.dfd-button-69eecf913b97e.dfd-button-module-wrap .dfd-button-module:not(.style_6) .dfd-button-link:hover .dfd-button-inner-cover .dfd-button-text-main,.dfd-button-69eecf913b97e.dfd-button-module-wrap .dfd-button-module .dfd-button-link .dfd-button-inner-cover .dfd-button-text-hover {color: #000000;}#dfd-button-69eecf913b97e.dfd-button-module-wrap .dfd-button-module .dfd-button-link:hover .dfd-button-inner-cover,.dfd-button-69eecf913b97e.dfd-button-module-wrap .dfd-button-module .dfd-button-link:hover .dfd-button-border-decoration,.dfd-button-69eecf913b97e.dfd-button-module-wrap .dfd-button-module .dfd-button-link:hover .dfd-button-inner-cover {border-radius:2px;}#dfd-button-69eecf913b97e.dfd-button-module-wrap .dfd-button-module:not(.style_4) .dfd-button-link .dfd-button-inner-cover:after,#dfd-button-69eecf913b97e.dfd-button-module-wrap .dfd-button-module.style_4 .dfd-button-link .dfd-button-inner-cover:before,#dfd-button-69eecf913b97e.dfd-button-module-wrap .dfd-button-module .dfd-button-link .dfd-button-inner-cover .dfd-button-text-hover .dfd-button-69eecf913b97e.dfd-button-module-wrap .dfd-button-module:not(.style_4) .dfd-button-link .dfd-button-inner-cover:after,.dfd-button-69eecf913b97e.dfd-button-module-wrap .dfd-button-module.style_4 .dfd-button-link .dfd-button-inner-cover:before,.dfd-button-69eecf913b97e.dfd-button-module-wrap .dfd-button-module .dfd-button-link .dfd-button-inner-cover .dfd-button-text-hover {background: #ffffff;border-style:solid;border-width:1px;border-radius:2px;border-color:#000000;}#dfd-button-69eecf913b97e.dfd-button-module-wrap .dfd-button-module.style_3 .dfd-button-link:hover .dfd-button-inner-cover:before,#dfd-button-69eecf913b97e.dfd-button-module-wrap .dfd-button-module.style_4 .dfd-button-link:hover .dfd-button-inner-cover:before,.dfd-button-69eecf913b97e.dfd-button-module-wrap .dfd-button-module.style_3 .dfd-button-link:hover .dfd-button-inner-cover:before,.dfd-button-69eecf913b97e.dfd-button-module-wrap .dfd-button-module.style_4 .dfd-button-link:hover .dfd-button-inner-cover:before {border-style:solid;border-width:1px;border-radius:2px;border-color:#000000;}#dfd-button-69eecf913b97e.dfd-button-module-wrap .dfd-button-module .dfd-button-link .dfd-button-inner-cover .dfd-button-text-main i,.dfd-button-69eecf913b97e.dfd-button-module-wrap .dfd-button-module .dfd-button-link .dfd-button-inner-cover .dfd-button-text-main i {color: #ffffff;}#dfd-button-69eecf913b97e.dfd-button-module-wrap .dfd-button-module .dfd-button-link:hover .dfd-button-inner-cover .dfd-button-text-main i,.dfd-button-69eecf913b97e.dfd-button-module-wrap .dfd-button-module .dfd-button-link:hover .dfd-button-inner-cover .dfd-button-text-main i {color: #3b55e6;}<\/style>\")\n\t\t\t\t\t\t\t\t\t})(jQuery);\n\t\t\t\t\t\t\t\t<\/script><\/div><div class=\"dfd-spacer-module\"  data-units=\"px\" data-wide_resolution=\"1280\" data-wide_size=\"51\" data-normal_resolution=\"1024\" data-normal_size=\"51\" data-tablet_resolution=\"800\" data-tablet_size=\"51\" data-mobile_resolution=\"480\" data-mobile_size=\"51\" style=\"height: 51px;\"><\/div><div class=\"dfd-spacer-module\"  data-units=\"px\" data-wide_resolution=\"1280\" data-wide_size=\"51\" data-normal_resolution=\"1024\" data-normal_size=\"51\" data-tablet_resolution=\"800\" data-tablet_size=\"51\" data-mobile_resolution=\"480\" data-mobile_size=\"51\" style=\"height: 51px;\"><\/div>[\/vc_column][\/vc_row]<\/p>\n","protected":false},"excerpt":{"rendered":"<p>[vc_row][vc_column][\/vc_column][\/vc_row][vc_row][vc_column width=&#8221;1\/2&#8243; css=&#8221;.vc_custom_1539168064893{padding-right: 2% !important;}&#8221;][vc_single_image image=&#8221;48543&#8243; img_size=&#8221;full&#8221; alignment=&#8221;center&#8221; onclick=&#8221;link_image&#8221;][\/vc_column][vc_column width=&#8221;1\/2&#8243; css=&#8221;.vc_custom_1539168069644{padding-left: 2% !important;}&#8221;][vc_column_text] Le migliori cure per trionfare Jorge Rub\u00edn \u00e8 l\u2019Amministratore Delegato di I.C.O.N., un\u2019azienda di prodotti cosmetici nata<\/p>\n","protected":false},"author":1,"featured_media":48543,"parent":0,"menu_order":0,"comment_status":"closed","ping_status":"closed","template":"page-custom-with-header.php","meta":{"_acf_changed":false,"footnotes":""},"tags":[],"wf_page_folders":[],"class_list":["post-48619","page","type-page","status-publish","has-post-thumbnail","hentry"],"acf":[],"yoast_head":"<!-- This site is optimized with the Yoast SEO plugin v27.0 - https:\/\/yoast.com\/product\/yoast-seo-wordpress\/ -->\n<title>Men&#039;s Health intervista Jorge Rub\u00edn | I.C.O.N. Products<\/title>\n<meta name=\"robots\" content=\"index, follow, max-snippet:-1, max-image-preview:large, max-video-preview:-1\" \/>\n<link rel=\"canonical\" href=\"https:\/\/iconproducts.com\/it\/mens-health-entrevista-a-jorge-rubin\/\" \/>\n<meta property=\"og:locale\" content=\"it_IT\" \/>\n<meta property=\"og:type\" content=\"article\" \/>\n<meta property=\"og:title\" content=\"Men&#039;s Health intervista Jorge Rub\u00edn | I.C.O.N. Products\" \/>\n<meta property=\"og:description\" content=\"[vc_row][vc_column][\/vc_column][\/vc_row][vc_row][vc_column width=&#8221;1\/2&#8243; css=&#8221;.vc_custom_1539168064893{padding-right: 2% !important;}&#8221;][vc_single_image image=&#8221;48543&#8243; img_size=&#8221;full&#8221; alignment=&#8221;center&#8221; onclick=&#8221;link_image&#8221;][\/vc_column][vc_column width=&#8221;1\/2&#8243; css=&#8221;.vc_custom_1539168069644{padding-left: 2% !important;}&#8221;][vc_column_text] Le migliori cure per trionfare Jorge Rub\u00edn \u00e8 l\u2019Amministratore Delegato di I.C.O.N., un\u2019azienda di prodotti cosmetici nata\" \/>\n<meta property=\"og:url\" content=\"https:\/\/iconproducts.com\/it\/mens-health-entrevista-a-jorge-rubin\/\" \/>\n<meta property=\"og:site_name\" content=\"I.C.O.N. Products\" \/>\n<meta property=\"article:publisher\" content=\"https:\/\/www.facebook.com\/iconproducts.spain\" \/>\n<meta property=\"article:modified_time\" content=\"2019-10-22T07:34:37+00:00\" \/>\n<meta property=\"og:image\" content=\"https:\/\/iconproducts.com\/wp-content\/uploads\/2019\/09\/mens-health-entrevista-jorge-rubin-01.jpg\" \/>\n\t<meta property=\"og:image:width\" content=\"1920\" \/>\n\t<meta property=\"og:image:height\" content=\"1080\" \/>\n\t<meta property=\"og:image:type\" content=\"image\/jpeg\" \/>\n<meta name=\"twitter:card\" content=\"summary_large_image\" \/>\n<script type=\"application\/ld+json\" class=\"yoast-schema-graph\">{\"@context\":\"https:\/\/schema.org\",\"@graph\":[{\"@type\":\"WebPage\",\"@id\":\"https:\/\/iconproducts.com\/it\/mens-health-entrevista-a-jorge-rubin\/\",\"url\":\"https:\/\/iconproducts.com\/it\/mens-health-entrevista-a-jorge-rubin\/\",\"name\":\"Men's Health intervista Jorge Rub\u00edn | I.C.O.N. Products\",\"isPartOf\":{\"@id\":\"https:\/\/iconproducts.com\/es\/#website\"},\"primaryImageOfPage\":{\"@id\":\"https:\/\/iconproducts.com\/it\/mens-health-entrevista-a-jorge-rubin\/#primaryimage\"},\"image\":{\"@id\":\"https:\/\/iconproducts.com\/it\/mens-health-entrevista-a-jorge-rubin\/#primaryimage\"},\"thumbnailUrl\":\"https:\/\/iconproducts.com\/wp-content\/uploads\/2019\/09\/mens-health-entrevista-jorge-rubin-01.jpg\",\"datePublished\":\"2019-09-26T10:56:28+00:00\",\"dateModified\":\"2019-10-22T07:34:37+00:00\",\"breadcrumb\":{\"@id\":\"https:\/\/iconproducts.com\/it\/mens-health-entrevista-a-jorge-rubin\/#breadcrumb\"},\"inLanguage\":\"it-IT\",\"potentialAction\":[{\"@type\":\"ReadAction\",\"target\":[\"https:\/\/iconproducts.com\/it\/mens-health-entrevista-a-jorge-rubin\/\"]}]},{\"@type\":\"ImageObject\",\"inLanguage\":\"it-IT\",\"@id\":\"https:\/\/iconproducts.com\/it\/mens-health-entrevista-a-jorge-rubin\/#primaryimage\",\"url\":\"https:\/\/iconproducts.com\/wp-content\/uploads\/2019\/09\/mens-health-entrevista-jorge-rubin-01.jpg\",\"contentUrl\":\"https:\/\/iconproducts.com\/wp-content\/uploads\/2019\/09\/mens-health-entrevista-jorge-rubin-01.jpg\",\"width\":1920,\"height\":1080},{\"@type\":\"BreadcrumbList\",\"@id\":\"https:\/\/iconproducts.com\/it\/mens-health-entrevista-a-jorge-rubin\/#breadcrumb\",\"itemListElement\":[{\"@type\":\"ListItem\",\"position\":1,\"name\":\"I.C.O.N. Products\",\"item\":\"https:\/\/iconproducts.com\/it\/\"},{\"@type\":\"ListItem\",\"position\":2,\"name\":\"Men&#8217;s Health intervista Jorge Rub\u00edn\"}]},{\"@type\":\"WebSite\",\"@id\":\"https:\/\/iconproducts.com\/es\/#website\",\"url\":\"https:\/\/iconproducts.com\/es\/\",\"name\":\"I.C.O.N. Products\",\"description\":\"Productos de peluquer\u00eda\",\"publisher\":{\"@id\":\"https:\/\/iconproducts.com\/es\/#organization\"},\"potentialAction\":[{\"@type\":\"SearchAction\",\"target\":{\"@type\":\"EntryPoint\",\"urlTemplate\":\"https:\/\/iconproducts.com\/es\/?s={search_term_string}\"},\"query-input\":{\"@type\":\"PropertyValueSpecification\",\"valueRequired\":true,\"valueName\":\"search_term_string\"}}],\"inLanguage\":\"it-IT\"},{\"@type\":\"Organization\",\"@id\":\"https:\/\/iconproducts.com\/es\/#organization\",\"name\":\"I.C.O.N. Products\",\"url\":\"https:\/\/iconproducts.com\/es\/\",\"logo\":{\"@type\":\"ImageObject\",\"inLanguage\":\"it-IT\",\"@id\":\"https:\/\/iconproducts.com\/es\/#\/schema\/logo\/image\/\",\"url\":\"https:\/\/iconproducts.com\/wp-content\/uploads\/2018\/08\/logo-icon-1.jpg\",\"contentUrl\":\"https:\/\/iconproducts.com\/wp-content\/uploads\/2018\/08\/logo-icon-1.jpg\",\"width\":1000,\"height\":1000,\"caption\":\"I.C.O.N. Products\"},\"image\":{\"@id\":\"https:\/\/iconproducts.com\/es\/#\/schema\/logo\/image\/\"},\"sameAs\":[\"https:\/\/www.facebook.com\/iconproducts.spain\",\"https:\/\/www.instagram.com\/iconspain\/\",\"https:\/\/www.youtube.com\/channel\/UCw0myea3fiZRsj72sNBnMqQ\"]}]}<\/script>\n<!-- \/ Yoast SEO plugin. -->","yoast_head_json":{"title":"Men's Health intervista Jorge Rub\u00edn | I.C.O.N. Products","robots":{"index":"index","follow":"follow","max-snippet":"max-snippet:-1","max-image-preview":"max-image-preview:large","max-video-preview":"max-video-preview:-1"},"canonical":"https:\/\/iconproducts.com\/it\/mens-health-entrevista-a-jorge-rubin\/","og_locale":"it_IT","og_type":"article","og_title":"Men's Health intervista Jorge Rub\u00edn | I.C.O.N. Products","og_description":"[vc_row][vc_column][\/vc_column][\/vc_row][vc_row][vc_column width=&#8221;1\/2&#8243; css=&#8221;.vc_custom_1539168064893{padding-right: 2% !important;}&#8221;][vc_single_image image=&#8221;48543&#8243; img_size=&#8221;full&#8221; alignment=&#8221;center&#8221; onclick=&#8221;link_image&#8221;][\/vc_column][vc_column width=&#8221;1\/2&#8243; css=&#8221;.vc_custom_1539168069644{padding-left: 2% !important;}&#8221;][vc_column_text] Le migliori cure per trionfare Jorge Rub\u00edn \u00e8 l\u2019Amministratore Delegato di I.C.O.N., un\u2019azienda di prodotti cosmetici nata","og_url":"https:\/\/iconproducts.com\/it\/mens-health-entrevista-a-jorge-rubin\/","og_site_name":"I.C.O.N. Products","article_publisher":"https:\/\/www.facebook.com\/iconproducts.spain","article_modified_time":"2019-10-22T07:34:37+00:00","og_image":[{"width":1920,"height":1080,"url":"https:\/\/iconproducts.com\/wp-content\/uploads\/2019\/09\/mens-health-entrevista-jorge-rubin-01.jpg","type":"image\/jpeg"}],"twitter_card":"summary_large_image","schema":{"@context":"https:\/\/schema.org","@graph":[{"@type":"WebPage","@id":"https:\/\/iconproducts.com\/it\/mens-health-entrevista-a-jorge-rubin\/","url":"https:\/\/iconproducts.com\/it\/mens-health-entrevista-a-jorge-rubin\/","name":"Men's Health intervista Jorge Rub\u00edn | I.C.O.N. Products","isPartOf":{"@id":"https:\/\/iconproducts.com\/es\/#website"},"primaryImageOfPage":{"@id":"https:\/\/iconproducts.com\/it\/mens-health-entrevista-a-jorge-rubin\/#primaryimage"},"image":{"@id":"https:\/\/iconproducts.com\/it\/mens-health-entrevista-a-jorge-rubin\/#primaryimage"},"thumbnailUrl":"https:\/\/iconproducts.com\/wp-content\/uploads\/2019\/09\/mens-health-entrevista-jorge-rubin-01.jpg","datePublished":"2019-09-26T10:56:28+00:00","dateModified":"2019-10-22T07:34:37+00:00","breadcrumb":{"@id":"https:\/\/iconproducts.com\/it\/mens-health-entrevista-a-jorge-rubin\/#breadcrumb"},"inLanguage":"it-IT","potentialAction":[{"@type":"ReadAction","target":["https:\/\/iconproducts.com\/it\/mens-health-entrevista-a-jorge-rubin\/"]}]},{"@type":"ImageObject","inLanguage":"it-IT","@id":"https:\/\/iconproducts.com\/it\/mens-health-entrevista-a-jorge-rubin\/#primaryimage","url":"https:\/\/iconproducts.com\/wp-content\/uploads\/2019\/09\/mens-health-entrevista-jorge-rubin-01.jpg","contentUrl":"https:\/\/iconproducts.com\/wp-content\/uploads\/2019\/09\/mens-health-entrevista-jorge-rubin-01.jpg","width":1920,"height":1080},{"@type":"BreadcrumbList","@id":"https:\/\/iconproducts.com\/it\/mens-health-entrevista-a-jorge-rubin\/#breadcrumb","itemListElement":[{"@type":"ListItem","position":1,"name":"I.C.O.N. Products","item":"https:\/\/iconproducts.com\/it\/"},{"@type":"ListItem","position":2,"name":"Men&#8217;s Health intervista Jorge Rub\u00edn"}]},{"@type":"WebSite","@id":"https:\/\/iconproducts.com\/es\/#website","url":"https:\/\/iconproducts.com\/es\/","name":"I.C.O.N. Products","description":"Productos de peluquer\u00eda","publisher":{"@id":"https:\/\/iconproducts.com\/es\/#organization"},"potentialAction":[{"@type":"SearchAction","target":{"@type":"EntryPoint","urlTemplate":"https:\/\/iconproducts.com\/es\/?s={search_term_string}"},"query-input":{"@type":"PropertyValueSpecification","valueRequired":true,"valueName":"search_term_string"}}],"inLanguage":"it-IT"},{"@type":"Organization","@id":"https:\/\/iconproducts.com\/es\/#organization","name":"I.C.O.N. Products","url":"https:\/\/iconproducts.com\/es\/","logo":{"@type":"ImageObject","inLanguage":"it-IT","@id":"https:\/\/iconproducts.com\/es\/#\/schema\/logo\/image\/","url":"https:\/\/iconproducts.com\/wp-content\/uploads\/2018\/08\/logo-icon-1.jpg","contentUrl":"https:\/\/iconproducts.com\/wp-content\/uploads\/2018\/08\/logo-icon-1.jpg","width":1000,"height":1000,"caption":"I.C.O.N. Products"},"image":{"@id":"https:\/\/iconproducts.com\/es\/#\/schema\/logo\/image\/"},"sameAs":["https:\/\/www.facebook.com\/iconproducts.spain","https:\/\/www.instagram.com\/iconspain\/","https:\/\/www.youtube.com\/channel\/UCw0myea3fiZRsj72sNBnMqQ"]}]}},"_links":{"self":[{"href":"https:\/\/iconproducts.com\/it\/wp-json\/wp\/v2\/pages\/48619","targetHints":{"allow":["GET"]}}],"collection":[{"href":"https:\/\/iconproducts.com\/it\/wp-json\/wp\/v2\/pages"}],"about":[{"href":"https:\/\/iconproducts.com\/it\/wp-json\/wp\/v2\/types\/page"}],"author":[{"embeddable":true,"href":"https:\/\/iconproducts.com\/it\/wp-json\/wp\/v2\/users\/1"}],"replies":[{"embeddable":true,"href":"https:\/\/iconproducts.com\/it\/wp-json\/wp\/v2\/comments?post=48619"}],"version-history":[{"count":0,"href":"https:\/\/iconproducts.com\/it\/wp-json\/wp\/v2\/pages\/48619\/revisions"}],"wp:featuredmedia":[{"embeddable":true,"href":"https:\/\/iconproducts.com\/it\/wp-json\/wp\/v2\/media\/48543"}],"wp:attachment":[{"href":"https:\/\/iconproducts.com\/it\/wp-json\/wp\/v2\/media?parent=48619"}],"wp:term":[{"taxonomy":"post_tag","embeddable":true,"href":"https:\/\/iconproducts.com\/it\/wp-json\/wp\/v2\/tags?post=48619"},{"taxonomy":"wf_page_folders","embeddable":true,"href":"https:\/\/iconproducts.com\/it\/wp-json\/wp\/v2\/wf_page_folders?post=48619"}],"curies":[{"name":"wp","href":"https:\/\/api.w.org\/{rel}","templated":true}]}}