
{"id":99883,"date":"2022-11-17T10:16:26","date_gmt":"2022-11-17T09:16:26","guid":{"rendered":"https:\/\/iconproducts.com\/?page_id=99883"},"modified":"2023-10-03T10:08:53","modified_gmt":"2023-10-03T08:08:53","slug":"anti-frizz-conditioning-treatment","status":"publish","type":"page","link":"https:\/\/iconproducts.com\/it\/anti-frizz-conditioning-treatment\/","title":{"rendered":"Anti-Frizz Conditioning Treatment"},"content":{"rendered":"<p>[vc_row][vc_column]<div class=\"dfd-spacer-module\"  data-units=\"px\" data-wide_resolution=\"1280\" data-wide_size=\"100\" data-normal_resolution=\"1024\" data-normal_size=\"100\" data-tablet_resolution=\"800\" data-tablet_size=\"50\" data-mobile_resolution=\"480\" data-mobile_size=\"50\" style=\"height: 100px;\"><\/div>[\/vc_column][\/vc_row][vc_row][vc_column width=&#8221;1\/2&#8243;]<div id=\"dfd-single-image-module69e086d52a11f-5631\" class=\"dfd-single-image-module  image-center \" ><img fetchpriority=\"high\" decoding=\"async\" src=\"https:\/\/iconproducts.com\/wp-content\/uploads\/2022\/11\/Litros-antifrizz-cond-treat.jpg\" width=\"1000\" height=\"1000\"  alt=\"Image module\" \/><\/div><div class=\"dfd-spacer-module\"  data-units=\"px\" data-wide_resolution=\"1280\" data-wide_size=\"50\" data-normal_resolution=\"1024\" data-normal_size=\"50\" data-tablet_resolution=\"800\" data-tablet_size=\"50\" data-mobile_resolution=\"480\" data-mobile_size=\"50\" style=\"height: 50px;\"><\/div><div class=\"dfd-spacer-module\"  data-units=\"px\" data-wide_resolution=\"1280\" data-wide_size=\"50\" data-normal_resolution=\"1024\" data-normal_size=\"50\" data-tablet_resolution=\"800\" data-tablet_size=\"50\" data-mobile_resolution=\"480\" data-mobile_size=\"50\" style=\"height: 50px;\"><\/div>[\/vc_column][vc_column width=&#8221;1\/2&#8243;]<div class=\"dfd-heading-shortcode\"><div class=\"dfd-heading-module-wrap  text-left style_01 dfd-heading-69e086d52a1f4 dfd-disable-resposive-headings\" id=\"dfd-heading-69e086d52a1f4\" ><div class=\"inline-block\"><div class=\"dfd-heading-module\"><h1 class=\"widget-title dfd-title \" style=\"\">Anti-Frizz Conditioner<\/h1><h1 class=\"widget-sub-title dfd-sub-title \" style=\"\">CONDITIONER ANTI-CRESPO<\/h1><div class=\"dfd-heading-delimiter\"><\/div><\/div><\/div><\/div><script type=\"text\/javascript\">\n\t\t\t\t\t\t\t\t\t(function($) {\n\t\t\t\t\t\t\t\t\t\t$(\"head\").append(\"<style>.dfd-heading-69e086d52a1f4.dfd-heading-module-wrap .dfd-heading-module .dfd-heading-delimiter {border-bottom-style:solid;border-bottom-width:1px;width:100px;border-bottom-color:#dddddd;}.dfd-heading-69e086d52a1f4.dfd-heading-module-wrap .dfd-heading-module .dfd-heading-delimiter {margin-top:10px;margin-bottom:10px;}<\/style>\");\n\t\t\t\t\t\t\t\t\t})(jQuery);\n\t\t\t\t\t\t\t\t<\/script><\/div>[vc_column_text]<strong>Cos\u2019\u00e8:<\/strong><br \/>\nConditioner anti-crespo che elimina l\u2019increspamento, domando al contempo i capelli pi\u00f9 ingestibili.<\/p>\n<p><strong>Quando \u00e8 indicato:<\/strong><br \/>\nIdeato per capelli secchi e increspati.<\/p>\n<p><strong>Che azione ha:<\/strong><br \/>\nFornisce i nutrienti essenziali per eliminare la texture irregolare e ridurne il volume, evitando al contempo il problema delle doppie punte.<\/p>\n<p><strong>Applicazione:<\/strong><br \/>\nMassaggiare e applicare sui capelli per 5 minuti minimo. Dunque sciacquare per bene.\u201d[\/vc_column_text]<div class=\"dfd-spacer-module\"  data-units=\"px\" data-wide_resolution=\"1280\" data-wide_size=\"20\" data-normal_resolution=\"1024\" data-normal_size=\"20\" data-tablet_resolution=\"800\" data-tablet_size=\"20\" data-mobile_resolution=\"480\" data-mobile_size=\"20\" style=\"height: 20px;\"><\/div><div class=\"dfd-delimier-main-wrapper \" ><div id=\"dfd-delimiter-69e086d52a365-8436\"  class=\"dfd-delimier-wrapper dfd-delimiter-with-line \"  style='text-align:left; ' ><span><span class=\"line\" style=\"border-bottom-width:1px; border-bottom-style:dotted; \"><\/span><\/span><\/div><\/div><div class=\"dfd-spacer-module\"  data-units=\"px\" data-wide_resolution=\"1280\" data-wide_size=\"20\" data-normal_resolution=\"1024\" data-normal_size=\"20\" data-tablet_resolution=\"800\" data-tablet_size=\"20\" data-mobile_resolution=\"480\" data-mobile_size=\"20\" style=\"height: 20px;\"><\/div>[vc_row_inner el_class=&#8221;bloque-tamanos&#8221;][vc_column_inner][vc_column_text]<strong>Formati disponibilis<\/strong>:[\/vc_column_text]<div class=\"dfd-info-banner style-01  text-center\" ><div class=\"image-cover \"><img decoding=\"async\" src=\"https:\/\/iconproducts.com\/wp-content\/uploads\/2023\/09\/styling-250-60x100.jpg\" alt=\"Image\"  width=\"60\" height=\"100\" class=\"info-banner-image \" \/><\/div><div class=\"info-box-title feature-title\" style=\"\">250 ml.<\/div><div class=\"wrap-delimiter\"><div class=\"delimiter\" ><\/div><\/div><\/div><div class=\"dfd-info-banner style-01  text-center\" ><div class=\"image-cover \"><img decoding=\"async\" src=\"https:\/\/iconproducts.com\/wp-content\/uploads\/2023\/09\/litro-60x100.jpg\" alt=\"Image\"  width=\"60\" height=\"100\" class=\"info-banner-image \" \/><\/div><div class=\"info-box-title feature-title\" style=\"\">1 l.<\/div><div class=\"wrap-delimiter\"><div class=\"delimiter\" ><\/div><\/div><\/div>[\/vc_column_inner][\/vc_row_inner][vc_row_inner el_class=&#8221;btn-buy&#8221;][vc_column_inner]<div class=\"dfd-delimier-main-wrapper \" ><div id=\"dfd-delimiter-69e086d52aac9-49\"  class=\"dfd-delimier-wrapper dfd-delimiter-with-line \"  style='text-align:left; ' ><span><span class=\"line\" style=\"border-bottom-width:1px; border-bottom-style:dotted; \"><\/span><\/span><\/div><\/div><div class=\"dfd-spacer-module\"  data-units=\"px\" data-wide_resolution=\"1280\" data-wide_size=\"20\" data-normal_resolution=\"1024\" data-normal_size=\"20\" data-tablet_resolution=\"800\" data-tablet_size=\"20\" data-mobile_resolution=\"480\" data-mobile_size=\"20\" style=\"height: 20px;\"><\/div><div id=\"dfd-button-69e086d52ab87\" class=\"dfd-button-module-wrap dfd-button-69e086d52ab87\"><div class=\"dfd-button-module  style_3 text-left dfd-horizontal dfd-top-to-bottom dfd-button-icon-left dfd-button-icon-hover-simple\" ><a href=\"https:\/\/iconcasa.it\/\"target=\"_blank\" class=\"dfd-button-link\"><span class=\"dfd-button-inner-cover\"><span class=\"dfd-button-text-main\"><i class=\"dfd-icon-right_6\"><\/i>Acquista questo prodotto<\/span><\/span><\/a><\/div><script type=\"text\/javascript\">\n\t\t\t\t\t\t\t\t\t(function($) {$(\"head\").append(\"<style>#dfd-button-69e086d52ab87.dfd-button-module-wrap .dfd-button-module .dfd-button-link .dfd-button-inner-cover span i, .dfd-button-69e086d52ab87.dfd-button-module-wrap .dfd-button-module .dfd-button-link .dfd-button-inner-cover span i {font-size: 18px;}#dfd-button-69e086d52ab87.dfd-button-module-wrap .dfd-button-module .dfd-button-link .dfd-button-inner-cover .dfd-button-text-main,.dfd-button-69e086d52ab87.dfd-button-module-wrap .dfd-button-module .dfd-button-link .dfd-button-inner-cover .dfd-button-text-main {color: #ffffff}#dfd-button-69e086d52ab87.dfd-button-module-wrap .dfd-button-module .dfd-button-link .dfd-button-inner-cover,.dfd-button-69e086d52ab87.dfd-button-module-wrap .dfd-button-module .dfd-button-link .dfd-button-border-decoration,.dfd-button-69e086d52ab87.dfd-button-module-wrap .dfd-button-module .dfd-button-link .dfd-button-inner-cover {border-radius:2px;}#dfd-button-69e086d52ab87.dfd-button-module-wrap .dfd-button-module:not(.style_4) .dfd-button-link .dfd-button-inner-cover:before,#dfd-button-69e086d52ab87.dfd-button-module-wrap .dfd-button-module.style_4 .dfd-button-link .dfd-button-inner-cover:after,#dfd-button-69e086d52ab87.dfd-button-module-wrap .dfd-button-module.style_6 .dfd-button-link .dfd-button-inner-cover .dfd-button-text-main,.dfd-button-69e086d52ab87.dfd-button-module-wrap .dfd-button-module:not(.style_4) .dfd-button-link .dfd-button-inner-cover:before,.dfd-button-69e086d52ab87.dfd-button-module-wrap .dfd-button-module.style_4 .dfd-button-link .dfd-button-inner-cover:after,.dfd-button-69e086d52ab87.dfd-button-module-wrap .dfd-button-module.style_6 .dfd-button-link .dfd-button-inner-cover .dfd-button-text-main {background: #1b1b1b;border-style:solid;border-width:1px;border-radius:2px;border-color:#1b1b1b;}#dfd-button-69e086d52ab87.dfd-button-module-wrap .dfd-button-module:not(.style_6) .dfd-button-link:hover .dfd-button-inner-cover .dfd-button-text-main,#dfd-button-69e086d52ab87.dfd-button-module-wrap .dfd-button-module .dfd-button-link .dfd-button-inner-cover .dfd-button-text-hover,.dfd-button-69e086d52ab87.dfd-button-module-wrap .dfd-button-module:not(.style_6) .dfd-button-link:hover .dfd-button-inner-cover .dfd-button-text-main,.dfd-button-69e086d52ab87.dfd-button-module-wrap .dfd-button-module .dfd-button-link .dfd-button-inner-cover .dfd-button-text-hover {color: #000000;}#dfd-button-69e086d52ab87.dfd-button-module-wrap .dfd-button-module .dfd-button-link:hover .dfd-button-inner-cover,.dfd-button-69e086d52ab87.dfd-button-module-wrap .dfd-button-module .dfd-button-link:hover .dfd-button-border-decoration,.dfd-button-69e086d52ab87.dfd-button-module-wrap .dfd-button-module .dfd-button-link:hover .dfd-button-inner-cover {border-radius:2px;}#dfd-button-69e086d52ab87.dfd-button-module-wrap .dfd-button-module:not(.style_4) .dfd-button-link .dfd-button-inner-cover:after,#dfd-button-69e086d52ab87.dfd-button-module-wrap .dfd-button-module.style_4 .dfd-button-link .dfd-button-inner-cover:before,#dfd-button-69e086d52ab87.dfd-button-module-wrap .dfd-button-module .dfd-button-link .dfd-button-inner-cover .dfd-button-text-hover .dfd-button-69e086d52ab87.dfd-button-module-wrap .dfd-button-module:not(.style_4) .dfd-button-link .dfd-button-inner-cover:after,.dfd-button-69e086d52ab87.dfd-button-module-wrap .dfd-button-module.style_4 .dfd-button-link .dfd-button-inner-cover:before,.dfd-button-69e086d52ab87.dfd-button-module-wrap .dfd-button-module .dfd-button-link .dfd-button-inner-cover .dfd-button-text-hover {background: #ffffff;border-style:solid;border-width:1px;border-radius:2px;border-color:#045db5;}#dfd-button-69e086d52ab87.dfd-button-module-wrap .dfd-button-module.style_3 .dfd-button-link:hover .dfd-button-inner-cover:before,#dfd-button-69e086d52ab87.dfd-button-module-wrap .dfd-button-module.style_4 .dfd-button-link:hover .dfd-button-inner-cover:before,.dfd-button-69e086d52ab87.dfd-button-module-wrap .dfd-button-module.style_3 .dfd-button-link:hover .dfd-button-inner-cover:before,.dfd-button-69e086d52ab87.dfd-button-module-wrap .dfd-button-module.style_4 .dfd-button-link:hover .dfd-button-inner-cover:before {border-style:solid;border-width:1px;border-radius:2px;border-color:#045db5;}#dfd-button-69e086d52ab87.dfd-button-module-wrap .dfd-button-module .dfd-button-link:hover .dfd-button-inner-cover .dfd-button-text-main i,.dfd-button-69e086d52ab87.dfd-button-module-wrap .dfd-button-module .dfd-button-link:hover .dfd-button-inner-cover .dfd-button-text-main i {color: #045db5;}<\/style>\")\n\t\t\t\t\t\t\t\t\t})(jQuery);\n\t\t\t\t\t\t\t\t<\/script><\/div>[\/vc_column_inner][\/vc_row_inner][\/vc_column][\/vc_row][vc_section el_id=&#8221;new-ficha-product&#8221; css=&#8221;.vc_custom_1649156765257{margin-bottom: 60px !important;}&#8221;][vc_row][vc_column]<div class=\"dfd-spacer-module\"  data-units=\"px\" data-wide_resolution=\"1280\" data-wide_size=\"50\" data-normal_resolution=\"1024\" data-normal_size=\"50\" data-tablet_resolution=\"800\" data-tablet_size=\"50\" data-mobile_resolution=\"480\" data-mobile_size=\"50\" style=\"height: 50px;\"><\/div>[dfd_tta_tabs style=&#8221;empty_style&#8221; tab_title_uppercase=&#8221;uppercase&#8221; font_size=&#8221;15&#8243; icon_size=&#8221;15&#8243; active_section=&#8221;1&#8243; tab_title_font_options=&#8221;font_style_bold:1&#8243;][vc_tta_section i_position=&#8221;right&#8221; i_icon_fontawesome=&#8221;fas fa-plus&#8221; add_icon=&#8221;true&#8221; title=&#8221;PRINCIPI ATTIVI&#8221; tab_id=&#8221;1648023039495-7bc2b53a-3435&#8243;]<div class=\"dfd-spacer-module\"  data-units=\"px\" data-wide_resolution=\"1280\" data-wide_size=\"10\" data-normal_resolution=\"1024\" data-normal_size=\"10\" data-tablet_resolution=\"800\" data-tablet_size=\"10\" data-mobile_resolution=\"480\" data-mobile_size=\"10\" style=\"height: 10px;\"><\/div>[vc_row_inner][vc_column_inner width=&#8221;1\/2&#8243; css=&#8221;.vc_custom_1648024148386{padding-bottom: 40px !important;}&#8221; col_inner_shadow=&#8221;box_shadow_enable:disable|shadow_horizontal:0|shadow_vertical:15|shadow_blur:50|shadow_spread:0|box_shadow_color:rgba(0%2C0%2C0%2C0.35)&#8221; col_inner_shadow_hover=&#8221;box_shadow_enable:disable|shadow_horizontal:0|shadow_vertical:15|shadow_blur:50|shadow_spread:0|box_shadow_color:rgba(0%2C0%2C0%2C0.35)&#8221;]<div id=\"idinfobox69e086d52acd2\" class=\"dfd-info-box clearfix style-01 layout-04 box-ficha-product idinfobox69e086d52acd2\" ><div class=\"dfd-animate-container\"><div class=\"icon-wrapper\"><div class=\"module-icon\" ><div class=\"hover-layer\" ><\/div><img decoding=\"async\" src=\"https:\/\/iconproducts.com\/wp-content\/uploads\/2019\/04\/keraveg-18.jpg\" alt=\"Image icon\" style=\"opacity: 1;\" \/><\/div><\/div><div class=\"content-wrap ovh\"><div class=\"info-box-title feature-title\" style=\"font-size: 18px; font-weight:bold; \">KERAVEG 18<\/div><div class=\"wrap-delimiter\"><div class=\"delimiter\" ><\/div><\/div><div class=\"description\" style=\"\">Aumenta l\u2019elasticit\u00e0 dei capelli e li rinforza.<br \/>\n<\/div><\/div><\/div><\/div>[\/vc_column_inner][vc_column_inner width=&#8221;1\/2&#8243; css=&#8221;.vc_custom_1648024152883{padding-bottom: 40px !important;}&#8221; col_inner_shadow=&#8221;box_shadow_enable:disable|shadow_horizontal:0|shadow_vertical:15|shadow_blur:50|shadow_spread:0|box_shadow_color:rgba(0%2C0%2C0%2C0.35)&#8221; col_inner_shadow_hover=&#8221;box_shadow_enable:disable|shadow_horizontal:0|shadow_vertical:15|shadow_blur:50|shadow_spread:0|box_shadow_color:rgba(0%2C0%2C0%2C0.35)&#8221;]<div id=\"idinfobox69e086d52af76\" class=\"dfd-info-box clearfix style-01 layout-04 box-ficha-product idinfobox69e086d52af76\" ><div class=\"dfd-animate-container\"><div class=\"icon-wrapper\"><div class=\"module-icon\" ><div class=\"hover-layer\" ><\/div><img decoding=\"async\" src=\"https:\/\/iconproducts.com\/wp-content\/uploads\/2019\/04\/vitamina-b7.jpg\" alt=\"Image icon\" style=\"opacity: 1;\" \/><\/div><\/div><div class=\"content-wrap ovh\"><div class=\"info-box-title feature-title\" style=\"font-size: 18px; font-weight:bold; \">BIOTIN<\/div><div class=\"wrap-delimiter\"><div class=\"delimiter\" ><\/div><\/div><div class=\"description\" style=\"\">Water-soluble vitamin part of the vitamin B complex. A group of key nutrients needed for healthier stronger hair that prevents dryness and helps to prevent hair loss.<\/p>\n<p><\/div><\/div><\/div><\/div>[\/vc_column_inner][\/vc_row_inner][\/vc_tta_section][vc_tta_section i_position=&#8221;right&#8221; i_icon_fontawesome=&#8221;fas fa-plus&#8221; add_icon=&#8221;true&#8221; title=&#8221;Principi&#8221; tab_id=&#8221;1647965598517-cf28458a-0f46&#8243;][vc_column_text]<em>Aqua (water\/eau), behentrimonium chloride, cetearyl alcohol, neopentyl glycol diheptanoate, isohexadecane, cetyl alcohol, isododecane, butylene glycol, alanine, aloe barbadensis leaf juice, arginine, arginine hcl, ascorbyl palmitate, aspartic acid, avena sativa (oat) peptide, biotin, c11-15 pareth-7, c12-16 pareth-9, calcium pantothenate, capryloyl glycerin\/sebacic acid copolymer, cetrimonium chloride, cinnamidopropyltrimonium chloride, citric acid, diheptyl succinate, disodium edta, euterpe oleracea fruit extract, glycerin, glycine, guar hydroxypropyltrimonium chloride, helianthus annuus (sunflower) seed extract, histidine, hydrolyzed vegetable protein pg-propyl silanetriol, isoleucine, maltodextrin, niacinamide, olea europaea (olive) fruit oil, panthenol, pca, phenylalanine, phospholipids, polyquaternium-37, polysorbate 80, ppg-1 trideceth-6, proline, propylene glycol dicaprylate\/ dicaprate, pyridoxine hcl, retinyl palmitate, serine, silica, sodium pca, sodium lactate, sodium ascorbyl phosphate, sodium starch octenylsuccinate, soy amino acids, threonine, tocopheryl acetate, trideceth-12, trimethylsiloxyamodimethicone, valine, wheat amino acids, ethylhexylglycerin, phenoxyethanol, fragrance (parfum)<\/em><\/p>\n<p>Ci impegniamo a offrire prodotti di alta qualit\u00e0, naturali ed ecologici, ad alte prestazioni e innovazioni .Il nostro elenco di ingredienti pu\u00f2 variare di volta in volta, in quanto ci teniamo al di sopra di tutte le normative. Per un elenco pi\u00f9 accurato degli ingredienti, consultare dietro la confezione dove troverete le informazioni stampate.<\/p>\n<p>[\/vc_column_text][\/vc_tta_section][\/dfd_tta_tabs][\/vc_column][\/vc_row][\/vc_section]<\/p>\n","protected":false},"excerpt":{"rendered":"<p>[vc_row][vc_column][\/vc_column][\/vc_row][vc_row][vc_column width=&#8221;1\/2&#8243;][\/vc_column][vc_column width=&#8221;1\/2&#8243;][vc_column_text]Cos\u2019\u00e8: Conditioner anti-crespo che elimina l\u2019increspamento, domando al contempo i capelli pi\u00f9 ingestibili. Quando \u00e8 indicato: Ideato per capelli secchi e increspati. Che azione ha: Fornisce i nutrienti<\/p>\n","protected":false},"author":1,"featured_media":0,"parent":0,"menu_order":0,"comment_status":"closed","ping_status":"closed","template":"","meta":{"_acf_changed":false,"footnotes":""},"tags":[],"wf_page_folders":[369],"class_list":["post-99883","page","type-page","status-publish","hentry"],"acf":[],"yoast_head":"<!-- This site is optimized with the Yoast SEO plugin v27.0 - https:\/\/yoast.com\/product\/yoast-seo-wordpress\/ -->\n<title>Anti-Frizz Conditioning Treatment | I.C.O.N. Products<\/title>\n<meta name=\"robots\" content=\"index, follow, max-snippet:-1, max-image-preview:large, max-video-preview:-1\" \/>\n<link rel=\"canonical\" href=\"https:\/\/iconproducts.com\/it\/anti-frizz-conditioning-treatment\/\" \/>\n<meta property=\"og:locale\" content=\"it_IT\" \/>\n<meta property=\"og:type\" content=\"article\" \/>\n<meta property=\"og:title\" content=\"Anti-Frizz Conditioning Treatment | I.C.O.N. Products\" \/>\n<meta property=\"og:description\" content=\"[vc_row][vc_column][\/vc_column][\/vc_row][vc_row][vc_column width=&#8221;1\/2&#8243;][\/vc_column][vc_column width=&#8221;1\/2&#8243;][vc_column_text]Cos\u2019\u00e8: Conditioner anti-crespo che elimina l\u2019increspamento, domando al contempo i capelli pi\u00f9 ingestibili. Quando \u00e8 indicato: Ideato per capelli secchi e increspati. Che azione ha: Fornisce i nutrienti\" \/>\n<meta property=\"og:url\" content=\"https:\/\/iconproducts.com\/it\/anti-frizz-conditioning-treatment\/\" \/>\n<meta property=\"og:site_name\" content=\"I.C.O.N. Products\" \/>\n<meta property=\"article:publisher\" content=\"https:\/\/www.facebook.com\/iconproducts.spain\" \/>\n<meta property=\"article:modified_time\" content=\"2023-10-03T08:08:53+00:00\" \/>\n<meta name=\"twitter:card\" content=\"summary_large_image\" \/>\n<script type=\"application\/ld+json\" class=\"yoast-schema-graph\">{\"@context\":\"https:\/\/schema.org\",\"@graph\":[{\"@type\":\"WebPage\",\"@id\":\"https:\/\/iconproducts.com\/it\/anti-frizz-conditioning-treatment\/\",\"url\":\"https:\/\/iconproducts.com\/it\/anti-frizz-conditioning-treatment\/\",\"name\":\"Anti-Frizz Conditioning Treatment | I.C.O.N. Products\",\"isPartOf\":{\"@id\":\"https:\/\/iconproducts.com\/es\/#website\"},\"datePublished\":\"2022-11-17T09:16:26+00:00\",\"dateModified\":\"2023-10-03T08:08:53+00:00\",\"breadcrumb\":{\"@id\":\"https:\/\/iconproducts.com\/it\/anti-frizz-conditioning-treatment\/#breadcrumb\"},\"inLanguage\":\"it-IT\",\"potentialAction\":[{\"@type\":\"ReadAction\",\"target\":[\"https:\/\/iconproducts.com\/it\/anti-frizz-conditioning-treatment\/\"]}]},{\"@type\":\"BreadcrumbList\",\"@id\":\"https:\/\/iconproducts.com\/it\/anti-frizz-conditioning-treatment\/#breadcrumb\",\"itemListElement\":[{\"@type\":\"ListItem\",\"position\":1,\"name\":\"I.C.O.N. Products\",\"item\":\"https:\/\/iconproducts.com\/it\/\"},{\"@type\":\"ListItem\",\"position\":2,\"name\":\"Anti-Frizz Conditioning Treatment\"}]},{\"@type\":\"WebSite\",\"@id\":\"https:\/\/iconproducts.com\/es\/#website\",\"url\":\"https:\/\/iconproducts.com\/es\/\",\"name\":\"I.C.O.N. Products\",\"description\":\"Productos de peluquer\u00eda\",\"publisher\":{\"@id\":\"https:\/\/iconproducts.com\/es\/#organization\"},\"potentialAction\":[{\"@type\":\"SearchAction\",\"target\":{\"@type\":\"EntryPoint\",\"urlTemplate\":\"https:\/\/iconproducts.com\/es\/?s={search_term_string}\"},\"query-input\":{\"@type\":\"PropertyValueSpecification\",\"valueRequired\":true,\"valueName\":\"search_term_string\"}}],\"inLanguage\":\"it-IT\"},{\"@type\":\"Organization\",\"@id\":\"https:\/\/iconproducts.com\/es\/#organization\",\"name\":\"I.C.O.N. Products\",\"url\":\"https:\/\/iconproducts.com\/es\/\",\"logo\":{\"@type\":\"ImageObject\",\"inLanguage\":\"it-IT\",\"@id\":\"https:\/\/iconproducts.com\/es\/#\/schema\/logo\/image\/\",\"url\":\"https:\/\/iconproducts.com\/wp-content\/uploads\/2018\/08\/logo-icon-1.jpg\",\"contentUrl\":\"https:\/\/iconproducts.com\/wp-content\/uploads\/2018\/08\/logo-icon-1.jpg\",\"width\":1000,\"height\":1000,\"caption\":\"I.C.O.N. Products\"},\"image\":{\"@id\":\"https:\/\/iconproducts.com\/es\/#\/schema\/logo\/image\/\"},\"sameAs\":[\"https:\/\/www.facebook.com\/iconproducts.spain\",\"https:\/\/www.instagram.com\/iconspain\/\",\"https:\/\/www.youtube.com\/channel\/UCw0myea3fiZRsj72sNBnMqQ\"]}]}<\/script>\n<!-- \/ Yoast SEO plugin. -->","yoast_head_json":{"title":"Anti-Frizz Conditioning Treatment | I.C.O.N. Products","robots":{"index":"index","follow":"follow","max-snippet":"max-snippet:-1","max-image-preview":"max-image-preview:large","max-video-preview":"max-video-preview:-1"},"canonical":"https:\/\/iconproducts.com\/it\/anti-frizz-conditioning-treatment\/","og_locale":"it_IT","og_type":"article","og_title":"Anti-Frizz Conditioning Treatment | I.C.O.N. Products","og_description":"[vc_row][vc_column][\/vc_column][\/vc_row][vc_row][vc_column width=&#8221;1\/2&#8243;][\/vc_column][vc_column width=&#8221;1\/2&#8243;][vc_column_text]Cos\u2019\u00e8: Conditioner anti-crespo che elimina l\u2019increspamento, domando al contempo i capelli pi\u00f9 ingestibili. Quando \u00e8 indicato: Ideato per capelli secchi e increspati. Che azione ha: Fornisce i nutrienti","og_url":"https:\/\/iconproducts.com\/it\/anti-frizz-conditioning-treatment\/","og_site_name":"I.C.O.N. Products","article_publisher":"https:\/\/www.facebook.com\/iconproducts.spain","article_modified_time":"2023-10-03T08:08:53+00:00","twitter_card":"summary_large_image","schema":{"@context":"https:\/\/schema.org","@graph":[{"@type":"WebPage","@id":"https:\/\/iconproducts.com\/it\/anti-frizz-conditioning-treatment\/","url":"https:\/\/iconproducts.com\/it\/anti-frizz-conditioning-treatment\/","name":"Anti-Frizz Conditioning Treatment | I.C.O.N. Products","isPartOf":{"@id":"https:\/\/iconproducts.com\/es\/#website"},"datePublished":"2022-11-17T09:16:26+00:00","dateModified":"2023-10-03T08:08:53+00:00","breadcrumb":{"@id":"https:\/\/iconproducts.com\/it\/anti-frizz-conditioning-treatment\/#breadcrumb"},"inLanguage":"it-IT","potentialAction":[{"@type":"ReadAction","target":["https:\/\/iconproducts.com\/it\/anti-frizz-conditioning-treatment\/"]}]},{"@type":"BreadcrumbList","@id":"https:\/\/iconproducts.com\/it\/anti-frizz-conditioning-treatment\/#breadcrumb","itemListElement":[{"@type":"ListItem","position":1,"name":"I.C.O.N. Products","item":"https:\/\/iconproducts.com\/it\/"},{"@type":"ListItem","position":2,"name":"Anti-Frizz Conditioning Treatment"}]},{"@type":"WebSite","@id":"https:\/\/iconproducts.com\/es\/#website","url":"https:\/\/iconproducts.com\/es\/","name":"I.C.O.N. Products","description":"Productos de peluquer\u00eda","publisher":{"@id":"https:\/\/iconproducts.com\/es\/#organization"},"potentialAction":[{"@type":"SearchAction","target":{"@type":"EntryPoint","urlTemplate":"https:\/\/iconproducts.com\/es\/?s={search_term_string}"},"query-input":{"@type":"PropertyValueSpecification","valueRequired":true,"valueName":"search_term_string"}}],"inLanguage":"it-IT"},{"@type":"Organization","@id":"https:\/\/iconproducts.com\/es\/#organization","name":"I.C.O.N. Products","url":"https:\/\/iconproducts.com\/es\/","logo":{"@type":"ImageObject","inLanguage":"it-IT","@id":"https:\/\/iconproducts.com\/es\/#\/schema\/logo\/image\/","url":"https:\/\/iconproducts.com\/wp-content\/uploads\/2018\/08\/logo-icon-1.jpg","contentUrl":"https:\/\/iconproducts.com\/wp-content\/uploads\/2018\/08\/logo-icon-1.jpg","width":1000,"height":1000,"caption":"I.C.O.N. Products"},"image":{"@id":"https:\/\/iconproducts.com\/es\/#\/schema\/logo\/image\/"},"sameAs":["https:\/\/www.facebook.com\/iconproducts.spain","https:\/\/www.instagram.com\/iconspain\/","https:\/\/www.youtube.com\/channel\/UCw0myea3fiZRsj72sNBnMqQ"]}]}},"_links":{"self":[{"href":"https:\/\/iconproducts.com\/it\/wp-json\/wp\/v2\/pages\/99883","targetHints":{"allow":["GET"]}}],"collection":[{"href":"https:\/\/iconproducts.com\/it\/wp-json\/wp\/v2\/pages"}],"about":[{"href":"https:\/\/iconproducts.com\/it\/wp-json\/wp\/v2\/types\/page"}],"author":[{"embeddable":true,"href":"https:\/\/iconproducts.com\/it\/wp-json\/wp\/v2\/users\/1"}],"replies":[{"embeddable":true,"href":"https:\/\/iconproducts.com\/it\/wp-json\/wp\/v2\/comments?post=99883"}],"version-history":[{"count":2,"href":"https:\/\/iconproducts.com\/it\/wp-json\/wp\/v2\/pages\/99883\/revisions"}],"predecessor-version":[{"id":111990,"href":"https:\/\/iconproducts.com\/it\/wp-json\/wp\/v2\/pages\/99883\/revisions\/111990"}],"wp:attachment":[{"href":"https:\/\/iconproducts.com\/it\/wp-json\/wp\/v2\/media?parent=99883"}],"wp:term":[{"taxonomy":"post_tag","embeddable":true,"href":"https:\/\/iconproducts.com\/it\/wp-json\/wp\/v2\/tags?post=99883"},{"taxonomy":"wf_page_folders","embeddable":true,"href":"https:\/\/iconproducts.com\/it\/wp-json\/wp\/v2\/wf_page_folders?post=99883"}],"curies":[{"name":"wp","href":"https:\/\/api.w.org\/{rel}","templated":true}]}}