{"id":5796,"date":"2018-09-21T08:19:57","date_gmt":"2018-09-21T08:19:57","guid":{"rendered":"https:\/\/iconproducts.com\/media\/?page_id=5796"},"modified":"2019-12-17T08:55:03","modified_gmt":"2019-12-17T08:55:03","slug":"politica-de-privacidad","status":"publish","type":"page","link":"https:\/\/iconproducts.com\/media\/politica-de-privacidad\/","title":{"rendered":"Pol\u00edtica de Privacidad"},"content":{"rendered":"<h3>Pol\u00edtica de Privacidad<\/h3>\n<p>&nbsp;<\/p>\n<p>El presente aviso legal recoge las condiciones generales que regulan el acceso y utilizaci\u00f3n del sitio web www.iconproducts.com , (en adelante, \u201cel sitio web\u201d o la \u201cp\u00e1gina web\u201d), que I.C.O.N. EUROPE, S.L. pone gratuitamente a disposici\u00f3n de los usuarios de internet.<\/p>\n<p>Para dar cumplimiento a lo establecido en la Ley 34\/2002, de 11 de julio, de servicios de la sociedad de la informaci\u00f3n y de comercio electr\u00f3nico, a continuaci\u00f3n, se indican los datos de titularidad del sitio web e informaci\u00f3n general.<\/p>\n<ul>\n<li>Denominaci\u00f3n social: ICON EUROPE, S.L. (en adelante, I.C.O.N.).<\/li>\n<li>Domicilio social: C\/ Alfonso XII 32, Bajo, CP 36800 &#8211; Redondela (Pontevedra)<\/li>\n<li>Sede operativa: Amor Ruibal 11, CP 36203 &#8211; Vigo (Pontevedra)<\/li>\n<li>CIF: B-36.404.085<\/li>\n<li>E-mail: rgpd@iconspain.com<\/li>\n<li>Tel\u00e9fono: (+34) 902 400 280<\/li>\n<\/ul>\n<h4>CONDICIONES GENERALES DEL SITIO WEB<\/h4>\n<p>El acceso y\/o uso del sitio web atribuye a quien lo realiza la condici\u00f3n de Usuario, aceptando, desde ese mismo momento, plenamente y sin reserva alguna, las presentes Condiciones Generales, as\u00ed como las Condiciones Particulares que, en su caso, complementen, modifiquen o sustituyan las Condiciones Generales en relaci\u00f3n con determinados servicios y contenidos del sitio web.<\/p>\n<p>El titular de este sitio web podr\u00e1 modificar unilateralmente y sin previo aviso, siempre que lo considere oportuno, la estructura y dise\u00f1o del sitio web, as\u00ed como modificar o eliminar, los servicios, los contenidos y las condiciones de acceso y\/o uso del mismo.<\/p>\n<p>A trav\u00e9s del sitio web www.iconproducts.com, I.C.O.N. ofrece a los Usuarios la posibilidad de conocer la empresa, sus productos y servicios. El presente aviso legal regula el acceso, navegaci\u00f3n y uso de la presente p\u00e1gina web.<\/p>\n<h4>POL\u00cdTICA DE PROTECCI\u00d3N DE DATOS<\/h4>\n<p>En su calidad de Usuario, I.C.O.N. le informa de su pol\u00edtica de protecci\u00f3n de datos de car\u00e1cter personal para que libre y voluntariamente pueda decidir facilitarnos, los datos personales que le podamos requerir para acceder a los distintos servicios y contenidos ofertados en nuestra p\u00e1gina web.<\/p>\n<p>Conforme a lo dispuesto en el Reglamento (UE) 679\/2016 del Parlamento y del Consejo de 27 de abril de 2016 relativo a la protecci\u00f3n de las personas f\u00edsicas en lo que respecta al tratamiento de datos personales y a la libre circulaci\u00f3n de esos datos (en adelante, el \u201cRGPD\u201d) y a la normativa de desarrollo que lo complementa, le informamos de los siguientes aspectos:<\/p>\n<h5>1. \u00bfQui\u00e9n es el responsable de sus datos?<\/h5>\n<p>ICON EUROPE, S.L., provista de CIF B-36.404.085, con domicilio en C\/ Alfonso XII 32, Bajo, CP 36800 &#8211; Redondela (Pontevedra).<\/p>\n<h5>2. \u00bfCon qu\u00e9 finalidad tratamos sus datos?<\/h5>\n<h6>CONSULTAS Y SOLICITUDES<\/h6>\n<p>Gestionar las consultas y solicitudes que a trav\u00e9s de cualquier formulario electr\u00f3nico disponible en el sitio web o, a trav\u00e9s de correo electr\u00f3nico, nos hagan los usuarios que visiten el sitio web. Las preguntas o campos incluidos en los formularios tienen car\u00e1cter voluntario salvo aquellas que contengan un asterisco (*) que son obligatorias. En el caso de no contestar o cumplimentar las preguntas o campos obligatorios, I.C.O.N. se reserva el derecho a no tramitar la consulta o solicitud.<\/p>\n<h6>ENV\u00cdO DE INFORMACI\u00d3N COMERCIAL<\/h6>\n<p>Solamente aquellos usuarios que expresamente lo acepten recibir\u00e1n correos electr\u00f3nicos con informaci\u00f3n de la empresa, sus productos y sus servicios. En cualquier momento, los interesados podr\u00e1n acceder a sus datos, y ejercer sus derechos de rectificaci\u00f3n, supresi\u00f3n y oposici\u00f3n.<\/p>\n<p>Los datos personales obtenidos ser\u00e1n tratados con las siguientes finalidades:<\/p>\n<ul>\n<li>Remitir electr\u00f3nicamente boletines con noticias relacionadas con nuestra actividad;<\/li>\n<li>Informar a los interesados de promociones y descuentos ofrecidos por I.C.O.N. a trav\u00e9s de diversos medios como, entre otros, correo electr\u00f3nico, o cualquier otro medio de comunicaci\u00f3n electr\u00f3nica equivalente, como SMS u otros sistemas de mensajer\u00eda, o a trav\u00e9s de la realizaci\u00f3n de llamadas telef\u00f3nicas.<\/li>\n<\/ul>\n<h5>3. \u00bfPor cu\u00e1nto tiempo trataremos sus datos personales?<\/h5>\n<p>Los datos proporcionados por los usuarios de la web a trav\u00e9s de formularios, cuestionarios o correo electr\u00f3nico s\u00f3lo se conservar\u00e1n el tiempo estrictamente necesario para atender la consulta o petici\u00f3n del interesado. Una vez atendida la consulta o petici\u00f3n los datos personales del usuario ser\u00e1n borrados, salvo que se entable con el usuario alguna relaci\u00f3n comercial, en cuyo caso sus datos ser\u00edan incorporados al fichero correspondiente de la entidad.<\/p>\n<p>Los datos proporcionados por aquellos usuarios del sitio web que se den de alta en el servicio de comunicaciones comerciales y promociones ser\u00e1n conservados el tiempo que dichos usuarios est\u00e9n dados de alta en el referido servicio. En cualquier momento el interesado podr\u00e1 oponerse al tratamiento de sus datos para el env\u00edo de informaci\u00f3n, promociones y comunicaciones comerciales por parte de I.C.O.N., d\u00e1ndose de baja con el env\u00edo de un correo electr\u00f3nico a la direcci\u00f3n rgpd@iconspain.com.<\/p>\n<h5>4. \u00bfCu\u00e1l es la legitimaci\u00f3n para el tratamiento de sus datos?<\/h5>\n<p>La base legal para el tratamiento de los datos de los usuarios del sitio web de I.C.O.N. supone el inter\u00e9s leg\u00edtimo que la entidad tiene a atender las consultas, peticiones de usuarios y potenciales clientes e informar a cualquier interesado sobre la empresa, sus productos y servicios.<\/p>\n<p>La base legal para el tratamiento de los datos de aquellos usuarios que soliciten expresamente el alta en el servicio de comunicaciones comerciales es el consentimiento del interesado.<\/p>\n<p>En aquellos casos que el tratamiento de datos est\u00e9 basado en el consentimiento, el interesado deber\u00e1 ser mayor de 16 a\u00f1os para que el mismo sea v\u00e1lido.<\/p>\n<h5>5.- Terceros que participan en el tratamiento de sus datos personales<\/h5>\n<p>Salvo obligaci\u00f3n legal, en ning\u00fan caso cederemos sus datos personales a otras personas o entidades sin su consentimiento previo.<\/p>\n<p>Adicionalmente, comunicaremos sus datos de car\u00e1cter personal indispensables a aquellas entidades que presten un servicio a la Sociedad en su calidad de encargados de tratamiento.<\/p>\n<h5>6. Derechos del interesado<\/h5>\n<ul>\n<li>Derecho a solicitar el acceso a sus datos personales: usted podr\u00e1 preguntar a I.C.O.N. si est\u00e1 tratando sus datos y qu\u00e9 datos trata.<\/li>\n<li>Derecho a solicitar la rectificaci\u00f3n de sus datos personales (si considera que son incorrectos) o su supresi\u00f3n (derecho al olvido).<\/li>\n<li>En determinadas circunstancias, derecho a limitar el tratamiento de sus datos personales, en cuyo caso \u00fanicamente ser\u00e1n conservados por la entidad para el ejercicio o la defensa de reclamaciones.<\/li>\n<li>En determinadas circunstancias y por motivos relacionados con su situaci\u00f3n particular, derecho a oponerse a su tratamiento: I.C.O.N. dejar\u00e1 de tratar sus datos personales en la forma que usted nos indique, salvo que por motivos leg\u00edtimos imperiosos o el ejercicio de acciones legales o la defensa en posibles reclamaciones sea necesario continuar el tratamiento.<\/li>\n<li>Derecho a la portabilidad de datos: derecho a recibir los datos personales que incumben al interesado y que haya tratado I.C.O.N. en un formato structurado, de uso com\u00fan y lectura mec\u00e1nica y transmitirlos a otro responsable del tratamiento.<\/li>\n<li>El interesado podr\u00e1 ejercitar estos derechos mediante el env\u00edo de un correo electr\u00f3nico a la direcci\u00f3n rgpd@iconspain.com, adjuntando copia del DNI o documento similar que lo identifique.<\/li>\n<li>Si el interesado no est\u00e1 de acuerdo con el modo en el que I.C.O.N. est\u00e1 tratando sus datos, puede dirigirse al Responsable de Tratamiento en la direcci\u00f3n postal o al correo electr\u00f3nico arriba indicados o, en su defecto, a la Autoridad de Control en materia de Protecci\u00f3n de Datos que en Espa\u00f1a es la Agencia Espa\u00f1ola de Protecci\u00f3n de Datos.<\/li>\n<\/ul>\n<h5>7. \u00bfC\u00f3mo hemos obtenido sus datos?<\/h5>\n<p>Los datos personales que tratamos de los usuarios del sitio web son aportados directamente por el interesado y son los imprescindibles para la gestionar la petici\u00f3n o consulta formulada a trav\u00e9s del cuestionario o formulario web.<\/p>\n<h6>Categor\u00edas de datos<\/h6>\n<ul>\n<li>Identificaci\u00f3n: nombre, apellidos<\/li>\n<li>Contacto: direcci\u00f3n postal, tel\u00e9fono, correo electr\u00f3nico<\/li>\n<\/ul>\n<p>En su caso, cuando el interesado lo haya consentido de forma expresa, los datos que trataremos para gestionar el env\u00edo de informaci\u00f3n comercial son los descritos a continuaci\u00f3n.<\/p>\n<h6>Categor\u00edas de datos<\/h6>\n<ul>\n<li>Identificaci\u00f3n: nombre, apellidos<\/li>\n<li>Contacto: direcci\u00f3n postal, tel\u00e9fono, correo electr\u00f3nico<\/li>\n<\/ul>\n<p>I.C.O.N. se reserva el derecho a modificar la presente pol\u00edtica de privacidad si as\u00ed lo estima conveniente, por ello le recomendamos revisar peri\u00f3dicamente la misma para estar correctamente informado, sin perjuicio de que le hagamos saber dicha modificaci\u00f3n a trav\u00e9s de la propia p\u00e1gina web o incluso a trav\u00e9s del env\u00edo de un correo electr\u00f3nico cuando el cambio sea significativo para con su privacidad.<\/p>\n<h4>PROPIEDAD INTELECTUAL E INDUSTRIAL<\/h4>\n<p>Todos los contenidos incluidos en el Sitio web y, en particular, las marcas, nombres comerciales, dise\u00f1os industriales, dise\u00f1os, textos, fotograf\u00edas, gr\u00e1ficos, logotipos, iconos, software y cualesquiera otros signos o elementos susceptibles de utilizaci\u00f3n industrial y\/o comercial est\u00e1n protegidos por los derechos de propiedad industrial e intelectual de los titulares del Sitio web o de terceros titulares de los mismos que han autorizado su inclusi\u00f3n en el sitio web. Queda, por lo tanto, expresamente prohibida cualquier utilizaci\u00f3n y\/o reproducci\u00f3n de tales marcas, nombres comerciales, dise\u00f1os industriales, dise\u00f1os, textos, fotograf\u00edas, gr\u00e1ficos, logotipos, iconos, software y dem\u00e1s signos o elementos susceptibles de utilizaci\u00f3n industrial y\/o comercial, sin el consentimiento expreso y por escrito de los titulares del sitio web.<\/p>\n<p>El titular del sitio web no ser\u00e1 responsable de la infracci\u00f3n de los derechos de propiedad intelectual o industrial correspondientes a terceros que pudiera derivarse de la inclusi\u00f3n en el sitio web de marcas, nombres comerciales, dise\u00f1os industriales, dise\u00f1os, textos, fotograf\u00edas, gr\u00e1ficos, logotipos, iconos, software y cualesquiera otros signos o elementos susceptibles de utilizaci\u00f3n industrial y\/o comercial pertenecientes a terceros que hayan declarado ser titulares de los mismos y autorizado su inclusi\u00f3n en el sitio web.<\/p>\n<p>En ning\u00fan caso se entender\u00e1 que el acceso al sitio web y la navegaci\u00f3n a trav\u00e9s del mismo del Usuario comportan renuncia, transmisi\u00f3n, o cesi\u00f3n total o parcial de los antes citados derechos por parte del titular del Sitio web o de los titulares correspondientes, ni la concesi\u00f3n de derecho, expectativa de derecho, o autorizaci\u00f3n alguna para alterar, transformar, explotar, reproducir, distribuir o comunicar p\u00fablicamente los contenidos incluidos en el sitio web, cuya alteraci\u00f3n, transformaci\u00f3n, explotaci\u00f3n, reproducci\u00f3n, distribuci\u00f3n o comunicaci\u00f3n p\u00fablica requerir\u00e1, en todo caso, de la previa y expresa autorizaci\u00f3n por escrito del titular del sitio web o de los titulares correspondientes.<\/p>\n<p>El titular del sitio web no ser\u00e1 responsable del contenido de las p\u00e1ginas web de destino que se establezcan mediante v\u00ednculos en el sitio web, ni tampoco de las infracciones de derechos de terceros en las que dichas p\u00e1ginas pudieran incurrir.<\/p>\n<p>El titular del sitio web no se hace responsable, en ning\u00fan caso, de los da\u00f1os y perjuicios de cualquier naturaleza que pudieran ocasionar, a t\u00edtulo enunciativo: errores u omisiones en los contenidos, falta de disponibilidad del sitio web, la correcta visualizaci\u00f3n, o la transmisi\u00f3n de virus o programas maliciosos o lesivos en los contenidos, a pesar de haber adoptado todas las medidas tecnol\u00f3gicas necesarias para evitarlo.<\/p>\n<h4>LEGISLACI\u00d3N APLICABLE<\/h4>\n<p>Las relaciones establecidas entre el Usuario y el titular del sitio web, se regir\u00e1n conforme a lo dispuesto en la legislaci\u00f3n espa\u00f1ola aplicable vigente y se someter\u00e1n a la jurisdicci\u00f3n de los Juzgados y Tribunales de Vigo.<\/p>\n<p style=\"text-align: right;\" align=\"right\"><em>En Vigo, a 31 de mayo de 2018<\/em><\/p>\n","protected":false},"excerpt":{"rendered":"<p>Pol\u00edtica de Privacidad &nbsp; El presente aviso legal recoge las condiciones generales que regulan el acceso y utilizaci\u00f3n del sitio web www.iconproducts.com , (en adelante, \u201cel sitio web\u201d o la \u201cp\u00e1gina web\u201d), que I.C.O.N. EUROPE, S.L. pone gratuitamente a disposici\u00f3n de los usuarios de internet. Para dar cumplimiento a lo establecido en la Ley 34\/2002,&#8230;<\/p>\n","protected":false},"author":11,"featured_media":0,"parent":0,"menu_order":0,"comment_status":"closed","ping_status":"closed","template":"","meta":{"_monsterinsights_skip_tracking":false,"_monsterinsights_sitenote_active":false,"_monsterinsights_sitenote_note":"","_monsterinsights_sitenote_category":0,"footnotes":""},"class_list":["post-5796","page","type-page","status-publish","hentry"],"yoast_head":"<!-- This site is optimized with the Yoast SEO plugin v24.2 - https:\/\/yoast.com\/wordpress\/plugins\/seo\/ -->\n<title>Pol\u00edtica de Privacidad | I.C.O.N. Media<\/title>\n<meta name=\"robots\" content=\"index, follow, max-snippet:-1, max-image-preview:large, max-video-preview:-1\" \/>\n<link rel=\"canonical\" href=\"https:\/\/iconproducts.com\/media\/politica-de-privacidad\/\" \/>\n<meta name=\"twitter:card\" content=\"summary_large_image\" \/>\n<meta name=\"twitter:title\" content=\"Pol\u00edtica de Privacidad | I.C.O.N. Media\" \/>\n<meta name=\"twitter:description\" content=\"Pol\u00edtica de Privacidad &nbsp; El presente aviso legal recoge las condiciones generales que regulan el acceso y utilizaci\u00f3n del sitio web www.iconproducts.com , (en adelante, \u201cel sitio web\u201d o la \u201cp\u00e1gina web\u201d), que I.C.O.N. EUROPE, S.L. pone gratuitamente a disposici\u00f3n de los usuarios de internet. Para dar cumplimiento a lo establecido en la Ley 34\/2002,...\" \/>\n<meta name=\"twitter:label1\" content=\"Tiempo de lectura\" \/>\n\t<meta name=\"twitter:data1\" content=\"10 minutos\" \/>\n<script type=\"application\/ld+json\" class=\"yoast-schema-graph\">{\"@context\":\"https:\/\/schema.org\",\"@graph\":[{\"@type\":\"WebPage\",\"@id\":\"https:\/\/iconproducts.com\/media\/politica-de-privacidad\/\",\"url\":\"https:\/\/iconproducts.com\/media\/politica-de-privacidad\/\",\"name\":\"Pol\u00edtica de Privacidad | I.C.O.N. Media\",\"isPartOf\":{\"@id\":\"https:\/\/iconproducts.com\/media\/#website\"},\"datePublished\":\"2018-09-21T08:19:57+00:00\",\"dateModified\":\"2019-12-17T08:55:03+00:00\",\"breadcrumb\":{\"@id\":\"https:\/\/iconproducts.com\/media\/politica-de-privacidad\/#breadcrumb\"},\"inLanguage\":\"es\",\"potentialAction\":[{\"@type\":\"ReadAction\",\"target\":[\"https:\/\/iconproducts.com\/media\/politica-de-privacidad\/\"]}]},{\"@type\":\"BreadcrumbList\",\"@id\":\"https:\/\/iconproducts.com\/media\/politica-de-privacidad\/#breadcrumb\",\"itemListElement\":[{\"@type\":\"ListItem\",\"position\":1,\"name\":\"I.C.O.N. Media\",\"item\":\"https:\/\/iconproducts.com\/media\/\"},{\"@type\":\"ListItem\",\"position\":2,\"name\":\"Pol\u00edtica de Privacidad\"}]},{\"@type\":\"WebSite\",\"@id\":\"https:\/\/iconproducts.com\/media\/#website\",\"url\":\"https:\/\/iconproducts.com\/media\/\",\"name\":\"I.C.O.N. Media\",\"description\":\" Todas las novedades de los productos I.C.O.N. en los medios de comunicaci\u00f3n \",\"publisher\":{\"@id\":\"https:\/\/iconproducts.com\/media\/#organization\"},\"potentialAction\":[{\"@type\":\"SearchAction\",\"target\":{\"@type\":\"EntryPoint\",\"urlTemplate\":\"https:\/\/iconproducts.com\/media\/?s={search_term_string}\"},\"query-input\":{\"@type\":\"PropertyValueSpecification\",\"valueRequired\":true,\"valueName\":\"search_term_string\"}}],\"inLanguage\":\"es\"},{\"@type\":\"Organization\",\"@id\":\"https:\/\/iconproducts.com\/media\/#organization\",\"name\":\"I.C.O.N. Products\",\"url\":\"https:\/\/iconproducts.com\/media\/\",\"logo\":{\"@type\":\"ImageObject\",\"inLanguage\":\"es\",\"@id\":\"https:\/\/iconproducts.com\/media\/#\/schema\/logo\/image\/\",\"url\":\"https:\/\/iconproducts.com\/media\/wp-content\/uploads\/2018\/05\/icon-products-media-logo.png\",\"contentUrl\":\"https:\/\/iconproducts.com\/media\/wp-content\/uploads\/2018\/05\/icon-products-media-logo.png\",\"width\":514,\"height\":208,\"caption\":\"I.C.O.N. Products\"},\"image\":{\"@id\":\"https:\/\/iconproducts.com\/media\/#\/schema\/logo\/image\/\"},\"sameAs\":[\"https:\/\/www.facebook.com\/iconproducts.spain\",\"https:\/\/www.instagram.com\/iconspain\/\",\"https:\/\/www.youtube.com\/user\/ICONproduct\"]}]}<\/script>\n<!-- \/ Yoast SEO plugin. -->","yoast_head_json":{"title":"Pol\u00edtica de Privacidad | I.C.O.N. Media","robots":{"index":"index","follow":"follow","max-snippet":"max-snippet:-1","max-image-preview":"max-image-preview:large","max-video-preview":"max-video-preview:-1"},"canonical":"https:\/\/iconproducts.com\/media\/politica-de-privacidad\/","twitter_card":"summary_large_image","twitter_title":"Pol\u00edtica de Privacidad | I.C.O.N. Media","twitter_description":"Pol\u00edtica de Privacidad &nbsp; El presente aviso legal recoge las condiciones generales que regulan el acceso y utilizaci\u00f3n del sitio web www.iconproducts.com , (en adelante, \u201cel sitio web\u201d o la \u201cp\u00e1gina web\u201d), que I.C.O.N. EUROPE, S.L. pone gratuitamente a disposici\u00f3n de los usuarios de internet. Para dar cumplimiento a lo establecido en la Ley 34\/2002,...","twitter_misc":{"Tiempo de lectura":"10 minutos"},"schema":{"@context":"https:\/\/schema.org","@graph":[{"@type":"WebPage","@id":"https:\/\/iconproducts.com\/media\/politica-de-privacidad\/","url":"https:\/\/iconproducts.com\/media\/politica-de-privacidad\/","name":"Pol\u00edtica de Privacidad | I.C.O.N. Media","isPartOf":{"@id":"https:\/\/iconproducts.com\/media\/#website"},"datePublished":"2018-09-21T08:19:57+00:00","dateModified":"2019-12-17T08:55:03+00:00","breadcrumb":{"@id":"https:\/\/iconproducts.com\/media\/politica-de-privacidad\/#breadcrumb"},"inLanguage":"es","potentialAction":[{"@type":"ReadAction","target":["https:\/\/iconproducts.com\/media\/politica-de-privacidad\/"]}]},{"@type":"BreadcrumbList","@id":"https:\/\/iconproducts.com\/media\/politica-de-privacidad\/#breadcrumb","itemListElement":[{"@type":"ListItem","position":1,"name":"I.C.O.N. Media","item":"https:\/\/iconproducts.com\/media\/"},{"@type":"ListItem","position":2,"name":"Pol\u00edtica de Privacidad"}]},{"@type":"WebSite","@id":"https:\/\/iconproducts.com\/media\/#website","url":"https:\/\/iconproducts.com\/media\/","name":"I.C.O.N. Media","description":" Todas las novedades de los productos I.C.O.N. en los medios de comunicaci\u00f3n ","publisher":{"@id":"https:\/\/iconproducts.com\/media\/#organization"},"potentialAction":[{"@type":"SearchAction","target":{"@type":"EntryPoint","urlTemplate":"https:\/\/iconproducts.com\/media\/?s={search_term_string}"},"query-input":{"@type":"PropertyValueSpecification","valueRequired":true,"valueName":"search_term_string"}}],"inLanguage":"es"},{"@type":"Organization","@id":"https:\/\/iconproducts.com\/media\/#organization","name":"I.C.O.N. Products","url":"https:\/\/iconproducts.com\/media\/","logo":{"@type":"ImageObject","inLanguage":"es","@id":"https:\/\/iconproducts.com\/media\/#\/schema\/logo\/image\/","url":"https:\/\/iconproducts.com\/media\/wp-content\/uploads\/2018\/05\/icon-products-media-logo.png","contentUrl":"https:\/\/iconproducts.com\/media\/wp-content\/uploads\/2018\/05\/icon-products-media-logo.png","width":514,"height":208,"caption":"I.C.O.N. Products"},"image":{"@id":"https:\/\/iconproducts.com\/media\/#\/schema\/logo\/image\/"},"sameAs":["https:\/\/www.facebook.com\/iconproducts.spain","https:\/\/www.instagram.com\/iconspain\/","https:\/\/www.youtube.com\/user\/ICONproduct"]}]}},"_links":{"self":[{"href":"https:\/\/iconproducts.com\/media\/wp-json\/wp\/v2\/pages\/5796","targetHints":{"allow":["GET"]}}],"collection":[{"href":"https:\/\/iconproducts.com\/media\/wp-json\/wp\/v2\/pages"}],"about":[{"href":"https:\/\/iconproducts.com\/media\/wp-json\/wp\/v2\/types\/page"}],"author":[{"embeddable":true,"href":"https:\/\/iconproducts.com\/media\/wp-json\/wp\/v2\/users\/11"}],"replies":[{"embeddable":true,"href":"https:\/\/iconproducts.com\/media\/wp-json\/wp\/v2\/comments?post=5796"}],"version-history":[{"count":1,"href":"https:\/\/iconproducts.com\/media\/wp-json\/wp\/v2\/pages\/5796\/revisions"}],"predecessor-version":[{"id":5797,"href":"https:\/\/iconproducts.com\/media\/wp-json\/wp\/v2\/pages\/5796\/revisions\/5797"}],"wp:attachment":[{"href":"https:\/\/iconproducts.com\/media\/wp-json\/wp\/v2\/media?parent=5796"}],"curies":[{"name":"wp","href":"https:\/\/api.w.org\/{rel}","templated":true}]}}