{"id":5798,"date":"2018-09-21T08:20:29","date_gmt":"2018-09-21T08:20:29","guid":{"rendered":"https:\/\/iconproducts.com\/media\/?page_id=5798"},"modified":"2019-12-19T09:18:27","modified_gmt":"2019-12-19T09:18:27","slug":"politica-de-cookies","status":"publish","type":"page","link":"https:\/\/iconproducts.com\/media\/politica-de-cookies\/","title":{"rendered":"Pol\u00edtica de Cookies"},"content":{"rendered":"<h3>Pol\u00edtica de Cookies<\/h3>\n<p>&nbsp;<\/p>\n<p>Esta p\u00e1gina web utiliza cookies que son peque\u00f1os archivos que guardan tus preferencias de navegaci\u00f3n, idioma preferido o el carrito de la compra, de manera que en sucesivas visitas tus preferencias se aplican de forma m\u00e1s sencilla e inmediata. Utilizamos cookies propias y de terceros, si contin\u00faas navegando, consideramos que aceptas su uso.<\/p>\n<p>Si quieres saber c\u00f3mo configurar las cookies en tu navegador, puedes obtener la informaci\u00f3n en los siguientes enlaces:<\/p>\n<ul>\n<li><a class=\"enlace\" href=\"https:\/\/support.google.com\/chrome\/?hl=es&amp;amp;answer=95647#topic=3227046\" target=\"_blank\" rel=\"noopener noreferrer\">Chrome<\/a><\/li>\n<li><a class=\"enlace\" href=\"https:\/\/support.google.com\/chrome\/?hl=es&amp;amp;answer=95647#topic=3227046\" target=\"_blank\" rel=\"noopener noreferrer\">Explorer<\/a><\/li>\n<li><a class=\"enlace\" href=\"https:\/\/support.mozilla.org\/es\/kb\/habilitar-y-deshabilitar-cookies-sitios-web-rastrear-preferencias?redirectlocale=es&amp;redirectslug=habilitar-y-deshabilitar-cookies-que-los-sitios-we\" target=\"_blank\" rel=\"noopener noreferrer\">Firefox<\/a><\/li>\n<li><a class=\"enlace\" href=\"https:\/\/support.apple.com\/kb\/ph5042?locale=es_ES\" target=\"_blank\" rel=\"noopener noreferrer\">Safari<\/a><\/li>\n<\/ul>\n<h4>Cookies y Privacidad<\/h4>\n<p>Para la utilizaci\u00f3n de nuestro sitio web es necesario la utilizaci\u00f3n de cookies. Las cookies se utilizan con la finalidad de facilitar la navegaci\u00f3n a los usuarios. Ning\u00fan dato de car\u00e1cter personal del usuario se almacenar\u00e1. Si usted lo desea puede configurar su navegador para ser avisado en pantalla de la recepci\u00f3n de cookies y para impedir la instalaci\u00f3n de cookies en su disco duro. Por favor, consulte las instrucciones y manuales de su navegador para ampliar esta informaci\u00f3n.<\/p>\n<h4>Condiciones del servicio Google Analytics<\/h4>\n<p>Esta p\u00e1gina web utiliza Google Analytics, un servicio anal\u00edtico de web prestado por Google, Inc., una compa\u00f1\u00eda de Delaware cuya oficina principal est\u00e1 en 1600 Amphitheatre Parkway, Mountain View (California), CA 94043, Estados Unidos (\u2018Google\u2019). Google Analytics utiliza \u2018cookies\u2019, que son archivos de texto ubicados en su ordenador, para ayudar al sitio web a analizar el uso que hacen los usuarios del sitio web.<\/p>\n<p>La informaci\u00f3n que genera la cookie acerca de su uso del sitio web (incluyendo su direcci\u00f3n IP) ser\u00e1 directamente transmitida y archivada por Google en los servidores de Estados Unidos. Google usar\u00e1 esta informaci\u00f3n por cuenta nuestra con el prop\u00f3sito de seguir la pista de su uso del sitio web, recopilando informes de la actividad del sitio web y prestando otros servicios relacionados con la actividad del sitio web y el uso de Internet. Google podr\u00e1 transmitir dicha informaci\u00f3n a terceros cuando as\u00ed se lo requiera la legislaci\u00f3n, o cuando dichos terceros procesen la informaci\u00f3n por cuenta de Google. Google no asociar\u00e1 su direcci\u00f3n IP con ning\u00fan otro dato del que disponga Google.<\/p>\n<p>Puede Usted rechazar el tratamiento de los datos o la informaci\u00f3n rechazando el uso de cookies mediante la selecci\u00f3n de la configuraci\u00f3n apropiada de su navegador, sin embargo, debe Usted saber que si lo hace puede ser que no pueda usar la plena funcionabilidad de esta p\u00e1gina web.<\/p>\n<p>Al utilizar este sitio web Usted consiente el tratamiento de informaci\u00f3n acerca de Usted por Google en la forma y para los fines arriba indicados.<\/p>\n","protected":false},"excerpt":{"rendered":"<p>Pol\u00edtica de Cookies &nbsp; Esta p\u00e1gina web utiliza cookies que son peque\u00f1os archivos que guardan tus preferencias de navegaci\u00f3n, idioma preferido o el carrito de la compra, de manera que en sucesivas visitas tus preferencias se aplican de forma m\u00e1s sencilla e inmediata. Utilizamos cookies propias y de terceros, si contin\u00faas navegando, consideramos que aceptas&#8230;<\/p>\n","protected":false},"author":11,"featured_media":0,"parent":0,"menu_order":0,"comment_status":"closed","ping_status":"closed","template":"","meta":{"_monsterinsights_skip_tracking":false,"_monsterinsights_sitenote_active":false,"_monsterinsights_sitenote_note":"","_monsterinsights_sitenote_category":0,"footnotes":""},"class_list":["post-5798","page","type-page","status-publish","hentry"],"yoast_head":"<!-- This site is optimized with the Yoast SEO plugin v24.2 - https:\/\/yoast.com\/wordpress\/plugins\/seo\/ -->\n<title>Pol\u00edtica de Cookies | I.C.O.N. Media<\/title>\n<meta name=\"robots\" content=\"index, follow, max-snippet:-1, max-image-preview:large, max-video-preview:-1\" \/>\n<link rel=\"canonical\" href=\"https:\/\/iconproducts.com\/media\/politica-de-cookies\/\" \/>\n<meta name=\"twitter:card\" content=\"summary_large_image\" \/>\n<meta name=\"twitter:title\" content=\"Pol\u00edtica de Cookies | I.C.O.N. Media\" \/>\n<meta name=\"twitter:description\" content=\"Pol\u00edtica de Cookies &nbsp; Esta p\u00e1gina web utiliza cookies que son peque\u00f1os archivos que guardan tus preferencias de navegaci\u00f3n, idioma preferido o el carrito de la compra, de manera que en sucesivas visitas tus preferencias se aplican de forma m\u00e1s sencilla e inmediata. Utilizamos cookies propias y de terceros, si contin\u00faas navegando, consideramos que aceptas...\" \/>\n<meta name=\"twitter:label1\" content=\"Tiempo de lectura\" \/>\n\t<meta name=\"twitter:data1\" content=\"2 minutos\" \/>\n<script type=\"application\/ld+json\" class=\"yoast-schema-graph\">{\"@context\":\"https:\/\/schema.org\",\"@graph\":[{\"@type\":\"WebPage\",\"@id\":\"https:\/\/iconproducts.com\/media\/politica-de-cookies\/\",\"url\":\"https:\/\/iconproducts.com\/media\/politica-de-cookies\/\",\"name\":\"Pol\u00edtica de Cookies | I.C.O.N. Media\",\"isPartOf\":{\"@id\":\"https:\/\/iconproducts.com\/media\/#website\"},\"datePublished\":\"2018-09-21T08:20:29+00:00\",\"dateModified\":\"2019-12-19T09:18:27+00:00\",\"breadcrumb\":{\"@id\":\"https:\/\/iconproducts.com\/media\/politica-de-cookies\/#breadcrumb\"},\"inLanguage\":\"es\",\"potentialAction\":[{\"@type\":\"ReadAction\",\"target\":[\"https:\/\/iconproducts.com\/media\/politica-de-cookies\/\"]}]},{\"@type\":\"BreadcrumbList\",\"@id\":\"https:\/\/iconproducts.com\/media\/politica-de-cookies\/#breadcrumb\",\"itemListElement\":[{\"@type\":\"ListItem\",\"position\":1,\"name\":\"I.C.O.N. Media\",\"item\":\"https:\/\/iconproducts.com\/media\/\"},{\"@type\":\"ListItem\",\"position\":2,\"name\":\"Pol\u00edtica de Cookies\"}]},{\"@type\":\"WebSite\",\"@id\":\"https:\/\/iconproducts.com\/media\/#website\",\"url\":\"https:\/\/iconproducts.com\/media\/\",\"name\":\"I.C.O.N. Media\",\"description\":\" Todas las novedades de los productos I.C.O.N. en los medios de comunicaci\u00f3n \",\"publisher\":{\"@id\":\"https:\/\/iconproducts.com\/media\/#organization\"},\"potentialAction\":[{\"@type\":\"SearchAction\",\"target\":{\"@type\":\"EntryPoint\",\"urlTemplate\":\"https:\/\/iconproducts.com\/media\/?s={search_term_string}\"},\"query-input\":{\"@type\":\"PropertyValueSpecification\",\"valueRequired\":true,\"valueName\":\"search_term_string\"}}],\"inLanguage\":\"es\"},{\"@type\":\"Organization\",\"@id\":\"https:\/\/iconproducts.com\/media\/#organization\",\"name\":\"I.C.O.N. Products\",\"url\":\"https:\/\/iconproducts.com\/media\/\",\"logo\":{\"@type\":\"ImageObject\",\"inLanguage\":\"es\",\"@id\":\"https:\/\/iconproducts.com\/media\/#\/schema\/logo\/image\/\",\"url\":\"https:\/\/iconproducts.com\/media\/wp-content\/uploads\/2018\/05\/icon-products-media-logo.png\",\"contentUrl\":\"https:\/\/iconproducts.com\/media\/wp-content\/uploads\/2018\/05\/icon-products-media-logo.png\",\"width\":514,\"height\":208,\"caption\":\"I.C.O.N. Products\"},\"image\":{\"@id\":\"https:\/\/iconproducts.com\/media\/#\/schema\/logo\/image\/\"},\"sameAs\":[\"https:\/\/www.facebook.com\/iconproducts.spain\",\"https:\/\/www.instagram.com\/iconspain\/\",\"https:\/\/www.youtube.com\/user\/ICONproduct\"]}]}<\/script>\n<!-- \/ Yoast SEO plugin. -->","yoast_head_json":{"title":"Pol\u00edtica de Cookies | I.C.O.N. Media","robots":{"index":"index","follow":"follow","max-snippet":"max-snippet:-1","max-image-preview":"max-image-preview:large","max-video-preview":"max-video-preview:-1"},"canonical":"https:\/\/iconproducts.com\/media\/politica-de-cookies\/","twitter_card":"summary_large_image","twitter_title":"Pol\u00edtica de Cookies | I.C.O.N. Media","twitter_description":"Pol\u00edtica de Cookies &nbsp; Esta p\u00e1gina web utiliza cookies que son peque\u00f1os archivos que guardan tus preferencias de navegaci\u00f3n, idioma preferido o el carrito de la compra, de manera que en sucesivas visitas tus preferencias se aplican de forma m\u00e1s sencilla e inmediata. Utilizamos cookies propias y de terceros, si contin\u00faas navegando, consideramos que aceptas...","twitter_misc":{"Tiempo de lectura":"2 minutos"},"schema":{"@context":"https:\/\/schema.org","@graph":[{"@type":"WebPage","@id":"https:\/\/iconproducts.com\/media\/politica-de-cookies\/","url":"https:\/\/iconproducts.com\/media\/politica-de-cookies\/","name":"Pol\u00edtica de Cookies | I.C.O.N. Media","isPartOf":{"@id":"https:\/\/iconproducts.com\/media\/#website"},"datePublished":"2018-09-21T08:20:29+00:00","dateModified":"2019-12-19T09:18:27+00:00","breadcrumb":{"@id":"https:\/\/iconproducts.com\/media\/politica-de-cookies\/#breadcrumb"},"inLanguage":"es","potentialAction":[{"@type":"ReadAction","target":["https:\/\/iconproducts.com\/media\/politica-de-cookies\/"]}]},{"@type":"BreadcrumbList","@id":"https:\/\/iconproducts.com\/media\/politica-de-cookies\/#breadcrumb","itemListElement":[{"@type":"ListItem","position":1,"name":"I.C.O.N. Media","item":"https:\/\/iconproducts.com\/media\/"},{"@type":"ListItem","position":2,"name":"Pol\u00edtica de Cookies"}]},{"@type":"WebSite","@id":"https:\/\/iconproducts.com\/media\/#website","url":"https:\/\/iconproducts.com\/media\/","name":"I.C.O.N. Media","description":" Todas las novedades de los productos I.C.O.N. en los medios de comunicaci\u00f3n ","publisher":{"@id":"https:\/\/iconproducts.com\/media\/#organization"},"potentialAction":[{"@type":"SearchAction","target":{"@type":"EntryPoint","urlTemplate":"https:\/\/iconproducts.com\/media\/?s={search_term_string}"},"query-input":{"@type":"PropertyValueSpecification","valueRequired":true,"valueName":"search_term_string"}}],"inLanguage":"es"},{"@type":"Organization","@id":"https:\/\/iconproducts.com\/media\/#organization","name":"I.C.O.N. Products","url":"https:\/\/iconproducts.com\/media\/","logo":{"@type":"ImageObject","inLanguage":"es","@id":"https:\/\/iconproducts.com\/media\/#\/schema\/logo\/image\/","url":"https:\/\/iconproducts.com\/media\/wp-content\/uploads\/2018\/05\/icon-products-media-logo.png","contentUrl":"https:\/\/iconproducts.com\/media\/wp-content\/uploads\/2018\/05\/icon-products-media-logo.png","width":514,"height":208,"caption":"I.C.O.N. Products"},"image":{"@id":"https:\/\/iconproducts.com\/media\/#\/schema\/logo\/image\/"},"sameAs":["https:\/\/www.facebook.com\/iconproducts.spain","https:\/\/www.instagram.com\/iconspain\/","https:\/\/www.youtube.com\/user\/ICONproduct"]}]}},"_links":{"self":[{"href":"https:\/\/iconproducts.com\/media\/wp-json\/wp\/v2\/pages\/5798","targetHints":{"allow":["GET"]}}],"collection":[{"href":"https:\/\/iconproducts.com\/media\/wp-json\/wp\/v2\/pages"}],"about":[{"href":"https:\/\/iconproducts.com\/media\/wp-json\/wp\/v2\/types\/page"}],"author":[{"embeddable":true,"href":"https:\/\/iconproducts.com\/media\/wp-json\/wp\/v2\/users\/11"}],"replies":[{"embeddable":true,"href":"https:\/\/iconproducts.com\/media\/wp-json\/wp\/v2\/comments?post=5798"}],"version-history":[{"count":3,"href":"https:\/\/iconproducts.com\/media\/wp-json\/wp\/v2\/pages\/5798\/revisions"}],"predecessor-version":[{"id":7692,"href":"https:\/\/iconproducts.com\/media\/wp-json\/wp\/v2\/pages\/5798\/revisions\/7692"}],"wp:attachment":[{"href":"https:\/\/iconproducts.com\/media\/wp-json\/wp\/v2\/media?parent=5798"}],"curies":[{"name":"wp","href":"https:\/\/api.w.org\/{rel}","templated":true}]}}